{"id":6733,"date":"2025-01-09T11:36:07","date_gmt":"2025-01-09T11:36:07","guid":{"rendered":"https:\/\/nuevo-renacer.com\/?page_id=6733"},"modified":"2025-01-09T11:36:07","modified_gmt":"2025-01-09T11:36:07","slug":"william-thomas-stead","status":"publish","type":"page","link":"https:\/\/nuevo-renacer.com\/de\/william-thomas-stead\/","title":{"rendered":"William Thomas Stead"},"content":{"rendered":"<div class=\"wp-block-uagb-container uagb-block-11104380 alignfull uagb-is-root-container\"><div class=\"uagb-container-inner-blocks-wrap\">\n<p class=\"has-black-color has-text-color has-link-color has-medium-font-size wp-elements-67adbae2dd2d7a5cf722d308f7cdd436\"><strong>William Thomas Stead<\/strong><\/p>\n<\/div><\/div>\n\n\n\n<div class=\"wp-block-uagb-container uagb-block-9e92838f alignfull uagb-is-root-container\"><div class=\"uagb-container-inner-blocks-wrap\">\n<figure class=\"wp-block-image size-large is-resized\"><img fetchpriority=\"high\" decoding=\"async\" width=\"722\" height=\"1024\" src=\"https:\/\/nuevo-renacer.com\/wp-content\/uploads\/2025\/01\/William-Thomas-Stead-1890-722x1024.webp\" alt=\"\" class=\"wp-image-6734\" style=\"width:261px;height:auto\" srcset=\"https:\/\/nuevo-renacer.com\/wp-content\/uploads\/2025\/01\/William-Thomas-Stead-1890-722x1024.webp 722w, https:\/\/nuevo-renacer.com\/wp-content\/uploads\/2025\/01\/William-Thomas-Stead-1890-212x300.webp 212w, https:\/\/nuevo-renacer.com\/wp-content\/uploads\/2025\/01\/William-Thomas-Stead-1890-768x1089.webp 768w, https:\/\/nuevo-renacer.com\/wp-content\/uploads\/2025\/01\/William-Thomas-Stead-1890-1083x1536.webp 1083w, https:\/\/nuevo-renacer.com\/wp-content\/uploads\/2025\/01\/William-Thomas-Stead-1890-8x12.webp 8w, https:\/\/nuevo-renacer.com\/wp-content\/uploads\/2025\/01\/William-Thomas-Stead-1890.webp 1128w\" sizes=\"(max-width: 722px) 100vw, 722px\" \/><\/figure>\n<\/div><\/div>\n\n\n\n<div class=\"wp-block-uagb-container uagb-block-5d3d467b alignfull uagb-is-root-container\"><div class=\"uagb-container-inner-blocks-wrap\">\n<p class=\"has-black-color has-text-color has-link-color has-small-font-size wp-elements-0f1c38ef7d2eaeecf10ad9fb764a5757\">Geboren in Embleton, Nothumberland, England, am 5. Juli 1849 und tragisch desinkarniert in der Katastrophe mit dem Transatlantik Titanic, in der Nacht vom 14. auf 15. April 1912.<\/p>\n\n\n\n<p class=\"has-black-color has-text-color has-link-color has-small-font-size wp-elements-c4e105b9f352bdf93b8c6ae86cb3a588\">Anfang der 1910er Jahre gab es keine Berichte \u00fcber die gro\u00dfen Ereignisse. Ein bemerkenswerter Journalist, William Thomas Stead, hatte die gl\u00fcckliche Idee, diese Art der Werbung zu initiieren, die in England gro\u00dfe Resonanz fand.<\/p>\n\n\n\n<p class=\"has-black-color has-text-color has-link-color has-small-font-size wp-elements-db11137c4fe2f1fc2edcbccf0ce76bc2\">Anl\u00e4sslich des Starts der Titanic, dem gr\u00f6\u00dften Schiff der Welt, das aufgrund der darin eingef\u00fchrten Innovationen und des Konstruktionssystems als unsinkbar galt, wurde dieser ber\u00fchmte Pressesprecher eingeladen, um \u00fcber seine Er\u00f6ffnungsreise zu berichten, Berichterstattung \u00fcber alles, was an Bord geschah.<\/p>\n\n\n\n<p class=\"has-black-color has-text-color has-link-color has-small-font-size wp-elements-82c7938272c798663e9323973610506d\">Es geschah jedoch, dass das Schiff in einen riesigen Eisberg zusammensto\u00df und bei einem vom Kommandanten angeordneten Rettungsversuch eine gro\u00dfe Spalte in seinem Rumpf \u00f6ffnete, was zu seinem Untergang in der Nacht vom 14. auf den 15. April 1912 f\u00fchrte.<\/p>\n\n\n\n<p class=\"has-black-color has-text-color has-link-color has-small-font-size wp-elements-e5794f5ee1b76552aee5e6fc384d2f3a\">Unter den 1503 Opfern war William Thomas Stead. Das ungl\u00fcckliche Ereignis erf\u00fcllte die Welt mit Best\u00fcrzung und der Spiritismus wurde des wertvollen Beitrags eines prominenten Pressesprechers beraubt, ein Mann, der sich sehr daf\u00fcr eingesetzt hatte, die gro\u00dfen Wahrheiten zu verbreiten, die er in seinen Forschungsarbeiten auf dem Gebiet der mediumnischen Ph\u00e4nomenologie festgestellt hatte.<\/p>\n\n\n\n<p class=\"has-black-color has-text-color has-link-color has-small-font-size wp-elements-c9e23842a6bb4c8f0b91163c14853538\">Der ber\u00fchmte englische Journalist, Schriftsteller und Publizist William Thomas Stead hat sich schon sehr fr\u00fch dieser Karriere verschrieben.<\/p>\n\n\n\n<p class=\"has-black-color has-text-color has-link-color has-small-font-size wp-elements-ffbd8317705bd75cfad7e701a28f0b2b\">Im Jahr 1871 leitete er die Norhern Echo der Stadt Darlington und in den Jahren 1883 bis 1889 leitete er die Pall Mall Gazette.<\/p>\n\n\n\n<p class=\"has-black-color has-text-color has-link-color has-small-font-size wp-elements-0ba8b679d6292682a6c778f37eb29869\">Im Jahr 1890 gr\u00fcndete er die Review of Rewies und in 1893 und 1894 lancierte er zahlreiche Zeitschriften des gleichen Genres, in den Vereinigten Staaten und in Australien.<\/p>\n\n\n\n<p class=\"has-black-color has-text-color has-link-color has-small-font-size wp-elements-f26ca5450020112a2800be7a8dc195ec\">Von 1893 bis 1897 leitete er das spiritualistische Organ Borderland.<\/p>\n\n\n\n<p class=\"has-black-color has-text-color has-link-color has-small-font-size wp-elements-d34a8befca16c99bc8fb5c35f9bc3452\">Im Jahr 1898 besuchte er Russland, wo er vom Zar empfangen wurde da er sich intensiv f\u00fcr den Weltfrieden einsetzte, ein Ideal, das er mit aller Begeisterung durch das geschriebene und gesprochene Wort verteidigte.<\/p>\n\n\n\n<p class=\"has-black-color has-text-color has-link-color has-small-font-size wp-elements-f70c542a62ea6566ac0abf2ee1b60745\">Im Laufe der Friedenskonferenz, die 1899 in Den Haag abgehalten wurde, hatte Stead die Gelegenheit, diese Stadt zu besuchen und begann kurz darauf in England, unerbittliche Kampagnen gegen den s\u00fcdafrikanischen Krieg. Als Folge davon hat er viele Feindschaften angezogen.<\/p>\n\n\n\n<p class=\"has-black-color has-text-color has-link-color has-small-font-size wp-elements-f8e9ee6461a40554f63015f6e32ddd87\">Er arbeitete hart und mutig f\u00fcr einen Vertrag zwischen Deutschland und England, pl\u00e4dierte f\u00fcr eine zweite Friedenskonferenz, die sp\u00e4ter in Den Haag, Niederlande, abgehalten wurde, wo er als Korrespondent die Friedenskonferenz herausgab..<\/p>\n\n\n\n<p class=\"has-black-color has-text-color has-link-color has-small-font-size wp-elements-6eb361b31e20c57dc1596a197607fa9c\">Es war bemerkenswert, wie leicht er seine Artikel schrieb, die immer sensationell waren.<\/p>\n\n\n\n<p class=\"has-black-color has-text-color has-link-color has-small-font-size wp-elements-b085ef073cc5dac23f3389a1515c5ddf\">In seinen B\u00fcchern kann man die Lebendigkeit und den Eifer sehen, mit dem er die Themen behandelte, die er ansprechen wollte: Die Wahrheit \u00fcber Russland (1888), Wenn Christus nach Chicago k\u00e4me (1893), Der Krieg der Arbeit in Amerika (1894), Die unsichtbare Welt des Satans (1897), Die Vereinigten Staaten von Europa (1899), Studien \u00fcber Frau Dr. Maria Schmitz. Booth (1900), Die Amerikanisierung der Welt (1902).<\/p>\n\n\n\n<p class=\"has-black-color has-text-color has-link-color has-small-font-size wp-elements-fb9be1ab180e7e6ec29d668ba62dc25e\">Der K\u00f6nig der Journalisten. Und mehr als das - der Kaiser, war der lobende Titel, den er in Paris im Januar 1907 erhalten hat, vier Monate vor der ber\u00fchmten Konferenz von Den Haag.<\/p>\n\n\n\n<p class=\"has-black-color has-text-color has-link-color has-small-font-size wp-elements-bc8e73b834d2945bfbe76ad943c51853\">Als er am H\u00f6hepunkt seiner Karriere als Schriftsteller und Journalist war, einige Jahre vor seiner Desinkarnation, lie\u00df er England und die wissenschaftliche Welt voller Bewunderung mit seinem Bekenntnis, dass er von der Existenz der Geisterwelt voll \u00fcberzeugt war, Aufgrund der Tatsache, dass er durch seine eigene Medialit\u00e4t eine Reihe von spiritistischen Mitteilungen erhalten hat, die dem Geist Julia zugeschrieben werden und sp\u00e4ter in einem Buch ver\u00f6ffentlicht wurden, das gro\u00dfe Resonanz erlangte, genannt Briefe von Julia.<\/p>\n\n\n\n<p class=\"has-black-color has-text-color has-link-color has-small-font-size wp-elements-85b748d7e4b03411cb4255b9aea8eeba\">Darin stand: Die Briefe von Julia wurden von mir selbst empfangen. Allein, sitzend und ruhig, legte ich meine rechte Hand, in der ich eine Feder hatte, stellte ich Julia bewusst meine rechte Hand, in der ich einen Stift hatte, zur Verf\u00fcgung und beobachtete mit gro\u00dfem Interesse alles, was sie schrieb. Ich kann zugeben, wie meine Kritiker behaupten, dass die Briefe von Julia einfach von meinem unbewussten Selbst geschrieben wurden, das w\u00fcrde die Wahrheit nicht mindern, noch w\u00fcrde es die Kraft dieses beredten und bewegenden Beweises zugunsten des h\u00f6heren Lebens verringern. Wie ich w\u00fcnschte, mein bewusstes Selbst k\u00f6nnte so gut schreiben!<\/p>\n\n\n\n<p class=\"has-black-color has-text-color has-link-color has-small-font-size wp-elements-bd30e5d79c9cf7b10526f9ffec26fdd8\">Im Jahr 1895 antwortete er auf eine Frage des Morning Advertiser aus New York, der ihn fragte, warum er an die Unsterblichkeit glaubte: Nur der Ewige kann die Unsterblichkeit best\u00e4tigen oder leugnen. Wenn ich dich richtig verstehe, dann geht es nicht um die Unsterblichkeit der Seele, sondern um das Fortbestehen des individuellen Wesens nach der Aufl\u00f6sung des K\u00f6rpers, durch den sich dieses Wesen w\u00e4hrend seines irdischen Lebens manifestierte. Da ist eine viel einfachere Frage, auf die ich ohne zu z\u00f6gern und ohne Angst antworten kann. Es w\u00e4re nicht wahr, wenn ich sagen w\u00fcrde, dass ich an die Persistenz des Individuums nach dem Tod glaube, weil ich die sogenannten spiritistischen Ph\u00e4nomene beobachtet habe. Ich habe diese Tatsache schon lange akzeptiert. Dann unterwerfe ich meinen Glauben dem Test einer experimentellen Demonstration. Und wenn er jemals gesagt hat: ich glaube, heute sage ich, ich wei\u00df. Gibt es keinen gro\u00dfen Unterschied?<\/p>\n\n\n\n<p class=\"has-black-color has-text-color has-link-color has-small-font-size wp-elements-c4282b2ce5931710b24429b602fe7987\">William Thomas Stead war ein guter Freund des gro\u00dfen Ruy Barbosa.<\/p>\n\n\n\n<p class=\"has-black-color has-text-color has-link-color has-small-font-size wp-elements-846a72d465e96e7bf8b121b0de7335cb\">Es wird gesagt, dass in der Nacht des Schiffbruchs der Titanic die Verwandten dieses gro\u00dfen brasilianischen Politikers, die sich in einer medialen Experimentiersitzung in Po\u00e7os de Caldas versammelt hatten, die Information erhielten, dass der ber\u00fchmte Journalist Nachricht, die Ruy mit \u00dcberraschung und ganz nat\u00fcrlich erhielt, als eines der Mitglieder seiner Familie es ihm mitteilte.<\/p>\n\n\n\n<p class=\"has-black-color has-text-color has-link-color has-small-font-size wp-elements-69d4bce1b646305062b7b0869839f928\">Der alte Politiker erkannte in der Botschaft \u00fcberraschend den Stil von Stead.<\/p>\n<\/div><\/div>\n\n\n\n<div class=\"wp-block-uagb-container uagb-block-fe452de9 alignfull uagb-is-root-container\"><div class=\"uagb-container-inner-blocks-wrap\"><\/div><\/div>\n\n\n\n<div class=\"wp-block-uagb-container uagb-block-e4036ab5 alignfull uagb-is-root-container\"><div class=\"uagb-container-inner-blocks-wrap\"><\/div><\/div>","protected":false},"excerpt":{"rendered":"<p>William Thomas Stead Nacido en Embleton, Nothumberland, Inglaterra, el 5 de julio de 1849, y tr\u00e1gicamente desencarnado en la cat\u00e1strofe ocurrida con el transatl\u00e1ntico Titanic, en la noche del 14 al 15 de abril de 1912. A principios de la d\u00e9cada de 1910, no se hac\u00edan reportajes en ocasi\u00f3n de los grandes acontecimientos. Un notable [&hellip;]<\/p>","protected":false},"author":1,"featured_media":0,"parent":0,"menu_order":0,"comment_status":"closed","ping_status":"closed","template":"","meta":{"_uag_custom_page_level_css":"","site-sidebar-layout":"default","site-content-layout":"","ast-site-content-layout":"default","site-content-style":"default","site-sidebar-style":"default","ast-global-header-display":"","ast-banner-title-visibility":"","ast-main-header-display":"","ast-hfb-above-header-display":"","ast-hfb-below-header-display":"","ast-hfb-mobile-header-display":"","site-post-title":"disabled","ast-breadcrumbs-content":"","ast-featured-img":"","footer-sml-layout":"","theme-transparent-header-meta":"","adv-header-id-meta":"","stick-header-meta":"","header-above-stick-meta":"","header-main-stick-meta":"","header-below-stick-meta":"","astra-migrate-meta-layouts":"set","ast-page-background-enabled":"default","ast-page-background-meta":{"desktop":{"background-color":"var(--ast-global-color-4)","background-image":"","background-repeat":"repeat","background-position":"center center","background-size":"auto","background-attachment":"scroll","background-type":"","background-media":"","overlay-type":"","overlay-color":"","overlay-opacity":"","overlay-gradient":""},"tablet":{"background-color":"","background-image":"","background-repeat":"repeat","background-position":"center center","background-size":"auto","background-attachment":"scroll","background-type":"","background-media":"","overlay-type":"","overlay-color":"","overlay-opacity":"","overlay-gradient":""},"mobile":{"background-color":"","background-image":"","background-repeat":"repeat","background-position":"center center","background-size":"auto","background-attachment":"scroll","background-type":"","background-media":"","overlay-type":"","overlay-color":"","overlay-opacity":"","overlay-gradient":""}},"ast-content-background-meta":{"desktop":{"background-color":"var(--ast-global-color-5)","background-image":"","background-repeat":"repeat","background-position":"center center","background-size":"auto","background-attachment":"scroll","background-type":"","background-media":"","overlay-type":"","overlay-color":"","overlay-opacity":"","overlay-gradient":""},"tablet":{"background-color":"var(--ast-global-color-5)","background-image":"","background-repeat":"repeat","background-position":"center center","background-size":"auto","background-attachment":"scroll","background-type":"","background-media":"","overlay-type":"","overlay-color":"","overlay-opacity":"","overlay-gradient":""},"mobile":{"background-color":"var(--ast-global-color-5)","background-image":"","background-repeat":"repeat","background-position":"center center","background-size":"auto","background-attachment":"scroll","background-type":"","background-media":"","overlay-type":"","overlay-color":"","overlay-opacity":"","overlay-gradient":""}},"footnotes":""},"class_list":["post-6733","page","type-page","status-publish","hentry"],"yoast_head":"<!-- This site is optimized with the Yoast SEO Premium plugin v24.2 (Yoast SEO v24.6) - https:\/\/yoast.com\/wordpress\/plugins\/seo\/ -->\n<title>William Thomas Stead - Uni\u00f3n Esp\u00edrita<\/title>\n<meta name=\"robots\" content=\"index, follow, max-snippet:-1, max-image-preview:large, max-video-preview:-1\" \/>\n<link rel=\"canonical\" href=\"https:\/\/nuevo-renacer.com\/de\/william-thomas-stead\/\" \/>\n<meta property=\"og:locale\" content=\"de_DE\" \/>\n<meta property=\"og:type\" content=\"article\" \/>\n<meta property=\"og:title\" content=\"William Thomas Stead\" \/>\n<meta property=\"og:description\" content=\"William Thomas Stead Nacido en Embleton, Nothumberland, Inglaterra, el 5 de julio de 1849, y tr\u00e1gicamente desencarnado en la cat\u00e1strofe ocurrida con el transatl\u00e1ntico Titanic, en la noche del 14 al 15 de abril de 1912. A principios de la d\u00e9cada de 1910, no se hac\u00edan reportajes en ocasi\u00f3n de los grandes acontecimientos. Un notable [&hellip;]\" \/>\n<meta property=\"og:url\" content=\"https:\/\/nuevo-renacer.com\/de\/william-thomas-stead\/\" \/>\n<meta property=\"og:site_name\" content=\"Uni\u00f3n Esp\u00edrita\" \/>\n<meta property=\"article:publisher\" content=\"https:\/\/www.facebook.com\/groups\/3431398063740829\" \/>\n<meta property=\"og:image\" content=\"https:\/\/nuevo-renacer.com\/wp-content\/uploads\/2025\/01\/William-Thomas-Stead-1890.webp\" \/>\n\t<meta property=\"og:image:width\" content=\"1128\" \/>\n\t<meta property=\"og:image:height\" content=\"1600\" \/>\n\t<meta property=\"og:image:type\" content=\"image\/webp\" \/>\n<meta name=\"twitter:card\" content=\"summary_large_image\" \/>\n<meta name=\"twitter:label1\" content=\"Gesch\u00e4tzte Lesezeit\" \/>\n\t<meta name=\"twitter:data1\" content=\"5\u00a0Minuten\" \/>\n<script type=\"application\/ld+json\" class=\"yoast-schema-graph\">{\"@context\":\"https:\/\/schema.org\",\"@graph\":[{\"@type\":\"WebPage\",\"@id\":\"https:\/\/nuevo-renacer.com\/william-thomas-stead\/\",\"url\":\"https:\/\/nuevo-renacer.com\/william-thomas-stead\/\",\"name\":\"William Thomas Stead - Uni\u00f3n Esp\u00edrita\",\"isPartOf\":{\"@id\":\"https:\/\/nuevo-renacer.com\/#website\"},\"primaryImageOfPage\":{\"@id\":\"https:\/\/nuevo-renacer.com\/william-thomas-stead\/#primaryimage\"},\"image\":{\"@id\":\"https:\/\/nuevo-renacer.com\/william-thomas-stead\/#primaryimage\"},\"thumbnailUrl\":\"https:\/\/nuevo-renacer.com\/wp-content\/uploads\/2025\/01\/William-Thomas-Stead-1890-722x1024.webp\",\"datePublished\":\"2025-01-09T11:36:07+00:00\",\"breadcrumb\":{\"@id\":\"https:\/\/nuevo-renacer.com\/william-thomas-stead\/#breadcrumb\"},\"inLanguage\":\"de\",\"potentialAction\":[{\"@type\":\"ReadAction\",\"target\":[\"https:\/\/nuevo-renacer.com\/william-thomas-stead\/\"]}]},{\"@type\":\"ImageObject\",\"inLanguage\":\"de\",\"@id\":\"https:\/\/nuevo-renacer.com\/william-thomas-stead\/#primaryimage\",\"url\":\"https:\/\/nuevo-renacer.com\/wp-content\/uploads\/2025\/01\/William-Thomas-Stead-1890-722x1024.webp\",\"contentUrl\":\"https:\/\/nuevo-renacer.com\/wp-content\/uploads\/2025\/01\/William-Thomas-Stead-1890-722x1024.webp\"},{\"@type\":\"BreadcrumbList\",\"@id\":\"https:\/\/nuevo-renacer.com\/william-thomas-stead\/#breadcrumb\",\"itemListElement\":[{\"@type\":\"ListItem\",\"position\":1,\"name\":\"Startseite\",\"item\":\"https:\/\/nuevo-renacer.com\/\"},{\"@type\":\"ListItem\",\"position\":2,\"name\":\"William Thomas Stead\"}]},{\"@type\":\"WebSite\",\"@id\":\"https:\/\/nuevo-renacer.com\/#website\",\"url\":\"https:\/\/nuevo-renacer.com\/\",\"name\":\"Uni\u00f3n Esp\u00edrita\",\"description\":\"Nuevo Renacer\",\"publisher\":{\"@id\":\"https:\/\/nuevo-renacer.com\/#organization\"},\"potentialAction\":[{\"@type\":\"SearchAction\",\"target\":{\"@type\":\"EntryPoint\",\"urlTemplate\":\"https:\/\/nuevo-renacer.com\/?s={search_term_string}\"},\"query-input\":{\"@type\":\"PropertyValueSpecification\",\"valueRequired\":true,\"valueName\":\"search_term_string\"}}],\"inLanguage\":\"de\"},{\"@type\":\"Organization\",\"@id\":\"https:\/\/nuevo-renacer.com\/#organization\",\"name\":\"UFEC\",\"url\":\"https:\/\/nuevo-renacer.com\/\",\"logo\":{\"@type\":\"ImageObject\",\"inLanguage\":\"de\",\"@id\":\"https:\/\/nuevo-renacer.com\/#\/schema\/logo\/image\/\",\"url\":\"https:\/\/nuevo-renacer.com\/wp-content\/uploads\/2024\/05\/cropped-LOGO-TERMINADO1-3-3.png\",\"contentUrl\":\"https:\/\/nuevo-renacer.com\/wp-content\/uploads\/2024\/05\/cropped-LOGO-TERMINADO1-3-3.png\",\"width\":512,\"height\":512,\"caption\":\"UFEC\"},\"image\":{\"@id\":\"https:\/\/nuevo-renacer.com\/#\/schema\/logo\/image\/\"},\"sameAs\":[\"https:\/\/www.facebook.com\/groups\/3431398063740829\"]}]}<\/script>\n<!-- \/ Yoast SEO Premium plugin. -->","yoast_head_json":{"title":"William Thomas Stead - Uni\u00f3n Esp\u00edrita","robots":{"index":"index","follow":"follow","max-snippet":"max-snippet:-1","max-image-preview":"max-image-preview:large","max-video-preview":"max-video-preview:-1"},"canonical":"https:\/\/nuevo-renacer.com\/de\/william-thomas-stead\/","og_locale":"de_DE","og_type":"article","og_title":"William Thomas Stead","og_description":"William Thomas Stead Nacido en Embleton, Nothumberland, Inglaterra, el 5 de julio de 1849, y tr\u00e1gicamente desencarnado en la cat\u00e1strofe ocurrida con el transatl\u00e1ntico Titanic, en la noche del 14 al 15 de abril de 1912. A principios de la d\u00e9cada de 1910, no se hac\u00edan reportajes en ocasi\u00f3n de los grandes acontecimientos. Un notable [&hellip;]","og_url":"https:\/\/nuevo-renacer.com\/de\/william-thomas-stead\/","og_site_name":"Uni\u00f3n Esp\u00edrita","article_publisher":"https:\/\/www.facebook.com\/groups\/3431398063740829","og_image":[{"width":1128,"height":1600,"url":"https:\/\/nuevo-renacer.com\/wp-content\/uploads\/2025\/01\/William-Thomas-Stead-1890.webp","type":"image\/webp"}],"twitter_card":"summary_large_image","twitter_misc":{"Gesch\u00e4tzte Lesezeit":"5\u00a0Minuten"},"schema":{"@context":"https:\/\/schema.org","@graph":[{"@type":"WebPage","@id":"https:\/\/nuevo-renacer.com\/william-thomas-stead\/","url":"https:\/\/nuevo-renacer.com\/william-thomas-stead\/","name":"William Thomas Stead - Uni\u00f3n Esp\u00edrita","isPartOf":{"@id":"https:\/\/nuevo-renacer.com\/#website"},"primaryImageOfPage":{"@id":"https:\/\/nuevo-renacer.com\/william-thomas-stead\/#primaryimage"},"image":{"@id":"https:\/\/nuevo-renacer.com\/william-thomas-stead\/#primaryimage"},"thumbnailUrl":"https:\/\/nuevo-renacer.com\/wp-content\/uploads\/2025\/01\/William-Thomas-Stead-1890-722x1024.webp","datePublished":"2025-01-09T11:36:07+00:00","breadcrumb":{"@id":"https:\/\/nuevo-renacer.com\/william-thomas-stead\/#breadcrumb"},"inLanguage":"de","potentialAction":[{"@type":"ReadAction","target":["https:\/\/nuevo-renacer.com\/william-thomas-stead\/"]}]},{"@type":"ImageObject","inLanguage":"de","@id":"https:\/\/nuevo-renacer.com\/william-thomas-stead\/#primaryimage","url":"https:\/\/nuevo-renacer.com\/wp-content\/uploads\/2025\/01\/William-Thomas-Stead-1890-722x1024.webp","contentUrl":"https:\/\/nuevo-renacer.com\/wp-content\/uploads\/2025\/01\/William-Thomas-Stead-1890-722x1024.webp"},{"@type":"BreadcrumbList","@id":"https:\/\/nuevo-renacer.com\/william-thomas-stead\/#breadcrumb","itemListElement":[{"@type":"ListItem","position":1,"name":"Startseite","item":"https:\/\/nuevo-renacer.com\/"},{"@type":"ListItem","position":2,"name":"William Thomas Stead"}]},{"@type":"WebSite","@id":"https:\/\/nuevo-renacer.com\/#website","url":"https:\/\/nuevo-renacer.com\/","name":"Uni\u00f3n Esp\u00edrita","description":"Nuevo Renacer","publisher":{"@id":"https:\/\/nuevo-renacer.com\/#organization"},"potentialAction":[{"@type":"SearchAction","target":{"@type":"EntryPoint","urlTemplate":"https:\/\/nuevo-renacer.com\/?s={search_term_string}"},"query-input":{"@type":"PropertyValueSpecification","valueRequired":true,"valueName":"search_term_string"}}],"inLanguage":"de"},{"@type":"Organization","@id":"https:\/\/nuevo-renacer.com\/#organization","name":"UFEC","url":"https:\/\/nuevo-renacer.com\/","logo":{"@type":"ImageObject","inLanguage":"de","@id":"https:\/\/nuevo-renacer.com\/#\/schema\/logo\/image\/","url":"https:\/\/nuevo-renacer.com\/wp-content\/uploads\/2024\/05\/cropped-LOGO-TERMINADO1-3-3.png","contentUrl":"https:\/\/nuevo-renacer.com\/wp-content\/uploads\/2024\/05\/cropped-LOGO-TERMINADO1-3-3.png","width":512,"height":512,"caption":"UFEC"},"image":{"@id":"https:\/\/nuevo-renacer.com\/#\/schema\/logo\/image\/"},"sameAs":["https:\/\/www.facebook.com\/groups\/3431398063740829"]}]}},"uagb_featured_image_src":{"full":false,"thumbnail":false,"medium":false,"medium_large":false,"large":false,"1536x1536":false,"2048x2048":false,"trp-custom-language-flag":false},"uagb_author_info":{"display_name":"adbv0","author_link":"https:\/\/nuevo-renacer.com\/de\/author\/adbv0\/"},"uagb_comment_info":0,"uagb_excerpt":"William Thomas Stead Nacido en Embleton, Nothumberland, Inglaterra, el 5 de julio de 1849, y tr\u00e1gicamente desencarnado en la cat\u00e1strofe ocurrida con el transatl\u00e1ntico Titanic, en la noche del 14 al 15 de abril de 1912. A principios de la d\u00e9cada de 1910, no se hac\u00edan reportajes en ocasi\u00f3n de los grandes acontecimientos. Un notable&hellip;","jetpack_sharing_enabled":true,"_links":{"self":[{"href":"https:\/\/nuevo-renacer.com\/de\/wp-json\/wp\/v2\/pages\/6733","targetHints":{"allow":["GET"]}}],"collection":[{"href":"https:\/\/nuevo-renacer.com\/de\/wp-json\/wp\/v2\/pages"}],"about":[{"href":"https:\/\/nuevo-renacer.com\/de\/wp-json\/wp\/v2\/types\/page"}],"author":[{"embeddable":true,"href":"https:\/\/nuevo-renacer.com\/de\/wp-json\/wp\/v2\/users\/1"}],"replies":[{"embeddable":true,"href":"https:\/\/nuevo-renacer.com\/de\/wp-json\/wp\/v2\/comments?post=6733"}],"version-history":[{"count":1,"href":"https:\/\/nuevo-renacer.com\/de\/wp-json\/wp\/v2\/pages\/6733\/revisions"}],"predecessor-version":[{"id":6735,"href":"https:\/\/nuevo-renacer.com\/de\/wp-json\/wp\/v2\/pages\/6733\/revisions\/6735"}],"wp:attachment":[{"href":"https:\/\/nuevo-renacer.com\/de\/wp-json\/wp\/v2\/media?parent=6733"}],"curies":[{"name":"wp","href":"https:\/\/api.w.org\/{rel}","templated":true}]}}