{"id":6725,"date":"2025-01-09T10:18:48","date_gmt":"2025-01-09T10:18:48","guid":{"rendered":"https:\/\/nuevo-renacer.com\/?page_id=6725"},"modified":"2025-01-09T10:51:28","modified_gmt":"2025-01-09T10:51:28","slug":"catalina-de-genova","status":"publish","type":"page","link":"https:\/\/nuevo-renacer.com\/de\/catalina-de-genova\/","title":{"rendered":"Katharina von Genua"},"content":{"rendered":"<div class=\"wp-block-uagb-container uagb-block-32f33607 alignfull uagb-is-root-container\"><div class=\"uagb-container-inner-blocks-wrap\">\n<p class=\"has-black-color has-text-color has-link-color has-medium-font-size wp-elements-0b737c8145413f3287d97c3f742b9264\"><strong>Katharina von Genua<\/strong><\/p>\n<\/div><\/div>\n\n\n\n<div class=\"wp-block-uagb-container uagb-block-8c2489c6 alignfull uagb-is-root-container\"><div class=\"uagb-container-inner-blocks-wrap\">\n<figure class=\"wp-block-image size-large is-resized\"><img fetchpriority=\"high\" decoding=\"async\" width=\"506\" height=\"1024\" src=\"https:\/\/nuevo-renacer.com\/wp-content\/uploads\/2025\/01\/katharina-von-genua1218852-506x1024.jpg\" alt=\"\" class=\"wp-image-6726\" style=\"width:224px;height:auto\" srcset=\"https:\/\/nuevo-renacer.com\/wp-content\/uploads\/2025\/01\/katharina-von-genua1218852-506x1024.jpg 506w, https:\/\/nuevo-renacer.com\/wp-content\/uploads\/2025\/01\/katharina-von-genua1218852-148x300.jpg 148w, https:\/\/nuevo-renacer.com\/wp-content\/uploads\/2025\/01\/katharina-von-genua1218852-6x12.jpg 6w, https:\/\/nuevo-renacer.com\/wp-content\/uploads\/2025\/01\/katharina-von-genua1218852.jpg 564w\" sizes=\"(max-width: 506px) 100vw, 506px\" \/><\/figure>\n<\/div><\/div>\n\n\n\n<div class=\"wp-block-uagb-container uagb-block-32a47420 alignfull uagb-is-root-container\"><div class=\"uagb-container-inner-blocks-wrap\">\n<p class=\"has-black-color has-text-color has-link-color has-small-font-size wp-elements-b7ec01ef1eff2f9e7e4aeb2fce0c3189\">Katharina war Tochter der adligen Familie Fieschi, aus der auch die beiden P\u00e4pste Innozenz IV. und Hadrian V. stammten und deren Palast an der Familienkirche Santa Maria in Via Lata stand; ihr Vater war Vizek\u00f6nig von Neapel. Mit 16 Jahren heiratete sie gezwungenerma\u00dfen den Genueser Edelmann Giuliano Adorno. Nach zehnj\u00e4hriger schlechter Ehe, w\u00e4hrend der sie oft zur\u00fcckgezogen im Gebet, zeitweise auch aush\u00e4usig in Vergn\u00fcgungen lebte, besuchte sie ihre Schwester in einem Franziskanerordenkonvent. Dort erfuhr sie 1474 die erste Erleuchtung und Erscheinung des gekreuzigten Christus; sie lebte nun in Enthaltsamkeit und Askese, zog in ein Haus nahe des damaligen Pammatone-Krankenhaus - das an der Stelle des heutigen Justizpalastes stand - in Genua, gei\u00dfelte sich, pflegte Arme und Kranke und schloss sich 1479 als Tertiarin dem Franziskanerorden an. aus ihrem Haus wurde ab 1488 ein Kloster der Franziskaner mit der Kirche Santissima Annunziata di Portoria - heute auch nach ihr als Kirche Santa Caterina bezeichnet.<\/p>\n\n\n\n<p class=\"has-black-color has-text-color has-link-color has-small-font-size wp-elements-79aed947bbb77d42e3f75664ffc6220a\">Katharina k\u00fcmmerte sich v. a. um die Kranken im damaligen Pammatone-Krankenhaus, wo sie 1489 Vorsteherin der Frauenabteilung wurde. W\u00e4hrend zweier Pestepidemien arbeitete sie unerm\u00fcdlich f\u00fcr die Kranken und Sterbenden. Unter ihrem Einfluss enstand die Gemeinschaft der G\u00f6ttlichen Liebe mit Aufgaben in der Krankenpflege. Sie selbst kasteite sich, w\u00e4hrend der Fastenzeit ern\u00e4hrte sie sich nur von der Kommunion, ihr wurden mystische Gnadengaben zuteil.<\/p>\n\n\n\n<div class=\"wp-block-uagb-container uagb-block-d78f296c\">\n<figure class=\"wp-block-image size-large is-resized\"><img decoding=\"async\" width=\"536\" height=\"1024\" src=\"https:\/\/nuevo-renacer.com\/wp-content\/uploads\/2025\/01\/Katharina_von_Genua3-536x1024.jpg\" alt=\"\" class=\"wp-image-6727\" style=\"width:216px;height:auto\" srcset=\"https:\/\/nuevo-renacer.com\/wp-content\/uploads\/2025\/01\/Katharina_von_Genua3-536x1024.jpg 536w, https:\/\/nuevo-renacer.com\/wp-content\/uploads\/2025\/01\/Katharina_von_Genua3-157x300.jpg 157w, https:\/\/nuevo-renacer.com\/wp-content\/uploads\/2025\/01\/Katharina_von_Genua3-768x1466.jpg 768w, https:\/\/nuevo-renacer.com\/wp-content\/uploads\/2025\/01\/Katharina_von_Genua3-804x1536.jpg 804w, https:\/\/nuevo-renacer.com\/wp-content\/uploads\/2025\/01\/Katharina_von_Genua3-6x12.jpg 6w, https:\/\/nuevo-renacer.com\/wp-content\/uploads\/2025\/01\/Katharina_von_Genua3.jpg 838w\" sizes=\"(max-width: 536px) 100vw, 536px\" \/><figcaption class=\"wp-element-caption\">Eingang zur Kirche Santissima Annunziata di Portoria in Genua, die heute von Kapuzinern verwaltet wird<\/figcaption><\/figure>\n<\/div>\n\n\n\n<p class=\"has-black-color has-text-color has-link-color has-small-font-size wp-elements-d4dcbf1f4721cbed69544f9405d047da\">Nachdem er seinen ganzen Besitz verloren hatte, folgte auch ihr Mann in seinen letzten Lebensjahren Katharinas Beispiel und schloss sich dem Franziskanerorden an, bis er 1497 starb. Nun begann Katharinas Seelenf\u00fchrer mit der Aufzeichnung ihrer Lebensgeschichte und ihrer spirituellen Erfahrungen und Lehren: 1551 erschien dieses \"Libro de la Vita mirabile e dottrina santa di S. Caterina Fieschi\", das Buch des wunderbaren Lebens und der heiligen Lehre der Heiligen Katharina Fieschi. Ihre Offenbarungen geben die beiden B\u00fccher Dialogo del Divino Amore, Dialog von der g\u00f6ttlichen Liebe, sowie Trattato del purgatorio, Abhandlung \u00fcber das Fegefeuer wieder. Das Fegefeuer ist f\u00fcr sie zwar ein Ort des Leidens, aber die Seelen sind dort von Freude erf\u00fcllt, weil sie sich von Gott geleitet wissen, deshalb verst\u00e4rken sich zwar der Schmerz, aber auch die Freude, je n\u00e4her der Zeitpunkt ihrer Erl\u00f6sung heranr\u00fcckt.<\/p>\n\n\n\n<div class=\"wp-block-uagb-container uagb-block-d519fd66\">\n<figure class=\"wp-block-image size-large is-resized\"><img decoding=\"async\" width=\"572\" height=\"1024\" src=\"https:\/\/nuevo-renacer.com\/wp-content\/uploads\/2025\/01\/Katharina_von_Genua2-572x1024.jpg\" alt=\"\" class=\"wp-image-6728\" style=\"width:216px\" srcset=\"https:\/\/nuevo-renacer.com\/wp-content\/uploads\/2025\/01\/Katharina_von_Genua2-572x1024.jpg 572w, https:\/\/nuevo-renacer.com\/wp-content\/uploads\/2025\/01\/Katharina_von_Genua2-167x300.jpg 167w, https:\/\/nuevo-renacer.com\/wp-content\/uploads\/2025\/01\/Katharina_von_Genua2-768x1376.jpg 768w, https:\/\/nuevo-renacer.com\/wp-content\/uploads\/2025\/01\/Katharina_von_Genua2-857x1536.jpg 857w, https:\/\/nuevo-renacer.com\/wp-content\/uploads\/2025\/01\/Katharina_von_Genua2-7x12.jpg 7w, https:\/\/nuevo-renacer.com\/wp-content\/uploads\/2025\/01\/Katharina_von_Genua2.jpg 893w\" sizes=\"(max-width: 572px) 100vw, 572px\" \/><figcaption class=\"wp-element-caption\">Katharina lindert die Schmerzen der armen Seelen im Fegefeuer, Bild in der Basilika del Addorata in Acqui Terme<\/figcaption><\/figure>\n<\/div>\n\n\n\n<p class=\"has-black-color has-text-color has-link-color has-small-font-size wp-elements-5e89415a2998d57cbbf5cac32c818fb3\">Katharina wurde in der Kirche Santissima Annunziata di Portoria in Genua bestattet.<\/p>\n\n\n\n<div class=\"wp-block-uagb-container uagb-block-19f4d764\">\n<figure class=\"wp-block-image size-large is-resized\"><img loading=\"lazy\" decoding=\"async\" width=\"1024\" height=\"489\" src=\"https:\/\/nuevo-renacer.com\/wp-content\/uploads\/2025\/01\/Katharina_von_Genua4-1024x489.jpg\" alt=\"\" class=\"wp-image-6729\" style=\"width:520px;height:auto\" srcset=\"https:\/\/nuevo-renacer.com\/wp-content\/uploads\/2025\/01\/Katharina_von_Genua4-1024x489.jpg 1024w, https:\/\/nuevo-renacer.com\/wp-content\/uploads\/2025\/01\/Katharina_von_Genua4-300x143.jpg 300w, https:\/\/nuevo-renacer.com\/wp-content\/uploads\/2025\/01\/Katharina_von_Genua4-768x367.jpg 768w, https:\/\/nuevo-renacer.com\/wp-content\/uploads\/2025\/01\/Katharina_von_Genua4-1536x733.jpg 1536w, https:\/\/nuevo-renacer.com\/wp-content\/uploads\/2025\/01\/Katharina_von_Genua4-2048x978.jpg 2048w, https:\/\/nuevo-renacer.com\/wp-content\/uploads\/2025\/01\/Katharina_von_Genua4-18x9.jpg 18w\" sizes=\"(max-width: 1024px) 100vw, 1024px\" \/><figcaption class=\"wp-element-caption\"> Sarkophag der Katharina in der Kirche der Allerheiligsten Verk\u00fcndigung von Portoria<\/figcaption><\/figure>\n<\/div>\n\n\n\n<p class=\"has-black-color has-text-color has-link-color has-small-font-size wp-elements-51af9111cdf6de49494797b35b4b187b\"><strong>Kanonisation:<\/strong> Katharina wurde am 6. April 1675 von Papst Clemens X. selig- und am 16. Juni 1737 von Papst Clemens XII. heiliggesprochen. 1944 ernannte Papst Pius XII. sie zur zweiten Patronin der italienischen Krankenh\u00e4user. 2004 gab es Meldungen, Katharina k\u00f6nne als vierte Frau in der Geschichte und als erste Verheiratete zur Kirchenlehrerin ernannt werden.<\/p>\n\n\n\n<p class=\"has-black-color has-text-color has-link-color has-medium-font-size wp-elements-7b230a436403c9ccaa2ec51df0091aa8\"><strong>Worte der Heiligen<\/strong><\/p>\n\n\n\n<p class=\"has-black-color has-text-color has-link-color has-small-font-size wp-elements-9fd11401b2479982eba728daf9a4b08a\"><em>Die drei Weisen der menschlichen Gottesliebe:<\/em><\/p>\n\n\n\n<p class=\"has-black-color has-text-color has-link-color has-small-font-size wp-elements-71042c8c5488b65f8ba611009a6887f9\">\u201cMan sagt, die Werke werden f\u00fcr die Liebe vollbracht, wenn der Mensch alles, was er tut, aus Liebe zu Gott tut, aus jener Liebe, die ihm von Gott gegeben ist mit dem Verlangen, f\u00fcr sein und seines N\u00e4chsten Heil zu wirken. In diesem ersten Stadium der Liebe l\u00e4sst Gott den Menschen viele und verschiedenartige, n\u00fctzliche und notwendige Werke vollbringen, und zwar werden sie mit einem Gef\u00fchl frommer Zuneigung und erbarmender G\u00fcte gewirkt.<\/p>\n\n\n\n<p class=\"has-black-color has-text-color has-link-color has-small-font-size wp-elements-f10b9c25b2d573a4e8b60d80ed9b562d\">Die Werke des zweiten Stadiums der Liebe werden in Gott vollbracht. Das sind jene Werke, die ohne Ausblick auf irgendeinen eigenen oder eines N\u00e4chsten Nutzen getan werden, die aber in Gott verbleiben ohne irgendeinen anderen Zweck desjenigen, der sie gewirkt hat. [Und wegen der Gewohnheit, die sich der Mensch erworben hat, Gutes zu wirken, verharrt er im Wirken, obwohl ihm Gott seinen eigenen Teil dabei entzogen hat, der ihm fr\u00fcher half und ihn erfreute. Aus diesem Grund ist ein solches Werk vollkommener als die ersteren Werke, weil der Mensch im ersten Stadium noch viele Zwecke verfolgte, die Leib und Seele befriedigten. Die Befriedigung an den eigenen guten Taten wird weggenommen.]<\/p>\n\n\n\n<p class=\"has-black-color has-text-color has-link-color has-small-font-size wp-elements-2c9f1165cfa16e3c20f79ee926d0bff0\">Die Werke endlich, die von der Liebe vollbracht werden, sind noch vollkommener als diejenigen der beiden anderen Arten, denn sie werden ohne eine Beteiligung des Menschen vollbracht. Die Liebe hat den Menschen so sehr \u00fcberwunden und besiegt, dass er sozusagen ganz untergegangen ist im Meer der Liebe, ohne zu wissen, wo er ist. Er ist in sich selbst ganz vernichtet und nicht imstande, irgend etwas zu wirken. In diesem Falle ist es die Liebe, die in dem Menschen wirkt. Ihre Wirkungen sind Werke der Vollkommenheit, da sie ohne eigenes Dazutun des Menschen vollbracht werden. Es sind Werke der Gnade, die Gott alle entgegennimmt. Diese s\u00fc\u00dfe und reine Liebe hat den Menschen genommen und vollst\u00e4ndig in sich hineingezogen und ihn ganz von seinem Selbst befreit. Sie hat von ihm vollkommen Besitz ergriffen. [Sie wirkt fortw\u00e4hrend in diesem Menschen und durch diesen Menschen, nur zu seinem Wohl und Nutzen, ohne dass er selbst sich einmischt.]\u201d<\/p>\n<\/div><\/div>\n\n\n\n<div class=\"wp-block-uagb-container uagb-block-2d1f7e79 alignfull uagb-is-root-container\"><div class=\"uagb-container-inner-blocks-wrap\"><\/div><\/div>\n\n\n\n<div class=\"wp-block-uagb-container uagb-block-449a5fcf alignfull uagb-is-root-container\"><div class=\"uagb-container-inner-blocks-wrap\"><\/div><\/div>","protected":false},"excerpt":{"rendered":"<p>Catalina de G\u00e9nova Catalina era hija de la noble familia Fieschi, de la que tambi\u00e9n los dos papas Inocencio IV. y Adriano V, cuyo palacio se encuentra en la iglesia de la familia Santa Mar\u00eda en Via Lata; su padre era virrey de N\u00e1poles. A los 16 a\u00f1os se cas\u00f3 por la fuerza con el [&hellip;]<\/p>","protected":false},"author":1,"featured_media":0,"parent":0,"menu_order":0,"comment_status":"closed","ping_status":"closed","template":"","meta":{"_uag_custom_page_level_css":"","site-sidebar-layout":"default","site-content-layout":"","ast-site-content-layout":"default","site-content-style":"default","site-sidebar-style":"default","ast-global-header-display":"","ast-banner-title-visibility":"","ast-main-header-display":"","ast-hfb-above-header-display":"","ast-hfb-below-header-display":"","ast-hfb-mobile-header-display":"","site-post-title":"disabled","ast-breadcrumbs-content":"","ast-featured-img":"","footer-sml-layout":"","theme-transparent-header-meta":"","adv-header-id-meta":"","stick-header-meta":"","header-above-stick-meta":"","header-main-stick-meta":"","header-below-stick-meta":"","astra-migrate-meta-layouts":"set","ast-page-background-enabled":"default","ast-page-background-meta":{"desktop":{"background-color":"var(--ast-global-color-4)","background-image":"","background-repeat":"repeat","background-position":"center center","background-size":"auto","background-attachment":"scroll","background-type":"","background-media":"","overlay-type":"","overlay-color":"","overlay-opacity":"","overlay-gradient":""},"tablet":{"background-color":"","background-image":"","background-repeat":"repeat","background-position":"center center","background-size":"auto","background-attachment":"scroll","background-type":"","background-media":"","overlay-type":"","overlay-color":"","overlay-opacity":"","overlay-gradient":""},"mobile":{"background-color":"","background-image":"","background-repeat":"repeat","background-position":"center center","background-size":"auto","background-attachment":"scroll","background-type":"","background-media":"","overlay-type":"","overlay-color":"","overlay-opacity":"","overlay-gradient":""}},"ast-content-background-meta":{"desktop":{"background-color":"var(--ast-global-color-5)","background-image":"","background-repeat":"repeat","background-position":"center center","background-size":"auto","background-attachment":"scroll","background-type":"","background-media":"","overlay-type":"","overlay-color":"","overlay-opacity":"","overlay-gradient":""},"tablet":{"background-color":"var(--ast-global-color-5)","background-image":"","background-repeat":"repeat","background-position":"center center","background-size":"auto","background-attachment":"scroll","background-type":"","background-media":"","overlay-type":"","overlay-color":"","overlay-opacity":"","overlay-gradient":""},"mobile":{"background-color":"var(--ast-global-color-5)","background-image":"","background-repeat":"repeat","background-position":"center center","background-size":"auto","background-attachment":"scroll","background-type":"","background-media":"","overlay-type":"","overlay-color":"","overlay-opacity":"","overlay-gradient":""}},"footnotes":""},"class_list":["post-6725","page","type-page","status-publish","hentry"],"yoast_head":"<!-- This site is optimized with the Yoast SEO Premium plugin v24.2 (Yoast SEO v24.6) - https:\/\/yoast.com\/wordpress\/plugins\/seo\/ -->\n<title>Catalina de G\u00e9nova - Uni\u00f3n Esp\u00edrita<\/title>\n<meta name=\"robots\" content=\"index, follow, max-snippet:-1, max-image-preview:large, max-video-preview:-1\" \/>\n<link rel=\"canonical\" href=\"https:\/\/nuevo-renacer.com\/de\/catalina-de-genova\/\" \/>\n<meta property=\"og:locale\" content=\"de_DE\" \/>\n<meta property=\"og:type\" content=\"article\" \/>\n<meta property=\"og:title\" content=\"Catalina de G\u00e9nova\" \/>\n<meta property=\"og:description\" content=\"Catalina de G\u00e9nova Catalina era hija de la noble familia Fieschi, de la que tambi\u00e9n los dos papas Inocencio IV. y Adriano V, cuyo palacio se encuentra en la iglesia de la familia Santa Mar\u00eda en Via Lata; su padre era virrey de N\u00e1poles. A los 16 a\u00f1os se cas\u00f3 por la fuerza con el [&hellip;]\" \/>\n<meta property=\"og:url\" content=\"https:\/\/nuevo-renacer.com\/de\/catalina-de-genova\/\" \/>\n<meta property=\"og:site_name\" content=\"Uni\u00f3n Esp\u00edrita\" \/>\n<meta property=\"article:publisher\" content=\"https:\/\/www.facebook.com\/groups\/3431398063740829\" \/>\n<meta property=\"article:modified_time\" content=\"2025-01-09T10:51:28+00:00\" \/>\n<meta property=\"og:image\" content=\"https:\/\/nuevo-renacer.com\/wp-content\/uploads\/2025\/01\/katharina-von-genua1218852.jpg\" \/>\n\t<meta property=\"og:image:width\" content=\"564\" \/>\n\t<meta property=\"og:image:height\" content=\"1141\" \/>\n\t<meta property=\"og:image:type\" content=\"image\/jpeg\" \/>\n<meta name=\"twitter:card\" content=\"summary_large_image\" \/>\n<meta name=\"twitter:label1\" content=\"Gesch\u00e4tzte Lesezeit\" \/>\n\t<meta name=\"twitter:data1\" content=\"5\u00a0Minuten\" \/>\n<script type=\"application\/ld+json\" class=\"yoast-schema-graph\">{\"@context\":\"https:\/\/schema.org\",\"@graph\":[{\"@type\":\"WebPage\",\"@id\":\"https:\/\/nuevo-renacer.com\/catalina-de-genova\/\",\"url\":\"https:\/\/nuevo-renacer.com\/catalina-de-genova\/\",\"name\":\"Catalina de G\u00e9nova - Uni\u00f3n Esp\u00edrita\",\"isPartOf\":{\"@id\":\"https:\/\/nuevo-renacer.com\/#website\"},\"primaryImageOfPage\":{\"@id\":\"https:\/\/nuevo-renacer.com\/catalina-de-genova\/#primaryimage\"},\"image\":{\"@id\":\"https:\/\/nuevo-renacer.com\/catalina-de-genova\/#primaryimage\"},\"thumbnailUrl\":\"https:\/\/nuevo-renacer.com\/wp-content\/uploads\/2025\/01\/katharina-von-genua1218852-506x1024.jpg\",\"datePublished\":\"2025-01-09T10:18:48+00:00\",\"dateModified\":\"2025-01-09T10:51:28+00:00\",\"breadcrumb\":{\"@id\":\"https:\/\/nuevo-renacer.com\/catalina-de-genova\/#breadcrumb\"},\"inLanguage\":\"de\",\"potentialAction\":[{\"@type\":\"ReadAction\",\"target\":[\"https:\/\/nuevo-renacer.com\/catalina-de-genova\/\"]}]},{\"@type\":\"ImageObject\",\"inLanguage\":\"de\",\"@id\":\"https:\/\/nuevo-renacer.com\/catalina-de-genova\/#primaryimage\",\"url\":\"https:\/\/nuevo-renacer.com\/wp-content\/uploads\/2025\/01\/katharina-von-genua1218852-506x1024.jpg\",\"contentUrl\":\"https:\/\/nuevo-renacer.com\/wp-content\/uploads\/2025\/01\/katharina-von-genua1218852-506x1024.jpg\"},{\"@type\":\"BreadcrumbList\",\"@id\":\"https:\/\/nuevo-renacer.com\/catalina-de-genova\/#breadcrumb\",\"itemListElement\":[{\"@type\":\"ListItem\",\"position\":1,\"name\":\"Startseite\",\"item\":\"https:\/\/nuevo-renacer.com\/\"},{\"@type\":\"ListItem\",\"position\":2,\"name\":\"Catalina de G\u00e9nova\"}]},{\"@type\":\"WebSite\",\"@id\":\"https:\/\/nuevo-renacer.com\/#website\",\"url\":\"https:\/\/nuevo-renacer.com\/\",\"name\":\"Uni\u00f3n Esp\u00edrita\",\"description\":\"Nuevo Renacer\",\"publisher\":{\"@id\":\"https:\/\/nuevo-renacer.com\/#organization\"},\"potentialAction\":[{\"@type\":\"SearchAction\",\"target\":{\"@type\":\"EntryPoint\",\"urlTemplate\":\"https:\/\/nuevo-renacer.com\/?s={search_term_string}\"},\"query-input\":{\"@type\":\"PropertyValueSpecification\",\"valueRequired\":true,\"valueName\":\"search_term_string\"}}],\"inLanguage\":\"de\"},{\"@type\":\"Organization\",\"@id\":\"https:\/\/nuevo-renacer.com\/#organization\",\"name\":\"UFEC\",\"url\":\"https:\/\/nuevo-renacer.com\/\",\"logo\":{\"@type\":\"ImageObject\",\"inLanguage\":\"de\",\"@id\":\"https:\/\/nuevo-renacer.com\/#\/schema\/logo\/image\/\",\"url\":\"https:\/\/nuevo-renacer.com\/wp-content\/uploads\/2024\/05\/cropped-LOGO-TERMINADO1-3-3.png\",\"contentUrl\":\"https:\/\/nuevo-renacer.com\/wp-content\/uploads\/2024\/05\/cropped-LOGO-TERMINADO1-3-3.png\",\"width\":512,\"height\":512,\"caption\":\"UFEC\"},\"image\":{\"@id\":\"https:\/\/nuevo-renacer.com\/#\/schema\/logo\/image\/\"},\"sameAs\":[\"https:\/\/www.facebook.com\/groups\/3431398063740829\"]}]}<\/script>\n<!-- \/ Yoast SEO Premium plugin. -->","yoast_head_json":{"title":"Catalina de G\u00e9nova - Uni\u00f3n Esp\u00edrita","robots":{"index":"index","follow":"follow","max-snippet":"max-snippet:-1","max-image-preview":"max-image-preview:large","max-video-preview":"max-video-preview:-1"},"canonical":"https:\/\/nuevo-renacer.com\/de\/catalina-de-genova\/","og_locale":"de_DE","og_type":"article","og_title":"Catalina de G\u00e9nova","og_description":"Catalina de G\u00e9nova Catalina era hija de la noble familia Fieschi, de la que tambi\u00e9n los dos papas Inocencio IV. y Adriano V, cuyo palacio se encuentra en la iglesia de la familia Santa Mar\u00eda en Via Lata; su padre era virrey de N\u00e1poles. A los 16 a\u00f1os se cas\u00f3 por la fuerza con el [&hellip;]","og_url":"https:\/\/nuevo-renacer.com\/de\/catalina-de-genova\/","og_site_name":"Uni\u00f3n Esp\u00edrita","article_publisher":"https:\/\/www.facebook.com\/groups\/3431398063740829","article_modified_time":"2025-01-09T10:51:28+00:00","og_image":[{"width":564,"height":1141,"url":"https:\/\/nuevo-renacer.com\/wp-content\/uploads\/2025\/01\/katharina-von-genua1218852.jpg","type":"image\/jpeg"}],"twitter_card":"summary_large_image","twitter_misc":{"Gesch\u00e4tzte Lesezeit":"5\u00a0Minuten"},"schema":{"@context":"https:\/\/schema.org","@graph":[{"@type":"WebPage","@id":"https:\/\/nuevo-renacer.com\/catalina-de-genova\/","url":"https:\/\/nuevo-renacer.com\/catalina-de-genova\/","name":"Catalina de G\u00e9nova - Uni\u00f3n Esp\u00edrita","isPartOf":{"@id":"https:\/\/nuevo-renacer.com\/#website"},"primaryImageOfPage":{"@id":"https:\/\/nuevo-renacer.com\/catalina-de-genova\/#primaryimage"},"image":{"@id":"https:\/\/nuevo-renacer.com\/catalina-de-genova\/#primaryimage"},"thumbnailUrl":"https:\/\/nuevo-renacer.com\/wp-content\/uploads\/2025\/01\/katharina-von-genua1218852-506x1024.jpg","datePublished":"2025-01-09T10:18:48+00:00","dateModified":"2025-01-09T10:51:28+00:00","breadcrumb":{"@id":"https:\/\/nuevo-renacer.com\/catalina-de-genova\/#breadcrumb"},"inLanguage":"de","potentialAction":[{"@type":"ReadAction","target":["https:\/\/nuevo-renacer.com\/catalina-de-genova\/"]}]},{"@type":"ImageObject","inLanguage":"de","@id":"https:\/\/nuevo-renacer.com\/catalina-de-genova\/#primaryimage","url":"https:\/\/nuevo-renacer.com\/wp-content\/uploads\/2025\/01\/katharina-von-genua1218852-506x1024.jpg","contentUrl":"https:\/\/nuevo-renacer.com\/wp-content\/uploads\/2025\/01\/katharina-von-genua1218852-506x1024.jpg"},{"@type":"BreadcrumbList","@id":"https:\/\/nuevo-renacer.com\/catalina-de-genova\/#breadcrumb","itemListElement":[{"@type":"ListItem","position":1,"name":"Startseite","item":"https:\/\/nuevo-renacer.com\/"},{"@type":"ListItem","position":2,"name":"Catalina de G\u00e9nova"}]},{"@type":"WebSite","@id":"https:\/\/nuevo-renacer.com\/#website","url":"https:\/\/nuevo-renacer.com\/","name":"Uni\u00f3n Esp\u00edrita","description":"Nuevo Renacer","publisher":{"@id":"https:\/\/nuevo-renacer.com\/#organization"},"potentialAction":[{"@type":"SearchAction","target":{"@type":"EntryPoint","urlTemplate":"https:\/\/nuevo-renacer.com\/?s={search_term_string}"},"query-input":{"@type":"PropertyValueSpecification","valueRequired":true,"valueName":"search_term_string"}}],"inLanguage":"de"},{"@type":"Organization","@id":"https:\/\/nuevo-renacer.com\/#organization","name":"UFEC","url":"https:\/\/nuevo-renacer.com\/","logo":{"@type":"ImageObject","inLanguage":"de","@id":"https:\/\/nuevo-renacer.com\/#\/schema\/logo\/image\/","url":"https:\/\/nuevo-renacer.com\/wp-content\/uploads\/2024\/05\/cropped-LOGO-TERMINADO1-3-3.png","contentUrl":"https:\/\/nuevo-renacer.com\/wp-content\/uploads\/2024\/05\/cropped-LOGO-TERMINADO1-3-3.png","width":512,"height":512,"caption":"UFEC"},"image":{"@id":"https:\/\/nuevo-renacer.com\/#\/schema\/logo\/image\/"},"sameAs":["https:\/\/www.facebook.com\/groups\/3431398063740829"]}]}},"uagb_featured_image_src":{"full":false,"thumbnail":false,"medium":false,"medium_large":false,"large":false,"1536x1536":false,"2048x2048":false,"trp-custom-language-flag":false},"uagb_author_info":{"display_name":"adbv0","author_link":"https:\/\/nuevo-renacer.com\/de\/author\/adbv0\/"},"uagb_comment_info":0,"uagb_excerpt":"Catalina de G\u00e9nova Catalina era hija de la noble familia Fieschi, de la que tambi\u00e9n los dos papas Inocencio IV. y Adriano V, cuyo palacio se encuentra en la iglesia de la familia Santa Mar\u00eda en Via Lata; su padre era virrey de N\u00e1poles. A los 16 a\u00f1os se cas\u00f3 por la fuerza con el&hellip;","jetpack_sharing_enabled":true,"_links":{"self":[{"href":"https:\/\/nuevo-renacer.com\/de\/wp-json\/wp\/v2\/pages\/6725","targetHints":{"allow":["GET"]}}],"collection":[{"href":"https:\/\/nuevo-renacer.com\/de\/wp-json\/wp\/v2\/pages"}],"about":[{"href":"https:\/\/nuevo-renacer.com\/de\/wp-json\/wp\/v2\/types\/page"}],"author":[{"embeddable":true,"href":"https:\/\/nuevo-renacer.com\/de\/wp-json\/wp\/v2\/users\/1"}],"replies":[{"embeddable":true,"href":"https:\/\/nuevo-renacer.com\/de\/wp-json\/wp\/v2\/comments?post=6725"}],"version-history":[{"count":1,"href":"https:\/\/nuevo-renacer.com\/de\/wp-json\/wp\/v2\/pages\/6725\/revisions"}],"predecessor-version":[{"id":6730,"href":"https:\/\/nuevo-renacer.com\/de\/wp-json\/wp\/v2\/pages\/6725\/revisions\/6730"}],"wp:attachment":[{"href":"https:\/\/nuevo-renacer.com\/de\/wp-json\/wp\/v2\/media?parent=6725"}],"curies":[{"name":"wp","href":"https:\/\/api.w.org\/{rel}","templated":true}]}}