{"id":6673,"date":"2025-01-07T12:58:10","date_gmt":"2025-01-07T12:58:10","guid":{"rendered":"https:\/\/nuevo-renacer.com\/?page_id=6673"},"modified":"2025-05-23T09:45:49","modified_gmt":"2025-05-23T09:45:49","slug":"las-pruebas-y-la-muerte","status":"publish","type":"page","link":"https:\/\/nuevo-renacer.com\/de\/las-pruebas-y-la-muerte\/","title":{"rendered":"LAS PRUEBAS Y LA MUERTE"},"content":{"rendered":"<div class=\"wp-block-uagb-container uagb-block-0fcb5199 alignfull uagb-is-root-container\"><div class=\"uagb-container-inner-blocks-wrap\">\n<p class=\"has-black-color has-text-color has-link-color has-medium-font-size wp-elements-922fe130b9248953b9280e17692f0506\"><strong>Die Pr\u00fcfungen und der Tod<\/strong><\/p>\n<\/div><\/div>\n\n\n\n<div class=\"wp-block-uagb-container uagb-block-638a73f7 alignfull uagb-is-root-container\"><div class=\"uagb-container-inner-blocks-wrap\">\n<figure class=\"wp-block-image size-large is-resized\"><img fetchpriority=\"high\" decoding=\"async\" width=\"1024\" height=\"678\" src=\"https:\/\/nuevo-renacer.com\/wp-content\/uploads\/2025\/01\/camera-219958_1280-1024x678.jpg\" alt=\"\" class=\"wp-image-6677\" style=\"width:275px;height:auto\" srcset=\"https:\/\/nuevo-renacer.com\/wp-content\/uploads\/2025\/01\/camera-219958_1280-1024x678.jpg 1024w, https:\/\/nuevo-renacer.com\/wp-content\/uploads\/2025\/01\/camera-219958_1280-300x199.jpg 300w, https:\/\/nuevo-renacer.com\/wp-content\/uploads\/2025\/01\/camera-219958_1280-768x508.jpg 768w, https:\/\/nuevo-renacer.com\/wp-content\/uploads\/2025\/01\/camera-219958_1280-18x12.jpg 18w, https:\/\/nuevo-renacer.com\/wp-content\/uploads\/2025\/01\/camera-219958_1280.jpg 1280w\" sizes=\"(max-width: 1024px) 100vw, 1024px\" \/><\/figure>\n<\/div><\/div>\n\n\n\n<div class=\"wp-block-uagb-container uagb-block-7bd3ae3d alignfull uagb-is-root-container\"><div class=\"uagb-container-inner-blocks-wrap\">\n<p class=\"has-black-color has-text-color has-link-color has-small-font-size wp-elements-01e336833af3cd604f64aeed3ad53c73\">Da das Ziel der Existenz bestimmt wurde und h\u00f6her ist als das Verm\u00f6gen, h\u00f6her als das Gl\u00fcck, findet eine echte Revolution in unseren Bestrebungen statt. Das Universum ist ein Palast, in dem die Seele um ihre Vergr\u00f6\u00dferung k\u00e4mpft. Sie erlangt sie durch ihre M\u00fchen, ihre Opfer, ihre Leiden. Der Schmerz, ob physisch oder moralisch, ist ein m\u00e4chtiges Mittel der Entwicklung und des Fortschritts. Die Pr\u00fcfungen, die wir durchmachen, helfen uns, uns selbst zu erkennen und unsere Leidenschaften zu beherrschen.<\/p>\n\n\n\n<p class=\"has-black-color has-text-color has-link-color has-small-font-size wp-elements-9127422ce59e3605e19a9a2800950499\">Der Schmerz ist die h\u00f6chste L\u00e4uterung, die Schule, in der man Geduld, Resignation und alle strengen Pflichten lernt. Er ist der Ofen, in dem der Egoismus schmilzt und der Stolz sich aufl\u00f6st. Manchmal, in den dunklen Stunden, rebelliert die gequ\u00e4lte Seele, verleugnet Gott und seine Gerechtigkeit. Dann, wenn der Sturm vor\u00fcber ist und sie sich selbst pr\u00fcft, sieht sie, dass das scheinbar B\u00f6se ein Gutes war, sie sieht, dass die Schmerzen sie besser gemacht haben, zug\u00e4nglicher f\u00fcr Mitleid, barmherziger gegen\u00fcber den Leidenden.<\/p>\n\n\n\n<p class=\"has-black-color has-text-color has-link-color has-small-font-size wp-elements-32433687a48582f1a103779ac91053fe\">Alle \u00dcbel des Lebens tragen dazu bei, uns zu erheben. Durch Schmerz, Pr\u00fcfungen, Dem\u00fctigungen, Krankheiten und Ungl\u00fccksf\u00e4lle wird das Beste aus dem Schlimmsten geboren. Deshalb gibt es in dieser Welt mehr Sorgen als Freuden. Pr\u00fcfungen m\u00e4\u00dfigen den Charakter, verfeinern die Gef\u00fchle und z\u00e4hmen die feurigen oder hochm\u00fctigen Seelen.<\/p>\n\n\n\n<p class=\"has-black-color has-text-color has-link-color has-small-font-size wp-elements-4ed99e6217f03aca54347c3a20d2c4e1\">Auch der k\u00f6rperliche Schmerz hat seinen Nutzen. Er l\u00f6st auf chemischem Wege die Bande, die den Geist an das Fleisch binden, und trennt ihn von den groben Fl\u00fcssigkeiten, die ihn auch nach dem Tod umgeben und in den unteren Regionen festhalten.<\/p>\n\n\n\n<p class=\"has-black-color has-text-color has-link-color has-small-font-size wp-elements-acab1a63ad2734e6c779282e01f77cae\">Lasst uns den Schmerz nicht verfluchen. Er allein rei\u00dft uns aus der Gleichg\u00fcltigkeit und der Freude. Er formt unsere Seele, gibt ihr ihre reinste Form und ihre vollkommenste Sch\u00f6nheit.<\/p>\n\n\n\n<p class=\"has-black-color has-text-color has-link-color has-small-font-size wp-elements-e7320ea41b9532f8aeadefdc508d7ae6\">Der Beweis ist ein unfehlbares Mittel gegen unsere Unerfahrenheit. Die Vorsehung geht mit uns um wie eine f\u00fcrsorgliche Mutter mit ihrem unwilligen Kind. Wenn wir uns ihren Appellen widersetzen, wenn wir uns weigern, ihren Ratschl\u00e4gen zu folgen, l\u00e4sst sie uns Entt\u00e4uschungen und R\u00fcckschl\u00e4ge erleiden, weil sie wei\u00df, dass das Ungl\u00fcck die beste Schule f\u00fcr G\u00fcte und Weisheit ist.<\/p>\n\n\n\n<p class=\"has-black-color has-text-color has-link-color has-small-font-size wp-elements-0e6ec6d5370312d7773192990bf57f9e\">Das ist das Schicksal der meisten Menschen auf der Erde. Unter einem Himmel, der oft von Blitzen durchzuckt ist, m\u00fcssen wir den beschwerlichen Weg gehen, unsere F\u00fc\u00dfe von Steinen und Dornen zerrissen. Ein Geist in schwarzem Gewand lenkt unsere Schritte: Es ist der Schmerz, ein heiliger Schmerz, den wir segnen m\u00fcssen, denn er allein regt unser Wesen an, l\u00f6st es von dem eitlen Firlefanz, mit dem es sich gerne schm\u00fcckt, und macht es f\u00e4hig, das wahrhaft Edle und Sch\u00f6ne zu empfinden.<\/p>\n\n\n\n<p class=\"has-black-color has-text-color has-link-color has-small-font-size wp-elements-0433e3c62057a06b5cc95757b89c164f\">Was wird in Anbetracht dieser Lehren aus der Vorstellung vom Tod? Sie verliert jeden be\u00e4ngstigenden Charakter. Der Tod ist nicht mehr als eine notwendige Transformation und Erneuerung. In Wirklichkeit stirbt nichts. Der Tod ist nur scheinbar. Nur die \u00e4u\u00dfere Form \u00e4ndert sich: Das Lebensprinzip, die Seele, bleibt in ihrer dauerhaften und unzerst\u00f6rbaren Einheit. Jenseits des Grabes ist sie in der F\u00fclle ihrer F\u00e4higkeiten, mit all den Errungenschaften, Erleuchtungen, Tugenden, Bestrebungen und Kr\u00e4ften, mit denen sie w\u00e4hrend ihrer irdischen Existenzen bereichert wurde. Das sind die unverg\u00e4nglichen G\u00fcter, von denen das Evangelium spricht, wenn es uns sagt: \u201eWeder W\u00fcrmer noch Motten k\u00f6nnen sie zerst\u00f6ren, noch Diebe sie stehlen\u201c. Es sind die einzigen Reicht\u00fcmer, die wir mitnehmen und im kommenden Leben nutzen k\u00f6nnen.<\/p>\n\n\n\n<p class=\"has-black-color has-text-color has-link-color has-small-font-size wp-elements-201cfdcbe1c3e4a0b308fc517fa176ed\">Der Tod und die Reinkarnation, die ihm zu einem bestimmten Zeitpunkt folgt, sind zwei wesentliche Formen des Fortschritts. Indem sie sich von den kleinlichen Gewohnheiten l\u00f6sen, die wir uns angeeignet haben, versetzen sie uns in andere Zentren und zwingen uns, unseren Geist den tausend Phasen der sozialen und universellen Ordnung anzupassen.<\/p>\n\n\n\n<p class=\"has-black-color has-text-color has-link-color has-small-font-size wp-elements-d972a095f8b919e3efd4944dfdfafd68\">Wenn der Abend des Lebens kommt, wenn unser Dasein sich wie die Seite eines Buches umbl\u00e4ttert, um auf einer wei\u00dfen Seite Platz f\u00fcr eine neue Seite zu machen, betrachtet der weise Mensch seine Vergangenheit und \u00fcberpr\u00fcft seine Taten. Gl\u00fccklich ist derjenige, der, wenn diese Stunde kommt, zu sich selbst sagen kann: Meine Tage waren gut verbracht. Gl\u00fccklich ist derjenige, der resigniert hat und die Pr\u00fcfungen mit Mut ertragen hat. Sie haben seine Seele zermalmt und all die Bitterkeit und das B\u00f6se, das in ihr steckte, vertrieben. Wenn er dieses schwierige Leben in Gedanken Revue passieren l\u00e4sst, wird der weise Mensch die M\u00fchen, die er ertragen hat, segnen. Da sein Gewissen beruhigt ist, wird er den Augenblick des Abschieds ohne Furcht herannahen sehen.<\/p>\n\n\n\n<p class=\"has-black-color has-text-color has-link-color has-small-font-size wp-elements-a7365671c6b050ff5966000694059c1e\">Verabschieden wir uns von den Theorien, die den Tod zum Kanal des Nichts oder zum Vorspiel endloser Strafen machen. Lebt wohl, ihr d\u00fcsteren Gespenster der Theologie, ihr furchtbaren Dogmen, ihr unerbittlichen Urteile, ihr h\u00f6llischen Qualen! Lebt wohl der Hoffnung! Lebt wohl dem ewigen Leben! Es ist nicht dunkle Finsternis, es ist blendendes Licht, das aus den Gr\u00e4bern kommt!<\/p>\n\n\n\n<p class=\"has-black-color has-text-color has-link-color has-small-font-size wp-elements-5d9fb0c8234392d980f038e900995f40\">Haben Sie gesehen, wie der Schmetterling mit den vielen bunten Fl\u00fcgeln seine unf\u00f6rmige Puppe abwirft, diese ekelhafte H\u00fclle der Raupe, in der das Insekt \u00fcber den Boden krabbelt? Haben Sie ihn gesehen, wie er frei und leicht durch die leuchtende Luft flattert, inmitten des Duftes der Blumen? Es gibt kein wahrhaftigeres Bild f\u00fcr das Ph\u00e4nomen des Todes. Auch der Mensch ist ein Puppenhaus, das der Tod zersetzt. Der menschliche K\u00f6rper, mit Fleisch bekleidet, kehrt zum gro\u00dfen Misthaufen zur\u00fcck; unsere elenden Abf\u00e4lle kehren in das Laboratorium der Natur zur\u00fcck; aber der Geist, der sein Werk vollbracht hat, st\u00fcrzt sich in ein h\u00f6heres Leben, in das geistige Leben, das auf das k\u00f6rperliche Leben folgt, wie der Tag auf die Nacht, und jede unserer Inkarnationen trennt.<\/p>\n\n\n\n<p class=\"has-black-color has-text-color has-link-color has-small-font-size wp-elements-b2ab70adc51a3ce413a5996426f1cb4b\">Mit diesen Ideen im Hinterkopf werden wir den Tod nicht mehr f\u00fcrchten. Wie unsere V\u00e4ter, die Gallier, werden wir es wagen, ihm ohne Angst ins Gesicht zu sehen. Keine Angst mehr, keine Tr\u00e4nen, keine finsteren Apparate, keine d\u00fcsteren Ges\u00e4nge. Unsere Beerdigungen werden zu einem Fest werden, bei dem wir die Freiheit der Seele und ihre R\u00fcckkehr in die wahre Heimat feiern werden.<\/p>\n\n\n\n<p class=\"has-black-color has-text-color has-link-color has-small-font-size wp-elements-13a8511dfe796b51cee09d4e1222bd48\">Der Tod ist der gro\u00dfe Offenbarer. In den Stunden der Pr\u00fcfung, wenn alles um uns herum verdunkelt ist, haben wir uns manchmal gefragt: Warum bin ich geboren worden, warum bin ich nicht in der tiefen Nacht geblieben, wo man nicht f\u00fchlt, wo man nicht leidet, wo man in ewigem Schlummer schl\u00e4ft? Und in diesen Stunden des Zweifels und der Angst erhob sich eine Stimme, die uns erreichte und sagte: Leide, um gro\u00df zu werden und dich zu l\u00e4utern. Wisse, dass deine Bestimmung gro\u00df ist. Diese kalte Erde wird nicht euer Grab sein. Die Welten, die in den Himmeln leuchten, sind eure zuk\u00fcnftigen Wohnorte, das Erbe, das Gott f\u00fcr euch bereith\u00e4lt. Ihr seid f\u00fcr immer B\u00fcrger des Universums, ihr geh\u00f6rt sowohl zu den vergangenen als auch zu den kommenden Jahrhunderten, und in dieser Stunde bereitet ihr euch auf eure Erhebung vor.<\/p>\n\n\n\n<p class=\"has-black-color has-text-color has-link-color has-small-font-size wp-elements-f4341ec050ec2bfc0166194d8ba2686a\">Ertragt ruhig die \u00dcbel, die ihr selbst gew\u00e4hlt habt. S\u00e4ht in Schmerz und Tr\u00e4nen das Korn, das in eurem n\u00e4chsten Leben sprie\u00dfen wird. S\u00e4e auch f\u00fcr andere, wie andere f\u00fcr dich ges\u00e4t haben. Unsterbliches Wesen, schreite stetig auf dem steilen Pfad zu den H\u00f6hen voran, von wo aus dir die Zukunft ohne Schleier erscheinen wird. Der Aufstieg ist rau, der Schwei\u00df wird dir oft das Gesicht herunterlaufen, aber vom Gipfel aus wirst du die gro\u00dfe Klarheit d\u00e4mmern und die Sonne der Wahrheit und der Gerechtigkeit am Horizont aufgehen sehen.<\/p>\n\n\n\n<p class=\"has-black-color has-text-color has-link-color has-small-font-size wp-elements-7387860b2d569f237cbc838141e17c85\">Die Stimme, die auf diese Weise zu uns spricht, ist die der Toten, der lieben Seelen, die uns im Land des wahren Lebens vorausgegangen sind. Weit davon entfernt, unter der Decke zu schlafen, wachen sie \u00fcber uns. Aus den Tiefen des Unsichtbaren schauen sie uns an und l\u00e4cheln uns zu. Sie kommunizieren mit uns in einem lieblichen und g\u00f6ttlichen Geheimnis. Sie sagen uns: Schluss mit sterilen Zweifeln, Arbeit und Liebe. Eines Tages, wenn du deine Aufgabe beendet hast, wird der Tod uns wieder vereinen.<\/p>\n<\/div><\/div>\n\n\n\n<div class=\"wp-block-uagb-container uagb-block-52dbb3d7 alignfull uagb-is-root-container\"><div class=\"uagb-container-inner-blocks-wrap\">\n<p class=\"has-black-color has-text-color has-link-color wp-elements-82c220877d0e800799ff2cd78ee11721\"><em>L\u00e9on Denis<\/em> &#8211; <em>Nach dem Tod<\/em><\/p>\n<\/div><\/div>\n\n\n\n<div class=\"wp-block-uagb-container uagb-block-c682dd74 alignfull uagb-is-root-container\"><div class=\"uagb-container-inner-blocks-wrap\"><\/div><\/div>\n\n\n\n<div class=\"wp-block-uagb-container uagb-block-40adbbde alignfull uagb-is-root-container\"><div class=\"uagb-container-inner-blocks-wrap\"><\/div><\/div>","protected":false},"excerpt":{"rendered":"<p>Las Pruebas y la muerte Determinado ya el objeto de la existencia y siendo m\u00e1s elevado que la fortuna, m\u00e1s elevado que la felicidad, se produce una verdadera revoluci\u00f3n en nuestras aspiraciones. El Universo es un palenque en donde el alma lucha para su engrandecimiento. Lo obtiene por medio de sus trabajos, de sus sacrificios, [&hellip;]<\/p>","protected":false},"author":1,"featured_media":0,"parent":0,"menu_order":0,"comment_status":"closed","ping_status":"closed","template":"","meta":{"_uag_custom_page_level_css":"","site-sidebar-layout":"default","site-content-layout":"","ast-site-content-layout":"default","site-content-style":"default","site-sidebar-style":"default","ast-global-header-display":"","ast-banner-title-visibility":"","ast-main-header-display":"","ast-hfb-above-header-display":"","ast-hfb-below-header-display":"","ast-hfb-mobile-header-display":"","site-post-title":"disabled","ast-breadcrumbs-content":"","ast-featured-img":"","footer-sml-layout":"","theme-transparent-header-meta":"","adv-header-id-meta":"","stick-header-meta":"","header-above-stick-meta":"","header-main-stick-meta":"","header-below-stick-meta":"","astra-migrate-meta-layouts":"set","ast-page-background-enabled":"default","ast-page-background-meta":{"desktop":{"background-color":"var(--ast-global-color-4)","background-image":"","background-repeat":"repeat","background-position":"center center","background-size":"auto","background-attachment":"scroll","background-type":"","background-media":"","overlay-type":"","overlay-color":"","overlay-opacity":"","overlay-gradient":""},"tablet":{"background-color":"","background-image":"","background-repeat":"repeat","background-position":"center center","background-size":"auto","background-attachment":"scroll","background-type":"","background-media":"","overlay-type":"","overlay-color":"","overlay-opacity":"","overlay-gradient":""},"mobile":{"background-color":"","background-image":"","background-repeat":"repeat","background-position":"center center","background-size":"auto","background-attachment":"scroll","background-type":"","background-media":"","overlay-type":"","overlay-color":"","overlay-opacity":"","overlay-gradient":""}},"ast-content-background-meta":{"desktop":{"background-color":"var(--ast-global-color-5)","background-image":"","background-repeat":"repeat","background-position":"center center","background-size":"auto","background-attachment":"scroll","background-type":"","background-media":"","overlay-type":"","overlay-color":"","overlay-opacity":"","overlay-gradient":""},"tablet":{"background-color":"var(--ast-global-color-5)","background-image":"","background-repeat":"repeat","background-position":"center center","background-size":"auto","background-attachment":"scroll","background-type":"","background-media":"","overlay-type":"","overlay-color":"","overlay-opacity":"","overlay-gradient":""},"mobile":{"background-color":"var(--ast-global-color-5)","background-image":"","background-repeat":"repeat","background-position":"center center","background-size":"auto","background-attachment":"scroll","background-type":"","background-media":"","overlay-type":"","overlay-color":"","overlay-opacity":"","overlay-gradient":""}},"footnotes":""},"class_list":["post-6673","page","type-page","status-publish","hentry"],"yoast_head":"<!-- This site is optimized with the Yoast SEO Premium plugin v24.2 (Yoast SEO v24.6) - https:\/\/yoast.com\/wordpress\/plugins\/seo\/ -->\n<title>LAS PRUEBAS Y LA MUERTE - Uni\u00f3n Esp\u00edrita<\/title>\n<meta name=\"robots\" content=\"index, follow, max-snippet:-1, max-image-preview:large, max-video-preview:-1\" \/>\n<link rel=\"canonical\" href=\"https:\/\/nuevo-renacer.com\/de\/las-pruebas-y-la-muerte\/\" \/>\n<meta property=\"og:locale\" content=\"de_DE\" \/>\n<meta property=\"og:type\" content=\"article\" \/>\n<meta property=\"og:title\" content=\"LAS PRUEBAS Y LA MUERTE\" \/>\n<meta property=\"og:description\" content=\"Las Pruebas y la muerte Determinado ya el objeto de la existencia y siendo m\u00e1s elevado que la fortuna, m\u00e1s elevado que la felicidad, se produce una verdadera revoluci\u00f3n en nuestras aspiraciones. El Universo es un palenque en donde el alma lucha para su engrandecimiento. Lo obtiene por medio de sus trabajos, de sus sacrificios, [&hellip;]\" \/>\n<meta property=\"og:url\" content=\"https:\/\/nuevo-renacer.com\/de\/las-pruebas-y-la-muerte\/\" \/>\n<meta property=\"og:site_name\" content=\"Uni\u00f3n Esp\u00edrita\" \/>\n<meta property=\"article:publisher\" content=\"https:\/\/www.facebook.com\/groups\/3431398063740829\" \/>\n<meta property=\"article:modified_time\" content=\"2025-05-23T09:45:49+00:00\" \/>\n<meta property=\"og:image\" content=\"https:\/\/nuevo-renacer.com\/wp-content\/uploads\/2025\/01\/camera-219958_1280.jpg\" \/>\n\t<meta property=\"og:image:width\" content=\"1280\" \/>\n\t<meta property=\"og:image:height\" content=\"847\" \/>\n\t<meta property=\"og:image:type\" content=\"image\/jpeg\" \/>\n<meta name=\"twitter:card\" content=\"summary_large_image\" \/>\n<meta name=\"twitter:label1\" content=\"Gesch\u00e4tzte Lesezeit\" \/>\n\t<meta name=\"twitter:data1\" content=\"8\u00a0Minuten\" \/>\n<script type=\"application\/ld+json\" class=\"yoast-schema-graph\">{\"@context\":\"https:\/\/schema.org\",\"@graph\":[{\"@type\":\"WebPage\",\"@id\":\"https:\/\/nuevo-renacer.com\/las-pruebas-y-la-muerte\/\",\"url\":\"https:\/\/nuevo-renacer.com\/las-pruebas-y-la-muerte\/\",\"name\":\"LAS PRUEBAS Y LA MUERTE - Uni\u00f3n Esp\u00edrita\",\"isPartOf\":{\"@id\":\"https:\/\/nuevo-renacer.com\/#website\"},\"primaryImageOfPage\":{\"@id\":\"https:\/\/nuevo-renacer.com\/las-pruebas-y-la-muerte\/#primaryimage\"},\"image\":{\"@id\":\"https:\/\/nuevo-renacer.com\/las-pruebas-y-la-muerte\/#primaryimage\"},\"thumbnailUrl\":\"https:\/\/nuevo-renacer.com\/wp-content\/uploads\/2025\/01\/camera-219958_1280-1024x678.jpg\",\"datePublished\":\"2025-01-07T12:58:10+00:00\",\"dateModified\":\"2025-05-23T09:45:49+00:00\",\"breadcrumb\":{\"@id\":\"https:\/\/nuevo-renacer.com\/las-pruebas-y-la-muerte\/#breadcrumb\"},\"inLanguage\":\"de\",\"potentialAction\":[{\"@type\":\"ReadAction\",\"target\":[\"https:\/\/nuevo-renacer.com\/las-pruebas-y-la-muerte\/\"]}]},{\"@type\":\"ImageObject\",\"inLanguage\":\"de\",\"@id\":\"https:\/\/nuevo-renacer.com\/las-pruebas-y-la-muerte\/#primaryimage\",\"url\":\"https:\/\/nuevo-renacer.com\/wp-content\/uploads\/2025\/01\/camera-219958_1280-1024x678.jpg\",\"contentUrl\":\"https:\/\/nuevo-renacer.com\/wp-content\/uploads\/2025\/01\/camera-219958_1280-1024x678.jpg\"},{\"@type\":\"BreadcrumbList\",\"@id\":\"https:\/\/nuevo-renacer.com\/las-pruebas-y-la-muerte\/#breadcrumb\",\"itemListElement\":[{\"@type\":\"ListItem\",\"position\":1,\"name\":\"Startseite\",\"item\":\"https:\/\/nuevo-renacer.com\/\"},{\"@type\":\"ListItem\",\"position\":2,\"name\":\"LAS PRUEBAS Y LA MUERTE\"}]},{\"@type\":\"WebSite\",\"@id\":\"https:\/\/nuevo-renacer.com\/#website\",\"url\":\"https:\/\/nuevo-renacer.com\/\",\"name\":\"Uni\u00f3n Esp\u00edrita\",\"description\":\"Nuevo Renacer\",\"publisher\":{\"@id\":\"https:\/\/nuevo-renacer.com\/#organization\"},\"potentialAction\":[{\"@type\":\"SearchAction\",\"target\":{\"@type\":\"EntryPoint\",\"urlTemplate\":\"https:\/\/nuevo-renacer.com\/?s={search_term_string}\"},\"query-input\":{\"@type\":\"PropertyValueSpecification\",\"valueRequired\":true,\"valueName\":\"search_term_string\"}}],\"inLanguage\":\"de\"},{\"@type\":\"Organization\",\"@id\":\"https:\/\/nuevo-renacer.com\/#organization\",\"name\":\"UFEC\",\"url\":\"https:\/\/nuevo-renacer.com\/\",\"logo\":{\"@type\":\"ImageObject\",\"inLanguage\":\"de\",\"@id\":\"https:\/\/nuevo-renacer.com\/#\/schema\/logo\/image\/\",\"url\":\"https:\/\/nuevo-renacer.com\/wp-content\/uploads\/2024\/05\/cropped-LOGO-TERMINADO1-3-3.png\",\"contentUrl\":\"https:\/\/nuevo-renacer.com\/wp-content\/uploads\/2024\/05\/cropped-LOGO-TERMINADO1-3-3.png\",\"width\":512,\"height\":512,\"caption\":\"UFEC\"},\"image\":{\"@id\":\"https:\/\/nuevo-renacer.com\/#\/schema\/logo\/image\/\"},\"sameAs\":[\"https:\/\/www.facebook.com\/groups\/3431398063740829\"]}]}<\/script>\n<!-- \/ Yoast SEO Premium plugin. -->","yoast_head_json":{"title":"LAS PRUEBAS Y LA MUERTE - Uni\u00f3n Esp\u00edrita","robots":{"index":"index","follow":"follow","max-snippet":"max-snippet:-1","max-image-preview":"max-image-preview:large","max-video-preview":"max-video-preview:-1"},"canonical":"https:\/\/nuevo-renacer.com\/de\/las-pruebas-y-la-muerte\/","og_locale":"de_DE","og_type":"article","og_title":"LAS PRUEBAS Y LA MUERTE","og_description":"Las Pruebas y la muerte Determinado ya el objeto de la existencia y siendo m\u00e1s elevado que la fortuna, m\u00e1s elevado que la felicidad, se produce una verdadera revoluci\u00f3n en nuestras aspiraciones. El Universo es un palenque en donde el alma lucha para su engrandecimiento. Lo obtiene por medio de sus trabajos, de sus sacrificios, [&hellip;]","og_url":"https:\/\/nuevo-renacer.com\/de\/las-pruebas-y-la-muerte\/","og_site_name":"Uni\u00f3n Esp\u00edrita","article_publisher":"https:\/\/www.facebook.com\/groups\/3431398063740829","article_modified_time":"2025-05-23T09:45:49+00:00","og_image":[{"width":1280,"height":847,"url":"https:\/\/nuevo-renacer.com\/wp-content\/uploads\/2025\/01\/camera-219958_1280.jpg","type":"image\/jpeg"}],"twitter_card":"summary_large_image","twitter_misc":{"Gesch\u00e4tzte Lesezeit":"8\u00a0Minuten"},"schema":{"@context":"https:\/\/schema.org","@graph":[{"@type":"WebPage","@id":"https:\/\/nuevo-renacer.com\/las-pruebas-y-la-muerte\/","url":"https:\/\/nuevo-renacer.com\/las-pruebas-y-la-muerte\/","name":"LAS PRUEBAS Y LA MUERTE - Uni\u00f3n Esp\u00edrita","isPartOf":{"@id":"https:\/\/nuevo-renacer.com\/#website"},"primaryImageOfPage":{"@id":"https:\/\/nuevo-renacer.com\/las-pruebas-y-la-muerte\/#primaryimage"},"image":{"@id":"https:\/\/nuevo-renacer.com\/las-pruebas-y-la-muerte\/#primaryimage"},"thumbnailUrl":"https:\/\/nuevo-renacer.com\/wp-content\/uploads\/2025\/01\/camera-219958_1280-1024x678.jpg","datePublished":"2025-01-07T12:58:10+00:00","dateModified":"2025-05-23T09:45:49+00:00","breadcrumb":{"@id":"https:\/\/nuevo-renacer.com\/las-pruebas-y-la-muerte\/#breadcrumb"},"inLanguage":"de","potentialAction":[{"@type":"ReadAction","target":["https:\/\/nuevo-renacer.com\/las-pruebas-y-la-muerte\/"]}]},{"@type":"ImageObject","inLanguage":"de","@id":"https:\/\/nuevo-renacer.com\/las-pruebas-y-la-muerte\/#primaryimage","url":"https:\/\/nuevo-renacer.com\/wp-content\/uploads\/2025\/01\/camera-219958_1280-1024x678.jpg","contentUrl":"https:\/\/nuevo-renacer.com\/wp-content\/uploads\/2025\/01\/camera-219958_1280-1024x678.jpg"},{"@type":"BreadcrumbList","@id":"https:\/\/nuevo-renacer.com\/las-pruebas-y-la-muerte\/#breadcrumb","itemListElement":[{"@type":"ListItem","position":1,"name":"Startseite","item":"https:\/\/nuevo-renacer.com\/"},{"@type":"ListItem","position":2,"name":"LAS PRUEBAS Y LA MUERTE"}]},{"@type":"WebSite","@id":"https:\/\/nuevo-renacer.com\/#website","url":"https:\/\/nuevo-renacer.com\/","name":"Uni\u00f3n Esp\u00edrita","description":"Nuevo Renacer","publisher":{"@id":"https:\/\/nuevo-renacer.com\/#organization"},"potentialAction":[{"@type":"SearchAction","target":{"@type":"EntryPoint","urlTemplate":"https:\/\/nuevo-renacer.com\/?s={search_term_string}"},"query-input":{"@type":"PropertyValueSpecification","valueRequired":true,"valueName":"search_term_string"}}],"inLanguage":"de"},{"@type":"Organization","@id":"https:\/\/nuevo-renacer.com\/#organization","name":"UFEC","url":"https:\/\/nuevo-renacer.com\/","logo":{"@type":"ImageObject","inLanguage":"de","@id":"https:\/\/nuevo-renacer.com\/#\/schema\/logo\/image\/","url":"https:\/\/nuevo-renacer.com\/wp-content\/uploads\/2024\/05\/cropped-LOGO-TERMINADO1-3-3.png","contentUrl":"https:\/\/nuevo-renacer.com\/wp-content\/uploads\/2024\/05\/cropped-LOGO-TERMINADO1-3-3.png","width":512,"height":512,"caption":"UFEC"},"image":{"@id":"https:\/\/nuevo-renacer.com\/#\/schema\/logo\/image\/"},"sameAs":["https:\/\/www.facebook.com\/groups\/3431398063740829"]}]}},"uagb_featured_image_src":{"full":false,"thumbnail":false,"medium":false,"medium_large":false,"large":false,"1536x1536":false,"2048x2048":false,"trp-custom-language-flag":false},"uagb_author_info":{"display_name":"adbv0","author_link":"https:\/\/nuevo-renacer.com\/de\/author\/adbv0\/"},"uagb_comment_info":0,"uagb_excerpt":"Las Pruebas y la muerte Determinado ya el objeto de la existencia y siendo m\u00e1s elevado que la fortuna, m\u00e1s elevado que la felicidad, se produce una verdadera revoluci\u00f3n en nuestras aspiraciones. El Universo es un palenque en donde el alma lucha para su engrandecimiento. Lo obtiene por medio de sus trabajos, de sus sacrificios,&hellip;","jetpack_sharing_enabled":true,"_links":{"self":[{"href":"https:\/\/nuevo-renacer.com\/de\/wp-json\/wp\/v2\/pages\/6673","targetHints":{"allow":["GET"]}}],"collection":[{"href":"https:\/\/nuevo-renacer.com\/de\/wp-json\/wp\/v2\/pages"}],"about":[{"href":"https:\/\/nuevo-renacer.com\/de\/wp-json\/wp\/v2\/types\/page"}],"author":[{"embeddable":true,"href":"https:\/\/nuevo-renacer.com\/de\/wp-json\/wp\/v2\/users\/1"}],"replies":[{"embeddable":true,"href":"https:\/\/nuevo-renacer.com\/de\/wp-json\/wp\/v2\/comments?post=6673"}],"version-history":[{"count":8,"href":"https:\/\/nuevo-renacer.com\/de\/wp-json\/wp\/v2\/pages\/6673\/revisions"}],"predecessor-version":[{"id":8183,"href":"https:\/\/nuevo-renacer.com\/de\/wp-json\/wp\/v2\/pages\/6673\/revisions\/8183"}],"wp:attachment":[{"href":"https:\/\/nuevo-renacer.com\/de\/wp-json\/wp\/v2\/media?parent=6673"}],"curies":[{"name":"wp","href":"https:\/\/api.w.org\/{rel}","templated":true}]}}