{"id":6619,"date":"2024-12-23T12:22:36","date_gmt":"2024-12-23T12:22:36","guid":{"rendered":"https:\/\/nuevo-renacer.com\/?page_id=6619"},"modified":"2024-12-23T12:22:36","modified_gmt":"2024-12-23T12:22:36","slug":"cornelio-pires","status":"publish","type":"page","link":"https:\/\/nuevo-renacer.com\/de\/cornelio-pires\/","title":{"rendered":"Corn\u00e9lio Pires"},"content":{"rendered":"<div class=\"wp-block-uagb-container uagb-block-d28c2d9f alignfull uagb-is-root-container\"><div class=\"uagb-container-inner-blocks-wrap\">\n<p class=\"has-black-color has-text-color has-link-color has-medium-font-size wp-elements-86c6e391dc068ab5390719aa4fb4d8a4\"><strong>Corn\u00e9lio Pires<\/strong><\/p>\n<\/div><\/div>\n\n\n\n<div class=\"wp-block-uagb-container uagb-block-2fb2157b alignfull uagb-is-root-container\"><div class=\"uagb-container-inner-blocks-wrap\">\n<figure class=\"wp-block-image size-full is-resized\"><img decoding=\"async\" width=\"115\" height=\"136\" src=\"https:\/\/nuevo-renacer.com\/wp-content\/uploads\/2024\/12\/cornelio_pires.jpg\" alt=\"\" class=\"wp-image-6620\" style=\"width:227px;height:auto\" srcset=\"https:\/\/nuevo-renacer.com\/wp-content\/uploads\/2024\/12\/cornelio_pires.jpg 115w, https:\/\/nuevo-renacer.com\/wp-content\/uploads\/2024\/12\/cornelio_pires-10x12.jpg 10w\" sizes=\"(max-width: 115px) 100vw, 115px\" \/><\/figure>\n<\/div><\/div>\n\n\n\n<div class=\"wp-block-uagb-container uagb-block-3d9a423d alignfull uagb-is-root-container\"><div class=\"uagb-container-inner-blocks-wrap\">\n<p class=\"has-black-color has-text-color has-link-color has-small-font-size wp-elements-9d2fdf686c4f5a81e4609afb1f85b371\">Corn\u00e9lio Pires wurde am 13. Juli 1884 in der Stadt Tiet\u00ea im Bundesstaat S\u00e3o Paulo geboren und starb am 17. Februar 1958 in der Stadt S\u00e3o Paulo. Er war ein Mann mit einer unverwechselbaren Pers\u00f6nlichkeit und wurde in ganz Brasilien zu einer beliebten und prominenten Figur, dank seiner Arbeit, mit der er durch die St\u00e4dte im Landesinneren des Bundesstaates S\u00e3o Paulo und anderer Bundesstaaten reiste und sein Deb\u00fct als Komiker vom Lande gab. In seiner Jugend strebte er danach, an einer Aufnahmepr\u00fcfung f\u00fcr eine Pharmazieschule teilzunehmen. Mit diesem Ziel reiste er von Tiet\u00ea nach S\u00e3o Paulo, um sich als Kandidat f\u00fcr einen dieser Wettbewerbe anzumelden, aber trotz seiner Leistungen war er bei diesem Versuch erfolglos.<\/p>\n\n\n\n<p class=\"has-black-color has-text-color has-link-color has-small-font-size wp-elements-bcd3409592010259bca203485127a579\">Daraufhin beschloss er, sich dem Journalismus zu widmen, und begann in der Redaktion der Zeitung O Com\u00e9rcio de S\u00e3o Paulo zu arbeiten, wo er eine ziemlich zerm\u00fcrbende Ausbildung absolvierte. Danach arbeitete er f\u00fcr die Zeitungen O S\u00e3o Paulo und O Estado de S\u00e3o Paulo, traditionelle Presseorgane in S\u00e3o Paulo, wo er als Korrektor t\u00e4tig war, und schlie\u00dflich, im Jahr 1914, begann er, f\u00fcr die Zeitung O Pirralho zu schreiben. Zahlreiche Schriftsteller haben sich \u00fcber die Pers\u00f6nlichkeit von Corn\u00e9lio Pires ge\u00e4u\u00dfert, und zur Veranschaulichung sei hier Joffre Martins Veiga zitiert, der in seinem Werk A Vida Pitoresca de Corn\u00e9lio Pires schrieb: \u201eNiemand liebte sein Volk so sehr wie Corn\u00e9lio Pires; niemand k\u00fcmmerte sich so sehr um seine Mitmenschen wie dieser Mann, der vor allem ein guter Mensch war\u201c. Der ber\u00fchmte Dichter Martins Fontes schrieb \u00fcber ihn: \u201eEr ist ein reiner Bandeirante, ein unerm\u00fcdlicher K\u00fcnstler, ein Veredler des Landes und ein Bereicherer der Sprache\u201c.<\/p>\n\n\n\n<p class=\"has-black-color has-text-color has-link-color has-small-font-size wp-elements-41f13722b6de1dd6ba91523f46cf305c\">Auch der gro\u00dfe Journalist Amadeu Amaral bewunderte ihn und schlug ihm vor, einer der gr\u00f6\u00dften Verbreiter der brasilianischen Folklore zu werden.<\/p>\n\n\n\n<p class=\"has-black-color has-text-color has-link-color has-small-font-size wp-elements-07eb16c71ff12cdbae74ad595de35241\">Um 1910 brachte Corn\u00e9lio Pires das Buch Musa Caipira auf den Markt, ein Werk, das dank seines typisch brasilianischen Inhalts von den Kritikern hoch gelobt wurde. S\u00edlvio Romero wurde zu einem seiner prominentesten Kritiker und kommentierte die Ver\u00f6ffentlichung dieses Werks wie folgt: \u201eIch sch\u00e4tzte sehr den Chiste, das Lokalkolorit, die Anmut und die Spontaneit\u00e4t seiner Produktionen, die neben ihrem Eigenwert ein hervorragendes Dokument f\u00fcr das Studium der Brasilianismen unserer Sprache sind\u201c.<\/p>\n\n\n\n<p class=\"has-black-color has-text-color has-link-color has-small-font-size wp-elements-25b144861258e7ba0bfe2cc2468a39b9\">Zu Beginn dieses Jahrhunderts trat Corn\u00e9lio Pires in die presbyterianische Kirche ein, konnte aber die Lehren dieser Religion nicht mit seiner Denkweise in Einklang bringen. Er akzeptierte weder die Existenz einer ewigen Bestrafung noch einen Gott, der die Anh\u00e4nger bestimmter Religionen bevorzugt. Sein \u00fcberm\u00e4\u00dfiges Festhalten am Buchstabenformalismus bei der Auslegung der Evangelientexte lie\u00df ihn fast in den Materialismus abgleiten.<\/p>\n\n\n\n<p class=\"has-black-color has-text-color has-link-color has-small-font-size wp-elements-c2d49026096b04bacd017f5e9a275563\">Damals wusste er noch nicht, was Spiritismus ist, aber bei seinen Reisen aufs Land erlebte er verschiedene mediale Ph\u00e4nomene, darunter auch einige Mitteilungen des Geistes Emilio de Menezes, die ihn sehr beeindruckten. In der Folge begann er, spiritistische Werke zu studieren, insbesondere die von Allan Kardec, Leon Denis, Albert de Rochas und einige B\u00fccher des Mediums Francisco C\u00e2ndido Xavier.<\/p>\n\n\n\n<p class=\"has-black-color has-text-color has-link-color has-small-font-size wp-elements-4a32c57edfa717e92c33a8c23c58dee0\">Von da an besch\u00e4ftigte er sich intensiv mit dem Spiritismus und interessierte sich sehr f\u00fcr die Ph\u00e4nomene der physikalischen Wirkungen. Von 1944 bis 1947 schrieb er die B\u00fccher Coisas do Outro Mundo und Onde est\u00e1s, \u00f3 morte? (Wo bist du, Tod?), und er starb w\u00e4hrend der Arbeit an Colet\u00e2nea Esp\u00edrita (Spiritistische Sammlung).<\/p>\n\n\n\n<p class=\"has-black-color has-text-color has-link-color has-small-font-size wp-elements-ab53f80dc7ec6cbc2f3b7b4ec1ec2fb5\">Zu seiner umfangreichen Bibliographie geh\u00f6ren: Musa Caipira, Versos Velhos, Cenas e Paisagens de minha Terra, Monturo, Quem conta um conto, Conversas ao P\u00e9 do Fogo, Estramb\u00f3ticas Aventuras de Joaquim Bentinho - O Queima Campo, Trag\u00e9dia Cabocla, Patacoadas, Seleta Caipira, Almanaque do Saci, Mix\u00f3rdias, Meu Sambur\u00e1, Sambas e Cateret\u00eas, Tarrafas, Chorando e Rindo, De Roupa Nova, S\u00f3 Rindo, Ta no Boc\u00f3, Quem conta um Conto e outros Contos. ..., Enciclop\u00e9dia de anedotas e Curiosidades, sowie die beiden oben erw\u00e4hnten spiritistischen B\u00fccher.<\/p>\n\n\n\n<p class=\"has-black-color has-text-color has-link-color has-small-font-size wp-elements-8a53d6bdd1fd203ad1e53987f7221fa4\">In einer seiner Schriften \u00fcber den Spiritismus sagte er: \u201eDer Spiritismus wird fr\u00fcher oder sp\u00e4ter den r\u00f6mischen Katholiken, den Protestanten und den Anh\u00e4ngern anderer Religionen die Wohltat erweisen, ihren Glauben mit den Tatsachen zu st\u00e4rken, die die Unsterblichkeit der Seele beweisen, die sich in einen Geist verwandelt, wenn sie die materielle H\u00fclle verl\u00e4sst\u201c, und weiter: \u201eDer Spiritismus schenkt uns einen RATIONALEN GLAUBEN, entrei\u00dft uns dem Joch des Dogmas und lehrt uns, GOTT so zu verstehen, wie er ist\u201c.<\/p>\n\n\n\n<p class=\"has-black-color has-text-color has-link-color has-small-font-size wp-elements-a429368d291771da2adfeda753a5d368\">Kurz vor seiner Desinkarnation kehrte Corn\u00e9lio Pires, der bewiesen hatte, dass er das Gebot Jesu Christi \u201eLiebe deinen N\u00e4chsten wie dich selbst\u201c verinnerlicht hatte, in die Stadt Tiet\u00ea zur\u00fcck und kaufte dort einen Bauernhof, wo er die \u201eGranja de Jesus\u201c gr\u00fcndete, ein Heim f\u00fcr mittellose Kinder. Leider erlebte er das Ende dieser Einrichtung nicht mehr.<\/p>\n\n\n\n<p class=\"has-black-color has-text-color has-link-color has-small-font-size wp-elements-c83ba380274bd1a9e01ed2d6add65233\">Corn\u00e9lio Pires organisierte sogar das \u201eTeatro Ambulante Corn\u00e9lio Pires\u201c, mit dem er von Stadt zu Stadt zog und von der gesamten brasilianischen Bev\u00f6lkerung beklatscht wurde, wohin er auch kam. Dieses Vorhaben wurde verwirklicht, nachdem er seine Karriere als Journalist aufgegeben hatte. Das vorliegende Werk stellt eine kurze Biografie dieses unerm\u00fcdlichen K\u00e4mpfers dar, der eine h\u00f6chst verdienstvolle Aufgabe auf Erden erf\u00fcllte.<\/p>\n<\/div><\/div>\n\n\n\n<div class=\"wp-block-uagb-container uagb-block-8143c838 alignfull uagb-is-root-container\"><div class=\"uagb-container-inner-blocks-wrap\"><\/div><\/div>\n\n\n\n<div class=\"wp-block-uagb-container uagb-block-5431779a alignfull uagb-is-root-container\"><div class=\"uagb-container-inner-blocks-wrap\"><\/div><\/div>","protected":false},"excerpt":{"rendered":"<p>Corn\u00e9lio Pires Corn\u00e9lio Pires naci\u00f3 en la ciudad de Tiet\u00ea, en el estado de S\u00e3o Paulo, el 13 de julio de 1884, y muri\u00f3 en la ciudad de S\u00e3o Paulo el 17 de febrero de 1958. Hombre de personalidad inconfundible, se convirti\u00f3 en una figura popular y destacada en todo Brasil gracias al trabajo que [&hellip;]<\/p>","protected":false},"author":1,"featured_media":0,"parent":0,"menu_order":0,"comment_status":"closed","ping_status":"closed","template":"","meta":{"_uag_custom_page_level_css":"","site-sidebar-layout":"default","site-content-layout":"","ast-site-content-layout":"default","site-content-style":"default","site-sidebar-style":"default","ast-global-header-display":"","ast-banner-title-visibility":"","ast-main-header-display":"","ast-hfb-above-header-display":"","ast-hfb-below-header-display":"","ast-hfb-mobile-header-display":"","site-post-title":"disabled","ast-breadcrumbs-content":"","ast-featured-img":"","footer-sml-layout":"","theme-transparent-header-meta":"","adv-header-id-meta":"","stick-header-meta":"","header-above-stick-meta":"","header-main-stick-meta":"","header-below-stick-meta":"","astra-migrate-meta-layouts":"set","ast-page-background-enabled":"default","ast-page-background-meta":{"desktop":{"background-color":"var(--ast-global-color-4)","background-image":"","background-repeat":"repeat","background-position":"center center","background-size":"auto","background-attachment":"scroll","background-type":"","background-media":"","overlay-type":"","overlay-color":"","overlay-opacity":"","overlay-gradient":""},"tablet":{"background-color":"","background-image":"","background-repeat":"repeat","background-position":"center center","background-size":"auto","background-attachment":"scroll","background-type":"","background-media":"","overlay-type":"","overlay-color":"","overlay-opacity":"","overlay-gradient":""},"mobile":{"background-color":"","background-image":"","background-repeat":"repeat","background-position":"center center","background-size":"auto","background-attachment":"scroll","background-type":"","background-media":"","overlay-type":"","overlay-color":"","overlay-opacity":"","overlay-gradient":""}},"ast-content-background-meta":{"desktop":{"background-color":"var(--ast-global-color-5)","background-image":"","background-repeat":"repeat","background-position":"center center","background-size":"auto","background-attachment":"scroll","background-type":"","background-media":"","overlay-type":"","overlay-color":"","overlay-opacity":"","overlay-gradient":""},"tablet":{"background-color":"var(--ast-global-color-5)","background-image":"","background-repeat":"repeat","background-position":"center center","background-size":"auto","background-attachment":"scroll","background-type":"","background-media":"","overlay-type":"","overlay-color":"","overlay-opacity":"","overlay-gradient":""},"mobile":{"background-color":"var(--ast-global-color-5)","background-image":"","background-repeat":"repeat","background-position":"center center","background-size":"auto","background-attachment":"scroll","background-type":"","background-media":"","overlay-type":"","overlay-color":"","overlay-opacity":"","overlay-gradient":""}},"footnotes":""},"class_list":["post-6619","page","type-page","status-publish","hentry"],"yoast_head":"<!-- This site is optimized with the Yoast SEO Premium plugin v24.2 (Yoast SEO v24.6) - https:\/\/yoast.com\/wordpress\/plugins\/seo\/ -->\n<title>Corn\u00e9lio Pires - Uni\u00f3n Esp\u00edrita<\/title>\n<meta name=\"robots\" content=\"index, follow, max-snippet:-1, max-image-preview:large, max-video-preview:-1\" \/>\n<link rel=\"canonical\" href=\"https:\/\/nuevo-renacer.com\/de\/cornelio-pires\/\" \/>\n<meta property=\"og:locale\" content=\"de_DE\" \/>\n<meta property=\"og:type\" content=\"article\" \/>\n<meta property=\"og:title\" content=\"Corn\u00e9lio Pires\" \/>\n<meta property=\"og:description\" content=\"Corn\u00e9lio Pires Corn\u00e9lio Pires naci\u00f3 en la ciudad de Tiet\u00ea, en el estado de S\u00e3o Paulo, el 13 de julio de 1884, y muri\u00f3 en la ciudad de S\u00e3o Paulo el 17 de febrero de 1958. Hombre de personalidad inconfundible, se convirti\u00f3 en una figura popular y destacada en todo Brasil gracias al trabajo que [&hellip;]\" \/>\n<meta property=\"og:url\" content=\"https:\/\/nuevo-renacer.com\/de\/cornelio-pires\/\" \/>\n<meta property=\"og:site_name\" content=\"Uni\u00f3n Esp\u00edrita\" \/>\n<meta property=\"article:publisher\" content=\"https:\/\/www.facebook.com\/groups\/3431398063740829\" \/>\n<meta property=\"og:image\" content=\"https:\/\/nuevo-renacer.com\/wp-content\/uploads\/2024\/12\/cornelio_pires.jpg\" \/>\n\t<meta property=\"og:image:width\" content=\"115\" \/>\n\t<meta property=\"og:image:height\" content=\"136\" \/>\n\t<meta property=\"og:image:type\" content=\"image\/jpeg\" \/>\n<meta name=\"twitter:card\" content=\"summary_large_image\" \/>\n<meta name=\"twitter:label1\" content=\"Gesch\u00e4tzte Lesezeit\" \/>\n\t<meta name=\"twitter:data1\" content=\"4\u00a0Minuten\" \/>\n<script type=\"application\/ld+json\" class=\"yoast-schema-graph\">{\"@context\":\"https:\/\/schema.org\",\"@graph\":[{\"@type\":\"WebPage\",\"@id\":\"https:\/\/nuevo-renacer.com\/cornelio-pires\/\",\"url\":\"https:\/\/nuevo-renacer.com\/cornelio-pires\/\",\"name\":\"Corn\u00e9lio Pires - Uni\u00f3n Esp\u00edrita\",\"isPartOf\":{\"@id\":\"https:\/\/nuevo-renacer.com\/#website\"},\"primaryImageOfPage\":{\"@id\":\"https:\/\/nuevo-renacer.com\/cornelio-pires\/#primaryimage\"},\"image\":{\"@id\":\"https:\/\/nuevo-renacer.com\/cornelio-pires\/#primaryimage\"},\"thumbnailUrl\":\"https:\/\/nuevo-renacer.com\/wp-content\/uploads\/2024\/12\/cornelio_pires.jpg\",\"datePublished\":\"2024-12-23T12:22:36+00:00\",\"breadcrumb\":{\"@id\":\"https:\/\/nuevo-renacer.com\/cornelio-pires\/#breadcrumb\"},\"inLanguage\":\"de\",\"potentialAction\":[{\"@type\":\"ReadAction\",\"target\":[\"https:\/\/nuevo-renacer.com\/cornelio-pires\/\"]}]},{\"@type\":\"ImageObject\",\"inLanguage\":\"de\",\"@id\":\"https:\/\/nuevo-renacer.com\/cornelio-pires\/#primaryimage\",\"url\":\"https:\/\/nuevo-renacer.com\/wp-content\/uploads\/2024\/12\/cornelio_pires.jpg\",\"contentUrl\":\"https:\/\/nuevo-renacer.com\/wp-content\/uploads\/2024\/12\/cornelio_pires.jpg\"},{\"@type\":\"BreadcrumbList\",\"@id\":\"https:\/\/nuevo-renacer.com\/cornelio-pires\/#breadcrumb\",\"itemListElement\":[{\"@type\":\"ListItem\",\"position\":1,\"name\":\"Startseite\",\"item\":\"https:\/\/nuevo-renacer.com\/\"},{\"@type\":\"ListItem\",\"position\":2,\"name\":\"Corn\u00e9lio Pires\"}]},{\"@type\":\"WebSite\",\"@id\":\"https:\/\/nuevo-renacer.com\/#website\",\"url\":\"https:\/\/nuevo-renacer.com\/\",\"name\":\"Uni\u00f3n Esp\u00edrita\",\"description\":\"Nuevo Renacer\",\"publisher\":{\"@id\":\"https:\/\/nuevo-renacer.com\/#organization\"},\"potentialAction\":[{\"@type\":\"SearchAction\",\"target\":{\"@type\":\"EntryPoint\",\"urlTemplate\":\"https:\/\/nuevo-renacer.com\/?s={search_term_string}\"},\"query-input\":{\"@type\":\"PropertyValueSpecification\",\"valueRequired\":true,\"valueName\":\"search_term_string\"}}],\"inLanguage\":\"de\"},{\"@type\":\"Organization\",\"@id\":\"https:\/\/nuevo-renacer.com\/#organization\",\"name\":\"UFEC\",\"url\":\"https:\/\/nuevo-renacer.com\/\",\"logo\":{\"@type\":\"ImageObject\",\"inLanguage\":\"de\",\"@id\":\"https:\/\/nuevo-renacer.com\/#\/schema\/logo\/image\/\",\"url\":\"https:\/\/nuevo-renacer.com\/wp-content\/uploads\/2024\/05\/cropped-LOGO-TERMINADO1-3-3.png\",\"contentUrl\":\"https:\/\/nuevo-renacer.com\/wp-content\/uploads\/2024\/05\/cropped-LOGO-TERMINADO1-3-3.png\",\"width\":512,\"height\":512,\"caption\":\"UFEC\"},\"image\":{\"@id\":\"https:\/\/nuevo-renacer.com\/#\/schema\/logo\/image\/\"},\"sameAs\":[\"https:\/\/www.facebook.com\/groups\/3431398063740829\"]}]}<\/script>\n<!-- \/ Yoast SEO Premium plugin. -->","yoast_head_json":{"title":"Corn\u00e9lio Pires - Uni\u00f3n Esp\u00edrita","robots":{"index":"index","follow":"follow","max-snippet":"max-snippet:-1","max-image-preview":"max-image-preview:large","max-video-preview":"max-video-preview:-1"},"canonical":"https:\/\/nuevo-renacer.com\/de\/cornelio-pires\/","og_locale":"de_DE","og_type":"article","og_title":"Corn\u00e9lio Pires","og_description":"Corn\u00e9lio Pires Corn\u00e9lio Pires naci\u00f3 en la ciudad de Tiet\u00ea, en el estado de S\u00e3o Paulo, el 13 de julio de 1884, y muri\u00f3 en la ciudad de S\u00e3o Paulo el 17 de febrero de 1958. Hombre de personalidad inconfundible, se convirti\u00f3 en una figura popular y destacada en todo Brasil gracias al trabajo que [&hellip;]","og_url":"https:\/\/nuevo-renacer.com\/de\/cornelio-pires\/","og_site_name":"Uni\u00f3n Esp\u00edrita","article_publisher":"https:\/\/www.facebook.com\/groups\/3431398063740829","og_image":[{"width":115,"height":136,"url":"https:\/\/nuevo-renacer.com\/wp-content\/uploads\/2024\/12\/cornelio_pires.jpg","type":"image\/jpeg"}],"twitter_card":"summary_large_image","twitter_misc":{"Gesch\u00e4tzte Lesezeit":"4\u00a0Minuten"},"schema":{"@context":"https:\/\/schema.org","@graph":[{"@type":"WebPage","@id":"https:\/\/nuevo-renacer.com\/cornelio-pires\/","url":"https:\/\/nuevo-renacer.com\/cornelio-pires\/","name":"Corn\u00e9lio Pires - Uni\u00f3n Esp\u00edrita","isPartOf":{"@id":"https:\/\/nuevo-renacer.com\/#website"},"primaryImageOfPage":{"@id":"https:\/\/nuevo-renacer.com\/cornelio-pires\/#primaryimage"},"image":{"@id":"https:\/\/nuevo-renacer.com\/cornelio-pires\/#primaryimage"},"thumbnailUrl":"https:\/\/nuevo-renacer.com\/wp-content\/uploads\/2024\/12\/cornelio_pires.jpg","datePublished":"2024-12-23T12:22:36+00:00","breadcrumb":{"@id":"https:\/\/nuevo-renacer.com\/cornelio-pires\/#breadcrumb"},"inLanguage":"de","potentialAction":[{"@type":"ReadAction","target":["https:\/\/nuevo-renacer.com\/cornelio-pires\/"]}]},{"@type":"ImageObject","inLanguage":"de","@id":"https:\/\/nuevo-renacer.com\/cornelio-pires\/#primaryimage","url":"https:\/\/nuevo-renacer.com\/wp-content\/uploads\/2024\/12\/cornelio_pires.jpg","contentUrl":"https:\/\/nuevo-renacer.com\/wp-content\/uploads\/2024\/12\/cornelio_pires.jpg"},{"@type":"BreadcrumbList","@id":"https:\/\/nuevo-renacer.com\/cornelio-pires\/#breadcrumb","itemListElement":[{"@type":"ListItem","position":1,"name":"Startseite","item":"https:\/\/nuevo-renacer.com\/"},{"@type":"ListItem","position":2,"name":"Corn\u00e9lio Pires"}]},{"@type":"WebSite","@id":"https:\/\/nuevo-renacer.com\/#website","url":"https:\/\/nuevo-renacer.com\/","name":"Uni\u00f3n Esp\u00edrita","description":"Nuevo Renacer","publisher":{"@id":"https:\/\/nuevo-renacer.com\/#organization"},"potentialAction":[{"@type":"SearchAction","target":{"@type":"EntryPoint","urlTemplate":"https:\/\/nuevo-renacer.com\/?s={search_term_string}"},"query-input":{"@type":"PropertyValueSpecification","valueRequired":true,"valueName":"search_term_string"}}],"inLanguage":"de"},{"@type":"Organization","@id":"https:\/\/nuevo-renacer.com\/#organization","name":"UFEC","url":"https:\/\/nuevo-renacer.com\/","logo":{"@type":"ImageObject","inLanguage":"de","@id":"https:\/\/nuevo-renacer.com\/#\/schema\/logo\/image\/","url":"https:\/\/nuevo-renacer.com\/wp-content\/uploads\/2024\/05\/cropped-LOGO-TERMINADO1-3-3.png","contentUrl":"https:\/\/nuevo-renacer.com\/wp-content\/uploads\/2024\/05\/cropped-LOGO-TERMINADO1-3-3.png","width":512,"height":512,"caption":"UFEC"},"image":{"@id":"https:\/\/nuevo-renacer.com\/#\/schema\/logo\/image\/"},"sameAs":["https:\/\/www.facebook.com\/groups\/3431398063740829"]}]}},"uagb_featured_image_src":{"full":false,"thumbnail":false,"medium":false,"medium_large":false,"large":false,"1536x1536":false,"2048x2048":false,"trp-custom-language-flag":false},"uagb_author_info":{"display_name":"adbv0","author_link":"https:\/\/nuevo-renacer.com\/de\/author\/adbv0\/"},"uagb_comment_info":0,"uagb_excerpt":"Corn\u00e9lio Pires Corn\u00e9lio Pires naci\u00f3 en la ciudad de Tiet\u00ea, en el estado de S\u00e3o Paulo, el 13 de julio de 1884, y muri\u00f3 en la ciudad de S\u00e3o Paulo el 17 de febrero de 1958. Hombre de personalidad inconfundible, se convirti\u00f3 en una figura popular y destacada en todo Brasil gracias al trabajo que&hellip;","jetpack_sharing_enabled":true,"_links":{"self":[{"href":"https:\/\/nuevo-renacer.com\/de\/wp-json\/wp\/v2\/pages\/6619","targetHints":{"allow":["GET"]}}],"collection":[{"href":"https:\/\/nuevo-renacer.com\/de\/wp-json\/wp\/v2\/pages"}],"about":[{"href":"https:\/\/nuevo-renacer.com\/de\/wp-json\/wp\/v2\/types\/page"}],"author":[{"embeddable":true,"href":"https:\/\/nuevo-renacer.com\/de\/wp-json\/wp\/v2\/users\/1"}],"replies":[{"embeddable":true,"href":"https:\/\/nuevo-renacer.com\/de\/wp-json\/wp\/v2\/comments?post=6619"}],"version-history":[{"count":1,"href":"https:\/\/nuevo-renacer.com\/de\/wp-json\/wp\/v2\/pages\/6619\/revisions"}],"predecessor-version":[{"id":6621,"href":"https:\/\/nuevo-renacer.com\/de\/wp-json\/wp\/v2\/pages\/6619\/revisions\/6621"}],"wp:attachment":[{"href":"https:\/\/nuevo-renacer.com\/de\/wp-json\/wp\/v2\/media?parent=6619"}],"curies":[{"name":"wp","href":"https:\/\/api.w.org\/{rel}","templated":true}]}}