{"id":6482,"date":"2024-12-09T12:48:27","date_gmt":"2024-12-09T12:48:27","guid":{"rendered":"https:\/\/nuevo-renacer.com\/?page_id=6482"},"modified":"2024-12-17T11:01:11","modified_gmt":"2024-12-17T11:01:11","slug":"bertha-dudde","status":"publish","type":"page","link":"https:\/\/nuevo-renacer.com\/de\/bertha-dudde\/","title":{"rendered":"Bertha Dudde"},"content":{"rendered":"<div class=\"wp-block-uagb-container uagb-block-4f506914 alignfull uagb-is-root-container\"><div class=\"uagb-container-inner-blocks-wrap\">\n<p class=\"has-black-color has-text-color has-link-color has-medium-font-size wp-elements-bf6c936feb09291c27ab44623bb2bafd\"><strong>Bertha Dudde<\/strong><\/p>\n<\/div><\/div>\n\n\n\n<div class=\"wp-block-uagb-container uagb-block-95d94cf4 alignfull uagb-is-root-container\"><div class=\"uagb-container-inner-blocks-wrap\">\n<figure class=\"wp-block-image size-full is-resized\"><img fetchpriority=\"high\" decoding=\"async\" width=\"474\" height=\"330\" src=\"https:\/\/nuevo-renacer.com\/wp-content\/uploads\/2024\/12\/Bertha-Dudde.jpg\" alt=\"\" class=\"wp-image-6483\" style=\"width:290px;height:auto\" srcset=\"https:\/\/nuevo-renacer.com\/wp-content\/uploads\/2024\/12\/Bertha-Dudde.jpg 474w, https:\/\/nuevo-renacer.com\/wp-content\/uploads\/2024\/12\/Bertha-Dudde-300x209.jpg 300w, https:\/\/nuevo-renacer.com\/wp-content\/uploads\/2024\/12\/Bertha-Dudde-18x12.jpg 18w\" sizes=\"(max-width: 474px) 100vw, 474px\" \/><\/figure>\n<\/div><\/div>\n\n\n\n<div class=\"wp-block-uagb-container uagb-block-17b8c962 alignfull uagb-is-root-container\"><div class=\"uagb-container-inner-blocks-wrap\">\n<p class=\"has-black-color has-text-color has-link-color has-small-font-size wp-elements-8ec24c830e06de995e2a8639658ed7fc\">Bertha Dudde wurde am 01.04.1891 als zweit\u00e4lteste Tochter eines Kunstmalers in Liegnitz, Schlesien, geboren. Sie wuchs mit sechs Geschwistern als zweit\u00e4lteste Tochter eines Kunstmalers in \u00e4rmlichen Verh\u00e4ltnissen auf. Sie genoss lediglich die damals \u00fcbliche Volksschulbildung und \u00fcbte bereits fr\u00fch ihre Neigung zum Schneidern praktisch aus, um die Familie finanziell zu unterst\u00fctzen. Dieser T\u00e4tigkeit ging sie noch bis ins hohe Alter nach, um sich den Lebensunterhalt dadurch selbst zu erwirtschaften.<\/p>\n\n\n\n<p class=\"has-black-color has-text-color has-link-color has-small-font-size wp-elements-910d5af03e48c2c9e163f3de9eab3fce\">Dudde besa\u00df kaum nennenswertes konfessionelles Wissen und hielt sich selbst von kirchlichem Einfluss fern, weil sie einem Teil dieser Lehren ablehnend gegen\u00fcberstand, obwohl sie als \u00fcberzeugte Christin lebte.<\/p>\n\n\n\n<p class=\"has-black-color has-text-color has-link-color has-small-font-size wp-elements-78ac49ca5d433cd79044ad9e9f3499b0\"><strong>Kundgaben durch das 'Innere Wort'<\/strong><\/p>\n\n\n\n<p class=\"has-black-color has-text-color has-link-color has-small-font-size wp-elements-367b00eb33c58885db9beb4116837f10\">Bertha Dudde berichtet, wie es erstmals zum Empfang dieser Offenbarungen durch das sogenannten 'Innere Wort' (Verbalinspiration) kam:<\/p>\n\n\n\n<p class=\"has-black-color has-text-color has-link-color has-small-font-size wp-elements-25ffc78e2c7ebd8ebc004b84940c4a54\">\u00a0\u201eBeim Beten des Vaterunsers habe ich oft gefleht, dass der HERR mich doch Sein Reich finden lassen m\u00f6chte. Und dieses Gebet wurde erh\u00f6rt. Das war am 15. Juni 1937. Ich betete und achtete auf mein Inneres - ich blieb ganz still - in diesem Zustand verharrte ich oft, denn dabei \u00fcberkam mich immer ein wunderbarer Friede, und Gedanken, die ich dabei empfand - in der Herzgegend, nicht im Kopf - gaben mir Trost und Kraft\".<\/p>\n\n\n\n<p class=\"has-black-color has-text-color has-link-color has-small-font-size wp-elements-465ffb80ed36829a130520450fa02b66\">Noch wusste ich nicht, dass mir diese Gedanken \u201egegeben\u201c wurden. Bis ein sonderbares Traumerlebnis, das sich sp\u00e4ter als Wahrtraum erwies, mich veranlasste, diese \u2019Gedanken\u2018 aufzuschreiben. Und so lauschte ich auch an diesem denkw\u00fcrdigen Tag in mein Inneres, und da kam ganz klar und deutlich eine Wortkette, die ich niederschrieb. Es war das erste Kapitel, das mir gegeben wurde und das mit den Worten begann: \u201eIm Anfang war das Wort! Ein Tedeum dem Sch\u00f6pfer des Himmels und der Erde!\u201c<\/p>\n\n\n\n<p class=\"has-black-color has-text-color has-link-color has-small-font-size wp-elements-eaccd5cd99d461ab510b647bf5f19572\">Und dann kamen die Zweifel: Hast du das aus dir selbst geschrieben? - Kurz, ich habe gerungen, gebetet und viele innere K\u00e4mpfe gef\u00fchrt, aber immer wieder kamen die Worte wie ein Strom, eine Weisheitsf\u00fclle, vor der ich schauderte. - GOTT Selbst nahm mir die Zweifel, ER antwortete mir, und ich erkannte IHN in Seinem Wort als unseren VATER. Mein Glaube wuchs, die Zweifel wurden geringer, und ich empfing und schrieb t\u00e4glich.<\/p>\n\n\n\n<p class=\"has-black-color has-text-color has-link-color has-small-font-size wp-elements-f3d695e0a9200dc5a434c8300b7269dc\">Der Inhalt der Niederschriften ging \u00fcber mein Wissen hinaus. Nie geh\u00f6rte oder gelesene Ausdr\u00fccke, fremdsprachliche und wissenschaftliche Bezeichnungen und Hinweise flossen mir unaufhaltsam zu. Und dann die bisher nie geh\u00f6rten Liebe\u00e4u\u00dferungen des VATERS im Himmel, sie bilden letztlich Zuflucht und Aufschluss zu allen Fragen des Lebens.\u201c<\/p>\n\n\n\n<p class=\"has-black-color has-text-color has-link-color has-small-font-size wp-elements-b25b436572fb620999ce6be9dce9cb81\">\u00dcber die Art, wie sie diese Kundgaben durch das sogenannte 'innere Wort' empfing, berichtet Dudde:<\/p>\n\n\n\n<p class=\"has-black-color has-text-color has-link-color has-small-font-size wp-elements-772a852a1586b8a415ce8e15162c6c74\"><em>\u201eDie \u00dcbermittlung des \u201eWortes\u201c geschieht wie folgt: Nach innigem Gebet und kurzer Sammlung horche ich nach innen. Dort folgen jetzt die Gedanken klar herausgestellt, einzeln und deutlich flie\u00dfen die Worte - immer drei bis vier hintereinander - \u00e4hnlich der Radiodurchsage beim Seewetterbericht zum Mitschreiben. Langsam, so dass ich bequem mitschreiben kann, baut sich Satzteil an Satzteil. Ich schreibe die Worte stenographisch nieder, wie nach einem Diktat, ohne gedanklich oder konstruktiv daran beteiligt zu sein. Ich bin dabei auch keineswegs in einem sogenannten Trancezustand; ich forme auch nicht die S\u00e4tze, sondern es springen mir gewisserma\u00dfen die Worte einzeln zu, ohne dass ich w\u00e4hrend des Schreibens den Zusammenhang erfasse.<\/em><\/p>\n\n\n\n<p class=\"has-black-color has-text-color has-link-color has-small-font-size wp-elements-7fbd8443e173cba7bdb47a84c798590b\"><em>Nach Tagen, manchmal erst nach Wochen, \u00fcbertrage ich das Stenogramm in Reinschrift, ohne es zuvor durchzulesen, Wort f\u00fcr Wort, ohne auch nur eine Silbe zu \u00e4ndern oder zu \u201everbessern\u201c, in keinem Falle aber den Sinn des Gesagten auszuarbeiten oder zu stilisieren.<\/em><\/p>\n\n\n\n<p class=\"has-black-color has-text-color has-link-color has-small-font-size wp-elements-151a3458b28cf6f7b7430e4159154113\"><em>Die Zeitdauer eines solchen Diktates betr\u00e4gt etwa eine halbe Stunde. Ausdr\u00fccklich darf ich darauf hinweisen, dass der Vorgang keinen Zwangszustand duldet oder ekstatisch geschieht. Alles vollzieht sich n\u00fcchtern und einfach, ohne jegliche Erregung oder Beeinflussung des eigenen Willens. Jederzeit kann ich unterbrechen und nach Stunden oder Tagen die mitten im Satz unterbrochene Kundgabe wieder weiterschreiben. Ohne das vorher Gegebene durchgelesen zu haben, wird mir dann wieder flie\u00dfend weiter in die Feder diktiert.<\/em><\/p>\n\n\n\n<p class=\"has-black-color has-text-color has-link-color has-small-font-size wp-elements-44b34b27eece56f9a6b22b0a9da0ee7b\"><em>Mein Wille ist also frei von jeglichem Muss - was ich will, ist, dem Willen GOTTES zu dienen, also das tun zu d\u00fcrfen, was Sein heiliger Wille ist. Ich darf sagen, dass ich wie ein ABC-Sch\u00fctze in die g\u00f6ttliche Wahrheit eingef\u00fchrt wurde, in Begriffe, die mir in jeder Hinsicht fremd waren und fremd sein mussten.\"<\/em><\/p>\n\n\n\n<p class=\"has-black-color has-text-color has-link-color has-small-font-size wp-elements-9d96c4c6916198cc89d9037eac0373a4\"><em>Bei dem Mangel an allgemeiner Bildung kam ich mir immer vor wie ein unbeschriebenes Blatt. Geld- und Zeitmangel versagten mir, gute B\u00fccher zu lesen und Vortr\u00e4ge zu besuchen. Ich kannte nur angespanntes Arbeiten von fr\u00fch bis sp\u00e4t. Und dennoch erhielt ich t\u00e4glich die k\u00f6stlichen Zuwendungen an geistigem Gut, ohne aber zu wissen, f\u00fcr Wen ich sie noch erhielt.<\/em><\/p>\n\n\n\n<p class=\"has-black-color has-text-color has-link-color has-small-font-size wp-elements-13c35d3bbb32d7dcd85283d692e44944\"><em>Dass ich die Worte von Oben ohne Widerspruch annahm, h\u00e4ngt wohl mit meiner g\u00e4nzlichen Unkenntnis der Bibel und des katholischen Schrift- und Lehrguts zusammen.<\/em><\/p>\n\n\n\n<p class=\"has-black-color has-text-color has-link-color has-small-font-size wp-elements-3716a0bba5ccd8ebb6476027c97b53cd\"><em>Nach meiner jetzigen Erfahrung ist ein \u201eernsthafter Katholik oder Protestant\u201c, dessen Wissen in dogmatischen Lehrgrundlagen verankert ist, zu sehr auf diese ausgerichtet, um ohne Widerspruch und Vorbehalte diesen g\u00f6ttlichen Neuoffenbarungsworten n\u00e4her treten zu k\u00f6nnen und sie in sich ausreifen zu lassen.\u201c<\/em><\/p>\n\n\n\n<p class=\"has-black-color has-text-color has-link-color has-small-font-size wp-elements-697c30d94d4a8eb317b222c5c303849b\"><strong>Umfang des Gesamtwerkes<\/strong><\/p>\n\n\n\n<p class=\"has-black-color has-text-color has-link-color has-small-font-size wp-elements-ad1f63076cd3357f8a10adafc76498f0\">Das Gesamtwerk ihrer verbal-inspiriert zwischen 1937 bis 1965 niedergeschriebenen Offenbarungen besteht aus 9030 fortlaufend nummerierten und datierten Einzelkundgaben, mit jeweils unterschiedlichen und abgeschlossenen Inhalten. Sie wurden sp\u00e4ter von verschiedenen Herausgebern zu Themenschwerpunkten zusammengefasst und in mehrere Sprachen \u00fcbersetzt.<\/p>\n\n\n\n<p class=\"has-black-color has-text-color has-link-color has-small-font-size wp-elements-48404bc4c5bf7559b0f4e1d2fb0a3aad\">Bertha Dudde starb am 18.09.1965 in Leverkusen.<\/p>\n<\/div><\/div>\n\n\n\n<div class=\"wp-block-uagb-container uagb-block-cfffa3ff alignfull uagb-is-root-container\"><div class=\"uagb-container-inner-blocks-wrap\"><\/div><\/div>\n\n\n\n<div class=\"wp-block-uagb-container uagb-block-bce7d8e9 alignfull uagb-is-root-container\"><div class=\"uagb-container-inner-blocks-wrap\"><\/div><\/div>","protected":false},"excerpt":{"rendered":"<p>Bertha Dudde Bertha Dudde naci\u00f3 el 1 de abril de 1891 como segunda hija mayor de un pintor en Liegnitz, Silesia. Creci\u00f3 con seis hermanos como segunda hija mayor de un pintor en una situaci\u00f3n de pobreza. S\u00f3lo recibi\u00f3 la educaci\u00f3n elemental habitual de la \u00e9poca y practic\u00f3 su afici\u00f3n a la sastrer\u00eda desde muy [&hellip;]<\/p>","protected":false},"author":1,"featured_media":0,"parent":0,"menu_order":0,"comment_status":"closed","ping_status":"closed","template":"","meta":{"_uag_custom_page_level_css":"","site-sidebar-layout":"default","site-content-layout":"","ast-site-content-layout":"default","site-content-style":"default","site-sidebar-style":"default","ast-global-header-display":"","ast-banner-title-visibility":"","ast-main-header-display":"","ast-hfb-above-header-display":"","ast-hfb-below-header-display":"","ast-hfb-mobile-header-display":"","site-post-title":"disabled","ast-breadcrumbs-content":"","ast-featured-img":"","footer-sml-layout":"","theme-transparent-header-meta":"","adv-header-id-meta":"","stick-header-meta":"","header-above-stick-meta":"","header-main-stick-meta":"","header-below-stick-meta":"","astra-migrate-meta-layouts":"set","ast-page-background-enabled":"default","ast-page-background-meta":{"desktop":{"background-color":"var(--ast-global-color-4)","background-image":"","background-repeat":"repeat","background-position":"center center","background-size":"auto","background-attachment":"scroll","background-type":"","background-media":"","overlay-type":"","overlay-color":"","overlay-opacity":"","overlay-gradient":""},"tablet":{"background-color":"","background-image":"","background-repeat":"repeat","background-position":"center center","background-size":"auto","background-attachment":"scroll","background-type":"","background-media":"","overlay-type":"","overlay-color":"","overlay-opacity":"","overlay-gradient":""},"mobile":{"background-color":"","background-image":"","background-repeat":"repeat","background-position":"center center","background-size":"auto","background-attachment":"scroll","background-type":"","background-media":"","overlay-type":"","overlay-color":"","overlay-opacity":"","overlay-gradient":""}},"ast-content-background-meta":{"desktop":{"background-color":"var(--ast-global-color-5)","background-image":"","background-repeat":"repeat","background-position":"center center","background-size":"auto","background-attachment":"scroll","background-type":"","background-media":"","overlay-type":"","overlay-color":"","overlay-opacity":"","overlay-gradient":""},"tablet":{"background-color":"var(--ast-global-color-5)","background-image":"","background-repeat":"repeat","background-position":"center center","background-size":"auto","background-attachment":"scroll","background-type":"","background-media":"","overlay-type":"","overlay-color":"","overlay-opacity":"","overlay-gradient":""},"mobile":{"background-color":"var(--ast-global-color-5)","background-image":"","background-repeat":"repeat","background-position":"center center","background-size":"auto","background-attachment":"scroll","background-type":"","background-media":"","overlay-type":"","overlay-color":"","overlay-opacity":"","overlay-gradient":""}},"footnotes":""},"class_list":["post-6482","page","type-page","status-publish","hentry"],"yoast_head":"<!-- This site is optimized with the Yoast SEO Premium plugin v24.2 (Yoast SEO v24.6) - https:\/\/yoast.com\/wordpress\/plugins\/seo\/ -->\n<title>Bertha Dudde - Uni\u00f3n Esp\u00edrita<\/title>\n<meta name=\"robots\" content=\"index, follow, max-snippet:-1, max-image-preview:large, max-video-preview:-1\" \/>\n<link rel=\"canonical\" href=\"https:\/\/nuevo-renacer.com\/de\/bertha-dudde\/\" \/>\n<meta property=\"og:locale\" content=\"de_DE\" \/>\n<meta property=\"og:type\" content=\"article\" \/>\n<meta property=\"og:title\" content=\"Bertha Dudde\" \/>\n<meta property=\"og:description\" content=\"Bertha Dudde Bertha Dudde naci\u00f3 el 1 de abril de 1891 como segunda hija mayor de un pintor en Liegnitz, Silesia. Creci\u00f3 con seis hermanos como segunda hija mayor de un pintor en una situaci\u00f3n de pobreza. S\u00f3lo recibi\u00f3 la educaci\u00f3n elemental habitual de la \u00e9poca y practic\u00f3 su afici\u00f3n a la sastrer\u00eda desde muy [&hellip;]\" \/>\n<meta property=\"og:url\" content=\"https:\/\/nuevo-renacer.com\/de\/bertha-dudde\/\" \/>\n<meta property=\"og:site_name\" content=\"Uni\u00f3n Esp\u00edrita\" \/>\n<meta property=\"article:publisher\" content=\"https:\/\/www.facebook.com\/groups\/3431398063740829\" \/>\n<meta property=\"article:modified_time\" content=\"2024-12-17T11:01:11+00:00\" \/>\n<meta property=\"og:image\" content=\"https:\/\/nuevo-renacer.com\/wp-content\/uploads\/2024\/12\/Bertha-Dudde.jpg\" \/>\n\t<meta property=\"og:image:width\" content=\"474\" \/>\n\t<meta property=\"og:image:height\" content=\"330\" \/>\n\t<meta property=\"og:image:type\" content=\"image\/jpeg\" \/>\n<meta name=\"twitter:card\" content=\"summary_large_image\" \/>\n<meta name=\"twitter:label1\" content=\"Gesch\u00e4tzte Lesezeit\" \/>\n\t<meta name=\"twitter:data1\" content=\"5\u00a0Minuten\" \/>\n<script type=\"application\/ld+json\" class=\"yoast-schema-graph\">{\"@context\":\"https:\/\/schema.org\",\"@graph\":[{\"@type\":\"WebPage\",\"@id\":\"https:\/\/nuevo-renacer.com\/bertha-dudde\/\",\"url\":\"https:\/\/nuevo-renacer.com\/bertha-dudde\/\",\"name\":\"Bertha Dudde - Uni\u00f3n Esp\u00edrita\",\"isPartOf\":{\"@id\":\"https:\/\/nuevo-renacer.com\/#website\"},\"primaryImageOfPage\":{\"@id\":\"https:\/\/nuevo-renacer.com\/bertha-dudde\/#primaryimage\"},\"image\":{\"@id\":\"https:\/\/nuevo-renacer.com\/bertha-dudde\/#primaryimage\"},\"thumbnailUrl\":\"https:\/\/nuevo-renacer.com\/wp-content\/uploads\/2024\/12\/Bertha-Dudde.jpg\",\"datePublished\":\"2024-12-09T12:48:27+00:00\",\"dateModified\":\"2024-12-17T11:01:11+00:00\",\"breadcrumb\":{\"@id\":\"https:\/\/nuevo-renacer.com\/bertha-dudde\/#breadcrumb\"},\"inLanguage\":\"de\",\"potentialAction\":[{\"@type\":\"ReadAction\",\"target\":[\"https:\/\/nuevo-renacer.com\/bertha-dudde\/\"]}]},{\"@type\":\"ImageObject\",\"inLanguage\":\"de\",\"@id\":\"https:\/\/nuevo-renacer.com\/bertha-dudde\/#primaryimage\",\"url\":\"https:\/\/nuevo-renacer.com\/wp-content\/uploads\/2024\/12\/Bertha-Dudde.jpg\",\"contentUrl\":\"https:\/\/nuevo-renacer.com\/wp-content\/uploads\/2024\/12\/Bertha-Dudde.jpg\"},{\"@type\":\"BreadcrumbList\",\"@id\":\"https:\/\/nuevo-renacer.com\/bertha-dudde\/#breadcrumb\",\"itemListElement\":[{\"@type\":\"ListItem\",\"position\":1,\"name\":\"Startseite\",\"item\":\"https:\/\/nuevo-renacer.com\/\"},{\"@type\":\"ListItem\",\"position\":2,\"name\":\"Bertha Dudde\"}]},{\"@type\":\"WebSite\",\"@id\":\"https:\/\/nuevo-renacer.com\/#website\",\"url\":\"https:\/\/nuevo-renacer.com\/\",\"name\":\"Uni\u00f3n Esp\u00edrita\",\"description\":\"Nuevo Renacer\",\"publisher\":{\"@id\":\"https:\/\/nuevo-renacer.com\/#organization\"},\"potentialAction\":[{\"@type\":\"SearchAction\",\"target\":{\"@type\":\"EntryPoint\",\"urlTemplate\":\"https:\/\/nuevo-renacer.com\/?s={search_term_string}\"},\"query-input\":{\"@type\":\"PropertyValueSpecification\",\"valueRequired\":true,\"valueName\":\"search_term_string\"}}],\"inLanguage\":\"de\"},{\"@type\":\"Organization\",\"@id\":\"https:\/\/nuevo-renacer.com\/#organization\",\"name\":\"UFEC\",\"url\":\"https:\/\/nuevo-renacer.com\/\",\"logo\":{\"@type\":\"ImageObject\",\"inLanguage\":\"de\",\"@id\":\"https:\/\/nuevo-renacer.com\/#\/schema\/logo\/image\/\",\"url\":\"https:\/\/nuevo-renacer.com\/wp-content\/uploads\/2024\/05\/cropped-LOGO-TERMINADO1-3-3.png\",\"contentUrl\":\"https:\/\/nuevo-renacer.com\/wp-content\/uploads\/2024\/05\/cropped-LOGO-TERMINADO1-3-3.png\",\"width\":512,\"height\":512,\"caption\":\"UFEC\"},\"image\":{\"@id\":\"https:\/\/nuevo-renacer.com\/#\/schema\/logo\/image\/\"},\"sameAs\":[\"https:\/\/www.facebook.com\/groups\/3431398063740829\"]}]}<\/script>\n<!-- \/ Yoast SEO Premium plugin. -->","yoast_head_json":{"title":"Bertha Dudde - Uni\u00f3n Esp\u00edrita","robots":{"index":"index","follow":"follow","max-snippet":"max-snippet:-1","max-image-preview":"max-image-preview:large","max-video-preview":"max-video-preview:-1"},"canonical":"https:\/\/nuevo-renacer.com\/de\/bertha-dudde\/","og_locale":"de_DE","og_type":"article","og_title":"Bertha Dudde","og_description":"Bertha Dudde Bertha Dudde naci\u00f3 el 1 de abril de 1891 como segunda hija mayor de un pintor en Liegnitz, Silesia. Creci\u00f3 con seis hermanos como segunda hija mayor de un pintor en una situaci\u00f3n de pobreza. S\u00f3lo recibi\u00f3 la educaci\u00f3n elemental habitual de la \u00e9poca y practic\u00f3 su afici\u00f3n a la sastrer\u00eda desde muy [&hellip;]","og_url":"https:\/\/nuevo-renacer.com\/de\/bertha-dudde\/","og_site_name":"Uni\u00f3n Esp\u00edrita","article_publisher":"https:\/\/www.facebook.com\/groups\/3431398063740829","article_modified_time":"2024-12-17T11:01:11+00:00","og_image":[{"width":474,"height":330,"url":"https:\/\/nuevo-renacer.com\/wp-content\/uploads\/2024\/12\/Bertha-Dudde.jpg","type":"image\/jpeg"}],"twitter_card":"summary_large_image","twitter_misc":{"Gesch\u00e4tzte Lesezeit":"5\u00a0Minuten"},"schema":{"@context":"https:\/\/schema.org","@graph":[{"@type":"WebPage","@id":"https:\/\/nuevo-renacer.com\/bertha-dudde\/","url":"https:\/\/nuevo-renacer.com\/bertha-dudde\/","name":"Bertha Dudde - Uni\u00f3n Esp\u00edrita","isPartOf":{"@id":"https:\/\/nuevo-renacer.com\/#website"},"primaryImageOfPage":{"@id":"https:\/\/nuevo-renacer.com\/bertha-dudde\/#primaryimage"},"image":{"@id":"https:\/\/nuevo-renacer.com\/bertha-dudde\/#primaryimage"},"thumbnailUrl":"https:\/\/nuevo-renacer.com\/wp-content\/uploads\/2024\/12\/Bertha-Dudde.jpg","datePublished":"2024-12-09T12:48:27+00:00","dateModified":"2024-12-17T11:01:11+00:00","breadcrumb":{"@id":"https:\/\/nuevo-renacer.com\/bertha-dudde\/#breadcrumb"},"inLanguage":"de","potentialAction":[{"@type":"ReadAction","target":["https:\/\/nuevo-renacer.com\/bertha-dudde\/"]}]},{"@type":"ImageObject","inLanguage":"de","@id":"https:\/\/nuevo-renacer.com\/bertha-dudde\/#primaryimage","url":"https:\/\/nuevo-renacer.com\/wp-content\/uploads\/2024\/12\/Bertha-Dudde.jpg","contentUrl":"https:\/\/nuevo-renacer.com\/wp-content\/uploads\/2024\/12\/Bertha-Dudde.jpg"},{"@type":"BreadcrumbList","@id":"https:\/\/nuevo-renacer.com\/bertha-dudde\/#breadcrumb","itemListElement":[{"@type":"ListItem","position":1,"name":"Startseite","item":"https:\/\/nuevo-renacer.com\/"},{"@type":"ListItem","position":2,"name":"Bertha Dudde"}]},{"@type":"WebSite","@id":"https:\/\/nuevo-renacer.com\/#website","url":"https:\/\/nuevo-renacer.com\/","name":"Uni\u00f3n Esp\u00edrita","description":"Nuevo Renacer","publisher":{"@id":"https:\/\/nuevo-renacer.com\/#organization"},"potentialAction":[{"@type":"SearchAction","target":{"@type":"EntryPoint","urlTemplate":"https:\/\/nuevo-renacer.com\/?s={search_term_string}"},"query-input":{"@type":"PropertyValueSpecification","valueRequired":true,"valueName":"search_term_string"}}],"inLanguage":"de"},{"@type":"Organization","@id":"https:\/\/nuevo-renacer.com\/#organization","name":"UFEC","url":"https:\/\/nuevo-renacer.com\/","logo":{"@type":"ImageObject","inLanguage":"de","@id":"https:\/\/nuevo-renacer.com\/#\/schema\/logo\/image\/","url":"https:\/\/nuevo-renacer.com\/wp-content\/uploads\/2024\/05\/cropped-LOGO-TERMINADO1-3-3.png","contentUrl":"https:\/\/nuevo-renacer.com\/wp-content\/uploads\/2024\/05\/cropped-LOGO-TERMINADO1-3-3.png","width":512,"height":512,"caption":"UFEC"},"image":{"@id":"https:\/\/nuevo-renacer.com\/#\/schema\/logo\/image\/"},"sameAs":["https:\/\/www.facebook.com\/groups\/3431398063740829"]}]}},"uagb_featured_image_src":{"full":false,"thumbnail":false,"medium":false,"medium_large":false,"large":false,"1536x1536":false,"2048x2048":false,"trp-custom-language-flag":false},"uagb_author_info":{"display_name":"adbv0","author_link":"https:\/\/nuevo-renacer.com\/de\/author\/adbv0\/"},"uagb_comment_info":0,"uagb_excerpt":"Bertha Dudde Bertha Dudde naci\u00f3 el 1 de abril de 1891 como segunda hija mayor de un pintor en Liegnitz, Silesia. Creci\u00f3 con seis hermanos como segunda hija mayor de un pintor en una situaci\u00f3n de pobreza. S\u00f3lo recibi\u00f3 la educaci\u00f3n elemental habitual de la \u00e9poca y practic\u00f3 su afici\u00f3n a la sastrer\u00eda desde muy&hellip;","jetpack_sharing_enabled":true,"_links":{"self":[{"href":"https:\/\/nuevo-renacer.com\/de\/wp-json\/wp\/v2\/pages\/6482","targetHints":{"allow":["GET"]}}],"collection":[{"href":"https:\/\/nuevo-renacer.com\/de\/wp-json\/wp\/v2\/pages"}],"about":[{"href":"https:\/\/nuevo-renacer.com\/de\/wp-json\/wp\/v2\/types\/page"}],"author":[{"embeddable":true,"href":"https:\/\/nuevo-renacer.com\/de\/wp-json\/wp\/v2\/users\/1"}],"replies":[{"embeddable":true,"href":"https:\/\/nuevo-renacer.com\/de\/wp-json\/wp\/v2\/comments?post=6482"}],"version-history":[{"count":5,"href":"https:\/\/nuevo-renacer.com\/de\/wp-json\/wp\/v2\/pages\/6482\/revisions"}],"predecessor-version":[{"id":6551,"href":"https:\/\/nuevo-renacer.com\/de\/wp-json\/wp\/v2\/pages\/6482\/revisions\/6551"}],"wp:attachment":[{"href":"https:\/\/nuevo-renacer.com\/de\/wp-json\/wp\/v2\/media?parent=6482"}],"curies":[{"name":"wp","href":"https:\/\/api.w.org\/{rel}","templated":true}]}}