{"id":6473,"date":"2024-12-09T12:06:22","date_gmt":"2024-12-09T12:06:22","guid":{"rendered":"https:\/\/nuevo-renacer.com\/?page_id=6473"},"modified":"2025-01-03T12:07:53","modified_gmt":"2025-01-03T12:07:53","slug":"luisa-capetillo-peron","status":"publish","type":"page","link":"https:\/\/nuevo-renacer.com\/de\/luisa-capetillo-peron\/","title":{"rendered":"Luisa Capetillo Per\u00f3n"},"content":{"rendered":"<div class=\"wp-block-uagb-container uagb-block-f03f3b92 alignfull uagb-is-root-container\"><div class=\"uagb-container-inner-blocks-wrap\">\n<p class=\"has-black-color has-text-color has-link-color has-medium-font-size wp-elements-c98e0ae73003c54eb50c13a73f5d5539\"><strong>Luisa Cepetillo Per\u00f3n<\/strong><\/p>\n<\/div><\/div>\n\n\n\n<div class=\"wp-block-uagb-container uagb-block-25426a48 alignfull uagb-is-root-container\"><div class=\"uagb-container-inner-blocks-wrap\">\n<figure class=\"wp-block-image size-full is-resized\"><img fetchpriority=\"high\" decoding=\"async\" width=\"183\" height=\"275\" src=\"https:\/\/nuevo-renacer.com\/wp-content\/uploads\/2024\/12\/images.jpg\" alt=\"\" class=\"wp-image-6474\" style=\"width:264px;height:auto\" srcset=\"https:\/\/nuevo-renacer.com\/wp-content\/uploads\/2024\/12\/images.jpg 183w, https:\/\/nuevo-renacer.com\/wp-content\/uploads\/2024\/12\/images-8x12.jpg 8w\" sizes=\"(max-width: 183px) 100vw, 183px\" \/><\/figure>\n<\/div><\/div>\n\n\n\n<div class=\"wp-block-uagb-container uagb-block-17dd5f76 alignfull uagb-is-root-container\"><div class=\"uagb-container-inner-blocks-wrap\">\n<p class=\"has-black-color has-text-color has-link-color has-small-font-size wp-elements-3ed4e7519ccd1facaebcbefc346a46db\">Luisa Capetillo Per\u00f3n wurde am 28. Oktober 1879 in Arecibo geboren. Ihr Vater, Luis Capetillo, stammte aus der baskischen Provinz Spanien; Er war von fortschrittlichen Vorstellungen von B\u00fcrger- und Arbeitnehmerrechten beeinflusst. Ihre Mutter, Margarita Per\u00f3n, kam Mitte des 19. Jahrhunderts aus Frankreich auf die Insel. Sie war ein Einzelkind.\u00a0<\/p>\n\n\n\n<p class=\"has-black-color has-text-color has-link-color has-small-font-size wp-elements-003fcaf62c4fd678bd5e23aa8e598697\">Nachdem Luisas Vater ihr das Lesen, Schreiben und die Regeln der Mathematik beigebracht hatte, besuchte Luisa die \u00f6ffentliche Schule von Do\u00f1a Mar\u00eda Sierra Soler. F\u00fcr ihre akademische Begabung wurde sie mit Preisen ausgezeichnet. Dies war die Art von Bildung, die Frauen zu ihrer Zeit erhielten. Luisa hatte Zugang zu franz\u00f6sischer Literatur, da sie die Sprache von ihrer Mutter lernte, und ihre Liebe zum Lesen machte sie zur Autodidaktin.<\/p>\n\n\n\n<p class=\"has-black-color has-text-color has-link-color has-small-font-size wp-elements-72aac62a78f5bdf062c1a16a3d1e3d46\">Sie war eine Verfechterin der freien Liebe, der rationalistischen Schule, des Spiritismus, des Vegetarismus und der k\u00f6rperlichen Bet\u00e4tigung als Lebensweise. Im Jahr 1904 begann sie, Essays zu schreiben. Sie hatte drei Kinder, ohne verheiratet zu sein.<\/p>\n\n\n\n<p class=\"has-black-color has-text-color has-link-color has-small-font-size wp-elements-43ad9539238cb1297450b7cd7ea2a473\">Sie war eine prominente Arbeiterf\u00fchrerin, Feministin und Schriftstellerin; sie arbeitete in der Nadelindustrie, um ihre Familie zu ern\u00e4hren.&nbsp;<\/p>\n\n\n\n<p class=\"has-black-color has-text-color has-link-color has-small-font-size wp-elements-7d8950b2af7a022b3a21ae0edce03f9f\">Sp\u00e4ter schreibt sie Beitr\u00e4ge f\u00fcr Arbeiterpublikationen, eine T\u00e4tigkeit, die sie ihr Leben lang aus\u00fcbt. 1906 begann sie als Lektorin in den Tabakfabriken ihrer Heimatstadt zu arbeiten, wo sie dem Verband der Tabakverdreher beitrat, einer Gewerkschaft, die der Freien F\u00f6deration der Arbeiter von Puerto Rico angeschlossen war.<\/p>\n\n\n\n<p class=\"has-black-color has-text-color has-link-color has-small-font-size wp-elements-fe8be592e15d5cf56e785de921d189de\">Luisa setzte sich f\u00fcr das Frauenwahlrecht und das allgemeine Wahlrecht ein, ihr Hauptanliegen war jedoch die gewerkschaftliche Organisation von Frauen. Im Jahr 1910 ver\u00f6ffentlichte sie ihr Buch Humanity in the Future.&nbsp;<em>La humanidad en el futuro<\/em>.<\/p>\n\n\n\n<p class=\"has-black-color has-text-color has-link-color has-small-font-size wp-elements-1ee3c587bdfed1b9ecf1fb6df36dedd1\">Sie gab auch eine Zeitschrift \u201eLa mujer\u201c (Die Frau)  heraus, von der kein Exemplar erhalten ist. In mehreren ihrer Schriften steht das Thema der Verteidigung der Frauen und ihrer Rechte im Vordergrund.&nbsp;<\/p>\n\n\n\n<p class=\"has-black-color has-text-color has-link-color has-small-font-size wp-elements-9b1275fcd3b5a03a65aacdc85cea3c64\">Sie war die erste Frau in Puerto Rico, die Hosen trug, was sogar dazu f\u00fchrte, dass sie in Kuba auf einer Reise auf die Nachbarinsel verhaftet wurde. Sie selbst verteidigte sich gegen die Anschuldigungen, da es kein Gesetz gab, das diese Praxis verbot, abgesehen von der Kultur oder dem Machismo der damaligen Zeit. Als sie um einen Beweis f\u00fcr das Verbot bat, der jedoch nicht erbracht wurde, wurde sie freigelassen. Nach ihrer R\u00fcckkehr auf die Insel beteiligte sie sich als Gewerkschaftsf\u00fchrerin an landwirtschaftlichen Streiks in Patillas, Ceiba und Vieques.&nbsp;<\/p>\n\n\n\n<p class=\"has-black-color has-text-color has-link-color has-small-font-size wp-elements-64ca2b176909a8bef359738033382557\">Capetillo war eine gl\u00e4ubige Anh\u00e4ngerin und F\u00f6rderin des Spiritismus, den sie nutzte, um sich auszudr\u00fccken und die Gleichheit aller Menschen auf der Erde zu f\u00f6rdern. In ihren B\u00fcchern sprach sie von der Notwendigkeit, die Menschen auf diese Weise zu erziehen, was sie heute zu einer Vordenkerin jener Jahre macht. In ihren B\u00fcchern und Werken sprach sie viel \u00fcber Armut und Gemeinschaften und setzte sich sogar mit Themen wie dem Anarchismus auseinander.&nbsp;<\/p>\n\n\n\n<p class=\"has-black-color has-text-color has-link-color has-small-font-size wp-elements-72de0b58fb241ca736b732d4c9f4c4e8\">Sie ver\u00f6ffentlichte vier B\u00fccher:<\/p>\n\n\n\n<ul class=\"wp-block-list\">\n<li class=\"has-black-color has-text-color has-link-color has-small-font-size wp-elements-9c79a65fbca00d2c9ec9e9699e56dd8e\">Libert\u00e4re Essays (1907)<\/li>\n<\/ul>\n\n\n\n<ul class=\"wp-block-list\">\n<li class=\"has-black-color has-text-color has-link-color has-small-font-size wp-elements-16bbeae7588145f9f3e883ae4aaa9eae\">Die Menschheit in der Zukunft (1910)<\/li>\n<\/ul>\n\n\n\n<ul class=\"wp-block-list\">\n<li class=\"has-black-color has-text-color has-link-color has-small-font-size wp-elements-18f3af81031ec2dc20df9f8243985d62\">My Opinion on the Rights, Responsibilities, and Duties of Woman (erste Auflage, 1911; zweite Auflage, 1913)&nbsp;<\/li>\n<\/ul>\n\n\n\n<ul class=\"wp-block-list\">\n<li class=\"has-black-color has-text-color has-link-color has-small-font-size wp-elements-7fac9d81481e480b4bfa6c0eb377e70a\">Einfl\u00fcsse der modernen Ideen (1916)<\/li>\n<\/ul>\n\n\n\n<p class=\"has-black-color has-text-color has-link-color has-small-font-size wp-elements-08e4abb89beba52e4d3c872c38533672\">Sie starb am 10. April 1922 im Alter von 43 Jahren in Rio Piedras, Puerto Rico, an Tuberkulose. In der Zeitung \u201eUni\u00f3n Obrera\u201c vom 15. April 1922 hie\u00df es zu ihrem Tod: \u201eIhr Begr\u00e4bnis war d\u00fcrftig, wie es regelm\u00e4\u00dfig bei den f\u00fchrenden Aposteln der gro\u00dfen Anliegen der Menschheit der Fall war.\"<\/p>\n<\/div><\/div>\n\n\n\n<div class=\"wp-block-uagb-container uagb-block-5f1c68d9 alignfull uagb-is-root-container\"><div class=\"uagb-container-inner-blocks-wrap\"><\/div><\/div>\n\n\n\n<div class=\"wp-block-uagb-container uagb-block-2ce7fac0 alignfull uagb-is-root-container\"><div class=\"uagb-container-inner-blocks-wrap\"><\/div><\/div>","protected":false},"excerpt":{"rendered":"<p>Luisa Cepetillo Per\u00f3n Luisa Capetillo Per\u00f3n naci\u00f3 en Arecibo\u00a0el 28 de octubre de 1879. Su padre, Luis Capetillo, proven\u00eda de la Provincia Vasca de Espa\u00f1a; hab\u00eda sido influenciado por las ideas avanzadas de los derechos del ciudadano y del obrero. Su madre, Margarita Per\u00f3n, lleg\u00f3 a la isla desde Francia a mediados del Siglo XIX. [&hellip;]<\/p>","protected":false},"author":1,"featured_media":0,"parent":0,"menu_order":0,"comment_status":"closed","ping_status":"closed","template":"","meta":{"_uag_custom_page_level_css":"","site-sidebar-layout":"default","site-content-layout":"","ast-site-content-layout":"default","site-content-style":"default","site-sidebar-style":"default","ast-global-header-display":"","ast-banner-title-visibility":"","ast-main-header-display":"","ast-hfb-above-header-display":"","ast-hfb-below-header-display":"","ast-hfb-mobile-header-display":"","site-post-title":"disabled","ast-breadcrumbs-content":"","ast-featured-img":"","footer-sml-layout":"","theme-transparent-header-meta":"","adv-header-id-meta":"","stick-header-meta":"","header-above-stick-meta":"","header-main-stick-meta":"","header-below-stick-meta":"","astra-migrate-meta-layouts":"set","ast-page-background-enabled":"default","ast-page-background-meta":{"desktop":{"background-color":"var(--ast-global-color-4)","background-image":"","background-repeat":"repeat","background-position":"center center","background-size":"auto","background-attachment":"scroll","background-type":"","background-media":"","overlay-type":"","overlay-color":"","overlay-opacity":"","overlay-gradient":""},"tablet":{"background-color":"","background-image":"","background-repeat":"repeat","background-position":"center center","background-size":"auto","background-attachment":"scroll","background-type":"","background-media":"","overlay-type":"","overlay-color":"","overlay-opacity":"","overlay-gradient":""},"mobile":{"background-color":"","background-image":"","background-repeat":"repeat","background-position":"center center","background-size":"auto","background-attachment":"scroll","background-type":"","background-media":"","overlay-type":"","overlay-color":"","overlay-opacity":"","overlay-gradient":""}},"ast-content-background-meta":{"desktop":{"background-color":"var(--ast-global-color-5)","background-image":"","background-repeat":"repeat","background-position":"center center","background-size":"auto","background-attachment":"scroll","background-type":"","background-media":"","overlay-type":"","overlay-color":"","overlay-opacity":"","overlay-gradient":""},"tablet":{"background-color":"var(--ast-global-color-5)","background-image":"","background-repeat":"repeat","background-position":"center center","background-size":"auto","background-attachment":"scroll","background-type":"","background-media":"","overlay-type":"","overlay-color":"","overlay-opacity":"","overlay-gradient":""},"mobile":{"background-color":"var(--ast-global-color-5)","background-image":"","background-repeat":"repeat","background-position":"center center","background-size":"auto","background-attachment":"scroll","background-type":"","background-media":"","overlay-type":"","overlay-color":"","overlay-opacity":"","overlay-gradient":""}},"footnotes":""},"class_list":["post-6473","page","type-page","status-publish","hentry"],"yoast_head":"<!-- This site is optimized with the Yoast SEO Premium plugin v24.2 (Yoast SEO v24.6) - https:\/\/yoast.com\/wordpress\/plugins\/seo\/ -->\n<title>Luisa Capetillo Per\u00f3n - Uni\u00f3n Esp\u00edrita<\/title>\n<meta name=\"robots\" content=\"index, follow, max-snippet:-1, max-image-preview:large, max-video-preview:-1\" \/>\n<link rel=\"canonical\" href=\"https:\/\/nuevo-renacer.com\/de\/luisa-capetillo-peron\/\" \/>\n<meta property=\"og:locale\" content=\"de_DE\" \/>\n<meta property=\"og:type\" content=\"article\" \/>\n<meta property=\"og:title\" content=\"Luisa Capetillo Per\u00f3n\" \/>\n<meta property=\"og:description\" content=\"Luisa Cepetillo Per\u00f3n Luisa Capetillo Per\u00f3n naci\u00f3 en Arecibo\u00a0el 28 de octubre de 1879. Su padre, Luis Capetillo, proven\u00eda de la Provincia Vasca de Espa\u00f1a; hab\u00eda sido influenciado por las ideas avanzadas de los derechos del ciudadano y del obrero. Su madre, Margarita Per\u00f3n, lleg\u00f3 a la isla desde Francia a mediados del Siglo XIX. [&hellip;]\" \/>\n<meta property=\"og:url\" content=\"https:\/\/nuevo-renacer.com\/de\/luisa-capetillo-peron\/\" \/>\n<meta property=\"og:site_name\" content=\"Uni\u00f3n Esp\u00edrita\" \/>\n<meta property=\"article:publisher\" content=\"https:\/\/www.facebook.com\/groups\/3431398063740829\" \/>\n<meta property=\"article:modified_time\" content=\"2025-01-03T12:07:53+00:00\" \/>\n<meta property=\"og:image\" content=\"https:\/\/nuevo-renacer.com\/wp-content\/uploads\/2024\/12\/images.jpg\" \/>\n\t<meta property=\"og:image:width\" content=\"183\" \/>\n\t<meta property=\"og:image:height\" content=\"275\" \/>\n\t<meta property=\"og:image:type\" content=\"image\/jpeg\" \/>\n<meta name=\"twitter:card\" content=\"summary_large_image\" \/>\n<meta name=\"twitter:label1\" content=\"Gesch\u00e4tzte Lesezeit\" \/>\n\t<meta name=\"twitter:data1\" content=\"3\u00a0Minuten\" \/>\n<script type=\"application\/ld+json\" class=\"yoast-schema-graph\">{\"@context\":\"https:\/\/schema.org\",\"@graph\":[{\"@type\":\"WebPage\",\"@id\":\"https:\/\/nuevo-renacer.com\/luisa-capetillo-peron\/\",\"url\":\"https:\/\/nuevo-renacer.com\/luisa-capetillo-peron\/\",\"name\":\"Luisa Capetillo Per\u00f3n - Uni\u00f3n Esp\u00edrita\",\"isPartOf\":{\"@id\":\"https:\/\/nuevo-renacer.com\/#website\"},\"primaryImageOfPage\":{\"@id\":\"https:\/\/nuevo-renacer.com\/luisa-capetillo-peron\/#primaryimage\"},\"image\":{\"@id\":\"https:\/\/nuevo-renacer.com\/luisa-capetillo-peron\/#primaryimage\"},\"thumbnailUrl\":\"https:\/\/nuevo-renacer.com\/wp-content\/uploads\/2024\/12\/images.jpg\",\"datePublished\":\"2024-12-09T12:06:22+00:00\",\"dateModified\":\"2025-01-03T12:07:53+00:00\",\"breadcrumb\":{\"@id\":\"https:\/\/nuevo-renacer.com\/luisa-capetillo-peron\/#breadcrumb\"},\"inLanguage\":\"de\",\"potentialAction\":[{\"@type\":\"ReadAction\",\"target\":[\"https:\/\/nuevo-renacer.com\/luisa-capetillo-peron\/\"]}]},{\"@type\":\"ImageObject\",\"inLanguage\":\"de\",\"@id\":\"https:\/\/nuevo-renacer.com\/luisa-capetillo-peron\/#primaryimage\",\"url\":\"https:\/\/nuevo-renacer.com\/wp-content\/uploads\/2024\/12\/images.jpg\",\"contentUrl\":\"https:\/\/nuevo-renacer.com\/wp-content\/uploads\/2024\/12\/images.jpg\"},{\"@type\":\"BreadcrumbList\",\"@id\":\"https:\/\/nuevo-renacer.com\/luisa-capetillo-peron\/#breadcrumb\",\"itemListElement\":[{\"@type\":\"ListItem\",\"position\":1,\"name\":\"Startseite\",\"item\":\"https:\/\/nuevo-renacer.com\/\"},{\"@type\":\"ListItem\",\"position\":2,\"name\":\"Luisa Capetillo Per\u00f3n\"}]},{\"@type\":\"WebSite\",\"@id\":\"https:\/\/nuevo-renacer.com\/#website\",\"url\":\"https:\/\/nuevo-renacer.com\/\",\"name\":\"Uni\u00f3n Esp\u00edrita\",\"description\":\"Nuevo Renacer\",\"publisher\":{\"@id\":\"https:\/\/nuevo-renacer.com\/#organization\"},\"potentialAction\":[{\"@type\":\"SearchAction\",\"target\":{\"@type\":\"EntryPoint\",\"urlTemplate\":\"https:\/\/nuevo-renacer.com\/?s={search_term_string}\"},\"query-input\":{\"@type\":\"PropertyValueSpecification\",\"valueRequired\":true,\"valueName\":\"search_term_string\"}}],\"inLanguage\":\"de\"},{\"@type\":\"Organization\",\"@id\":\"https:\/\/nuevo-renacer.com\/#organization\",\"name\":\"UFEC\",\"url\":\"https:\/\/nuevo-renacer.com\/\",\"logo\":{\"@type\":\"ImageObject\",\"inLanguage\":\"de\",\"@id\":\"https:\/\/nuevo-renacer.com\/#\/schema\/logo\/image\/\",\"url\":\"https:\/\/nuevo-renacer.com\/wp-content\/uploads\/2024\/05\/cropped-LOGO-TERMINADO1-3-3.png\",\"contentUrl\":\"https:\/\/nuevo-renacer.com\/wp-content\/uploads\/2024\/05\/cropped-LOGO-TERMINADO1-3-3.png\",\"width\":512,\"height\":512,\"caption\":\"UFEC\"},\"image\":{\"@id\":\"https:\/\/nuevo-renacer.com\/#\/schema\/logo\/image\/\"},\"sameAs\":[\"https:\/\/www.facebook.com\/groups\/3431398063740829\"]}]}<\/script>\n<!-- \/ Yoast SEO Premium plugin. -->","yoast_head_json":{"title":"Luisa Capetillo Per\u00f3n - Uni\u00f3n Esp\u00edrita","robots":{"index":"index","follow":"follow","max-snippet":"max-snippet:-1","max-image-preview":"max-image-preview:large","max-video-preview":"max-video-preview:-1"},"canonical":"https:\/\/nuevo-renacer.com\/de\/luisa-capetillo-peron\/","og_locale":"de_DE","og_type":"article","og_title":"Luisa Capetillo Per\u00f3n","og_description":"Luisa Cepetillo Per\u00f3n Luisa Capetillo Per\u00f3n naci\u00f3 en Arecibo\u00a0el 28 de octubre de 1879. Su padre, Luis Capetillo, proven\u00eda de la Provincia Vasca de Espa\u00f1a; hab\u00eda sido influenciado por las ideas avanzadas de los derechos del ciudadano y del obrero. Su madre, Margarita Per\u00f3n, lleg\u00f3 a la isla desde Francia a mediados del Siglo XIX. [&hellip;]","og_url":"https:\/\/nuevo-renacer.com\/de\/luisa-capetillo-peron\/","og_site_name":"Uni\u00f3n Esp\u00edrita","article_publisher":"https:\/\/www.facebook.com\/groups\/3431398063740829","article_modified_time":"2025-01-03T12:07:53+00:00","og_image":[{"width":183,"height":275,"url":"https:\/\/nuevo-renacer.com\/wp-content\/uploads\/2024\/12\/images.jpg","type":"image\/jpeg"}],"twitter_card":"summary_large_image","twitter_misc":{"Gesch\u00e4tzte Lesezeit":"3\u00a0Minuten"},"schema":{"@context":"https:\/\/schema.org","@graph":[{"@type":"WebPage","@id":"https:\/\/nuevo-renacer.com\/luisa-capetillo-peron\/","url":"https:\/\/nuevo-renacer.com\/luisa-capetillo-peron\/","name":"Luisa Capetillo Per\u00f3n - Uni\u00f3n Esp\u00edrita","isPartOf":{"@id":"https:\/\/nuevo-renacer.com\/#website"},"primaryImageOfPage":{"@id":"https:\/\/nuevo-renacer.com\/luisa-capetillo-peron\/#primaryimage"},"image":{"@id":"https:\/\/nuevo-renacer.com\/luisa-capetillo-peron\/#primaryimage"},"thumbnailUrl":"https:\/\/nuevo-renacer.com\/wp-content\/uploads\/2024\/12\/images.jpg","datePublished":"2024-12-09T12:06:22+00:00","dateModified":"2025-01-03T12:07:53+00:00","breadcrumb":{"@id":"https:\/\/nuevo-renacer.com\/luisa-capetillo-peron\/#breadcrumb"},"inLanguage":"de","potentialAction":[{"@type":"ReadAction","target":["https:\/\/nuevo-renacer.com\/luisa-capetillo-peron\/"]}]},{"@type":"ImageObject","inLanguage":"de","@id":"https:\/\/nuevo-renacer.com\/luisa-capetillo-peron\/#primaryimage","url":"https:\/\/nuevo-renacer.com\/wp-content\/uploads\/2024\/12\/images.jpg","contentUrl":"https:\/\/nuevo-renacer.com\/wp-content\/uploads\/2024\/12\/images.jpg"},{"@type":"BreadcrumbList","@id":"https:\/\/nuevo-renacer.com\/luisa-capetillo-peron\/#breadcrumb","itemListElement":[{"@type":"ListItem","position":1,"name":"Startseite","item":"https:\/\/nuevo-renacer.com\/"},{"@type":"ListItem","position":2,"name":"Luisa Capetillo Per\u00f3n"}]},{"@type":"WebSite","@id":"https:\/\/nuevo-renacer.com\/#website","url":"https:\/\/nuevo-renacer.com\/","name":"Uni\u00f3n Esp\u00edrita","description":"Nuevo Renacer","publisher":{"@id":"https:\/\/nuevo-renacer.com\/#organization"},"potentialAction":[{"@type":"SearchAction","target":{"@type":"EntryPoint","urlTemplate":"https:\/\/nuevo-renacer.com\/?s={search_term_string}"},"query-input":{"@type":"PropertyValueSpecification","valueRequired":true,"valueName":"search_term_string"}}],"inLanguage":"de"},{"@type":"Organization","@id":"https:\/\/nuevo-renacer.com\/#organization","name":"UFEC","url":"https:\/\/nuevo-renacer.com\/","logo":{"@type":"ImageObject","inLanguage":"de","@id":"https:\/\/nuevo-renacer.com\/#\/schema\/logo\/image\/","url":"https:\/\/nuevo-renacer.com\/wp-content\/uploads\/2024\/05\/cropped-LOGO-TERMINADO1-3-3.png","contentUrl":"https:\/\/nuevo-renacer.com\/wp-content\/uploads\/2024\/05\/cropped-LOGO-TERMINADO1-3-3.png","width":512,"height":512,"caption":"UFEC"},"image":{"@id":"https:\/\/nuevo-renacer.com\/#\/schema\/logo\/image\/"},"sameAs":["https:\/\/www.facebook.com\/groups\/3431398063740829"]}]}},"uagb_featured_image_src":{"full":false,"thumbnail":false,"medium":false,"medium_large":false,"large":false,"1536x1536":false,"2048x2048":false,"trp-custom-language-flag":false},"uagb_author_info":{"display_name":"adbv0","author_link":"https:\/\/nuevo-renacer.com\/de\/author\/adbv0\/"},"uagb_comment_info":0,"uagb_excerpt":"Luisa Cepetillo Per\u00f3n Luisa Capetillo Per\u00f3n naci\u00f3 en Arecibo\u00a0el 28 de octubre de 1879. Su padre, Luis Capetillo, proven\u00eda de la Provincia Vasca de Espa\u00f1a; hab\u00eda sido influenciado por las ideas avanzadas de los derechos del ciudadano y del obrero. Su madre, Margarita Per\u00f3n, lleg\u00f3 a la isla desde Francia a mediados del Siglo XIX.&hellip;","jetpack_sharing_enabled":true,"_links":{"self":[{"href":"https:\/\/nuevo-renacer.com\/de\/wp-json\/wp\/v2\/pages\/6473","targetHints":{"allow":["GET"]}}],"collection":[{"href":"https:\/\/nuevo-renacer.com\/de\/wp-json\/wp\/v2\/pages"}],"about":[{"href":"https:\/\/nuevo-renacer.com\/de\/wp-json\/wp\/v2\/types\/page"}],"author":[{"embeddable":true,"href":"https:\/\/nuevo-renacer.com\/de\/wp-json\/wp\/v2\/users\/1"}],"replies":[{"embeddable":true,"href":"https:\/\/nuevo-renacer.com\/de\/wp-json\/wp\/v2\/comments?post=6473"}],"version-history":[{"count":4,"href":"https:\/\/nuevo-renacer.com\/de\/wp-json\/wp\/v2\/pages\/6473\/revisions"}],"predecessor-version":[{"id":6657,"href":"https:\/\/nuevo-renacer.com\/de\/wp-json\/wp\/v2\/pages\/6473\/revisions\/6657"}],"wp:attachment":[{"href":"https:\/\/nuevo-renacer.com\/de\/wp-json\/wp\/v2\/media?parent=6473"}],"curies":[{"name":"wp","href":"https:\/\/api.w.org\/{rel}","templated":true}]}}