{"id":6465,"date":"2024-12-06T13:29:08","date_gmt":"2024-12-06T13:29:08","guid":{"rendered":"https:\/\/nuevo-renacer.com\/?page_id=6465"},"modified":"2024-12-06T13:29:32","modified_gmt":"2024-12-06T13:29:32","slug":"leopoldo-machado","status":"publish","type":"page","link":"https:\/\/nuevo-renacer.com\/de\/leopoldo-machado\/","title":{"rendered":"Leopoldo Machado"},"content":{"rendered":"<div class=\"wp-block-uagb-container uagb-block-fe7e2df6 alignfull uagb-is-root-container\"><div class=\"uagb-container-inner-blocks-wrap\">\n<p class=\"has-black-color has-text-color has-link-color has-medium-font-size wp-elements-59c7640d4ff49fb3a439b312cb851fc8\"><strong>Leopoldo Machado<\/strong><\/p>\n<\/div><\/div>\n\n\n\n<div class=\"wp-block-uagb-container uagb-block-e05a636e alignfull uagb-is-root-container\"><div class=\"uagb-container-inner-blocks-wrap\">\n<figure class=\"wp-block-image size-full is-resized\"><img fetchpriority=\"high\" decoding=\"async\" width=\"480\" height=\"634\" src=\"https:\/\/nuevo-renacer.com\/wp-content\/uploads\/2024\/12\/leopoldo_machado.jpg\" alt=\"\" class=\"wp-image-6466\" style=\"width:229px;height:auto\" srcset=\"https:\/\/nuevo-renacer.com\/wp-content\/uploads\/2024\/12\/leopoldo_machado.jpg 480w, https:\/\/nuevo-renacer.com\/wp-content\/uploads\/2024\/12\/leopoldo_machado-227x300.jpg 227w, https:\/\/nuevo-renacer.com\/wp-content\/uploads\/2024\/12\/leopoldo_machado-9x12.jpg 9w\" sizes=\"(max-width: 480px) 100vw, 480px\" \/><\/figure>\n<\/div><\/div>\n\n\n\n<div class=\"wp-block-uagb-container uagb-block-a07041a6 alignfull uagb-is-root-container\"><div class=\"uagb-container-inner-blocks-wrap\">\n<p class=\"has-black-color has-text-color has-link-color has-small-font-size wp-elements-2606f6e04a87e0f05dd23db6714a6af1\">Leopoldo Machado de Souza Barbosa wurde am 30. September 1891 in Arraial de Cepa Forte (heute Janda\u00edra), im Bundesstaat Bahia, Brasilien, geboren. Als Sohn von Eul\u00e9lio de Souza Barbosa und Ana Isabel Machado Barbosa war er Journalist, Lehrer, Schriftsteller, Dichter, Komponist und Vortragsredner, der den Spiritismus verbreitete und sich sogar bei den Gegnern der Doktrin Respekt verschaffte.<\/p>\n\n\n\n<p class=\"has-black-color has-text-color has-link-color has-small-font-size wp-elements-c8418a36931797fb9d8ce1132b6a9f16\">Leopoldo lernte die Lehre der Geister um 1915 durch Jos\u00e9 Petitinga kennen. Im Jahr 1927 heiratete er Mar\u00edlia Ferraz de Almeida und zwei Jahre sp\u00e4ter zogen sie nach Nova Igua\u00e7u. Dort schlossen sie sich dem Arbeitsteam des Centro Esp\u00edrita Fe, Esperan\u00e7a e Caridade an und beteiligten sich aktiv am Bau der Albergue Nocturno Allan Kardec und des Hogar de Jesus.<\/p>\n\n\n\n<p class=\"has-black-color has-text-color has-link-color has-small-font-size wp-elements-87103db9a0e26308fb64d544b531dd45\">Zusammen mit seiner Frau etablierte er sich 1930 als Erzieher in der Stadt und er\u00f6ffnete die Leopoldo-Schule - heute eine traditionelle Bildungseinrichtung - in Zusammenarbeit mit seiner j\u00fcngeren Schwester Leopoldina Barros (Ehefrau von Professor Newton Gon\u00e7alves de Barros) und Admiral Paim Pamplona, dem ehemaligen Pr\u00e4sidenten des brasilianischen Spiritistenverbandes.<\/p>\n\n\n\n<p class=\"has-black-color has-text-color has-link-color has-small-font-size wp-elements-9f915f6babbf202c128866fc4ae94057\">Leopoldo beteiligte sich an der Organisation verschiedener Veranstaltungen, wie z.B. dem ersten brasilianischen Kongress der spiritistischen Journalisten und Schriftsteller im Jahr 1939 unter der Koordination von Deolindo Amorim; dem ersten Kongress der spiritistischen Jugend Brasiliens vom 17. bis 23. Juli 1948; er konzipierte den brasilianischen Vereinigungskongress, der vom 31. Oktober bis 5. November 1948 in der Hauptstadt S\u00e3o Paulo stattfand. Im folgenden Jahr wurde er zum 2. panamerikanischen Kongress in Rio de Janeiro und zum Goldenen Pakt eingeladen.<\/p>\n\n\n\n<p class=\"has-black-color has-text-color has-link-color has-small-font-size wp-elements-14999f7d56c140bcb83f93bcbd28a717\">Die Schriftsteller Ant\u00f4nio de Souza Lucena und Paulo Alves Godoy schreiben \u00fcber diesen wichtigen Moment in ihrem Buch \u201ePersonagens do Espiritismo\u201c: \u201eEr verstand die Bedeutung dieser Treffen f\u00fcr die Gr\u00f6\u00dfe der spiritistischen Lehre in der Zukunft und war im Rahmen seiner M\u00f6glichkeiten immer dabei, um in irgendeiner Weise zu helfen. Dieselben Geister, die den Goldenen Pakt inspirierten, inspirierten auch die \u201eKarawane der Br\u00fcderlichkeit\u201c, an der Leopoldo Machado, Lins de Vasconcelos, Carlos Jord\u00e3o da Silva, Francisco Spinelli, Ary Casadio und Luiz Burgos Filho teilnahmen, deren Karawane die Kr\u00f6nung des Goldenen Paktes war, der vereinigende Anreiz bei der Bildung des Nationalen F\u00f6derativen Rates, unter der Schirmherrschaft der Brasilianischen Spiritistischen F\u00f6deration. Die R\u00fcckkehr der \u201eKarawane der Bruderschaft\u201c war ein voller Erfolg, da sich die Staaten des Nordens und Nordostens des Landes der Vereinigung des Spiritismus im ganzen Land anschlossen. Leopoldo organisierte auch das Erste Nationale Festival des Spiritistischen Buches, zu Ehren des 18. Aprils\u201e, dem gro\u00dfen Datum der Ver\u00f6ffentlichung des Buches der Geister, dessen Feierlichkeiten in ganz Brasilien im Rahmen der Gedenkfeiern zum Tag des Buches\u201c \u00fcblich wurden. Er gr\u00fcndete den Beratenden Rat der Spiritistischen Jugend im Sitz der ehemaligen Spiritistischen Liga des Bundesdistrikts.<\/p>\n\n\n\n<p class=\"has-black-color has-text-color has-link-color has-small-font-size wp-elements-4c89a146f1912e966506b5f100a96475\">Leopoldo Machado verstarb am 22. August 1957 in Nova Igua\u00e7u und hinterlie\u00df ein Verm\u00e4chtnis f\u00fcr die spiritistische Bewegung und auch f\u00fcr die Kultur.<\/p>\n\n\n\n<p class=\"has-black-color has-text-color has-link-color has-small-font-size wp-elements-f8a950fff78fdebb26d42c55576a001a\">Die neuen Generationen erhielten seine gro\u00dfz\u00fcgigen Beitr\u00e4ge, die er bei der Gr\u00fcndung der Spiritistischen Jugend und der Spiritistischen Schulen f\u00fcr Kinderevangelisierung f\u00f6rderte, und er f\u00f6rderte auch die Organisation von spiritistischen Veranstaltungen im ganzen Land. Er reiste durch ganz Brasilien und verherrlichte das Evangelium Jesu und die Lehre der Geister als die Wiederkehr der Wiederbelebung des Christentums in seinem reinsten Sinne, wie es im Haus des Weges gepredigt wurde.<\/p>\n<\/div><\/div>\n\n\n\n<div class=\"wp-block-uagb-container uagb-block-d2b1a581 alignfull uagb-is-root-container\"><div class=\"uagb-container-inner-blocks-wrap\"><\/div><\/div>\n\n\n\n<div class=\"wp-block-uagb-container uagb-block-a165728f alignfull uagb-is-root-container\"><div class=\"uagb-container-inner-blocks-wrap\"><\/div><\/div>\n\n\n\n<p><\/p>","protected":false},"excerpt":{"rendered":"<p>Leopoldo Machado Leopoldo Machado de Souza Barbosa naci\u00f3 el 30 de septiembre de 1891 en Arraial de Cepa Forte (hoy Janda\u00edra), en el estado de Bah\u00eda, Brasil. Hijo de Eul\u00e9lio de Souza Barbosa y de Ana Isabel Machado Barbosa, fue periodista, profesor, escritor, poeta, compositor y conferenciante, divulgando el Espiritismo y gan\u00e1ndose incluso el respeto [&hellip;]<\/p>","protected":false},"author":1,"featured_media":0,"parent":0,"menu_order":0,"comment_status":"closed","ping_status":"closed","template":"","meta":{"_uag_custom_page_level_css":"","site-sidebar-layout":"default","site-content-layout":"","ast-site-content-layout":"default","site-content-style":"default","site-sidebar-style":"default","ast-global-header-display":"","ast-banner-title-visibility":"","ast-main-header-display":"","ast-hfb-above-header-display":"","ast-hfb-below-header-display":"","ast-hfb-mobile-header-display":"","site-post-title":"disabled","ast-breadcrumbs-content":"","ast-featured-img":"","footer-sml-layout":"","theme-transparent-header-meta":"","adv-header-id-meta":"","stick-header-meta":"","header-above-stick-meta":"","header-main-stick-meta":"","header-below-stick-meta":"","astra-migrate-meta-layouts":"set","ast-page-background-enabled":"default","ast-page-background-meta":{"desktop":{"background-color":"var(--ast-global-color-4)","background-image":"","background-repeat":"repeat","background-position":"center center","background-size":"auto","background-attachment":"scroll","background-type":"","background-media":"","overlay-type":"","overlay-color":"","overlay-opacity":"","overlay-gradient":""},"tablet":{"background-color":"","background-image":"","background-repeat":"repeat","background-position":"center center","background-size":"auto","background-attachment":"scroll","background-type":"","background-media":"","overlay-type":"","overlay-color":"","overlay-opacity":"","overlay-gradient":""},"mobile":{"background-color":"","background-image":"","background-repeat":"repeat","background-position":"center center","background-size":"auto","background-attachment":"scroll","background-type":"","background-media":"","overlay-type":"","overlay-color":"","overlay-opacity":"","overlay-gradient":""}},"ast-content-background-meta":{"desktop":{"background-color":"var(--ast-global-color-5)","background-image":"","background-repeat":"repeat","background-position":"center center","background-size":"auto","background-attachment":"scroll","background-type":"","background-media":"","overlay-type":"","overlay-color":"","overlay-opacity":"","overlay-gradient":""},"tablet":{"background-color":"var(--ast-global-color-5)","background-image":"","background-repeat":"repeat","background-position":"center center","background-size":"auto","background-attachment":"scroll","background-type":"","background-media":"","overlay-type":"","overlay-color":"","overlay-opacity":"","overlay-gradient":""},"mobile":{"background-color":"var(--ast-global-color-5)","background-image":"","background-repeat":"repeat","background-position":"center center","background-size":"auto","background-attachment":"scroll","background-type":"","background-media":"","overlay-type":"","overlay-color":"","overlay-opacity":"","overlay-gradient":""}},"footnotes":""},"class_list":["post-6465","page","type-page","status-publish","hentry"],"yoast_head":"<!-- This site is optimized with the Yoast SEO Premium plugin v24.2 (Yoast SEO v24.6) - https:\/\/yoast.com\/wordpress\/plugins\/seo\/ -->\n<title>Leopoldo Machado - Uni\u00f3n Esp\u00edrita<\/title>\n<meta name=\"robots\" content=\"index, follow, max-snippet:-1, max-image-preview:large, max-video-preview:-1\" \/>\n<link rel=\"canonical\" href=\"https:\/\/nuevo-renacer.com\/de\/leopoldo-machado\/\" \/>\n<meta property=\"og:locale\" content=\"de_DE\" \/>\n<meta property=\"og:type\" content=\"article\" \/>\n<meta property=\"og:title\" content=\"Leopoldo Machado\" \/>\n<meta property=\"og:description\" content=\"Leopoldo Machado Leopoldo Machado de Souza Barbosa naci\u00f3 el 30 de septiembre de 1891 en Arraial de Cepa Forte (hoy Janda\u00edra), en el estado de Bah\u00eda, Brasil. Hijo de Eul\u00e9lio de Souza Barbosa y de Ana Isabel Machado Barbosa, fue periodista, profesor, escritor, poeta, compositor y conferenciante, divulgando el Espiritismo y gan\u00e1ndose incluso el respeto [&hellip;]\" \/>\n<meta property=\"og:url\" content=\"https:\/\/nuevo-renacer.com\/de\/leopoldo-machado\/\" \/>\n<meta property=\"og:site_name\" content=\"Uni\u00f3n Esp\u00edrita\" \/>\n<meta property=\"article:publisher\" content=\"https:\/\/www.facebook.com\/groups\/3431398063740829\" \/>\n<meta property=\"article:modified_time\" content=\"2024-12-06T13:29:32+00:00\" \/>\n<meta property=\"og:image\" content=\"https:\/\/nuevo-renacer.com\/wp-content\/uploads\/2024\/12\/leopoldo_machado.jpg\" \/>\n\t<meta property=\"og:image:width\" content=\"480\" \/>\n\t<meta property=\"og:image:height\" content=\"634\" \/>\n\t<meta property=\"og:image:type\" content=\"image\/jpeg\" \/>\n<meta name=\"twitter:card\" content=\"summary_large_image\" \/>\n<meta name=\"twitter:label1\" content=\"Gesch\u00e4tzte Lesezeit\" \/>\n\t<meta name=\"twitter:data1\" content=\"3\u00a0Minuten\" \/>\n<script type=\"application\/ld+json\" class=\"yoast-schema-graph\">{\"@context\":\"https:\/\/schema.org\",\"@graph\":[{\"@type\":\"WebPage\",\"@id\":\"https:\/\/nuevo-renacer.com\/leopoldo-machado\/\",\"url\":\"https:\/\/nuevo-renacer.com\/leopoldo-machado\/\",\"name\":\"Leopoldo Machado - Uni\u00f3n Esp\u00edrita\",\"isPartOf\":{\"@id\":\"https:\/\/nuevo-renacer.com\/#website\"},\"primaryImageOfPage\":{\"@id\":\"https:\/\/nuevo-renacer.com\/leopoldo-machado\/#primaryimage\"},\"image\":{\"@id\":\"https:\/\/nuevo-renacer.com\/leopoldo-machado\/#primaryimage\"},\"thumbnailUrl\":\"https:\/\/nuevo-renacer.com\/wp-content\/uploads\/2024\/12\/leopoldo_machado.jpg\",\"datePublished\":\"2024-12-06T13:29:08+00:00\",\"dateModified\":\"2024-12-06T13:29:32+00:00\",\"breadcrumb\":{\"@id\":\"https:\/\/nuevo-renacer.com\/leopoldo-machado\/#breadcrumb\"},\"inLanguage\":\"de\",\"potentialAction\":[{\"@type\":\"ReadAction\",\"target\":[\"https:\/\/nuevo-renacer.com\/leopoldo-machado\/\"]}]},{\"@type\":\"ImageObject\",\"inLanguage\":\"de\",\"@id\":\"https:\/\/nuevo-renacer.com\/leopoldo-machado\/#primaryimage\",\"url\":\"https:\/\/nuevo-renacer.com\/wp-content\/uploads\/2024\/12\/leopoldo_machado.jpg\",\"contentUrl\":\"https:\/\/nuevo-renacer.com\/wp-content\/uploads\/2024\/12\/leopoldo_machado.jpg\"},{\"@type\":\"BreadcrumbList\",\"@id\":\"https:\/\/nuevo-renacer.com\/leopoldo-machado\/#breadcrumb\",\"itemListElement\":[{\"@type\":\"ListItem\",\"position\":1,\"name\":\"Startseite\",\"item\":\"https:\/\/nuevo-renacer.com\/\"},{\"@type\":\"ListItem\",\"position\":2,\"name\":\"Leopoldo Machado\"}]},{\"@type\":\"WebSite\",\"@id\":\"https:\/\/nuevo-renacer.com\/#website\",\"url\":\"https:\/\/nuevo-renacer.com\/\",\"name\":\"Uni\u00f3n Esp\u00edrita\",\"description\":\"Nuevo Renacer\",\"publisher\":{\"@id\":\"https:\/\/nuevo-renacer.com\/#organization\"},\"potentialAction\":[{\"@type\":\"SearchAction\",\"target\":{\"@type\":\"EntryPoint\",\"urlTemplate\":\"https:\/\/nuevo-renacer.com\/?s={search_term_string}\"},\"query-input\":{\"@type\":\"PropertyValueSpecification\",\"valueRequired\":true,\"valueName\":\"search_term_string\"}}],\"inLanguage\":\"de\"},{\"@type\":\"Organization\",\"@id\":\"https:\/\/nuevo-renacer.com\/#organization\",\"name\":\"UFEC\",\"url\":\"https:\/\/nuevo-renacer.com\/\",\"logo\":{\"@type\":\"ImageObject\",\"inLanguage\":\"de\",\"@id\":\"https:\/\/nuevo-renacer.com\/#\/schema\/logo\/image\/\",\"url\":\"https:\/\/nuevo-renacer.com\/wp-content\/uploads\/2024\/05\/cropped-LOGO-TERMINADO1-3-3.png\",\"contentUrl\":\"https:\/\/nuevo-renacer.com\/wp-content\/uploads\/2024\/05\/cropped-LOGO-TERMINADO1-3-3.png\",\"width\":512,\"height\":512,\"caption\":\"UFEC\"},\"image\":{\"@id\":\"https:\/\/nuevo-renacer.com\/#\/schema\/logo\/image\/\"},\"sameAs\":[\"https:\/\/www.facebook.com\/groups\/3431398063740829\"]}]}<\/script>\n<!-- \/ Yoast SEO Premium plugin. -->","yoast_head_json":{"title":"Leopoldo Machado - Uni\u00f3n Esp\u00edrita","robots":{"index":"index","follow":"follow","max-snippet":"max-snippet:-1","max-image-preview":"max-image-preview:large","max-video-preview":"max-video-preview:-1"},"canonical":"https:\/\/nuevo-renacer.com\/de\/leopoldo-machado\/","og_locale":"de_DE","og_type":"article","og_title":"Leopoldo Machado","og_description":"Leopoldo Machado Leopoldo Machado de Souza Barbosa naci\u00f3 el 30 de septiembre de 1891 en Arraial de Cepa Forte (hoy Janda\u00edra), en el estado de Bah\u00eda, Brasil. Hijo de Eul\u00e9lio de Souza Barbosa y de Ana Isabel Machado Barbosa, fue periodista, profesor, escritor, poeta, compositor y conferenciante, divulgando el Espiritismo y gan\u00e1ndose incluso el respeto [&hellip;]","og_url":"https:\/\/nuevo-renacer.com\/de\/leopoldo-machado\/","og_site_name":"Uni\u00f3n Esp\u00edrita","article_publisher":"https:\/\/www.facebook.com\/groups\/3431398063740829","article_modified_time":"2024-12-06T13:29:32+00:00","og_image":[{"width":480,"height":634,"url":"https:\/\/nuevo-renacer.com\/wp-content\/uploads\/2024\/12\/leopoldo_machado.jpg","type":"image\/jpeg"}],"twitter_card":"summary_large_image","twitter_misc":{"Gesch\u00e4tzte Lesezeit":"3\u00a0Minuten"},"schema":{"@context":"https:\/\/schema.org","@graph":[{"@type":"WebPage","@id":"https:\/\/nuevo-renacer.com\/leopoldo-machado\/","url":"https:\/\/nuevo-renacer.com\/leopoldo-machado\/","name":"Leopoldo Machado - Uni\u00f3n Esp\u00edrita","isPartOf":{"@id":"https:\/\/nuevo-renacer.com\/#website"},"primaryImageOfPage":{"@id":"https:\/\/nuevo-renacer.com\/leopoldo-machado\/#primaryimage"},"image":{"@id":"https:\/\/nuevo-renacer.com\/leopoldo-machado\/#primaryimage"},"thumbnailUrl":"https:\/\/nuevo-renacer.com\/wp-content\/uploads\/2024\/12\/leopoldo_machado.jpg","datePublished":"2024-12-06T13:29:08+00:00","dateModified":"2024-12-06T13:29:32+00:00","breadcrumb":{"@id":"https:\/\/nuevo-renacer.com\/leopoldo-machado\/#breadcrumb"},"inLanguage":"de","potentialAction":[{"@type":"ReadAction","target":["https:\/\/nuevo-renacer.com\/leopoldo-machado\/"]}]},{"@type":"ImageObject","inLanguage":"de","@id":"https:\/\/nuevo-renacer.com\/leopoldo-machado\/#primaryimage","url":"https:\/\/nuevo-renacer.com\/wp-content\/uploads\/2024\/12\/leopoldo_machado.jpg","contentUrl":"https:\/\/nuevo-renacer.com\/wp-content\/uploads\/2024\/12\/leopoldo_machado.jpg"},{"@type":"BreadcrumbList","@id":"https:\/\/nuevo-renacer.com\/leopoldo-machado\/#breadcrumb","itemListElement":[{"@type":"ListItem","position":1,"name":"Startseite","item":"https:\/\/nuevo-renacer.com\/"},{"@type":"ListItem","position":2,"name":"Leopoldo Machado"}]},{"@type":"WebSite","@id":"https:\/\/nuevo-renacer.com\/#website","url":"https:\/\/nuevo-renacer.com\/","name":"Uni\u00f3n Esp\u00edrita","description":"Nuevo Renacer","publisher":{"@id":"https:\/\/nuevo-renacer.com\/#organization"},"potentialAction":[{"@type":"SearchAction","target":{"@type":"EntryPoint","urlTemplate":"https:\/\/nuevo-renacer.com\/?s={search_term_string}"},"query-input":{"@type":"PropertyValueSpecification","valueRequired":true,"valueName":"search_term_string"}}],"inLanguage":"de"},{"@type":"Organization","@id":"https:\/\/nuevo-renacer.com\/#organization","name":"UFEC","url":"https:\/\/nuevo-renacer.com\/","logo":{"@type":"ImageObject","inLanguage":"de","@id":"https:\/\/nuevo-renacer.com\/#\/schema\/logo\/image\/","url":"https:\/\/nuevo-renacer.com\/wp-content\/uploads\/2024\/05\/cropped-LOGO-TERMINADO1-3-3.png","contentUrl":"https:\/\/nuevo-renacer.com\/wp-content\/uploads\/2024\/05\/cropped-LOGO-TERMINADO1-3-3.png","width":512,"height":512,"caption":"UFEC"},"image":{"@id":"https:\/\/nuevo-renacer.com\/#\/schema\/logo\/image\/"},"sameAs":["https:\/\/www.facebook.com\/groups\/3431398063740829"]}]}},"uagb_featured_image_src":{"full":false,"thumbnail":false,"medium":false,"medium_large":false,"large":false,"1536x1536":false,"2048x2048":false,"trp-custom-language-flag":false},"uagb_author_info":{"display_name":"adbv0","author_link":"https:\/\/nuevo-renacer.com\/de\/author\/adbv0\/"},"uagb_comment_info":0,"uagb_excerpt":"Leopoldo Machado Leopoldo Machado de Souza Barbosa naci\u00f3 el 30 de septiembre de 1891 en Arraial de Cepa Forte (hoy Janda\u00edra), en el estado de Bah\u00eda, Brasil. Hijo de Eul\u00e9lio de Souza Barbosa y de Ana Isabel Machado Barbosa, fue periodista, profesor, escritor, poeta, compositor y conferenciante, divulgando el Espiritismo y gan\u00e1ndose incluso el respeto&hellip;","jetpack_sharing_enabled":true,"_links":{"self":[{"href":"https:\/\/nuevo-renacer.com\/de\/wp-json\/wp\/v2\/pages\/6465","targetHints":{"allow":["GET"]}}],"collection":[{"href":"https:\/\/nuevo-renacer.com\/de\/wp-json\/wp\/v2\/pages"}],"about":[{"href":"https:\/\/nuevo-renacer.com\/de\/wp-json\/wp\/v2\/types\/page"}],"author":[{"embeddable":true,"href":"https:\/\/nuevo-renacer.com\/de\/wp-json\/wp\/v2\/users\/1"}],"replies":[{"embeddable":true,"href":"https:\/\/nuevo-renacer.com\/de\/wp-json\/wp\/v2\/comments?post=6465"}],"version-history":[{"count":2,"href":"https:\/\/nuevo-renacer.com\/de\/wp-json\/wp\/v2\/pages\/6465\/revisions"}],"predecessor-version":[{"id":6468,"href":"https:\/\/nuevo-renacer.com\/de\/wp-json\/wp\/v2\/pages\/6465\/revisions\/6468"}],"wp:attachment":[{"href":"https:\/\/nuevo-renacer.com\/de\/wp-json\/wp\/v2\/media?parent=6465"}],"curies":[{"name":"wp","href":"https:\/\/api.w.org\/{rel}","templated":true}]}}