{"id":6177,"date":"2024-11-19T13:55:59","date_gmt":"2024-11-19T13:55:59","guid":{"rendered":"https:\/\/nuevo-renacer.com\/?page_id=6177"},"modified":"2024-11-19T13:55:59","modified_gmt":"2024-11-19T13:55:59","slug":"antonio-goncalves-da-silva","status":"publish","type":"page","link":"https:\/\/nuevo-renacer.com\/de\/antonio-goncalves-da-silva\/","title":{"rendered":"Ant\u00f4nio Gon\u00e7alves da Silva"},"content":{"rendered":"<div class=\"wp-block-uagb-container uagb-block-ab237eb2 alignfull uagb-is-root-container\"><div class=\"uagb-container-inner-blocks-wrap\">\n<p class=\"has-black-color has-text-color has-link-color has-medium-font-size wp-elements-fda032df3a5d90a304b034f6701bdea0\"><strong>Ant\u00f4nio Gon\u00e7alves da Silva<\/strong><\/p>\n<\/div><\/div>\n\n\n\n<div class=\"wp-block-uagb-container uagb-block-80395d1d alignfull uagb-is-root-container\"><div class=\"uagb-container-inner-blocks-wrap\">\n<figure class=\"wp-block-image size-full is-resized\"><img decoding=\"async\" width=\"192\" height=\"257\" src=\"https:\/\/nuevo-renacer.com\/wp-content\/uploads\/2024\/11\/unnamed.jpg\" alt=\"\" class=\"wp-image-6178\" style=\"width:227px;height:auto\" srcset=\"https:\/\/nuevo-renacer.com\/wp-content\/uploads\/2024\/11\/unnamed.jpg 192w, https:\/\/nuevo-renacer.com\/wp-content\/uploads\/2024\/11\/unnamed-9x12.jpg 9w\" sizes=\"(max-width: 192px) 100vw, 192px\" \/><\/figure>\n<\/div><\/div>\n\n\n\n<div class=\"wp-block-uagb-container uagb-block-441ca5af alignfull uagb-is-root-container\"><div class=\"uagb-container-inner-blocks-wrap\">\n<p class=\"has-black-color has-text-color has-link-color has-small-font-size wp-elements-262e5463d143b401c71cf87a1e565c65\">Ant\u00f4nio Gon\u00e7alves da Silva wurde am 19. M\u00e4rz 1839 in der portugiesischen Gemeinde \u00c1guas Santas geboren, die heute zur Gemeinde Maia geh\u00f6rt. Als Sohn einfacher Bauern und mit nur einer Grundschulausbildung ging er im Alter von 11 Jahren nach Brasilien und kam am 3. Januar 1850 in Guanabara an. Drei Jahre lang arbeitete er im Handel am Hof. Von dort zog er in die Stadt Campinas in S\u00e3o Paulo, wo er einige Zeit blieb, bis er endg\u00fcltig in die Hauptstadt zog.<\/p>\n\n\n\n<p class=\"has-black-color has-text-color has-link-color has-small-font-size wp-elements-25a1340f6d1f05e2b4c283082951f5dc\">Damals hatte die Hauptstadt weniger als 30.000 Einwohner, und w\u00e4hrend seiner ersten Jahre hier arbeitete Batu\u00edra als Verteiler f\u00fcr die Zeitung \u201eCorreio Paulistano\u201c, denn damals gab es noch keine Zeitungsl\u00e4den, und die Zustellung erfolgte nachmittags von Haus zu Haus, nur an Abonnenten. Als flei\u00dfiger, ehrlicher und gutm\u00fctiger Zeitungsaustr\u00e4ger gewann Batu\u00edra \u00fcberall Freunde und Bewunderer. Es scheint, dass er in dieser Zeit die Kunst der Typografie erlernte, wahrscheinlich in den Werkst\u00e4tten des \u201eCorreio Paulistano\u201c.<\/p>\n\n\n\n<p class=\"has-black-color has-text-color has-link-color has-small-font-size wp-elements-b2f1064ad80af66ccdb8342472f711e3\">Da er sehr aktiv war und von Ort zu Ort lief, erhielt er den Spitznamen \u201eder Batu\u00edra\u201c, der Name, den die Leute einem sehr leichten, schnell fliegenden Vogel gaben, der die vom \u00dcberlauf des Tamanduate\u00ed-Flusses gebildeten Teiche frequentierte, wo sich heute der Park D. Pedro II befindet. Der Name des Jungen war Antonio Gon\u00e7alves da Silva, aber von nun an trug er den Spitznamen BATU\u00cdRA. Mit den Ersparnissen, die er gesammelt hatte, und nat\u00fcrlich mit der Hilfe von Freunden, richtete er bald ein kleines Theater im Hinterzimmer einer Taverne in der Rua Cruz Preta ein.<\/p>\n\n\n\n<p class=\"has-black-color has-text-color has-link-color has-small-font-size wp-elements-84d10729916a732996e6844f6c5024be\">In diesem bescheidenen Theater gaben viele Amateure ihr Deb\u00fct, darunter auch Batu\u00edra. In seinem Bestreben beharrlich, widmete er sich dann der Zigarrenherstellung. Durch harte Arbeit und Sparsamkeit vergr\u00f6\u00dferte Batu\u00edra sein bescheidenes Verm\u00f6gen, das es ihm erm\u00f6glichte, Frau Brandina Maria de Jesus zu heiraten, mit der er einen Sohn, Joaquim Gon\u00e7alves Batu\u00edra, hatte, der starb, als er erwachsen und verheiratet war. Wagemutig wie die gro\u00dfen Unternehmer investierte er sein Geld in den Aufkauf von unterbewerteten Grundst\u00fccken, begann mit dem Bau von kleinen H\u00e4usern, die er vermietete, und wurde so zu einem wohlhabenden Grundbesitzer, dessen Verm\u00f6gen das Ergebnis jahrelanger harter und ehrenvoller Arbeit in Verbindung mit ungebrochener Beharrlichkeit war.<\/p>\n\n\n\n<p class=\"has-black-color has-text-color has-link-color has-small-font-size wp-elements-0685f5817bf493a08515ab7ecf09f376\">Gerade als alles gut zu laufen schien, starb das einzige Kind seiner zweiten Frau, Frau Maria das Dores Coutinho e Silva, fast pl\u00f6tzlich. Es handelte sich um ein zw\u00f6lfj\u00e4hriges Kind, dem das Ehepaar sehr viel Liebe und Zuneigung entgegenbrachte. Dieser Schicksalsschlag verletzte das Haus zutiefst, das nur in der tr\u00f6stlichen Lehre der Geister Trost finden konnte. Der Friede, den der Spiritismus ihnen einfl\u00f6\u00dfte, war so gro\u00df, dass Batu\u00edra sich sofort an die Arbeit machte und inst\u00e4ndig hoffte, dass auch andere Gef\u00e4hrten in der irdischen M\u00fchsal diese gesegnete Quelle der Hoffnung kennenlernen w\u00fcrden, und dass sich in dem kleinen K\u00f6rper mit dem kr\u00e4ftigen Teint ein Herz aus Gold mit seinen edlen Gef\u00fchlen der N\u00e4chstenliebe entfalten w\u00fcrde.<\/p>\n\n\n\n<p class=\"has-black-color has-text-color has-link-color has-small-font-size wp-elements-e0979197e46316c65a7d0d96829ea2eb\">Im Jahr 1889 wurde Batu\u00edra Alleinvertreter der Zeitschrift \u201eReformador\u201c in der Stadt S\u00e3o Paulo, eine Position, die er bis 1899 oder 1900 innehatte. Am 6. April 1890 gr\u00fcndete er die Spiritistische Gruppe \u201eWahrheit und Licht\u201c wieder, eine spiritistische Einrichtung, die lange Zeit \u201egeschlummert\u201c hatte. Er erwarb eine kleine Druckerei f\u00fcr die Verbreitung des Spiritismus und gab die vierzehnt\u00e4gige Zeitschrift \u201eVerdade e Luz\u201c (Wahrheit und Licht) heraus, die 1897 eine f\u00fcr die damalige Zeit beachtliche Auflage von 15.000 Exemplaren erreichte. Batu\u00edra war auch ein Heilmedium. Er f\u00fchrte Hunderte von k\u00f6rperlichen und geistigen Heilungen durch die Verabreichung von Effluvium oder die Anwendung von \u201emagnetischen P\u00e4ssen\u201c durch. Die Menschen, die Batu\u00edra behandelten, nannten ihn deshalb den \u201eArzt der Armen\u201c, eine Bezeichnung, die auch den Namen von Adolfo Bezerra de Menezes umgibt.<\/p>\n\n\n\n<p class=\"has-black-color has-text-color has-link-color has-small-font-size wp-elements-e95efbd9f48c0c4ee397bb4aa31bc444\">Batu\u00edras wohlt\u00e4tiges Wirken beschr\u00e4nkte sich nicht auf diese Formen der christlichen N\u00e4chstenliebe. Er ging noch viel weiter. Er gr\u00fcndete spiritistische Gruppen und Zentren in S\u00e3o Paulo, Minas Gerais und Rio de Janeiro, die er anregte und unterst\u00fctzte; er hielt in unz\u00e4hligen St\u00e4dten in verschiedenen Bundesstaaten Konferenzen zu verschiedenen lehrm\u00e4\u00dfigen Themen ab, bei denen er auch leidende Br\u00fcder und Schwestern besuchte und heilte; er verteilte kostenlose Flugbl\u00e4tter und Brosch\u00fcren, in denen er f\u00fcr den Spiritismus warb, die er selbst druckte, und verteilte Tausende von B\u00fcchern auf dem Lande. Am 24. Mai 1908 gr\u00fcndete Batu\u00edra zusammen mit anderen ber\u00fchmten Mitbr\u00fcdern in der Hauptstadt S\u00e3o Paulo die \u201eSpiritistische Union des Staates S\u00e3o Paulo\u201c, die alle bestehenden Zentren und Gruppen des Staates zusammenf\u00fchren sollte.<\/p>\n\n\n\n<p class=\"has-black-color has-text-color has-link-color has-small-font-size wp-elements-191c5cafd63d446cbf060613b7d7edc4\">Dies war der tapfere Arbeiter der Dritten Offenbarung, der unerm\u00fcdliche K\u00e4mpfer, der sich nie von den Strapazen der Reise \u00fcberw\u00e4ltigen lie\u00df und der unbestreitbar einer der gr\u00f6\u00dften Propagandisten des Spiritismus in Brasilien war. Er trug viele Verantwortungen auf seinen Schultern und sp\u00fcrte nicht, so sehr er sich auf die Erf\u00fcllung seiner Aufgaben konzentrierte, dass seine Lebenskr\u00e4fte schnell schwanden. Eine pl\u00f6tzliche Krankheit \u00fcberfiel seinen K\u00f6rper und zwang ihn in wenigen Tagen dazu, die Grenzen des Jenseits zu \u00fcberschreiten, wobei er alle medizinischen Mittel verh\u00f6hnte. Am Freitag, den 22. Januar 1909, gegen ein Uhr nachts, starb Ant\u00f4nio Gon\u00e7alves da Silva, Batu\u00edra.<\/p>\n<\/div><\/div>\n\n\n\n<div class=\"wp-block-uagb-container uagb-block-4845bd5d alignfull uagb-is-root-container\"><div class=\"uagb-container-inner-blocks-wrap\"><\/div><\/div>\n\n\n\n<div class=\"wp-block-uagb-container uagb-block-894cc7c5 alignfull uagb-is-root-container\"><div class=\"uagb-container-inner-blocks-wrap\"><\/div><\/div>","protected":false},"excerpt":{"rendered":"<p>Ant\u00f4nio Gon\u00e7alves da Silva Ant\u00f4nio Gon\u00e7alves da Silva naci\u00f3 el 19 de marzo de 1839 en Portugal, en la parroquia de \u00c1guas Santas, hoy perteneciente al concejo de Maia. Hijo de humildes campesinos y con s\u00f3lo estudios primarios, vino a Brasil a los 11 a\u00f1os, llegando a Guanabara el 3 de enero de 1850. Durante [&hellip;]<\/p>","protected":false},"author":1,"featured_media":0,"parent":0,"menu_order":0,"comment_status":"closed","ping_status":"closed","template":"","meta":{"_uag_custom_page_level_css":"","site-sidebar-layout":"default","site-content-layout":"","ast-site-content-layout":"default","site-content-style":"default","site-sidebar-style":"default","ast-global-header-display":"","ast-banner-title-visibility":"","ast-main-header-display":"","ast-hfb-above-header-display":"","ast-hfb-below-header-display":"","ast-hfb-mobile-header-display":"","site-post-title":"disabled","ast-breadcrumbs-content":"","ast-featured-img":"","footer-sml-layout":"","theme-transparent-header-meta":"","adv-header-id-meta":"","stick-header-meta":"","header-above-stick-meta":"","header-main-stick-meta":"","header-below-stick-meta":"","astra-migrate-meta-layouts":"set","ast-page-background-enabled":"default","ast-page-background-meta":{"desktop":{"background-color":"var(--ast-global-color-4)","background-image":"","background-repeat":"repeat","background-position":"center center","background-size":"auto","background-attachment":"scroll","background-type":"","background-media":"","overlay-type":"","overlay-color":"","overlay-opacity":"","overlay-gradient":""},"tablet":{"background-color":"","background-image":"","background-repeat":"repeat","background-position":"center center","background-size":"auto","background-attachment":"scroll","background-type":"","background-media":"","overlay-type":"","overlay-color":"","overlay-opacity":"","overlay-gradient":""},"mobile":{"background-color":"","background-image":"","background-repeat":"repeat","background-position":"center center","background-size":"auto","background-attachment":"scroll","background-type":"","background-media":"","overlay-type":"","overlay-color":"","overlay-opacity":"","overlay-gradient":""}},"ast-content-background-meta":{"desktop":{"background-color":"var(--ast-global-color-5)","background-image":"","background-repeat":"repeat","background-position":"center center","background-size":"auto","background-attachment":"scroll","background-type":"","background-media":"","overlay-type":"","overlay-color":"","overlay-opacity":"","overlay-gradient":""},"tablet":{"background-color":"var(--ast-global-color-5)","background-image":"","background-repeat":"repeat","background-position":"center center","background-size":"auto","background-attachment":"scroll","background-type":"","background-media":"","overlay-type":"","overlay-color":"","overlay-opacity":"","overlay-gradient":""},"mobile":{"background-color":"var(--ast-global-color-5)","background-image":"","background-repeat":"repeat","background-position":"center center","background-size":"auto","background-attachment":"scroll","background-type":"","background-media":"","overlay-type":"","overlay-color":"","overlay-opacity":"","overlay-gradient":""}},"footnotes":""},"class_list":["post-6177","page","type-page","status-publish","hentry"],"yoast_head":"<!-- This site is optimized with the Yoast SEO Premium plugin v24.2 (Yoast SEO v24.6) - https:\/\/yoast.com\/wordpress\/plugins\/seo\/ -->\n<title>Ant\u00f4nio Gon\u00e7alves da Silva - Uni\u00f3n Esp\u00edrita<\/title>\n<meta name=\"robots\" content=\"index, follow, max-snippet:-1, max-image-preview:large, max-video-preview:-1\" \/>\n<link rel=\"canonical\" href=\"https:\/\/nuevo-renacer.com\/de\/antonio-goncalves-da-silva\/\" \/>\n<meta property=\"og:locale\" content=\"de_DE\" \/>\n<meta property=\"og:type\" content=\"article\" \/>\n<meta property=\"og:title\" content=\"Ant\u00f4nio Gon\u00e7alves da Silva\" \/>\n<meta property=\"og:description\" content=\"Ant\u00f4nio Gon\u00e7alves da Silva Ant\u00f4nio Gon\u00e7alves da Silva naci\u00f3 el 19 de marzo de 1839 en Portugal, en la parroquia de \u00c1guas Santas, hoy perteneciente al concejo de Maia. Hijo de humildes campesinos y con s\u00f3lo estudios primarios, vino a Brasil a los 11 a\u00f1os, llegando a Guanabara el 3 de enero de 1850. Durante [&hellip;]\" \/>\n<meta property=\"og:url\" content=\"https:\/\/nuevo-renacer.com\/de\/antonio-goncalves-da-silva\/\" \/>\n<meta property=\"og:site_name\" content=\"Uni\u00f3n Esp\u00edrita\" \/>\n<meta property=\"article:publisher\" content=\"https:\/\/www.facebook.com\/groups\/3431398063740829\" \/>\n<meta property=\"og:image\" content=\"https:\/\/nuevo-renacer.com\/wp-content\/uploads\/2024\/11\/unnamed.jpg\" \/>\n\t<meta property=\"og:image:width\" content=\"192\" \/>\n\t<meta property=\"og:image:height\" content=\"257\" \/>\n\t<meta property=\"og:image:type\" content=\"image\/jpeg\" \/>\n<meta name=\"twitter:card\" content=\"summary_large_image\" \/>\n<meta name=\"twitter:label1\" content=\"Gesch\u00e4tzte Lesezeit\" \/>\n\t<meta name=\"twitter:data1\" content=\"5\u00a0Minuten\" \/>\n<script type=\"application\/ld+json\" class=\"yoast-schema-graph\">{\"@context\":\"https:\/\/schema.org\",\"@graph\":[{\"@type\":\"WebPage\",\"@id\":\"https:\/\/nuevo-renacer.com\/de\/antonio-goncalves-da-silva\/\",\"url\":\"https:\/\/nuevo-renacer.com\/de\/antonio-goncalves-da-silva\/\",\"name\":\"Ant\u00f4nio Gon\u00e7alves da Silva - Uni\u00f3n Esp\u00edrita\",\"isPartOf\":{\"@id\":\"https:\/\/nuevo-renacer.com\/#website\"},\"primaryImageOfPage\":{\"@id\":\"https:\/\/nuevo-renacer.com\/de\/antonio-goncalves-da-silva\/#primaryimage\"},\"image\":{\"@id\":\"https:\/\/nuevo-renacer.com\/de\/antonio-goncalves-da-silva\/#primaryimage\"},\"thumbnailUrl\":\"https:\/\/nuevo-renacer.com\/wp-content\/uploads\/2024\/11\/unnamed.jpg\",\"datePublished\":\"2024-11-19T13:55:59+00:00\",\"breadcrumb\":{\"@id\":\"https:\/\/nuevo-renacer.com\/de\/antonio-goncalves-da-silva\/#breadcrumb\"},\"inLanguage\":\"de\",\"potentialAction\":[{\"@type\":\"ReadAction\",\"target\":[\"https:\/\/nuevo-renacer.com\/de\/antonio-goncalves-da-silva\/\"]}]},{\"@type\":\"ImageObject\",\"inLanguage\":\"de\",\"@id\":\"https:\/\/nuevo-renacer.com\/de\/antonio-goncalves-da-silva\/#primaryimage\",\"url\":\"https:\/\/nuevo-renacer.com\/wp-content\/uploads\/2024\/11\/unnamed.jpg\",\"contentUrl\":\"https:\/\/nuevo-renacer.com\/wp-content\/uploads\/2024\/11\/unnamed.jpg\"},{\"@type\":\"BreadcrumbList\",\"@id\":\"https:\/\/nuevo-renacer.com\/de\/antonio-goncalves-da-silva\/#breadcrumb\",\"itemListElement\":[{\"@type\":\"ListItem\",\"position\":1,\"name\":\"Startseite\",\"item\":\"https:\/\/nuevo-renacer.com\/\"},{\"@type\":\"ListItem\",\"position\":2,\"name\":\"Ant\u00f4nio Gon\u00e7alves da Silva\"}]},{\"@type\":\"WebSite\",\"@id\":\"https:\/\/nuevo-renacer.com\/#website\",\"url\":\"https:\/\/nuevo-renacer.com\/\",\"name\":\"Uni\u00f3n Esp\u00edrita\",\"description\":\"Nuevo Renacer\",\"publisher\":{\"@id\":\"https:\/\/nuevo-renacer.com\/#organization\"},\"potentialAction\":[{\"@type\":\"SearchAction\",\"target\":{\"@type\":\"EntryPoint\",\"urlTemplate\":\"https:\/\/nuevo-renacer.com\/?s={search_term_string}\"},\"query-input\":{\"@type\":\"PropertyValueSpecification\",\"valueRequired\":true,\"valueName\":\"search_term_string\"}}],\"inLanguage\":\"de\"},{\"@type\":\"Organization\",\"@id\":\"https:\/\/nuevo-renacer.com\/#organization\",\"name\":\"UFEC\",\"url\":\"https:\/\/nuevo-renacer.com\/\",\"logo\":{\"@type\":\"ImageObject\",\"inLanguage\":\"de\",\"@id\":\"https:\/\/nuevo-renacer.com\/#\/schema\/logo\/image\/\",\"url\":\"https:\/\/nuevo-renacer.com\/wp-content\/uploads\/2024\/05\/cropped-LOGO-TERMINADO1-3-3.png\",\"contentUrl\":\"https:\/\/nuevo-renacer.com\/wp-content\/uploads\/2024\/05\/cropped-LOGO-TERMINADO1-3-3.png\",\"width\":512,\"height\":512,\"caption\":\"UFEC\"},\"image\":{\"@id\":\"https:\/\/nuevo-renacer.com\/#\/schema\/logo\/image\/\"},\"sameAs\":[\"https:\/\/www.facebook.com\/groups\/3431398063740829\"]}]}<\/script>\n<!-- \/ Yoast SEO Premium plugin. -->","yoast_head_json":{"title":"Ant\u00f4nio Gon\u00e7alves da Silva - Uni\u00f3n Esp\u00edrita","robots":{"index":"index","follow":"follow","max-snippet":"max-snippet:-1","max-image-preview":"max-image-preview:large","max-video-preview":"max-video-preview:-1"},"canonical":"https:\/\/nuevo-renacer.com\/de\/antonio-goncalves-da-silva\/","og_locale":"de_DE","og_type":"article","og_title":"Ant\u00f4nio Gon\u00e7alves da Silva","og_description":"Ant\u00f4nio Gon\u00e7alves da Silva Ant\u00f4nio Gon\u00e7alves da Silva naci\u00f3 el 19 de marzo de 1839 en Portugal, en la parroquia de \u00c1guas Santas, hoy perteneciente al concejo de Maia. Hijo de humildes campesinos y con s\u00f3lo estudios primarios, vino a Brasil a los 11 a\u00f1os, llegando a Guanabara el 3 de enero de 1850. Durante [&hellip;]","og_url":"https:\/\/nuevo-renacer.com\/de\/antonio-goncalves-da-silva\/","og_site_name":"Uni\u00f3n Esp\u00edrita","article_publisher":"https:\/\/www.facebook.com\/groups\/3431398063740829","og_image":[{"width":192,"height":257,"url":"https:\/\/nuevo-renacer.com\/wp-content\/uploads\/2024\/11\/unnamed.jpg","type":"image\/jpeg"}],"twitter_card":"summary_large_image","twitter_misc":{"Gesch\u00e4tzte Lesezeit":"5\u00a0Minuten"},"schema":{"@context":"https:\/\/schema.org","@graph":[{"@type":"WebPage","@id":"https:\/\/nuevo-renacer.com\/de\/antonio-goncalves-da-silva\/","url":"https:\/\/nuevo-renacer.com\/de\/antonio-goncalves-da-silva\/","name":"Ant\u00f4nio Gon\u00e7alves da Silva - Uni\u00f3n Esp\u00edrita","isPartOf":{"@id":"https:\/\/nuevo-renacer.com\/#website"},"primaryImageOfPage":{"@id":"https:\/\/nuevo-renacer.com\/de\/antonio-goncalves-da-silva\/#primaryimage"},"image":{"@id":"https:\/\/nuevo-renacer.com\/de\/antonio-goncalves-da-silva\/#primaryimage"},"thumbnailUrl":"https:\/\/nuevo-renacer.com\/wp-content\/uploads\/2024\/11\/unnamed.jpg","datePublished":"2024-11-19T13:55:59+00:00","breadcrumb":{"@id":"https:\/\/nuevo-renacer.com\/de\/antonio-goncalves-da-silva\/#breadcrumb"},"inLanguage":"de","potentialAction":[{"@type":"ReadAction","target":["https:\/\/nuevo-renacer.com\/de\/antonio-goncalves-da-silva\/"]}]},{"@type":"ImageObject","inLanguage":"de","@id":"https:\/\/nuevo-renacer.com\/de\/antonio-goncalves-da-silva\/#primaryimage","url":"https:\/\/nuevo-renacer.com\/wp-content\/uploads\/2024\/11\/unnamed.jpg","contentUrl":"https:\/\/nuevo-renacer.com\/wp-content\/uploads\/2024\/11\/unnamed.jpg"},{"@type":"BreadcrumbList","@id":"https:\/\/nuevo-renacer.com\/de\/antonio-goncalves-da-silva\/#breadcrumb","itemListElement":[{"@type":"ListItem","position":1,"name":"Startseite","item":"https:\/\/nuevo-renacer.com\/"},{"@type":"ListItem","position":2,"name":"Ant\u00f4nio Gon\u00e7alves da Silva"}]},{"@type":"WebSite","@id":"https:\/\/nuevo-renacer.com\/#website","url":"https:\/\/nuevo-renacer.com\/","name":"Uni\u00f3n Esp\u00edrita","description":"Nuevo Renacer","publisher":{"@id":"https:\/\/nuevo-renacer.com\/#organization"},"potentialAction":[{"@type":"SearchAction","target":{"@type":"EntryPoint","urlTemplate":"https:\/\/nuevo-renacer.com\/?s={search_term_string}"},"query-input":{"@type":"PropertyValueSpecification","valueRequired":true,"valueName":"search_term_string"}}],"inLanguage":"de"},{"@type":"Organization","@id":"https:\/\/nuevo-renacer.com\/#organization","name":"UFEC","url":"https:\/\/nuevo-renacer.com\/","logo":{"@type":"ImageObject","inLanguage":"de","@id":"https:\/\/nuevo-renacer.com\/#\/schema\/logo\/image\/","url":"https:\/\/nuevo-renacer.com\/wp-content\/uploads\/2024\/05\/cropped-LOGO-TERMINADO1-3-3.png","contentUrl":"https:\/\/nuevo-renacer.com\/wp-content\/uploads\/2024\/05\/cropped-LOGO-TERMINADO1-3-3.png","width":512,"height":512,"caption":"UFEC"},"image":{"@id":"https:\/\/nuevo-renacer.com\/#\/schema\/logo\/image\/"},"sameAs":["https:\/\/www.facebook.com\/groups\/3431398063740829"]}]}},"uagb_featured_image_src":{"full":false,"thumbnail":false,"medium":false,"medium_large":false,"large":false,"1536x1536":false,"2048x2048":false,"trp-custom-language-flag":false},"uagb_author_info":{"display_name":"adbv0","author_link":"https:\/\/nuevo-renacer.com\/de\/author\/adbv0\/"},"uagb_comment_info":0,"uagb_excerpt":"Ant\u00f4nio Gon\u00e7alves da Silva Ant\u00f4nio Gon\u00e7alves da Silva naci\u00f3 el 19 de marzo de 1839 en Portugal, en la parroquia de \u00c1guas Santas, hoy perteneciente al concejo de Maia. Hijo de humildes campesinos y con s\u00f3lo estudios primarios, vino a Brasil a los 11 a\u00f1os, llegando a Guanabara el 3 de enero de 1850. Durante&hellip;","jetpack_sharing_enabled":true,"_links":{"self":[{"href":"https:\/\/nuevo-renacer.com\/de\/wp-json\/wp\/v2\/pages\/6177","targetHints":{"allow":["GET"]}}],"collection":[{"href":"https:\/\/nuevo-renacer.com\/de\/wp-json\/wp\/v2\/pages"}],"about":[{"href":"https:\/\/nuevo-renacer.com\/de\/wp-json\/wp\/v2\/types\/page"}],"author":[{"embeddable":true,"href":"https:\/\/nuevo-renacer.com\/de\/wp-json\/wp\/v2\/users\/1"}],"replies":[{"embeddable":true,"href":"https:\/\/nuevo-renacer.com\/de\/wp-json\/wp\/v2\/comments?post=6177"}],"version-history":[{"count":1,"href":"https:\/\/nuevo-renacer.com\/de\/wp-json\/wp\/v2\/pages\/6177\/revisions"}],"predecessor-version":[{"id":6179,"href":"https:\/\/nuevo-renacer.com\/de\/wp-json\/wp\/v2\/pages\/6177\/revisions\/6179"}],"wp:attachment":[{"href":"https:\/\/nuevo-renacer.com\/de\/wp-json\/wp\/v2\/media?parent=6177"}],"curies":[{"name":"wp","href":"https:\/\/api.w.org\/{rel}","templated":true}]}}