{"id":6123,"date":"2024-11-13T08:37:55","date_gmt":"2024-11-13T08:37:55","guid":{"rendered":"https:\/\/nuevo-renacer.com\/?page_id=6123"},"modified":"2024-11-13T08:37:55","modified_gmt":"2024-11-13T08:37:55","slug":"william-stainton-moses","status":"publish","type":"page","link":"https:\/\/nuevo-renacer.com\/de\/william-stainton-moses\/","title":{"rendered":"William Stainton Moses"},"content":{"rendered":"<div class=\"wp-block-uagb-container uagb-block-81e406c0 alignfull uagb-is-root-container\"><div class=\"uagb-container-inner-blocks-wrap\">\n<p class=\"has-black-color has-text-color has-link-color has-medium-font-size wp-elements-38c5d581087f9cc60ef2df25a1d7f234\"><strong>William Stainton Moses<\/strong><\/p>\n<\/div><\/div>\n\n\n\n<div class=\"wp-block-uagb-container uagb-block-7dce2be8 alignfull uagb-is-root-container\"><div class=\"uagb-container-inner-blocks-wrap\">\n<figure class=\"wp-block-image size-full is-resized\"><img fetchpriority=\"high\" decoding=\"async\" width=\"1000\" height=\"748\" src=\"https:\/\/nuevo-renacer.com\/wp-content\/uploads\/2024\/11\/William_staiton_moses_foto.jpg\" alt=\"\" class=\"wp-image-6124\" style=\"width:298px;height:auto\" srcset=\"https:\/\/nuevo-renacer.com\/wp-content\/uploads\/2024\/11\/William_staiton_moses_foto.jpg 1000w, https:\/\/nuevo-renacer.com\/wp-content\/uploads\/2024\/11\/William_staiton_moses_foto-300x224.jpg 300w, https:\/\/nuevo-renacer.com\/wp-content\/uploads\/2024\/11\/William_staiton_moses_foto-768x574.jpg 768w, https:\/\/nuevo-renacer.com\/wp-content\/uploads\/2024\/11\/William_staiton_moses_foto-16x12.jpg 16w\" sizes=\"(max-width: 1000px) 100vw, 1000px\" \/><\/figure>\n<\/div><\/div>\n\n\n\n<div class=\"wp-block-uagb-container uagb-block-be4115a9 alignfull uagb-is-root-container\"><div class=\"uagb-container-inner-blocks-wrap\">\n<p class=\"has-black-color has-text-color has-link-color has-small-font-size wp-elements-f4be6802798c5d0801fa5189daf9b61f\">William Stainton Moses wurde am 5. November 1839 in Domington, Lincolnshire, England, geboren und starb am 5. September 1892.<\/p>\n\n\n\n<p class=\"has-black-color has-text-color has-link-color has-small-font-size wp-elements-42b5063d4669be0594eb22e780bb7971\">Sein Vater, William Moses, war Rektor des Gymnasiums, und seine Mutter war die Tochter von Thomas Stainton d'Alford. Der junge William Stainton Moses begann seine Studien unter der Leitung seines Vaters und wurde dann einem Privatlehrer anvertraut, der, erstaunt \u00fcber seine F\u00e4higkeiten, seinen Vater dringend bat, seinen Sohn auf eine \u00f6ffentliche Schule zu schicken. 1855 trat er in die Bedford Grammar School ein, wo er drei Jahre lang lernte und von seinen Lehrern in den h\u00f6chsten T\u00f6nen gelobt wurde, weil er neben seiner Hingabe zum Studium auch ein ausgepr\u00e4gtes Pflichtbewusstsein zeigte. Nachdem er zahlreiche Preise erhalten hatte, verlie\u00df er die Schule.<\/p>\n\n\n\n<p class=\"has-black-color has-text-color has-link-color has-small-font-size wp-elements-d9988a8f9a2423f9fe4654ef11e819f4\">Von Bedford aus trat Stainton Moses 1858 in das Exeter College in Oxford ein. Sein Leben als Student war des h\u00f6chsten Lobes w\u00fcrdig und er erkrankte sogar ernsthaft infolge seiner \u00fcberm\u00e4\u00dfigen Bindung an die Schulf\u00e4cher.<\/p>\n\n\n\n<p class=\"has-black-color has-text-color has-link-color has-small-font-size wp-elements-0a93471f864a1b46e55106f67c762cd5\">Um sich von seiner Krankheit zu erholen, reiste er ein Jahr lang durch Europa und verbrachte nach seiner R\u00fcckkehr sechs Monate in dem alten griechischen Kloster auf dem Berg Athos. Neugierde und vor allem ein gro\u00dfes Bed\u00fcrfnis nach Meditation und Abgeschiedenheit zwangen ihn, die ganze Zeit im Kloster zu bleiben. Einige Jahre sp\u00e4ter erkl\u00e4rte ihm sein spiritueller Mentor, der als Imperator bekannt war, dass er seit dieser Zeit von geistigen Wesenheiten beeinflusst wurde, die ihm bei seiner spirituellen Ausbildung helfen wollten.<\/p>\n\n\n\n<p class=\"has-black-color has-text-color has-link-color has-small-font-size wp-elements-2f1027dea7f435b32550a9089c5e57fc\">Im Alter von 23 Jahren kehrte Stainton Moses nach Oxford zur\u00fcck. Nachdem er dort seinen Abschluss gemacht hatte, verlie\u00df er die Universit\u00e4t im Jahr 1863. Obwohl er sich einer besseren Gesundheit erfreute, veranlasste ihn das Bed\u00fcrfnis, ein Leben auf dem Lande zu f\u00fchren, eine Pfarrstelle in Maughold bei Ramsay auf der Isle of Man anzunehmen, wo er f\u00fcnf Jahre lang blieb und den Rektor ersetzte, der aufgrund seines fortgeschrittenen Alters diese Aufgaben nicht mehr wahrnehmen konnte. Dies f\u00fchrte dazu, dass Moses eine doppelte Aufgabe \u00fcbernehmen musste.<\/p>\n\n\n\n<p class=\"has-black-color has-text-color has-link-color has-small-font-size wp-elements-4bd1d9cffc495552a69a0ea72dbb2e24\">Eine Pockenepidemie, die in der Gegend ausbrach, unterstrich seine Hingabe und Unerschrockenheit. Da es in der Gegend keinen Arzt gab, k\u00fcmmerte sich der junge Mann, der \u00fcber einige medizinische Kenntnisse verf\u00fcgte, um Leib und Seele der Einwohner. Er arbeitete Tag und Nacht, aber die Epidemie schritt nur langsam voran, so dass er nicht nur ein religi\u00f6ser Seelsorger, sondern auch der Arzt und Totengr\u00e4ber dieses Bev\u00f6lkerungszentrums wurde. Sein gro\u00dfes Engagement machte ihn bei seinen Gemeindemitgliedern noch beliebter. Seine Gesundheit, die den Verpflichtungen, die ihm die Verwaltung von zwei Pfarreien auferlegte, nicht mehr gewachsen war, zwang ihn jedoch, sich nach einer neuen Heimat umzusehen. Trotz einer von den Einwohnern an ihn gerichteten Petition zog sich Stainton Moses 1868 bedauerlicherweise in die Pfarrstelle von St. Georges in Douglas auf der Isle of Man zur\u00fcck, wo er schwer erkrankte und von Dr. Stanhope Speers behandelt wurde, der mit seiner Frau in Douglas lebte und seinen Beruf nicht mehr aus\u00fcbte.<\/p>\n\n\n\n<p class=\"has-black-color has-text-color has-link-color has-small-font-size wp-elements-1a341f2fcb4bc261ed4e48f834d2af89\">Im September 1869 verlie\u00df er die Pfarrstelle und hinterlie\u00df dort einen tiefen Eindruck durch seine Predigten und seine N\u00e4chstenliebe. Nach einigen Monaten, in denen er kirchliche Funktionen in Langton und in einer Kuratie in der Di\u00f6zese Salisbury aus\u00fcbte, zwang ihn eine Halsentz\u00fcndung zum R\u00fccktritt vom geistlichen Amt.<\/p>\n\n\n\n<p class=\"has-black-color has-text-color has-link-color has-small-font-size wp-elements-d09098c9050c02a28dc1faa46e73082e\">Ende 1870 erhielt Stainton eine Stelle als Professor f\u00fcr Englisch an der University College School, die er bis 1889 innehatte. 1870 wurde seine Aufmerksamkeit auf den Spiritismus gelenkt, als er im Haus von Dr. Speers in London wohnte. Die Frau des Arztes war drei Wochen lang krank und um sich abzulenken, las sie das Buch \u201eDebatable Land\u201c von Dale Owen. Da sie sich sehr f\u00fcr dieses Buch interessierte, bat sie Stainton Moses, es zu lesen und herauszufinden, was an den vom Autor geschilderten Tatsachen wahr sein k\u00f6nnte, sobald sie ihren Platz bei der Familienzusammenf\u00fchrung wieder einnehmen konnte.<\/p>\n\n\n\n<p class=\"has-black-color has-text-color has-link-color has-small-font-size wp-elements-af7f8cd292325f98b4b617cfa7a2841c\">Dr. Speers und Stainton Moses diskutierten wiederholt \u00fcber bestimmte Lehrpunkte der Religion, zu der er sich bekannte, und da sie mit den bestehenden Lehren nicht sehr zufrieden waren, war Dr. Speers ein kompromissloser Materialist geworden.<\/p>\n\n\n\n<p class=\"has-black-color has-text-color has-link-color has-small-font-size wp-elements-ae56e068381749be64275192f76b109d\">1872 begann Stainton Moses, sich mit dem Spiritismus zu besch\u00e4ftigen, um sein Versprechen gegen\u00fcber Mrs. Speers einzul\u00f6sen. Zu diesem Zweck besuchte er einige S\u00e9ancen, insbesondere eine mit Lottie Towler als Medium. Bei einer S\u00e9ance im Haus der Speers, bei der Stainton Moses als Medium auftrat, waren alle von der Realit\u00e4t der Existenz kommunizierender Geister \u00fcberzeugt, was den Glauben an die Unsterblichkeit der Seele festigte.<\/p>\n\n\n\n<p class=\"has-black-color has-text-color has-link-color has-small-font-size wp-elements-b2e0f9fb558da1fe3d40e17247e1d7d0\">Zu dieser Zeit begann die mediale Macht von Moses zu erbl\u00fchen, der mit einer au\u00dferordentlichen Kraft ausgestattet war. Es gab nie weniger als zehn verschiedene Manifestationen im Laufe der Sitzungen, die abgehalten wurden. Wenn die Bedingungen g\u00fcnstig waren, vermehrten sich die Demonstrationen, die Schl\u00e4ge wurden h\u00e4ufiger, die Lichter heller und die musikalischen Kl\u00e4nge deutlicher. Wundervolle Ph\u00e4nomene wurden durch sie produziert: musikalische Kl\u00e4nge, Schl\u00e4ge, Blitze, Balsamisierung der Umwelt mit verschiedenen D\u00fcften, schwere Schritte, die von einem Geist erzeugt wurden, der sich \"Rektor\" nannte, der die Umwelt ersch\u00fctterte, klingelnde Glocken, Levitation schwerer K\u00f6rper: Tische, St\u00fchle; Transposition von Materie, Direkt-Stimme-Ph\u00e4nomene und eine unbeschreibliche Vielfalt an Ph\u00e4nomenen der unterschiedlichsten Farbt\u00f6ne.<\/p>\n\n\n\n<p class=\"has-black-color has-text-color has-link-color has-small-font-size wp-elements-ef1d42f1f6d6f966f09128b96758c8c0\">W\u00e4hrend der aktiven Periode seiner medialen T\u00e4tigkeit war Stainton Moses eifrig an der Bildung von Gesellschaften zum Zweck des Studiums des Spiritismus beteiligt. Er war an der Gr\u00fcndung des britischen Nationalen Verbandes der Spiritualisten im Jahr 1873, der Psychological Society of Great Britain im April 1875 beteiligt, von der er eines der ersten Mitglieder des Rates war; die Psychic Research Society, 1882 und schlie\u00dflich die Spiritualist Alliance of London, von denen er der erste Pr\u00e4sident war, Position, die er bis zu seiner Dismenschwerdung hielt.<\/p>\n\n\n\n<p class=\"has-black-color has-text-color has-link-color has-small-font-size wp-elements-c48f79d0c5f5bb93db8b7ed95698f5b1\">Zus\u00e4tzlich zu diesen Aktivit\u00e4ten leitete er die Zeitschrift Light, eine spiritistische Zeitschrift. Obwohl seine mediale F\u00e4higkeit an Intensit\u00e4t nachlie\u00df, behielt er immer die F\u00e4higkeit der Psychographie bei.<\/p>\n\n\n\n<p class=\"has-black-color has-text-color has-link-color has-small-font-size wp-elements-54504f906a74e104a8a8816faecda3c3\">Seit 1889 war seine Gesundheit sehr schlecht, aufeinander folgende Grippeattacken, untergrub die Verfassung, die nie robust gewesen war, was zu seiner Desinkarnation f\u00fchrte.<\/p>\n\n\n\n<p class=\"has-black-color has-text-color has-link-color has-small-font-size wp-elements-3dd5100691ab8274e837baf7804163c8\">Sein Werk \"Spirit Teachings\" ist ein Werk, das eine Reihe von Lehren enth\u00e4lt, die vom Geist-Imperator gegeben wurden.<\/p>\n\n\n\n<div class=\"wp-block-uagb-container uagb-block-06d69fac\">\n<figure class=\"wp-block-image size-full is-resized\"><img decoding=\"async\" width=\"597\" height=\"924\" src=\"https:\/\/nuevo-renacer.com\/wp-content\/uploads\/2024\/11\/51IQdxUa2SL._AC_UF10001000_QL80_.jpg\" alt=\"\" class=\"wp-image-6125\" style=\"width:174px;height:auto\" srcset=\"https:\/\/nuevo-renacer.com\/wp-content\/uploads\/2024\/11\/51IQdxUa2SL._AC_UF10001000_QL80_.jpg 597w, https:\/\/nuevo-renacer.com\/wp-content\/uploads\/2024\/11\/51IQdxUa2SL._AC_UF10001000_QL80_-194x300.jpg 194w, https:\/\/nuevo-renacer.com\/wp-content\/uploads\/2024\/11\/51IQdxUa2SL._AC_UF10001000_QL80_-8x12.jpg 8w\" sizes=\"(max-width: 597px) 100vw, 597px\" \/><\/figure>\n<\/div>\n\n\n\n<p class=\"has-black-color has-text-color has-link-color has-small-font-size wp-elements-74570bfe7dfa34af53edcafd75910151\">In seinem Beziehungsleben war Stainton Moses ein einm\u00fctiger, gerechter Mann, der immer ein aufrechtes, bescheidenes Urteil ohne Eitelkeit aus\u00fcbte, nie harte Worte an seine Kritiker richtete und der, kurz gesagt, eine Reihe seltener Eigenschaften unter den M\u00e4nnern besa\u00df.<\/p>\n<\/div><\/div>\n\n\n\n<div class=\"wp-block-uagb-container uagb-block-515436af alignfull uagb-is-root-container\"><div class=\"uagb-container-inner-blocks-wrap\"><\/div><\/div>\n\n\n\n<div class=\"wp-block-uagb-container uagb-block-310ce2ed alignfull uagb-is-root-container\"><div class=\"uagb-container-inner-blocks-wrap\"><\/div><\/div>","protected":false},"excerpt":{"rendered":"<p>William Stainton Moses William Stainton Moses naci\u00f3 el 5 de noviembre de 1839 en Domington, Lincolnshire, Inglaterra, y desencarno el 5 de septiembre de 1892. Su padre, William Moses, era rector de la escuela de gram\u00e1tica, y su madre era hija de Thomas Stainton d&#8217;Alford. El joven William Stainton Moses comenz\u00f3 sus estudios bajo la [&hellip;]<\/p>","protected":false},"author":1,"featured_media":0,"parent":0,"menu_order":0,"comment_status":"closed","ping_status":"closed","template":"","meta":{"_uag_custom_page_level_css":"","site-sidebar-layout":"default","site-content-layout":"","ast-site-content-layout":"default","site-content-style":"default","site-sidebar-style":"default","ast-global-header-display":"","ast-banner-title-visibility":"","ast-main-header-display":"","ast-hfb-above-header-display":"","ast-hfb-below-header-display":"","ast-hfb-mobile-header-display":"","site-post-title":"disabled","ast-breadcrumbs-content":"","ast-featured-img":"","footer-sml-layout":"","theme-transparent-header-meta":"","adv-header-id-meta":"","stick-header-meta":"","header-above-stick-meta":"","header-main-stick-meta":"","header-below-stick-meta":"","astra-migrate-meta-layouts":"set","ast-page-background-enabled":"default","ast-page-background-meta":{"desktop":{"background-color":"var(--ast-global-color-4)","background-image":"","background-repeat":"repeat","background-position":"center center","background-size":"auto","background-attachment":"scroll","background-type":"","background-media":"","overlay-type":"","overlay-color":"","overlay-opacity":"","overlay-gradient":""},"tablet":{"background-color":"","background-image":"","background-repeat":"repeat","background-position":"center center","background-size":"auto","background-attachment":"scroll","background-type":"","background-media":"","overlay-type":"","overlay-color":"","overlay-opacity":"","overlay-gradient":""},"mobile":{"background-color":"","background-image":"","background-repeat":"repeat","background-position":"center center","background-size":"auto","background-attachment":"scroll","background-type":"","background-media":"","overlay-type":"","overlay-color":"","overlay-opacity":"","overlay-gradient":""}},"ast-content-background-meta":{"desktop":{"background-color":"var(--ast-global-color-5)","background-image":"","background-repeat":"repeat","background-position":"center center","background-size":"auto","background-attachment":"scroll","background-type":"","background-media":"","overlay-type":"","overlay-color":"","overlay-opacity":"","overlay-gradient":""},"tablet":{"background-color":"var(--ast-global-color-5)","background-image":"","background-repeat":"repeat","background-position":"center center","background-size":"auto","background-attachment":"scroll","background-type":"","background-media":"","overlay-type":"","overlay-color":"","overlay-opacity":"","overlay-gradient":""},"mobile":{"background-color":"var(--ast-global-color-5)","background-image":"","background-repeat":"repeat","background-position":"center center","background-size":"auto","background-attachment":"scroll","background-type":"","background-media":"","overlay-type":"","overlay-color":"","overlay-opacity":"","overlay-gradient":""}},"footnotes":""},"class_list":["post-6123","page","type-page","status-publish","hentry"],"yoast_head":"<!-- This site is optimized with the Yoast SEO Premium plugin v24.2 (Yoast SEO v24.6) - https:\/\/yoast.com\/wordpress\/plugins\/seo\/ -->\n<title>William Stainton Moses - Uni\u00f3n Esp\u00edrita<\/title>\n<meta name=\"robots\" content=\"index, follow, max-snippet:-1, max-image-preview:large, max-video-preview:-1\" \/>\n<link rel=\"canonical\" href=\"https:\/\/nuevo-renacer.com\/de\/william-stainton-moses\/\" \/>\n<meta property=\"og:locale\" content=\"de_DE\" \/>\n<meta property=\"og:type\" content=\"article\" \/>\n<meta property=\"og:title\" content=\"William Stainton Moses\" \/>\n<meta property=\"og:description\" content=\"William Stainton Moses William Stainton Moses naci\u00f3 el 5 de noviembre de 1839 en Domington, Lincolnshire, Inglaterra, y desencarno el 5 de septiembre de 1892. Su padre, William Moses, era rector de la escuela de gram\u00e1tica, y su madre era hija de Thomas Stainton d&#8217;Alford. El joven William Stainton Moses comenz\u00f3 sus estudios bajo la [&hellip;]\" \/>\n<meta property=\"og:url\" content=\"https:\/\/nuevo-renacer.com\/de\/william-stainton-moses\/\" \/>\n<meta property=\"og:site_name\" content=\"Uni\u00f3n Esp\u00edrita\" \/>\n<meta property=\"article:publisher\" content=\"https:\/\/www.facebook.com\/groups\/3431398063740829\" \/>\n<meta property=\"og:image\" content=\"https:\/\/nuevo-renacer.com\/wp-content\/uploads\/2024\/11\/William_staiton_moses_foto.jpg\" \/>\n\t<meta property=\"og:image:width\" content=\"1000\" \/>\n\t<meta property=\"og:image:height\" content=\"748\" \/>\n\t<meta property=\"og:image:type\" content=\"image\/jpeg\" \/>\n<meta name=\"twitter:card\" content=\"summary_large_image\" \/>\n<meta name=\"twitter:label1\" content=\"Gesch\u00e4tzte Lesezeit\" \/>\n\t<meta name=\"twitter:data1\" content=\"6\u00a0Minuten\" \/>\n<script type=\"application\/ld+json\" class=\"yoast-schema-graph\">{\"@context\":\"https:\/\/schema.org\",\"@graph\":[{\"@type\":\"WebPage\",\"@id\":\"https:\/\/nuevo-renacer.com\/william-stainton-moses\/\",\"url\":\"https:\/\/nuevo-renacer.com\/william-stainton-moses\/\",\"name\":\"William Stainton Moses - Uni\u00f3n Esp\u00edrita\",\"isPartOf\":{\"@id\":\"https:\/\/nuevo-renacer.com\/#website\"},\"primaryImageOfPage\":{\"@id\":\"https:\/\/nuevo-renacer.com\/william-stainton-moses\/#primaryimage\"},\"image\":{\"@id\":\"https:\/\/nuevo-renacer.com\/william-stainton-moses\/#primaryimage\"},\"thumbnailUrl\":\"https:\/\/nuevo-renacer.com\/wp-content\/uploads\/2024\/11\/William_staiton_moses_foto.jpg\",\"datePublished\":\"2024-11-13T08:37:55+00:00\",\"breadcrumb\":{\"@id\":\"https:\/\/nuevo-renacer.com\/william-stainton-moses\/#breadcrumb\"},\"inLanguage\":\"de\",\"potentialAction\":[{\"@type\":\"ReadAction\",\"target\":[\"https:\/\/nuevo-renacer.com\/william-stainton-moses\/\"]}]},{\"@type\":\"ImageObject\",\"inLanguage\":\"de\",\"@id\":\"https:\/\/nuevo-renacer.com\/william-stainton-moses\/#primaryimage\",\"url\":\"https:\/\/nuevo-renacer.com\/wp-content\/uploads\/2024\/11\/William_staiton_moses_foto.jpg\",\"contentUrl\":\"https:\/\/nuevo-renacer.com\/wp-content\/uploads\/2024\/11\/William_staiton_moses_foto.jpg\"},{\"@type\":\"BreadcrumbList\",\"@id\":\"https:\/\/nuevo-renacer.com\/william-stainton-moses\/#breadcrumb\",\"itemListElement\":[{\"@type\":\"ListItem\",\"position\":1,\"name\":\"Startseite\",\"item\":\"https:\/\/nuevo-renacer.com\/\"},{\"@type\":\"ListItem\",\"position\":2,\"name\":\"William Stainton Moses\"}]},{\"@type\":\"WebSite\",\"@id\":\"https:\/\/nuevo-renacer.com\/#website\",\"url\":\"https:\/\/nuevo-renacer.com\/\",\"name\":\"Uni\u00f3n Esp\u00edrita\",\"description\":\"Nuevo Renacer\",\"publisher\":{\"@id\":\"https:\/\/nuevo-renacer.com\/#organization\"},\"potentialAction\":[{\"@type\":\"SearchAction\",\"target\":{\"@type\":\"EntryPoint\",\"urlTemplate\":\"https:\/\/nuevo-renacer.com\/?s={search_term_string}\"},\"query-input\":{\"@type\":\"PropertyValueSpecification\",\"valueRequired\":true,\"valueName\":\"search_term_string\"}}],\"inLanguage\":\"de\"},{\"@type\":\"Organization\",\"@id\":\"https:\/\/nuevo-renacer.com\/#organization\",\"name\":\"UFEC\",\"url\":\"https:\/\/nuevo-renacer.com\/\",\"logo\":{\"@type\":\"ImageObject\",\"inLanguage\":\"de\",\"@id\":\"https:\/\/nuevo-renacer.com\/#\/schema\/logo\/image\/\",\"url\":\"https:\/\/nuevo-renacer.com\/wp-content\/uploads\/2024\/05\/cropped-LOGO-TERMINADO1-3-3.png\",\"contentUrl\":\"https:\/\/nuevo-renacer.com\/wp-content\/uploads\/2024\/05\/cropped-LOGO-TERMINADO1-3-3.png\",\"width\":512,\"height\":512,\"caption\":\"UFEC\"},\"image\":{\"@id\":\"https:\/\/nuevo-renacer.com\/#\/schema\/logo\/image\/\"},\"sameAs\":[\"https:\/\/www.facebook.com\/groups\/3431398063740829\"]}]}<\/script>\n<!-- \/ Yoast SEO Premium plugin. -->","yoast_head_json":{"title":"William Stainton Moses - Uni\u00f3n Esp\u00edrita","robots":{"index":"index","follow":"follow","max-snippet":"max-snippet:-1","max-image-preview":"max-image-preview:large","max-video-preview":"max-video-preview:-1"},"canonical":"https:\/\/nuevo-renacer.com\/de\/william-stainton-moses\/","og_locale":"de_DE","og_type":"article","og_title":"William Stainton Moses","og_description":"William Stainton Moses William Stainton Moses naci\u00f3 el 5 de noviembre de 1839 en Domington, Lincolnshire, Inglaterra, y desencarno el 5 de septiembre de 1892. Su padre, William Moses, era rector de la escuela de gram\u00e1tica, y su madre era hija de Thomas Stainton d&#8217;Alford. El joven William Stainton Moses comenz\u00f3 sus estudios bajo la [&hellip;]","og_url":"https:\/\/nuevo-renacer.com\/de\/william-stainton-moses\/","og_site_name":"Uni\u00f3n Esp\u00edrita","article_publisher":"https:\/\/www.facebook.com\/groups\/3431398063740829","og_image":[{"width":1000,"height":748,"url":"https:\/\/nuevo-renacer.com\/wp-content\/uploads\/2024\/11\/William_staiton_moses_foto.jpg","type":"image\/jpeg"}],"twitter_card":"summary_large_image","twitter_misc":{"Gesch\u00e4tzte Lesezeit":"6\u00a0Minuten"},"schema":{"@context":"https:\/\/schema.org","@graph":[{"@type":"WebPage","@id":"https:\/\/nuevo-renacer.com\/william-stainton-moses\/","url":"https:\/\/nuevo-renacer.com\/william-stainton-moses\/","name":"William Stainton Moses - Uni\u00f3n Esp\u00edrita","isPartOf":{"@id":"https:\/\/nuevo-renacer.com\/#website"},"primaryImageOfPage":{"@id":"https:\/\/nuevo-renacer.com\/william-stainton-moses\/#primaryimage"},"image":{"@id":"https:\/\/nuevo-renacer.com\/william-stainton-moses\/#primaryimage"},"thumbnailUrl":"https:\/\/nuevo-renacer.com\/wp-content\/uploads\/2024\/11\/William_staiton_moses_foto.jpg","datePublished":"2024-11-13T08:37:55+00:00","breadcrumb":{"@id":"https:\/\/nuevo-renacer.com\/william-stainton-moses\/#breadcrumb"},"inLanguage":"de","potentialAction":[{"@type":"ReadAction","target":["https:\/\/nuevo-renacer.com\/william-stainton-moses\/"]}]},{"@type":"ImageObject","inLanguage":"de","@id":"https:\/\/nuevo-renacer.com\/william-stainton-moses\/#primaryimage","url":"https:\/\/nuevo-renacer.com\/wp-content\/uploads\/2024\/11\/William_staiton_moses_foto.jpg","contentUrl":"https:\/\/nuevo-renacer.com\/wp-content\/uploads\/2024\/11\/William_staiton_moses_foto.jpg"},{"@type":"BreadcrumbList","@id":"https:\/\/nuevo-renacer.com\/william-stainton-moses\/#breadcrumb","itemListElement":[{"@type":"ListItem","position":1,"name":"Startseite","item":"https:\/\/nuevo-renacer.com\/"},{"@type":"ListItem","position":2,"name":"William Stainton Moses"}]},{"@type":"WebSite","@id":"https:\/\/nuevo-renacer.com\/#website","url":"https:\/\/nuevo-renacer.com\/","name":"Uni\u00f3n Esp\u00edrita","description":"Nuevo Renacer","publisher":{"@id":"https:\/\/nuevo-renacer.com\/#organization"},"potentialAction":[{"@type":"SearchAction","target":{"@type":"EntryPoint","urlTemplate":"https:\/\/nuevo-renacer.com\/?s={search_term_string}"},"query-input":{"@type":"PropertyValueSpecification","valueRequired":true,"valueName":"search_term_string"}}],"inLanguage":"de"},{"@type":"Organization","@id":"https:\/\/nuevo-renacer.com\/#organization","name":"UFEC","url":"https:\/\/nuevo-renacer.com\/","logo":{"@type":"ImageObject","inLanguage":"de","@id":"https:\/\/nuevo-renacer.com\/#\/schema\/logo\/image\/","url":"https:\/\/nuevo-renacer.com\/wp-content\/uploads\/2024\/05\/cropped-LOGO-TERMINADO1-3-3.png","contentUrl":"https:\/\/nuevo-renacer.com\/wp-content\/uploads\/2024\/05\/cropped-LOGO-TERMINADO1-3-3.png","width":512,"height":512,"caption":"UFEC"},"image":{"@id":"https:\/\/nuevo-renacer.com\/#\/schema\/logo\/image\/"},"sameAs":["https:\/\/www.facebook.com\/groups\/3431398063740829"]}]}},"uagb_featured_image_src":{"full":false,"thumbnail":false,"medium":false,"medium_large":false,"large":false,"1536x1536":false,"2048x2048":false,"trp-custom-language-flag":false},"uagb_author_info":{"display_name":"adbv0","author_link":"https:\/\/nuevo-renacer.com\/de\/author\/adbv0\/"},"uagb_comment_info":0,"uagb_excerpt":"William Stainton Moses William Stainton Moses naci\u00f3 el 5 de noviembre de 1839 en Domington, Lincolnshire, Inglaterra, y desencarno el 5 de septiembre de 1892. Su padre, William Moses, era rector de la escuela de gram\u00e1tica, y su madre era hija de Thomas Stainton d&#8217;Alford. El joven William Stainton Moses comenz\u00f3 sus estudios bajo la&hellip;","jetpack_sharing_enabled":true,"_links":{"self":[{"href":"https:\/\/nuevo-renacer.com\/de\/wp-json\/wp\/v2\/pages\/6123","targetHints":{"allow":["GET"]}}],"collection":[{"href":"https:\/\/nuevo-renacer.com\/de\/wp-json\/wp\/v2\/pages"}],"about":[{"href":"https:\/\/nuevo-renacer.com\/de\/wp-json\/wp\/v2\/types\/page"}],"author":[{"embeddable":true,"href":"https:\/\/nuevo-renacer.com\/de\/wp-json\/wp\/v2\/users\/1"}],"replies":[{"embeddable":true,"href":"https:\/\/nuevo-renacer.com\/de\/wp-json\/wp\/v2\/comments?post=6123"}],"version-history":[{"count":1,"href":"https:\/\/nuevo-renacer.com\/de\/wp-json\/wp\/v2\/pages\/6123\/revisions"}],"predecessor-version":[{"id":6126,"href":"https:\/\/nuevo-renacer.com\/de\/wp-json\/wp\/v2\/pages\/6123\/revisions\/6126"}],"wp:attachment":[{"href":"https:\/\/nuevo-renacer.com\/de\/wp-json\/wp\/v2\/media?parent=6123"}],"curies":[{"name":"wp","href":"https:\/\/api.w.org\/{rel}","templated":true}]}}