{"id":6115,"date":"2024-11-13T07:45:48","date_gmt":"2024-11-13T07:45:48","guid":{"rendered":"https:\/\/nuevo-renacer.com\/?page_id=6115"},"modified":"2024-11-13T07:49:18","modified_gmt":"2024-11-13T07:49:18","slug":"maria-de-carvalho-leite","status":"publish","type":"page","link":"https:\/\/nuevo-renacer.com\/de\/maria-de-carvalho-leite\/","title":{"rendered":"Maria de Carvalho Leite"},"content":{"rendered":"<div class=\"wp-block-uagb-container uagb-block-09356321 alignfull uagb-is-root-container\"><div class=\"uagb-container-inner-blocks-wrap\">\n<p class=\"has-black-color has-text-color has-link-color has-medium-font-size wp-elements-6197ff186968291c2e529c16f9e5b440\"><strong>Maria de Carvalho Leite<\/strong><\/p>\n<\/div><\/div>\n\n\n\n<div class=\"wp-block-uagb-container uagb-block-5c1377a2 alignfull uagb-is-root-container\"><div class=\"uagb-container-inner-blocks-wrap\">\n<figure class=\"wp-block-image size-full is-resized\"><img fetchpriority=\"high\" decoding=\"async\" width=\"466\" height=\"677\" src=\"https:\/\/nuevo-renacer.com\/wp-content\/uploads\/2024\/11\/d61ae6_af9958f54a5348348399d581ed0a87a9mv2.png\" alt=\"\" class=\"wp-image-6117\" style=\"width:228px;height:auto\" srcset=\"https:\/\/nuevo-renacer.com\/wp-content\/uploads\/2024\/11\/d61ae6_af9958f54a5348348399d581ed0a87a9mv2.png 466w, https:\/\/nuevo-renacer.com\/wp-content\/uploads\/2024\/11\/d61ae6_af9958f54a5348348399d581ed0a87a9mv2-206x300.png 206w, https:\/\/nuevo-renacer.com\/wp-content\/uploads\/2024\/11\/d61ae6_af9958f54a5348348399d581ed0a87a9mv2-8x12.png 8w\" sizes=\"(max-width: 466px) 100vw, 466px\" \/><\/figure>\n<\/div><\/div>\n\n\n\n<div class=\"wp-block-uagb-container uagb-block-0fd44622 alignfull uagb-is-root-container\"><div class=\"uagb-container-inner-blocks-wrap\">\n<p class=\"has-black-color has-text-color has-link-color has-small-font-size wp-elements-ea6c06137b61a2748181148266d72ad4\">Maria de Carvalho Leite wurde am 10. September 1900 in Bonfim de Feira (Brasilien) als Tochter von Hermenegildo Leite, einem st\u00e4dtischen Angestellten, und Balmina de Carvalho Leite, einer Hausangestellten, geboren. Sie verbringt ihre Kindheit mit drei Br\u00fcdern und zwei Schwestern in Bonfim.<\/p>\n\n\n\n<p class=\"has-black-color has-text-color has-link-color has-small-font-size wp-elements-e92979ede4142dfcab8c8670ee76f51a\">Im Jahr 1916 machte sie ihren Abschluss als Lehrerin am Educand\u00e1rio dos Perd\u00f5es und wurde von ihren Mitsch\u00fclern und Lehrern aufgrund ihrer seltenen Intelligenz als jugendliches Wunderkind angesehen.<\/p>\n\n\n\n<p class=\"has-black-color has-text-color has-link-color has-small-font-size wp-elements-f8dff781086613958b53339e90706ee9\">Schon als Kind begann sie in ihrer Heimatstadt zu dichten und wurde sp\u00e4ter zur Dichterin der guten Verse.<\/p>\n\n\n\n<p class=\"has-black-color has-text-color has-link-color has-small-font-size wp-elements-4e2a0c5f3ac3125d4f14f65db02c8fec\">Einige ihrer Gedichte wurden in dem Buch \u201eCiranda da Vida\u201c gesammelt. In der Hauptstadt f\u00fcr ihre Kunst anerkannt, schrieb sie sp\u00e4ter f\u00fcr die Zeitungen \u201eDi\u00e1rio de Not\u00edcias\u201c und \u201eO Imparcial\u201c, wo sie Chefredakteurin der \"Frauenseite\u201c war. 13 Jahre lang schrieb sie unter dem Pseudonym \u201eMaria Dolores\u201c f\u00fcr diese Zeitungen und zeigte eine Welt voller Z\u00e4rtlichkeit, die sie in sich trug.<\/p>\n\n\n\n<p class=\"has-black-color has-text-color has-link-color has-small-font-size wp-elements-b9658fd3afe9d9ca9b73f27f01171200\">Maria unterrichtete am Educand\u00e1rio dos Perd\u00f5es und am Gin\u00e1sio Carneiro Ribeiro in Salvador. Daher verstehen wir auch ihre besondere Art, die geplagten Seelen durch ihre Verse zu unterrichten.<\/p>\n\n\n\n<p class=\"has-black-color has-text-color has-link-color has-small-font-size wp-elements-63a8fb73dbe5c5c0996be0f8d37aa0ab\">Aber ihr Leben konnte nicht nur aus bl\u00fchenden Blumen bestehen: Eine Pr\u00fcfung des moralischen Leidens wartete auf sie.<\/p>\n\n\n\n<p class=\"has-black-color has-text-color has-link-color has-small-font-size wp-elements-23d13ab64369d2e5542c04ed3a91b733\">Sie hatte den Arzt Odilon Machado geheiratet. Sie ertrug einige Jahre lang eine ungl\u00fcckliche Partnerschaft und trennte sich schlie\u00dflich. Aus dieser Ehe gingen keine Kinder hervor, und Maria bekam auch nie welche.<\/p>\n\n\n\n<p class=\"has-black-color has-text-color has-link-color has-small-font-size wp-elements-f296de093cc24b5ac7cd6036c54cd447\">Auf ihrer Pilgerreise lebte sie in mehreren St\u00e4dten Bahias, und in Itabuna lernte sie Carlos Carmine Larocca kennen, einen in Brasilien lebenden Italiener, den sie begleitete und ihr bei ihren Aktivit\u00e4ten zur Seite stand.<\/p>\n\n\n\n<p class=\"has-black-color has-text-color has-link-color has-small-font-size wp-elements-9ea24e665b38a3318c683b02b5b48054\">In ihren Versen wird deutlich, wie sehr sie gelitten hat, auf der Suche nach etwas, das sie nicht finden konnte: Ihre affektive Erf\u00fcllung, wie es die Vorsehung vorgesehen hatte, um die gr\u00f6\u00dfere Liebe zu suchen, von der sie wusste, dass sie sie eines Tages finden w\u00fcrde - Jesus! So viel Leid konnte sie nicht gleichg\u00fcltig gegen\u00fcber dem menschlichen Leid machen. In der Presse spricht sie von den Menschenrechten und dem Leiden der am meisten Benachteiligten. Sie wurde nicht verstanden: Sie wurde als \u201eKommunistin\u201c gebrandmarkt und musste auf die gegen sie erhobenen Anschuldigungen reagieren, weil sie zitiert worden war.<\/p>\n\n\n\n<p class=\"has-black-color has-text-color has-link-color has-small-font-size wp-elements-332e22484df9222df21fce24c16f9222\">Als Kind war sie katholisch; als Erwachsene lernte sie durch das Leiden die Lehre von Allan Kardec kennen, und es kam ihr Trost, die Akzeptanz des Leidens.<\/p>\n\n\n\n<p class=\"has-black-color has-text-color has-link-color has-small-font-size wp-elements-d4708493ea1c86ee1f6fd7c161cb6e7e\">Sie wurde Mitglied der \"Legi\u00f3n de la Buena Voluntad\" (Legion des guten Willens) mit ihrem offenen und idealistischen Geist.<\/p>\n\n\n\n<p class=\"has-black-color has-text-color has-link-color has-small-font-size wp-elements-46be772bb27e9ede531ede139d9f5165\">Sie organisiert Aktionen und bastelt Geschenke f\u00fcr Basare, die in ihrem Haus stattfanden. Sie gr\u00fcndete eine Gruppe, die sich jede Woche in ihrem Haus traf, um in den ausgew\u00e4hlten Armenvierteln Lebensmittel, Kleidung und Medikamente zu verteilen. Man nannte sie \u201eLos Mensajeros del Bien\u201c (Die Boten des Guten). Zu Weihnachten organisierten sie Aktionen und verteilten Spenden, ebenso wie am Muttertag. Dolores n\u00e4hte Brautausstattungen, verkaufte, was sie hatte, oder verlieh es; manchmal verschuldete sie sich, um anderen zu helfen.<\/p>\n\n\n\n<p class=\"has-black-color has-text-color has-link-color has-small-font-size wp-elements-f6eb9d1ed8e2064d7bf64fd95f58fc82\">Sie hatte einen ausgepr\u00e4gten Sinn f\u00fcr Mutterschaft und adoptierte sechs M\u00e4dchen, da ihr das Recht, Mutter zu sein, nicht zugestanden wurde. Carlos (ihr Mann) war in Italien, als Maria an einer Lungenentz\u00fcndung erkrankte. Am 27. August 1959 reiste sie in ihre geistige Heimat.<\/p>\n<\/div><\/div>\n\n\n\n<div class=\"wp-block-uagb-container uagb-block-e1d3b6a2 alignfull uagb-is-root-container\"><div class=\"uagb-container-inner-blocks-wrap\"><\/div><\/div>\n\n\n\n<div class=\"wp-block-uagb-container uagb-block-f965669a alignfull uagb-is-root-container\"><div class=\"uagb-container-inner-blocks-wrap\"><\/div><\/div>","protected":false},"excerpt":{"rendered":"<p>Maria de Carvalho Leite Maria de Carvalho Leite naci\u00f3 en Bonfim de Feira (Brasil) el 10 de septiembre de 1900, hija de Hermenegildo Leite, empleado municipal, y de Balmina de Carvalho Leite, empleada dom\u00e9stica. Pas\u00f3 su infancia en Bonfim con tres hermanos y dos hermanas. En 1916 se gradu\u00f3 como maestra en el Educand\u00e1rio dos [&hellip;]<\/p>","protected":false},"author":1,"featured_media":0,"parent":0,"menu_order":0,"comment_status":"closed","ping_status":"closed","template":"","meta":{"_uag_custom_page_level_css":"","site-sidebar-layout":"default","site-content-layout":"","ast-site-content-layout":"default","site-content-style":"default","site-sidebar-style":"default","ast-global-header-display":"","ast-banner-title-visibility":"","ast-main-header-display":"","ast-hfb-above-header-display":"","ast-hfb-below-header-display":"","ast-hfb-mobile-header-display":"","site-post-title":"disabled","ast-breadcrumbs-content":"","ast-featured-img":"","footer-sml-layout":"","theme-transparent-header-meta":"","adv-header-id-meta":"","stick-header-meta":"","header-above-stick-meta":"","header-main-stick-meta":"","header-below-stick-meta":"","astra-migrate-meta-layouts":"set","ast-page-background-enabled":"default","ast-page-background-meta":{"desktop":{"background-color":"var(--ast-global-color-4)","background-image":"","background-repeat":"repeat","background-position":"center center","background-size":"auto","background-attachment":"scroll","background-type":"","background-media":"","overlay-type":"","overlay-color":"","overlay-opacity":"","overlay-gradient":""},"tablet":{"background-color":"","background-image":"","background-repeat":"repeat","background-position":"center center","background-size":"auto","background-attachment":"scroll","background-type":"","background-media":"","overlay-type":"","overlay-color":"","overlay-opacity":"","overlay-gradient":""},"mobile":{"background-color":"","background-image":"","background-repeat":"repeat","background-position":"center center","background-size":"auto","background-attachment":"scroll","background-type":"","background-media":"","overlay-type":"","overlay-color":"","overlay-opacity":"","overlay-gradient":""}},"ast-content-background-meta":{"desktop":{"background-color":"var(--ast-global-color-5)","background-image":"","background-repeat":"repeat","background-position":"center center","background-size":"auto","background-attachment":"scroll","background-type":"","background-media":"","overlay-type":"","overlay-color":"","overlay-opacity":"","overlay-gradient":""},"tablet":{"background-color":"var(--ast-global-color-5)","background-image":"","background-repeat":"repeat","background-position":"center center","background-size":"auto","background-attachment":"scroll","background-type":"","background-media":"","overlay-type":"","overlay-color":"","overlay-opacity":"","overlay-gradient":""},"mobile":{"background-color":"var(--ast-global-color-5)","background-image":"","background-repeat":"repeat","background-position":"center center","background-size":"auto","background-attachment":"scroll","background-type":"","background-media":"","overlay-type":"","overlay-color":"","overlay-opacity":"","overlay-gradient":""}},"footnotes":""},"class_list":["post-6115","page","type-page","status-publish","hentry"],"yoast_head":"<!-- This site is optimized with the Yoast SEO Premium plugin v24.2 (Yoast SEO v24.6) - https:\/\/yoast.com\/wordpress\/plugins\/seo\/ -->\n<title>Maria de Carvalho Leite - Uni\u00f3n Esp\u00edrita<\/title>\n<meta name=\"robots\" content=\"index, follow, max-snippet:-1, max-image-preview:large, max-video-preview:-1\" \/>\n<link rel=\"canonical\" href=\"https:\/\/nuevo-renacer.com\/de\/maria-de-carvalho-leite\/\" \/>\n<meta property=\"og:locale\" content=\"de_DE\" \/>\n<meta property=\"og:type\" content=\"article\" \/>\n<meta property=\"og:title\" content=\"Maria de Carvalho Leite\" \/>\n<meta property=\"og:description\" content=\"Maria de Carvalho Leite Maria de Carvalho Leite naci\u00f3 en Bonfim de Feira (Brasil) el 10 de septiembre de 1900, hija de Hermenegildo Leite, empleado municipal, y de Balmina de Carvalho Leite, empleada dom\u00e9stica. Pas\u00f3 su infancia en Bonfim con tres hermanos y dos hermanas. En 1916 se gradu\u00f3 como maestra en el Educand\u00e1rio dos [&hellip;]\" \/>\n<meta property=\"og:url\" content=\"https:\/\/nuevo-renacer.com\/de\/maria-de-carvalho-leite\/\" \/>\n<meta property=\"og:site_name\" content=\"Uni\u00f3n Esp\u00edrita\" \/>\n<meta property=\"article:publisher\" content=\"https:\/\/www.facebook.com\/groups\/3431398063740829\" \/>\n<meta property=\"article:modified_time\" content=\"2024-11-13T07:49:18+00:00\" \/>\n<meta property=\"og:image\" content=\"https:\/\/nuevo-renacer.com\/wp-content\/uploads\/2024\/11\/d61ae6_af9958f54a5348348399d581ed0a87a9mv2.png\" \/>\n\t<meta property=\"og:image:width\" content=\"466\" \/>\n\t<meta property=\"og:image:height\" content=\"677\" \/>\n\t<meta property=\"og:image:type\" content=\"image\/png\" \/>\n<meta name=\"twitter:card\" content=\"summary_large_image\" \/>\n<meta name=\"twitter:label1\" content=\"Gesch\u00e4tzte Lesezeit\" \/>\n\t<meta name=\"twitter:data1\" content=\"3\u00a0Minuten\" \/>\n<script type=\"application\/ld+json\" class=\"yoast-schema-graph\">{\"@context\":\"https:\/\/schema.org\",\"@graph\":[{\"@type\":\"WebPage\",\"@id\":\"https:\/\/nuevo-renacer.com\/maria-de-carvalho-leite\/\",\"url\":\"https:\/\/nuevo-renacer.com\/maria-de-carvalho-leite\/\",\"name\":\"Maria de Carvalho Leite - Uni\u00f3n Esp\u00edrita\",\"isPartOf\":{\"@id\":\"https:\/\/nuevo-renacer.com\/#website\"},\"primaryImageOfPage\":{\"@id\":\"https:\/\/nuevo-renacer.com\/maria-de-carvalho-leite\/#primaryimage\"},\"image\":{\"@id\":\"https:\/\/nuevo-renacer.com\/maria-de-carvalho-leite\/#primaryimage\"},\"thumbnailUrl\":\"https:\/\/nuevo-renacer.com\/wp-content\/uploads\/2024\/11\/d61ae6_af9958f54a5348348399d581ed0a87a9mv2.png\",\"datePublished\":\"2024-11-13T07:45:48+00:00\",\"dateModified\":\"2024-11-13T07:49:18+00:00\",\"breadcrumb\":{\"@id\":\"https:\/\/nuevo-renacer.com\/maria-de-carvalho-leite\/#breadcrumb\"},\"inLanguage\":\"de\",\"potentialAction\":[{\"@type\":\"ReadAction\",\"target\":[\"https:\/\/nuevo-renacer.com\/maria-de-carvalho-leite\/\"]}]},{\"@type\":\"ImageObject\",\"inLanguage\":\"de\",\"@id\":\"https:\/\/nuevo-renacer.com\/maria-de-carvalho-leite\/#primaryimage\",\"url\":\"https:\/\/nuevo-renacer.com\/wp-content\/uploads\/2024\/11\/d61ae6_af9958f54a5348348399d581ed0a87a9mv2.png\",\"contentUrl\":\"https:\/\/nuevo-renacer.com\/wp-content\/uploads\/2024\/11\/d61ae6_af9958f54a5348348399d581ed0a87a9mv2.png\"},{\"@type\":\"BreadcrumbList\",\"@id\":\"https:\/\/nuevo-renacer.com\/maria-de-carvalho-leite\/#breadcrumb\",\"itemListElement\":[{\"@type\":\"ListItem\",\"position\":1,\"name\":\"Startseite\",\"item\":\"https:\/\/nuevo-renacer.com\/\"},{\"@type\":\"ListItem\",\"position\":2,\"name\":\"Maria de Carvalho Leite\"}]},{\"@type\":\"WebSite\",\"@id\":\"https:\/\/nuevo-renacer.com\/#website\",\"url\":\"https:\/\/nuevo-renacer.com\/\",\"name\":\"Uni\u00f3n Esp\u00edrita\",\"description\":\"Nuevo Renacer\",\"publisher\":{\"@id\":\"https:\/\/nuevo-renacer.com\/#organization\"},\"potentialAction\":[{\"@type\":\"SearchAction\",\"target\":{\"@type\":\"EntryPoint\",\"urlTemplate\":\"https:\/\/nuevo-renacer.com\/?s={search_term_string}\"},\"query-input\":{\"@type\":\"PropertyValueSpecification\",\"valueRequired\":true,\"valueName\":\"search_term_string\"}}],\"inLanguage\":\"de\"},{\"@type\":\"Organization\",\"@id\":\"https:\/\/nuevo-renacer.com\/#organization\",\"name\":\"UFEC\",\"url\":\"https:\/\/nuevo-renacer.com\/\",\"logo\":{\"@type\":\"ImageObject\",\"inLanguage\":\"de\",\"@id\":\"https:\/\/nuevo-renacer.com\/#\/schema\/logo\/image\/\",\"url\":\"https:\/\/nuevo-renacer.com\/wp-content\/uploads\/2024\/05\/cropped-LOGO-TERMINADO1-3-3.png\",\"contentUrl\":\"https:\/\/nuevo-renacer.com\/wp-content\/uploads\/2024\/05\/cropped-LOGO-TERMINADO1-3-3.png\",\"width\":512,\"height\":512,\"caption\":\"UFEC\"},\"image\":{\"@id\":\"https:\/\/nuevo-renacer.com\/#\/schema\/logo\/image\/\"},\"sameAs\":[\"https:\/\/www.facebook.com\/groups\/3431398063740829\"]}]}<\/script>\n<!-- \/ Yoast SEO Premium plugin. -->","yoast_head_json":{"title":"Maria de Carvalho Leite - Uni\u00f3n Esp\u00edrita","robots":{"index":"index","follow":"follow","max-snippet":"max-snippet:-1","max-image-preview":"max-image-preview:large","max-video-preview":"max-video-preview:-1"},"canonical":"https:\/\/nuevo-renacer.com\/de\/maria-de-carvalho-leite\/","og_locale":"de_DE","og_type":"article","og_title":"Maria de Carvalho Leite","og_description":"Maria de Carvalho Leite Maria de Carvalho Leite naci\u00f3 en Bonfim de Feira (Brasil) el 10 de septiembre de 1900, hija de Hermenegildo Leite, empleado municipal, y de Balmina de Carvalho Leite, empleada dom\u00e9stica. Pas\u00f3 su infancia en Bonfim con tres hermanos y dos hermanas. En 1916 se gradu\u00f3 como maestra en el Educand\u00e1rio dos [&hellip;]","og_url":"https:\/\/nuevo-renacer.com\/de\/maria-de-carvalho-leite\/","og_site_name":"Uni\u00f3n Esp\u00edrita","article_publisher":"https:\/\/www.facebook.com\/groups\/3431398063740829","article_modified_time":"2024-11-13T07:49:18+00:00","og_image":[{"width":466,"height":677,"url":"https:\/\/nuevo-renacer.com\/wp-content\/uploads\/2024\/11\/d61ae6_af9958f54a5348348399d581ed0a87a9mv2.png","type":"image\/png"}],"twitter_card":"summary_large_image","twitter_misc":{"Gesch\u00e4tzte Lesezeit":"3\u00a0Minuten"},"schema":{"@context":"https:\/\/schema.org","@graph":[{"@type":"WebPage","@id":"https:\/\/nuevo-renacer.com\/maria-de-carvalho-leite\/","url":"https:\/\/nuevo-renacer.com\/maria-de-carvalho-leite\/","name":"Maria de Carvalho Leite - Uni\u00f3n Esp\u00edrita","isPartOf":{"@id":"https:\/\/nuevo-renacer.com\/#website"},"primaryImageOfPage":{"@id":"https:\/\/nuevo-renacer.com\/maria-de-carvalho-leite\/#primaryimage"},"image":{"@id":"https:\/\/nuevo-renacer.com\/maria-de-carvalho-leite\/#primaryimage"},"thumbnailUrl":"https:\/\/nuevo-renacer.com\/wp-content\/uploads\/2024\/11\/d61ae6_af9958f54a5348348399d581ed0a87a9mv2.png","datePublished":"2024-11-13T07:45:48+00:00","dateModified":"2024-11-13T07:49:18+00:00","breadcrumb":{"@id":"https:\/\/nuevo-renacer.com\/maria-de-carvalho-leite\/#breadcrumb"},"inLanguage":"de","potentialAction":[{"@type":"ReadAction","target":["https:\/\/nuevo-renacer.com\/maria-de-carvalho-leite\/"]}]},{"@type":"ImageObject","inLanguage":"de","@id":"https:\/\/nuevo-renacer.com\/maria-de-carvalho-leite\/#primaryimage","url":"https:\/\/nuevo-renacer.com\/wp-content\/uploads\/2024\/11\/d61ae6_af9958f54a5348348399d581ed0a87a9mv2.png","contentUrl":"https:\/\/nuevo-renacer.com\/wp-content\/uploads\/2024\/11\/d61ae6_af9958f54a5348348399d581ed0a87a9mv2.png"},{"@type":"BreadcrumbList","@id":"https:\/\/nuevo-renacer.com\/maria-de-carvalho-leite\/#breadcrumb","itemListElement":[{"@type":"ListItem","position":1,"name":"Startseite","item":"https:\/\/nuevo-renacer.com\/"},{"@type":"ListItem","position":2,"name":"Maria de Carvalho Leite"}]},{"@type":"WebSite","@id":"https:\/\/nuevo-renacer.com\/#website","url":"https:\/\/nuevo-renacer.com\/","name":"Uni\u00f3n Esp\u00edrita","description":"Nuevo Renacer","publisher":{"@id":"https:\/\/nuevo-renacer.com\/#organization"},"potentialAction":[{"@type":"SearchAction","target":{"@type":"EntryPoint","urlTemplate":"https:\/\/nuevo-renacer.com\/?s={search_term_string}"},"query-input":{"@type":"PropertyValueSpecification","valueRequired":true,"valueName":"search_term_string"}}],"inLanguage":"de"},{"@type":"Organization","@id":"https:\/\/nuevo-renacer.com\/#organization","name":"UFEC","url":"https:\/\/nuevo-renacer.com\/","logo":{"@type":"ImageObject","inLanguage":"de","@id":"https:\/\/nuevo-renacer.com\/#\/schema\/logo\/image\/","url":"https:\/\/nuevo-renacer.com\/wp-content\/uploads\/2024\/05\/cropped-LOGO-TERMINADO1-3-3.png","contentUrl":"https:\/\/nuevo-renacer.com\/wp-content\/uploads\/2024\/05\/cropped-LOGO-TERMINADO1-3-3.png","width":512,"height":512,"caption":"UFEC"},"image":{"@id":"https:\/\/nuevo-renacer.com\/#\/schema\/logo\/image\/"},"sameAs":["https:\/\/www.facebook.com\/groups\/3431398063740829"]}]}},"uagb_featured_image_src":{"full":false,"thumbnail":false,"medium":false,"medium_large":false,"large":false,"1536x1536":false,"2048x2048":false,"trp-custom-language-flag":false},"uagb_author_info":{"display_name":"adbv0","author_link":"https:\/\/nuevo-renacer.com\/de\/author\/adbv0\/"},"uagb_comment_info":0,"uagb_excerpt":"Maria de Carvalho Leite Maria de Carvalho Leite naci\u00f3 en Bonfim de Feira (Brasil) el 10 de septiembre de 1900, hija de Hermenegildo Leite, empleado municipal, y de Balmina de Carvalho Leite, empleada dom\u00e9stica. Pas\u00f3 su infancia en Bonfim con tres hermanos y dos hermanas. En 1916 se gradu\u00f3 como maestra en el Educand\u00e1rio dos&hellip;","jetpack_sharing_enabled":true,"_links":{"self":[{"href":"https:\/\/nuevo-renacer.com\/de\/wp-json\/wp\/v2\/pages\/6115","targetHints":{"allow":["GET"]}}],"collection":[{"href":"https:\/\/nuevo-renacer.com\/de\/wp-json\/wp\/v2\/pages"}],"about":[{"href":"https:\/\/nuevo-renacer.com\/de\/wp-json\/wp\/v2\/types\/page"}],"author":[{"embeddable":true,"href":"https:\/\/nuevo-renacer.com\/de\/wp-json\/wp\/v2\/users\/1"}],"replies":[{"embeddable":true,"href":"https:\/\/nuevo-renacer.com\/de\/wp-json\/wp\/v2\/comments?post=6115"}],"version-history":[{"count":3,"href":"https:\/\/nuevo-renacer.com\/de\/wp-json\/wp\/v2\/pages\/6115\/revisions"}],"predecessor-version":[{"id":6120,"href":"https:\/\/nuevo-renacer.com\/de\/wp-json\/wp\/v2\/pages\/6115\/revisions\/6120"}],"wp:attachment":[{"href":"https:\/\/nuevo-renacer.com\/de\/wp-json\/wp\/v2\/media?parent=6115"}],"curies":[{"name":"wp","href":"https:\/\/api.w.org\/{rel}","templated":true}]}}