{"id":5905,"date":"2024-11-08T08:16:59","date_gmt":"2024-11-08T08:16:59","guid":{"rendered":"https:\/\/nuevo-renacer.com\/?page_id=5905"},"modified":"2024-11-08T08:16:59","modified_gmt":"2024-11-08T08:16:59","slug":"joaquin-trincado","status":"publish","type":"page","link":"https:\/\/nuevo-renacer.com\/de\/joaquin-trincado\/","title":{"rendered":"Joaqu\u00edn Trincado"},"content":{"rendered":"<div class=\"wp-block-uagb-container uagb-block-7218de0b alignfull uagb-is-root-container\"><div class=\"uagb-container-inner-blocks-wrap\">\n<p class=\"has-black-color has-text-color has-link-color has-medium-font-size wp-elements-3e4d9456327a6949bf0e12fd6fc28000\"><strong>Joaqu\u00edn Trincado<\/strong><\/p>\n<\/div><\/div>\n\n\n\n<div class=\"wp-block-uagb-container uagb-block-5bcd8154 alignfull uagb-is-root-container\"><div class=\"uagb-container-inner-blocks-wrap\">\n<figure class=\"wp-block-image size-full is-resized\"><img fetchpriority=\"high\" decoding=\"async\" width=\"487\" height=\"572\" src=\"https:\/\/nuevo-renacer.com\/wp-content\/uploads\/2024\/11\/JOAQUIN-TRINCADO-MATEO.png\" alt=\"\" class=\"wp-image-5906\" style=\"width:228px;height:auto\" srcset=\"https:\/\/nuevo-renacer.com\/wp-content\/uploads\/2024\/11\/JOAQUIN-TRINCADO-MATEO.png 487w, https:\/\/nuevo-renacer.com\/wp-content\/uploads\/2024\/11\/JOAQUIN-TRINCADO-MATEO-255x300.png 255w, https:\/\/nuevo-renacer.com\/wp-content\/uploads\/2024\/11\/JOAQUIN-TRINCADO-MATEO-10x12.png 10w\" sizes=\"(max-width: 487px) 100vw, 487px\" \/><\/figure>\n<\/div><\/div>\n\n\n\n<div class=\"wp-block-uagb-container uagb-block-fa6d3e80 alignfull uagb-is-root-container\"><div class=\"uagb-container-inner-blocks-wrap\">\n<p class=\"has-black-color has-text-color has-link-color has-small-font-size wp-elements-ea9aa46b986731fb8c54c74849db83c4\">In der spanisch-amerikanischen spiritistischen Bewegung ist der Name Joaqu\u00edn Trincado weithin bekannt und geachtet, sowohl f\u00fcr sein schriftliches Werk als auch f\u00fcr die bemerkenswerten Anstrengungen, die er unternahm, um die Grundlagen des Spiritismus zu verbreiten und sie in Einklang mit dem moralischen und sozialen Fortschritt der Menschheit zu bringen.<\/p>\n\n\n\n<p class=\"has-black-color has-text-color has-link-color has-small-font-size wp-elements-e01881a561abfec17713ca90a8d86af5\">Er wurde am 19. August 1866 in Cintru\u00e9nigo, einer kleinen Stadt in Navarra, geboren. Schon in jungen Jahren zeigte er eine ideologische Neigung zu liberalen, republikanischen und sozialistischen Ideen. 1903 wanderte er nach Argentinien aus, wo er als Elektriker arbeitete und abwechselnd Zeiten des Wohlstands und der Not erlebte. In Buenos Aires heiratete er Frau Mercedes Riglos, mit der er drei Kinder hatte.<\/p>\n\n\n\n<p class=\"has-black-color has-text-color has-link-color has-small-font-size wp-elements-c8f814b86778381af5d714d0bf3234e9\">1909 lernte er den Spiritismus in der 1877 gegr\u00fcndeten \u201eConstancia\u201c-Gesellschaft, der \u00e4ltesten spiritistischen Institution Argentiniens, kennen. Bald darauf war er mit den dort vorherrschenden Kriterien und Ausrichtungen nicht mehr einverstanden und machte sich daran, seine eigenen Ideen zu organisieren, B\u00fccher zu schreiben und eine neue spiritistische Organisation zu gr\u00fcnden. So entstand 1911 die \u201eGeistig-magnetische Schule der Universellen Gemeinschaft\u201c, deren Wachstum und Konsolidierung er sich mit Leib und Seele widmete . Geleitet von der starken und charismatischen Pers\u00f6nlichkeit ihres Gr\u00fcnders, erlangte die EMEC\u00dc in mehreren spanischsprachigen L\u00e4ndern eine beachtliche Ausstrahlung. Er zeigte eine au\u00dfergew\u00f6hnliche Arbeitsf\u00e4higkeit und schrieb zahlreiche Werke, von denen die bekanntesten Titel sind: \u201eBuscando a Dios\u201c, \u201eEl Magnetismo en su origen o M\u00e9todo Supremo\u201c, \u201eEl Espiritismo en su Asiento\u201c, \u201eFilosof\u00eda Austera Racional\u201c, \u201eCon\u00f3cete a ti Mismo\u201c, etc...<\/p>\n\n\n\n<figure class=\"wp-block-image size-full is-resized\"><img decoding=\"async\" width=\"300\" height=\"248\" src=\"https:\/\/nuevo-renacer.com\/wp-content\/uploads\/2024\/11\/Logo-universal-300x248-1.jpg\" alt=\"\" class=\"wp-image-5908\" style=\"width:240px;height:auto\" srcset=\"https:\/\/nuevo-renacer.com\/wp-content\/uploads\/2024\/11\/Logo-universal-300x248-1.jpg 300w, https:\/\/nuevo-renacer.com\/wp-content\/uploads\/2024\/11\/Logo-universal-300x248-1-15x12.jpg 15w\" sizes=\"(max-width: 300px) 100vw, 300px\" \/><\/figure>\n\n\n\n<p class=\"has-black-color has-text-color has-link-color has-small-font-size wp-elements-e7e2cb49a58bfdd75d1e47379bceb77a\">Die von Trincado vertretene Lehre stimmt in ihren grundlegenden Postulaten mit der von Allan Kardec im 19. Jahrhundert kodifizierten spiritistischen Philosophie \u00fcberein : die Existenz Gottes, die Pr\u00e4existenz und das Fortleben des Geistes, die Reinkarnation, die Kommunikation der Geister und die Pluralit\u00e4t der bewohnten Welten, auch wenn es einige semantische und begriffliche Unterschiede zwischen beiden gibt.<\/p>\n\n\n\n<p class=\"has-black-color has-text-color has-link-color has-small-font-size wp-elements-652a90ad415c134ad8520484ed3d5538\">Trincado legte besonderen Wert darauf, den Spiritismus von jeder religi\u00f6sen Tendenz zu trennen, die Quacksalberei, den Aberglauben und die merkantilistischen Praktiken zu bek\u00e4mpfen , die allzu oft in seinem Namen auftreten, und der spiritistischen Lehre einen progressiven Sinn zugunsten von Gerechtigkeit und sozialer Gleichheit zu geben. Er hat sich immer und mit Nachdruck f\u00fcr einen rationalistischen und frei denkenden Spiritismus eingesetzt, gegen Dogmatismus und Klerikalismus.<\/p>\n\n\n\n<p class=\"has-black-color has-text-color has-link-color has-small-font-size wp-elements-c9d7d233bea7e56189baac001bda1e9c\">In der von ihm 1933 gegr\u00fcndeten und vierzehnt\u00e4gig erscheinenden Zeitschrift \u201eLa Balanza \u201c \u00e4u\u00dferte er sich zu den beunruhigendsten Themen seiner Zeit, indem er sich f\u00fcr die Unabh\u00e4ngigkeit Puerto Ricos aussprach, die patriotische Tat von Augusto C\u00e9sar Sandino in Nicaragua unterst\u00fctzte, f\u00fcr die Vereinigung der hispanischen L\u00e4nder eintrat, lokale und internationale Kriege ablehnte, die kapitalistische Gier anprangerte und die Erf\u00fcllung der grundlegenden Forderungen der einfachen und vernachl\u00e4ssigten Sektoren der Gesellschaft forderte. In Anlehnung an seine Lehren des wirtschaftlichen Egalitarismus, ohne Privateigentum und soziale Klassen, wurden in Argentinien mehrere kommunale Betriebe gegr\u00fcndet, die sich der landwirtschaftlichen Produktion widmeten und in den ersten Jahren gro\u00dfen Wohlstand genossen.<\/p>\n\n\n\n<div class=\"wp-block-uagb-container uagb-block-3a29bb7d\">\n<figure class=\"wp-block-image size-full is-resized\"><img decoding=\"async\" width=\"500\" height=\"389\" src=\"https:\/\/nuevo-renacer.com\/wp-content\/uploads\/2024\/11\/D_NQ_NP_728169-MLM51048119163_082022-O.webp\" alt=\"\" class=\"wp-image-5907\" style=\"width:249px;height:auto\" srcset=\"https:\/\/nuevo-renacer.com\/wp-content\/uploads\/2024\/11\/D_NQ_NP_728169-MLM51048119163_082022-O.webp 500w, https:\/\/nuevo-renacer.com\/wp-content\/uploads\/2024\/11\/D_NQ_NP_728169-MLM51048119163_082022-O-300x233.webp 300w, https:\/\/nuevo-renacer.com\/wp-content\/uploads\/2024\/11\/D_NQ_NP_728169-MLM51048119163_082022-O-15x12.webp 15w\" sizes=\"(max-width: 500px) 100vw, 500px\" \/><\/figure>\n<\/div>\n\n\n\n<p class=\"has-black-color has-text-color has-link-color has-small-font-size wp-elements-d8d15fa5a46503f613fc87cefed08830\">Der ber\u00fchmte Denker und konsequente K\u00e4mpfer f\u00fcr den Spiritismus verstarb am 6. Dezember 1935 in seinem Haus in der argentinischen Hauptstadt, in Folge von Lungen - und Herzbeschwerden.<\/p>\n<\/div><\/div>\n\n\n\n<div class=\"wp-block-uagb-container uagb-block-629318a7 alignfull uagb-is-root-container\"><div class=\"uagb-container-inner-blocks-wrap\"><\/div><\/div>\n\n\n\n<div class=\"wp-block-uagb-container uagb-block-c10c121b alignfull uagb-is-root-container\"><div class=\"uagb-container-inner-blocks-wrap\"><\/div><\/div>","protected":false},"excerpt":{"rendered":"<p>Joaqu\u00edn Trincado En el movimiento espiritista hispanoamericano, el nombre de Joaqu\u00edn Trincado es ampliamente conocido y respetado, tanto por su obra escrita como por el notable esfuerzo que realiz\u00f3 para divulgar los fundamentos del Espiritismo y colocarlos en sinton\u00eda con el progreso moral y social de la humanidad. Naci\u00f3 en Cintru\u00e9nigo, peque\u00f1a poblaci\u00f3n navarra, el [&hellip;]<\/p>","protected":false},"author":1,"featured_media":0,"parent":0,"menu_order":0,"comment_status":"closed","ping_status":"closed","template":"","meta":{"_uag_custom_page_level_css":"","site-sidebar-layout":"default","site-content-layout":"","ast-site-content-layout":"default","site-content-style":"default","site-sidebar-style":"default","ast-global-header-display":"","ast-banner-title-visibility":"","ast-main-header-display":"","ast-hfb-above-header-display":"","ast-hfb-below-header-display":"","ast-hfb-mobile-header-display":"","site-post-title":"disabled","ast-breadcrumbs-content":"","ast-featured-img":"","footer-sml-layout":"","theme-transparent-header-meta":"","adv-header-id-meta":"","stick-header-meta":"","header-above-stick-meta":"","header-main-stick-meta":"","header-below-stick-meta":"","astra-migrate-meta-layouts":"set","ast-page-background-enabled":"default","ast-page-background-meta":{"desktop":{"background-color":"var(--ast-global-color-4)","background-image":"","background-repeat":"repeat","background-position":"center center","background-size":"auto","background-attachment":"scroll","background-type":"","background-media":"","overlay-type":"","overlay-color":"","overlay-opacity":"","overlay-gradient":""},"tablet":{"background-color":"","background-image":"","background-repeat":"repeat","background-position":"center center","background-size":"auto","background-attachment":"scroll","background-type":"","background-media":"","overlay-type":"","overlay-color":"","overlay-opacity":"","overlay-gradient":""},"mobile":{"background-color":"","background-image":"","background-repeat":"repeat","background-position":"center center","background-size":"auto","background-attachment":"scroll","background-type":"","background-media":"","overlay-type":"","overlay-color":"","overlay-opacity":"","overlay-gradient":""}},"ast-content-background-meta":{"desktop":{"background-color":"var(--ast-global-color-5)","background-image":"","background-repeat":"repeat","background-position":"center center","background-size":"auto","background-attachment":"scroll","background-type":"","background-media":"","overlay-type":"","overlay-color":"","overlay-opacity":"","overlay-gradient":""},"tablet":{"background-color":"var(--ast-global-color-5)","background-image":"","background-repeat":"repeat","background-position":"center center","background-size":"auto","background-attachment":"scroll","background-type":"","background-media":"","overlay-type":"","overlay-color":"","overlay-opacity":"","overlay-gradient":""},"mobile":{"background-color":"var(--ast-global-color-5)","background-image":"","background-repeat":"repeat","background-position":"center center","background-size":"auto","background-attachment":"scroll","background-type":"","background-media":"","overlay-type":"","overlay-color":"","overlay-opacity":"","overlay-gradient":""}},"footnotes":""},"class_list":["post-5905","page","type-page","status-publish","hentry"],"yoast_head":"<!-- This site is optimized with the Yoast SEO Premium plugin v24.2 (Yoast SEO v24.6) - https:\/\/yoast.com\/wordpress\/plugins\/seo\/ -->\n<title>Joaqu\u00edn Trincado - Uni\u00f3n Esp\u00edrita<\/title>\n<meta name=\"robots\" content=\"index, follow, max-snippet:-1, max-image-preview:large, max-video-preview:-1\" \/>\n<link rel=\"canonical\" href=\"https:\/\/nuevo-renacer.com\/de\/joaquin-trincado\/\" \/>\n<meta property=\"og:locale\" content=\"de_DE\" \/>\n<meta property=\"og:type\" content=\"article\" \/>\n<meta property=\"og:title\" content=\"Joaqu\u00edn Trincado\" \/>\n<meta property=\"og:description\" content=\"Joaqu\u00edn Trincado En el movimiento espiritista hispanoamericano, el nombre de Joaqu\u00edn Trincado es ampliamente conocido y respetado, tanto por su obra escrita como por el notable esfuerzo que realiz\u00f3 para divulgar los fundamentos del Espiritismo y colocarlos en sinton\u00eda con el progreso moral y social de la humanidad. Naci\u00f3 en Cintru\u00e9nigo, peque\u00f1a poblaci\u00f3n navarra, el [&hellip;]\" \/>\n<meta property=\"og:url\" content=\"https:\/\/nuevo-renacer.com\/de\/joaquin-trincado\/\" \/>\n<meta property=\"og:site_name\" content=\"Uni\u00f3n Esp\u00edrita\" \/>\n<meta property=\"article:publisher\" content=\"https:\/\/www.facebook.com\/groups\/3431398063740829\" \/>\n<meta property=\"og:image\" content=\"https:\/\/nuevo-renacer.com\/wp-content\/uploads\/2024\/11\/JOAQUIN-TRINCADO-MATEO.png\" \/>\n\t<meta property=\"og:image:width\" content=\"487\" \/>\n\t<meta property=\"og:image:height\" content=\"572\" \/>\n\t<meta property=\"og:image:type\" content=\"image\/png\" \/>\n<meta name=\"twitter:card\" content=\"summary_large_image\" \/>\n<meta name=\"twitter:label1\" content=\"Gesch\u00e4tzte Lesezeit\" \/>\n\t<meta name=\"twitter:data1\" content=\"3\u00a0Minuten\" \/>\n<script type=\"application\/ld+json\" class=\"yoast-schema-graph\">{\"@context\":\"https:\/\/schema.org\",\"@graph\":[{\"@type\":\"WebPage\",\"@id\":\"https:\/\/nuevo-renacer.com\/de\/joaquin-trincado\/\",\"url\":\"https:\/\/nuevo-renacer.com\/de\/joaquin-trincado\/\",\"name\":\"Joaqu\u00edn Trincado - Uni\u00f3n Esp\u00edrita\",\"isPartOf\":{\"@id\":\"https:\/\/nuevo-renacer.com\/#website\"},\"primaryImageOfPage\":{\"@id\":\"https:\/\/nuevo-renacer.com\/de\/joaquin-trincado\/#primaryimage\"},\"image\":{\"@id\":\"https:\/\/nuevo-renacer.com\/de\/joaquin-trincado\/#primaryimage\"},\"thumbnailUrl\":\"https:\/\/nuevo-renacer.com\/wp-content\/uploads\/2024\/11\/JOAQUIN-TRINCADO-MATEO.png\",\"datePublished\":\"2024-11-08T08:16:59+00:00\",\"breadcrumb\":{\"@id\":\"https:\/\/nuevo-renacer.com\/de\/joaquin-trincado\/#breadcrumb\"},\"inLanguage\":\"de\",\"potentialAction\":[{\"@type\":\"ReadAction\",\"target\":[\"https:\/\/nuevo-renacer.com\/de\/joaquin-trincado\/\"]}]},{\"@type\":\"ImageObject\",\"inLanguage\":\"de\",\"@id\":\"https:\/\/nuevo-renacer.com\/de\/joaquin-trincado\/#primaryimage\",\"url\":\"https:\/\/nuevo-renacer.com\/wp-content\/uploads\/2024\/11\/JOAQUIN-TRINCADO-MATEO.png\",\"contentUrl\":\"https:\/\/nuevo-renacer.com\/wp-content\/uploads\/2024\/11\/JOAQUIN-TRINCADO-MATEO.png\"},{\"@type\":\"BreadcrumbList\",\"@id\":\"https:\/\/nuevo-renacer.com\/de\/joaquin-trincado\/#breadcrumb\",\"itemListElement\":[{\"@type\":\"ListItem\",\"position\":1,\"name\":\"Startseite\",\"item\":\"https:\/\/nuevo-renacer.com\/\"},{\"@type\":\"ListItem\",\"position\":2,\"name\":\"Joaqu\u00edn Trincado\"}]},{\"@type\":\"WebSite\",\"@id\":\"https:\/\/nuevo-renacer.com\/#website\",\"url\":\"https:\/\/nuevo-renacer.com\/\",\"name\":\"Uni\u00f3n Esp\u00edrita\",\"description\":\"Nuevo Renacer\",\"publisher\":{\"@id\":\"https:\/\/nuevo-renacer.com\/#organization\"},\"potentialAction\":[{\"@type\":\"SearchAction\",\"target\":{\"@type\":\"EntryPoint\",\"urlTemplate\":\"https:\/\/nuevo-renacer.com\/?s={search_term_string}\"},\"query-input\":{\"@type\":\"PropertyValueSpecification\",\"valueRequired\":true,\"valueName\":\"search_term_string\"}}],\"inLanguage\":\"de\"},{\"@type\":\"Organization\",\"@id\":\"https:\/\/nuevo-renacer.com\/#organization\",\"name\":\"UFEC\",\"url\":\"https:\/\/nuevo-renacer.com\/\",\"logo\":{\"@type\":\"ImageObject\",\"inLanguage\":\"de\",\"@id\":\"https:\/\/nuevo-renacer.com\/#\/schema\/logo\/image\/\",\"url\":\"https:\/\/nuevo-renacer.com\/wp-content\/uploads\/2024\/05\/cropped-LOGO-TERMINADO1-3-3.png\",\"contentUrl\":\"https:\/\/nuevo-renacer.com\/wp-content\/uploads\/2024\/05\/cropped-LOGO-TERMINADO1-3-3.png\",\"width\":512,\"height\":512,\"caption\":\"UFEC\"},\"image\":{\"@id\":\"https:\/\/nuevo-renacer.com\/#\/schema\/logo\/image\/\"},\"sameAs\":[\"https:\/\/www.facebook.com\/groups\/3431398063740829\"]}]}<\/script>\n<!-- \/ Yoast SEO Premium plugin. -->","yoast_head_json":{"title":"Joaqu\u00edn Trincado - Uni\u00f3n Esp\u00edrita","robots":{"index":"index","follow":"follow","max-snippet":"max-snippet:-1","max-image-preview":"max-image-preview:large","max-video-preview":"max-video-preview:-1"},"canonical":"https:\/\/nuevo-renacer.com\/de\/joaquin-trincado\/","og_locale":"de_DE","og_type":"article","og_title":"Joaqu\u00edn Trincado","og_description":"Joaqu\u00edn Trincado En el movimiento espiritista hispanoamericano, el nombre de Joaqu\u00edn Trincado es ampliamente conocido y respetado, tanto por su obra escrita como por el notable esfuerzo que realiz\u00f3 para divulgar los fundamentos del Espiritismo y colocarlos en sinton\u00eda con el progreso moral y social de la humanidad. Naci\u00f3 en Cintru\u00e9nigo, peque\u00f1a poblaci\u00f3n navarra, el [&hellip;]","og_url":"https:\/\/nuevo-renacer.com\/de\/joaquin-trincado\/","og_site_name":"Uni\u00f3n Esp\u00edrita","article_publisher":"https:\/\/www.facebook.com\/groups\/3431398063740829","og_image":[{"width":487,"height":572,"url":"https:\/\/nuevo-renacer.com\/wp-content\/uploads\/2024\/11\/JOAQUIN-TRINCADO-MATEO.png","type":"image\/png"}],"twitter_card":"summary_large_image","twitter_misc":{"Gesch\u00e4tzte Lesezeit":"3\u00a0Minuten"},"schema":{"@context":"https:\/\/schema.org","@graph":[{"@type":"WebPage","@id":"https:\/\/nuevo-renacer.com\/de\/joaquin-trincado\/","url":"https:\/\/nuevo-renacer.com\/de\/joaquin-trincado\/","name":"Joaqu\u00edn Trincado - Uni\u00f3n Esp\u00edrita","isPartOf":{"@id":"https:\/\/nuevo-renacer.com\/#website"},"primaryImageOfPage":{"@id":"https:\/\/nuevo-renacer.com\/de\/joaquin-trincado\/#primaryimage"},"image":{"@id":"https:\/\/nuevo-renacer.com\/de\/joaquin-trincado\/#primaryimage"},"thumbnailUrl":"https:\/\/nuevo-renacer.com\/wp-content\/uploads\/2024\/11\/JOAQUIN-TRINCADO-MATEO.png","datePublished":"2024-11-08T08:16:59+00:00","breadcrumb":{"@id":"https:\/\/nuevo-renacer.com\/de\/joaquin-trincado\/#breadcrumb"},"inLanguage":"de","potentialAction":[{"@type":"ReadAction","target":["https:\/\/nuevo-renacer.com\/de\/joaquin-trincado\/"]}]},{"@type":"ImageObject","inLanguage":"de","@id":"https:\/\/nuevo-renacer.com\/de\/joaquin-trincado\/#primaryimage","url":"https:\/\/nuevo-renacer.com\/wp-content\/uploads\/2024\/11\/JOAQUIN-TRINCADO-MATEO.png","contentUrl":"https:\/\/nuevo-renacer.com\/wp-content\/uploads\/2024\/11\/JOAQUIN-TRINCADO-MATEO.png"},{"@type":"BreadcrumbList","@id":"https:\/\/nuevo-renacer.com\/de\/joaquin-trincado\/#breadcrumb","itemListElement":[{"@type":"ListItem","position":1,"name":"Startseite","item":"https:\/\/nuevo-renacer.com\/"},{"@type":"ListItem","position":2,"name":"Joaqu\u00edn Trincado"}]},{"@type":"WebSite","@id":"https:\/\/nuevo-renacer.com\/#website","url":"https:\/\/nuevo-renacer.com\/","name":"Uni\u00f3n Esp\u00edrita","description":"Nuevo Renacer","publisher":{"@id":"https:\/\/nuevo-renacer.com\/#organization"},"potentialAction":[{"@type":"SearchAction","target":{"@type":"EntryPoint","urlTemplate":"https:\/\/nuevo-renacer.com\/?s={search_term_string}"},"query-input":{"@type":"PropertyValueSpecification","valueRequired":true,"valueName":"search_term_string"}}],"inLanguage":"de"},{"@type":"Organization","@id":"https:\/\/nuevo-renacer.com\/#organization","name":"UFEC","url":"https:\/\/nuevo-renacer.com\/","logo":{"@type":"ImageObject","inLanguage":"de","@id":"https:\/\/nuevo-renacer.com\/#\/schema\/logo\/image\/","url":"https:\/\/nuevo-renacer.com\/wp-content\/uploads\/2024\/05\/cropped-LOGO-TERMINADO1-3-3.png","contentUrl":"https:\/\/nuevo-renacer.com\/wp-content\/uploads\/2024\/05\/cropped-LOGO-TERMINADO1-3-3.png","width":512,"height":512,"caption":"UFEC"},"image":{"@id":"https:\/\/nuevo-renacer.com\/#\/schema\/logo\/image\/"},"sameAs":["https:\/\/www.facebook.com\/groups\/3431398063740829"]}]}},"uagb_featured_image_src":{"full":false,"thumbnail":false,"medium":false,"medium_large":false,"large":false,"1536x1536":false,"2048x2048":false,"trp-custom-language-flag":false},"uagb_author_info":{"display_name":"adbv0","author_link":"https:\/\/nuevo-renacer.com\/de\/author\/adbv0\/"},"uagb_comment_info":0,"uagb_excerpt":"Joaqu\u00edn Trincado En el movimiento espiritista hispanoamericano, el nombre de Joaqu\u00edn Trincado es ampliamente conocido y respetado, tanto por su obra escrita como por el notable esfuerzo que realiz\u00f3 para divulgar los fundamentos del Espiritismo y colocarlos en sinton\u00eda con el progreso moral y social de la humanidad. Naci\u00f3 en Cintru\u00e9nigo, peque\u00f1a poblaci\u00f3n navarra, el&hellip;","jetpack_sharing_enabled":true,"_links":{"self":[{"href":"https:\/\/nuevo-renacer.com\/de\/wp-json\/wp\/v2\/pages\/5905","targetHints":{"allow":["GET"]}}],"collection":[{"href":"https:\/\/nuevo-renacer.com\/de\/wp-json\/wp\/v2\/pages"}],"about":[{"href":"https:\/\/nuevo-renacer.com\/de\/wp-json\/wp\/v2\/types\/page"}],"author":[{"embeddable":true,"href":"https:\/\/nuevo-renacer.com\/de\/wp-json\/wp\/v2\/users\/1"}],"replies":[{"embeddable":true,"href":"https:\/\/nuevo-renacer.com\/de\/wp-json\/wp\/v2\/comments?post=5905"}],"version-history":[{"count":1,"href":"https:\/\/nuevo-renacer.com\/de\/wp-json\/wp\/v2\/pages\/5905\/revisions"}],"predecessor-version":[{"id":5909,"href":"https:\/\/nuevo-renacer.com\/de\/wp-json\/wp\/v2\/pages\/5905\/revisions\/5909"}],"wp:attachment":[{"href":"https:\/\/nuevo-renacer.com\/de\/wp-json\/wp\/v2\/media?parent=5905"}],"curies":[{"name":"wp","href":"https:\/\/api.w.org\/{rel}","templated":true}]}}