{"id":5888,"date":"2024-11-07T07:32:18","date_gmt":"2024-11-07T07:32:18","guid":{"rendered":"https:\/\/nuevo-renacer.com\/?page_id=5888"},"modified":"2024-11-07T07:37:39","modified_gmt":"2024-11-07T07:37:39","slug":"juana-de-angelis","status":"publish","type":"page","link":"https:\/\/nuevo-renacer.com\/de\/juana-de-angelis\/","title":{"rendered":"Juana de \u00c1ngelis"},"content":{"rendered":"<div class=\"wp-block-uagb-container uagb-block-f6ad6f8c alignfull uagb-is-root-container\"><div class=\"uagb-container-inner-blocks-wrap\">\n<p class=\"has-black-color has-text-color has-link-color has-medium-font-size wp-elements-68dc33aad1c33f2ee26c2dcba3fb5895\"><strong>Juana de \u00c1ngelis<\/strong><\/p>\n<\/div><\/div>\n\n\n\n<div class=\"wp-block-uagb-container uagb-block-12754da9 alignfull uagb-is-root-container\"><div class=\"uagb-container-inner-blocks-wrap\">\n<figure class=\"wp-block-image size-full is-resized\"><img fetchpriority=\"high\" decoding=\"async\" width=\"560\" height=\"604\" src=\"https:\/\/nuevo-renacer.com\/wp-content\/uploads\/2024\/11\/Fundo-Joanna-branco-copy_edited.webp\" alt=\"\" class=\"wp-image-5889\" style=\"width:302px;height:auto\" srcset=\"https:\/\/nuevo-renacer.com\/wp-content\/uploads\/2024\/11\/Fundo-Joanna-branco-copy_edited.webp 560w, https:\/\/nuevo-renacer.com\/wp-content\/uploads\/2024\/11\/Fundo-Joanna-branco-copy_edited-278x300.webp 278w, https:\/\/nuevo-renacer.com\/wp-content\/uploads\/2024\/11\/Fundo-Joanna-branco-copy_edited-11x12.webp 11w\" sizes=\"(max-width: 560px) 100vw, 560px\" \/><\/figure>\n<\/div><\/div>\n\n\n\n<div class=\"wp-block-uagb-container uagb-block-5992ad07 alignfull uagb-is-root-container\"><div class=\"uagb-container-inner-blocks-wrap\">\n<p class=\"has-black-color has-text-color has-link-color has-small-font-size wp-elements-2e85d6cb93104a36ff045e91ea936efb\">Die spirituelle Mentorin des Mediums Divaldo Franco, der Geist Juana de Angelis, ist Autorin bedeutender Werke, die sich mit existenziellen, philosophischen, religi\u00f6sen und psychologischen Themen befassen, deren Ziel die Erleuchtung des Menschen ist. Ihre B\u00fccher wurden nicht nur zu Bestsellern, sondern haben auch gro\u00dfe Anerkennung bei religi\u00f6sen Menschen, spirituellen Philosophen, Psychologen, Parapsychologen und anderen Gelehrten der menschlichen Seele gefunden. Ihre Schriften sind sch\u00f6n und tiefgr\u00fcndig, ein reiner Ausdruck evangelischer Liebe und praktischer Lehren f\u00fcr Freude, Frieden und inneres Wachstum.<\/p>\n\n\n\n<p class=\"has-black-color has-text-color has-link-color has-small-font-size wp-elements-ef490a569b9ba7493d162548f29631e2\">Auf spiritueller Ebene plante sie den Bau des Haus des Weges, eine Anspielung auf das \u201eHaus des Weges\u201c der fr\u00fchen Christen, das von Divaldo Franco in der Stadt Salvador, Brasilien, gegr\u00fcndet wurde (siehe auf dieser Website: Divaldo Franco).<\/p>\n\n\n\n<p class=\"has-black-color has-text-color has-link-color has-small-font-size wp-elements-96028a6ddf603c7879d362aedcdc34ef\">Zu ihren fr\u00fcheren Reinkarnationen geh\u00f6ren Johanna von Cusa, eine der Frauen, die Jesus bei der Kreuzigung begleiteten, Schwester Juana In\u00e9s de la Cruz (1651-1695), Pseudonym der ber\u00fchmten Schriftstellerin Juana In\u00e9s de Asbaje y Ram\u00edrez de Santillana, und Johanna Ang\u00e9lica de Jes\u00fas (1761-1822), eine bahianische Ordensschwester und sp\u00e4tere \u00c4btissin, die zur Zeit der brasilianischen Unabh\u00e4ngigkeit die Hauptrolle in einem schmerzhaften Drama spielte.<\/p>\n\n\n\n<p class=\"has-black-color has-text-color has-link-color has-small-font-size wp-elements-424b8dfe2b9e0e1732da09e2ebbbec43\">Als Dienerin Christi setzt sich Juana de \u00c1ngelis seit Jahrhunderten f\u00fcr die Aufkl\u00e4rung ihrer Br\u00fcder und Schwestern auf Erden ein. In der Mitte des letzten Jahrhunderts, als \u201edie M\u00e4chte des Himmels\u201c in Bewegung gerieten und sich in Amerika und Europa eine Erneuerungsbewegung ausbreitete, die mit der Offenbarung des unsterblichen Lebens das Lied der Hoffnung bis in die \u201evier Winde\u201c erklingen lie\u00df, schloss sich Juana dem Team des Geistes der Wahrheit an, um das Werk der Einpflanzung der Wiederbelebung des Christentums, des von Jesus verhei\u00dfenen Tr\u00f6sters, zu vollbringen.<\/p>\n\n\n\n<p class=\"has-black-color has-text-color has-link-color has-small-font-size wp-elements-21835e98c7f4a3ff09e8f05005508eee\">Im letzten Kapitel ihres Buches \u201eAfter the Tempest\u201c (Nach dem Sturm), in dem sie sich auf die Bestandteile ihres Arbeitsteams bezieht, informiert sie uns:<\/p>\n\n\n\n<p class=\"has-black-color has-text-color has-link-color has-small-font-size wp-elements-9391f4c5820b631eb16e029ac2867335\">\u201eAls die Tage der spiritistischen Kodifizierung vorbereitet wurden, als die Arbeiter zum Kampf gerufen wurden, als die vorausgesagten Stunden angek\u00fcndigt wurden, als die S\u00e4er f\u00fcr die Erde organisiert wurden, h\u00f6rten wir auf die himmlische Einladung und beeilten uns, unsere bescheidenen Kr\u00e4fte anzubieten, um in der innigen Verfassung von Ackerbauern des Bodens zu dienen, in den die Samen des Lichts des Evangeliums des K\u00f6nigreichs fallen sollten.\u201c<\/p>\n\n\n\n<p class=\"has-black-color has-text-color has-link-color has-small-font-size wp-elements-c4df7d5f9a067660c28332f393db008d\">In \u201eDas Evangelium aus der Sicht des Spiritismus\" finden wir zwei Botschaften mit der Unterschrift \u201eA Friendly Spirit\u201c. Die erste (Kap. IX \u00a7 7), mit dem Titel \u201ePatience\u201c, wurde 1862 in Le Havre diktiert. Die zweite (Kap. XVIII, \u00a7\u00a7 13 bis 15) mit dem Titel \u201eIt is given to him who already has\u201c, wurde im gleichen Jahr wie die erste in Bordeaux empfangen. Wenn wir genau hinsehen, k\u00f6nnen wir in diesen Texten den Stil von Juana erkennen. In \u201eGeduld\u201c endet die Autorin auf dieselbe Weise, wie sie es in ihren aktuellen Botschaften zu tun pflegt: Sie stellt Jesus als das Modell vor, dem wir in unserer Haltung folgen sollten, egal unter welchen Umst\u00e4nden.<\/p>\n\n\n\n<p class=\"has-black-color has-text-color has-link-color has-small-font-size wp-elements-b752777129eb4f36f5e6f53dfacb528f\">Als in der geistigen Welt mehrere mit Juana verbundene Geister, ehemalige fehlgeleitete Christen, sich auf ihre Reinkarnation vorbereiteten, versammelte sie alle und plante, auf der Erde, unter dem Himmel von Bahia (Brasilien), eine, wenn auch unvollkommene, Kopie der Gemeinschaft zu errichten, in der sie sich auf der geistigen Ebene befand, mit dem Ziel, die ehemaligen Christen zu erl\u00f6sen und eine erzieherische Erfahrung zu schaffen, die zeigen sollte, dass ein Leben in einer wahrhaft christlichen Gemeinschaft in der heutigen Zeit m\u00f6glich ist. Schwerkranke Geister w\u00fcrden als Waisenkinder kommen und eine Gelegenheit zur Selbstverbesserung finden, um sich von den schmerzhaftesten karmischen Verpflichtungen zu befreien und sich immer auf Jesus zuzubewegen.<\/p>\n\n\n\n<p class=\"has-black-color has-text-color has-link-color has-small-font-size wp-elements-fd9531389310ced18c73628b25e5352c\">Ausgebildete Fachleute wurden eingeladen, die Grundz\u00fcge dieser Aufgaben zu skizzieren und die Pioniere des k\u00fcnftigen Werks anzuleiten. Als alles skizziert war, suchte Juana den Kontakt zu Franz von Assisi und bat ihn, ihre Pl\u00e4ne zu pr\u00fcfen und ihr bei deren materieller Umsetzung zu helfen. Der arme Gottesmann war mit der Lehrerin einverstanden und bot seine Mitarbeit an, vorausgesetzt, dass \u201ein dieser Gemeinschaft niemals die Liebe zu den Ungl\u00fccklichen der Welt vergessen oder die N\u00e4chstenliebe zu den Kindern des Kalvarienbergs verleugnet w\u00fcrde, und dass nicht beabsichtigt w\u00fcrde, die besten Geb\u00e4ude des moralischen Empfindens zu zerst\u00f6ren\u201c. In der Zwischenzeit wurden die Mitarbeiter an verschiedenen Orten, zu verschiedenen Zeiten, mit verschiedenen Anweisungen und Erfahrungen reinkarniert, damit sie in kurzer Zeit und bei Bedarf zur Erf\u00fcllung der in der Spiritualit\u00e4t \u00fcbernommenen Verpflichtungen gerufen werden. Nicht alle von ihnen wohnten in der Gemeinschaft, aber wo auch immer sie sich aufhielten, schickten sie ihre Hilfe, verbreiteten sie die Botschaft des Evangeliums der Solidarit\u00e4t und der Wachsamkeit, verbunden mit der gemeinsamen Arbeit.<\/p>\n\n\n\n<p class=\"has-black-color has-text-color has-link-color has-small-font-size wp-elements-c77111c8c49d554aef0b302551e50d15\">Die Institution ist gewachsen und hat sich immer daf\u00fcr eingesetzt, den Leidenden der Erde, den Gefallenen in Pr\u00fcfungen, denjenigen, die am Rande des Wahnsinns und des Selbstmords stehen, zu helfen. Dank der Aktivit\u00e4ten, die sowohl auf der materiellen als auch auf der spirituellen Ebene entwickelt wurden, mit Notfalltherapien f\u00fcr die k\u00fcrzlich Reinkarnierten und spezieller Pflege, hat das \u201eHaus des Weges\u201c eine spirituelle Schwingung erhalten, die die menschlichen Schwingungen derer, die dort leben und arbeiten, ersetzt.<\/p>\n\n\n\n<p class=\"has-black-color has-text-color has-link-color has-small-font-size wp-elements-c483746b3be8f6f60d215c9c0a19f9fe\">1964 schrieb Juana de \u00c1ngelis durch Divaldo ihr erstes spiritistisches Buch: Mies de Amor. Sie ist es, die es in den Konferenzen inspiriert, zusammen mit anderen Geistern, wie Vianna de Carvalho und Am\u00e9lia Rodrigues, und die schl\u00e4frigen Seelen zur Erf\u00fcllung ihrer Verantwortung erweckt. Angesichts der Unm\u00f6glichkeit, all jenen, die nach Licht d\u00fcrsten, durch das gesprochene Wort zu helfen, begann Juana, mehr B\u00fccher zu schreiben, mehr Seiten des Trostes, die in verschiedenen Teilen der Welt verteilt und in verschiedene Sprachen \u00fcbersetzt werden, um den leidenden Herzen, denen es an Licht mangelt, die Botschaft der Liebe von Meister Galileo besser einzupr\u00e4gen.<\/p>\n\n\n\n<p class=\"has-black-color has-text-color has-link-color has-small-font-size wp-elements-c41f997798bfda49074a4955e2a8253d\">Als f\u00fchrender Geist lud Juana h\u00f6here Wesenheiten ein, sich ihrem Team anzuschlie\u00dfen. In der Literatur traten Rabindranath Tagore, Victor Hugo, Manoel Philomeno de Miranda, Am\u00e9lia Rodrigues, Marco Prisco, Vianna de Carvalho und andere hervor. Im Bereich der Disobsession l\u00e4dt sie den Geist Simba ein, das Pseudonym eines nubischen Tuareg, der als christlicher \u201eBarmherziger Samariter\u201c im hei\u00dfen W\u00fcstensand lebte. Um sich um die Medialit\u00e4t zu k\u00fcmmern, rief sie Jo\u00e3o Cleof\u00e1s. F\u00fcr die spirituelle F\u00fchrung versammelte sie eine Gruppe von geistlichen \u00c4rzten und Krankenschwestern, darunter Dr. Bezerra de Menezes, Scheila und andere hingebungsvolle Diener. F\u00fcr den Bereich der sozialen Hilfe lud sie Anal\u00eda Franco, Fabiano de Cristo und zahllose andere Geister mit Erfahrung im Dienst an anderen ein.<\/p>\n\n\n\n<p class=\"has-black-color has-text-color has-link-color has-small-font-size wp-elements-c863e65df65a3259933b43a298632657\">In einer ihrer Botschaften sagt sie: \u201eEs ist klar, dass unser Ziel nicht darin besteht, etwas zu ver\u00e4ndern, sondern uns selbst zu reformieren. Erstens, Begeisterung und Hoffnung in der Erde und in den Menschen unserer Zeit zu entfachen, indem wir das Studium des Organismus der spiritistischen Kodifizierung vertiefen, um es den Massen verst\u00e4ndlich zu machen, indem wir die heiligmachenden Erfahrungen der \u201e Menschen des Weges \u201c wiederholen, die die Tore der Wahrnehmung f\u00fcr die Geistigen Entit\u00e4ten in ihren Z\u00f6nakeln der Kommunikation mit dem Reich Gottes ge\u00f6ffnet haben.<\/p>\n<\/div><\/div>\n\n\n\n<div class=\"wp-block-uagb-container uagb-block-e227c938 alignfull uagb-is-root-container\"><div class=\"uagb-container-inner-blocks-wrap\"><\/div><\/div>\n\n\n\n<div class=\"wp-block-uagb-container uagb-block-ca651344 alignfull uagb-is-root-container\"><div class=\"uagb-container-inner-blocks-wrap\"><\/div><\/div>","protected":false},"excerpt":{"rendered":"<p>Juana de \u00c1ngelis Mentora espiritual del m\u00e9dium Divaldo Franco, el Esp\u00edritu Juana de \u00c1ngelis es la autora de importantes obras que abordan temas existenciales, filos\u00f3ficos, religiosos, psicol\u00f3gicos, cuyo objetivo es la iluminaci\u00f3n del ser humano. Adem\u00e1s de convertirse en best-sellers, sus libros alcanzaron gran reconocimiento entre religiosos, fil\u00f3sofos espiritualistas, psic\u00f3logos, parapsic\u00f3logos y dem\u00e1s estudiosos del [&hellip;]<\/p>","protected":false},"author":1,"featured_media":0,"parent":0,"menu_order":0,"comment_status":"closed","ping_status":"closed","template":"","meta":{"_uag_custom_page_level_css":"","site-sidebar-layout":"default","site-content-layout":"","ast-site-content-layout":"default","site-content-style":"default","site-sidebar-style":"default","ast-global-header-display":"","ast-banner-title-visibility":"","ast-main-header-display":"","ast-hfb-above-header-display":"","ast-hfb-below-header-display":"","ast-hfb-mobile-header-display":"","site-post-title":"disabled","ast-breadcrumbs-content":"","ast-featured-img":"","footer-sml-layout":"","theme-transparent-header-meta":"","adv-header-id-meta":"","stick-header-meta":"","header-above-stick-meta":"","header-main-stick-meta":"","header-below-stick-meta":"","astra-migrate-meta-layouts":"set","ast-page-background-enabled":"default","ast-page-background-meta":{"desktop":{"background-color":"var(--ast-global-color-4)","background-image":"","background-repeat":"repeat","background-position":"center center","background-size":"auto","background-attachment":"scroll","background-type":"","background-media":"","overlay-type":"","overlay-color":"","overlay-opacity":"","overlay-gradient":""},"tablet":{"background-color":"","background-image":"","background-repeat":"repeat","background-position":"center center","background-size":"auto","background-attachment":"scroll","background-type":"","background-media":"","overlay-type":"","overlay-color":"","overlay-opacity":"","overlay-gradient":""},"mobile":{"background-color":"","background-image":"","background-repeat":"repeat","background-position":"center center","background-size":"auto","background-attachment":"scroll","background-type":"","background-media":"","overlay-type":"","overlay-color":"","overlay-opacity":"","overlay-gradient":""}},"ast-content-background-meta":{"desktop":{"background-color":"var(--ast-global-color-5)","background-image":"","background-repeat":"repeat","background-position":"center center","background-size":"auto","background-attachment":"scroll","background-type":"","background-media":"","overlay-type":"","overlay-color":"","overlay-opacity":"","overlay-gradient":""},"tablet":{"background-color":"var(--ast-global-color-5)","background-image":"","background-repeat":"repeat","background-position":"center center","background-size":"auto","background-attachment":"scroll","background-type":"","background-media":"","overlay-type":"","overlay-color":"","overlay-opacity":"","overlay-gradient":""},"mobile":{"background-color":"var(--ast-global-color-5)","background-image":"","background-repeat":"repeat","background-position":"center center","background-size":"auto","background-attachment":"scroll","background-type":"","background-media":"","overlay-type":"","overlay-color":"","overlay-opacity":"","overlay-gradient":""}},"footnotes":""},"class_list":["post-5888","page","type-page","status-publish","hentry"],"yoast_head":"<!-- This site is optimized with the Yoast SEO Premium plugin v24.2 (Yoast SEO v24.6) - https:\/\/yoast.com\/wordpress\/plugins\/seo\/ -->\n<title>Juana de \u00c1ngelis - Uni\u00f3n Esp\u00edrita<\/title>\n<meta name=\"robots\" content=\"index, follow, max-snippet:-1, max-image-preview:large, max-video-preview:-1\" \/>\n<link rel=\"canonical\" href=\"https:\/\/nuevo-renacer.com\/de\/juana-de-angelis\/\" \/>\n<meta property=\"og:locale\" content=\"de_DE\" \/>\n<meta property=\"og:type\" content=\"article\" \/>\n<meta property=\"og:title\" content=\"Juana de \u00c1ngelis\" \/>\n<meta property=\"og:description\" content=\"Juana de \u00c1ngelis Mentora espiritual del m\u00e9dium Divaldo Franco, el Esp\u00edritu Juana de \u00c1ngelis es la autora de importantes obras que abordan temas existenciales, filos\u00f3ficos, religiosos, psicol\u00f3gicos, cuyo objetivo es la iluminaci\u00f3n del ser humano. Adem\u00e1s de convertirse en best-sellers, sus libros alcanzaron gran reconocimiento entre religiosos, fil\u00f3sofos espiritualistas, psic\u00f3logos, parapsic\u00f3logos y dem\u00e1s estudiosos del [&hellip;]\" \/>\n<meta property=\"og:url\" content=\"https:\/\/nuevo-renacer.com\/de\/juana-de-angelis\/\" \/>\n<meta property=\"og:site_name\" content=\"Uni\u00f3n Esp\u00edrita\" \/>\n<meta property=\"article:publisher\" content=\"https:\/\/www.facebook.com\/groups\/3431398063740829\" \/>\n<meta property=\"article:modified_time\" content=\"2024-11-07T07:37:39+00:00\" \/>\n<meta property=\"og:image\" content=\"https:\/\/nuevo-renacer.com\/wp-content\/uploads\/2024\/11\/Fundo-Joanna-branco-copy_edited.webp\" \/>\n\t<meta property=\"og:image:width\" content=\"560\" \/>\n\t<meta property=\"og:image:height\" content=\"604\" \/>\n\t<meta property=\"og:image:type\" content=\"image\/webp\" \/>\n<meta name=\"twitter:card\" content=\"summary_large_image\" \/>\n<meta name=\"twitter:label1\" content=\"Gesch\u00e4tzte Lesezeit\" \/>\n\t<meta name=\"twitter:data1\" content=\"6\u00a0Minuten\" \/>\n<script type=\"application\/ld+json\" class=\"yoast-schema-graph\">{\"@context\":\"https:\/\/schema.org\",\"@graph\":[{\"@type\":\"WebPage\",\"@id\":\"https:\/\/nuevo-renacer.com\/juana-de-angelis\/\",\"url\":\"https:\/\/nuevo-renacer.com\/juana-de-angelis\/\",\"name\":\"Juana de \u00c1ngelis - Uni\u00f3n Esp\u00edrita\",\"isPartOf\":{\"@id\":\"https:\/\/nuevo-renacer.com\/#website\"},\"primaryImageOfPage\":{\"@id\":\"https:\/\/nuevo-renacer.com\/juana-de-angelis\/#primaryimage\"},\"image\":{\"@id\":\"https:\/\/nuevo-renacer.com\/juana-de-angelis\/#primaryimage\"},\"thumbnailUrl\":\"https:\/\/nuevo-renacer.com\/wp-content\/uploads\/2024\/11\/Fundo-Joanna-branco-copy_edited.webp\",\"datePublished\":\"2024-11-07T07:32:18+00:00\",\"dateModified\":\"2024-11-07T07:37:39+00:00\",\"breadcrumb\":{\"@id\":\"https:\/\/nuevo-renacer.com\/juana-de-angelis\/#breadcrumb\"},\"inLanguage\":\"de\",\"potentialAction\":[{\"@type\":\"ReadAction\",\"target\":[\"https:\/\/nuevo-renacer.com\/juana-de-angelis\/\"]}]},{\"@type\":\"ImageObject\",\"inLanguage\":\"de\",\"@id\":\"https:\/\/nuevo-renacer.com\/juana-de-angelis\/#primaryimage\",\"url\":\"https:\/\/nuevo-renacer.com\/wp-content\/uploads\/2024\/11\/Fundo-Joanna-branco-copy_edited.webp\",\"contentUrl\":\"https:\/\/nuevo-renacer.com\/wp-content\/uploads\/2024\/11\/Fundo-Joanna-branco-copy_edited.webp\"},{\"@type\":\"BreadcrumbList\",\"@id\":\"https:\/\/nuevo-renacer.com\/juana-de-angelis\/#breadcrumb\",\"itemListElement\":[{\"@type\":\"ListItem\",\"position\":1,\"name\":\"Startseite\",\"item\":\"https:\/\/nuevo-renacer.com\/\"},{\"@type\":\"ListItem\",\"position\":2,\"name\":\"Juana de \u00c1ngelis\"}]},{\"@type\":\"WebSite\",\"@id\":\"https:\/\/nuevo-renacer.com\/#website\",\"url\":\"https:\/\/nuevo-renacer.com\/\",\"name\":\"Uni\u00f3n Esp\u00edrita\",\"description\":\"Nuevo Renacer\",\"publisher\":{\"@id\":\"https:\/\/nuevo-renacer.com\/#organization\"},\"potentialAction\":[{\"@type\":\"SearchAction\",\"target\":{\"@type\":\"EntryPoint\",\"urlTemplate\":\"https:\/\/nuevo-renacer.com\/?s={search_term_string}\"},\"query-input\":{\"@type\":\"PropertyValueSpecification\",\"valueRequired\":true,\"valueName\":\"search_term_string\"}}],\"inLanguage\":\"de\"},{\"@type\":\"Organization\",\"@id\":\"https:\/\/nuevo-renacer.com\/#organization\",\"name\":\"UFEC\",\"url\":\"https:\/\/nuevo-renacer.com\/\",\"logo\":{\"@type\":\"ImageObject\",\"inLanguage\":\"de\",\"@id\":\"https:\/\/nuevo-renacer.com\/#\/schema\/logo\/image\/\",\"url\":\"https:\/\/nuevo-renacer.com\/wp-content\/uploads\/2024\/05\/cropped-LOGO-TERMINADO1-3-3.png\",\"contentUrl\":\"https:\/\/nuevo-renacer.com\/wp-content\/uploads\/2024\/05\/cropped-LOGO-TERMINADO1-3-3.png\",\"width\":512,\"height\":512,\"caption\":\"UFEC\"},\"image\":{\"@id\":\"https:\/\/nuevo-renacer.com\/#\/schema\/logo\/image\/\"},\"sameAs\":[\"https:\/\/www.facebook.com\/groups\/3431398063740829\"]}]}<\/script>\n<!-- \/ Yoast SEO Premium plugin. -->","yoast_head_json":{"title":"Juana de \u00c1ngelis - Uni\u00f3n Esp\u00edrita","robots":{"index":"index","follow":"follow","max-snippet":"max-snippet:-1","max-image-preview":"max-image-preview:large","max-video-preview":"max-video-preview:-1"},"canonical":"https:\/\/nuevo-renacer.com\/de\/juana-de-angelis\/","og_locale":"de_DE","og_type":"article","og_title":"Juana de \u00c1ngelis","og_description":"Juana de \u00c1ngelis Mentora espiritual del m\u00e9dium Divaldo Franco, el Esp\u00edritu Juana de \u00c1ngelis es la autora de importantes obras que abordan temas existenciales, filos\u00f3ficos, religiosos, psicol\u00f3gicos, cuyo objetivo es la iluminaci\u00f3n del ser humano. Adem\u00e1s de convertirse en best-sellers, sus libros alcanzaron gran reconocimiento entre religiosos, fil\u00f3sofos espiritualistas, psic\u00f3logos, parapsic\u00f3logos y dem\u00e1s estudiosos del [&hellip;]","og_url":"https:\/\/nuevo-renacer.com\/de\/juana-de-angelis\/","og_site_name":"Uni\u00f3n Esp\u00edrita","article_publisher":"https:\/\/www.facebook.com\/groups\/3431398063740829","article_modified_time":"2024-11-07T07:37:39+00:00","og_image":[{"width":560,"height":604,"url":"https:\/\/nuevo-renacer.com\/wp-content\/uploads\/2024\/11\/Fundo-Joanna-branco-copy_edited.webp","type":"image\/webp"}],"twitter_card":"summary_large_image","twitter_misc":{"Gesch\u00e4tzte Lesezeit":"6\u00a0Minuten"},"schema":{"@context":"https:\/\/schema.org","@graph":[{"@type":"WebPage","@id":"https:\/\/nuevo-renacer.com\/juana-de-angelis\/","url":"https:\/\/nuevo-renacer.com\/juana-de-angelis\/","name":"Juana de \u00c1ngelis - Uni\u00f3n Esp\u00edrita","isPartOf":{"@id":"https:\/\/nuevo-renacer.com\/#website"},"primaryImageOfPage":{"@id":"https:\/\/nuevo-renacer.com\/juana-de-angelis\/#primaryimage"},"image":{"@id":"https:\/\/nuevo-renacer.com\/juana-de-angelis\/#primaryimage"},"thumbnailUrl":"https:\/\/nuevo-renacer.com\/wp-content\/uploads\/2024\/11\/Fundo-Joanna-branco-copy_edited.webp","datePublished":"2024-11-07T07:32:18+00:00","dateModified":"2024-11-07T07:37:39+00:00","breadcrumb":{"@id":"https:\/\/nuevo-renacer.com\/juana-de-angelis\/#breadcrumb"},"inLanguage":"de","potentialAction":[{"@type":"ReadAction","target":["https:\/\/nuevo-renacer.com\/juana-de-angelis\/"]}]},{"@type":"ImageObject","inLanguage":"de","@id":"https:\/\/nuevo-renacer.com\/juana-de-angelis\/#primaryimage","url":"https:\/\/nuevo-renacer.com\/wp-content\/uploads\/2024\/11\/Fundo-Joanna-branco-copy_edited.webp","contentUrl":"https:\/\/nuevo-renacer.com\/wp-content\/uploads\/2024\/11\/Fundo-Joanna-branco-copy_edited.webp"},{"@type":"BreadcrumbList","@id":"https:\/\/nuevo-renacer.com\/juana-de-angelis\/#breadcrumb","itemListElement":[{"@type":"ListItem","position":1,"name":"Startseite","item":"https:\/\/nuevo-renacer.com\/"},{"@type":"ListItem","position":2,"name":"Juana de \u00c1ngelis"}]},{"@type":"WebSite","@id":"https:\/\/nuevo-renacer.com\/#website","url":"https:\/\/nuevo-renacer.com\/","name":"Uni\u00f3n Esp\u00edrita","description":"Nuevo Renacer","publisher":{"@id":"https:\/\/nuevo-renacer.com\/#organization"},"potentialAction":[{"@type":"SearchAction","target":{"@type":"EntryPoint","urlTemplate":"https:\/\/nuevo-renacer.com\/?s={search_term_string}"},"query-input":{"@type":"PropertyValueSpecification","valueRequired":true,"valueName":"search_term_string"}}],"inLanguage":"de"},{"@type":"Organization","@id":"https:\/\/nuevo-renacer.com\/#organization","name":"UFEC","url":"https:\/\/nuevo-renacer.com\/","logo":{"@type":"ImageObject","inLanguage":"de","@id":"https:\/\/nuevo-renacer.com\/#\/schema\/logo\/image\/","url":"https:\/\/nuevo-renacer.com\/wp-content\/uploads\/2024\/05\/cropped-LOGO-TERMINADO1-3-3.png","contentUrl":"https:\/\/nuevo-renacer.com\/wp-content\/uploads\/2024\/05\/cropped-LOGO-TERMINADO1-3-3.png","width":512,"height":512,"caption":"UFEC"},"image":{"@id":"https:\/\/nuevo-renacer.com\/#\/schema\/logo\/image\/"},"sameAs":["https:\/\/www.facebook.com\/groups\/3431398063740829"]}]}},"uagb_featured_image_src":{"full":false,"thumbnail":false,"medium":false,"medium_large":false,"large":false,"1536x1536":false,"2048x2048":false,"trp-custom-language-flag":false},"uagb_author_info":{"display_name":"adbv0","author_link":"https:\/\/nuevo-renacer.com\/de\/author\/adbv0\/"},"uagb_comment_info":0,"uagb_excerpt":"Juana de \u00c1ngelis Mentora espiritual del m\u00e9dium Divaldo Franco, el Esp\u00edritu Juana de \u00c1ngelis es la autora de importantes obras que abordan temas existenciales, filos\u00f3ficos, religiosos, psicol\u00f3gicos, cuyo objetivo es la iluminaci\u00f3n del ser humano. Adem\u00e1s de convertirse en best-sellers, sus libros alcanzaron gran reconocimiento entre religiosos, fil\u00f3sofos espiritualistas, psic\u00f3logos, parapsic\u00f3logos y dem\u00e1s estudiosos del&hellip;","jetpack_sharing_enabled":true,"_links":{"self":[{"href":"https:\/\/nuevo-renacer.com\/de\/wp-json\/wp\/v2\/pages\/5888","targetHints":{"allow":["GET"]}}],"collection":[{"href":"https:\/\/nuevo-renacer.com\/de\/wp-json\/wp\/v2\/pages"}],"about":[{"href":"https:\/\/nuevo-renacer.com\/de\/wp-json\/wp\/v2\/types\/page"}],"author":[{"embeddable":true,"href":"https:\/\/nuevo-renacer.com\/de\/wp-json\/wp\/v2\/users\/1"}],"replies":[{"embeddable":true,"href":"https:\/\/nuevo-renacer.com\/de\/wp-json\/wp\/v2\/comments?post=5888"}],"version-history":[{"count":2,"href":"https:\/\/nuevo-renacer.com\/de\/wp-json\/wp\/v2\/pages\/5888\/revisions"}],"predecessor-version":[{"id":5891,"href":"https:\/\/nuevo-renacer.com\/de\/wp-json\/wp\/v2\/pages\/5888\/revisions\/5891"}],"wp:attachment":[{"href":"https:\/\/nuevo-renacer.com\/de\/wp-json\/wp\/v2\/media?parent=5888"}],"curies":[{"name":"wp","href":"https:\/\/api.w.org\/{rel}","templated":true}]}}