{"id":5852,"date":"2024-10-29T09:41:34","date_gmt":"2024-10-29T09:41:34","guid":{"rendered":"https:\/\/nuevo-renacer.com\/?page_id=5852"},"modified":"2024-10-29T09:48:54","modified_gmt":"2024-10-29T09:48:54","slug":"jose-herculano-pires","status":"publish","type":"page","link":"https:\/\/nuevo-renacer.com\/de\/jose-herculano-pires\/","title":{"rendered":"Jos\u00e9 Herculano Pires"},"content":{"rendered":"<div class=\"wp-block-uagb-container uagb-block-1dc7fe0f alignfull uagb-is-root-container\"><div class=\"uagb-container-inner-blocks-wrap\">\n<p class=\"has-black-color has-text-color has-link-color has-medium-font-size wp-elements-d3cc26d6b8da34fe70fd5a19856f6b4e\"><strong>Jos\u00e9 Herculano Pires<\/strong><\/p>\n<\/div><\/div>\n\n\n\n<div class=\"wp-block-uagb-container uagb-block-e1de0302 alignfull uagb-is-root-container\"><div class=\"uagb-container-inner-blocks-wrap\">\n<figure class=\"wp-block-image size-full is-resized\"><img fetchpriority=\"high\" decoding=\"async\" width=\"300\" height=\"225\" src=\"https:\/\/nuevo-renacer.com\/wp-content\/uploads\/2024\/10\/biografiaherculano.jpg\" alt=\"\" class=\"wp-image-5853\" style=\"width:280px;height:auto\" srcset=\"https:\/\/nuevo-renacer.com\/wp-content\/uploads\/2024\/10\/biografiaherculano.jpg 300w, https:\/\/nuevo-renacer.com\/wp-content\/uploads\/2024\/10\/biografiaherculano-16x12.jpg 16w\" sizes=\"(max-width: 300px) 100vw, 300px\" \/><\/figure>\n<\/div><\/div>\n\n\n\n<div class=\"wp-block-uagb-container uagb-block-0321a983 alignfull uagb-is-root-container\"><div class=\"uagb-container-inner-blocks-wrap\">\n<p class=\"has-black-color has-text-color has-link-color has-small-font-size wp-elements-55da948fbd46e312dc43ea1d02c59b78\">In Brasilien als \u201emultipler\u201c Mann und \u201eApostel von Kardec\u201c bekannt, zeichnete er sich durch seinen st\u00e4ndigen Kampf f\u00fcr die getreue Bewahrung des Werks des Kodifizierers aus und verteidigte mutig die Reinheit des Spiritismus gegen\u00fcber den gro\u00dfen spiritistischen Institutionen. Seine \u00fcberragende Intelligenz und humanistische Kultur leuchteten in gro\u00dfem Ma\u00dfe. Philosoph, Journalist, Erzieher, Schriftsteller, Literaturkritiker, Theosoph und Politiker. Autor von mehr als 81 Werken, darunter Essays, Kurzgeschichten, Philosophie, Geschichte, Psychologie, Parapsychologie und Spiritismus. Einige dieser B\u00fccher wurden in Zusammenarbeit mit dem Medium Francisco Candido Xavier geschrieben, den er als einen der wichtigsten Autoren der spiritistischen Bewegung ansah.<\/p>\n\n\n\n<p class=\"has-black-color has-text-color has-link-color has-small-font-size wp-elements-70e6470d40e8df0e60e084c31362c0b0\">Er vertrat das Konzept der lehrm\u00e4\u00dfigen Reinheit, demzufolge die Lehre vor jeglichem mystischen und esoterischen Einfluss gesch\u00fctzt werden musste. In seinen philosophischen Werken machte er deutlich, dass der Beitrag des Spiritualismus in Bezug auf den Sinn der menschlichen Existenz dem Nihilismus und dem materialistischen Existentialismus entgegengesetzt ist.<\/p>\n\n\n\n<p class=\"has-black-color has-text-color has-link-color has-small-font-size wp-elements-8fe437a539b2a18fce54544c02fa9fa5\">Er war einer der Gr\u00fcnder der Philosophischen Fakult\u00e4t von Araraquara, wo er als Magister der Philosophie (USP) und Mitglied der Brasilianischen Gesellschaft f\u00fcr Philosophie lehrte. Pr\u00e4sident der Vereinigung der Journalisten des Staates S\u00e3o Paulo. 20 Jahre lang unterhielt er eine t\u00e4gliche Kolumne in \"El Espiritismo Asociados \u201c unter dem Pseudonym Bruder Saulo. Er \u00fcbersetzte die Werke von Kardec sorgf\u00e4ltig und getreu und bereicherte sie mit seinen Kommentaren und erl\u00e4uternden Fu\u00dfnoten. Seit seinem 22. Lebensjahr war er Spiritist und scheute keine M\u00fchen, um die Lehre, der er den gr\u00f6\u00dften Teil seines Lebens widmete, m\u00fcndlich und schriftlich zu verbreiten. Seine Person hervorzuheben ist f\u00fcr uns eine echte Ehre, die Gelegenheit zu haben, an sein Leben zu erinnern.<\/p>\n\n\n\n<p class=\"has-black-color has-text-color has-link-color has-small-font-size wp-elements-dc6e6ea3b72875b009fc837cd248c78b\">Wir m\u00fcssen in das Jahr 1914 zur\u00fcckgehen, als in der alten Provinz Rio Novo, der heutigen sch\u00f6nen Stadt Avar\u00e9, im Landesinneren von Sao Paulo (Brasilien), am 25. September Jos\u00e9 Herculano Pires geboren wurde, seine Mutter, die Pianistin Bonina Amaral Simonetti Pires, und sein Vater Jos\u00e9 Pires Correa, ein Apotheker.<\/p>\n\n\n\n<p class=\"has-black-color has-text-color has-link-color has-small-font-size wp-elements-5aa6b9d0c8ef712fdf9bbce2e20ebea5\">Nach seiner Ausbildung in Avar\u00e9e, Ita\u00ed und Cerqueira C\u00e9sar begann sich seine literarische Berufung zu zeigen, und im Alter von neun Jahren verfasste er sein erstes Sonett. Sp\u00e4ter, im Alter von sechzehn Jahren, ver\u00f6ffentlichte er sein erstes Buch mit Kurzgeschichten \u201eSonhos azuis\u201c und zwei Jahre sp\u00e4ter \"Coracao \u201c mit Gedichten und Sonetten. Er schreibt f\u00fcr Zeitungen und Zeitschriften der damaligen Zeit, in Sao Paulo und Rio de Janeiro.<\/p>\n\n\n\n<p class=\"has-black-color has-text-color has-link-color has-small-font-size wp-elements-b30dbea301b3d84928656c9336add40e\">1940 zog er nach Marilia, wo er die Zeitung Daily Paulista kaufte, die er sechs Jahre lang redigierte. 1946 ver\u00f6ffentlichte er, bereits in Sao Paulo, seinen ersten Roman \"El medio camino \u201c, der hervorragende Kritiken erhielt.<\/p>\n\n\n\n<p class=\"has-black-color has-text-color has-link-color has-small-font-size wp-elements-887b9ab5892e0476e5c8c86150de377b\">Nach seinem Abschluss in Philosophie an der Universit\u00e4t von Sao Paulo ver\u00f6ffentlichte er eine existenzielle Dissertation mit dem Titel Sein und Gelassenheit\u201c. Er wurde von den Kritikern als einer der Erneuerer des brasilianischen Romans anerkannt.<\/p>\n\n\n\n<p class=\"has-black-color has-text-color has-link-color has-small-font-size wp-elements-a8d05f685903ba73894277a61f04ca5f\">Drei\u00dfig Jahre lang arbeitete er in der Stra\u00dfe 7 de Abril als Reporter, Redakteur, Sekret\u00e4r, Parlamentschronist und Literaturkritiker f\u00fcr die Di\u00e1rios Associados. Vier Jahre lang schrieb er in Zusammenarbeit mit Francisco Candido Xavier eine Kolumne mit dem Titel \u201eChico Xavier pide licencia\u201c.<\/p>\n\n\n\n<p class=\"has-black-color has-text-color has-link-color has-small-font-size wp-elements-214627bccbed3ae3cbdc863c5979085e\">Er gab an, unter Graphomanie zu leiden, d. h. unter einer Manie, Tag und Nacht zu schreiben. Er hatte keine akademische Berufung und folgte keiner literarischen Schule. Sein einziges pers\u00f6nliches Ziel war es, das zu vermitteln, was er f\u00fcr notwendig hielt, und zwar auf die bestm\u00f6gliche Art und Weise. Seine Fernsehdebatten machten ihn f\u00fcr seine Polemik ber\u00fchmt, insbesondere seine Konfrontationen mit seinem erbitterten Gegner des Spiritismus, dem aggressiven Jesuiten Oscar Gonzales Quevedo, dem er mit seiner erstaunlichen Gelassenheit und Entschlossenheit antwortete. Er war nie gereizt und h\u00f6rte seinen Gegnern geduldig zu. Er war ein liebevoller Ehemann und Vater von vier Kindern. Er war der Gr\u00fcndungsredakteur der spiritistischen Zeitschrift Educaci\u00f3n<\/p>\n\n\n\n<p class=\"has-black-color has-text-color has-link-color has-small-font-size wp-elements-a079ec492ef293ec9743c5ce975fbd02\">Er zeichnete sich als Idealist aus, der f\u00fcr die spiritistische Sache k\u00e4mpfte und einer der aktivsten und konsequentesten Unterst\u00fctzer des Spiritismus in Brasilien war. Das wichtigste Merkmal all seiner Werke ist das Bem\u00fchen, die Koh\u00e4renz des spiritistischen Denkens zu demonstrieren und den Wert der von Allan Kardec vorgeschlagenen kritischen Aspekte und systematischen Forschung zu verteidigen.<\/p>\n\n\n\n<p class=\"has-black-color has-text-color has-link-color has-small-font-size wp-elements-62966eec50f197a4f2090d73126a5e6b\">Er gilt als einer der gr\u00f6\u00dften Verteidiger der Integrit\u00e4t und Reinheit der Kodifizierung von Allan Kardec. Er wurde von allen Intellektuellen seiner Zeit bewundert und respektiert, und seine B\u00fccher werden nach wie vor weithin verkauft und zu wichtigen Fragen der spiritistischen Lehre konsultiert.<\/p>\n\n\n\n<p class=\"has-black-color has-text-color has-link-color has-small-font-size wp-elements-febb399249b484949603adb1fbf0883a\">Im Jahr 1970 gr\u00fcndete er die \u201eMary Virginia and J. Herculano Pires Foundation\u201c, um seine B\u00fccher zu ver\u00f6ffentlichen. Mehrere Verleger haben \u00dcbersetzungen seiner B\u00fccher publiziert.<\/p>\n\n\n\n<p class=\"has-black-color has-text-color has-link-color has-small-font-size wp-elements-2491b1cd41d1872fa89215bf10896f34\">Am 3. September 1979 desinkarnierte er im Bundesstaat Sao Paulo (Brasilien).<\/p>\n\n\n\n<p class=\"has-black-color has-text-color has-link-color has-small-font-size wp-elements-0fe8fb31abd50f77ec9373a32438a86b\">Seine Gedanken:<\/p>\n\n\n\n<p class=\"has-black-color has-text-color has-link-color has-small-font-size wp-elements-8ba1af43a4e161c9e0e2301dca5c74e5\"><em>Der Wahrheit treu zu sein, sie zu respektieren und sich vor ihr zu dem\u00fctigen, sind die drei Stolpersteine des Menschen auf Erden. Wir k\u00f6nnen die Wahrheit kennen und sie verk\u00fcnden, versuchen, sie zu leben und sie anderen mitzuteilen, aber den Mut zu haben, sie in Krisenzeiten zu halten, ist in der Welt der irdischen Eitelkeiten und L\u00fcgen fast ein Privileg. Deshalb neigen die gro\u00dfen Meister immer dazu, den Kelch der Verlassenheit zu kosten, wie Jesus im Garten, der nur das Erwachen durch den Verrat erlebt, oder auf dem Kalvarienberg, wo er die Verlassenheit durch die Kreuzigung ertr\u00e4gt.<\/em><\/p>\n<\/div><\/div>\n\n\n\n<div class=\"wp-block-uagb-container uagb-block-0d3a34f6 alignfull uagb-is-root-container\"><div class=\"uagb-container-inner-blocks-wrap\"><\/div><\/div>\n\n\n\n<div class=\"wp-block-uagb-container uagb-block-8b0e7a6e alignfull uagb-is-root-container\"><div class=\"uagb-container-inner-blocks-wrap\"><\/div><\/div>","protected":false},"excerpt":{"rendered":"<p>Jos\u00e9 Herculano Pires Conocido en Brasil como el hombre&nbsp;\u201cm\u00faltiple\u201d&nbsp;y&nbsp;\u201cEl Ap\u00f3stol de Kardec\u201d,&nbsp;se destac\u00f3 por su constante lucha en conservar fielmente el trabajo del codificador, siendo valiente frente a las grandes instituciones esp\u00edritas en defensa de la pureza del Espiritismo. Su inteligencia superior de cultura human\u00edstica brillo con gran magnitud. Fil\u00f3sofo, periodista, educador, escritor, cr\u00edtico literario, [&hellip;]<\/p>","protected":false},"author":1,"featured_media":0,"parent":0,"menu_order":0,"comment_status":"closed","ping_status":"closed","template":"","meta":{"_uag_custom_page_level_css":"","site-sidebar-layout":"default","site-content-layout":"","ast-site-content-layout":"default","site-content-style":"default","site-sidebar-style":"default","ast-global-header-display":"","ast-banner-title-visibility":"","ast-main-header-display":"","ast-hfb-above-header-display":"","ast-hfb-below-header-display":"","ast-hfb-mobile-header-display":"","site-post-title":"disabled","ast-breadcrumbs-content":"","ast-featured-img":"","footer-sml-layout":"","theme-transparent-header-meta":"","adv-header-id-meta":"","stick-header-meta":"","header-above-stick-meta":"","header-main-stick-meta":"","header-below-stick-meta":"","astra-migrate-meta-layouts":"set","ast-page-background-enabled":"default","ast-page-background-meta":{"desktop":{"background-color":"var(--ast-global-color-4)","background-image":"","background-repeat":"repeat","background-position":"center center","background-size":"auto","background-attachment":"scroll","background-type":"","background-media":"","overlay-type":"","overlay-color":"","overlay-opacity":"","overlay-gradient":""},"tablet":{"background-color":"","background-image":"","background-repeat":"repeat","background-position":"center center","background-size":"auto","background-attachment":"scroll","background-type":"","background-media":"","overlay-type":"","overlay-color":"","overlay-opacity":"","overlay-gradient":""},"mobile":{"background-color":"","background-image":"","background-repeat":"repeat","background-position":"center center","background-size":"auto","background-attachment":"scroll","background-type":"","background-media":"","overlay-type":"","overlay-color":"","overlay-opacity":"","overlay-gradient":""}},"ast-content-background-meta":{"desktop":{"background-color":"var(--ast-global-color-5)","background-image":"","background-repeat":"repeat","background-position":"center center","background-size":"auto","background-attachment":"scroll","background-type":"","background-media":"","overlay-type":"","overlay-color":"","overlay-opacity":"","overlay-gradient":""},"tablet":{"background-color":"var(--ast-global-color-5)","background-image":"","background-repeat":"repeat","background-position":"center center","background-size":"auto","background-attachment":"scroll","background-type":"","background-media":"","overlay-type":"","overlay-color":"","overlay-opacity":"","overlay-gradient":""},"mobile":{"background-color":"var(--ast-global-color-5)","background-image":"","background-repeat":"repeat","background-position":"center center","background-size":"auto","background-attachment":"scroll","background-type":"","background-media":"","overlay-type":"","overlay-color":"","overlay-opacity":"","overlay-gradient":""}},"footnotes":""},"class_list":["post-5852","page","type-page","status-publish","hentry"],"yoast_head":"<!-- This site is optimized with the Yoast SEO Premium plugin v24.2 (Yoast SEO v24.6) - https:\/\/yoast.com\/wordpress\/plugins\/seo\/ -->\n<title>Jos\u00e9 Herculano Pires - Uni\u00f3n Esp\u00edrita<\/title>\n<meta name=\"robots\" content=\"index, follow, max-snippet:-1, max-image-preview:large, max-video-preview:-1\" \/>\n<link rel=\"canonical\" href=\"https:\/\/nuevo-renacer.com\/de\/jose-herculano-pires\/\" \/>\n<meta property=\"og:locale\" content=\"de_DE\" \/>\n<meta property=\"og:type\" content=\"article\" \/>\n<meta property=\"og:title\" content=\"Jos\u00e9 Herculano Pires\" \/>\n<meta property=\"og:description\" content=\"Jos\u00e9 Herculano Pires Conocido en Brasil como el hombre&nbsp;\u201cm\u00faltiple\u201d&nbsp;y&nbsp;\u201cEl Ap\u00f3stol de Kardec\u201d,&nbsp;se destac\u00f3 por su constante lucha en conservar fielmente el trabajo del codificador, siendo valiente frente a las grandes instituciones esp\u00edritas en defensa de la pureza del Espiritismo. Su inteligencia superior de cultura human\u00edstica brillo con gran magnitud. Fil\u00f3sofo, periodista, educador, escritor, cr\u00edtico literario, [&hellip;]\" \/>\n<meta property=\"og:url\" content=\"https:\/\/nuevo-renacer.com\/de\/jose-herculano-pires\/\" \/>\n<meta property=\"og:site_name\" content=\"Uni\u00f3n Esp\u00edrita\" \/>\n<meta property=\"article:publisher\" content=\"https:\/\/www.facebook.com\/groups\/3431398063740829\" \/>\n<meta property=\"article:modified_time\" content=\"2024-10-29T09:48:54+00:00\" \/>\n<meta property=\"og:image\" content=\"https:\/\/nuevo-renacer.com\/wp-content\/uploads\/2024\/10\/biografiaherculano.jpg\" \/>\n\t<meta property=\"og:image:width\" content=\"300\" \/>\n\t<meta property=\"og:image:height\" content=\"225\" \/>\n\t<meta property=\"og:image:type\" content=\"image\/jpeg\" \/>\n<meta name=\"twitter:card\" content=\"summary_large_image\" \/>\n<meta name=\"twitter:label1\" content=\"Gesch\u00e4tzte Lesezeit\" \/>\n\t<meta name=\"twitter:data1\" content=\"5\u00a0Minuten\" \/>\n<script type=\"application\/ld+json\" class=\"yoast-schema-graph\">{\"@context\":\"https:\/\/schema.org\",\"@graph\":[{\"@type\":\"WebPage\",\"@id\":\"https:\/\/nuevo-renacer.com\/jose-herculano-pires\/\",\"url\":\"https:\/\/nuevo-renacer.com\/jose-herculano-pires\/\",\"name\":\"Jos\u00e9 Herculano Pires - Uni\u00f3n Esp\u00edrita\",\"isPartOf\":{\"@id\":\"https:\/\/nuevo-renacer.com\/#website\"},\"primaryImageOfPage\":{\"@id\":\"https:\/\/nuevo-renacer.com\/jose-herculano-pires\/#primaryimage\"},\"image\":{\"@id\":\"https:\/\/nuevo-renacer.com\/jose-herculano-pires\/#primaryimage\"},\"thumbnailUrl\":\"https:\/\/nuevo-renacer.com\/wp-content\/uploads\/2024\/10\/biografiaherculano.jpg\",\"datePublished\":\"2024-10-29T09:41:34+00:00\",\"dateModified\":\"2024-10-29T09:48:54+00:00\",\"breadcrumb\":{\"@id\":\"https:\/\/nuevo-renacer.com\/jose-herculano-pires\/#breadcrumb\"},\"inLanguage\":\"de\",\"potentialAction\":[{\"@type\":\"ReadAction\",\"target\":[\"https:\/\/nuevo-renacer.com\/jose-herculano-pires\/\"]}]},{\"@type\":\"ImageObject\",\"inLanguage\":\"de\",\"@id\":\"https:\/\/nuevo-renacer.com\/jose-herculano-pires\/#primaryimage\",\"url\":\"https:\/\/nuevo-renacer.com\/wp-content\/uploads\/2024\/10\/biografiaherculano.jpg\",\"contentUrl\":\"https:\/\/nuevo-renacer.com\/wp-content\/uploads\/2024\/10\/biografiaherculano.jpg\"},{\"@type\":\"BreadcrumbList\",\"@id\":\"https:\/\/nuevo-renacer.com\/jose-herculano-pires\/#breadcrumb\",\"itemListElement\":[{\"@type\":\"ListItem\",\"position\":1,\"name\":\"Startseite\",\"item\":\"https:\/\/nuevo-renacer.com\/\"},{\"@type\":\"ListItem\",\"position\":2,\"name\":\"Jos\u00e9 Herculano Pires\"}]},{\"@type\":\"WebSite\",\"@id\":\"https:\/\/nuevo-renacer.com\/#website\",\"url\":\"https:\/\/nuevo-renacer.com\/\",\"name\":\"Uni\u00f3n Esp\u00edrita\",\"description\":\"Nuevo Renacer\",\"publisher\":{\"@id\":\"https:\/\/nuevo-renacer.com\/#organization\"},\"potentialAction\":[{\"@type\":\"SearchAction\",\"target\":{\"@type\":\"EntryPoint\",\"urlTemplate\":\"https:\/\/nuevo-renacer.com\/?s={search_term_string}\"},\"query-input\":{\"@type\":\"PropertyValueSpecification\",\"valueRequired\":true,\"valueName\":\"search_term_string\"}}],\"inLanguage\":\"de\"},{\"@type\":\"Organization\",\"@id\":\"https:\/\/nuevo-renacer.com\/#organization\",\"name\":\"UFEC\",\"url\":\"https:\/\/nuevo-renacer.com\/\",\"logo\":{\"@type\":\"ImageObject\",\"inLanguage\":\"de\",\"@id\":\"https:\/\/nuevo-renacer.com\/#\/schema\/logo\/image\/\",\"url\":\"https:\/\/nuevo-renacer.com\/wp-content\/uploads\/2024\/05\/cropped-LOGO-TERMINADO1-3-3.png\",\"contentUrl\":\"https:\/\/nuevo-renacer.com\/wp-content\/uploads\/2024\/05\/cropped-LOGO-TERMINADO1-3-3.png\",\"width\":512,\"height\":512,\"caption\":\"UFEC\"},\"image\":{\"@id\":\"https:\/\/nuevo-renacer.com\/#\/schema\/logo\/image\/\"},\"sameAs\":[\"https:\/\/www.facebook.com\/groups\/3431398063740829\"]}]}<\/script>\n<!-- \/ Yoast SEO Premium plugin. -->","yoast_head_json":{"title":"Jos\u00e9 Herculano Pires - Uni\u00f3n Esp\u00edrita","robots":{"index":"index","follow":"follow","max-snippet":"max-snippet:-1","max-image-preview":"max-image-preview:large","max-video-preview":"max-video-preview:-1"},"canonical":"https:\/\/nuevo-renacer.com\/de\/jose-herculano-pires\/","og_locale":"de_DE","og_type":"article","og_title":"Jos\u00e9 Herculano Pires","og_description":"Jos\u00e9 Herculano Pires Conocido en Brasil como el hombre&nbsp;\u201cm\u00faltiple\u201d&nbsp;y&nbsp;\u201cEl Ap\u00f3stol de Kardec\u201d,&nbsp;se destac\u00f3 por su constante lucha en conservar fielmente el trabajo del codificador, siendo valiente frente a las grandes instituciones esp\u00edritas en defensa de la pureza del Espiritismo. Su inteligencia superior de cultura human\u00edstica brillo con gran magnitud. Fil\u00f3sofo, periodista, educador, escritor, cr\u00edtico literario, [&hellip;]","og_url":"https:\/\/nuevo-renacer.com\/de\/jose-herculano-pires\/","og_site_name":"Uni\u00f3n Esp\u00edrita","article_publisher":"https:\/\/www.facebook.com\/groups\/3431398063740829","article_modified_time":"2024-10-29T09:48:54+00:00","og_image":[{"width":300,"height":225,"url":"https:\/\/nuevo-renacer.com\/wp-content\/uploads\/2024\/10\/biografiaherculano.jpg","type":"image\/jpeg"}],"twitter_card":"summary_large_image","twitter_misc":{"Gesch\u00e4tzte Lesezeit":"5\u00a0Minuten"},"schema":{"@context":"https:\/\/schema.org","@graph":[{"@type":"WebPage","@id":"https:\/\/nuevo-renacer.com\/jose-herculano-pires\/","url":"https:\/\/nuevo-renacer.com\/jose-herculano-pires\/","name":"Jos\u00e9 Herculano Pires - Uni\u00f3n Esp\u00edrita","isPartOf":{"@id":"https:\/\/nuevo-renacer.com\/#website"},"primaryImageOfPage":{"@id":"https:\/\/nuevo-renacer.com\/jose-herculano-pires\/#primaryimage"},"image":{"@id":"https:\/\/nuevo-renacer.com\/jose-herculano-pires\/#primaryimage"},"thumbnailUrl":"https:\/\/nuevo-renacer.com\/wp-content\/uploads\/2024\/10\/biografiaherculano.jpg","datePublished":"2024-10-29T09:41:34+00:00","dateModified":"2024-10-29T09:48:54+00:00","breadcrumb":{"@id":"https:\/\/nuevo-renacer.com\/jose-herculano-pires\/#breadcrumb"},"inLanguage":"de","potentialAction":[{"@type":"ReadAction","target":["https:\/\/nuevo-renacer.com\/jose-herculano-pires\/"]}]},{"@type":"ImageObject","inLanguage":"de","@id":"https:\/\/nuevo-renacer.com\/jose-herculano-pires\/#primaryimage","url":"https:\/\/nuevo-renacer.com\/wp-content\/uploads\/2024\/10\/biografiaherculano.jpg","contentUrl":"https:\/\/nuevo-renacer.com\/wp-content\/uploads\/2024\/10\/biografiaherculano.jpg"},{"@type":"BreadcrumbList","@id":"https:\/\/nuevo-renacer.com\/jose-herculano-pires\/#breadcrumb","itemListElement":[{"@type":"ListItem","position":1,"name":"Startseite","item":"https:\/\/nuevo-renacer.com\/"},{"@type":"ListItem","position":2,"name":"Jos\u00e9 Herculano Pires"}]},{"@type":"WebSite","@id":"https:\/\/nuevo-renacer.com\/#website","url":"https:\/\/nuevo-renacer.com\/","name":"Uni\u00f3n Esp\u00edrita","description":"Nuevo Renacer","publisher":{"@id":"https:\/\/nuevo-renacer.com\/#organization"},"potentialAction":[{"@type":"SearchAction","target":{"@type":"EntryPoint","urlTemplate":"https:\/\/nuevo-renacer.com\/?s={search_term_string}"},"query-input":{"@type":"PropertyValueSpecification","valueRequired":true,"valueName":"search_term_string"}}],"inLanguage":"de"},{"@type":"Organization","@id":"https:\/\/nuevo-renacer.com\/#organization","name":"UFEC","url":"https:\/\/nuevo-renacer.com\/","logo":{"@type":"ImageObject","inLanguage":"de","@id":"https:\/\/nuevo-renacer.com\/#\/schema\/logo\/image\/","url":"https:\/\/nuevo-renacer.com\/wp-content\/uploads\/2024\/05\/cropped-LOGO-TERMINADO1-3-3.png","contentUrl":"https:\/\/nuevo-renacer.com\/wp-content\/uploads\/2024\/05\/cropped-LOGO-TERMINADO1-3-3.png","width":512,"height":512,"caption":"UFEC"},"image":{"@id":"https:\/\/nuevo-renacer.com\/#\/schema\/logo\/image\/"},"sameAs":["https:\/\/www.facebook.com\/groups\/3431398063740829"]}]}},"uagb_featured_image_src":{"full":false,"thumbnail":false,"medium":false,"medium_large":false,"large":false,"1536x1536":false,"2048x2048":false,"trp-custom-language-flag":false},"uagb_author_info":{"display_name":"adbv0","author_link":"https:\/\/nuevo-renacer.com\/de\/author\/adbv0\/"},"uagb_comment_info":0,"uagb_excerpt":"Jos\u00e9 Herculano Pires Conocido en Brasil como el hombre&nbsp;\u201cm\u00faltiple\u201d&nbsp;y&nbsp;\u201cEl Ap\u00f3stol de Kardec\u201d,&nbsp;se destac\u00f3 por su constante lucha en conservar fielmente el trabajo del codificador, siendo valiente frente a las grandes instituciones esp\u00edritas en defensa de la pureza del Espiritismo. Su inteligencia superior de cultura human\u00edstica brillo con gran magnitud. Fil\u00f3sofo, periodista, educador, escritor, cr\u00edtico literario,&hellip;","jetpack_sharing_enabled":true,"_links":{"self":[{"href":"https:\/\/nuevo-renacer.com\/de\/wp-json\/wp\/v2\/pages\/5852","targetHints":{"allow":["GET"]}}],"collection":[{"href":"https:\/\/nuevo-renacer.com\/de\/wp-json\/wp\/v2\/pages"}],"about":[{"href":"https:\/\/nuevo-renacer.com\/de\/wp-json\/wp\/v2\/types\/page"}],"author":[{"embeddable":true,"href":"https:\/\/nuevo-renacer.com\/de\/wp-json\/wp\/v2\/users\/1"}],"replies":[{"embeddable":true,"href":"https:\/\/nuevo-renacer.com\/de\/wp-json\/wp\/v2\/comments?post=5852"}],"version-history":[{"count":3,"href":"https:\/\/nuevo-renacer.com\/de\/wp-json\/wp\/v2\/pages\/5852\/revisions"}],"predecessor-version":[{"id":5857,"href":"https:\/\/nuevo-renacer.com\/de\/wp-json\/wp\/v2\/pages\/5852\/revisions\/5857"}],"wp:attachment":[{"href":"https:\/\/nuevo-renacer.com\/de\/wp-json\/wp\/v2\/media?parent=5852"}],"curies":[{"name":"wp","href":"https:\/\/api.w.org\/{rel}","templated":true}]}}