{"id":5825,"date":"2024-10-29T07:06:51","date_gmt":"2024-10-29T07:06:51","guid":{"rendered":"https:\/\/nuevo-renacer.com\/?page_id=5825"},"modified":"2025-05-23T09:38:17","modified_gmt":"2025-05-23T09:38:17","slug":"el-futuro-del-hombre","status":"publish","type":"page","link":"https:\/\/nuevo-renacer.com\/de\/el-futuro-del-hombre\/","title":{"rendered":"Die Zukunft der Menschheit"},"content":{"rendered":"<div class=\"wp-block-uagb-container uagb-block-669464db alignfull uagb-is-root-container\"><div class=\"uagb-container-inner-blocks-wrap\">\n<p class=\"has-black-color has-text-color has-link-color has-medium-font-size wp-elements-e3a48136e05d6be2e91d0ae8b076bdea\"><strong>Die Zukunft der Menschheit<\/strong><\/p>\n<\/div><\/div>\n\n\n\n<div class=\"wp-block-uagb-container uagb-block-ba73bf0d alignfull uagb-is-root-container\"><div class=\"uagb-container-inner-blocks-wrap\">\n<figure class=\"wp-block-image size-full is-resized\"><img fetchpriority=\"high\" decoding=\"async\" width=\"626\" height=\"351\" src=\"https:\/\/nuevo-renacer.com\/wp-content\/uploads\/2024\/10\/image.jpeg\" alt=\"Dieses Bild hat ein leeres Alt-Attribut. Der Dateiname ist product-display-hd-8k-wallpaper-stock-photographic-image_1030895-36861.jpg\" class=\"wp-image-5830\" style=\"width:264px;height:auto\" srcset=\"https:\/\/nuevo-renacer.com\/wp-content\/uploads\/2024\/10\/image.jpeg 626w, https:\/\/nuevo-renacer.com\/wp-content\/uploads\/2024\/10\/image-300x168.jpeg 300w, https:\/\/nuevo-renacer.com\/wp-content\/uploads\/2024\/10\/image-18x10.jpeg 18w\" sizes=\"(max-width: 626px) 100vw, 626px\" \/><\/figure>\n<\/div><\/div>\n\n\n\n<div class=\"wp-block-uagb-container uagb-block-e389c601 alignfull uagb-is-root-container\"><div class=\"uagb-container-inner-blocks-wrap\">\n<p class=\"has-black-color has-text-color has-link-color has-small-font-size wp-elements-fdc2c69a0498ba5ee230ac56e360c0c8\">Wie sehr der menschliche Geist das Leben auch erforscht, beim gegenw\u00e4rtigen Stand des intellektuellen Wissens ist es trotz seiner unbestreitbaren Gr\u00f6\u00dfe sehr schwierig, angemessene Antworten zu finden, die es uns erlauben w\u00fcrden, seinen vollen Sinn und seine Bedeutung zu definieren.<\/p>\n\n\n\n<p class=\"has-black-color has-text-color has-link-color has-small-font-size wp-elements-aa7bd9caffaf2ab02e588bfc285401e4\">Einige Forscher haben das Leben auf eine absurde Zuf\u00e4lligkeit reduziert, die jeglicher Logik entbehrt, und haben es vereinfacht, wodurch die gro\u00dfen Komplikationen, die seine Gr\u00f6\u00dfe umgeben, beseitigt wurden.<\/p>\n\n\n\n<p class=\"has-black-color has-text-color has-link-color has-small-font-size wp-elements-792787548f97919b5e8e7964a11a3631\">Andere begr\u00fcnden es mit mythologischen Inhalten, die dank der Komponenten des \u00dcbernat\u00fcrlichen und Wunderbaren leicht zu akzeptieren sind.<\/p>\n\n\n\n<p class=\"has-black-color has-text-color has-link-color has-small-font-size wp-elements-2beca0ec1c3f9df6af01b8f0d367b0d2\">Das Wunder des Lebens ist jedoch viel komplexer, und deshalb kann sein Ausgangspunkt nur im Sch\u00f6pfer gefunden werden, der es \u00fcber Milliarden von Jahren ausgearbeitet und gelenkt hat, indem er in seiner Struktur die unentbehrlichen Anpassungen, wie seine Entfaltung und Variationen, hervorgebracht hat.<\/p>\n\n\n\n<p class=\"has-black-color has-text-color has-link-color has-small-font-size wp-elements-6436450b78aff35bf2b13176682e2368\">Was das menschliche Leben selbst betrifft, so finden wir seine Entstehung im g\u00f6ttlichen Psychismus, der es erdacht hat und inspiriert, der ihm die Energie gibt, von der es sich n\u00e4hrt, und der es durch die zahlreichen Reinkarnationen des unsterblichen Geistes, der auch das intelligente Prinzip des Universums genannt wird, zum Wachstum antreibt.<\/p>\n\n\n\n<p class=\"has-black-color has-text-color has-link-color has-small-font-size wp-elements-c891ab58228bf51251146215726ef94f\">In Unkenntnis seiner Bestimmung erwacht der Geist zu seiner eigenen Realit\u00e4t durch intellektuelle und moralische Erfahrungen, die es ihm erm\u00f6glichen, sich zu verwirklichen.<\/p>\n\n\n\n<p class=\"has-black-color has-text-color has-link-color has-small-font-size wp-elements-9e8812edb678c8547a55d52600d52daa\">Wie das bescheidene Samenkorn, das niemals die goldene \u00c4hre erblicken kann, weil der Tod die Entstehung des Korns bewirkt, nimmt der Geist den Engel in sich selbst nicht wahr, der eines Tages die unendlichen Fl\u00fcsse der Unsterblichkeit pfl\u00fcgen wird.<\/p>\n\n\n\n<p class=\"has-black-color has-text-color has-link-color has-small-font-size wp-elements-50f783468c56a1c84222ed6259b86045\">Je mehr sich jedoch seine F\u00e4higkeiten und sein Urteilsverm\u00f6gen erweitern, desto mehr wird dieser Entwicklungsprozess von immer gr\u00f6\u00dferen und bedeutenderen Herausforderungen gepr\u00e4gt.<\/p>\n\n\n\n<p class=\"has-black-color has-text-color has-link-color has-small-font-size wp-elements-9a707ecc0b48ccdf18aa75b660ce59f3\">Das Erwachen der inneren Werte ist in gewisser Weise bei allen Arten herzzerrei\u00dfend.<\/p>\n\n\n\n<p class=\"has-black-color has-text-color has-link-color has-small-font-size wp-elements-1edd3817e41e62eaf3a44a0f4ec4a8d3\">So wie das pflanzliche Leben die sch\u00fctzende Schale des Samenkorns durchbricht, um sich zu befreien, ist der Mensch von der starken Schale umh\u00fcllt, die ihn von Anfang an gefangen h\u00e4lt und deren Gef\u00e4ngnis tiefe Spuren hinterl\u00e4sst, die in der Zukunft beseitigt werden m\u00fcssen, wenn er sich entwickelt und weitergeht, um nach der weitesten und glorreichsten Bestimmung zu streben.<\/p>\n\n\n\n<p class=\"has-black-color has-text-color has-link-color has-small-font-size wp-elements-bd8beb0d174d4d53f02b323a251d8a3f\">Daher wird der Kampf immer intensiver und unerbittlicher und steigert seine F\u00e4higkeit zum Widerstand und zur Aufkl\u00e4rung in dem Ma\u00dfe, in dem die Eroberungen dies erm\u00f6glichen.<\/p>\n\n\n\n<p class=\"has-black-color has-text-color has-link-color has-small-font-size wp-elements-f73f30add01c62d8fbca7e5e7968b181\">Zu leben ist eine erhabene Herausforderung, und sie mit Weisheit zu bew\u00e4ltigen ist eine Seligkeit, die jedem zuteil wird, der sich entschlossen auf den Weg macht, um voranzukommen, sich zu verbessern und die Gemeinschaft mit Gott zu erlangen.<\/p>\n\n\n\n<p class=\"has-black-color has-text-color has-link-color has-small-font-size wp-elements-ce98d33374d530b488b0c3ea55a883e5\">Schwer ist die Aufgabe. Steil sind die H\u00e4nge, die es zu erklimmen gilt. Die schreckliche Spirale, die wir durchlaufen m\u00fcssen, entfaltet sich, ohne dass ein Ende in Sicht w\u00e4re. Aber unsere Kraft ist grenzenlos, denn wir k\u00f6nnen sie durch den universellen Willen und die Gemeinschaft immer wieder erneuern.<\/p>\n\n\n\n<p class=\"has-black-color has-text-color has-link-color has-small-font-size wp-elements-e93f8ccb96b9709ba386ddac1f0ad24e\">Denken wir daran, dass wir nicht die Einzigen auf dieser gro\u00dfen Reise sind. Wir werden nicht nur fr\u00fcher oder sp\u00e4ter geliebte Menschen erreichen, Gef\u00e4hrten aus vergangenen Leben, diejenigen, die unsere Freuden und unsere Sorgen geteilt haben, sondern auch andere gro\u00dfe Wesen, die einst M\u00e4nner oder Frauen auf der Erde waren und die jetzt h\u00f6here Geister sind, die uns auf den schwierigen Schritten begleiten.<\/p>\n\n\n\n<p class=\"has-black-color has-text-color has-link-color has-small-font-size wp-elements-d8737d6f4d30df32201b05ba34655022\">Wir wissen, dass diejenigen, die uns im himmlischen Leben vorausgegangen sind, nicht desinteressiert an uns sind, und wenn der Sturm auf uns zukommt, unterst\u00fctzen ihre wohlt\u00e4tigen H\u00e4nde unseren Weg.<\/p>\n\n\n\n<p class=\"has-black-color has-text-color has-link-color has-small-font-size wp-elements-e29b4f3f2639a99f8ef1a433f8a0ec36\">Langsam und schmerzhaft bereiten wir uns auf immer gr\u00f6\u00dfere Aufgaben vor. Und je mehr wir uns an der Ausf\u00fchrung eines ma\u00dfgeschneiderten Plans beteiligen, desto mehr wird unser Aufstieg akzentuiert, und desto mehr Offenbarungen werden wir erhalten.<\/p>\n\n\n\n<p class=\"has-black-color has-text-color has-link-color has-small-font-size wp-elements-f756f4a67e27eb2992d58a9905220e7b\">Das flie\u00dfende Universum wird immer weiter und wird zu einer unersch\u00f6pflichen Quelle geistigen Vergn\u00fcgens.<\/p>\n\n\n\n<p class=\"has-black-color has-text-color has-link-color has-small-font-size wp-elements-c24db11eb932250d78e24b5bee2efac8\">Sp\u00e4ter wird die Stunde kommen, in der die Seele nach ihren Wanderungen durch die verschiedenen Welten von den h\u00f6heren Regionen aus der langen Reihe vergangener Leiden betrachten und endlich erkennen wird, dass diese Leiden der Preis f\u00fcr das Gl\u00fcck waren und dass die Pr\u00fcfungen, die sie \u00fcberwunden hat, nichts als ihr Gutes bewirkt haben.<\/p>\n\n\n\n<p class=\"has-black-color has-text-color has-link-color has-small-font-size wp-elements-ddb54ecdc4b8d04094f3ad90a097957b\">Wird die Seele das Ende ihrer Reise erreichen? Wenn die Seele auf dem von ihr vorgezeichneten Weg vorankommt, wird sie sehen, dass sich ihr immer neue Bereiche des Studiums und der Entdeckung er\u00f6ffnen. Sie wird in die Harmonie der Dinge eindringen und erkennen, dass es im Universum keine Zwietracht, keinen Widerspruch gibt, denn \u00fcberall herrschen Weisheit, Ordnung und Voraussicht, und so wird sie das Gl\u00fcck eines gl\u00fcckseligen Lebens immer intensiver genie\u00dfen.<\/p>\n\n\n\n<p class=\"has-black-color has-text-color has-link-color has-small-font-size wp-elements-d1604305ce38c2683b381617b211a75b\">Dann, eines Tages, wird sie, gemildert durch die St\u00fcrme und Wirbelst\u00fcrme des Ungl\u00fccks, gereift durch die Strahlen der g\u00f6ttlichen Sonne, aus dem Schatten der Zeit, aus der Dunkelheit unz\u00e4hliger Leben hervortreten, und ihre F\u00e4higkeiten wie auch ihre Intelligenz werden sich als ein Abglanz des g\u00f6ttlichen Genius offenbaren.<\/p>\n\n\n\n<p class=\"has-black-color has-text-color has-link-color has-small-font-size wp-elements-cd345bbe57dfc714165f5112bc1ff95c\">Niemand w\u00fcrde sich auf der Erde reinkarnieren, wenn die physische Existenz nicht einen h\u00f6heren Zweck h\u00e4tte.<\/p>\n\n\n\n<p class=\"has-black-color has-text-color has-link-color has-small-font-size wp-elements-e9ec779635e53db209e5c6efd4295a40\">Das Selbst ist das Produkt eines langen Entwicklungsprozesses der unendlichen Werte, die in ihm schlummern und nur darauf warten, dass sie durch ein Mittel der Vers\u00f6hnung manifestiert werden.<\/p>\n\n\n\n<p class=\"has-black-color has-text-color has-link-color has-small-font-size wp-elements-a0bfda1be0cb1654ad51e3dec78e6848\">Stufe f\u00fcr Stufe, Schritt f\u00fcr Schritt, wird ein Fortschritt gemacht, und dieser Fortschritt wird durch die Gewohnheiten festgelegt, die in die Individualit\u00e4t aufgenommen werden und die das Ergebnis der Summe der Erfahrungen der verschiedensten Reinkarnationen sind.<\/p>\n\n\n\n<p class=\"has-black-color has-text-color has-link-color has-small-font-size wp-elements-df2ce8b19f66556e1c64ef1230d7c49c\">Wir alle befinden uns jetzt in einer dieser Reinkarnationen. Lassen wir uns diese Gelegenheit nicht entgehen, diesen einmaligen Moment, der uns geboten wurde, um uns zu verbessern und geistig voranzukommen, und schaffen wir es mit unseren Bem\u00fchungen, dieses schwierige Kapitel zu bestehen. Aber gleichzeitig auch eine \u201ewunderbare Erfahrung\u201c.<\/p>\n\n\n\n<p><\/p>\n\n\n\n<p class=\"has-black-color has-text-color has-link-color has-small-font-size wp-elements-55167fb7dea0ec97142ab667f4aa5893\">Artikel verfasst von Juan Miguel Fern\u00e1ndez Mu\u00f1oz<\/p>\n<\/div><\/div>\n\n\n\n<div class=\"wp-block-uagb-container uagb-block-98894f07 alignfull uagb-is-root-container\"><div class=\"uagb-container-inner-blocks-wrap\"><\/div><\/div>\n\n\n\n<div class=\"wp-block-uagb-container uagb-block-cb3a8b3f alignfull uagb-is-root-container\"><div class=\"uagb-container-inner-blocks-wrap\"><\/div><\/div>","protected":false},"excerpt":{"rendered":"<p>El futuro del hombre Por m\u00e1s que la mente humana indague con respecto a la vida, en la actual coyuntura del conocimiento intelectual, a pesar de ser innegablemente vasto, se nos torna muy dif\u00edcil encontrar las respuestas adecuadas que le permitan definir todo su sentido y significado. Reduciendo la vida al azar absurdo, destituido de [&hellip;]<\/p>","protected":false},"author":1,"featured_media":0,"parent":0,"menu_order":0,"comment_status":"closed","ping_status":"closed","template":"","meta":{"_uag_custom_page_level_css":"","site-sidebar-layout":"default","site-content-layout":"","ast-site-content-layout":"default","site-content-style":"default","site-sidebar-style":"default","ast-global-header-display":"","ast-banner-title-visibility":"","ast-main-header-display":"","ast-hfb-above-header-display":"","ast-hfb-below-header-display":"","ast-hfb-mobile-header-display":"","site-post-title":"disabled","ast-breadcrumbs-content":"","ast-featured-img":"","footer-sml-layout":"","theme-transparent-header-meta":"","adv-header-id-meta":"","stick-header-meta":"","header-above-stick-meta":"","header-main-stick-meta":"","header-below-stick-meta":"","astra-migrate-meta-layouts":"set","ast-page-background-enabled":"default","ast-page-background-meta":{"desktop":{"background-color":"var(--ast-global-color-4)","background-image":"","background-repeat":"repeat","background-position":"center center","background-size":"auto","background-attachment":"scroll","background-type":"","background-media":"","overlay-type":"","overlay-color":"","overlay-opacity":"","overlay-gradient":""},"tablet":{"background-color":"","background-image":"","background-repeat":"repeat","background-position":"center center","background-size":"auto","background-attachment":"scroll","background-type":"","background-media":"","overlay-type":"","overlay-color":"","overlay-opacity":"","overlay-gradient":""},"mobile":{"background-color":"","background-image":"","background-repeat":"repeat","background-position":"center center","background-size":"auto","background-attachment":"scroll","background-type":"","background-media":"","overlay-type":"","overlay-color":"","overlay-opacity":"","overlay-gradient":""}},"ast-content-background-meta":{"desktop":{"background-color":"var(--ast-global-color-5)","background-image":"","background-repeat":"repeat","background-position":"center center","background-size":"auto","background-attachment":"scroll","background-type":"","background-media":"","overlay-type":"","overlay-color":"","overlay-opacity":"","overlay-gradient":""},"tablet":{"background-color":"var(--ast-global-color-5)","background-image":"","background-repeat":"repeat","background-position":"center center","background-size":"auto","background-attachment":"scroll","background-type":"","background-media":"","overlay-type":"","overlay-color":"","overlay-opacity":"","overlay-gradient":""},"mobile":{"background-color":"var(--ast-global-color-5)","background-image":"","background-repeat":"repeat","background-position":"center center","background-size":"auto","background-attachment":"scroll","background-type":"","background-media":"","overlay-type":"","overlay-color":"","overlay-opacity":"","overlay-gradient":""}},"footnotes":""},"class_list":["post-5825","page","type-page","status-publish","hentry"],"yoast_head":"<!-- This site is optimized with the Yoast SEO Premium plugin v24.2 (Yoast SEO v24.6) - https:\/\/yoast.com\/wordpress\/plugins\/seo\/ -->\n<title>El futuro del hombre - Uni\u00f3n Esp\u00edrita<\/title>\n<meta name=\"robots\" content=\"index, follow, max-snippet:-1, max-image-preview:large, max-video-preview:-1\" \/>\n<link rel=\"canonical\" href=\"https:\/\/nuevo-renacer.com\/de\/el-futuro-del-hombre\/\" \/>\n<meta property=\"og:locale\" content=\"de_DE\" \/>\n<meta property=\"og:type\" content=\"article\" \/>\n<meta property=\"og:title\" content=\"El futuro del hombre\" \/>\n<meta property=\"og:description\" content=\"El futuro del hombre Por m\u00e1s que la mente humana indague con respecto a la vida, en la actual coyuntura del conocimiento intelectual, a pesar de ser innegablemente vasto, se nos torna muy dif\u00edcil encontrar las respuestas adecuadas que le permitan definir todo su sentido y significado. Reduciendo la vida al azar absurdo, destituido de [&hellip;]\" \/>\n<meta property=\"og:url\" content=\"https:\/\/nuevo-renacer.com\/de\/el-futuro-del-hombre\/\" \/>\n<meta property=\"og:site_name\" content=\"Uni\u00f3n Esp\u00edrita\" \/>\n<meta property=\"article:publisher\" content=\"https:\/\/www.facebook.com\/groups\/3431398063740829\" \/>\n<meta property=\"article:modified_time\" content=\"2025-05-23T09:38:17+00:00\" \/>\n<meta property=\"og:image\" content=\"https:\/\/nuevo-renacer.com\/wp-content\/uploads\/2024\/10\/image.jpeg\" \/>\n\t<meta property=\"og:image:width\" content=\"626\" \/>\n\t<meta property=\"og:image:height\" content=\"351\" \/>\n\t<meta property=\"og:image:type\" content=\"image\/jpeg\" \/>\n<meta name=\"twitter:card\" content=\"summary_large_image\" \/>\n<meta name=\"twitter:label1\" content=\"Gesch\u00e4tzte Lesezeit\" \/>\n\t<meta name=\"twitter:data1\" content=\"6\u00a0Minuten\" \/>\n<script type=\"application\/ld+json\" class=\"yoast-schema-graph\">{\"@context\":\"https:\/\/schema.org\",\"@graph\":[{\"@type\":\"WebPage\",\"@id\":\"https:\/\/nuevo-renacer.com\/el-futuro-del-hombre\/\",\"url\":\"https:\/\/nuevo-renacer.com\/el-futuro-del-hombre\/\",\"name\":\"El futuro del hombre - Uni\u00f3n Esp\u00edrita\",\"isPartOf\":{\"@id\":\"https:\/\/nuevo-renacer.com\/#website\"},\"primaryImageOfPage\":{\"@id\":\"https:\/\/nuevo-renacer.com\/el-futuro-del-hombre\/#primaryimage\"},\"image\":{\"@id\":\"https:\/\/nuevo-renacer.com\/el-futuro-del-hombre\/#primaryimage\"},\"thumbnailUrl\":\"https:\/\/nuevo-renacer.com\/wp-content\/uploads\/2024\/10\/image.jpeg\",\"datePublished\":\"2024-10-29T07:06:51+00:00\",\"dateModified\":\"2025-05-23T09:38:17+00:00\",\"breadcrumb\":{\"@id\":\"https:\/\/nuevo-renacer.com\/el-futuro-del-hombre\/#breadcrumb\"},\"inLanguage\":\"de\",\"potentialAction\":[{\"@type\":\"ReadAction\",\"target\":[\"https:\/\/nuevo-renacer.com\/el-futuro-del-hombre\/\"]}]},{\"@type\":\"ImageObject\",\"inLanguage\":\"de\",\"@id\":\"https:\/\/nuevo-renacer.com\/el-futuro-del-hombre\/#primaryimage\",\"url\":\"https:\/\/nuevo-renacer.com\/wp-content\/uploads\/2024\/10\/image.jpeg\",\"contentUrl\":\"https:\/\/nuevo-renacer.com\/wp-content\/uploads\/2024\/10\/image.jpeg\"},{\"@type\":\"BreadcrumbList\",\"@id\":\"https:\/\/nuevo-renacer.com\/el-futuro-del-hombre\/#breadcrumb\",\"itemListElement\":[{\"@type\":\"ListItem\",\"position\":1,\"name\":\"Startseite\",\"item\":\"https:\/\/nuevo-renacer.com\/\"},{\"@type\":\"ListItem\",\"position\":2,\"name\":\"El futuro del hombre\"}]},{\"@type\":\"WebSite\",\"@id\":\"https:\/\/nuevo-renacer.com\/#website\",\"url\":\"https:\/\/nuevo-renacer.com\/\",\"name\":\"Uni\u00f3n Esp\u00edrita\",\"description\":\"Nuevo Renacer\",\"publisher\":{\"@id\":\"https:\/\/nuevo-renacer.com\/#organization\"},\"potentialAction\":[{\"@type\":\"SearchAction\",\"target\":{\"@type\":\"EntryPoint\",\"urlTemplate\":\"https:\/\/nuevo-renacer.com\/?s={search_term_string}\"},\"query-input\":{\"@type\":\"PropertyValueSpecification\",\"valueRequired\":true,\"valueName\":\"search_term_string\"}}],\"inLanguage\":\"de\"},{\"@type\":\"Organization\",\"@id\":\"https:\/\/nuevo-renacer.com\/#organization\",\"name\":\"UFEC\",\"url\":\"https:\/\/nuevo-renacer.com\/\",\"logo\":{\"@type\":\"ImageObject\",\"inLanguage\":\"de\",\"@id\":\"https:\/\/nuevo-renacer.com\/#\/schema\/logo\/image\/\",\"url\":\"https:\/\/nuevo-renacer.com\/wp-content\/uploads\/2024\/05\/cropped-LOGO-TERMINADO1-3-3.png\",\"contentUrl\":\"https:\/\/nuevo-renacer.com\/wp-content\/uploads\/2024\/05\/cropped-LOGO-TERMINADO1-3-3.png\",\"width\":512,\"height\":512,\"caption\":\"UFEC\"},\"image\":{\"@id\":\"https:\/\/nuevo-renacer.com\/#\/schema\/logo\/image\/\"},\"sameAs\":[\"https:\/\/www.facebook.com\/groups\/3431398063740829\"]}]}<\/script>\n<!-- \/ Yoast SEO Premium plugin. -->","yoast_head_json":{"title":"El futuro del hombre - Uni\u00f3n Esp\u00edrita","robots":{"index":"index","follow":"follow","max-snippet":"max-snippet:-1","max-image-preview":"max-image-preview:large","max-video-preview":"max-video-preview:-1"},"canonical":"https:\/\/nuevo-renacer.com\/de\/el-futuro-del-hombre\/","og_locale":"de_DE","og_type":"article","og_title":"El futuro del hombre","og_description":"El futuro del hombre Por m\u00e1s que la mente humana indague con respecto a la vida, en la actual coyuntura del conocimiento intelectual, a pesar de ser innegablemente vasto, se nos torna muy dif\u00edcil encontrar las respuestas adecuadas que le permitan definir todo su sentido y significado. Reduciendo la vida al azar absurdo, destituido de [&hellip;]","og_url":"https:\/\/nuevo-renacer.com\/de\/el-futuro-del-hombre\/","og_site_name":"Uni\u00f3n Esp\u00edrita","article_publisher":"https:\/\/www.facebook.com\/groups\/3431398063740829","article_modified_time":"2025-05-23T09:38:17+00:00","og_image":[{"width":626,"height":351,"url":"https:\/\/nuevo-renacer.com\/wp-content\/uploads\/2024\/10\/image.jpeg","type":"image\/jpeg"}],"twitter_card":"summary_large_image","twitter_misc":{"Gesch\u00e4tzte Lesezeit":"6\u00a0Minuten"},"schema":{"@context":"https:\/\/schema.org","@graph":[{"@type":"WebPage","@id":"https:\/\/nuevo-renacer.com\/el-futuro-del-hombre\/","url":"https:\/\/nuevo-renacer.com\/el-futuro-del-hombre\/","name":"El futuro del hombre - Uni\u00f3n Esp\u00edrita","isPartOf":{"@id":"https:\/\/nuevo-renacer.com\/#website"},"primaryImageOfPage":{"@id":"https:\/\/nuevo-renacer.com\/el-futuro-del-hombre\/#primaryimage"},"image":{"@id":"https:\/\/nuevo-renacer.com\/el-futuro-del-hombre\/#primaryimage"},"thumbnailUrl":"https:\/\/nuevo-renacer.com\/wp-content\/uploads\/2024\/10\/image.jpeg","datePublished":"2024-10-29T07:06:51+00:00","dateModified":"2025-05-23T09:38:17+00:00","breadcrumb":{"@id":"https:\/\/nuevo-renacer.com\/el-futuro-del-hombre\/#breadcrumb"},"inLanguage":"de","potentialAction":[{"@type":"ReadAction","target":["https:\/\/nuevo-renacer.com\/el-futuro-del-hombre\/"]}]},{"@type":"ImageObject","inLanguage":"de","@id":"https:\/\/nuevo-renacer.com\/el-futuro-del-hombre\/#primaryimage","url":"https:\/\/nuevo-renacer.com\/wp-content\/uploads\/2024\/10\/image.jpeg","contentUrl":"https:\/\/nuevo-renacer.com\/wp-content\/uploads\/2024\/10\/image.jpeg"},{"@type":"BreadcrumbList","@id":"https:\/\/nuevo-renacer.com\/el-futuro-del-hombre\/#breadcrumb","itemListElement":[{"@type":"ListItem","position":1,"name":"Startseite","item":"https:\/\/nuevo-renacer.com\/"},{"@type":"ListItem","position":2,"name":"El futuro del hombre"}]},{"@type":"WebSite","@id":"https:\/\/nuevo-renacer.com\/#website","url":"https:\/\/nuevo-renacer.com\/","name":"Uni\u00f3n Esp\u00edrita","description":"Nuevo Renacer","publisher":{"@id":"https:\/\/nuevo-renacer.com\/#organization"},"potentialAction":[{"@type":"SearchAction","target":{"@type":"EntryPoint","urlTemplate":"https:\/\/nuevo-renacer.com\/?s={search_term_string}"},"query-input":{"@type":"PropertyValueSpecification","valueRequired":true,"valueName":"search_term_string"}}],"inLanguage":"de"},{"@type":"Organization","@id":"https:\/\/nuevo-renacer.com\/#organization","name":"UFEC","url":"https:\/\/nuevo-renacer.com\/","logo":{"@type":"ImageObject","inLanguage":"de","@id":"https:\/\/nuevo-renacer.com\/#\/schema\/logo\/image\/","url":"https:\/\/nuevo-renacer.com\/wp-content\/uploads\/2024\/05\/cropped-LOGO-TERMINADO1-3-3.png","contentUrl":"https:\/\/nuevo-renacer.com\/wp-content\/uploads\/2024\/05\/cropped-LOGO-TERMINADO1-3-3.png","width":512,"height":512,"caption":"UFEC"},"image":{"@id":"https:\/\/nuevo-renacer.com\/#\/schema\/logo\/image\/"},"sameAs":["https:\/\/www.facebook.com\/groups\/3431398063740829"]}]}},"uagb_featured_image_src":{"full":false,"thumbnail":false,"medium":false,"medium_large":false,"large":false,"1536x1536":false,"2048x2048":false,"trp-custom-language-flag":false},"uagb_author_info":{"display_name":"adbv0","author_link":"https:\/\/nuevo-renacer.com\/de\/author\/adbv0\/"},"uagb_comment_info":0,"uagb_excerpt":"El futuro del hombre Por m\u00e1s que la mente humana indague con respecto a la vida, en la actual coyuntura del conocimiento intelectual, a pesar de ser innegablemente vasto, se nos torna muy dif\u00edcil encontrar las respuestas adecuadas que le permitan definir todo su sentido y significado. Reduciendo la vida al azar absurdo, destituido de&hellip;","jetpack_sharing_enabled":true,"_links":{"self":[{"href":"https:\/\/nuevo-renacer.com\/de\/wp-json\/wp\/v2\/pages\/5825","targetHints":{"allow":["GET"]}}],"collection":[{"href":"https:\/\/nuevo-renacer.com\/de\/wp-json\/wp\/v2\/pages"}],"about":[{"href":"https:\/\/nuevo-renacer.com\/de\/wp-json\/wp\/v2\/types\/page"}],"author":[{"embeddable":true,"href":"https:\/\/nuevo-renacer.com\/de\/wp-json\/wp\/v2\/users\/1"}],"replies":[{"embeddable":true,"href":"https:\/\/nuevo-renacer.com\/de\/wp-json\/wp\/v2\/comments?post=5825"}],"version-history":[{"count":4,"href":"https:\/\/nuevo-renacer.com\/de\/wp-json\/wp\/v2\/pages\/5825\/revisions"}],"predecessor-version":[{"id":8178,"href":"https:\/\/nuevo-renacer.com\/de\/wp-json\/wp\/v2\/pages\/5825\/revisions\/8178"}],"wp:attachment":[{"href":"https:\/\/nuevo-renacer.com\/de\/wp-json\/wp\/v2\/media?parent=5825"}],"curies":[{"name":"wp","href":"https:\/\/api.w.org\/{rel}","templated":true}]}}