{"id":5551,"date":"2024-10-16T08:39:51","date_gmt":"2024-10-16T08:39:51","guid":{"rendered":"https:\/\/nuevo-renacer.com\/?page_id=5551"},"modified":"2024-10-16T08:40:18","modified_gmt":"2024-10-16T08:40:18","slug":"persona-en-la-vision-espirita","status":"publish","type":"page","link":"https:\/\/nuevo-renacer.com\/de\/persona-en-la-vision-espirita\/","title":{"rendered":"Der Mensch aus der spiritistischen Sicht"},"content":{"rendered":"<div class=\"wp-block-uagb-container uagb-block-6e2ebd6b alignfull uagb-is-root-container\"><div class=\"uagb-container-inner-blocks-wrap\">\n<p class=\"has-black-color has-text-color has-link-color has-medium-font-size wp-elements-467495193464e5000764280b0a9f67df\"><strong>Der Mensch aus der spiritistischen Sicht<\/strong><\/p>\n<\/div><\/div>\n\n\n\n<div class=\"wp-block-uagb-container uagb-block-5f69a20b alignfull uagb-is-root-container\"><div class=\"uagb-container-inner-blocks-wrap\">\n<figure class=\"wp-block-image size-full is-resized\"><img fetchpriority=\"high\" decoding=\"async\" width=\"600\" height=\"381\" src=\"https:\/\/nuevo-renacer.com\/wp-content\/uploads\/2024\/10\/o-corpo-humano-formado-por-uma-grande-quantidade-celulas-5c10f318927de.webp\" alt=\"\" class=\"wp-image-5552\" style=\"width:406px;height:auto\" srcset=\"https:\/\/nuevo-renacer.com\/wp-content\/uploads\/2024\/10\/o-corpo-humano-formado-por-uma-grande-quantidade-celulas-5c10f318927de.webp 600w, https:\/\/nuevo-renacer.com\/wp-content\/uploads\/2024\/10\/o-corpo-humano-formado-por-uma-grande-quantidade-celulas-5c10f318927de-300x191.webp 300w, https:\/\/nuevo-renacer.com\/wp-content\/uploads\/2024\/10\/o-corpo-humano-formado-por-uma-grande-quantidade-celulas-5c10f318927de-18x12.webp 18w\" sizes=\"(max-width: 600px) 100vw, 600px\" \/><\/figure>\n<\/div><\/div>\n\n\n\n<div class=\"wp-block-uagb-container uagb-block-71c82204 alignfull uagb-is-root-container\"><div class=\"uagb-container-inner-blocks-wrap\">\n<p class=\"has-black-color has-text-color has-link-color has-small-font-size wp-elements-8845a4ab5f40ccd96e808146abc6e31b\">F\u00fcr die spiritistische Lehre ist der Wert der menschlichen Person in den Ursprung des Lebens eingebettet, weil er nur durch die Intelligente Planung erkl\u00e4rt werden kann, die uns zum Gro\u00dfen Planer f\u00fchrt und uns dazu bringt, sie als ein geschenktes und unverf\u00fcgbares Gut zu betrachten.<\/p>\n\n\n\n<p class=\"has-black-color has-text-color has-link-color has-small-font-size wp-elements-4a71be0b845b3d06abf97ba05a9fde0b\">Wie bei allen Fortschritten in den Biowissenschaften haben die Forscher auch heute noch kein Leben im Labor geschaffen und k\u00f6nnen nicht erkl\u00e4ren, wie sich Atome rein zuf\u00e4llig in Menschen verwandeln und dabei so raffinierte Wege beschreiten, die der Wissenschaftler selbst nur mit M\u00fche entdecken kann.<\/p>\n\n\n\n<p class=\"has-black-color has-text-color has-link-color has-small-font-size wp-elements-dd3c3af9fda90eba3a52067f27aefbf6\">Es ist sehr schwierig, das Funktionieren hochentwickelter Strukturen, wie z. B. des menschlichen Auges und der Blutgerinnung, zu erkl\u00e4ren, indem man Schritt f\u00fcr Schritt aufzeigt, wie solche spezialisierten chemischen Substanzen zuf\u00e4llig in perfekter Harmonie in den komplexesten biochemischen Reaktionen, an denen sie beteiligt sind, zusammenkamen. In gleicher Weise muss man sich an alle anderen Antworten erinnern, die die Wissenschaft noch nicht gegeben hat, einschlie\u00dflich des Ursprungs der au\u00dfergew\u00f6hnlichen zellul\u00e4ren Maschinerie.<\/p>\n\n\n\n<p class=\"has-black-color has-text-color has-link-color has-small-font-size wp-elements-4f794e7d0bdbc2c1350650ccc1647e5a\">Heute kommen die Argumente f\u00fcr das gegebene und unverzichtbare Leben von der Wissenschaft selbst. Die Heiligkeit des Lebens entspringt also dem geistigen Prinzip. Als g\u00f6ttliche und unsterbliche Sch\u00f6pfung setzt es die Biogenese in den Kristallen in Gang und individualisiert sich in jeder neuen Existenz entlang der phylogenetischen Skala, bis es schlie\u00dflich den menschlichen K\u00f6rper durchdringt, eine phantastische Maschinerie, die es selbst mit Hilfe der genialen Konstrukteure gebaut hat.<\/p>\n\n\n\n<p class=\"has-black-color has-text-color has-link-color has-small-font-size wp-elements-1edf8bd5d763556bec41a7a5a5cb83f2\">Mit dieser viel umfassenderen und globaleren Vision des menschlichen Wesens versteht man, dass der Geist, der ihn beseelt, bereits von der Zeit entsteint wurde, er wird nicht erschaffen, daher wird der Geist im Augenblick der Empf\u00e4ngnis mit dem neuen K\u00f6rper verbunden, um ein neues existenzielles Projekt zu beginnen.<\/p>\n\n\n\n<p class=\"has-black-color has-text-color has-link-color has-small-font-size wp-elements-1213b1896bbea4356eaf44d281a757d5\">Nach spiritistischen Informationen hat die Zygote oder der fr\u00fche Embryo nicht immer einen Geist, der seiner Entstehung vorsteht, denn die Eizelle und das Sperma k\u00f6nnen sich ohne die Anwesenheit der Seele nur durch biologische magnetische Impulse vereinigen. In diesem Fall ist die Natur selbst daf\u00fcr verantwortlich, den missgebildeten Embryo zu verwerfen, ohne dass ein unangemessenes Eingreifen des Menschen erforderlich ist.<\/p>\n\n\n\n<p class=\"has-black-color has-text-color has-link-color has-small-font-size wp-elements-9d9adf1fb5e66e7748257fdf7e0a7190\">Bei einem im Labor hergestellten Embryo ist Wachsamkeit geboten, denn es besteht die M\u00f6glichkeit, dass sich ein perispiritueller Faden an ihm festsetzt. In diesem Fall m\u00fcssen spiritistische Forscher ausgefeiltere Technologien entwickeln, die es bisher noch nicht gibt, um zu wissen, ob dies geschieht, und so an nicht gebundenen Embryonen arbeiten k\u00f6nnen. Ohne dies ist ein Eingreifen schwierig.<\/p>\n\n\n\n<p class=\"has-black-color has-text-color has-link-color has-small-font-size wp-elements-29fe312674ecefc8e51e7f8fd692702f\">Wenn sich jedoch ein F\u00f6tus oder ein menschlicher K\u00f6rper in der Tr\u00e4chtigkeit befindet, gibt es einen Geist, der f\u00fcr seine Entstehung verantwortlich ist, und alle seine Rechte m\u00fcssen gewahrt werden. Die Regel lautet daher, nicht einzugreifen.<\/p>\n\n\n\n<p class=\"has-black-color has-text-color has-link-color has-small-font-size wp-elements-31436db539a283e3a928e0e5a898ba7f\">Der physische K\u00f6rper, die feinstofflichen H\u00fcllen und der Geist haben genau definierte Funktionen, und es obliegt dem unsterblichen Wesen, sich um alle ihre Bestandteile zu k\u00fcmmern. Jeder Geist ist f\u00fcr seine eigene Entwicklung verantwortlich. Der Meister Jesus hat der ganzen Menschheit den Weg gezeigt, und es obliegt jedem Einzelnen, die Lehren der universellen Liebe zu leben und vorzuleben, indem er die Prinzipien der N\u00e4chstenliebe und Solidarit\u00e4t in seinem t\u00e4glichen Leben lebt.<\/p>\n\n\n\n<p class=\"has-black-color has-text-color has-link-color has-small-font-size wp-elements-69a566391dad5bc9522231c028aa33af\">Nach allem, was wir gesehen haben, hat der Mensch f\u00fcr die spiritistische Lehre eine intrinsische, ontologische W\u00fcrde, die ihm durch das Vorhandensein der Seele verliehen wird, ein unsterbliches Element g\u00f6ttlichen Ursprungs, das den physischen K\u00f6rper braucht, um zu lernen und sich in st\u00e4ndigem Fortschritt zu entwickeln.<\/p>\n\n\n\n<p class=\"has-black-color has-text-color has-link-color has-small-font-size wp-elements-9e62b9fd6d2db5fa88a216f24801c5b0\">Es spielt keine Rolle, ob das Wesen bei Bewusstsein ist oder nicht; ob es sich um einen F\u00f6tus oder einen Kranken im Koma handelt, es ist eine Person und muss als solche respektiert werden, als das, was es von Natur aus ist. Abtreibung, Kindermord, Manipulation von Embryonen zu eugenischen Zwecken, Euthanasie usw. sind daher inakzeptabel.<\/p>\n\n\n\n<p class=\"has-black-color has-text-color has-link-color has-small-font-size wp-elements-39d803aac6bef7ad9e4113b154076148\">Letztlich ist das Leben ein geschenktes, unverf\u00fcgbares Gut. Und diese Wahrheit hat ihre Grundlage in der Wissenschaft selbst und muss als solche anerkannt werden, um das ethische Verhalten des Menschen zu leiten.<\/p>\n<\/div><\/div>\n\n\n\n<div class=\"wp-block-uagb-container uagb-block-925ef7bb alignfull uagb-is-root-container\"><div class=\"uagb-container-inner-blocks-wrap\"><\/div><\/div>\n\n\n\n<div class=\"wp-block-uagb-container uagb-block-812b4f54 alignfull uagb-is-root-container\"><div class=\"uagb-container-inner-blocks-wrap\"><\/div><\/div>","protected":false},"excerpt":{"rendered":"<p>Persona, en la visi\u00f3n esp\u00edrita Para la Doctrina Esp\u00edrita, el valor de la persona humana est\u00e1 enclavado en el propio origen de la vida, porque \u00e9sta s\u00f3lo puede ser explicada a trav\u00e9s de la Planificaci\u00f3n Inteligente, que nos lleva al Gran Planificador y a considerarla como un bien otorgado e indisponible. Hoy, como todos los [&hellip;]<\/p>","protected":false},"author":1,"featured_media":0,"parent":0,"menu_order":0,"comment_status":"closed","ping_status":"closed","template":"","meta":{"_uag_custom_page_level_css":"","site-sidebar-layout":"default","site-content-layout":"","ast-site-content-layout":"default","site-content-style":"default","site-sidebar-style":"default","ast-global-header-display":"","ast-banner-title-visibility":"","ast-main-header-display":"","ast-hfb-above-header-display":"","ast-hfb-below-header-display":"","ast-hfb-mobile-header-display":"","site-post-title":"disabled","ast-breadcrumbs-content":"","ast-featured-img":"","footer-sml-layout":"","theme-transparent-header-meta":"","adv-header-id-meta":"","stick-header-meta":"","header-above-stick-meta":"","header-main-stick-meta":"","header-below-stick-meta":"","astra-migrate-meta-layouts":"set","ast-page-background-enabled":"default","ast-page-background-meta":{"desktop":{"background-color":"var(--ast-global-color-4)","background-image":"","background-repeat":"repeat","background-position":"center center","background-size":"auto","background-attachment":"scroll","background-type":"","background-media":"","overlay-type":"","overlay-color":"","overlay-opacity":"","overlay-gradient":""},"tablet":{"background-color":"","background-image":"","background-repeat":"repeat","background-position":"center center","background-size":"auto","background-attachment":"scroll","background-type":"","background-media":"","overlay-type":"","overlay-color":"","overlay-opacity":"","overlay-gradient":""},"mobile":{"background-color":"","background-image":"","background-repeat":"repeat","background-position":"center center","background-size":"auto","background-attachment":"scroll","background-type":"","background-media":"","overlay-type":"","overlay-color":"","overlay-opacity":"","overlay-gradient":""}},"ast-content-background-meta":{"desktop":{"background-color":"var(--ast-global-color-5)","background-image":"","background-repeat":"repeat","background-position":"center center","background-size":"auto","background-attachment":"scroll","background-type":"","background-media":"","overlay-type":"","overlay-color":"","overlay-opacity":"","overlay-gradient":""},"tablet":{"background-color":"var(--ast-global-color-5)","background-image":"","background-repeat":"repeat","background-position":"center center","background-size":"auto","background-attachment":"scroll","background-type":"","background-media":"","overlay-type":"","overlay-color":"","overlay-opacity":"","overlay-gradient":""},"mobile":{"background-color":"var(--ast-global-color-5)","background-image":"","background-repeat":"repeat","background-position":"center center","background-size":"auto","background-attachment":"scroll","background-type":"","background-media":"","overlay-type":"","overlay-color":"","overlay-opacity":"","overlay-gradient":""}},"footnotes":""},"class_list":["post-5551","page","type-page","status-publish","hentry"],"yoast_head":"<!-- This site is optimized with the Yoast SEO Premium plugin v24.2 (Yoast SEO v24.6) - https:\/\/yoast.com\/wordpress\/plugins\/seo\/ -->\n<title>Persona, en la visi\u00f3n esp\u00edrita - Uni\u00f3n Esp\u00edrita<\/title>\n<meta name=\"robots\" content=\"index, follow, max-snippet:-1, max-image-preview:large, max-video-preview:-1\" \/>\n<link rel=\"canonical\" href=\"https:\/\/nuevo-renacer.com\/de\/persona-en-la-vision-espirita\/\" \/>\n<meta property=\"og:locale\" content=\"de_DE\" \/>\n<meta property=\"og:type\" content=\"article\" \/>\n<meta property=\"og:title\" content=\"Persona, en la visi\u00f3n esp\u00edrita\" \/>\n<meta property=\"og:description\" content=\"Persona, en la visi\u00f3n esp\u00edrita Para la Doctrina Esp\u00edrita, el valor de la persona humana est\u00e1 enclavado en el propio origen de la vida, porque \u00e9sta s\u00f3lo puede ser explicada a trav\u00e9s de la Planificaci\u00f3n Inteligente, que nos lleva al Gran Planificador y a considerarla como un bien otorgado e indisponible. Hoy, como todos los [&hellip;]\" \/>\n<meta property=\"og:url\" content=\"https:\/\/nuevo-renacer.com\/de\/persona-en-la-vision-espirita\/\" \/>\n<meta property=\"og:site_name\" content=\"Uni\u00f3n Esp\u00edrita\" \/>\n<meta property=\"article:publisher\" content=\"https:\/\/www.facebook.com\/groups\/3431398063740829\" \/>\n<meta property=\"article:modified_time\" content=\"2024-10-16T08:40:18+00:00\" \/>\n<meta property=\"og:image\" content=\"https:\/\/nuevo-renacer.com\/wp-content\/uploads\/2024\/10\/o-corpo-humano-formado-por-uma-grande-quantidade-celulas-5c10f318927de.webp\" \/>\n<meta name=\"twitter:card\" content=\"summary_large_image\" \/>\n<meta name=\"twitter:label1\" content=\"Gesch\u00e4tzte Lesezeit\" \/>\n\t<meta name=\"twitter:data1\" content=\"4\u00a0Minuten\" \/>\n<script type=\"application\/ld+json\" class=\"yoast-schema-graph\">{\"@context\":\"https:\/\/schema.org\",\"@graph\":[{\"@type\":\"WebPage\",\"@id\":\"https:\/\/nuevo-renacer.com\/persona-en-la-vision-espirita\/\",\"url\":\"https:\/\/nuevo-renacer.com\/persona-en-la-vision-espirita\/\",\"name\":\"Persona, en la visi\u00f3n esp\u00edrita - Uni\u00f3n Esp\u00edrita\",\"isPartOf\":{\"@id\":\"https:\/\/nuevo-renacer.com\/#website\"},\"primaryImageOfPage\":{\"@id\":\"https:\/\/nuevo-renacer.com\/persona-en-la-vision-espirita\/#primaryimage\"},\"image\":{\"@id\":\"https:\/\/nuevo-renacer.com\/persona-en-la-vision-espirita\/#primaryimage\"},\"thumbnailUrl\":\"https:\/\/nuevo-renacer.com\/wp-content\/uploads\/2024\/10\/o-corpo-humano-formado-por-uma-grande-quantidade-celulas-5c10f318927de.webp\",\"datePublished\":\"2024-10-16T08:39:51+00:00\",\"dateModified\":\"2024-10-16T08:40:18+00:00\",\"breadcrumb\":{\"@id\":\"https:\/\/nuevo-renacer.com\/persona-en-la-vision-espirita\/#breadcrumb\"},\"inLanguage\":\"de\",\"potentialAction\":[{\"@type\":\"ReadAction\",\"target\":[\"https:\/\/nuevo-renacer.com\/persona-en-la-vision-espirita\/\"]}]},{\"@type\":\"ImageObject\",\"inLanguage\":\"de\",\"@id\":\"https:\/\/nuevo-renacer.com\/persona-en-la-vision-espirita\/#primaryimage\",\"url\":\"https:\/\/nuevo-renacer.com\/wp-content\/uploads\/2024\/10\/o-corpo-humano-formado-por-uma-grande-quantidade-celulas-5c10f318927de.webp\",\"contentUrl\":\"https:\/\/nuevo-renacer.com\/wp-content\/uploads\/2024\/10\/o-corpo-humano-formado-por-uma-grande-quantidade-celulas-5c10f318927de.webp\"},{\"@type\":\"BreadcrumbList\",\"@id\":\"https:\/\/nuevo-renacer.com\/persona-en-la-vision-espirita\/#breadcrumb\",\"itemListElement\":[{\"@type\":\"ListItem\",\"position\":1,\"name\":\"Startseite\",\"item\":\"https:\/\/nuevo-renacer.com\/\"},{\"@type\":\"ListItem\",\"position\":2,\"name\":\"Persona, en la visi\u00f3n esp\u00edrita\"}]},{\"@type\":\"WebSite\",\"@id\":\"https:\/\/nuevo-renacer.com\/#website\",\"url\":\"https:\/\/nuevo-renacer.com\/\",\"name\":\"Uni\u00f3n Esp\u00edrita\",\"description\":\"Nuevo Renacer\",\"publisher\":{\"@id\":\"https:\/\/nuevo-renacer.com\/#organization\"},\"potentialAction\":[{\"@type\":\"SearchAction\",\"target\":{\"@type\":\"EntryPoint\",\"urlTemplate\":\"https:\/\/nuevo-renacer.com\/?s={search_term_string}\"},\"query-input\":{\"@type\":\"PropertyValueSpecification\",\"valueRequired\":true,\"valueName\":\"search_term_string\"}}],\"inLanguage\":\"de\"},{\"@type\":\"Organization\",\"@id\":\"https:\/\/nuevo-renacer.com\/#organization\",\"name\":\"UFEC\",\"url\":\"https:\/\/nuevo-renacer.com\/\",\"logo\":{\"@type\":\"ImageObject\",\"inLanguage\":\"de\",\"@id\":\"https:\/\/nuevo-renacer.com\/#\/schema\/logo\/image\/\",\"url\":\"https:\/\/nuevo-renacer.com\/wp-content\/uploads\/2024\/05\/cropped-LOGO-TERMINADO1-3-3.png\",\"contentUrl\":\"https:\/\/nuevo-renacer.com\/wp-content\/uploads\/2024\/05\/cropped-LOGO-TERMINADO1-3-3.png\",\"width\":512,\"height\":512,\"caption\":\"UFEC\"},\"image\":{\"@id\":\"https:\/\/nuevo-renacer.com\/#\/schema\/logo\/image\/\"},\"sameAs\":[\"https:\/\/www.facebook.com\/groups\/3431398063740829\"]}]}<\/script>\n<!-- \/ Yoast SEO Premium plugin. -->","yoast_head_json":{"title":"Persona, en la visi\u00f3n esp\u00edrita - Uni\u00f3n Esp\u00edrita","robots":{"index":"index","follow":"follow","max-snippet":"max-snippet:-1","max-image-preview":"max-image-preview:large","max-video-preview":"max-video-preview:-1"},"canonical":"https:\/\/nuevo-renacer.com\/de\/persona-en-la-vision-espirita\/","og_locale":"de_DE","og_type":"article","og_title":"Persona, en la visi\u00f3n esp\u00edrita","og_description":"Persona, en la visi\u00f3n esp\u00edrita Para la Doctrina Esp\u00edrita, el valor de la persona humana est\u00e1 enclavado en el propio origen de la vida, porque \u00e9sta s\u00f3lo puede ser explicada a trav\u00e9s de la Planificaci\u00f3n Inteligente, que nos lleva al Gran Planificador y a considerarla como un bien otorgado e indisponible. Hoy, como todos los [&hellip;]","og_url":"https:\/\/nuevo-renacer.com\/de\/persona-en-la-vision-espirita\/","og_site_name":"Uni\u00f3n Esp\u00edrita","article_publisher":"https:\/\/www.facebook.com\/groups\/3431398063740829","article_modified_time":"2024-10-16T08:40:18+00:00","og_image":[{"url":"https:\/\/nuevo-renacer.com\/wp-content\/uploads\/2024\/10\/o-corpo-humano-formado-por-uma-grande-quantidade-celulas-5c10f318927de.webp","type":"","width":"","height":""}],"twitter_card":"summary_large_image","twitter_misc":{"Gesch\u00e4tzte Lesezeit":"4\u00a0Minuten"},"schema":{"@context":"https:\/\/schema.org","@graph":[{"@type":"WebPage","@id":"https:\/\/nuevo-renacer.com\/persona-en-la-vision-espirita\/","url":"https:\/\/nuevo-renacer.com\/persona-en-la-vision-espirita\/","name":"Persona, en la visi\u00f3n esp\u00edrita - Uni\u00f3n Esp\u00edrita","isPartOf":{"@id":"https:\/\/nuevo-renacer.com\/#website"},"primaryImageOfPage":{"@id":"https:\/\/nuevo-renacer.com\/persona-en-la-vision-espirita\/#primaryimage"},"image":{"@id":"https:\/\/nuevo-renacer.com\/persona-en-la-vision-espirita\/#primaryimage"},"thumbnailUrl":"https:\/\/nuevo-renacer.com\/wp-content\/uploads\/2024\/10\/o-corpo-humano-formado-por-uma-grande-quantidade-celulas-5c10f318927de.webp","datePublished":"2024-10-16T08:39:51+00:00","dateModified":"2024-10-16T08:40:18+00:00","breadcrumb":{"@id":"https:\/\/nuevo-renacer.com\/persona-en-la-vision-espirita\/#breadcrumb"},"inLanguage":"de","potentialAction":[{"@type":"ReadAction","target":["https:\/\/nuevo-renacer.com\/persona-en-la-vision-espirita\/"]}]},{"@type":"ImageObject","inLanguage":"de","@id":"https:\/\/nuevo-renacer.com\/persona-en-la-vision-espirita\/#primaryimage","url":"https:\/\/nuevo-renacer.com\/wp-content\/uploads\/2024\/10\/o-corpo-humano-formado-por-uma-grande-quantidade-celulas-5c10f318927de.webp","contentUrl":"https:\/\/nuevo-renacer.com\/wp-content\/uploads\/2024\/10\/o-corpo-humano-formado-por-uma-grande-quantidade-celulas-5c10f318927de.webp"},{"@type":"BreadcrumbList","@id":"https:\/\/nuevo-renacer.com\/persona-en-la-vision-espirita\/#breadcrumb","itemListElement":[{"@type":"ListItem","position":1,"name":"Startseite","item":"https:\/\/nuevo-renacer.com\/"},{"@type":"ListItem","position":2,"name":"Persona, en la visi\u00f3n esp\u00edrita"}]},{"@type":"WebSite","@id":"https:\/\/nuevo-renacer.com\/#website","url":"https:\/\/nuevo-renacer.com\/","name":"Uni\u00f3n Esp\u00edrita","description":"Nuevo Renacer","publisher":{"@id":"https:\/\/nuevo-renacer.com\/#organization"},"potentialAction":[{"@type":"SearchAction","target":{"@type":"EntryPoint","urlTemplate":"https:\/\/nuevo-renacer.com\/?s={search_term_string}"},"query-input":{"@type":"PropertyValueSpecification","valueRequired":true,"valueName":"search_term_string"}}],"inLanguage":"de"},{"@type":"Organization","@id":"https:\/\/nuevo-renacer.com\/#organization","name":"UFEC","url":"https:\/\/nuevo-renacer.com\/","logo":{"@type":"ImageObject","inLanguage":"de","@id":"https:\/\/nuevo-renacer.com\/#\/schema\/logo\/image\/","url":"https:\/\/nuevo-renacer.com\/wp-content\/uploads\/2024\/05\/cropped-LOGO-TERMINADO1-3-3.png","contentUrl":"https:\/\/nuevo-renacer.com\/wp-content\/uploads\/2024\/05\/cropped-LOGO-TERMINADO1-3-3.png","width":512,"height":512,"caption":"UFEC"},"image":{"@id":"https:\/\/nuevo-renacer.com\/#\/schema\/logo\/image\/"},"sameAs":["https:\/\/www.facebook.com\/groups\/3431398063740829"]}]}},"uagb_featured_image_src":{"full":false,"thumbnail":false,"medium":false,"medium_large":false,"large":false,"1536x1536":false,"2048x2048":false,"trp-custom-language-flag":false},"uagb_author_info":{"display_name":"adbv0","author_link":"https:\/\/nuevo-renacer.com\/de\/author\/adbv0\/"},"uagb_comment_info":0,"uagb_excerpt":"Persona, en la visi\u00f3n esp\u00edrita Para la Doctrina Esp\u00edrita, el valor de la persona humana est\u00e1 enclavado en el propio origen de la vida, porque \u00e9sta s\u00f3lo puede ser explicada a trav\u00e9s de la Planificaci\u00f3n Inteligente, que nos lleva al Gran Planificador y a considerarla como un bien otorgado e indisponible. Hoy, como todos los&hellip;","jetpack_sharing_enabled":true,"_links":{"self":[{"href":"https:\/\/nuevo-renacer.com\/de\/wp-json\/wp\/v2\/pages\/5551","targetHints":{"allow":["GET"]}}],"collection":[{"href":"https:\/\/nuevo-renacer.com\/de\/wp-json\/wp\/v2\/pages"}],"about":[{"href":"https:\/\/nuevo-renacer.com\/de\/wp-json\/wp\/v2\/types\/page"}],"author":[{"embeddable":true,"href":"https:\/\/nuevo-renacer.com\/de\/wp-json\/wp\/v2\/users\/1"}],"replies":[{"embeddable":true,"href":"https:\/\/nuevo-renacer.com\/de\/wp-json\/wp\/v2\/comments?post=5551"}],"version-history":[{"count":2,"href":"https:\/\/nuevo-renacer.com\/de\/wp-json\/wp\/v2\/pages\/5551\/revisions"}],"predecessor-version":[{"id":5554,"href":"https:\/\/nuevo-renacer.com\/de\/wp-json\/wp\/v2\/pages\/5551\/revisions\/5554"}],"wp:attachment":[{"href":"https:\/\/nuevo-renacer.com\/de\/wp-json\/wp\/v2\/media?parent=5551"}],"curies":[{"name":"wp","href":"https:\/\/api.w.org\/{rel}","templated":true}]}}