{"id":5199,"date":"2024-10-03T17:30:18","date_gmt":"2024-10-03T17:30:18","guid":{"rendered":"https:\/\/nuevo-renacer.com\/?page_id=5199"},"modified":"2024-10-10T14:31:49","modified_gmt":"2024-10-10T14:31:49","slug":"daniela-m-acerca-del-suicidio","status":"publish","type":"page","link":"https:\/\/nuevo-renacer.com\/de\/daniela-m-acerca-del-suicidio\/","title":{"rendered":"\u00dcber Suizid"},"content":{"rendered":"<div class=\"wp-block-uagb-container uagb-block-88c3add5 alignfull uagb-is-root-container\"><div class=\"uagb-container-inner-blocks-wrap\">\n<p class=\"has-black-color has-text-color has-link-color has-medium-font-size wp-elements-fe012c5e274e3842c8cf5c470e919fe5\"><strong>\u00dcber Suizid<\/strong><\/p>\n<\/div><\/div>\n\n\n\n<div class=\"wp-block-uagb-container uagb-block-21afdb3d alignfull uagb-is-root-container\"><div class=\"uagb-container-inner-blocks-wrap\">\n<figure class=\"wp-block-image size-full is-resized\"><img fetchpriority=\"high\" decoding=\"async\" width=\"361\" height=\"259\" src=\"https:\/\/nuevo-renacer.com\/wp-content\/uploads\/2024\/10\/illustration-man-free-fall-surreal-260nw-2332925961-edited.webp\" alt=\"\" class=\"wp-image-5195\" style=\"width:347px;height:auto\" srcset=\"https:\/\/nuevo-renacer.com\/wp-content\/uploads\/2024\/10\/illustration-man-free-fall-surreal-260nw-2332925961-edited.webp 361w, https:\/\/nuevo-renacer.com\/wp-content\/uploads\/2024\/10\/illustration-man-free-fall-surreal-260nw-2332925961-edited-300x215.webp 300w, https:\/\/nuevo-renacer.com\/wp-content\/uploads\/2024\/10\/illustration-man-free-fall-surreal-260nw-2332925961-edited-18x12.webp 18w\" sizes=\"(max-width: 361px) 100vw, 361px\" \/><\/figure>\n<\/div><\/div>\n\n\n\n<div class=\"wp-block-uagb-container uagb-block-4e4cd0ee alignfull uagb-is-root-container\"><div class=\"uagb-container-inner-blocks-wrap\">\n<p class=\"has-black-color has-text-color has-link-color has-small-font-size wp-elements-64f72341e7a03a0103e289a1c7033176\">Ist Selbstmord erlaubt oder verboten? Wird es bestraft oder nicht? Immerhin gibt es\ndoch denn freien Willen? Und was ist, wenn der Selbstmord im Plan einer Seele steht? Dann ist es doch in Ordnung.<\/p>\n\n\n\n<p class=\"has-black-color has-text-color has-link-color has-small-font-size wp-elements-8bb7d4b7067a30ce5accf053323dee90\"><strong>Antwort: <\/strong><\/p>\n\n\n\n<p class=\"has-black-color has-text-color has-link-color has-small-font-size wp-elements-958554ba4ce32a4ad3fc2fb39d84d6b1\">Es ist wahr, dass Gott den Menschen den freien Willen gab, aber bedenkt folgendes: Ihr Menschen seid nicht zu eurem Vergn\u00fcgen auf der Erde inkarniert. Ihr seid auf Erden, um f\u00fcr die Fehler in euren vergangenen Leben zu B\u00fc\u00dfen und daraus zu lernen, mit dem g\u00f6ttlichen Ziel eurer Vervollkommnung und der Erl\u00f6sung aus dem Kreislauf der Wiedergeburten. Somit ist die Erde soetwas wie eine gro\u00dfe Schule f\u00fcr die unvollkommenen Geister. Nun ziehen wir einen Vergleich zwischen der gro\u00dfen \"Erdenschule\" und euren Schulen f\u00fcr die Kinder. So wie das gro\u00dfe Ziel im irdischen Schulplan ist, dass ihr einen Schulabschluss macht, damit ihr bessere berufliche Chancen im Leben habt, ist das gro\u00dfe Ziel eures \"Seelenplans\", wie ihr es nennt, die Vervollkommnung und Erl\u00f6sung.<\/p>\n\n\n\n<p class=\"has-black-color has-text-color has-link-color has-small-font-size wp-elements-8f808c4e5392493c693778aa7cc7b960\">Nun steht aber nicht im Schulplan, dass ihr vor dem Abschluss aus Unlust oder weil der Stoff und die Pr\u00fcfungen zu schwer f\u00fcr euch sind, die Schule vor dem Abschluss abbrecht. Nar\u00fcrlich steht es euch ab einem gewissen Alter frei, dies zu tun. Schulabbrecher gibt es zu Hauf unter euch. Und auf dem ersten Blick scheint dieser Weg der einfachste zu sein, aber das ist eine tr\u00fcgerische Illusion. In Wirklichkeit werder ihr diesen vermeintlich einfachen Weg mit sp\u00e4teren Konsequenzen bezahlen m\u00fcssen. Und genauso verh\u00e4lt es sich mit dem Selbstmord. Ja, es steht euch von Gott frei, euer Leben zu verk\u00fcrzen. Aber euer Ziel damit euch auf leichteste Weisen euren irdischen Drangsalen und den darin enthaltenen g\u00f6ttlichen Lektionen zu entkommen, werder ihr nicht erreichen. Eure Seelen sind sozusagen auf den dr\u00e4ngenden Bed\u00fcrfniss programmiert, sich zu vervollkommnen. Dies ist ihr aber nur mittels der Reinkarnation und ihren Pr\u00fcfungen und Lektionen m\u00f6glich. Daher wird sie auf kurz oder lang freiwillig zur\u00fcck auf die Erde oder einen anderen entsprechenden Planeten gehen, um ihr gro\u00dfes Ziel erreichen zu k\u00f6nnen. Sie wird alle Lektionen nachholen m\u00fcssen, zum Teil unter noch erschwerteren Umst\u00e4nden. Was nicht als Strafe Gottes, sondern als eine weitere Lektion f\u00fcr verstanden werden sollte.<\/p>\n\n\n\n<p class=\"has-black-color has-text-color has-link-color has-small-font-size wp-elements-8962a79e3ba473daf90ecf4f910ca0ed\"><strong>Fazit: <\/strong>Ja, es steht jedem Menschen frei, den Suizid zu begehen. Aber der Freitod bedeutet nicht, einen Freibrief zu haben. Es wird seine Konsequenzen haben, denn f\u00fcr die Seelen ist ein Stillstand in der Entwicklung auf lange Sicht eine Qual. Und\nin dieser Hinsicht, ja, seid ihr selbst f\u00fcr euer k\u00fcnftiges Schicksal mit den Konsequenzen verantwortlich.<\/p>\n\n\n\n<p><em>Daniela M.<\/em><\/p>\n<\/div><\/div>\n\n\n\n<div class=\"wp-block-uagb-container uagb-block-a2302b25 alignfull uagb-is-root-container\"><div class=\"uagb-container-inner-blocks-wrap\"><\/div><\/div>\n\n\n\n<div class=\"wp-block-uagb-container uagb-block-6048f485 alignfull uagb-is-root-container\"><div class=\"uagb-container-inner-blocks-wrap\"><\/div><\/div>","protected":false},"excerpt":{"rendered":"<p>Acerca del suicidio \u00bfEst\u00e1 permitido o prohibido el suicidio? \u00bfSe castiga o no? Despu\u00e9s de todo \u00bfexiste el libre albedr\u00edo? \u00bfY si el suicidio forma parte de un plan del alma? Entonces est\u00e1 permitido. Respuesta: Es cierto que Dios dio a los hombres el libre albedr\u00edo, pero consideren esto: Ustedes los humanos no est\u00e1n encarnados [&hellip;]<\/p>","protected":false},"author":1,"featured_media":0,"parent":0,"menu_order":0,"comment_status":"closed","ping_status":"closed","template":"","meta":{"_uag_custom_page_level_css":"","site-sidebar-layout":"default","site-content-layout":"","ast-site-content-layout":"default","site-content-style":"default","site-sidebar-style":"default","ast-global-header-display":"","ast-banner-title-visibility":"","ast-main-header-display":"","ast-hfb-above-header-display":"","ast-hfb-below-header-display":"","ast-hfb-mobile-header-display":"","site-post-title":"disabled","ast-breadcrumbs-content":"","ast-featured-img":"","footer-sml-layout":"","theme-transparent-header-meta":"","adv-header-id-meta":"","stick-header-meta":"","header-above-stick-meta":"","header-main-stick-meta":"","header-below-stick-meta":"","astra-migrate-meta-layouts":"set","ast-page-background-enabled":"default","ast-page-background-meta":{"desktop":{"background-color":"var(--ast-global-color-4)","background-image":"","background-repeat":"repeat","background-position":"center center","background-size":"auto","background-attachment":"scroll","background-type":"","background-media":"","overlay-type":"","overlay-color":"","overlay-opacity":"","overlay-gradient":""},"tablet":{"background-color":"","background-image":"","background-repeat":"repeat","background-position":"center center","background-size":"auto","background-attachment":"scroll","background-type":"","background-media":"","overlay-type":"","overlay-color":"","overlay-opacity":"","overlay-gradient":""},"mobile":{"background-color":"","background-image":"","background-repeat":"repeat","background-position":"center center","background-size":"auto","background-attachment":"scroll","background-type":"","background-media":"","overlay-type":"","overlay-color":"","overlay-opacity":"","overlay-gradient":""}},"ast-content-background-meta":{"desktop":{"background-color":"var(--ast-global-color-5)","background-image":"","background-repeat":"repeat","background-position":"center center","background-size":"auto","background-attachment":"scroll","background-type":"","background-media":"","overlay-type":"","overlay-color":"","overlay-opacity":"","overlay-gradient":""},"tablet":{"background-color":"var(--ast-global-color-5)","background-image":"","background-repeat":"repeat","background-position":"center center","background-size":"auto","background-attachment":"scroll","background-type":"","background-media":"","overlay-type":"","overlay-color":"","overlay-opacity":"","overlay-gradient":""},"mobile":{"background-color":"var(--ast-global-color-5)","background-image":"","background-repeat":"repeat","background-position":"center center","background-size":"auto","background-attachment":"scroll","background-type":"","background-media":"","overlay-type":"","overlay-color":"","overlay-opacity":"","overlay-gradient":""}},"footnotes":""},"class_list":["post-5199","page","type-page","status-publish","hentry"],"yoast_head":"<!-- This site is optimized with the Yoast SEO Premium plugin v24.2 (Yoast SEO v24.6) - https:\/\/yoast.com\/wordpress\/plugins\/seo\/ -->\n<title>Acerca del suicidio - Uni\u00f3n Esp\u00edrita<\/title>\n<meta name=\"robots\" content=\"index, follow, max-snippet:-1, max-image-preview:large, max-video-preview:-1\" \/>\n<link rel=\"canonical\" href=\"https:\/\/nuevo-renacer.com\/de\/daniela-m-acerca-del-suicidio\/\" \/>\n<meta property=\"og:locale\" content=\"de_DE\" \/>\n<meta property=\"og:type\" content=\"article\" \/>\n<meta property=\"og:title\" content=\"Acerca del suicidio\" \/>\n<meta property=\"og:description\" content=\"Acerca del suicidio \u00bfEst\u00e1 permitido o prohibido el suicidio? \u00bfSe castiga o no? Despu\u00e9s de todo \u00bfexiste el libre albedr\u00edo? \u00bfY si el suicidio forma parte de un plan del alma? Entonces est\u00e1 permitido. Respuesta: Es cierto que Dios dio a los hombres el libre albedr\u00edo, pero consideren esto: Ustedes los humanos no est\u00e1n encarnados [&hellip;]\" \/>\n<meta property=\"og:url\" content=\"https:\/\/nuevo-renacer.com\/de\/daniela-m-acerca-del-suicidio\/\" \/>\n<meta property=\"og:site_name\" content=\"Uni\u00f3n Esp\u00edrita\" \/>\n<meta property=\"article:publisher\" content=\"https:\/\/www.facebook.com\/groups\/3431398063740829\" \/>\n<meta property=\"article:modified_time\" content=\"2024-10-10T14:31:49+00:00\" \/>\n<meta property=\"og:image\" content=\"https:\/\/nuevo-renacer.com\/wp-content\/uploads\/2024\/10\/illustration-man-free-fall-surreal-260nw-2332925961-edited.webp\" \/>\n<meta name=\"twitter:card\" content=\"summary_large_image\" \/>\n<meta name=\"twitter:label1\" content=\"Gesch\u00e4tzte Lesezeit\" \/>\n\t<meta name=\"twitter:data1\" content=\"3\u00a0Minuten\" \/>\n<script type=\"application\/ld+json\" class=\"yoast-schema-graph\">{\"@context\":\"https:\/\/schema.org\",\"@graph\":[{\"@type\":\"WebPage\",\"@id\":\"https:\/\/nuevo-renacer.com\/daniela-m-acerca-del-suicidio\/\",\"url\":\"https:\/\/nuevo-renacer.com\/daniela-m-acerca-del-suicidio\/\",\"name\":\"Acerca del suicidio - Uni\u00f3n Esp\u00edrita\",\"isPartOf\":{\"@id\":\"https:\/\/nuevo-renacer.com\/#website\"},\"primaryImageOfPage\":{\"@id\":\"https:\/\/nuevo-renacer.com\/daniela-m-acerca-del-suicidio\/#primaryimage\"},\"image\":{\"@id\":\"https:\/\/nuevo-renacer.com\/daniela-m-acerca-del-suicidio\/#primaryimage\"},\"thumbnailUrl\":\"https:\/\/nuevo-renacer.com\/wp-content\/uploads\/2024\/10\/illustration-man-free-fall-surreal-260nw-2332925961-edited.webp\",\"datePublished\":\"2024-10-03T17:30:18+00:00\",\"dateModified\":\"2024-10-10T14:31:49+00:00\",\"breadcrumb\":{\"@id\":\"https:\/\/nuevo-renacer.com\/daniela-m-acerca-del-suicidio\/#breadcrumb\"},\"inLanguage\":\"de\",\"potentialAction\":[{\"@type\":\"ReadAction\",\"target\":[\"https:\/\/nuevo-renacer.com\/daniela-m-acerca-del-suicidio\/\"]}]},{\"@type\":\"ImageObject\",\"inLanguage\":\"de\",\"@id\":\"https:\/\/nuevo-renacer.com\/daniela-m-acerca-del-suicidio\/#primaryimage\",\"url\":\"https:\/\/nuevo-renacer.com\/wp-content\/uploads\/2024\/10\/illustration-man-free-fall-surreal-260nw-2332925961-edited.webp\",\"contentUrl\":\"https:\/\/nuevo-renacer.com\/wp-content\/uploads\/2024\/10\/illustration-man-free-fall-surreal-260nw-2332925961-edited.webp\"},{\"@type\":\"BreadcrumbList\",\"@id\":\"https:\/\/nuevo-renacer.com\/daniela-m-acerca-del-suicidio\/#breadcrumb\",\"itemListElement\":[{\"@type\":\"ListItem\",\"position\":1,\"name\":\"Startseite\",\"item\":\"https:\/\/nuevo-renacer.com\/\"},{\"@type\":\"ListItem\",\"position\":2,\"name\":\"Acerca del suicidio\"}]},{\"@type\":\"WebSite\",\"@id\":\"https:\/\/nuevo-renacer.com\/#website\",\"url\":\"https:\/\/nuevo-renacer.com\/\",\"name\":\"Uni\u00f3n Esp\u00edrita\",\"description\":\"Nuevo Renacer\",\"publisher\":{\"@id\":\"https:\/\/nuevo-renacer.com\/#organization\"},\"potentialAction\":[{\"@type\":\"SearchAction\",\"target\":{\"@type\":\"EntryPoint\",\"urlTemplate\":\"https:\/\/nuevo-renacer.com\/?s={search_term_string}\"},\"query-input\":{\"@type\":\"PropertyValueSpecification\",\"valueRequired\":true,\"valueName\":\"search_term_string\"}}],\"inLanguage\":\"de\"},{\"@type\":\"Organization\",\"@id\":\"https:\/\/nuevo-renacer.com\/#organization\",\"name\":\"UFEC\",\"url\":\"https:\/\/nuevo-renacer.com\/\",\"logo\":{\"@type\":\"ImageObject\",\"inLanguage\":\"de\",\"@id\":\"https:\/\/nuevo-renacer.com\/#\/schema\/logo\/image\/\",\"url\":\"https:\/\/nuevo-renacer.com\/wp-content\/uploads\/2024\/05\/cropped-LOGO-TERMINADO1-3-3.png\",\"contentUrl\":\"https:\/\/nuevo-renacer.com\/wp-content\/uploads\/2024\/05\/cropped-LOGO-TERMINADO1-3-3.png\",\"width\":512,\"height\":512,\"caption\":\"UFEC\"},\"image\":{\"@id\":\"https:\/\/nuevo-renacer.com\/#\/schema\/logo\/image\/\"},\"sameAs\":[\"https:\/\/www.facebook.com\/groups\/3431398063740829\"]}]}<\/script>\n<!-- \/ Yoast SEO Premium plugin. -->","yoast_head_json":{"title":"Acerca del suicidio - Uni\u00f3n Esp\u00edrita","robots":{"index":"index","follow":"follow","max-snippet":"max-snippet:-1","max-image-preview":"max-image-preview:large","max-video-preview":"max-video-preview:-1"},"canonical":"https:\/\/nuevo-renacer.com\/de\/daniela-m-acerca-del-suicidio\/","og_locale":"de_DE","og_type":"article","og_title":"Acerca del suicidio","og_description":"Acerca del suicidio \u00bfEst\u00e1 permitido o prohibido el suicidio? \u00bfSe castiga o no? Despu\u00e9s de todo \u00bfexiste el libre albedr\u00edo? \u00bfY si el suicidio forma parte de un plan del alma? Entonces est\u00e1 permitido. Respuesta: Es cierto que Dios dio a los hombres el libre albedr\u00edo, pero consideren esto: Ustedes los humanos no est\u00e1n encarnados [&hellip;]","og_url":"https:\/\/nuevo-renacer.com\/de\/daniela-m-acerca-del-suicidio\/","og_site_name":"Uni\u00f3n Esp\u00edrita","article_publisher":"https:\/\/www.facebook.com\/groups\/3431398063740829","article_modified_time":"2024-10-10T14:31:49+00:00","og_image":[{"url":"https:\/\/nuevo-renacer.com\/wp-content\/uploads\/2024\/10\/illustration-man-free-fall-surreal-260nw-2332925961-edited.webp","type":"","width":"","height":""}],"twitter_card":"summary_large_image","twitter_misc":{"Gesch\u00e4tzte Lesezeit":"3\u00a0Minuten"},"schema":{"@context":"https:\/\/schema.org","@graph":[{"@type":"WebPage","@id":"https:\/\/nuevo-renacer.com\/daniela-m-acerca-del-suicidio\/","url":"https:\/\/nuevo-renacer.com\/daniela-m-acerca-del-suicidio\/","name":"Acerca del suicidio - Uni\u00f3n Esp\u00edrita","isPartOf":{"@id":"https:\/\/nuevo-renacer.com\/#website"},"primaryImageOfPage":{"@id":"https:\/\/nuevo-renacer.com\/daniela-m-acerca-del-suicidio\/#primaryimage"},"image":{"@id":"https:\/\/nuevo-renacer.com\/daniela-m-acerca-del-suicidio\/#primaryimage"},"thumbnailUrl":"https:\/\/nuevo-renacer.com\/wp-content\/uploads\/2024\/10\/illustration-man-free-fall-surreal-260nw-2332925961-edited.webp","datePublished":"2024-10-03T17:30:18+00:00","dateModified":"2024-10-10T14:31:49+00:00","breadcrumb":{"@id":"https:\/\/nuevo-renacer.com\/daniela-m-acerca-del-suicidio\/#breadcrumb"},"inLanguage":"de","potentialAction":[{"@type":"ReadAction","target":["https:\/\/nuevo-renacer.com\/daniela-m-acerca-del-suicidio\/"]}]},{"@type":"ImageObject","inLanguage":"de","@id":"https:\/\/nuevo-renacer.com\/daniela-m-acerca-del-suicidio\/#primaryimage","url":"https:\/\/nuevo-renacer.com\/wp-content\/uploads\/2024\/10\/illustration-man-free-fall-surreal-260nw-2332925961-edited.webp","contentUrl":"https:\/\/nuevo-renacer.com\/wp-content\/uploads\/2024\/10\/illustration-man-free-fall-surreal-260nw-2332925961-edited.webp"},{"@type":"BreadcrumbList","@id":"https:\/\/nuevo-renacer.com\/daniela-m-acerca-del-suicidio\/#breadcrumb","itemListElement":[{"@type":"ListItem","position":1,"name":"Startseite","item":"https:\/\/nuevo-renacer.com\/"},{"@type":"ListItem","position":2,"name":"Acerca del suicidio"}]},{"@type":"WebSite","@id":"https:\/\/nuevo-renacer.com\/#website","url":"https:\/\/nuevo-renacer.com\/","name":"Uni\u00f3n Esp\u00edrita","description":"Nuevo Renacer","publisher":{"@id":"https:\/\/nuevo-renacer.com\/#organization"},"potentialAction":[{"@type":"SearchAction","target":{"@type":"EntryPoint","urlTemplate":"https:\/\/nuevo-renacer.com\/?s={search_term_string}"},"query-input":{"@type":"PropertyValueSpecification","valueRequired":true,"valueName":"search_term_string"}}],"inLanguage":"de"},{"@type":"Organization","@id":"https:\/\/nuevo-renacer.com\/#organization","name":"UFEC","url":"https:\/\/nuevo-renacer.com\/","logo":{"@type":"ImageObject","inLanguage":"de","@id":"https:\/\/nuevo-renacer.com\/#\/schema\/logo\/image\/","url":"https:\/\/nuevo-renacer.com\/wp-content\/uploads\/2024\/05\/cropped-LOGO-TERMINADO1-3-3.png","contentUrl":"https:\/\/nuevo-renacer.com\/wp-content\/uploads\/2024\/05\/cropped-LOGO-TERMINADO1-3-3.png","width":512,"height":512,"caption":"UFEC"},"image":{"@id":"https:\/\/nuevo-renacer.com\/#\/schema\/logo\/image\/"},"sameAs":["https:\/\/www.facebook.com\/groups\/3431398063740829"]}]}},"uagb_featured_image_src":{"full":false,"thumbnail":false,"medium":false,"medium_large":false,"large":false,"1536x1536":false,"2048x2048":false,"trp-custom-language-flag":false},"uagb_author_info":{"display_name":"adbv0","author_link":"https:\/\/nuevo-renacer.com\/de\/author\/adbv0\/"},"uagb_comment_info":0,"uagb_excerpt":"Acerca del suicidio \u00bfEst\u00e1 permitido o prohibido el suicidio? \u00bfSe castiga o no? Despu\u00e9s de todo \u00bfexiste el libre albedr\u00edo? \u00bfY si el suicidio forma parte de un plan del alma? Entonces est\u00e1 permitido. Respuesta: Es cierto que Dios dio a los hombres el libre albedr\u00edo, pero consideren esto: Ustedes los humanos no est\u00e1n encarnados&hellip;","jetpack_sharing_enabled":true,"_links":{"self":[{"href":"https:\/\/nuevo-renacer.com\/de\/wp-json\/wp\/v2\/pages\/5199","targetHints":{"allow":["GET"]}}],"collection":[{"href":"https:\/\/nuevo-renacer.com\/de\/wp-json\/wp\/v2\/pages"}],"about":[{"href":"https:\/\/nuevo-renacer.com\/de\/wp-json\/wp\/v2\/types\/page"}],"author":[{"embeddable":true,"href":"https:\/\/nuevo-renacer.com\/de\/wp-json\/wp\/v2\/users\/1"}],"replies":[{"embeddable":true,"href":"https:\/\/nuevo-renacer.com\/de\/wp-json\/wp\/v2\/comments?post=5199"}],"version-history":[{"count":5,"href":"https:\/\/nuevo-renacer.com\/de\/wp-json\/wp\/v2\/pages\/5199\/revisions"}],"predecessor-version":[{"id":5507,"href":"https:\/\/nuevo-renacer.com\/de\/wp-json\/wp\/v2\/pages\/5199\/revisions\/5507"}],"wp:attachment":[{"href":"https:\/\/nuevo-renacer.com\/de\/wp-json\/wp\/v2\/media?parent=5199"}],"curies":[{"name":"wp","href":"https:\/\/api.w.org\/{rel}","templated":true}]}}