{"id":5073,"date":"2024-09-15T09:22:59","date_gmt":"2024-09-15T09:22:59","guid":{"rendered":"https:\/\/nuevo-renacer.com\/?page_id=5073"},"modified":"2024-09-15T09:41:48","modified_gmt":"2024-09-15T09:41:48","slug":"alma-primera-teresa-de-jesus","status":"publish","type":"page","link":"https:\/\/nuevo-renacer.com\/de\/alma-primera-teresa-de-jesus\/","title":{"rendered":"Alma Primera &#8211; Teresa de Jes\u00fas"},"content":{"rendered":"<div class=\"wp-block-uagb-container uagb-block-4a4fec5b alignfull uagb-is-root-container\"><div class=\"uagb-container-inner-blocks-wrap\">\n<p class=\"has-black-color has-text-color has-link-color has-medium-font-size wp-elements-8a881650d35b658610a28e37c54fe426\"><strong>Erste Seele<\/strong><\/p>\n<\/div><\/div>\n\n\n\n<div class=\"wp-block-uagb-container uagb-block-c558be2f alignfull uagb-is-root-container\"><div class=\"uagb-container-inner-blocks-wrap\">\n<figure class=\"wp-block-image size-full is-resized\"><img fetchpriority=\"high\" decoding=\"async\" width=\"500\" height=\"291\" src=\"https:\/\/nuevo-renacer.com\/wp-content\/uploads\/2024\/09\/Cuerpo-y-alma-500x291-SP.jpg\" alt=\"\" class=\"wp-image-5075\" style=\"width:457px;height:auto\" srcset=\"https:\/\/nuevo-renacer.com\/wp-content\/uploads\/2024\/09\/Cuerpo-y-alma-500x291-SP.jpg 500w, https:\/\/nuevo-renacer.com\/wp-content\/uploads\/2024\/09\/Cuerpo-y-alma-500x291-SP-300x175.jpg 300w, https:\/\/nuevo-renacer.com\/wp-content\/uploads\/2024\/09\/Cuerpo-y-alma-500x291-SP-18x10.jpg 18w\" sizes=\"(max-width: 500px) 100vw, 500px\" \/><\/figure>\n<\/div><\/div>\n\n\n\n<div class=\"wp-block-uagb-container uagb-block-39b5f0f6 alignfull uagb-is-root-container\"><div class=\"uagb-container-inner-blocks-wrap\">\n<p class=\"has-black-color has-text-color has-link-color has-small-font-size wp-elements-ddf76cff0da79daf6e2354ddd1d7472f\">Die Seele, die in der Liebe die letzte war, erwachte nach Jahrhunderten, die darum k\u00e4mpfte, die erste zu sein, und in ihrer Hingabe wurde sie durch den Wunsch, zu \u00fcberwinden, befreit, weil sie meinen Gott kannte, der der ewige Fr\u00fchling ist, der die Schim\u00e4ren f\u00fcr die Tr\u00e4ume der Liebe zerst\u00f6rte, die ein Segen in einer Zeit ohne Grenzen f\u00fcr die ersten Seelen wurde, die ihr Ziel in Gott setzten.<\/p>\n\n\n\n<p class=\"has-black-color has-text-color has-link-color has-small-font-size wp-elements-531d9ec9525918867164fcabf333a9a7\">Nur die Verz\u00f6gerung ist eine Zerrissenheit, die die Wunde eitern l\u00e4sst, in der Angst eines von Kummer und Tr\u00e4nen gezeichneten Lebens, indem sie dem Zauber des B\u00f6sen zum Opfer f\u00e4llt, das sie einl\u00e4dt und die verlorene Seele in N\u00e4chte des schwarzen Schreckens f\u00fchrt.<\/p>\n\n\n\n<p class=\"has-black-color has-text-color has-link-color has-small-font-size wp-elements-1fccb71fbdffb819e1833f137a257564\">Erhebe dich daher, liebevoller Mensch, und suche nach einem Ausweg, hin zu jenem ewigen Leben, das das Heilige Lamm, mein Jesus, den ich so sehr liebe, ges\u00e4t hat, das mir Hoffnung und einen Platz in der versprochenen Herrlichkeit gegeben hat, f\u00fcr die ich im Kampf gestorben bin.<\/p>\n\n\n\n<p><\/p>\n\n\n\n<p class=\"has-black-color has-text-color has-link-color wp-elements-4a890fa3f6cd31f5b2ed20fcbef9331b\"><strong>Teresa de Jes\u00fas<\/strong><\/p>\n\n\n\n<p><em>Psychographiert von Antonio Hern\u00e1ndez Lozano<\/em><\/p>\n\n\n\n<p><\/p>\n\n\n\n<p><\/p>\n\n\n\n<p><\/p>\n<\/div><\/div>","protected":false},"excerpt":{"rendered":"<p>Alma Primera El alma que fue postrera retrasada en el amor, tras los siglos despert\u00f3 luchando por ser primera, y en su entrega la libera el ansia en superaci\u00f3n, porque conoci\u00f3 a mi Dios que es eterna primavera, destruyendo las quimeras por unos sue\u00f1os de amor, que se hicieron bendici\u00f3n en un tiempo sin fronteras, [&hellip;]<\/p>","protected":false},"author":1,"featured_media":5075,"parent":0,"menu_order":0,"comment_status":"closed","ping_status":"closed","template":"","meta":{"_uag_custom_page_level_css":"","site-sidebar-layout":"default","site-content-layout":"","ast-site-content-layout":"default","site-content-style":"default","site-sidebar-style":"default","ast-global-header-display":"","ast-banner-title-visibility":"","ast-main-header-display":"","ast-hfb-above-header-display":"","ast-hfb-below-header-display":"","ast-hfb-mobile-header-display":"","site-post-title":"","ast-breadcrumbs-content":"","ast-featured-img":"","footer-sml-layout":"","theme-transparent-header-meta":"","adv-header-id-meta":"","stick-header-meta":"","header-above-stick-meta":"","header-main-stick-meta":"","header-below-stick-meta":"","astra-migrate-meta-layouts":"set","ast-page-background-enabled":"default","ast-page-background-meta":{"desktop":{"background-color":"var(--ast-global-color-4)","background-image":"","background-repeat":"repeat","background-position":"center center","background-size":"auto","background-attachment":"scroll","background-type":"","background-media":"","overlay-type":"","overlay-color":"","overlay-opacity":"","overlay-gradient":""},"tablet":{"background-color":"","background-image":"","background-repeat":"repeat","background-position":"center center","background-size":"auto","background-attachment":"scroll","background-type":"","background-media":"","overlay-type":"","overlay-color":"","overlay-opacity":"","overlay-gradient":""},"mobile":{"background-color":"","background-image":"","background-repeat":"repeat","background-position":"center center","background-size":"auto","background-attachment":"scroll","background-type":"","background-media":"","overlay-type":"","overlay-color":"","overlay-opacity":"","overlay-gradient":""}},"ast-content-background-meta":{"desktop":{"background-color":"var(--ast-global-color-5)","background-image":"","background-repeat":"repeat","background-position":"center center","background-size":"auto","background-attachment":"scroll","background-type":"","background-media":"","overlay-type":"","overlay-color":"","overlay-opacity":"","overlay-gradient":""},"tablet":{"background-color":"var(--ast-global-color-5)","background-image":"","background-repeat":"repeat","background-position":"center center","background-size":"auto","background-attachment":"scroll","background-type":"","background-media":"","overlay-type":"","overlay-color":"","overlay-opacity":"","overlay-gradient":""},"mobile":{"background-color":"var(--ast-global-color-5)","background-image":"","background-repeat":"repeat","background-position":"center center","background-size":"auto","background-attachment":"scroll","background-type":"","background-media":"","overlay-type":"","overlay-color":"","overlay-opacity":"","overlay-gradient":""}},"footnotes":""},"class_list":["post-5073","page","type-page","status-publish","has-post-thumbnail","hentry"],"yoast_head":"<!-- This site is optimized with the Yoast SEO Premium plugin v24.2 (Yoast SEO v24.6) - https:\/\/yoast.com\/wordpress\/plugins\/seo\/ -->\n<title>Alma Primera - Teresa de Jes\u00fas - Uni\u00f3n Esp\u00edrita<\/title>\n<meta name=\"robots\" content=\"index, follow, max-snippet:-1, max-image-preview:large, max-video-preview:-1\" \/>\n<link rel=\"canonical\" href=\"https:\/\/nuevo-renacer.com\/de\/alma-primera-teresa-de-jesus\/\" \/>\n<meta property=\"og:locale\" content=\"de_DE\" \/>\n<meta property=\"og:type\" content=\"article\" \/>\n<meta property=\"og:title\" content=\"Alma Primera - Teresa de Jes\u00fas\" \/>\n<meta property=\"og:description\" content=\"Alma Primera El alma que fue postrera retrasada en el amor, tras los siglos despert\u00f3 luchando por ser primera, y en su entrega la libera el ansia en superaci\u00f3n, porque conoci\u00f3 a mi Dios que es eterna primavera, destruyendo las quimeras por unos sue\u00f1os de amor, que se hicieron bendici\u00f3n en un tiempo sin fronteras, [&hellip;]\" \/>\n<meta property=\"og:url\" content=\"https:\/\/nuevo-renacer.com\/de\/alma-primera-teresa-de-jesus\/\" \/>\n<meta property=\"og:site_name\" content=\"Uni\u00f3n Esp\u00edrita\" \/>\n<meta property=\"article:publisher\" content=\"https:\/\/www.facebook.com\/groups\/3431398063740829\" \/>\n<meta property=\"article:modified_time\" content=\"2024-09-15T09:41:48+00:00\" \/>\n<meta property=\"og:image\" content=\"https:\/\/nuevo-renacer.com\/wp-content\/uploads\/2024\/09\/Cuerpo-y-alma-500x291-SP.jpg\" \/>\n\t<meta property=\"og:image:width\" content=\"500\" \/>\n\t<meta property=\"og:image:height\" content=\"291\" \/>\n\t<meta property=\"og:image:type\" content=\"image\/jpeg\" \/>\n<meta name=\"twitter:card\" content=\"summary_large_image\" \/>\n<meta name=\"twitter:label1\" content=\"Gesch\u00e4tzte Lesezeit\" \/>\n\t<meta name=\"twitter:data1\" content=\"1\u00a0Minute\" \/>\n<script type=\"application\/ld+json\" class=\"yoast-schema-graph\">{\"@context\":\"https:\/\/schema.org\",\"@graph\":[{\"@type\":\"WebPage\",\"@id\":\"https:\/\/nuevo-renacer.com\/alma-primera-teresa-de-jesus\/\",\"url\":\"https:\/\/nuevo-renacer.com\/alma-primera-teresa-de-jesus\/\",\"name\":\"Alma Primera - Teresa de Jes\u00fas - Uni\u00f3n Esp\u00edrita\",\"isPartOf\":{\"@id\":\"https:\/\/nuevo-renacer.com\/#website\"},\"primaryImageOfPage\":{\"@id\":\"https:\/\/nuevo-renacer.com\/alma-primera-teresa-de-jesus\/#primaryimage\"},\"image\":{\"@id\":\"https:\/\/nuevo-renacer.com\/alma-primera-teresa-de-jesus\/#primaryimage\"},\"thumbnailUrl\":\"https:\/\/nuevo-renacer.com\/wp-content\/uploads\/2024\/09\/Cuerpo-y-alma-500x291-SP.jpg\",\"datePublished\":\"2024-09-15T09:22:59+00:00\",\"dateModified\":\"2024-09-15T09:41:48+00:00\",\"breadcrumb\":{\"@id\":\"https:\/\/nuevo-renacer.com\/alma-primera-teresa-de-jesus\/#breadcrumb\"},\"inLanguage\":\"de\",\"potentialAction\":[{\"@type\":\"ReadAction\",\"target\":[\"https:\/\/nuevo-renacer.com\/alma-primera-teresa-de-jesus\/\"]}]},{\"@type\":\"ImageObject\",\"inLanguage\":\"de\",\"@id\":\"https:\/\/nuevo-renacer.com\/alma-primera-teresa-de-jesus\/#primaryimage\",\"url\":\"https:\/\/nuevo-renacer.com\/wp-content\/uploads\/2024\/09\/Cuerpo-y-alma-500x291-SP.jpg\",\"contentUrl\":\"https:\/\/nuevo-renacer.com\/wp-content\/uploads\/2024\/09\/Cuerpo-y-alma-500x291-SP.jpg\",\"width\":500,\"height\":291},{\"@type\":\"BreadcrumbList\",\"@id\":\"https:\/\/nuevo-renacer.com\/alma-primera-teresa-de-jesus\/#breadcrumb\",\"itemListElement\":[{\"@type\":\"ListItem\",\"position\":1,\"name\":\"Startseite\",\"item\":\"https:\/\/nuevo-renacer.com\/\"},{\"@type\":\"ListItem\",\"position\":2,\"name\":\"Alma Primera &#8211; Teresa de Jes\u00fas\"}]},{\"@type\":\"WebSite\",\"@id\":\"https:\/\/nuevo-renacer.com\/#website\",\"url\":\"https:\/\/nuevo-renacer.com\/\",\"name\":\"Uni\u00f3n Esp\u00edrita\",\"description\":\"Nuevo Renacer\",\"publisher\":{\"@id\":\"https:\/\/nuevo-renacer.com\/#organization\"},\"potentialAction\":[{\"@type\":\"SearchAction\",\"target\":{\"@type\":\"EntryPoint\",\"urlTemplate\":\"https:\/\/nuevo-renacer.com\/?s={search_term_string}\"},\"query-input\":{\"@type\":\"PropertyValueSpecification\",\"valueRequired\":true,\"valueName\":\"search_term_string\"}}],\"inLanguage\":\"de\"},{\"@type\":\"Organization\",\"@id\":\"https:\/\/nuevo-renacer.com\/#organization\",\"name\":\"UFEC\",\"url\":\"https:\/\/nuevo-renacer.com\/\",\"logo\":{\"@type\":\"ImageObject\",\"inLanguage\":\"de\",\"@id\":\"https:\/\/nuevo-renacer.com\/#\/schema\/logo\/image\/\",\"url\":\"https:\/\/nuevo-renacer.com\/wp-content\/uploads\/2024\/05\/cropped-LOGO-TERMINADO1-3-3.png\",\"contentUrl\":\"https:\/\/nuevo-renacer.com\/wp-content\/uploads\/2024\/05\/cropped-LOGO-TERMINADO1-3-3.png\",\"width\":512,\"height\":512,\"caption\":\"UFEC\"},\"image\":{\"@id\":\"https:\/\/nuevo-renacer.com\/#\/schema\/logo\/image\/\"},\"sameAs\":[\"https:\/\/www.facebook.com\/groups\/3431398063740829\"]}]}<\/script>\n<!-- \/ Yoast SEO Premium plugin. -->","yoast_head_json":{"title":"Alma Primera - Teresa de Jes\u00fas - Uni\u00f3n Esp\u00edrita","robots":{"index":"index","follow":"follow","max-snippet":"max-snippet:-1","max-image-preview":"max-image-preview:large","max-video-preview":"max-video-preview:-1"},"canonical":"https:\/\/nuevo-renacer.com\/de\/alma-primera-teresa-de-jesus\/","og_locale":"de_DE","og_type":"article","og_title":"Alma Primera - Teresa de Jes\u00fas","og_description":"Alma Primera El alma que fue postrera retrasada en el amor, tras los siglos despert\u00f3 luchando por ser primera, y en su entrega la libera el ansia en superaci\u00f3n, porque conoci\u00f3 a mi Dios que es eterna primavera, destruyendo las quimeras por unos sue\u00f1os de amor, que se hicieron bendici\u00f3n en un tiempo sin fronteras, [&hellip;]","og_url":"https:\/\/nuevo-renacer.com\/de\/alma-primera-teresa-de-jesus\/","og_site_name":"Uni\u00f3n Esp\u00edrita","article_publisher":"https:\/\/www.facebook.com\/groups\/3431398063740829","article_modified_time":"2024-09-15T09:41:48+00:00","og_image":[{"width":500,"height":291,"url":"https:\/\/nuevo-renacer.com\/wp-content\/uploads\/2024\/09\/Cuerpo-y-alma-500x291-SP.jpg","type":"image\/jpeg"}],"twitter_card":"summary_large_image","twitter_misc":{"Gesch\u00e4tzte Lesezeit":"1\u00a0Minute"},"schema":{"@context":"https:\/\/schema.org","@graph":[{"@type":"WebPage","@id":"https:\/\/nuevo-renacer.com\/alma-primera-teresa-de-jesus\/","url":"https:\/\/nuevo-renacer.com\/alma-primera-teresa-de-jesus\/","name":"Alma Primera - Teresa de Jes\u00fas - Uni\u00f3n Esp\u00edrita","isPartOf":{"@id":"https:\/\/nuevo-renacer.com\/#website"},"primaryImageOfPage":{"@id":"https:\/\/nuevo-renacer.com\/alma-primera-teresa-de-jesus\/#primaryimage"},"image":{"@id":"https:\/\/nuevo-renacer.com\/alma-primera-teresa-de-jesus\/#primaryimage"},"thumbnailUrl":"https:\/\/nuevo-renacer.com\/wp-content\/uploads\/2024\/09\/Cuerpo-y-alma-500x291-SP.jpg","datePublished":"2024-09-15T09:22:59+00:00","dateModified":"2024-09-15T09:41:48+00:00","breadcrumb":{"@id":"https:\/\/nuevo-renacer.com\/alma-primera-teresa-de-jesus\/#breadcrumb"},"inLanguage":"de","potentialAction":[{"@type":"ReadAction","target":["https:\/\/nuevo-renacer.com\/alma-primera-teresa-de-jesus\/"]}]},{"@type":"ImageObject","inLanguage":"de","@id":"https:\/\/nuevo-renacer.com\/alma-primera-teresa-de-jesus\/#primaryimage","url":"https:\/\/nuevo-renacer.com\/wp-content\/uploads\/2024\/09\/Cuerpo-y-alma-500x291-SP.jpg","contentUrl":"https:\/\/nuevo-renacer.com\/wp-content\/uploads\/2024\/09\/Cuerpo-y-alma-500x291-SP.jpg","width":500,"height":291},{"@type":"BreadcrumbList","@id":"https:\/\/nuevo-renacer.com\/alma-primera-teresa-de-jesus\/#breadcrumb","itemListElement":[{"@type":"ListItem","position":1,"name":"Startseite","item":"https:\/\/nuevo-renacer.com\/"},{"@type":"ListItem","position":2,"name":"Alma Primera &#8211; Teresa de Jes\u00fas"}]},{"@type":"WebSite","@id":"https:\/\/nuevo-renacer.com\/#website","url":"https:\/\/nuevo-renacer.com\/","name":"Uni\u00f3n Esp\u00edrita","description":"Nuevo Renacer","publisher":{"@id":"https:\/\/nuevo-renacer.com\/#organization"},"potentialAction":[{"@type":"SearchAction","target":{"@type":"EntryPoint","urlTemplate":"https:\/\/nuevo-renacer.com\/?s={search_term_string}"},"query-input":{"@type":"PropertyValueSpecification","valueRequired":true,"valueName":"search_term_string"}}],"inLanguage":"de"},{"@type":"Organization","@id":"https:\/\/nuevo-renacer.com\/#organization","name":"UFEC","url":"https:\/\/nuevo-renacer.com\/","logo":{"@type":"ImageObject","inLanguage":"de","@id":"https:\/\/nuevo-renacer.com\/#\/schema\/logo\/image\/","url":"https:\/\/nuevo-renacer.com\/wp-content\/uploads\/2024\/05\/cropped-LOGO-TERMINADO1-3-3.png","contentUrl":"https:\/\/nuevo-renacer.com\/wp-content\/uploads\/2024\/05\/cropped-LOGO-TERMINADO1-3-3.png","width":512,"height":512,"caption":"UFEC"},"image":{"@id":"https:\/\/nuevo-renacer.com\/#\/schema\/logo\/image\/"},"sameAs":["https:\/\/www.facebook.com\/groups\/3431398063740829"]}]}},"uagb_featured_image_src":{"full":["https:\/\/nuevo-renacer.com\/wp-content\/uploads\/2024\/09\/Cuerpo-y-alma-500x291-SP.jpg",500,291,false],"thumbnail":["https:\/\/nuevo-renacer.com\/wp-content\/uploads\/2024\/09\/Cuerpo-y-alma-500x291-SP-150x150.jpg",150,150,true],"medium":["https:\/\/nuevo-renacer.com\/wp-content\/uploads\/2024\/09\/Cuerpo-y-alma-500x291-SP-300x175.jpg",300,175,true],"medium_large":["https:\/\/nuevo-renacer.com\/wp-content\/uploads\/2024\/09\/Cuerpo-y-alma-500x291-SP.jpg",500,291,false],"large":["https:\/\/nuevo-renacer.com\/wp-content\/uploads\/2024\/09\/Cuerpo-y-alma-500x291-SP.jpg",500,291,false],"1536x1536":["https:\/\/nuevo-renacer.com\/wp-content\/uploads\/2024\/09\/Cuerpo-y-alma-500x291-SP.jpg",500,291,false],"2048x2048":["https:\/\/nuevo-renacer.com\/wp-content\/uploads\/2024\/09\/Cuerpo-y-alma-500x291-SP.jpg",500,291,false],"trp-custom-language-flag":["https:\/\/nuevo-renacer.com\/wp-content\/uploads\/2024\/09\/Cuerpo-y-alma-500x291-SP-18x10.jpg",18,10,true]},"uagb_author_info":{"display_name":"adbv0","author_link":"https:\/\/nuevo-renacer.com\/de\/author\/adbv0\/"},"uagb_comment_info":0,"uagb_excerpt":"Alma Primera El alma que fue postrera retrasada en el amor, tras los siglos despert\u00f3 luchando por ser primera, y en su entrega la libera el ansia en superaci\u00f3n, porque conoci\u00f3 a mi Dios que es eterna primavera, destruyendo las quimeras por unos sue\u00f1os de amor, que se hicieron bendici\u00f3n en un tiempo sin fronteras,&hellip;","jetpack_sharing_enabled":true,"_links":{"self":[{"href":"https:\/\/nuevo-renacer.com\/de\/wp-json\/wp\/v2\/pages\/5073","targetHints":{"allow":["GET"]}}],"collection":[{"href":"https:\/\/nuevo-renacer.com\/de\/wp-json\/wp\/v2\/pages"}],"about":[{"href":"https:\/\/nuevo-renacer.com\/de\/wp-json\/wp\/v2\/types\/page"}],"author":[{"embeddable":true,"href":"https:\/\/nuevo-renacer.com\/de\/wp-json\/wp\/v2\/users\/1"}],"replies":[{"embeddable":true,"href":"https:\/\/nuevo-renacer.com\/de\/wp-json\/wp\/v2\/comments?post=5073"}],"version-history":[{"count":3,"href":"https:\/\/nuevo-renacer.com\/de\/wp-json\/wp\/v2\/pages\/5073\/revisions"}],"predecessor-version":[{"id":5079,"href":"https:\/\/nuevo-renacer.com\/de\/wp-json\/wp\/v2\/pages\/5073\/revisions\/5079"}],"wp:featuredmedia":[{"embeddable":true,"href":"https:\/\/nuevo-renacer.com\/de\/wp-json\/wp\/v2\/media\/5075"}],"wp:attachment":[{"href":"https:\/\/nuevo-renacer.com\/de\/wp-json\/wp\/v2\/media?parent=5073"}],"curies":[{"name":"wp","href":"https:\/\/api.w.org\/{rel}","templated":true}]}}