{"id":5005,"date":"2024-09-14T18:27:32","date_gmt":"2024-09-14T18:27:32","guid":{"rendered":"https:\/\/nuevo-renacer.com\/?page_id=5005"},"modified":"2024-09-15T08:53:38","modified_gmt":"2024-09-15T08:53:38","slug":"agradecimiento-teresa-de-jesus","status":"publish","type":"page","link":"https:\/\/nuevo-renacer.com\/de\/agradecimiento-teresa-de-jesus\/","title":{"rendered":"Danksagung"},"content":{"rendered":"<div class=\"wp-block-uagb-container uagb-block-53528e3e alignfull uagb-is-root-container\"><div class=\"uagb-container-inner-blocks-wrap\">\n<p class=\"has-black-color has-text-color has-link-color has-medium-font-size wp-elements-d0a023120074abe8402ac76e97f3712f\"><strong>Danksagung<\/strong><\/p>\n<\/div><\/div>\n\n\n\n<div class=\"wp-block-uagb-container uagb-block-5538e2e0 alignfull uagb-is-root-container\"><div class=\"uagb-container-inner-blocks-wrap\">\n<figure class=\"wp-block-image size-full is-resized\"><img fetchpriority=\"high\" decoding=\"async\" width=\"750\" height=\"422\" src=\"https:\/\/nuevo-renacer.com\/wp-content\/uploads\/2024\/09\/gracias.webp\" alt=\"\" class=\"wp-image-5007\" style=\"width:569px;height:auto\" srcset=\"https:\/\/nuevo-renacer.com\/wp-content\/uploads\/2024\/09\/gracias.webp 750w, https:\/\/nuevo-renacer.com\/wp-content\/uploads\/2024\/09\/gracias-300x169.webp 300w, https:\/\/nuevo-renacer.com\/wp-content\/uploads\/2024\/09\/gracias-18x10.webp 18w\" sizes=\"(max-width: 750px) 100vw, 750px\" \/><\/figure>\n<\/div><\/div>\n\n\n\n<div class=\"wp-block-uagb-container uagb-block-9d9480fa alignfull uagb-is-root-container\"><div class=\"uagb-container-inner-blocks-wrap\">\n<p class=\"has-black-color has-text-color has-link-color has-small-font-size wp-elements-55dce2e1d0018029e6418c702967a5df\">Ihre Schriften sind kostbar... Was soll ich also \u00fcber Teresa sagen, die Seelenfreundin, die in meinem Herzen wohnt? Sie impr\u00e4gnierte meinen Schmerz mit dem Duft frischer Rosen, mit einem L\u00e4cheln f\u00fcr meine Wut, sie entfernte die Dornen von der Stra\u00dfe und die Ungeschicklichkeit.<\/p>\n\n\n\n<p class=\"has-black-color has-text-color has-link-color has-small-font-size wp-elements-ef39baed309ff49dfb7614f9e63bc164\">Sie hat mich gelehrt zu sp\u00fcren, dass die Seele in der Liebe kultiviert wird, dass sie zu einer lebendigen Fackel und einem Morgenstern wird, der mir jeden Tag meines Lebens Gott zuerst zeigt.<\/p>\n\n\n\n<p class=\"has-black-color has-text-color has-link-color has-small-font-size wp-elements-de305c2c3272d76525d9aeb9cd167d29\">Sie ermutigt und best\u00e4rkt. Wie sie, liebe ich dich, f\u00fchle dich frei und gl\u00fccklich, in deiner Mission mutig, denn in ihr geht der Erl\u00f6ser. Mit ihrer g\u00f6ttlichen Inspiration wird sie deine Seele bes\u00e4nftigen, in der Stille Trost spenden und deinen Schmerz vers\u00fc\u00dfen. Sei erf\u00fcllt von der Liebe, die der Himmel dir sendet, und mit Gott, dem lebendigen Wesen, m\u00f6ge er dich in Herrlichkeit h\u00fcllen.<\/p>\n\n\n\n<p class=\"has-black-color has-text-color has-link-color has-small-font-size wp-elements-ae825de0f0303815486c180490bbcdb8\">Ich danke euch beiden, dass ihr diese Liebe, die in deinen Texten zum Ausdruck kommt, mit mir geteilt habt, denn meine Seele ist immer noch so gefangen, wie sie es einst war. Wenn ich beim Lesen geweint habe, dann deshalb, weil ich mich nach dem s\u00fc\u00dfen Hauch sehnte, der mit ihr gegangen ist.<\/p>\n\n\n\n<p class=\"has-black-color has-text-color has-link-color has-small-font-size wp-elements-012de461431267c0df8198d18670d145\">Verzeih mir das Gef\u00fchl, das meine Vernunft unterbricht, denn wie ein Sturm entfesselt es die Erinnerungen an eine Liebe...<\/p>\n\n\n\n<p><strong>Teresa de Jes\u00fas<\/strong><\/p>\n\n\n\n<p><em><em>Psychographiert von Antonio Hern\u00e1ndez Lozano<\/em><\/em><\/p>\n\n\n\n<p><\/p>\n\n\n\n<p><\/p>\n\n\n\n<p><\/p>\n<\/div><\/div>\n\n\n\n<p><\/p>","protected":false},"excerpt":{"rendered":"<p>Agradecimiento Son sus escritos preciosos\u2026 \u00bfQu\u00e9 quieres pues que yo diga, de Teresa, alma amiga, que habita en mi coraz\u00f3n? Ella impregn\u00f3 mi dolor del perfume a rosas frescas, de sonrisas los enojos, apartando los abrojos del camino y las torpezas. Me ense\u00f1\u00f3 a sentir que el alma, en el amor se cultiva, haci\u00e9ndose antorcha [&hellip;]<\/p>","protected":false},"author":1,"featured_media":5007,"parent":0,"menu_order":0,"comment_status":"closed","ping_status":"closed","template":"","meta":{"_uag_custom_page_level_css":"","site-sidebar-layout":"default","site-content-layout":"","ast-site-content-layout":"default","site-content-style":"default","site-sidebar-style":"default","ast-global-header-display":"","ast-banner-title-visibility":"","ast-main-header-display":"","ast-hfb-above-header-display":"","ast-hfb-below-header-display":"","ast-hfb-mobile-header-display":"","site-post-title":"","ast-breadcrumbs-content":"","ast-featured-img":"","footer-sml-layout":"","theme-transparent-header-meta":"","adv-header-id-meta":"","stick-header-meta":"","header-above-stick-meta":"","header-main-stick-meta":"","header-below-stick-meta":"","astra-migrate-meta-layouts":"set","ast-page-background-enabled":"default","ast-page-background-meta":{"desktop":{"background-color":"var(--ast-global-color-4)","background-image":"","background-repeat":"repeat","background-position":"center center","background-size":"auto","background-attachment":"scroll","background-type":"","background-media":"","overlay-type":"","overlay-color":"","overlay-opacity":"","overlay-gradient":""},"tablet":{"background-color":"","background-image":"","background-repeat":"repeat","background-position":"center center","background-size":"auto","background-attachment":"scroll","background-type":"","background-media":"","overlay-type":"","overlay-color":"","overlay-opacity":"","overlay-gradient":""},"mobile":{"background-color":"","background-image":"","background-repeat":"repeat","background-position":"center center","background-size":"auto","background-attachment":"scroll","background-type":"","background-media":"","overlay-type":"","overlay-color":"","overlay-opacity":"","overlay-gradient":""}},"ast-content-background-meta":{"desktop":{"background-color":"var(--ast-global-color-5)","background-image":"","background-repeat":"repeat","background-position":"center center","background-size":"auto","background-attachment":"scroll","background-type":"","background-media":"","overlay-type":"","overlay-color":"","overlay-opacity":"","overlay-gradient":""},"tablet":{"background-color":"var(--ast-global-color-5)","background-image":"","background-repeat":"repeat","background-position":"center center","background-size":"auto","background-attachment":"scroll","background-type":"","background-media":"","overlay-type":"","overlay-color":"","overlay-opacity":"","overlay-gradient":""},"mobile":{"background-color":"var(--ast-global-color-5)","background-image":"","background-repeat":"repeat","background-position":"center center","background-size":"auto","background-attachment":"scroll","background-type":"","background-media":"","overlay-type":"","overlay-color":"","overlay-opacity":"","overlay-gradient":""}},"footnotes":""},"class_list":["post-5005","page","type-page","status-publish","has-post-thumbnail","hentry"],"yoast_head":"<!-- This site is optimized with the Yoast SEO Premium plugin v24.2 (Yoast SEO v24.6) - https:\/\/yoast.com\/wordpress\/plugins\/seo\/ -->\n<title>Agradecimiento - Uni\u00f3n Esp\u00edrita<\/title>\n<meta name=\"robots\" content=\"index, follow, max-snippet:-1, max-image-preview:large, max-video-preview:-1\" \/>\n<link rel=\"canonical\" href=\"https:\/\/nuevo-renacer.com\/de\/agradecimiento-teresa-de-jesus\/\" \/>\n<meta property=\"og:locale\" content=\"de_DE\" \/>\n<meta property=\"og:type\" content=\"article\" \/>\n<meta property=\"og:title\" content=\"Agradecimiento\" \/>\n<meta property=\"og:description\" content=\"Agradecimiento Son sus escritos preciosos\u2026 \u00bfQu\u00e9 quieres pues que yo diga, de Teresa, alma amiga, que habita en mi coraz\u00f3n? Ella impregn\u00f3 mi dolor del perfume a rosas frescas, de sonrisas los enojos, apartando los abrojos del camino y las torpezas. Me ense\u00f1\u00f3 a sentir que el alma, en el amor se cultiva, haci\u00e9ndose antorcha [&hellip;]\" \/>\n<meta property=\"og:url\" content=\"https:\/\/nuevo-renacer.com\/de\/agradecimiento-teresa-de-jesus\/\" \/>\n<meta property=\"og:site_name\" content=\"Uni\u00f3n Esp\u00edrita\" \/>\n<meta property=\"article:publisher\" content=\"https:\/\/www.facebook.com\/groups\/3431398063740829\" \/>\n<meta property=\"article:modified_time\" content=\"2024-09-15T08:53:38+00:00\" \/>\n<meta property=\"og:image\" content=\"https:\/\/nuevo-renacer.com\/wp-content\/uploads\/2024\/09\/gracias.webp\" \/>\n\t<meta property=\"og:image:width\" content=\"750\" \/>\n\t<meta property=\"og:image:height\" content=\"422\" \/>\n\t<meta property=\"og:image:type\" content=\"image\/webp\" \/>\n<meta name=\"twitter:card\" content=\"summary_large_image\" \/>\n<meta name=\"twitter:label1\" content=\"Gesch\u00e4tzte Lesezeit\" \/>\n\t<meta name=\"twitter:data1\" content=\"1\u00a0Minute\" \/>\n<script type=\"application\/ld+json\" class=\"yoast-schema-graph\">{\"@context\":\"https:\/\/schema.org\",\"@graph\":[{\"@type\":\"WebPage\",\"@id\":\"https:\/\/nuevo-renacer.com\/agradecimiento-teresa-de-jesus\/\",\"url\":\"https:\/\/nuevo-renacer.com\/agradecimiento-teresa-de-jesus\/\",\"name\":\"Agradecimiento - Uni\u00f3n Esp\u00edrita\",\"isPartOf\":{\"@id\":\"https:\/\/nuevo-renacer.com\/#website\"},\"primaryImageOfPage\":{\"@id\":\"https:\/\/nuevo-renacer.com\/agradecimiento-teresa-de-jesus\/#primaryimage\"},\"image\":{\"@id\":\"https:\/\/nuevo-renacer.com\/agradecimiento-teresa-de-jesus\/#primaryimage\"},\"thumbnailUrl\":\"https:\/\/nuevo-renacer.com\/wp-content\/uploads\/2024\/09\/gracias.webp\",\"datePublished\":\"2024-09-14T18:27:32+00:00\",\"dateModified\":\"2024-09-15T08:53:38+00:00\",\"breadcrumb\":{\"@id\":\"https:\/\/nuevo-renacer.com\/agradecimiento-teresa-de-jesus\/#breadcrumb\"},\"inLanguage\":\"de\",\"potentialAction\":[{\"@type\":\"ReadAction\",\"target\":[\"https:\/\/nuevo-renacer.com\/agradecimiento-teresa-de-jesus\/\"]}]},{\"@type\":\"ImageObject\",\"inLanguage\":\"de\",\"@id\":\"https:\/\/nuevo-renacer.com\/agradecimiento-teresa-de-jesus\/#primaryimage\",\"url\":\"https:\/\/nuevo-renacer.com\/wp-content\/uploads\/2024\/09\/gracias.webp\",\"contentUrl\":\"https:\/\/nuevo-renacer.com\/wp-content\/uploads\/2024\/09\/gracias.webp\",\"width\":750,\"height\":422},{\"@type\":\"BreadcrumbList\",\"@id\":\"https:\/\/nuevo-renacer.com\/agradecimiento-teresa-de-jesus\/#breadcrumb\",\"itemListElement\":[{\"@type\":\"ListItem\",\"position\":1,\"name\":\"Startseite\",\"item\":\"https:\/\/nuevo-renacer.com\/\"},{\"@type\":\"ListItem\",\"position\":2,\"name\":\"Agradecimiento\"}]},{\"@type\":\"WebSite\",\"@id\":\"https:\/\/nuevo-renacer.com\/#website\",\"url\":\"https:\/\/nuevo-renacer.com\/\",\"name\":\"Uni\u00f3n Esp\u00edrita\",\"description\":\"Nuevo Renacer\",\"publisher\":{\"@id\":\"https:\/\/nuevo-renacer.com\/#organization\"},\"potentialAction\":[{\"@type\":\"SearchAction\",\"target\":{\"@type\":\"EntryPoint\",\"urlTemplate\":\"https:\/\/nuevo-renacer.com\/?s={search_term_string}\"},\"query-input\":{\"@type\":\"PropertyValueSpecification\",\"valueRequired\":true,\"valueName\":\"search_term_string\"}}],\"inLanguage\":\"de\"},{\"@type\":\"Organization\",\"@id\":\"https:\/\/nuevo-renacer.com\/#organization\",\"name\":\"UFEC\",\"url\":\"https:\/\/nuevo-renacer.com\/\",\"logo\":{\"@type\":\"ImageObject\",\"inLanguage\":\"de\",\"@id\":\"https:\/\/nuevo-renacer.com\/#\/schema\/logo\/image\/\",\"url\":\"https:\/\/nuevo-renacer.com\/wp-content\/uploads\/2024\/05\/cropped-LOGO-TERMINADO1-3-3.png\",\"contentUrl\":\"https:\/\/nuevo-renacer.com\/wp-content\/uploads\/2024\/05\/cropped-LOGO-TERMINADO1-3-3.png\",\"width\":512,\"height\":512,\"caption\":\"UFEC\"},\"image\":{\"@id\":\"https:\/\/nuevo-renacer.com\/#\/schema\/logo\/image\/\"},\"sameAs\":[\"https:\/\/www.facebook.com\/groups\/3431398063740829\"]}]}<\/script>\n<!-- \/ Yoast SEO Premium plugin. -->","yoast_head_json":{"title":"Agradecimiento - Uni\u00f3n Esp\u00edrita","robots":{"index":"index","follow":"follow","max-snippet":"max-snippet:-1","max-image-preview":"max-image-preview:large","max-video-preview":"max-video-preview:-1"},"canonical":"https:\/\/nuevo-renacer.com\/de\/agradecimiento-teresa-de-jesus\/","og_locale":"de_DE","og_type":"article","og_title":"Agradecimiento","og_description":"Agradecimiento Son sus escritos preciosos\u2026 \u00bfQu\u00e9 quieres pues que yo diga, de Teresa, alma amiga, que habita en mi coraz\u00f3n? Ella impregn\u00f3 mi dolor del perfume a rosas frescas, de sonrisas los enojos, apartando los abrojos del camino y las torpezas. Me ense\u00f1\u00f3 a sentir que el alma, en el amor se cultiva, haci\u00e9ndose antorcha [&hellip;]","og_url":"https:\/\/nuevo-renacer.com\/de\/agradecimiento-teresa-de-jesus\/","og_site_name":"Uni\u00f3n Esp\u00edrita","article_publisher":"https:\/\/www.facebook.com\/groups\/3431398063740829","article_modified_time":"2024-09-15T08:53:38+00:00","og_image":[{"width":750,"height":422,"url":"https:\/\/nuevo-renacer.com\/wp-content\/uploads\/2024\/09\/gracias.webp","type":"image\/webp"}],"twitter_card":"summary_large_image","twitter_misc":{"Gesch\u00e4tzte Lesezeit":"1\u00a0Minute"},"schema":{"@context":"https:\/\/schema.org","@graph":[{"@type":"WebPage","@id":"https:\/\/nuevo-renacer.com\/agradecimiento-teresa-de-jesus\/","url":"https:\/\/nuevo-renacer.com\/agradecimiento-teresa-de-jesus\/","name":"Agradecimiento - Uni\u00f3n Esp\u00edrita","isPartOf":{"@id":"https:\/\/nuevo-renacer.com\/#website"},"primaryImageOfPage":{"@id":"https:\/\/nuevo-renacer.com\/agradecimiento-teresa-de-jesus\/#primaryimage"},"image":{"@id":"https:\/\/nuevo-renacer.com\/agradecimiento-teresa-de-jesus\/#primaryimage"},"thumbnailUrl":"https:\/\/nuevo-renacer.com\/wp-content\/uploads\/2024\/09\/gracias.webp","datePublished":"2024-09-14T18:27:32+00:00","dateModified":"2024-09-15T08:53:38+00:00","breadcrumb":{"@id":"https:\/\/nuevo-renacer.com\/agradecimiento-teresa-de-jesus\/#breadcrumb"},"inLanguage":"de","potentialAction":[{"@type":"ReadAction","target":["https:\/\/nuevo-renacer.com\/agradecimiento-teresa-de-jesus\/"]}]},{"@type":"ImageObject","inLanguage":"de","@id":"https:\/\/nuevo-renacer.com\/agradecimiento-teresa-de-jesus\/#primaryimage","url":"https:\/\/nuevo-renacer.com\/wp-content\/uploads\/2024\/09\/gracias.webp","contentUrl":"https:\/\/nuevo-renacer.com\/wp-content\/uploads\/2024\/09\/gracias.webp","width":750,"height":422},{"@type":"BreadcrumbList","@id":"https:\/\/nuevo-renacer.com\/agradecimiento-teresa-de-jesus\/#breadcrumb","itemListElement":[{"@type":"ListItem","position":1,"name":"Startseite","item":"https:\/\/nuevo-renacer.com\/"},{"@type":"ListItem","position":2,"name":"Agradecimiento"}]},{"@type":"WebSite","@id":"https:\/\/nuevo-renacer.com\/#website","url":"https:\/\/nuevo-renacer.com\/","name":"Uni\u00f3n Esp\u00edrita","description":"Nuevo Renacer","publisher":{"@id":"https:\/\/nuevo-renacer.com\/#organization"},"potentialAction":[{"@type":"SearchAction","target":{"@type":"EntryPoint","urlTemplate":"https:\/\/nuevo-renacer.com\/?s={search_term_string}"},"query-input":{"@type":"PropertyValueSpecification","valueRequired":true,"valueName":"search_term_string"}}],"inLanguage":"de"},{"@type":"Organization","@id":"https:\/\/nuevo-renacer.com\/#organization","name":"UFEC","url":"https:\/\/nuevo-renacer.com\/","logo":{"@type":"ImageObject","inLanguage":"de","@id":"https:\/\/nuevo-renacer.com\/#\/schema\/logo\/image\/","url":"https:\/\/nuevo-renacer.com\/wp-content\/uploads\/2024\/05\/cropped-LOGO-TERMINADO1-3-3.png","contentUrl":"https:\/\/nuevo-renacer.com\/wp-content\/uploads\/2024\/05\/cropped-LOGO-TERMINADO1-3-3.png","width":512,"height":512,"caption":"UFEC"},"image":{"@id":"https:\/\/nuevo-renacer.com\/#\/schema\/logo\/image\/"},"sameAs":["https:\/\/www.facebook.com\/groups\/3431398063740829"]}]}},"uagb_featured_image_src":{"full":["https:\/\/nuevo-renacer.com\/wp-content\/uploads\/2024\/09\/gracias.webp",750,422,false],"thumbnail":["https:\/\/nuevo-renacer.com\/wp-content\/uploads\/2024\/09\/gracias-150x150.webp",150,150,true],"medium":["https:\/\/nuevo-renacer.com\/wp-content\/uploads\/2024\/09\/gracias-300x169.webp",300,169,true],"medium_large":["https:\/\/nuevo-renacer.com\/wp-content\/uploads\/2024\/09\/gracias.webp",750,422,false],"large":["https:\/\/nuevo-renacer.com\/wp-content\/uploads\/2024\/09\/gracias.webp",750,422,false],"1536x1536":["https:\/\/nuevo-renacer.com\/wp-content\/uploads\/2024\/09\/gracias.webp",750,422,false],"2048x2048":["https:\/\/nuevo-renacer.com\/wp-content\/uploads\/2024\/09\/gracias.webp",750,422,false],"trp-custom-language-flag":["https:\/\/nuevo-renacer.com\/wp-content\/uploads\/2024\/09\/gracias-18x10.webp",18,10,true]},"uagb_author_info":{"display_name":"adbv0","author_link":"https:\/\/nuevo-renacer.com\/de\/author\/adbv0\/"},"uagb_comment_info":0,"uagb_excerpt":"Agradecimiento Son sus escritos preciosos\u2026 \u00bfQu\u00e9 quieres pues que yo diga, de Teresa, alma amiga, que habita en mi coraz\u00f3n? Ella impregn\u00f3 mi dolor del perfume a rosas frescas, de sonrisas los enojos, apartando los abrojos del camino y las torpezas. Me ense\u00f1\u00f3 a sentir que el alma, en el amor se cultiva, haci\u00e9ndose antorcha&hellip;","jetpack_sharing_enabled":true,"_links":{"self":[{"href":"https:\/\/nuevo-renacer.com\/de\/wp-json\/wp\/v2\/pages\/5005","targetHints":{"allow":["GET"]}}],"collection":[{"href":"https:\/\/nuevo-renacer.com\/de\/wp-json\/wp\/v2\/pages"}],"about":[{"href":"https:\/\/nuevo-renacer.com\/de\/wp-json\/wp\/v2\/types\/page"}],"author":[{"embeddable":true,"href":"https:\/\/nuevo-renacer.com\/de\/wp-json\/wp\/v2\/users\/1"}],"replies":[{"embeddable":true,"href":"https:\/\/nuevo-renacer.com\/de\/wp-json\/wp\/v2\/comments?post=5005"}],"version-history":[{"count":6,"href":"https:\/\/nuevo-renacer.com\/de\/wp-json\/wp\/v2\/pages\/5005\/revisions"}],"predecessor-version":[{"id":5064,"href":"https:\/\/nuevo-renacer.com\/de\/wp-json\/wp\/v2\/pages\/5005\/revisions\/5064"}],"wp:featuredmedia":[{"embeddable":true,"href":"https:\/\/nuevo-renacer.com\/de\/wp-json\/wp\/v2\/media\/5007"}],"wp:attachment":[{"href":"https:\/\/nuevo-renacer.com\/de\/wp-json\/wp\/v2\/media?parent=5005"}],"curies":[{"name":"wp","href":"https:\/\/api.w.org\/{rel}","templated":true}]}}