{"id":4970,"date":"2024-09-14T12:41:29","date_gmt":"2024-09-14T12:41:29","guid":{"rendered":"https:\/\/nuevo-renacer.com\/?page_id=4970"},"modified":"2024-09-14T12:53:13","modified_gmt":"2024-09-14T12:53:13","slug":"evidencias-sobre-la-mediumnidad-el-don-de-lenguas","status":"publish","type":"page","link":"https:\/\/nuevo-renacer.com\/de\/evidencias-sobre-la-mediumnidad-el-don-de-lenguas\/","title":{"rendered":"Beweise f\u00fcr Medialit\u00e4t: Die Gabe der Sprachen"},"content":{"rendered":"<div class=\"wp-block-uagb-container uagb-block-53e1df92 alignfull uagb-is-root-container\"><div class=\"uagb-container-inner-blocks-wrap\">\n<p class=\"has-black-color has-text-color has-link-color has-medium-font-size wp-elements-84fe19732c46ea5f7d48af0530398528\"><strong>Beweise f\u00fcr Medialit\u00e4t: Die Gabe der Sprachen<\/strong><\/p>\n<\/div><\/div>\n\n\n\n<div class=\"wp-block-uagb-container uagb-block-39e2cc65 alignfull uagb-is-root-container\"><div class=\"uagb-container-inner-blocks-wrap\">\n<figure class=\"wp-block-image size-full is-resized\"><img fetchpriority=\"high\" decoding=\"async\" width=\"612\" height=\"418\" src=\"https:\/\/nuevo-renacer.com\/wp-content\/uploads\/2024\/09\/istockphoto-1367728606-612x612-1.jpg\" alt=\"\" class=\"wp-image-4975\" style=\"width:572px;height:auto\" srcset=\"https:\/\/nuevo-renacer.com\/wp-content\/uploads\/2024\/09\/istockphoto-1367728606-612x612-1.jpg 612w, https:\/\/nuevo-renacer.com\/wp-content\/uploads\/2024\/09\/istockphoto-1367728606-612x612-1-300x205.jpg 300w, https:\/\/nuevo-renacer.com\/wp-content\/uploads\/2024\/09\/istockphoto-1367728606-612x612-1-18x12.jpg 18w\" sizes=\"(max-width: 612px) 100vw, 612px\" \/><\/figure>\n<\/div><\/div>\n\n\n\n<div class=\"wp-block-uagb-container uagb-block-159dc848 alignfull uagb-is-root-container\"><div class=\"uagb-container-inner-blocks-wrap\"><\/div><\/div>\n\n\n\n<div class=\"wp-block-uagb-container uagb-block-15ba58c7 alignfull uagb-is-root-container\"><div class=\"uagb-container-inner-blocks-wrap\">\n<p class=\"has-black-color has-text-color has-link-color has-small-font-size wp-elements-4702b115e146447fe4b181ec7708ad4c\">Mehrere Freunde haben mich aufgefordert, \u00fcber die Spuren der Medialit\u00e4t zu sprechen, die in der Bibel zu finden sind, und wie wir sehen k\u00f6nnen, gibt es sowohl im Alten als auch im Neuen Testament mehrere Kapitel und Verse, die sich zweifellos auf mediale Erscheinungen beziehen.<\/p>\n\n\n\n<p class=\"has-black-color has-text-color has-link-color has-small-font-size wp-elements-1f0af7d1de66171bfbb8545fe2b3ccab\">Obwohl ich bei dieser Gelegenheit einen kurzen \u00dcberblick \u00fcber das Thema geben werde, beschr\u00e4nke ich mich auf diejenigen, die sich mit der \u201eGabe der Sprachen\u201c befassen, die ich dann aufz\u00e4hlen werde, falls jemand neugierig ist und Lust hat, sie nachzuschlagen und tiefer zu erforschen.<\/p>\n\n\n\n<p class=\"has-black-color has-text-color has-link-color has-small-font-size wp-elements-efd994eae739974a35d77b0a7ed448be\">Liebe Freunde, Wunder gibt es nicht, aber die F\u00e4higkeit mancher Menschen, zu sehen, zu h\u00f6ren, vorherzusagen, zu heilen und, obwohl der Begriff \u201eD\u00e4monenaustreibung\u201c nicht korrekt ist, einen an ein Medium gekoppelten Geist zu vertreiben, ist m\u00f6glich.<\/p>\n\n\n\n<p class=\"has-black-color has-text-color has-link-color has-small-font-size wp-elements-17663edc6b65d115404041d9cf7c074d\">Die Geister kommen zu ihm, je nach dem Grad ihrer Erhabenheit, um eine Botschaft zu \u00fcbermitteln, ein Zeugnis auf allgemeiner oder famili\u00e4rer Ebene abzulegen, um zuk\u00fcnftige Dinge mitzuteilen oder um Hilfe zu suchen, denn die meisten von ihnen sind sich normalerweise nicht bewusst, dass sie verstorben sind, und obwohl es solche gibt, die es sind, sind sie nicht in der Lage, sich zu erheben, weil sie an die Welt, die ihnen geh\u00f6rte, gebunden sind.<\/p>\n\n\n\n<p class=\"has-black-color has-text-color has-link-color has-small-font-size wp-elements-b47555d34b82e8867f6171e981a34955\">In dem besonderen Fall der vermeintlichen D\u00e4monen, die als solche nicht existieren, m\u00fcssen wir immer mit Liebe zu ihnen sprechen, mit der Absicht, sie zum Licht zu f\u00fchren und die physische Welt zu verlassen, zu der sie nicht mehr geh\u00f6ren, und so die Qualen und den Zwang zu beenden, den sie auf die Person aus\u00fcbten, die in ihrer Gewalt war. Das ist es, was die Apostel Jesu mit den sogenannten D\u00e4monischen taten: Sie beteten f\u00fcr sie und legten ihnen sogar die H\u00e4nde auf den Kopf.<\/p>\n\n\n\n<p class=\"has-black-color has-text-color has-link-color has-small-font-size wp-elements-250043b29833088f85d9b7542c72730f\">Jesus war das Medium der Medien; er war ein wunderbares und liebenswertes Wesen, das in seiner Mission in unserer Welt die Lehren des Planetarischen Christus hinterlie\u00df. Ich wei\u00df, dass Sie oft geh\u00f6rt haben, dass er als Jesus Christus bezeichnet wurde, aber ich kann Ihnen versichern, dass es sich um zwei verschiedene Wesenheiten handelt. Der Christus ist der geistige Herrscher des Planeten Erde, und Jesus ist sein Botschafter unter den Menschen, der Sprecher seines Wortes und seiner Lehren.<\/p>\n\n\n\n<p class=\"has-black-color has-text-color has-link-color has-small-font-size wp-elements-c1926789c9b9c12bffd1b7eee2e67072\">Wir werden sehen, dass Jesus in seinen vermeintlichen Wundern - und ich sage vermeintlich, weil es sie als solche nicht gab, denn wie nachgewiesen wurde, konnten Medien mit physischen Wirkungen genau das tun, was er zu seiner Zeit tat. In einem der n\u00e4chsten spirituellen Texte werde ich Ihnen von einem Jesus erz\u00e4hlen, der zu diesem Zeitpunkt im 21. Jahrhundert vielen noch unbekannt ist.<\/p>\n\n\n\n<p class=\"has-black-color has-text-color has-link-color has-small-font-size wp-elements-58af95063e32df612dd77a0ca22a88a1\">Auch das Wort Besessenheit ist nicht korrekt, niemand besitzt irgendjemanden, der Geist bindet sich an ein Medium, indem er dessen Lebenszentren oder Chakren umarmt, die er nach Belieben benutzt, solange es ein beginnendes Medium ist und seinen eigenen Willen nicht kennt oder beherrscht, indem es sich von den verderblichen Einfl\u00fcssen des Wesens, das sich ihm n\u00e4hert, mit nicht sehr guten Absichten mitrei\u00dfen l\u00e4sst.<\/p>\n\n\n\n<p class=\"has-black-color has-text-color has-link-color has-small-font-size wp-elements-2a2f57dfa3fca1419c8779574bd6aa52\">Nun, wie ich zu Beginn sagte, werden wir ihre vielen Facetten auspacken, so dass das Thema mit jedem Schritt, den wir machen, verst\u00e4ndlicher und vertrauter f\u00fcr alle wird. Nun schauen wir uns den Fall an, mit dem wir uns heute befassen: \u201eDie Gabe der Sprachen\u201c, wie sie im Neuen Testament beschrieben wird:<\/p>\n\n\n\n<p class=\"has-black-color has-text-color has-link-color has-small-font-size wp-elements-9c692fd0b7dd075726ed84810c835914\">Korinther: Kapitel 12, Verse: 10, 28, 30.<br>Kapitel 13, Verse 1 und 8.<br>Kapitel 14, Verse 2, 13, 19, 22, 27 und 39.<br>Apostelgeschichte: Kapitel 2, 6 und 46.<br>Markus: Kapitel 16, Vers 17.<br>Judas: Kapitel 1, Vers 20.<\/p>\n\n\n\n<p class=\"has-black-color has-text-color has-link-color has-small-font-size wp-elements-08cd638d8f3e324299cbb4546052d927\">Es ist wichtig zu wissen, dass die Gespr\u00e4che zwischen den Geistern nach ihrer Desinkarnation telepathisch sind, durch die Energie, die sie ausstrahlen, da sie keine Stimme oder Worte benutzen. Diese \u201eGabe\u201c kann sich auf verschiedene Weise manifestieren: Eine Person mit medialen F\u00e4higkeiten kann, wenn sie von einem Geist angesprochen wird, diesen dazu bringen, in der Sprache zu sprechen oder zu schreiben, die er oder sie vor der Inkarnation auf der Erde verwendet hat, was \u201eXenogloxy\u201c genannt wird. Dies geschieht vor allem bei den bereits erw\u00e4hnten Medien mit physischen Wirkungen, die so genannt werden, weil sie am meisten in der Lage sind, materielle Ph\u00e4nomene zu erzeugen.<\/p>\n\n\n\n<p class=\"has-black-color has-text-color has-link-color has-small-font-size wp-elements-5efd068828a0baca5c37bffa678d5f29\">Tambi\u00e9n se puede dar, a trav\u00e9s de una regresi\u00f3n o, en una sesi\u00f3n de hipnotismo, el llevar al paciente a revivir una vida anterior, que ocurriera en un pa\u00eds distinto al que actualmente vive, y este se expresara en el idioma del lugar al que perteneci\u00f3. Y, a\u00fan hay una tercera v\u00eda, seg\u00fan los \u201cexpertos\u201d, las personas que tiene m\u00faltiple personalidad y en momentos puntuales, pueden hablar en idiomas que, en su presente vida nunca han conocido. Hemos de tener en cuenta que el esp\u00edritu es inmortal, y cuanto aprende en sus anteriores vidas, queda registrado, como si fuese un archivo, y en ciertos momentos, puede aflorar a la persona y expresar cualquier cosa aprendida anteriormente.<\/p>\n\n\n\n<p class=\"has-black-color has-text-color has-link-color has-small-font-size wp-elements-a46b78fa6741ed8e1fafaa928f5a6290\">Wie bei allen Dingen, die der Mensch weder kontrollieren noch entr\u00e4tseln kann, gab es auch hier viele Spekulationen, die als paranormale Ph\u00e4nomene bezeichnet wurden.<\/p>\n\n\n\n<p class=\"has-black-color has-text-color has-link-color has-small-font-size wp-elements-ca37fb8f07f1bd4c1298846c9217774b\">Nat\u00fcrlich betrachtet die Kirche bis heute alle diese Manifestationen als etwas des Teufels, ja sie bezeichnet Spiritismus oder, wie man sagt, \u201eGespr\u00e4che mit den Toten\u201c als Tods\u00fcnde und hat sie verboten. In der Vergangenheit wurde jedoch jede Person, ob Mann oder Frau, die in der Lage war, diese oder jene \u201eGabe\u201c zu manifestieren, wenn sie der Kirche angeh\u00f6rte, f\u00fcr heilig gehalten, da das, was durch solche F\u00e4higkeiten geschah, als \u201eWunder\u201c gebrandmarkt wurde und sie deshalb zu den Alt\u00e4ren erhoben wurden. Wenn aber dieselben Erscheinungen bei Menschen auftraten, die nicht ihrem Glauben angeh\u00f6rten, wurden sie beschuldigt, Hexen zu sein, mit dem Teufel zu paktieren, und die \u201eHeilige Inquisition\u201c k\u00fcmmerte sich um sie als Kandidaten f\u00fcr den Scheiterhaufen oder folterte sie zu Tode, um ein Gest\u00e4ndnis zu erlangen, damit die armen Menschen, die in Ungnade fielen, dem Satan abschw\u00f6ren w\u00fcrden, und vielleicht w\u00fcrde Gott sich ihrer erbarmen und sie w\u00fcrden gerettet werden.<\/p>\n\n\n\n<p class=\"has-black-color has-text-color has-link-color has-small-font-size wp-elements-f2a30fd7eaf3a49714f83e94e97d431d\">Wie gut, dass es in der Geschichte einige Dinge gibt, darunter auch das, was man heute als Zeitungsarchiv bezeichnet, denn egal wie viele Jahre vergehen, man kann immer wieder, wie im Archiv des Geistes, darin eintauchen und sich \u00fcber die Zeit informieren.<\/p>\n\n\n\n<p><\/p>\n\n\n\n<p class=\"has-black-color has-text-color has-link-color has-small-font-size wp-elements-fff1df43faf6e725aa9ec2a91dfe5ce4\"><em>Antonio Hern\u00e1ndez Lozano<\/em><\/p>\n\n\n\n<p class=\"has-black-color has-text-color has-link-color has-small-font-size wp-elements-fda5219e57c5e39af04793b491c56396\"><\/p>\n\n\n\n<p><\/p>\n\n\n\n<p class=\"has-black-color has-text-color has-link-color has-small-font-size wp-elements-fda5219e57c5e39af04793b491c56396\"><\/p>\n<\/div><\/div>","protected":false},"excerpt":{"rendered":"<p>Evidencias sobre la Mediumnidad: El Don de Lenguas Varios fueron los amigos que me insistieron en que hablara sobre los vestigios que se podr\u00edan encontrar en la Biblia sobre los m\u00e9diums, y bien, como podremos comprobar, tanto en los libros del Viejo como del Nuevo Testamento, hay varios cap\u00edtulos y vers\u00edculos que se refieren, sin [&hellip;]<\/p>","protected":false},"author":1,"featured_media":4975,"parent":0,"menu_order":0,"comment_status":"closed","ping_status":"closed","template":"","meta":{"_uag_custom_page_level_css":"","site-sidebar-layout":"default","site-content-layout":"","ast-site-content-layout":"default","site-content-style":"default","site-sidebar-style":"default","ast-global-header-display":"","ast-banner-title-visibility":"","ast-main-header-display":"","ast-hfb-above-header-display":"","ast-hfb-below-header-display":"","ast-hfb-mobile-header-display":"","site-post-title":"","ast-breadcrumbs-content":"","ast-featured-img":"","footer-sml-layout":"","theme-transparent-header-meta":"","adv-header-id-meta":"","stick-header-meta":"","header-above-stick-meta":"","header-main-stick-meta":"","header-below-stick-meta":"","astra-migrate-meta-layouts":"set","ast-page-background-enabled":"default","ast-page-background-meta":{"desktop":{"background-color":"var(--ast-global-color-4)","background-image":"","background-repeat":"repeat","background-position":"center center","background-size":"auto","background-attachment":"scroll","background-type":"","background-media":"","overlay-type":"","overlay-color":"","overlay-opacity":"","overlay-gradient":""},"tablet":{"background-color":"","background-image":"","background-repeat":"repeat","background-position":"center center","background-size":"auto","background-attachment":"scroll","background-type":"","background-media":"","overlay-type":"","overlay-color":"","overlay-opacity":"","overlay-gradient":""},"mobile":{"background-color":"","background-image":"","background-repeat":"repeat","background-position":"center center","background-size":"auto","background-attachment":"scroll","background-type":"","background-media":"","overlay-type":"","overlay-color":"","overlay-opacity":"","overlay-gradient":""}},"ast-content-background-meta":{"desktop":{"background-color":"var(--ast-global-color-5)","background-image":"","background-repeat":"repeat","background-position":"center center","background-size":"auto","background-attachment":"scroll","background-type":"","background-media":"","overlay-type":"","overlay-color":"","overlay-opacity":"","overlay-gradient":""},"tablet":{"background-color":"var(--ast-global-color-5)","background-image":"","background-repeat":"repeat","background-position":"center center","background-size":"auto","background-attachment":"scroll","background-type":"","background-media":"","overlay-type":"","overlay-color":"","overlay-opacity":"","overlay-gradient":""},"mobile":{"background-color":"var(--ast-global-color-5)","background-image":"","background-repeat":"repeat","background-position":"center center","background-size":"auto","background-attachment":"scroll","background-type":"","background-media":"","overlay-type":"","overlay-color":"","overlay-opacity":"","overlay-gradient":""}},"footnotes":""},"class_list":["post-4970","page","type-page","status-publish","has-post-thumbnail","hentry"],"yoast_head":"<!-- This site is optimized with the Yoast SEO Premium plugin v24.2 (Yoast SEO v24.6) - https:\/\/yoast.com\/wordpress\/plugins\/seo\/ -->\n<title>Evidencias sobre la Mediumnidad: El Don de Lenguas - Uni\u00f3n Esp\u00edrita<\/title>\n<meta name=\"robots\" content=\"index, follow, max-snippet:-1, max-image-preview:large, max-video-preview:-1\" \/>\n<link rel=\"canonical\" href=\"https:\/\/nuevo-renacer.com\/de\/evidencias-sobre-la-mediumnidad-el-don-de-lenguas\/\" \/>\n<meta property=\"og:locale\" content=\"de_DE\" \/>\n<meta property=\"og:type\" content=\"article\" \/>\n<meta property=\"og:title\" content=\"Evidencias sobre la Mediumnidad: El Don de Lenguas\" \/>\n<meta property=\"og:description\" content=\"Evidencias sobre la Mediumnidad: El Don de Lenguas Varios fueron los amigos que me insistieron en que hablara sobre los vestigios que se podr\u00edan encontrar en la Biblia sobre los m\u00e9diums, y bien, como podremos comprobar, tanto en los libros del Viejo como del Nuevo Testamento, hay varios cap\u00edtulos y vers\u00edculos que se refieren, sin [&hellip;]\" \/>\n<meta property=\"og:url\" content=\"https:\/\/nuevo-renacer.com\/de\/evidencias-sobre-la-mediumnidad-el-don-de-lenguas\/\" \/>\n<meta property=\"og:site_name\" content=\"Uni\u00f3n Esp\u00edrita\" \/>\n<meta property=\"article:publisher\" content=\"https:\/\/www.facebook.com\/groups\/3431398063740829\" \/>\n<meta property=\"article:modified_time\" content=\"2024-09-14T12:53:13+00:00\" \/>\n<meta property=\"og:image\" content=\"https:\/\/nuevo-renacer.com\/wp-content\/uploads\/2024\/09\/istockphoto-1367728606-612x612-1.jpg\" \/>\n\t<meta property=\"og:image:width\" content=\"612\" \/>\n\t<meta property=\"og:image:height\" content=\"418\" \/>\n\t<meta property=\"og:image:type\" content=\"image\/jpeg\" \/>\n<meta name=\"twitter:card\" content=\"summary_large_image\" \/>\n<meta name=\"twitter:label1\" content=\"Gesch\u00e4tzte Lesezeit\" \/>\n\t<meta name=\"twitter:data1\" content=\"5\u00a0Minuten\" \/>\n<script type=\"application\/ld+json\" class=\"yoast-schema-graph\">{\"@context\":\"https:\/\/schema.org\",\"@graph\":[{\"@type\":\"WebPage\",\"@id\":\"https:\/\/nuevo-renacer.com\/evidencias-sobre-la-mediumnidad-el-don-de-lenguas\/\",\"url\":\"https:\/\/nuevo-renacer.com\/evidencias-sobre-la-mediumnidad-el-don-de-lenguas\/\",\"name\":\"Evidencias sobre la Mediumnidad: El Don de Lenguas - Uni\u00f3n Esp\u00edrita\",\"isPartOf\":{\"@id\":\"https:\/\/nuevo-renacer.com\/#website\"},\"primaryImageOfPage\":{\"@id\":\"https:\/\/nuevo-renacer.com\/evidencias-sobre-la-mediumnidad-el-don-de-lenguas\/#primaryimage\"},\"image\":{\"@id\":\"https:\/\/nuevo-renacer.com\/evidencias-sobre-la-mediumnidad-el-don-de-lenguas\/#primaryimage\"},\"thumbnailUrl\":\"https:\/\/nuevo-renacer.com\/wp-content\/uploads\/2024\/09\/istockphoto-1367728606-612x612-1.jpg\",\"datePublished\":\"2024-09-14T12:41:29+00:00\",\"dateModified\":\"2024-09-14T12:53:13+00:00\",\"breadcrumb\":{\"@id\":\"https:\/\/nuevo-renacer.com\/evidencias-sobre-la-mediumnidad-el-don-de-lenguas\/#breadcrumb\"},\"inLanguage\":\"de\",\"potentialAction\":[{\"@type\":\"ReadAction\",\"target\":[\"https:\/\/nuevo-renacer.com\/evidencias-sobre-la-mediumnidad-el-don-de-lenguas\/\"]}]},{\"@type\":\"ImageObject\",\"inLanguage\":\"de\",\"@id\":\"https:\/\/nuevo-renacer.com\/evidencias-sobre-la-mediumnidad-el-don-de-lenguas\/#primaryimage\",\"url\":\"https:\/\/nuevo-renacer.com\/wp-content\/uploads\/2024\/09\/istockphoto-1367728606-612x612-1.jpg\",\"contentUrl\":\"https:\/\/nuevo-renacer.com\/wp-content\/uploads\/2024\/09\/istockphoto-1367728606-612x612-1.jpg\",\"width\":612,\"height\":418},{\"@type\":\"BreadcrumbList\",\"@id\":\"https:\/\/nuevo-renacer.com\/evidencias-sobre-la-mediumnidad-el-don-de-lenguas\/#breadcrumb\",\"itemListElement\":[{\"@type\":\"ListItem\",\"position\":1,\"name\":\"Startseite\",\"item\":\"https:\/\/nuevo-renacer.com\/\"},{\"@type\":\"ListItem\",\"position\":2,\"name\":\"Evidencias sobre la Mediumnidad: El Don de Lenguas\"}]},{\"@type\":\"WebSite\",\"@id\":\"https:\/\/nuevo-renacer.com\/#website\",\"url\":\"https:\/\/nuevo-renacer.com\/\",\"name\":\"Uni\u00f3n Esp\u00edrita\",\"description\":\"Nuevo Renacer\",\"publisher\":{\"@id\":\"https:\/\/nuevo-renacer.com\/#organization\"},\"potentialAction\":[{\"@type\":\"SearchAction\",\"target\":{\"@type\":\"EntryPoint\",\"urlTemplate\":\"https:\/\/nuevo-renacer.com\/?s={search_term_string}\"},\"query-input\":{\"@type\":\"PropertyValueSpecification\",\"valueRequired\":true,\"valueName\":\"search_term_string\"}}],\"inLanguage\":\"de\"},{\"@type\":\"Organization\",\"@id\":\"https:\/\/nuevo-renacer.com\/#organization\",\"name\":\"UFEC\",\"url\":\"https:\/\/nuevo-renacer.com\/\",\"logo\":{\"@type\":\"ImageObject\",\"inLanguage\":\"de\",\"@id\":\"https:\/\/nuevo-renacer.com\/#\/schema\/logo\/image\/\",\"url\":\"https:\/\/nuevo-renacer.com\/wp-content\/uploads\/2024\/05\/cropped-LOGO-TERMINADO1-3-3.png\",\"contentUrl\":\"https:\/\/nuevo-renacer.com\/wp-content\/uploads\/2024\/05\/cropped-LOGO-TERMINADO1-3-3.png\",\"width\":512,\"height\":512,\"caption\":\"UFEC\"},\"image\":{\"@id\":\"https:\/\/nuevo-renacer.com\/#\/schema\/logo\/image\/\"},\"sameAs\":[\"https:\/\/www.facebook.com\/groups\/3431398063740829\"]}]}<\/script>\n<!-- \/ Yoast SEO Premium plugin. -->","yoast_head_json":{"title":"Evidencias sobre la Mediumnidad: El Don de Lenguas - Uni\u00f3n Esp\u00edrita","robots":{"index":"index","follow":"follow","max-snippet":"max-snippet:-1","max-image-preview":"max-image-preview:large","max-video-preview":"max-video-preview:-1"},"canonical":"https:\/\/nuevo-renacer.com\/de\/evidencias-sobre-la-mediumnidad-el-don-de-lenguas\/","og_locale":"de_DE","og_type":"article","og_title":"Evidencias sobre la Mediumnidad: El Don de Lenguas","og_description":"Evidencias sobre la Mediumnidad: El Don de Lenguas Varios fueron los amigos que me insistieron en que hablara sobre los vestigios que se podr\u00edan encontrar en la Biblia sobre los m\u00e9diums, y bien, como podremos comprobar, tanto en los libros del Viejo como del Nuevo Testamento, hay varios cap\u00edtulos y vers\u00edculos que se refieren, sin [&hellip;]","og_url":"https:\/\/nuevo-renacer.com\/de\/evidencias-sobre-la-mediumnidad-el-don-de-lenguas\/","og_site_name":"Uni\u00f3n Esp\u00edrita","article_publisher":"https:\/\/www.facebook.com\/groups\/3431398063740829","article_modified_time":"2024-09-14T12:53:13+00:00","og_image":[{"width":612,"height":418,"url":"https:\/\/nuevo-renacer.com\/wp-content\/uploads\/2024\/09\/istockphoto-1367728606-612x612-1.jpg","type":"image\/jpeg"}],"twitter_card":"summary_large_image","twitter_misc":{"Gesch\u00e4tzte Lesezeit":"5\u00a0Minuten"},"schema":{"@context":"https:\/\/schema.org","@graph":[{"@type":"WebPage","@id":"https:\/\/nuevo-renacer.com\/evidencias-sobre-la-mediumnidad-el-don-de-lenguas\/","url":"https:\/\/nuevo-renacer.com\/evidencias-sobre-la-mediumnidad-el-don-de-lenguas\/","name":"Evidencias sobre la Mediumnidad: El Don de Lenguas - Uni\u00f3n Esp\u00edrita","isPartOf":{"@id":"https:\/\/nuevo-renacer.com\/#website"},"primaryImageOfPage":{"@id":"https:\/\/nuevo-renacer.com\/evidencias-sobre-la-mediumnidad-el-don-de-lenguas\/#primaryimage"},"image":{"@id":"https:\/\/nuevo-renacer.com\/evidencias-sobre-la-mediumnidad-el-don-de-lenguas\/#primaryimage"},"thumbnailUrl":"https:\/\/nuevo-renacer.com\/wp-content\/uploads\/2024\/09\/istockphoto-1367728606-612x612-1.jpg","datePublished":"2024-09-14T12:41:29+00:00","dateModified":"2024-09-14T12:53:13+00:00","breadcrumb":{"@id":"https:\/\/nuevo-renacer.com\/evidencias-sobre-la-mediumnidad-el-don-de-lenguas\/#breadcrumb"},"inLanguage":"de","potentialAction":[{"@type":"ReadAction","target":["https:\/\/nuevo-renacer.com\/evidencias-sobre-la-mediumnidad-el-don-de-lenguas\/"]}]},{"@type":"ImageObject","inLanguage":"de","@id":"https:\/\/nuevo-renacer.com\/evidencias-sobre-la-mediumnidad-el-don-de-lenguas\/#primaryimage","url":"https:\/\/nuevo-renacer.com\/wp-content\/uploads\/2024\/09\/istockphoto-1367728606-612x612-1.jpg","contentUrl":"https:\/\/nuevo-renacer.com\/wp-content\/uploads\/2024\/09\/istockphoto-1367728606-612x612-1.jpg","width":612,"height":418},{"@type":"BreadcrumbList","@id":"https:\/\/nuevo-renacer.com\/evidencias-sobre-la-mediumnidad-el-don-de-lenguas\/#breadcrumb","itemListElement":[{"@type":"ListItem","position":1,"name":"Startseite","item":"https:\/\/nuevo-renacer.com\/"},{"@type":"ListItem","position":2,"name":"Evidencias sobre la Mediumnidad: El Don de Lenguas"}]},{"@type":"WebSite","@id":"https:\/\/nuevo-renacer.com\/#website","url":"https:\/\/nuevo-renacer.com\/","name":"Uni\u00f3n Esp\u00edrita","description":"Nuevo Renacer","publisher":{"@id":"https:\/\/nuevo-renacer.com\/#organization"},"potentialAction":[{"@type":"SearchAction","target":{"@type":"EntryPoint","urlTemplate":"https:\/\/nuevo-renacer.com\/?s={search_term_string}"},"query-input":{"@type":"PropertyValueSpecification","valueRequired":true,"valueName":"search_term_string"}}],"inLanguage":"de"},{"@type":"Organization","@id":"https:\/\/nuevo-renacer.com\/#organization","name":"UFEC","url":"https:\/\/nuevo-renacer.com\/","logo":{"@type":"ImageObject","inLanguage":"de","@id":"https:\/\/nuevo-renacer.com\/#\/schema\/logo\/image\/","url":"https:\/\/nuevo-renacer.com\/wp-content\/uploads\/2024\/05\/cropped-LOGO-TERMINADO1-3-3.png","contentUrl":"https:\/\/nuevo-renacer.com\/wp-content\/uploads\/2024\/05\/cropped-LOGO-TERMINADO1-3-3.png","width":512,"height":512,"caption":"UFEC"},"image":{"@id":"https:\/\/nuevo-renacer.com\/#\/schema\/logo\/image\/"},"sameAs":["https:\/\/www.facebook.com\/groups\/3431398063740829"]}]}},"uagb_featured_image_src":{"full":["https:\/\/nuevo-renacer.com\/wp-content\/uploads\/2024\/09\/istockphoto-1367728606-612x612-1.jpg",612,418,false],"thumbnail":["https:\/\/nuevo-renacer.com\/wp-content\/uploads\/2024\/09\/istockphoto-1367728606-612x612-1-150x150.jpg",150,150,true],"medium":["https:\/\/nuevo-renacer.com\/wp-content\/uploads\/2024\/09\/istockphoto-1367728606-612x612-1-300x205.jpg",300,205,true],"medium_large":["https:\/\/nuevo-renacer.com\/wp-content\/uploads\/2024\/09\/istockphoto-1367728606-612x612-1.jpg",612,418,false],"large":["https:\/\/nuevo-renacer.com\/wp-content\/uploads\/2024\/09\/istockphoto-1367728606-612x612-1.jpg",612,418,false],"1536x1536":["https:\/\/nuevo-renacer.com\/wp-content\/uploads\/2024\/09\/istockphoto-1367728606-612x612-1.jpg",612,418,false],"2048x2048":["https:\/\/nuevo-renacer.com\/wp-content\/uploads\/2024\/09\/istockphoto-1367728606-612x612-1.jpg",612,418,false],"trp-custom-language-flag":["https:\/\/nuevo-renacer.com\/wp-content\/uploads\/2024\/09\/istockphoto-1367728606-612x612-1-18x12.jpg",18,12,true]},"uagb_author_info":{"display_name":"adbv0","author_link":"https:\/\/nuevo-renacer.com\/de\/author\/adbv0\/"},"uagb_comment_info":0,"uagb_excerpt":"Evidencias sobre la Mediumnidad: El Don de Lenguas Varios fueron los amigos que me insistieron en que hablara sobre los vestigios que se podr\u00edan encontrar en la Biblia sobre los m\u00e9diums, y bien, como podremos comprobar, tanto en los libros del Viejo como del Nuevo Testamento, hay varios cap\u00edtulos y vers\u00edculos que se refieren, sin&hellip;","jetpack_sharing_enabled":true,"_links":{"self":[{"href":"https:\/\/nuevo-renacer.com\/de\/wp-json\/wp\/v2\/pages\/4970","targetHints":{"allow":["GET"]}}],"collection":[{"href":"https:\/\/nuevo-renacer.com\/de\/wp-json\/wp\/v2\/pages"}],"about":[{"href":"https:\/\/nuevo-renacer.com\/de\/wp-json\/wp\/v2\/types\/page"}],"author":[{"embeddable":true,"href":"https:\/\/nuevo-renacer.com\/de\/wp-json\/wp\/v2\/users\/1"}],"replies":[{"embeddable":true,"href":"https:\/\/nuevo-renacer.com\/de\/wp-json\/wp\/v2\/comments?post=4970"}],"version-history":[{"count":3,"href":"https:\/\/nuevo-renacer.com\/de\/wp-json\/wp\/v2\/pages\/4970\/revisions"}],"predecessor-version":[{"id":4976,"href":"https:\/\/nuevo-renacer.com\/de\/wp-json\/wp\/v2\/pages\/4970\/revisions\/4976"}],"wp:featuredmedia":[{"embeddable":true,"href":"https:\/\/nuevo-renacer.com\/de\/wp-json\/wp\/v2\/media\/4975"}],"wp:attachment":[{"href":"https:\/\/nuevo-renacer.com\/de\/wp-json\/wp\/v2\/media?parent=4970"}],"curies":[{"name":"wp","href":"https:\/\/api.w.org\/{rel}","templated":true}]}}