{"id":4964,"date":"2024-09-14T12:07:06","date_gmt":"2024-09-14T12:07:06","guid":{"rendered":"https:\/\/nuevo-renacer.com\/?page_id=4964"},"modified":"2024-09-14T12:55:25","modified_gmt":"2024-09-14T12:55:25","slug":"donde-esta-la-muerte","status":"publish","type":"page","link":"https:\/\/nuevo-renacer.com\/de\/donde-esta-la-muerte\/","title":{"rendered":"Wo ist der Tod?"},"content":{"rendered":"<div class=\"wp-block-uagb-container uagb-block-f84403fc alignfull uagb-is-root-container\"><div class=\"uagb-container-inner-blocks-wrap\">\n<p class=\"has-black-color has-text-color has-link-color has-medium-font-size wp-elements-db6cde2066f024fc696f19220c6f5f8d\"><strong>Wo ist der Tod?<\/strong><\/p>\n<\/div><\/div>\n\n\n\n<div class=\"wp-block-uagb-container uagb-block-de6fd4df alignfull uagb-is-root-container\"><div class=\"uagb-container-inner-blocks-wrap\">\n<figure class=\"wp-block-image size-full is-resized\"><img fetchpriority=\"high\" decoding=\"async\" width=\"539\" height=\"356\" src=\"https:\/\/nuevo-renacer.com\/wp-content\/uploads\/2024\/09\/donde-esta-la-muerte.webp\" alt=\"\" class=\"wp-image-4966\" style=\"width:480px;height:auto\" srcset=\"https:\/\/nuevo-renacer.com\/wp-content\/uploads\/2024\/09\/donde-esta-la-muerte.webp 539w, https:\/\/nuevo-renacer.com\/wp-content\/uploads\/2024\/09\/donde-esta-la-muerte-300x198.webp 300w, https:\/\/nuevo-renacer.com\/wp-content\/uploads\/2024\/09\/donde-esta-la-muerte-18x12.webp 18w\" sizes=\"(max-width: 539px) 100vw, 539px\" \/><\/figure>\n<\/div><\/div>\n\n\n\n<div class=\"wp-block-uagb-container uagb-block-de263ff1 alignfull uagb-is-root-container\"><div class=\"uagb-container-inner-blocks-wrap\"><\/div><\/div>\n\n\n\n<div class=\"wp-block-uagb-container uagb-block-5832fb18 alignfull uagb-is-root-container\"><div class=\"uagb-container-inner-blocks-wrap\">\n<p class=\"has-black-color has-text-color has-link-color has-small-font-size wp-elements-45c6e35a7c0ad0a4b64724e05dd09cf9\">Heute werden wir etwas entr\u00e4tseln, das die meisten Menschen in gewisser Weise traumatisiert, obwohl es etwas so Nat\u00fcrliches ist wie das Leben selbst: Ich meine den Tod. Und ich werde Ihnen eine Frage stellen, die der Titel des heutigen Artikels ist: Wo ist der Tod?<\/p>\n\n\n\n<p class=\"has-black-color has-text-color has-link-color has-small-font-size wp-elements-b503188824280ef488d18afb2c09e406\">Der Mensch dieser Zeit, so materialisiert und ohne alles, was sein Leben in der lebendigen Realit\u00e4t des Transzendenten und Spirituellen st\u00fctzen w\u00fcrde, klammert sich weiterhin an Sitten und Gebr\u00e4uche, an Gef\u00fchle, die stark in den Traditionen der Vorfahren verwurzelt sind, die f\u00fcr die einen tief mit der fernen Vergangenheit verbunden sind, und f\u00fcr die anderen, aufgrund der Anforderungen der von der heutigen Gesellschaft gesetzten Richtlinien, ziehen sie es vor, wie sie selbst sagen: Mit dem Strom zu schwimmen, innezuhalten und sich dem Problem zu stellen, das darin best\u00fcnde, die Dinge so zu nehmen, wie sie wirklich sind, und sie bei ihrem Namen zu nennen.<\/p>\n\n\n\n<p class=\"has-black-color has-text-color has-link-color has-small-font-size wp-elements-90102ff1db62864008ee834ba23295dd\">Der Mensch des 21. Jahrhunderts ist stolz auf all das, was er in den verschiedenen Bereichen, die die Parameter der Evolution auf unserem Planeten markieren, erreicht hat, aber das ist etwas, das am Ende des Tages auf die eine oder andere Weise auf der Erde bleiben wird; Doch w\u00e4hrend er in all diesen Bereichen gro\u00dfe Risiken eingehen konnte, sogar bei seinen Reisen ins Weltall, hat er sich nicht einmal die M\u00fche gemacht, sein eigenes Inneres zu erforschen und zu erobern; denn es gibt nur wenige, die wirklich daran interessiert sind, sich mit sich selbst zu befassen, weil sie es vorziehen - wie sie sagen -, sich nicht den Kopf zu zerbrechen, wozu auch? , wenn wir am Ende alle sterben m\u00fcssen.<\/p>\n\n\n\n<p class=\"has-black-color has-text-color has-link-color has-small-font-size wp-elements-6270587aa61ba66c7dfa21fd34aa2b25\">Das sagen diejenigen, die keine Ahnung von spirituellem Wissen haben, denn wenn sie nur ein wenig meditieren w\u00fcrden, w\u00fcrden sie erkennen, dass, wenn es einen Tod gibt, es derjenige ist, den ihr eigener Geist erleidet, weil er in diesem Leben keine Gelegenheit zum spirituellen Fortschritt und Aufstieg hat; denn im Gegensatz zu den Dingen der Welt bleibt er nicht auf der Erde, sondern entwickelt sich und lebt ewig und hinterl\u00e4sst nur die karmischen Lasten aus vergangenen Leben.<\/p>\n\n\n\n<p class=\"has-black-color has-text-color has-link-color has-small-font-size wp-elements-7d99aebfa16a2d4f3f1b5fb89b526a53\">Jedes Jahr betet die Welt den Tod an. Wohlgemerkt, den Tod und nicht das Leben; das ist ein bisschen absurd, nicht wahr? Wenn wir uns bewusst sind, dass wir lebendig sind, solange wir uns in der physischen Welt befinden, und dass wir nach dem Verlust des materiellen K\u00f6rpers immer noch am Leben sind, wo passt dann der gef\u00fcrchtete Tod hin?<\/p>\n\n\n\n<p class=\"has-black-color has-text-color has-link-color has-small-font-size wp-elements-e84779c3c58a74e3d575c78afc96623b\">In unseren Tagen ist dies zu einem weiteren Gesch\u00e4ft der Narren unserer Welt geworden, der Lebensverweigerer und derer, die glauben, sie h\u00e4tten das Recht, alles um sich herum zu manipulieren. Es ist wahr, dass die Entfremdung von einem geliebten Menschen uns traurig macht und manchmal in Unkenntnis der Gesetze, die Gott in seiner v\u00e4terlichen Liebe durch Jesus in unserer Welt eingef\u00fchrt hat, Verzweiflung und tragische Bitterkeit hervorruft. Deshalb habe ich eingangs gesagt, dass der Mensch, wenn er sich auf sich selbst konzentriert und tiefer in sich geht, Antworten auf all die Fragen findet, die ihn verwirren und ihm das Gef\u00fchl geben, verloren zu sein.<\/p>\n\n\n\n<p class=\"has-black-color has-text-color has-link-color has-small-font-size wp-elements-eeabf6efd9f7d1a235e64e5cdff42d0d\">Es ist an der Zeit, zum Licht zu erwachen und sich der echten Liebe bewusst zu werden, die wir f\u00fchlen und dem geliebten Menschen, der uns verl\u00e4sst, \u00fcbermitteln k\u00f6nnen, wie geht das? Viele fragen sich, es ist ganz einfach, wir bitten um ihre Auferstehung durch unseren Geist, mit den besten Gedanken und Gef\u00fchlen f\u00fcr ihren Geist, niemals durch Rosenkr\u00e4nze, Trauermessen, Kerzen und Blumen, noch durch all diese materiellen Utensilien, die weit davon entfernt sind, einen Nutzen zu bringen, sondern nur die Anhaftung an die Dinge der Welt verst\u00e4rken und ihr Leiden vergr\u00f6\u00dfern, weil sie sie nicht haben und f\u00fchlen k\u00f6nnen.<\/p>\n\n\n\n<p class=\"has-black-color has-text-color has-link-color has-small-font-size wp-elements-6a09d5438535da1992b8f2e1add6d594\">Man muss auch bedenken, dass diese Trennung - nicht der Tod - f\u00fcr eine mehr oder weniger lange Zeit begrenzt ist, da Gott uns in seiner Gerechtigkeit zu Mietern einer Welt gemacht hat, die wir alle, manche fr\u00fcher und manche sp\u00e4ter, verlassen m\u00fcssen. All dies wird - seit Jahrhunderten - in den Worten des Meisters Jesus ausgedr\u00fcckt: \u201eMein Reich ist nicht von dieser Welt\u201c. Und das unsere auch nicht, vergessen Sie nicht, wir sind alle nur auf der Durchreise.<\/p>\n\n\n\n<p class=\"has-black-color has-text-color has-link-color has-small-font-size wp-elements-dbea92675a28e6ad9962116d03f67cc9\">Verlassen wir die Pilgerfahrten zu den Friedh\u00f6fen, wo die \u00dcberreste des Tr\u00e4gers, der uns den Fortschritt dessen erm\u00f6glicht hat, was wirklich wichtig ist, n\u00e4mlich unser Geist, der f\u00fcr immer bleibt. \u00d6ffnen wir unsere Seele, indem wir Gott umarmen, der die Kr\u00f6nung des Lebens ist, und vergessen wir die Tode, die wir jeden Tag erleiden, weil wir in dieser traurigen und \u00fcberholten Welt - weil der Mensch es so wollte - Schicksalsschl\u00e4ge und Pr\u00fcfungen \u00fcberwinden m\u00fcssen, und lassen wir unseren Geist wieder auferstehen, zu dem echten und wahren Licht, f\u00fcr das er geschaffen wurde, dem ewigen Leben.<\/p>\n\n\n\n<p><\/p>\n\n\n\n<p class=\"has-black-color has-text-color has-link-color has-small-font-size wp-elements-fff1df43faf6e725aa9ec2a91dfe5ce4\"><em>Antonio Hern\u00e1ndez Lozano<\/em><\/p>\n\n\n\n<p><\/p>\n\n\n\n<p><\/p>\n\n\n\n<p><\/p>\n<\/div><\/div>","protected":false},"excerpt":{"rendered":"<p>\u00bfD\u00f3nde est\u00e1 la Muerte? Hoy vamos a desentra\u00f1ar algo que, de alguna manera, traumatiza a la mayor\u00eda de los seres humanos, cuando se trata de algo tan natural como la propia vida, me estoy refiriendo a la muerte. Y yo, os voy a trasladar una pregunta, que da t\u00edtulo al escrito de hoy: \u00bfd\u00f3nde est\u00e1 [&hellip;]<\/p>","protected":false},"author":1,"featured_media":4966,"parent":0,"menu_order":0,"comment_status":"closed","ping_status":"closed","template":"","meta":{"_uag_custom_page_level_css":"","site-sidebar-layout":"default","site-content-layout":"","ast-site-content-layout":"default","site-content-style":"default","site-sidebar-style":"default","ast-global-header-display":"","ast-banner-title-visibility":"","ast-main-header-display":"","ast-hfb-above-header-display":"","ast-hfb-below-header-display":"","ast-hfb-mobile-header-display":"","site-post-title":"","ast-breadcrumbs-content":"","ast-featured-img":"","footer-sml-layout":"","theme-transparent-header-meta":"","adv-header-id-meta":"","stick-header-meta":"","header-above-stick-meta":"","header-main-stick-meta":"","header-below-stick-meta":"","astra-migrate-meta-layouts":"set","ast-page-background-enabled":"default","ast-page-background-meta":{"desktop":{"background-color":"var(--ast-global-color-4)","background-image":"","background-repeat":"repeat","background-position":"center center","background-size":"auto","background-attachment":"scroll","background-type":"","background-media":"","overlay-type":"","overlay-color":"","overlay-opacity":"","overlay-gradient":""},"tablet":{"background-color":"","background-image":"","background-repeat":"repeat","background-position":"center center","background-size":"auto","background-attachment":"scroll","background-type":"","background-media":"","overlay-type":"","overlay-color":"","overlay-opacity":"","overlay-gradient":""},"mobile":{"background-color":"","background-image":"","background-repeat":"repeat","background-position":"center center","background-size":"auto","background-attachment":"scroll","background-type":"","background-media":"","overlay-type":"","overlay-color":"","overlay-opacity":"","overlay-gradient":""}},"ast-content-background-meta":{"desktop":{"background-color":"var(--ast-global-color-5)","background-image":"","background-repeat":"repeat","background-position":"center center","background-size":"auto","background-attachment":"scroll","background-type":"","background-media":"","overlay-type":"","overlay-color":"","overlay-opacity":"","overlay-gradient":""},"tablet":{"background-color":"var(--ast-global-color-5)","background-image":"","background-repeat":"repeat","background-position":"center center","background-size":"auto","background-attachment":"scroll","background-type":"","background-media":"","overlay-type":"","overlay-color":"","overlay-opacity":"","overlay-gradient":""},"mobile":{"background-color":"var(--ast-global-color-5)","background-image":"","background-repeat":"repeat","background-position":"center center","background-size":"auto","background-attachment":"scroll","background-type":"","background-media":"","overlay-type":"","overlay-color":"","overlay-opacity":"","overlay-gradient":""}},"footnotes":""},"class_list":["post-4964","page","type-page","status-publish","has-post-thumbnail","hentry"],"yoast_head":"<!-- This site is optimized with the Yoast SEO Premium plugin v24.2 (Yoast SEO v24.6) - https:\/\/yoast.com\/wordpress\/plugins\/seo\/ -->\n<title>\u00bfD\u00f3nde est\u00e1 la Muerte? - Uni\u00f3n Esp\u00edrita<\/title>\n<meta name=\"robots\" content=\"index, follow, max-snippet:-1, max-image-preview:large, max-video-preview:-1\" \/>\n<link rel=\"canonical\" href=\"https:\/\/nuevo-renacer.com\/de\/donde-esta-la-muerte\/\" \/>\n<meta property=\"og:locale\" content=\"de_DE\" \/>\n<meta property=\"og:type\" content=\"article\" \/>\n<meta property=\"og:title\" content=\"\u00bfD\u00f3nde est\u00e1 la Muerte?\" \/>\n<meta property=\"og:description\" content=\"\u00bfD\u00f3nde est\u00e1 la Muerte? Hoy vamos a desentra\u00f1ar algo que, de alguna manera, traumatiza a la mayor\u00eda de los seres humanos, cuando se trata de algo tan natural como la propia vida, me estoy refiriendo a la muerte. Y yo, os voy a trasladar una pregunta, que da t\u00edtulo al escrito de hoy: \u00bfd\u00f3nde est\u00e1 [&hellip;]\" \/>\n<meta property=\"og:url\" content=\"https:\/\/nuevo-renacer.com\/de\/donde-esta-la-muerte\/\" \/>\n<meta property=\"og:site_name\" content=\"Uni\u00f3n Esp\u00edrita\" \/>\n<meta property=\"article:publisher\" content=\"https:\/\/www.facebook.com\/groups\/3431398063740829\" \/>\n<meta property=\"article:modified_time\" content=\"2024-09-14T12:55:25+00:00\" \/>\n<meta property=\"og:image\" content=\"https:\/\/nuevo-renacer.com\/wp-content\/uploads\/2024\/09\/donde-esta-la-muerte.webp\" \/>\n\t<meta property=\"og:image:width\" content=\"539\" \/>\n\t<meta property=\"og:image:height\" content=\"356\" \/>\n\t<meta property=\"og:image:type\" content=\"image\/webp\" \/>\n<meta name=\"twitter:card\" content=\"summary_large_image\" \/>\n<meta name=\"twitter:label1\" content=\"Gesch\u00e4tzte Lesezeit\" \/>\n\t<meta name=\"twitter:data1\" content=\"4\u00a0Minuten\" \/>\n<script type=\"application\/ld+json\" class=\"yoast-schema-graph\">{\"@context\":\"https:\/\/schema.org\",\"@graph\":[{\"@type\":\"WebPage\",\"@id\":\"https:\/\/nuevo-renacer.com\/donde-esta-la-muerte\/\",\"url\":\"https:\/\/nuevo-renacer.com\/donde-esta-la-muerte\/\",\"name\":\"\u00bfD\u00f3nde est\u00e1 la Muerte? - Uni\u00f3n Esp\u00edrita\",\"isPartOf\":{\"@id\":\"https:\/\/nuevo-renacer.com\/#website\"},\"primaryImageOfPage\":{\"@id\":\"https:\/\/nuevo-renacer.com\/donde-esta-la-muerte\/#primaryimage\"},\"image\":{\"@id\":\"https:\/\/nuevo-renacer.com\/donde-esta-la-muerte\/#primaryimage\"},\"thumbnailUrl\":\"https:\/\/nuevo-renacer.com\/wp-content\/uploads\/2024\/09\/donde-esta-la-muerte.webp\",\"datePublished\":\"2024-09-14T12:07:06+00:00\",\"dateModified\":\"2024-09-14T12:55:25+00:00\",\"breadcrumb\":{\"@id\":\"https:\/\/nuevo-renacer.com\/donde-esta-la-muerte\/#breadcrumb\"},\"inLanguage\":\"de\",\"potentialAction\":[{\"@type\":\"ReadAction\",\"target\":[\"https:\/\/nuevo-renacer.com\/donde-esta-la-muerte\/\"]}]},{\"@type\":\"ImageObject\",\"inLanguage\":\"de\",\"@id\":\"https:\/\/nuevo-renacer.com\/donde-esta-la-muerte\/#primaryimage\",\"url\":\"https:\/\/nuevo-renacer.com\/wp-content\/uploads\/2024\/09\/donde-esta-la-muerte.webp\",\"contentUrl\":\"https:\/\/nuevo-renacer.com\/wp-content\/uploads\/2024\/09\/donde-esta-la-muerte.webp\",\"width\":539,\"height\":356},{\"@type\":\"BreadcrumbList\",\"@id\":\"https:\/\/nuevo-renacer.com\/donde-esta-la-muerte\/#breadcrumb\",\"itemListElement\":[{\"@type\":\"ListItem\",\"position\":1,\"name\":\"Startseite\",\"item\":\"https:\/\/nuevo-renacer.com\/\"},{\"@type\":\"ListItem\",\"position\":2,\"name\":\"\u00bfD\u00f3nde est\u00e1 la Muerte?\"}]},{\"@type\":\"WebSite\",\"@id\":\"https:\/\/nuevo-renacer.com\/#website\",\"url\":\"https:\/\/nuevo-renacer.com\/\",\"name\":\"Uni\u00f3n Esp\u00edrita\",\"description\":\"Nuevo Renacer\",\"publisher\":{\"@id\":\"https:\/\/nuevo-renacer.com\/#organization\"},\"potentialAction\":[{\"@type\":\"SearchAction\",\"target\":{\"@type\":\"EntryPoint\",\"urlTemplate\":\"https:\/\/nuevo-renacer.com\/?s={search_term_string}\"},\"query-input\":{\"@type\":\"PropertyValueSpecification\",\"valueRequired\":true,\"valueName\":\"search_term_string\"}}],\"inLanguage\":\"de\"},{\"@type\":\"Organization\",\"@id\":\"https:\/\/nuevo-renacer.com\/#organization\",\"name\":\"UFEC\",\"url\":\"https:\/\/nuevo-renacer.com\/\",\"logo\":{\"@type\":\"ImageObject\",\"inLanguage\":\"de\",\"@id\":\"https:\/\/nuevo-renacer.com\/#\/schema\/logo\/image\/\",\"url\":\"https:\/\/nuevo-renacer.com\/wp-content\/uploads\/2024\/05\/cropped-LOGO-TERMINADO1-3-3.png\",\"contentUrl\":\"https:\/\/nuevo-renacer.com\/wp-content\/uploads\/2024\/05\/cropped-LOGO-TERMINADO1-3-3.png\",\"width\":512,\"height\":512,\"caption\":\"UFEC\"},\"image\":{\"@id\":\"https:\/\/nuevo-renacer.com\/#\/schema\/logo\/image\/\"},\"sameAs\":[\"https:\/\/www.facebook.com\/groups\/3431398063740829\"]}]}<\/script>\n<!-- \/ Yoast SEO Premium plugin. -->","yoast_head_json":{"title":"\u00bfD\u00f3nde est\u00e1 la Muerte? - Uni\u00f3n Esp\u00edrita","robots":{"index":"index","follow":"follow","max-snippet":"max-snippet:-1","max-image-preview":"max-image-preview:large","max-video-preview":"max-video-preview:-1"},"canonical":"https:\/\/nuevo-renacer.com\/de\/donde-esta-la-muerte\/","og_locale":"de_DE","og_type":"article","og_title":"\u00bfD\u00f3nde est\u00e1 la Muerte?","og_description":"\u00bfD\u00f3nde est\u00e1 la Muerte? Hoy vamos a desentra\u00f1ar algo que, de alguna manera, traumatiza a la mayor\u00eda de los seres humanos, cuando se trata de algo tan natural como la propia vida, me estoy refiriendo a la muerte. Y yo, os voy a trasladar una pregunta, que da t\u00edtulo al escrito de hoy: \u00bfd\u00f3nde est\u00e1 [&hellip;]","og_url":"https:\/\/nuevo-renacer.com\/de\/donde-esta-la-muerte\/","og_site_name":"Uni\u00f3n Esp\u00edrita","article_publisher":"https:\/\/www.facebook.com\/groups\/3431398063740829","article_modified_time":"2024-09-14T12:55:25+00:00","og_image":[{"width":539,"height":356,"url":"https:\/\/nuevo-renacer.com\/wp-content\/uploads\/2024\/09\/donde-esta-la-muerte.webp","type":"image\/webp"}],"twitter_card":"summary_large_image","twitter_misc":{"Gesch\u00e4tzte Lesezeit":"4\u00a0Minuten"},"schema":{"@context":"https:\/\/schema.org","@graph":[{"@type":"WebPage","@id":"https:\/\/nuevo-renacer.com\/donde-esta-la-muerte\/","url":"https:\/\/nuevo-renacer.com\/donde-esta-la-muerte\/","name":"\u00bfD\u00f3nde est\u00e1 la Muerte? - Uni\u00f3n Esp\u00edrita","isPartOf":{"@id":"https:\/\/nuevo-renacer.com\/#website"},"primaryImageOfPage":{"@id":"https:\/\/nuevo-renacer.com\/donde-esta-la-muerte\/#primaryimage"},"image":{"@id":"https:\/\/nuevo-renacer.com\/donde-esta-la-muerte\/#primaryimage"},"thumbnailUrl":"https:\/\/nuevo-renacer.com\/wp-content\/uploads\/2024\/09\/donde-esta-la-muerte.webp","datePublished":"2024-09-14T12:07:06+00:00","dateModified":"2024-09-14T12:55:25+00:00","breadcrumb":{"@id":"https:\/\/nuevo-renacer.com\/donde-esta-la-muerte\/#breadcrumb"},"inLanguage":"de","potentialAction":[{"@type":"ReadAction","target":["https:\/\/nuevo-renacer.com\/donde-esta-la-muerte\/"]}]},{"@type":"ImageObject","inLanguage":"de","@id":"https:\/\/nuevo-renacer.com\/donde-esta-la-muerte\/#primaryimage","url":"https:\/\/nuevo-renacer.com\/wp-content\/uploads\/2024\/09\/donde-esta-la-muerte.webp","contentUrl":"https:\/\/nuevo-renacer.com\/wp-content\/uploads\/2024\/09\/donde-esta-la-muerte.webp","width":539,"height":356},{"@type":"BreadcrumbList","@id":"https:\/\/nuevo-renacer.com\/donde-esta-la-muerte\/#breadcrumb","itemListElement":[{"@type":"ListItem","position":1,"name":"Startseite","item":"https:\/\/nuevo-renacer.com\/"},{"@type":"ListItem","position":2,"name":"\u00bfD\u00f3nde est\u00e1 la Muerte?"}]},{"@type":"WebSite","@id":"https:\/\/nuevo-renacer.com\/#website","url":"https:\/\/nuevo-renacer.com\/","name":"Uni\u00f3n Esp\u00edrita","description":"Nuevo Renacer","publisher":{"@id":"https:\/\/nuevo-renacer.com\/#organization"},"potentialAction":[{"@type":"SearchAction","target":{"@type":"EntryPoint","urlTemplate":"https:\/\/nuevo-renacer.com\/?s={search_term_string}"},"query-input":{"@type":"PropertyValueSpecification","valueRequired":true,"valueName":"search_term_string"}}],"inLanguage":"de"},{"@type":"Organization","@id":"https:\/\/nuevo-renacer.com\/#organization","name":"UFEC","url":"https:\/\/nuevo-renacer.com\/","logo":{"@type":"ImageObject","inLanguage":"de","@id":"https:\/\/nuevo-renacer.com\/#\/schema\/logo\/image\/","url":"https:\/\/nuevo-renacer.com\/wp-content\/uploads\/2024\/05\/cropped-LOGO-TERMINADO1-3-3.png","contentUrl":"https:\/\/nuevo-renacer.com\/wp-content\/uploads\/2024\/05\/cropped-LOGO-TERMINADO1-3-3.png","width":512,"height":512,"caption":"UFEC"},"image":{"@id":"https:\/\/nuevo-renacer.com\/#\/schema\/logo\/image\/"},"sameAs":["https:\/\/www.facebook.com\/groups\/3431398063740829"]}]}},"uagb_featured_image_src":{"full":["https:\/\/nuevo-renacer.com\/wp-content\/uploads\/2024\/09\/donde-esta-la-muerte.webp",539,356,false],"thumbnail":["https:\/\/nuevo-renacer.com\/wp-content\/uploads\/2024\/09\/donde-esta-la-muerte-150x150.webp",150,150,true],"medium":["https:\/\/nuevo-renacer.com\/wp-content\/uploads\/2024\/09\/donde-esta-la-muerte-300x198.webp",300,198,true],"medium_large":["https:\/\/nuevo-renacer.com\/wp-content\/uploads\/2024\/09\/donde-esta-la-muerte.webp",539,356,false],"large":["https:\/\/nuevo-renacer.com\/wp-content\/uploads\/2024\/09\/donde-esta-la-muerte.webp",539,356,false],"1536x1536":["https:\/\/nuevo-renacer.com\/wp-content\/uploads\/2024\/09\/donde-esta-la-muerte.webp",539,356,false],"2048x2048":["https:\/\/nuevo-renacer.com\/wp-content\/uploads\/2024\/09\/donde-esta-la-muerte.webp",539,356,false],"trp-custom-language-flag":["https:\/\/nuevo-renacer.com\/wp-content\/uploads\/2024\/09\/donde-esta-la-muerte-18x12.webp",18,12,true]},"uagb_author_info":{"display_name":"adbv0","author_link":"https:\/\/nuevo-renacer.com\/de\/author\/adbv0\/"},"uagb_comment_info":0,"uagb_excerpt":"\u00bfD\u00f3nde est\u00e1 la Muerte? Hoy vamos a desentra\u00f1ar algo que, de alguna manera, traumatiza a la mayor\u00eda de los seres humanos, cuando se trata de algo tan natural como la propia vida, me estoy refiriendo a la muerte. Y yo, os voy a trasladar una pregunta, que da t\u00edtulo al escrito de hoy: \u00bfd\u00f3nde est\u00e1&hellip;","jetpack_sharing_enabled":true,"_links":{"self":[{"href":"https:\/\/nuevo-renacer.com\/de\/wp-json\/wp\/v2\/pages\/4964","targetHints":{"allow":["GET"]}}],"collection":[{"href":"https:\/\/nuevo-renacer.com\/de\/wp-json\/wp\/v2\/pages"}],"about":[{"href":"https:\/\/nuevo-renacer.com\/de\/wp-json\/wp\/v2\/types\/page"}],"author":[{"embeddable":true,"href":"https:\/\/nuevo-renacer.com\/de\/wp-json\/wp\/v2\/users\/1"}],"replies":[{"embeddable":true,"href":"https:\/\/nuevo-renacer.com\/de\/wp-json\/wp\/v2\/comments?post=4964"}],"version-history":[{"count":5,"href":"https:\/\/nuevo-renacer.com\/de\/wp-json\/wp\/v2\/pages\/4964\/revisions"}],"predecessor-version":[{"id":4978,"href":"https:\/\/nuevo-renacer.com\/de\/wp-json\/wp\/v2\/pages\/4964\/revisions\/4978"}],"wp:featuredmedia":[{"embeddable":true,"href":"https:\/\/nuevo-renacer.com\/de\/wp-json\/wp\/v2\/media\/4966"}],"wp:attachment":[{"href":"https:\/\/nuevo-renacer.com\/de\/wp-json\/wp\/v2\/media?parent=4964"}],"curies":[{"name":"wp","href":"https:\/\/api.w.org\/{rel}","templated":true}]}}