{"id":4555,"date":"2024-09-09T11:47:16","date_gmt":"2024-09-09T11:47:16","guid":{"rendered":"https:\/\/nuevo-renacer.com\/?page_id=4555"},"modified":"2024-09-10T07:09:33","modified_gmt":"2024-09-10T07:09:33","slug":"deber-y-libertad","status":"publish","type":"page","link":"https:\/\/nuevo-renacer.com\/de\/deber-y-libertad\/","title":{"rendered":"Pflicht und Freiheit"},"content":{"rendered":"<div class=\"wp-block-uagb-container uagb-block-0ba21fd2 alignfull uagb-is-root-container\"><div class=\"uagb-container-inner-blocks-wrap\">\n<p class=\"has-black-color has-text-color has-link-color has-medium-font-size wp-elements-31be85ad895f6017edf4ffba8309fae5\"><strong>Pflicht und Freiheit<\/strong><\/p>\n<\/div><\/div>\n\n\n\n<div class=\"wp-block-uagb-container uagb-block-76f28983 alignfull uagb-is-root-container\"><div class=\"uagb-container-inner-blocks-wrap\">\n<figure class=\"wp-block-image size-full\"><img fetchpriority=\"high\" decoding=\"async\" width=\"457\" height=\"360\" src=\"https:\/\/nuevo-renacer.com\/wp-content\/uploads\/2024\/09\/libertad.jpg\" alt=\"\" class=\"wp-image-4559\" srcset=\"https:\/\/nuevo-renacer.com\/wp-content\/uploads\/2024\/09\/libertad.jpg 457w, https:\/\/nuevo-renacer.com\/wp-content\/uploads\/2024\/09\/libertad-300x236.jpg 300w, https:\/\/nuevo-renacer.com\/wp-content\/uploads\/2024\/09\/libertad-15x12.jpg 15w\" sizes=\"(max-width: 457px) 100vw, 457px\" \/><\/figure>\n<\/div><\/div>\n\n\n\n<div class=\"wp-block-uagb-container uagb-block-c07a9f7f alignfull uagb-is-root-container\"><div class=\"uagb-container-inner-blocks-wrap\">\n<p class=\"has-black-color has-text-color has-link-color has-small-font-size wp-elements-71aee04bcf95e2f31992ac57c376516c\">Welcher Mensch hat in den Stunden der Stille und der Besinnung noch nie die Natur und sein eigenes Herz befragt und nach dem Geheimnis der Dinge, dem Grund des Lebens, der Daseinsberechtigung des Universums gefragt? Wo ist derjenige, der noch nie versucht hat, sein Schicksal zu ergr\u00fcnden, den Schleier des Todes zu l\u00fcften, zu wissen, ob Gott eine Fiktion oder eine Realit\u00e4t ist? Es sieht dem Menschen nicht \u00e4hnlich, auch wenn er noch so sorglos ist, dass er sich diese gef\u00fcrchteten Probleme nie gestellt hat. Die Schwierigkeit, sie zu l\u00f6sen, die Inkoh\u00e4renz und Vielfalt der Theorien, die sie hervorgebracht haben, die beklagenswerten Folgen, die von der \u00fcberwiegenden Mehrheit der entwickelten Systeme ausgehen, all das verwirrt und erm\u00fcdet den menschlichen Geist und f\u00fchrt zu Gleichg\u00fcltigkeit und Skepsis.<\/p>\n\n\n\n<p class=\"has-black-color has-text-color has-link-color has-small-font-size wp-elements-2e22287510956a97289d607d8c9e55ac\">Aber der Mensch muss wissen, er braucht den Strahl, der ihn erleuchtet, die Hoffnung, die ihn tr\u00f6stet, die Gewissheit, die ihn leitet und st\u00fctzt. Und er hat auch die Mittel, um zu wissen, um die Wahrheit zu sehen, um sich von der Dunkelheit zu befreien und sich von ihrem wohltuenden Licht durchfluten zu lassen. Dazu muss er sich selbst von vorgefassten Systemen l\u00f6sen, hinabsteigen, auf jene innere Stimme h\u00f6ren, die zu uns allen spricht und die die Sophisterei nicht t\u00e4uschen kann: die Stimme der Vernunft, die Stimme des Gewissens.<\/p>\n\n\n\n<p class=\"has-black-color has-text-color has-link-color has-small-font-size wp-elements-1a7a9ac9fc3217778b8f436f36f49643\">Das tat ich auch. Lange habe ich gegr\u00fcbelt; ich habe \u00fcber die Probleme des Lebens und des Todes nachgedacht; beharrlich habe ich diese tiefen Abgr\u00fcnde ausgelotet. Ich richtete einen inbr\u00fcnstigen Appell an die ewige Weisheit, und sie antwortete mir, wie sie allem antwortet.<\/p>\n\n\n\n<p class=\"has-black-color has-text-color has-link-color has-small-font-size wp-elements-74e5dd67f56df7b4b36549c79b4291d4\">Der Geist, beseelt von der Liebe zum Guten. Eindeutige Beweise, Tatsachen aus direkter Beobachtung best\u00e4tigten die Schlussfolgerungen meines Denkens, boten meinen \u00dcberzeugungen eine solide und unersch\u00fctterliche Grundlage. Nachdem ich gezweifelt hatte, glaubte ich; nachdem ich geleugnet hatte, sah ich. Und in mir wuchsen Frieden, Vertrauen und moralische St\u00e4rke. Dies sind die G\u00fcter, die ich in der Aufrichtigkeit meines Herzens und in dem Wunsch, meinen Mitmenschen n\u00fctzlich zu sein, den Leidenden und Verzweifelten anbieten m\u00f6chte.<\/p>\n\n\n\n<p class=\"has-black-color has-text-color has-link-color has-small-font-size wp-elements-d43fb10c3557db39f3736f2791982505\">Noch nie war das Bed\u00fcrfnis nach Licht so stark ausgepr\u00e4gt wie heute. In den Gesellschaften vollzieht sich ein gewaltiger Wandel. Nachdem der Mensch jahrhundertelang den Prinzipien der Autorit\u00e4t unterworfen war, strebt er mehr und mehr danach, sich von allen Zw\u00e4ngen zu befreien und sich selbst zu regieren. Zur gleichen Zeit, in der sich die politischen und sozialen Institutionen ver\u00e4ndern, schwinden die religi\u00f6sen \u00dcberzeugungen und der Glaube an Dogmen. Dies ist noch immer eine der Folgen der Freiheit in ihrer Anwendung auf die Dinge des Denkens und des Gewissens. Die Freiheit hat in allen Bereichen die Tendenz, Zwang und Autorit\u00e4t zu ersetzen und die Nationen zu einem neuen Horizont zu f\u00fchren. Das Recht einiger ist zum Recht aller geworden; aber damit dieses souver\u00e4ne Recht mit der Gerechtigkeit \u00fcbereinstimmt und Fr\u00fcchte tr\u00e4gt, ist es notwendig, dass die Kenntnis der moralischen Gesetze seine Aus\u00fcbung regelt. Wenn die Freiheit fruchtbar sein soll, wenn sie den menschlichen Werken eine sichere und dauerhafte Grundlage bieten soll, muss sie durch Licht, Weisheit und Wahrheit erg\u00e4nzt werden. Ist die Freiheit f\u00fcr unwissende und lasterhafte Menschen nicht wie eine m\u00e4chtige Waffe in den H\u00e4nden eines Kindes? In diesem Fall wendet sich die Waffe oft gegen den, der sie f\u00fchrt, und verwundet ihn.<\/p>\n\n\n\n<p class=\"has-black-color has-text-color has-link-color has-small-font-size wp-elements-8964bb1b1559e255432403e227b5a61f\"><em><strong>L\u00e9on Denis<\/strong> \u2013 Das Warum des Lebens<\/em><\/p>\n<\/div><\/div>","protected":false},"excerpt":{"rendered":"<p>Deber y Libertad \u00bfQu\u00e9 hombre, en las horas de silencio y de recogimiento, jam\u00e1s interrog\u00f3 la naturaleza y su propio coraz\u00f3n, pidi\u00e9ndoles el secreto de las cosas, el por qu\u00e9 de la vida, la raz\u00f3n de ser del universo? \u00bfD\u00f3nde est\u00e1 el que jam\u00e1s procur\u00f3 conocer su destino, levantar el velo de la muerte, saber [&hellip;]<\/p>","protected":false},"author":1,"featured_media":4559,"parent":0,"menu_order":0,"comment_status":"closed","ping_status":"closed","template":"","meta":{"_uag_custom_page_level_css":"","site-sidebar-layout":"default","site-content-layout":"","ast-site-content-layout":"default","site-content-style":"default","site-sidebar-style":"default","ast-global-header-display":"","ast-banner-title-visibility":"","ast-main-header-display":"","ast-hfb-above-header-display":"","ast-hfb-below-header-display":"","ast-hfb-mobile-header-display":"","site-post-title":"","ast-breadcrumbs-content":"","ast-featured-img":"","footer-sml-layout":"","theme-transparent-header-meta":"","adv-header-id-meta":"","stick-header-meta":"","header-above-stick-meta":"","header-main-stick-meta":"","header-below-stick-meta":"","astra-migrate-meta-layouts":"set","ast-page-background-enabled":"default","ast-page-background-meta":{"desktop":{"background-color":"var(--ast-global-color-4)","background-image":"","background-repeat":"repeat","background-position":"center center","background-size":"auto","background-attachment":"scroll","background-type":"","background-media":"","overlay-type":"","overlay-color":"","overlay-opacity":"","overlay-gradient":""},"tablet":{"background-color":"","background-image":"","background-repeat":"repeat","background-position":"center center","background-size":"auto","background-attachment":"scroll","background-type":"","background-media":"","overlay-type":"","overlay-color":"","overlay-opacity":"","overlay-gradient":""},"mobile":{"background-color":"","background-image":"","background-repeat":"repeat","background-position":"center center","background-size":"auto","background-attachment":"scroll","background-type":"","background-media":"","overlay-type":"","overlay-color":"","overlay-opacity":"","overlay-gradient":""}},"ast-content-background-meta":{"desktop":{"background-color":"var(--ast-global-color-5)","background-image":"","background-repeat":"repeat","background-position":"center center","background-size":"auto","background-attachment":"scroll","background-type":"","background-media":"","overlay-type":"","overlay-color":"","overlay-opacity":"","overlay-gradient":""},"tablet":{"background-color":"var(--ast-global-color-5)","background-image":"","background-repeat":"repeat","background-position":"center center","background-size":"auto","background-attachment":"scroll","background-type":"","background-media":"","overlay-type":"","overlay-color":"","overlay-opacity":"","overlay-gradient":""},"mobile":{"background-color":"var(--ast-global-color-5)","background-image":"","background-repeat":"repeat","background-position":"center center","background-size":"auto","background-attachment":"scroll","background-type":"","background-media":"","overlay-type":"","overlay-color":"","overlay-opacity":"","overlay-gradient":""}},"footnotes":""},"class_list":["post-4555","page","type-page","status-publish","has-post-thumbnail","hentry"],"yoast_head":"<!-- This site is optimized with the Yoast SEO Premium plugin v24.2 (Yoast SEO v24.6) - https:\/\/yoast.com\/wordpress\/plugins\/seo\/ -->\n<title>Deber y Libertad - Uni\u00f3n Esp\u00edrita<\/title>\n<meta name=\"robots\" content=\"index, follow, max-snippet:-1, max-image-preview:large, max-video-preview:-1\" \/>\n<link rel=\"canonical\" href=\"https:\/\/nuevo-renacer.com\/de\/deber-y-libertad\/\" \/>\n<meta property=\"og:locale\" content=\"de_DE\" \/>\n<meta property=\"og:type\" content=\"article\" \/>\n<meta property=\"og:title\" content=\"Deber y Libertad\" \/>\n<meta property=\"og:description\" content=\"Deber y Libertad \u00bfQu\u00e9 hombre, en las horas de silencio y de recogimiento, jam\u00e1s interrog\u00f3 la naturaleza y su propio coraz\u00f3n, pidi\u00e9ndoles el secreto de las cosas, el por qu\u00e9 de la vida, la raz\u00f3n de ser del universo? \u00bfD\u00f3nde est\u00e1 el que jam\u00e1s procur\u00f3 conocer su destino, levantar el velo de la muerte, saber [&hellip;]\" \/>\n<meta property=\"og:url\" content=\"https:\/\/nuevo-renacer.com\/de\/deber-y-libertad\/\" \/>\n<meta property=\"og:site_name\" content=\"Uni\u00f3n Esp\u00edrita\" \/>\n<meta property=\"article:publisher\" content=\"https:\/\/www.facebook.com\/groups\/3431398063740829\" \/>\n<meta property=\"article:modified_time\" content=\"2024-09-10T07:09:33+00:00\" \/>\n<meta property=\"og:image\" content=\"https:\/\/nuevo-renacer.com\/wp-content\/uploads\/2024\/09\/libertad.jpg\" \/>\n\t<meta property=\"og:image:width\" content=\"457\" \/>\n\t<meta property=\"og:image:height\" content=\"360\" \/>\n\t<meta property=\"og:image:type\" content=\"image\/jpeg\" \/>\n<meta name=\"twitter:card\" content=\"summary_large_image\" \/>\n<meta name=\"twitter:label1\" content=\"Gesch\u00e4tzte Lesezeit\" \/>\n\t<meta name=\"twitter:data1\" content=\"3\u00a0Minuten\" \/>\n<script type=\"application\/ld+json\" class=\"yoast-schema-graph\">{\"@context\":\"https:\/\/schema.org\",\"@graph\":[{\"@type\":\"WebPage\",\"@id\":\"https:\/\/nuevo-renacer.com\/deber-y-libertad\/\",\"url\":\"https:\/\/nuevo-renacer.com\/deber-y-libertad\/\",\"name\":\"Deber y Libertad - Uni\u00f3n Esp\u00edrita\",\"isPartOf\":{\"@id\":\"https:\/\/nuevo-renacer.com\/#website\"},\"primaryImageOfPage\":{\"@id\":\"https:\/\/nuevo-renacer.com\/deber-y-libertad\/#primaryimage\"},\"image\":{\"@id\":\"https:\/\/nuevo-renacer.com\/deber-y-libertad\/#primaryimage\"},\"thumbnailUrl\":\"https:\/\/nuevo-renacer.com\/wp-content\/uploads\/2024\/09\/libertad.jpg\",\"datePublished\":\"2024-09-09T11:47:16+00:00\",\"dateModified\":\"2024-09-10T07:09:33+00:00\",\"breadcrumb\":{\"@id\":\"https:\/\/nuevo-renacer.com\/deber-y-libertad\/#breadcrumb\"},\"inLanguage\":\"de\",\"potentialAction\":[{\"@type\":\"ReadAction\",\"target\":[\"https:\/\/nuevo-renacer.com\/deber-y-libertad\/\"]}]},{\"@type\":\"ImageObject\",\"inLanguage\":\"de\",\"@id\":\"https:\/\/nuevo-renacer.com\/deber-y-libertad\/#primaryimage\",\"url\":\"https:\/\/nuevo-renacer.com\/wp-content\/uploads\/2024\/09\/libertad.jpg\",\"contentUrl\":\"https:\/\/nuevo-renacer.com\/wp-content\/uploads\/2024\/09\/libertad.jpg\",\"width\":457,\"height\":360},{\"@type\":\"BreadcrumbList\",\"@id\":\"https:\/\/nuevo-renacer.com\/deber-y-libertad\/#breadcrumb\",\"itemListElement\":[{\"@type\":\"ListItem\",\"position\":1,\"name\":\"Startseite\",\"item\":\"https:\/\/nuevo-renacer.com\/\"},{\"@type\":\"ListItem\",\"position\":2,\"name\":\"Deber y Libertad\"}]},{\"@type\":\"WebSite\",\"@id\":\"https:\/\/nuevo-renacer.com\/#website\",\"url\":\"https:\/\/nuevo-renacer.com\/\",\"name\":\"Uni\u00f3n Esp\u00edrita\",\"description\":\"Nuevo Renacer\",\"publisher\":{\"@id\":\"https:\/\/nuevo-renacer.com\/#organization\"},\"potentialAction\":[{\"@type\":\"SearchAction\",\"target\":{\"@type\":\"EntryPoint\",\"urlTemplate\":\"https:\/\/nuevo-renacer.com\/?s={search_term_string}\"},\"query-input\":{\"@type\":\"PropertyValueSpecification\",\"valueRequired\":true,\"valueName\":\"search_term_string\"}}],\"inLanguage\":\"de\"},{\"@type\":\"Organization\",\"@id\":\"https:\/\/nuevo-renacer.com\/#organization\",\"name\":\"UFEC\",\"url\":\"https:\/\/nuevo-renacer.com\/\",\"logo\":{\"@type\":\"ImageObject\",\"inLanguage\":\"de\",\"@id\":\"https:\/\/nuevo-renacer.com\/#\/schema\/logo\/image\/\",\"url\":\"https:\/\/nuevo-renacer.com\/wp-content\/uploads\/2024\/05\/cropped-LOGO-TERMINADO1-3-3.png\",\"contentUrl\":\"https:\/\/nuevo-renacer.com\/wp-content\/uploads\/2024\/05\/cropped-LOGO-TERMINADO1-3-3.png\",\"width\":512,\"height\":512,\"caption\":\"UFEC\"},\"image\":{\"@id\":\"https:\/\/nuevo-renacer.com\/#\/schema\/logo\/image\/\"},\"sameAs\":[\"https:\/\/www.facebook.com\/groups\/3431398063740829\"]}]}<\/script>\n<!-- \/ Yoast SEO Premium plugin. -->","yoast_head_json":{"title":"Deber y Libertad - Uni\u00f3n Esp\u00edrita","robots":{"index":"index","follow":"follow","max-snippet":"max-snippet:-1","max-image-preview":"max-image-preview:large","max-video-preview":"max-video-preview:-1"},"canonical":"https:\/\/nuevo-renacer.com\/de\/deber-y-libertad\/","og_locale":"de_DE","og_type":"article","og_title":"Deber y Libertad","og_description":"Deber y Libertad \u00bfQu\u00e9 hombre, en las horas de silencio y de recogimiento, jam\u00e1s interrog\u00f3 la naturaleza y su propio coraz\u00f3n, pidi\u00e9ndoles el secreto de las cosas, el por qu\u00e9 de la vida, la raz\u00f3n de ser del universo? \u00bfD\u00f3nde est\u00e1 el que jam\u00e1s procur\u00f3 conocer su destino, levantar el velo de la muerte, saber [&hellip;]","og_url":"https:\/\/nuevo-renacer.com\/de\/deber-y-libertad\/","og_site_name":"Uni\u00f3n Esp\u00edrita","article_publisher":"https:\/\/www.facebook.com\/groups\/3431398063740829","article_modified_time":"2024-09-10T07:09:33+00:00","og_image":[{"width":457,"height":360,"url":"https:\/\/nuevo-renacer.com\/wp-content\/uploads\/2024\/09\/libertad.jpg","type":"image\/jpeg"}],"twitter_card":"summary_large_image","twitter_misc":{"Gesch\u00e4tzte Lesezeit":"3\u00a0Minuten"},"schema":{"@context":"https:\/\/schema.org","@graph":[{"@type":"WebPage","@id":"https:\/\/nuevo-renacer.com\/deber-y-libertad\/","url":"https:\/\/nuevo-renacer.com\/deber-y-libertad\/","name":"Deber y Libertad - Uni\u00f3n Esp\u00edrita","isPartOf":{"@id":"https:\/\/nuevo-renacer.com\/#website"},"primaryImageOfPage":{"@id":"https:\/\/nuevo-renacer.com\/deber-y-libertad\/#primaryimage"},"image":{"@id":"https:\/\/nuevo-renacer.com\/deber-y-libertad\/#primaryimage"},"thumbnailUrl":"https:\/\/nuevo-renacer.com\/wp-content\/uploads\/2024\/09\/libertad.jpg","datePublished":"2024-09-09T11:47:16+00:00","dateModified":"2024-09-10T07:09:33+00:00","breadcrumb":{"@id":"https:\/\/nuevo-renacer.com\/deber-y-libertad\/#breadcrumb"},"inLanguage":"de","potentialAction":[{"@type":"ReadAction","target":["https:\/\/nuevo-renacer.com\/deber-y-libertad\/"]}]},{"@type":"ImageObject","inLanguage":"de","@id":"https:\/\/nuevo-renacer.com\/deber-y-libertad\/#primaryimage","url":"https:\/\/nuevo-renacer.com\/wp-content\/uploads\/2024\/09\/libertad.jpg","contentUrl":"https:\/\/nuevo-renacer.com\/wp-content\/uploads\/2024\/09\/libertad.jpg","width":457,"height":360},{"@type":"BreadcrumbList","@id":"https:\/\/nuevo-renacer.com\/deber-y-libertad\/#breadcrumb","itemListElement":[{"@type":"ListItem","position":1,"name":"Startseite","item":"https:\/\/nuevo-renacer.com\/"},{"@type":"ListItem","position":2,"name":"Deber y Libertad"}]},{"@type":"WebSite","@id":"https:\/\/nuevo-renacer.com\/#website","url":"https:\/\/nuevo-renacer.com\/","name":"Uni\u00f3n Esp\u00edrita","description":"Nuevo Renacer","publisher":{"@id":"https:\/\/nuevo-renacer.com\/#organization"},"potentialAction":[{"@type":"SearchAction","target":{"@type":"EntryPoint","urlTemplate":"https:\/\/nuevo-renacer.com\/?s={search_term_string}"},"query-input":{"@type":"PropertyValueSpecification","valueRequired":true,"valueName":"search_term_string"}}],"inLanguage":"de"},{"@type":"Organization","@id":"https:\/\/nuevo-renacer.com\/#organization","name":"UFEC","url":"https:\/\/nuevo-renacer.com\/","logo":{"@type":"ImageObject","inLanguage":"de","@id":"https:\/\/nuevo-renacer.com\/#\/schema\/logo\/image\/","url":"https:\/\/nuevo-renacer.com\/wp-content\/uploads\/2024\/05\/cropped-LOGO-TERMINADO1-3-3.png","contentUrl":"https:\/\/nuevo-renacer.com\/wp-content\/uploads\/2024\/05\/cropped-LOGO-TERMINADO1-3-3.png","width":512,"height":512,"caption":"UFEC"},"image":{"@id":"https:\/\/nuevo-renacer.com\/#\/schema\/logo\/image\/"},"sameAs":["https:\/\/www.facebook.com\/groups\/3431398063740829"]}]}},"uagb_featured_image_src":{"full":["https:\/\/nuevo-renacer.com\/wp-content\/uploads\/2024\/09\/libertad.jpg",457,360,false],"thumbnail":["https:\/\/nuevo-renacer.com\/wp-content\/uploads\/2024\/09\/libertad-150x150.jpg",150,150,true],"medium":["https:\/\/nuevo-renacer.com\/wp-content\/uploads\/2024\/09\/libertad-300x236.jpg",300,236,true],"medium_large":["https:\/\/nuevo-renacer.com\/wp-content\/uploads\/2024\/09\/libertad.jpg",457,360,false],"large":["https:\/\/nuevo-renacer.com\/wp-content\/uploads\/2024\/09\/libertad.jpg",457,360,false],"1536x1536":["https:\/\/nuevo-renacer.com\/wp-content\/uploads\/2024\/09\/libertad.jpg",457,360,false],"2048x2048":["https:\/\/nuevo-renacer.com\/wp-content\/uploads\/2024\/09\/libertad.jpg",457,360,false],"trp-custom-language-flag":["https:\/\/nuevo-renacer.com\/wp-content\/uploads\/2024\/09\/libertad-15x12.jpg",15,12,true]},"uagb_author_info":{"display_name":"adbv0","author_link":"https:\/\/nuevo-renacer.com\/de\/author\/adbv0\/"},"uagb_comment_info":0,"uagb_excerpt":"Deber y Libertad \u00bfQu\u00e9 hombre, en las horas de silencio y de recogimiento, jam\u00e1s interrog\u00f3 la naturaleza y su propio coraz\u00f3n, pidi\u00e9ndoles el secreto de las cosas, el por qu\u00e9 de la vida, la raz\u00f3n de ser del universo? \u00bfD\u00f3nde est\u00e1 el que jam\u00e1s procur\u00f3 conocer su destino, levantar el velo de la muerte, saber&hellip;","jetpack_sharing_enabled":true,"_links":{"self":[{"href":"https:\/\/nuevo-renacer.com\/de\/wp-json\/wp\/v2\/pages\/4555","targetHints":{"allow":["GET"]}}],"collection":[{"href":"https:\/\/nuevo-renacer.com\/de\/wp-json\/wp\/v2\/pages"}],"about":[{"href":"https:\/\/nuevo-renacer.com\/de\/wp-json\/wp\/v2\/types\/page"}],"author":[{"embeddable":true,"href":"https:\/\/nuevo-renacer.com\/de\/wp-json\/wp\/v2\/users\/1"}],"replies":[{"embeddable":true,"href":"https:\/\/nuevo-renacer.com\/de\/wp-json\/wp\/v2\/comments?post=4555"}],"version-history":[{"count":3,"href":"https:\/\/nuevo-renacer.com\/de\/wp-json\/wp\/v2\/pages\/4555\/revisions"}],"predecessor-version":[{"id":4563,"href":"https:\/\/nuevo-renacer.com\/de\/wp-json\/wp\/v2\/pages\/4555\/revisions\/4563"}],"wp:featuredmedia":[{"embeddable":true,"href":"https:\/\/nuevo-renacer.com\/de\/wp-json\/wp\/v2\/media\/4559"}],"wp:attachment":[{"href":"https:\/\/nuevo-renacer.com\/de\/wp-json\/wp\/v2\/media?parent=4555"}],"curies":[{"name":"wp","href":"https:\/\/api.w.org\/{rel}","templated":true}]}}