{"id":4533,"date":"2024-09-09T07:29:24","date_gmt":"2024-09-09T07:29:24","guid":{"rendered":"https:\/\/nuevo-renacer.com\/?page_id=4533"},"modified":"2024-09-09T07:38:58","modified_gmt":"2024-09-09T07:38:58","slug":"el-estudio","status":"publish","type":"page","link":"https:\/\/nuevo-renacer.com\/de\/el-estudio\/","title":{"rendered":"Das Studium"},"content":{"rendered":"<div class=\"wp-block-uagb-container uagb-block-38497a20 alignfull uagb-is-root-container\"><div class=\"uagb-container-inner-blocks-wrap\">\n<p class=\"has-black-color has-text-color has-link-color has-medium-font-size wp-elements-7554635a50b559d8314c1df36ebfaa64\"><strong>Das Studium<\/strong><\/p>\n<\/div><\/div>\n\n\n\n<div class=\"wp-block-uagb-container uagb-block-6ddcad16 alignfull uagb-is-root-container\"><div class=\"uagb-container-inner-blocks-wrap\">\n<figure class=\"wp-block-image size-large is-resized\"><img fetchpriority=\"high\" decoding=\"async\" width=\"1024\" height=\"640\" src=\"https:\/\/nuevo-renacer.com\/wp-content\/uploads\/2024\/09\/library-background-esjemhvm11615163-1024x640.jpg\" alt=\"\" class=\"wp-image-4535\" style=\"width:416px;height:auto\" srcset=\"https:\/\/nuevo-renacer.com\/wp-content\/uploads\/2024\/09\/library-background-esjemhvm11615163-1024x640.jpg 1024w, https:\/\/nuevo-renacer.com\/wp-content\/uploads\/2024\/09\/library-background-esjemhvm11615163-300x188.jpg 300w, https:\/\/nuevo-renacer.com\/wp-content\/uploads\/2024\/09\/library-background-esjemhvm11615163-768x480.jpg 768w, https:\/\/nuevo-renacer.com\/wp-content\/uploads\/2024\/09\/library-background-esjemhvm11615163-1536x960.jpg 1536w, https:\/\/nuevo-renacer.com\/wp-content\/uploads\/2024\/09\/library-background-esjemhvm11615163-18x12.jpg 18w, https:\/\/nuevo-renacer.com\/wp-content\/uploads\/2024\/09\/library-background-esjemhvm11615163.jpg 1920w\" sizes=\"(max-width: 1024px) 100vw, 1024px\" \/><\/figure>\n<\/div><\/div>\n\n\n\n<div class=\"wp-block-uagb-container uagb-block-8518334d alignfull uagb-is-root-container\"><div class=\"uagb-container-inner-blocks-wrap\">\n<p class=\"has-black-color has-text-color has-link-color has-small-font-size wp-elements-d7c1908c8d4195e9c22faf4d131bb6c5\">Das Studium ist die Quelle s\u00fc\u00dfer und edler Freuden; es befreit uns von vulg\u00e4ren Sorgen und l\u00e4sst uns die \u00dcbel des Lebens vergessen. Das Buch ist ein aufrichtiger Freund, der unseren gl\u00fccklichen wie ungl\u00fccklichen Tagen ein gutes Gesicht gibt. Wir sprechen von einem ernsthaften, n\u00fctzlichen Buch, das belehrt, tr\u00f6stet und aufmuntert, und nicht von einem frivolen Buch, das ablenkt und nur allzu oft demoralisiert. Der wahre Charakter des guten Buches ist nicht gen\u00fcgend durchdrungen. Es ist wie eine Stimme, die durch die Zeit hindurch zu uns spricht und uns von den M\u00fchen, K\u00e4mpfen und Entdeckungen derer erz\u00e4hlt, die vor uns auf dem Weg des Lebens gegangen sind und die zu unserem Nutzen ihre rauen Kanten gegl\u00e4ttet haben.<\/p>\n\n\n\n<p class=\"has-black-color has-text-color has-link-color has-small-font-size wp-elements-b5f90cf89297cf34ed6bdf6ccbf87c17\">Ist es nicht eine der seltenen Freuden dieser Welt, mit den gro\u00dfen Geistern aller Jahrhunderte und aller L\u00e4nder durch Gedanken kommunizieren zu k\u00f6nnen? Sie haben in ihre B\u00fccher das Beste ihres Geistes und ihres Herzens hineingelegt. Sie f\u00fchren uns an der Hand durch die Labyrinthe der Geschichte, sie f\u00fchren uns in die erhabenen Regionen der Wissenschaft, der Kunst und der Literatur. Im Kontakt mit diesen Werken, die das kostbarste Gut der Menschheit darstellen, f\u00fchlen wir uns durch die Zusammenstellung dieser heiligen Archive erweitert, wir halten uns f\u00fcr zufrieden, zu den V\u00f6lkern zu geh\u00f6ren, die uns mit solchen Genies versorgen. Der Glanz ihres Denkens breitet sich \u00fcber unsere Seelen aus, tr\u00f6stet und erhebt sie.<\/p>\n\n\n\n<p class=\"has-black-color has-text-color has-link-color has-small-font-size wp-elements-5e32b2d484802033ff2fda7e90aba0f4\">Lasst uns wissen, wie man gute B\u00fccher ausw\u00e4hlt, und gew\u00f6hnen wir uns daran, unter ihnen zu leben, in st\u00e4ndiger Verbindung mit den auserw\u00e4hlten Geistern. Lasst uns unreine B\u00fccher, die geschrieben wurden, um den niederen Leidenschaften zu schmeicheln, sorgf\u00e4ltig zur\u00fcckweisen. H\u00fcten wir uns vor jener losen Literatur, der Frucht der Sinnlichkeit, die Verderbnis und Unmoral hinterl\u00e4sst.<\/p>\n\n\n\n<p class=\"has-black-color has-text-color has-link-color has-small-font-size wp-elements-6608da576fffec03148fdd83a945d4e4\">Die meisten Menschen geben vor, das Studium zu lieben, und wenden ein, dass ihnen die Zeit dazu fehle. Doch viele von ihnen verbringen ganze Abende mit Gl\u00fccksspielen und m\u00fc\u00dfigen Gespr\u00e4chen. Es wird auch behauptet, dass B\u00fccher teuer sind, wenn mehr Geld f\u00fcr sinnlose und geschmacklose Vergn\u00fcgungen ausgegeben wird, als f\u00fcr den Erwerb einer reichen Sammlung von Werken notwendig w\u00e4re. Au\u00dferdem kostet das Studium der Natur, das wirksamste und tr\u00f6stlichste von allen, nichts.<\/p>\n\n\n\n<p class=\"has-black-color has-text-color has-link-color has-small-font-size wp-elements-3d4c40f863f6cbd6dd3684968bd35a63\">Die menschliche Wissenschaft ist fehlbar und variabel. Die Natur ist es nicht. Sie widerlegt sich nie selbst. In den Stunden der Ungewissheit und Entmutigung k\u00f6nnen wir uns ihr zuwenden, und sie wird uns in ihrem Scho\u00df wiegen. Sie wird zu uns in einer einfachen und sanften Sprache sprechen, in der die Wahrheit ungek\u00fcnstelt und unverf\u00e4lscht erscheint. Aber nur wenige wissen, wie sie diese sanfte Sprache h\u00f6ren und verstehen k\u00f6nnen. Der Mensch tr\u00e4gt selbst in den Tiefen der Einsamkeit seine Leidenschaften und seinen inneren Aufruhr mit sich, deren Ger\u00fcchte die intime Lehre der Natur verbergen. Um die immanente Offenbarung im Herzen der Dinge zu erkennen, ist es notwendig, den Schim\u00e4ren der Welt, den turbulenten Meinungen, die unsere Gesellschaften st\u00f6ren, Schweigen aufzuerlegen; es ist notwendig, sich zu besinnen, Frieden in sich selbst und um sich herum zu schaffen. Dann verstummen alle Echos des \u00f6ffentlichen Lebens; die Seele geht in sich selbst, gewinnt das Gef\u00fchl f\u00fcr die Natur und die ewigen Gesetze zur\u00fcck und kommuniziert mit der h\u00f6chsten Vernunft.<\/p>\n\n\n\n<p class=\"has-black-color has-text-color has-link-color has-small-font-size wp-elements-08e53ea10be1dbe434e400a0cd2b0efc\">Das Studium der irdischen Natur erhebt und st\u00e4rkt das Denken, aber wie steht es mit dem Blick in den Himmel?<\/p>\n\n\n\n<p class=\"has-black-color has-text-color has-link-color has-small-font-size wp-elements-d906ebd92d586f251fc0e62b3e5587ea\">Wenn in der stillen Nacht das Sternengew\u00f6lbe aufleuchtet und die Parade der Sterne beginnt, wenn von den Sternenkernen und von den Nebeln, die sich in den Tiefen des Raumes verlieren, die bebende und zerstreute Klarheit zu uns herabsteigt, dann umgibt uns ein geheimnisvoller Einfluss, ein zutiefst religi\u00f6ses Gef\u00fchl \u00fcberkommt uns. Wie verschwinden in dieser Stunde die eitlen Sorgen; wie dringt die Empfindung des Unermesslichen in uns ein, \u00fcberw\u00e4ltigt uns und l\u00e4sst uns die Knie beugen; welche stille Anbetung steigt aus unseren Herzen auf!<\/p>\n\n\n\n<p class=\"has-black-color has-text-color has-link-color has-small-font-size wp-elements-035c4dc35aa36e228791438051edf9bd\">Die Erde wandert - ein zerbrechliches Schiff - durch die Felder der Unermesslichkeit. Sie wandert, gezogen von der m\u00e4chtigen Sonne. \u00dcberall um sie herum gibt es unermessliche Tiefen, die man nicht ausloten kann, ohne Schwindel zu erleben. \u00dcberall gibt es auch in enormen Entfernungen Welten und noch mehr Welten, schwimmende Inseln, die von den Wellen des \u00c4thers geschaukelt werden. Das Auge weigert sich, sie zu z\u00e4hlen, aber unser Geist betrachtet sie mit Respekt und Liebe. Ihre feinen Strahlen ziehen ihn an. Der riesige Jupiter und du, Saturn, umgeben von einem leuchtenden Band und gekr\u00f6nt von neun goldenen Monden; gigantische Sonnen mit vielgestaltigen Lichtern, unz\u00e4hlige Sph\u00e4ren: wir gr\u00fc\u00dfen dich aus den Tiefen des Raumes... Welten, die \u00fcber unseren K\u00f6pfen leuchten, was verbirgst du?.. Wir m\u00f6chten dich kennenlernen, wissen, welche V\u00f6lker, welche seltsamen St\u00e4dte, welche Zivilisationen sich \u00fcber deine Oberfl\u00e4che erstrecken... Eine geheime Intuition sagt uns, dass in dir das Gl\u00fcck liegt, das man auf der Erde vergeblich sucht.<\/p>\n\n\n\n<p class=\"has-black-color has-text-color has-link-color has-small-font-size wp-elements-08591da34e04cf7334b2c5da8b5911d0\">Aber warum Zweifel und Angst? Diese Welten sind unser Erbe. Wir sind dazu bestimmt, sie zu durchstreifen und zu bewohnen. Wir werden diese stellaren Archipele besuchen und in ihre Geheimnisse eindringen. Unsere Laufbahn, unser Schwung, unser Fortschritt werden niemals enden, wenn wir es verstehen, unseren Willen den g\u00f6ttlichen Gesetzen anzupassen und durch unser Handeln die F\u00fclle des Lebens zu erobern, im Besitz der himmlischen Freuden, die ihm innewohnen.<\/p>\n\n\n\n<p class=\"has-small-font-size\"><em><strong>Le\u00f3n Denis <\/strong>\u2013 Der gerade Weg<\/em> \u2503 <em>Spiritistische Auffassung des moralischen Gesetzes<\/em><\/p>\n<\/div><\/div>","protected":false},"excerpt":{"rendered":"<p>El Estudio El estudio es la fuente de dulces y nobles goces; nos libera de las preocupaciones vulgares y nos hace olvidar los males de la vida. El libro es un amigo sincero que nos pone buena cara lo mismo en los d\u00edas felices que en los de mala fortuna. Hablamos del libro serio, \u00fatil, [&hellip;]<\/p>","protected":false},"author":1,"featured_media":4535,"parent":0,"menu_order":0,"comment_status":"closed","ping_status":"closed","template":"","meta":{"_uag_custom_page_level_css":"","site-sidebar-layout":"default","site-content-layout":"","ast-site-content-layout":"default","site-content-style":"default","site-sidebar-style":"default","ast-global-header-display":"","ast-banner-title-visibility":"","ast-main-header-display":"","ast-hfb-above-header-display":"","ast-hfb-below-header-display":"","ast-hfb-mobile-header-display":"","site-post-title":"","ast-breadcrumbs-content":"","ast-featured-img":"","footer-sml-layout":"","theme-transparent-header-meta":"","adv-header-id-meta":"","stick-header-meta":"","header-above-stick-meta":"","header-main-stick-meta":"","header-below-stick-meta":"","astra-migrate-meta-layouts":"set","ast-page-background-enabled":"default","ast-page-background-meta":{"desktop":{"background-color":"var(--ast-global-color-4)","background-image":"","background-repeat":"repeat","background-position":"center center","background-size":"auto","background-attachment":"scroll","background-type":"","background-media":"","overlay-type":"","overlay-color":"","overlay-opacity":"","overlay-gradient":""},"tablet":{"background-color":"","background-image":"","background-repeat":"repeat","background-position":"center center","background-size":"auto","background-attachment":"scroll","background-type":"","background-media":"","overlay-type":"","overlay-color":"","overlay-opacity":"","overlay-gradient":""},"mobile":{"background-color":"","background-image":"","background-repeat":"repeat","background-position":"center center","background-size":"auto","background-attachment":"scroll","background-type":"","background-media":"","overlay-type":"","overlay-color":"","overlay-opacity":"","overlay-gradient":""}},"ast-content-background-meta":{"desktop":{"background-color":"var(--ast-global-color-5)","background-image":"","background-repeat":"repeat","background-position":"center center","background-size":"auto","background-attachment":"scroll","background-type":"","background-media":"","overlay-type":"","overlay-color":"","overlay-opacity":"","overlay-gradient":""},"tablet":{"background-color":"var(--ast-global-color-5)","background-image":"","background-repeat":"repeat","background-position":"center center","background-size":"auto","background-attachment":"scroll","background-type":"","background-media":"","overlay-type":"","overlay-color":"","overlay-opacity":"","overlay-gradient":""},"mobile":{"background-color":"var(--ast-global-color-5)","background-image":"","background-repeat":"repeat","background-position":"center center","background-size":"auto","background-attachment":"scroll","background-type":"","background-media":"","overlay-type":"","overlay-color":"","overlay-opacity":"","overlay-gradient":""}},"footnotes":""},"class_list":["post-4533","page","type-page","status-publish","has-post-thumbnail","hentry"],"yoast_head":"<!-- This site is optimized with the Yoast SEO Premium plugin v24.2 (Yoast SEO v24.6) - https:\/\/yoast.com\/wordpress\/plugins\/seo\/ -->\n<title>El Estudio - Uni\u00f3n Esp\u00edrita<\/title>\n<meta name=\"robots\" content=\"index, follow, max-snippet:-1, max-image-preview:large, max-video-preview:-1\" \/>\n<link rel=\"canonical\" href=\"https:\/\/nuevo-renacer.com\/de\/el-estudio\/\" \/>\n<meta property=\"og:locale\" content=\"de_DE\" \/>\n<meta property=\"og:type\" content=\"article\" \/>\n<meta property=\"og:title\" content=\"El Estudio\" \/>\n<meta property=\"og:description\" content=\"El Estudio El estudio es la fuente de dulces y nobles goces; nos libera de las preocupaciones vulgares y nos hace olvidar los males de la vida. El libro es un amigo sincero que nos pone buena cara lo mismo en los d\u00edas felices que en los de mala fortuna. Hablamos del libro serio, \u00fatil, [&hellip;]\" \/>\n<meta property=\"og:url\" content=\"https:\/\/nuevo-renacer.com\/de\/el-estudio\/\" \/>\n<meta property=\"og:site_name\" content=\"Uni\u00f3n Esp\u00edrita\" \/>\n<meta property=\"article:publisher\" content=\"https:\/\/www.facebook.com\/groups\/3431398063740829\" \/>\n<meta property=\"article:modified_time\" content=\"2024-09-09T07:38:58+00:00\" \/>\n<meta property=\"og:image\" content=\"https:\/\/nuevo-renacer.com\/wp-content\/uploads\/2024\/09\/library-background-esjemhvm11615163.jpg\" \/>\n\t<meta property=\"og:image:width\" content=\"1920\" \/>\n\t<meta property=\"og:image:height\" content=\"1200\" \/>\n\t<meta property=\"og:image:type\" content=\"image\/jpeg\" \/>\n<meta name=\"twitter:card\" content=\"summary_large_image\" \/>\n<meta name=\"twitter:label1\" content=\"Gesch\u00e4tzte Lesezeit\" \/>\n\t<meta name=\"twitter:data1\" content=\"5\u00a0Minuten\" \/>\n<script type=\"application\/ld+json\" class=\"yoast-schema-graph\">{\"@context\":\"https:\/\/schema.org\",\"@graph\":[{\"@type\":\"WebPage\",\"@id\":\"https:\/\/nuevo-renacer.com\/el-estudio\/\",\"url\":\"https:\/\/nuevo-renacer.com\/el-estudio\/\",\"name\":\"El Estudio - Uni\u00f3n Esp\u00edrita\",\"isPartOf\":{\"@id\":\"https:\/\/nuevo-renacer.com\/#website\"},\"primaryImageOfPage\":{\"@id\":\"https:\/\/nuevo-renacer.com\/el-estudio\/#primaryimage\"},\"image\":{\"@id\":\"https:\/\/nuevo-renacer.com\/el-estudio\/#primaryimage\"},\"thumbnailUrl\":\"https:\/\/nuevo-renacer.com\/wp-content\/uploads\/2024\/09\/library-background-esjemhvm11615163.jpg\",\"datePublished\":\"2024-09-09T07:29:24+00:00\",\"dateModified\":\"2024-09-09T07:38:58+00:00\",\"breadcrumb\":{\"@id\":\"https:\/\/nuevo-renacer.com\/el-estudio\/#breadcrumb\"},\"inLanguage\":\"de\",\"potentialAction\":[{\"@type\":\"ReadAction\",\"target\":[\"https:\/\/nuevo-renacer.com\/el-estudio\/\"]}]},{\"@type\":\"ImageObject\",\"inLanguage\":\"de\",\"@id\":\"https:\/\/nuevo-renacer.com\/el-estudio\/#primaryimage\",\"url\":\"https:\/\/nuevo-renacer.com\/wp-content\/uploads\/2024\/09\/library-background-esjemhvm11615163.jpg\",\"contentUrl\":\"https:\/\/nuevo-renacer.com\/wp-content\/uploads\/2024\/09\/library-background-esjemhvm11615163.jpg\",\"width\":1920,\"height\":1200},{\"@type\":\"BreadcrumbList\",\"@id\":\"https:\/\/nuevo-renacer.com\/el-estudio\/#breadcrumb\",\"itemListElement\":[{\"@type\":\"ListItem\",\"position\":1,\"name\":\"Startseite\",\"item\":\"https:\/\/nuevo-renacer.com\/\"},{\"@type\":\"ListItem\",\"position\":2,\"name\":\"El Estudio\"}]},{\"@type\":\"WebSite\",\"@id\":\"https:\/\/nuevo-renacer.com\/#website\",\"url\":\"https:\/\/nuevo-renacer.com\/\",\"name\":\"Uni\u00f3n Esp\u00edrita\",\"description\":\"Nuevo Renacer\",\"publisher\":{\"@id\":\"https:\/\/nuevo-renacer.com\/#organization\"},\"potentialAction\":[{\"@type\":\"SearchAction\",\"target\":{\"@type\":\"EntryPoint\",\"urlTemplate\":\"https:\/\/nuevo-renacer.com\/?s={search_term_string}\"},\"query-input\":{\"@type\":\"PropertyValueSpecification\",\"valueRequired\":true,\"valueName\":\"search_term_string\"}}],\"inLanguage\":\"de\"},{\"@type\":\"Organization\",\"@id\":\"https:\/\/nuevo-renacer.com\/#organization\",\"name\":\"UFEC\",\"url\":\"https:\/\/nuevo-renacer.com\/\",\"logo\":{\"@type\":\"ImageObject\",\"inLanguage\":\"de\",\"@id\":\"https:\/\/nuevo-renacer.com\/#\/schema\/logo\/image\/\",\"url\":\"https:\/\/nuevo-renacer.com\/wp-content\/uploads\/2024\/05\/cropped-LOGO-TERMINADO1-3-3.png\",\"contentUrl\":\"https:\/\/nuevo-renacer.com\/wp-content\/uploads\/2024\/05\/cropped-LOGO-TERMINADO1-3-3.png\",\"width\":512,\"height\":512,\"caption\":\"UFEC\"},\"image\":{\"@id\":\"https:\/\/nuevo-renacer.com\/#\/schema\/logo\/image\/\"},\"sameAs\":[\"https:\/\/www.facebook.com\/groups\/3431398063740829\"]}]}<\/script>\n<!-- \/ Yoast SEO Premium plugin. -->","yoast_head_json":{"title":"El Estudio - Uni\u00f3n Esp\u00edrita","robots":{"index":"index","follow":"follow","max-snippet":"max-snippet:-1","max-image-preview":"max-image-preview:large","max-video-preview":"max-video-preview:-1"},"canonical":"https:\/\/nuevo-renacer.com\/de\/el-estudio\/","og_locale":"de_DE","og_type":"article","og_title":"El Estudio","og_description":"El Estudio El estudio es la fuente de dulces y nobles goces; nos libera de las preocupaciones vulgares y nos hace olvidar los males de la vida. El libro es un amigo sincero que nos pone buena cara lo mismo en los d\u00edas felices que en los de mala fortuna. Hablamos del libro serio, \u00fatil, [&hellip;]","og_url":"https:\/\/nuevo-renacer.com\/de\/el-estudio\/","og_site_name":"Uni\u00f3n Esp\u00edrita","article_publisher":"https:\/\/www.facebook.com\/groups\/3431398063740829","article_modified_time":"2024-09-09T07:38:58+00:00","og_image":[{"width":1920,"height":1200,"url":"https:\/\/nuevo-renacer.com\/wp-content\/uploads\/2024\/09\/library-background-esjemhvm11615163.jpg","type":"image\/jpeg"}],"twitter_card":"summary_large_image","twitter_misc":{"Gesch\u00e4tzte Lesezeit":"5\u00a0Minuten"},"schema":{"@context":"https:\/\/schema.org","@graph":[{"@type":"WebPage","@id":"https:\/\/nuevo-renacer.com\/el-estudio\/","url":"https:\/\/nuevo-renacer.com\/el-estudio\/","name":"El Estudio - Uni\u00f3n Esp\u00edrita","isPartOf":{"@id":"https:\/\/nuevo-renacer.com\/#website"},"primaryImageOfPage":{"@id":"https:\/\/nuevo-renacer.com\/el-estudio\/#primaryimage"},"image":{"@id":"https:\/\/nuevo-renacer.com\/el-estudio\/#primaryimage"},"thumbnailUrl":"https:\/\/nuevo-renacer.com\/wp-content\/uploads\/2024\/09\/library-background-esjemhvm11615163.jpg","datePublished":"2024-09-09T07:29:24+00:00","dateModified":"2024-09-09T07:38:58+00:00","breadcrumb":{"@id":"https:\/\/nuevo-renacer.com\/el-estudio\/#breadcrumb"},"inLanguage":"de","potentialAction":[{"@type":"ReadAction","target":["https:\/\/nuevo-renacer.com\/el-estudio\/"]}]},{"@type":"ImageObject","inLanguage":"de","@id":"https:\/\/nuevo-renacer.com\/el-estudio\/#primaryimage","url":"https:\/\/nuevo-renacer.com\/wp-content\/uploads\/2024\/09\/library-background-esjemhvm11615163.jpg","contentUrl":"https:\/\/nuevo-renacer.com\/wp-content\/uploads\/2024\/09\/library-background-esjemhvm11615163.jpg","width":1920,"height":1200},{"@type":"BreadcrumbList","@id":"https:\/\/nuevo-renacer.com\/el-estudio\/#breadcrumb","itemListElement":[{"@type":"ListItem","position":1,"name":"Startseite","item":"https:\/\/nuevo-renacer.com\/"},{"@type":"ListItem","position":2,"name":"El Estudio"}]},{"@type":"WebSite","@id":"https:\/\/nuevo-renacer.com\/#website","url":"https:\/\/nuevo-renacer.com\/","name":"Uni\u00f3n Esp\u00edrita","description":"Nuevo Renacer","publisher":{"@id":"https:\/\/nuevo-renacer.com\/#organization"},"potentialAction":[{"@type":"SearchAction","target":{"@type":"EntryPoint","urlTemplate":"https:\/\/nuevo-renacer.com\/?s={search_term_string}"},"query-input":{"@type":"PropertyValueSpecification","valueRequired":true,"valueName":"search_term_string"}}],"inLanguage":"de"},{"@type":"Organization","@id":"https:\/\/nuevo-renacer.com\/#organization","name":"UFEC","url":"https:\/\/nuevo-renacer.com\/","logo":{"@type":"ImageObject","inLanguage":"de","@id":"https:\/\/nuevo-renacer.com\/#\/schema\/logo\/image\/","url":"https:\/\/nuevo-renacer.com\/wp-content\/uploads\/2024\/05\/cropped-LOGO-TERMINADO1-3-3.png","contentUrl":"https:\/\/nuevo-renacer.com\/wp-content\/uploads\/2024\/05\/cropped-LOGO-TERMINADO1-3-3.png","width":512,"height":512,"caption":"UFEC"},"image":{"@id":"https:\/\/nuevo-renacer.com\/#\/schema\/logo\/image\/"},"sameAs":["https:\/\/www.facebook.com\/groups\/3431398063740829"]}]}},"uagb_featured_image_src":{"full":["https:\/\/nuevo-renacer.com\/wp-content\/uploads\/2024\/09\/library-background-esjemhvm11615163.jpg",1920,1200,false],"thumbnail":["https:\/\/nuevo-renacer.com\/wp-content\/uploads\/2024\/09\/library-background-esjemhvm11615163-150x150.jpg",150,150,true],"medium":["https:\/\/nuevo-renacer.com\/wp-content\/uploads\/2024\/09\/library-background-esjemhvm11615163-300x188.jpg",300,188,true],"medium_large":["https:\/\/nuevo-renacer.com\/wp-content\/uploads\/2024\/09\/library-background-esjemhvm11615163-768x480.jpg",768,480,true],"large":["https:\/\/nuevo-renacer.com\/wp-content\/uploads\/2024\/09\/library-background-esjemhvm11615163-1024x640.jpg",1024,640,true],"1536x1536":["https:\/\/nuevo-renacer.com\/wp-content\/uploads\/2024\/09\/library-background-esjemhvm11615163-1536x960.jpg",1536,960,true],"2048x2048":["https:\/\/nuevo-renacer.com\/wp-content\/uploads\/2024\/09\/library-background-esjemhvm11615163.jpg",1920,1200,false],"trp-custom-language-flag":["https:\/\/nuevo-renacer.com\/wp-content\/uploads\/2024\/09\/library-background-esjemhvm11615163-18x12.jpg",18,12,true]},"uagb_author_info":{"display_name":"adbv0","author_link":"https:\/\/nuevo-renacer.com\/de\/author\/adbv0\/"},"uagb_comment_info":0,"uagb_excerpt":"El Estudio El estudio es la fuente de dulces y nobles goces; nos libera de las preocupaciones vulgares y nos hace olvidar los males de la vida. El libro es un amigo sincero que nos pone buena cara lo mismo en los d\u00edas felices que en los de mala fortuna. Hablamos del libro serio, \u00fatil,&hellip;","jetpack_sharing_enabled":true,"_links":{"self":[{"href":"https:\/\/nuevo-renacer.com\/de\/wp-json\/wp\/v2\/pages\/4533","targetHints":{"allow":["GET"]}}],"collection":[{"href":"https:\/\/nuevo-renacer.com\/de\/wp-json\/wp\/v2\/pages"}],"about":[{"href":"https:\/\/nuevo-renacer.com\/de\/wp-json\/wp\/v2\/types\/page"}],"author":[{"embeddable":true,"href":"https:\/\/nuevo-renacer.com\/de\/wp-json\/wp\/v2\/users\/1"}],"replies":[{"embeddable":true,"href":"https:\/\/nuevo-renacer.com\/de\/wp-json\/wp\/v2\/comments?post=4533"}],"version-history":[{"count":4,"href":"https:\/\/nuevo-renacer.com\/de\/wp-json\/wp\/v2\/pages\/4533\/revisions"}],"predecessor-version":[{"id":4539,"href":"https:\/\/nuevo-renacer.com\/de\/wp-json\/wp\/v2\/pages\/4533\/revisions\/4539"}],"wp:featuredmedia":[{"embeddable":true,"href":"https:\/\/nuevo-renacer.com\/de\/wp-json\/wp\/v2\/media\/4535"}],"wp:attachment":[{"href":"https:\/\/nuevo-renacer.com\/de\/wp-json\/wp\/v2\/media?parent=4533"}],"curies":[{"name":"wp","href":"https:\/\/api.w.org\/{rel}","templated":true}]}}