{"id":4523,"date":"2024-09-05T12:48:38","date_gmt":"2024-09-05T12:48:38","guid":{"rendered":"https:\/\/nuevo-renacer.com\/?page_id=4523"},"modified":"2024-09-05T12:57:05","modified_gmt":"2024-09-05T12:57:05","slug":"trabajo-sobriedad-y-continencia","status":"publish","type":"page","link":"https:\/\/nuevo-renacer.com\/de\/trabajo-sobriedad-y-continencia\/","title":{"rendered":"Arbeit, N\u00fcchternheit und Enthaltsamkeit"},"content":{"rendered":"<div class=\"wp-block-uagb-container uagb-block-88d36742 alignfull uagb-is-root-container\"><div class=\"uagb-container-inner-blocks-wrap\">\n<p class=\"has-black-color has-text-color has-link-color has-medium-font-size wp-elements-b2156cdbd19688c48124ff74debdfa4c\"><strong>Arbeit, N\u00fcchternheit und Enthaltsamkeit<\/strong><\/p>\n<\/div><\/div>\n\n\n\n<div class=\"wp-block-uagb-container uagb-block-2b105c69 alignfull uagb-is-root-container\"><div class=\"uagb-container-inner-blocks-wrap\">\n<figure class=\"wp-block-image size-full is-resized\"><img fetchpriority=\"high\" decoding=\"async\" width=\"626\" height=\"417\" src=\"https:\/\/nuevo-renacer.com\/wp-content\/uploads\/2024\/09\/hombre-campesino-ropa-trabajo-campo_1009902-21237.avif\" alt=\"\" class=\"wp-image-4525\" style=\"width:483px;height:auto\"\/><\/figure>\n<\/div><\/div>\n\n\n\n<div class=\"wp-block-uagb-container uagb-block-f2273af8 alignfull uagb-is-root-container\"><div class=\"uagb-container-inner-blocks-wrap\">\n<p class=\"has-black-color has-text-color has-link-color has-small-font-size wp-elements-478e3c72d64511dd52c48f547cb39bbb\">Arbeit ist ein Gesetz f\u00fcr die planetarischen Humanit\u00e4ten wie f\u00fcr die Gesellschaften des Universums. Vom rudiment\u00e4rsten Wesen bis zu den engelhaften Geistern, die \u00fcber die Geschicke der Welten wachen, nehmen alle an dem gro\u00dfen universellen Konzert teil.<\/p>\n\n\n\n<p class=\"has-black-color has-text-color has-link-color has-small-font-size wp-elements-c9fe8c6b4a4226d0488bbadeca805806\">Die Arbeit, die f\u00fcr niedere Wesen schmerzhaft und grob ist, wird mit zunehmender Verfeinerung des Lebens milder. Sie wird zu einer Quelle des Vergn\u00fcgens f\u00fcr den fortgeschrittenen Geist, der f\u00fcr materielle Reize unempfindlich wird und sich ausschlie\u00dflich mit h\u00f6heren Studien besch\u00e4ftigt.<\/p>\n\n\n\n<p class=\"has-black-color has-text-color has-link-color has-small-font-size wp-elements-9c77e7d6ee3fe1a65652559a517e6ee7\">Durch Arbeit meistert der Mensch die blinden Kr\u00e4fte der Natur und wird aus dem Elend gerettet; durch Arbeit werden Zivilisationen gegr\u00fcndet, und durch Arbeit werden Wohlstand und Wissenschaft verbreitet. Die Arbeit ist die Ehre und die W\u00fcrde des menschlichen Wesens. Der M\u00fc\u00dfigg\u00e4nger, der, ohne etwas zu produzieren, die Arbeit anderer ausnutzt, ist nichts anderes als ein Schmarotzer. Solange der Mensch mit seiner Arbeit besch\u00e4ftigt ist, sind seine Leidenschaften bes\u00e4nftigt. Der M\u00fc\u00dfiggang hingegen setzt sie frei und er\u00f6ffnet ihnen ein weites Bet\u00e4tigungsfeld.<\/p>\n\n\n\n<p class=\"has-black-color has-text-color has-link-color has-small-font-size wp-elements-331045e9d7c291016d3b1e1e3852e9bb\">Die Arbeit ist auch ein gro\u00dfer Trost, eine heilsame Ableitung f\u00fcr unsere Sorgen und unseren Kummer; sie beruhigt die \u00c4ngste unseres Geistes und befruchtet unseren Verstand. Es gibt keinen seelischen Schmerz, keine Entt\u00e4uschung und keinen R\u00fcckschlag, die nicht in ihr Linderung finden; es gibt keine Wechself\u00e4lle, die ihrer anhaltenden Wirkung widerstehen. Wer arbeitet, hat eine Zuflucht f\u00fcr seine Leiden und einen wahren Freund in der Bedr\u00e4ngnis; er kann das Leben nicht mit Abscheu hinnehmen. Wie bedauernswert ist dagegen die Lage desjenigen, der durch Gebrechen zur Unbeweglichkeit und Unt\u00e4tigkeit verurteilt ist! Wenn dieser Mensch die Gr\u00f6\u00dfe und Heiligkeit der Arbeit gesp\u00fcrt hat, wenn er \u00fcber seinem eigenen Interesse das allgemeine Interesse und das Wohl aller sieht und dazu beitragen will, erleidet er eines der grausamsten Leiden, die den Lebewesen vorbehalten sind.<\/p>\n\n\n\n<p class=\"has-black-color has-text-color has-link-color has-small-font-size wp-elements-731f6d709f5361fde1aeee113bc0e301\">Das ist auch die Situation des Geistes, der in seinen Pflichten versagt und sein Leben vergeudet hat. Er versteht zu sp\u00e4t den Adel der Arbeit und die Schurkerei der Triebhaftigkeit und leidet darunter, dass er nicht verwirklichen kann, was seine Seele sich vorstellt und w\u00fcnscht.<\/p>\n\n\n\n<p class=\"has-black-color has-text-color has-link-color has-small-font-size wp-elements-94f7b90552e8e2d287562dc4fccccd4c\">Die Arbeit ist die Gemeinschaft der Lebewesen. Durch sie kommen wir einander n\u00e4her, wir lernen, einander zu helfen und uns zu vereinen; von hier aus ist es nur noch ein Schritt zur Br\u00fcderlichkeit. Das r\u00f6mische Altertum entehrte die Arbeit, indem es sie zum Sklavenstatus machte. Dies erkl\u00e4rt ihre moralische Unfruchtbarkeit, ihre Verderbtheit und ihre trockenen und kalten Doktrinen.<\/p>\n\n\n\n<p class=\"has-black-color has-text-color has-link-color has-small-font-size wp-elements-4f4597a22e580f70483316f0d1813b12\">Die heutige Zeit hat eine v\u00f6llig andere Vorstellung vom Leben. Sie suchen ihre Erf\u00fcllung in fruchtbarer und regenerativer Arbeit. Die Philosophie der Geister erweitert diese Auffassung noch, indem sie uns im Gesetz der Arbeit das Prinzip allen Fortschritts und aller Erh\u00f6hungen aufzeigt, und indem sie uns zeigt, dass sich die Wirkung dieses Gesetzes auf die Universalit\u00e4t der Wesen und der Welten erstreckt. Deshalb sind wir befugt zu sagen: Wacht auf, ihr alle, und die heilsame Atmosph\u00e4re des Hauses ist ein souver\u00e4nes Schutzmittel gegen die Leidenschaften. Inmitten dieser geliebten Menschen, die in uns ihre einzige St\u00fctze sehen, w\u00e4chst unser Verantwortungsgef\u00fchl, wachsen unsere W\u00fcrde und unser Ernst, verstehen wir unsere Pflichten besser, und in den Freuden, die uns dieses Leben schenkt, gewinnen wir die Kraft, ihre Erf\u00fcllung zu erleichtern. Wie k\u00f6nnten wir es wagen, Handlungen zu begehen, f\u00fcr die wir uns vor den Augen unserer Frau und unserer Kinder sch\u00e4men w\u00fcrden? Wer lernt, andere zu f\u00fchren, lernt auch, sich selbst zu f\u00fchren, umsichtig und weise zu werden und alles von sich zu weisen, was unser Leben tr\u00fcben k\u00f6nnte.<\/p>\n\n\n\n<p class=\"has-black-color has-text-color has-link-color has-small-font-size wp-elements-77e9a508b1c0300a0d6de4dda68a0968\">Allein zu leben, ist ein schlechtes Gewissen. Andererseits ist es eine edle Aufgabe, sein Leben f\u00fcr andere zu geben, zu sehen, wie wir selbst in Kindern lebendig werden, die wir zu n\u00fctzlichen Menschen und eifrigen Dienern der Sache des Guten gemacht haben, und zu sterben, nachdem wir ihnen ein tiefes Pflichtgef\u00fchl und ein umfassendes Wissen \u00fcber das Schicksal eingeimpft haben.<\/p>\n\n\n\n<p class=\"has-black-color has-text-color has-link-color has-small-font-size wp-elements-5a12df196a1c101a2faa4a924f4344d5\">Wenn es eine Ausnahme von dieser Regel gibt, dann zugunsten derer, die die Menschheit \u00fcber die Familie gestellt haben, und um ihr besser zu dienen, um zu ihrem Nutzen eine noch h\u00f6here Mission zu erf\u00fcllen, haben sie es vorgezogen, sich den Gefahren des Lebens allein zu stellen, den beschwerlichen Weg allein zu gehen und ihre ganze Zeit, ihre ganze Kraft und ihre ganze Seele einer Sache zu widmen, die vielen nicht bewusst ist, die sie aber nie aus den Augen verlieren.<\/p>\n\n\n\n<p class=\"has-black-color has-text-color has-link-color has-small-font-size wp-elements-26ac9b8834a321b519eb6ca906738435\">Die N\u00fcchternheit, die Enthaltsamkeit, der Kampf gegen die Verf\u00fchrungen der Sinne sind nicht, wie die Sensualisten behaupten, eine Untergrabung der Naturgesetze, eine Verminderung des Lebens; im Gegenteil, sie offenbaren in dem, der sie beachtet und befolgt, eine tiefe Kenntnis der h\u00f6heren Gesetze, eine erleuchtete Intuition der Zukunft. Der L\u00fcstling, durch den Tod von allem getrennt, was er liebte, verzehrt sich in eitlen Begierden. Er besucht die H\u00e4user der Perversion und sucht sich eine irdische Umgebung, die ihn an seine Lebensweise erinnert. So klammert er sich mehr und mehr an materielle Fesseln, wendet sich von der Quelle des reinen Genusses ab und gibt sich der Bestialit\u00e4t und der Dunkelheit hin.<\/p>\n\n\n\n<p class=\"has-black-color has-text-color has-link-color has-small-font-size wp-elements-da301dee216b51f9964856728707976d\">Wer sich in fleischlicher Wollust vergn\u00fcgt, beraubt sich f\u00fcr lange Zeit des Friedens, dessen sich die erhabenen Geister erfreuen. Nur die Reinheit kann uns diesen Frieden geben. Sehen wir ihn nicht in diesem Leben? Unsere Leidenschaften und Begierden schaffen Bilder und Phantome, die uns sogar in unseren Tr\u00e4umen heimsuchen und unser Nachdenken st\u00f6ren. Der Geist hingegen, weit entfernt von den tr\u00fcgerischen Vergn\u00fcgungen, besinnt sich, richtet sich neu aus und \u00f6ffnet sich f\u00fcr das Unendliche. Von vornherein von den kleinlichen Begierden losgel\u00f6st, gibt er seine benutzten Organe ohne Reue auf.<\/p>\n\n\n\n<p class=\"has-black-color has-text-color has-link-color has-small-font-size wp-elements-7e194aa951e3adc8ab80bec6bbedca3b\">Lasst uns oft meditieren und das \u00f6stliche Sprichwort in die Praxis umsetzen: \u201eSei rein, um gl\u00fccklich und stark zu sein\u201c.<\/p>\n\n\n\n<p class=\"has-black-color has-text-color has-link-color has-small-font-size wp-elements-c39577f77bc85be9e67282b1b72acd7b\"><strong><em>Le\u00f3n Denis <\/em><\/strong>\u2013<em> El Camino Recto \u2503 Concepto esp\u00edrita de la ley moral<\/em><\/p>\n<\/div><\/div>","protected":false},"excerpt":{"rendered":"<p>Trabajo, Sobriedad y Continencia El trabajo es una ley para las humanidades planetarias como para las sociedades del Espacio. Desde el ser m\u00e1s rudimentario hasta los Esp\u00edritus ang\u00e9licos que velan por los destinos de los mundos, todos toman parte en el gran concierto universal. Penoso y grosero para los seres inferiores, el trabajo se suaviza [&hellip;]<\/p>","protected":false},"author":1,"featured_media":4525,"parent":0,"menu_order":0,"comment_status":"closed","ping_status":"closed","template":"","meta":{"_uag_custom_page_level_css":"","site-sidebar-layout":"default","site-content-layout":"","ast-site-content-layout":"default","site-content-style":"default","site-sidebar-style":"default","ast-global-header-display":"","ast-banner-title-visibility":"","ast-main-header-display":"","ast-hfb-above-header-display":"","ast-hfb-below-header-display":"","ast-hfb-mobile-header-display":"","site-post-title":"","ast-breadcrumbs-content":"","ast-featured-img":"","footer-sml-layout":"","theme-transparent-header-meta":"","adv-header-id-meta":"","stick-header-meta":"","header-above-stick-meta":"","header-main-stick-meta":"","header-below-stick-meta":"","astra-migrate-meta-layouts":"set","ast-page-background-enabled":"default","ast-page-background-meta":{"desktop":{"background-color":"var(--ast-global-color-4)","background-image":"","background-repeat":"repeat","background-position":"center center","background-size":"auto","background-attachment":"scroll","background-type":"","background-media":"","overlay-type":"","overlay-color":"","overlay-opacity":"","overlay-gradient":""},"tablet":{"background-color":"","background-image":"","background-repeat":"repeat","background-position":"center center","background-size":"auto","background-attachment":"scroll","background-type":"","background-media":"","overlay-type":"","overlay-color":"","overlay-opacity":"","overlay-gradient":""},"mobile":{"background-color":"","background-image":"","background-repeat":"repeat","background-position":"center center","background-size":"auto","background-attachment":"scroll","background-type":"","background-media":"","overlay-type":"","overlay-color":"","overlay-opacity":"","overlay-gradient":""}},"ast-content-background-meta":{"desktop":{"background-color":"var(--ast-global-color-5)","background-image":"","background-repeat":"repeat","background-position":"center center","background-size":"auto","background-attachment":"scroll","background-type":"","background-media":"","overlay-type":"","overlay-color":"","overlay-opacity":"","overlay-gradient":""},"tablet":{"background-color":"var(--ast-global-color-5)","background-image":"","background-repeat":"repeat","background-position":"center center","background-size":"auto","background-attachment":"scroll","background-type":"","background-media":"","overlay-type":"","overlay-color":"","overlay-opacity":"","overlay-gradient":""},"mobile":{"background-color":"var(--ast-global-color-5)","background-image":"","background-repeat":"repeat","background-position":"center center","background-size":"auto","background-attachment":"scroll","background-type":"","background-media":"","overlay-type":"","overlay-color":"","overlay-opacity":"","overlay-gradient":""}},"footnotes":""},"class_list":["post-4523","page","type-page","status-publish","has-post-thumbnail","hentry"],"yoast_head":"<!-- This site is optimized with the Yoast SEO Premium plugin v24.2 (Yoast SEO v24.6) - https:\/\/yoast.com\/wordpress\/plugins\/seo\/ -->\n<title>Trabajo, Sobriedad y Continencia - Uni\u00f3n Esp\u00edrita<\/title>\n<meta name=\"robots\" content=\"index, follow, max-snippet:-1, max-image-preview:large, max-video-preview:-1\" \/>\n<link rel=\"canonical\" href=\"https:\/\/nuevo-renacer.com\/de\/trabajo-sobriedad-y-continencia\/\" \/>\n<meta property=\"og:locale\" content=\"de_DE\" \/>\n<meta property=\"og:type\" content=\"article\" \/>\n<meta property=\"og:title\" content=\"Trabajo, Sobriedad y Continencia\" \/>\n<meta property=\"og:description\" content=\"Trabajo, Sobriedad y Continencia El trabajo es una ley para las humanidades planetarias como para las sociedades del Espacio. Desde el ser m\u00e1s rudimentario hasta los Esp\u00edritus ang\u00e9licos que velan por los destinos de los mundos, todos toman parte en el gran concierto universal. Penoso y grosero para los seres inferiores, el trabajo se suaviza [&hellip;]\" \/>\n<meta property=\"og:url\" content=\"https:\/\/nuevo-renacer.com\/de\/trabajo-sobriedad-y-continencia\/\" \/>\n<meta property=\"og:site_name\" content=\"Uni\u00f3n Esp\u00edrita\" \/>\n<meta property=\"article:publisher\" content=\"https:\/\/www.facebook.com\/groups\/3431398063740829\" \/>\n<meta property=\"article:modified_time\" content=\"2024-09-05T12:57:05+00:00\" \/>\n<meta name=\"twitter:card\" content=\"summary_large_image\" \/>\n<meta name=\"twitter:label1\" content=\"Gesch\u00e4tzte Lesezeit\" \/>\n\t<meta name=\"twitter:data1\" content=\"5\u00a0Minuten\" \/>\n<script type=\"application\/ld+json\" class=\"yoast-schema-graph\">{\"@context\":\"https:\/\/schema.org\",\"@graph\":[{\"@type\":\"WebPage\",\"@id\":\"https:\/\/nuevo-renacer.com\/trabajo-sobriedad-y-continencia\/\",\"url\":\"https:\/\/nuevo-renacer.com\/trabajo-sobriedad-y-continencia\/\",\"name\":\"Trabajo, Sobriedad y Continencia - Uni\u00f3n Esp\u00edrita\",\"isPartOf\":{\"@id\":\"https:\/\/nuevo-renacer.com\/#website\"},\"primaryImageOfPage\":{\"@id\":\"https:\/\/nuevo-renacer.com\/trabajo-sobriedad-y-continencia\/#primaryimage\"},\"image\":{\"@id\":\"https:\/\/nuevo-renacer.com\/trabajo-sobriedad-y-continencia\/#primaryimage\"},\"thumbnailUrl\":\"https:\/\/nuevo-renacer.com\/wp-content\/uploads\/2024\/09\/hombre-campesino-ropa-trabajo-campo_1009902-21237.avif\",\"datePublished\":\"2024-09-05T12:48:38+00:00\",\"dateModified\":\"2024-09-05T12:57:05+00:00\",\"breadcrumb\":{\"@id\":\"https:\/\/nuevo-renacer.com\/trabajo-sobriedad-y-continencia\/#breadcrumb\"},\"inLanguage\":\"de\",\"potentialAction\":[{\"@type\":\"ReadAction\",\"target\":[\"https:\/\/nuevo-renacer.com\/trabajo-sobriedad-y-continencia\/\"]}]},{\"@type\":\"ImageObject\",\"inLanguage\":\"de\",\"@id\":\"https:\/\/nuevo-renacer.com\/trabajo-sobriedad-y-continencia\/#primaryimage\",\"url\":\"https:\/\/nuevo-renacer.com\/wp-content\/uploads\/2024\/09\/hombre-campesino-ropa-trabajo-campo_1009902-21237.avif\",\"contentUrl\":\"https:\/\/nuevo-renacer.com\/wp-content\/uploads\/2024\/09\/hombre-campesino-ropa-trabajo-campo_1009902-21237.avif\",\"width\":626,\"height\":417},{\"@type\":\"BreadcrumbList\",\"@id\":\"https:\/\/nuevo-renacer.com\/trabajo-sobriedad-y-continencia\/#breadcrumb\",\"itemListElement\":[{\"@type\":\"ListItem\",\"position\":1,\"name\":\"Startseite\",\"item\":\"https:\/\/nuevo-renacer.com\/\"},{\"@type\":\"ListItem\",\"position\":2,\"name\":\"Trabajo, Sobriedad y Continencia\"}]},{\"@type\":\"WebSite\",\"@id\":\"https:\/\/nuevo-renacer.com\/#website\",\"url\":\"https:\/\/nuevo-renacer.com\/\",\"name\":\"Uni\u00f3n Esp\u00edrita\",\"description\":\"Nuevo Renacer\",\"publisher\":{\"@id\":\"https:\/\/nuevo-renacer.com\/#organization\"},\"potentialAction\":[{\"@type\":\"SearchAction\",\"target\":{\"@type\":\"EntryPoint\",\"urlTemplate\":\"https:\/\/nuevo-renacer.com\/?s={search_term_string}\"},\"query-input\":{\"@type\":\"PropertyValueSpecification\",\"valueRequired\":true,\"valueName\":\"search_term_string\"}}],\"inLanguage\":\"de\"},{\"@type\":\"Organization\",\"@id\":\"https:\/\/nuevo-renacer.com\/#organization\",\"name\":\"UFEC\",\"url\":\"https:\/\/nuevo-renacer.com\/\",\"logo\":{\"@type\":\"ImageObject\",\"inLanguage\":\"de\",\"@id\":\"https:\/\/nuevo-renacer.com\/#\/schema\/logo\/image\/\",\"url\":\"https:\/\/nuevo-renacer.com\/wp-content\/uploads\/2024\/05\/cropped-LOGO-TERMINADO1-3-3.png\",\"contentUrl\":\"https:\/\/nuevo-renacer.com\/wp-content\/uploads\/2024\/05\/cropped-LOGO-TERMINADO1-3-3.png\",\"width\":512,\"height\":512,\"caption\":\"UFEC\"},\"image\":{\"@id\":\"https:\/\/nuevo-renacer.com\/#\/schema\/logo\/image\/\"},\"sameAs\":[\"https:\/\/www.facebook.com\/groups\/3431398063740829\"]}]}<\/script>\n<!-- \/ Yoast SEO Premium plugin. -->","yoast_head_json":{"title":"Trabajo, Sobriedad y Continencia - Uni\u00f3n Esp\u00edrita","robots":{"index":"index","follow":"follow","max-snippet":"max-snippet:-1","max-image-preview":"max-image-preview:large","max-video-preview":"max-video-preview:-1"},"canonical":"https:\/\/nuevo-renacer.com\/de\/trabajo-sobriedad-y-continencia\/","og_locale":"de_DE","og_type":"article","og_title":"Trabajo, Sobriedad y Continencia","og_description":"Trabajo, Sobriedad y Continencia El trabajo es una ley para las humanidades planetarias como para las sociedades del Espacio. Desde el ser m\u00e1s rudimentario hasta los Esp\u00edritus ang\u00e9licos que velan por los destinos de los mundos, todos toman parte en el gran concierto universal. Penoso y grosero para los seres inferiores, el trabajo se suaviza [&hellip;]","og_url":"https:\/\/nuevo-renacer.com\/de\/trabajo-sobriedad-y-continencia\/","og_site_name":"Uni\u00f3n Esp\u00edrita","article_publisher":"https:\/\/www.facebook.com\/groups\/3431398063740829","article_modified_time":"2024-09-05T12:57:05+00:00","twitter_card":"summary_large_image","twitter_misc":{"Gesch\u00e4tzte Lesezeit":"5\u00a0Minuten"},"schema":{"@context":"https:\/\/schema.org","@graph":[{"@type":"WebPage","@id":"https:\/\/nuevo-renacer.com\/trabajo-sobriedad-y-continencia\/","url":"https:\/\/nuevo-renacer.com\/trabajo-sobriedad-y-continencia\/","name":"Trabajo, Sobriedad y Continencia - Uni\u00f3n Esp\u00edrita","isPartOf":{"@id":"https:\/\/nuevo-renacer.com\/#website"},"primaryImageOfPage":{"@id":"https:\/\/nuevo-renacer.com\/trabajo-sobriedad-y-continencia\/#primaryimage"},"image":{"@id":"https:\/\/nuevo-renacer.com\/trabajo-sobriedad-y-continencia\/#primaryimage"},"thumbnailUrl":"https:\/\/nuevo-renacer.com\/wp-content\/uploads\/2024\/09\/hombre-campesino-ropa-trabajo-campo_1009902-21237.avif","datePublished":"2024-09-05T12:48:38+00:00","dateModified":"2024-09-05T12:57:05+00:00","breadcrumb":{"@id":"https:\/\/nuevo-renacer.com\/trabajo-sobriedad-y-continencia\/#breadcrumb"},"inLanguage":"de","potentialAction":[{"@type":"ReadAction","target":["https:\/\/nuevo-renacer.com\/trabajo-sobriedad-y-continencia\/"]}]},{"@type":"ImageObject","inLanguage":"de","@id":"https:\/\/nuevo-renacer.com\/trabajo-sobriedad-y-continencia\/#primaryimage","url":"https:\/\/nuevo-renacer.com\/wp-content\/uploads\/2024\/09\/hombre-campesino-ropa-trabajo-campo_1009902-21237.avif","contentUrl":"https:\/\/nuevo-renacer.com\/wp-content\/uploads\/2024\/09\/hombre-campesino-ropa-trabajo-campo_1009902-21237.avif","width":626,"height":417},{"@type":"BreadcrumbList","@id":"https:\/\/nuevo-renacer.com\/trabajo-sobriedad-y-continencia\/#breadcrumb","itemListElement":[{"@type":"ListItem","position":1,"name":"Startseite","item":"https:\/\/nuevo-renacer.com\/"},{"@type":"ListItem","position":2,"name":"Trabajo, Sobriedad y Continencia"}]},{"@type":"WebSite","@id":"https:\/\/nuevo-renacer.com\/#website","url":"https:\/\/nuevo-renacer.com\/","name":"Uni\u00f3n Esp\u00edrita","description":"Nuevo Renacer","publisher":{"@id":"https:\/\/nuevo-renacer.com\/#organization"},"potentialAction":[{"@type":"SearchAction","target":{"@type":"EntryPoint","urlTemplate":"https:\/\/nuevo-renacer.com\/?s={search_term_string}"},"query-input":{"@type":"PropertyValueSpecification","valueRequired":true,"valueName":"search_term_string"}}],"inLanguage":"de"},{"@type":"Organization","@id":"https:\/\/nuevo-renacer.com\/#organization","name":"UFEC","url":"https:\/\/nuevo-renacer.com\/","logo":{"@type":"ImageObject","inLanguage":"de","@id":"https:\/\/nuevo-renacer.com\/#\/schema\/logo\/image\/","url":"https:\/\/nuevo-renacer.com\/wp-content\/uploads\/2024\/05\/cropped-LOGO-TERMINADO1-3-3.png","contentUrl":"https:\/\/nuevo-renacer.com\/wp-content\/uploads\/2024\/05\/cropped-LOGO-TERMINADO1-3-3.png","width":512,"height":512,"caption":"UFEC"},"image":{"@id":"https:\/\/nuevo-renacer.com\/#\/schema\/logo\/image\/"},"sameAs":["https:\/\/www.facebook.com\/groups\/3431398063740829"]}]}},"uagb_featured_image_src":{"full":["https:\/\/nuevo-renacer.com\/wp-content\/uploads\/2024\/09\/hombre-campesino-ropa-trabajo-campo_1009902-21237.avif",626,417,false],"thumbnail":["https:\/\/nuevo-renacer.com\/wp-content\/uploads\/2024\/09\/hombre-campesino-ropa-trabajo-campo_1009902-21237.avif",150,100,false],"medium":["https:\/\/nuevo-renacer.com\/wp-content\/uploads\/2024\/09\/hombre-campesino-ropa-trabajo-campo_1009902-21237.avif",300,200,false],"medium_large":["https:\/\/nuevo-renacer.com\/wp-content\/uploads\/2024\/09\/hombre-campesino-ropa-trabajo-campo_1009902-21237.avif",626,417,false],"large":["https:\/\/nuevo-renacer.com\/wp-content\/uploads\/2024\/09\/hombre-campesino-ropa-trabajo-campo_1009902-21237.avif",626,417,false],"1536x1536":["https:\/\/nuevo-renacer.com\/wp-content\/uploads\/2024\/09\/hombre-campesino-ropa-trabajo-campo_1009902-21237.avif",626,417,false],"2048x2048":["https:\/\/nuevo-renacer.com\/wp-content\/uploads\/2024\/09\/hombre-campesino-ropa-trabajo-campo_1009902-21237.avif",626,417,false],"trp-custom-language-flag":["https:\/\/nuevo-renacer.com\/wp-content\/uploads\/2024\/09\/hombre-campesino-ropa-trabajo-campo_1009902-21237.avif",18,12,false]},"uagb_author_info":{"display_name":"adbv0","author_link":"https:\/\/nuevo-renacer.com\/de\/author\/adbv0\/"},"uagb_comment_info":0,"uagb_excerpt":"Trabajo, Sobriedad y Continencia El trabajo es una ley para las humanidades planetarias como para las sociedades del Espacio. Desde el ser m\u00e1s rudimentario hasta los Esp\u00edritus ang\u00e9licos que velan por los destinos de los mundos, todos toman parte en el gran concierto universal. Penoso y grosero para los seres inferiores, el trabajo se suaviza&hellip;","jetpack_sharing_enabled":true,"_links":{"self":[{"href":"https:\/\/nuevo-renacer.com\/de\/wp-json\/wp\/v2\/pages\/4523","targetHints":{"allow":["GET"]}}],"collection":[{"href":"https:\/\/nuevo-renacer.com\/de\/wp-json\/wp\/v2\/pages"}],"about":[{"href":"https:\/\/nuevo-renacer.com\/de\/wp-json\/wp\/v2\/types\/page"}],"author":[{"embeddable":true,"href":"https:\/\/nuevo-renacer.com\/de\/wp-json\/wp\/v2\/users\/1"}],"replies":[{"embeddable":true,"href":"https:\/\/nuevo-renacer.com\/de\/wp-json\/wp\/v2\/comments?post=4523"}],"version-history":[{"count":4,"href":"https:\/\/nuevo-renacer.com\/de\/wp-json\/wp\/v2\/pages\/4523\/revisions"}],"predecessor-version":[{"id":4529,"href":"https:\/\/nuevo-renacer.com\/de\/wp-json\/wp\/v2\/pages\/4523\/revisions\/4529"}],"wp:featuredmedia":[{"embeddable":true,"href":"https:\/\/nuevo-renacer.com\/de\/wp-json\/wp\/v2\/media\/4525"}],"wp:attachment":[{"href":"https:\/\/nuevo-renacer.com\/de\/wp-json\/wp\/v2\/media?parent=4523"}],"curies":[{"name":"wp","href":"https:\/\/api.w.org\/{rel}","templated":true}]}}