{"id":4498,"date":"2024-09-05T08:10:01","date_gmt":"2024-09-05T08:10:01","guid":{"rendered":"https:\/\/nuevo-renacer.com\/?page_id=4498"},"modified":"2024-09-05T08:26:05","modified_gmt":"2024-09-05T08:26:05","slug":"paciencia-y-bondad","status":"publish","type":"page","link":"https:\/\/nuevo-renacer.com\/de\/paciencia-y-bondad\/","title":{"rendered":"Geduld und G\u00fcte"},"content":{"rendered":"<div class=\"wp-block-uagb-container uagb-block-c71b60de alignfull uagb-is-root-container\"><div class=\"uagb-container-inner-blocks-wrap\">\n<p class=\"has-black-color has-text-color has-link-color has-medium-font-size wp-elements-ab60c6a7cf6ac00ed24ee93088544a09\"><strong>Geduld und G\u00fcte<\/strong><\/p>\n<\/div><\/div>\n\n\n\n<div class=\"wp-block-uagb-container uagb-block-4a36f67b alignfull uagb-is-root-container\"><div class=\"uagb-container-inner-blocks-wrap\">\n<figure class=\"wp-block-image size-full is-resized\"><img fetchpriority=\"high\" decoding=\"async\" width=\"910\" height=\"607\" src=\"https:\/\/nuevo-renacer.com\/wp-content\/uploads\/2024\/09\/snail-girl-patience-ride.jpg\" alt=\"\" class=\"wp-image-4500\" style=\"width:400px;height:auto\" srcset=\"https:\/\/nuevo-renacer.com\/wp-content\/uploads\/2024\/09\/snail-girl-patience-ride.jpg 910w, https:\/\/nuevo-renacer.com\/wp-content\/uploads\/2024\/09\/snail-girl-patience-ride-300x200.jpg 300w, https:\/\/nuevo-renacer.com\/wp-content\/uploads\/2024\/09\/snail-girl-patience-ride-768x512.jpg 768w, https:\/\/nuevo-renacer.com\/wp-content\/uploads\/2024\/09\/snail-girl-patience-ride-18x12.jpg 18w\" sizes=\"(max-width: 910px) 100vw, 910px\" \/><\/figure>\n<\/div><\/div>\n\n\n\n<div class=\"wp-block-uagb-container uagb-block-b870f0dc alignfull uagb-is-root-container\"><div class=\"uagb-container-inner-blocks-wrap\">\n<p class=\"has-black-color has-text-color has-link-color has-small-font-size wp-elements-6fad09947746893121b271be97540189\">Wenn der Stolz die Mutter einer Vielzahl von Lastern ist, so gebiert die N\u00e4chstenliebe viele Tugenden. Geduld, Sanftmut und Zur\u00fcckhaltung in der Konversation stammen von ihr ab. Dem barmherzigen Menschen f\u00e4llt es leicht, geduldig und sanftm\u00fctig zu sein und die ihm zugef\u00fcgten Kr\u00e4nkungen zu verzeihen. Barmherzigkeit ist die Begleiterin der Freundlichkeit. Eine erhabene Seele kann weder Hass kennen noch Rache \u00fcben. Sie schwebt \u00fcber dem niederen Groll; sie sieht die Dinge von oben. Da sie wei\u00df, dass die Fehler der Menschen nur das Ergebnis ihrer Unwissenheit sind, hat sie keine Vorstellung von Bitterkeit oder Groll. Er wei\u00df nur, wie man verzeiht, wie man das Unrecht anderer vergisst, wie man jeden Keim der Feindschaft ausl\u00f6scht, wie man jede Ursache f\u00fcr Zwietracht in der Zukunft ausl\u00f6scht, sowohl auf der Erde als auch im Leben des Raumes.<\/p>\n\n\n\n<p class=\"has-black-color has-text-color has-link-color has-small-font-size wp-elements-c84167df679665e52b3de5914f73fd12\">N\u00e4chstenliebe, Sanftmut, Vergebung von Verletzungen machen uns unverwundbar, unempfindlich gegen\u00fcber Niedertracht und Gemeinheit. Sie bewirken unsere fortschreitende Emanzipation von irdischen Eitelkeiten und gew\u00f6hnen uns daran, unseren Blick auf Dinge zu richten, die die T\u00e4uschung nicht erreichen kann.<\/p>\n\n\n\n<p class=\"has-black-color has-text-color has-link-color has-small-font-size wp-elements-95b21b8d6d8538461c176c3f85e96f5d\">Die Vergebung ist die Pflicht der Seele, die nach den h\u00f6heren Himmeln strebt. Wie oft haben wir selbst kein Bed\u00fcrfnis nach dieser Vergebung, wie oft haben wir nicht darum gebeten. Vergeben wir, damit uns vergeben werden kann! Was wir anderen verweigern, k\u00f6nnen wir nicht f\u00fcr uns selbst erlangen. Wenn wir uns r\u00e4chen wollen, dann durch gute Taten. Das Gute, das wir demjenigen tun, der uns beleidigt, entwaffnet unseren Feind. Sein Hass verwandelt sich in Erstaunen, und sein Erstaunen in Bewunderung. Indem sie sein schlummerndes Gewissen aufweckt, kann diese Lektion einen tiefen Eindruck bei ihm hinterlassen. Auf diese Weise haben wir vielleicht eine Seele der Perversit\u00e4t entrissen, indem wir sie erleuchtet haben.<\/p>\n\n\n\n<p class=\"has-black-color has-text-color has-link-color has-small-font-size wp-elements-01a89cb734a68c401772a707b0b9a2f8\">Das einzige \u00dcbel, das es aufzuzeigen und zu bek\u00e4mpfen gilt, ist das \u00dcbel, das der Gesellschaft widerf\u00e4hrt. Wenn es sich in Form von Heuchelei, Doppelz\u00fcngigkeit, L\u00fcgen zeigt, m\u00fcssen wir es entlarven, denn andere Menschen k\u00f6nnen darunter leiden; aber es ist sch\u00f6n, \u00fcber das zu schweigen, was nur unsere eigenen Interessen oder unsere Eigenliebe betrifft. Die Rache, in all ihren Formen, ob Trauer oder Krieg, ist das \u00dcberbleibsel primitiver Wildheit, das Erbe einer barbarischen und r\u00fcckst\u00e4ndigen Welt. Kann jemand, der die grandiose Verflechtung h\u00f6herer Gesetze, jenes Gerechtigkeitsprinzips, dessen Wirkungen durch die Zeiten hindurch nachhallen, erblickt hat, an Rache denken?<\/p>\n\n\n\n<p class=\"has-black-color has-text-color has-link-color has-small-font-size wp-elements-026ebbbf88c02270bdea335be2043618\">Sich zu r\u00e4chen hei\u00dft, aus einem Fehler zwei Verbrechen zu machen, sich ebenso schuldig zu machen wie der T\u00e4ter selbst. Wenn uns eine Kr\u00e4nkung oder ein Unrecht trifft, sollten wir unsere verletzte W\u00fcrde zum Schweigen bringen, sollten wir an diejenigen denken, die in der dunklen Vergangenheit von uns beleidigt, beschimpft und beraubt wurden, und sollten wir die Verletzung als Wiedergutmachung tragen. Verlieren wir nicht den Sinn des Daseins aus den Augen, den uns solche Unf\u00e4lle vergessen lassen w\u00fcrden. Verlassen wir nicht den geraden und sicheren Weg, lassen wir uns nicht von der Leidenschaft auf gef\u00e4hrliche Abh\u00e4nge ziehen, die uns zur Bestialit\u00e4t f\u00fchren w\u00fcrden, sondern erklimmen wir diese Abh\u00e4nge mit gro\u00dfem Mut. Rache ist eine Torheit, die uns um die Fr\u00fcchte des Guten, des Fortschritts bringen w\u00fcrde, um auf den Weg zur\u00fcckzukehren, den wir gegangen sind. Eines Tages, wenn wir die Erde verlassen haben, werden wir diejenigen segnen, die hart und unbarmherzig zu uns waren, die uns beraubt und mit Bitterkeit erf\u00fcllt haben; wir werden sie segnen, denn aus ihren Ungerechtigkeiten wird unser geistiges Gl\u00fcck entstanden sein. Sie glaubten, uns Unrecht getan zu haben, und sie erleichterten unseren Aufstieg und unsere Erhebung, indem sie uns die Gelegenheit gaben, ohne Murren zu leiden, zu vergeben und zu vergessen. Geduld ist die Eigenschaft, die uns lehrt, alle Widrigkeiten gelassen zu ertragen. Sie besteht nicht darin, alle Empfindungen in uns auszul\u00f6schen, uns gleichg\u00fcltig und tr\u00e4ge werden zu lassen, sondern jenseits des Horizonts der Gegenwart nach den Tr\u00f6stungen zu suchen, die uns veranlassen, die M\u00fchen des materiellen Lebens als vergeblich und zweitrangig zu betrachten.<\/p>\n\n\n\n<p class=\"has-black-color has-text-color has-link-color has-small-font-size wp-elements-a5b15b100e42556afd160f7e82c5eefc\">Geduld f\u00fchrt zu Wohlwollen. Wie ein Spiegel sendet uns die Seele das Spiegelbild der Gef\u00fchle, die uns inspirieren. Sympathie ruft nach Sympathie, und Gleichg\u00fcltigkeit f\u00fchrt zu Verbitterung.<\/p>\n\n\n\n<p class=\"has-black-color has-text-color has-link-color has-small-font-size wp-elements-2fbce7d201a7396b0f4eecc51c064f15\">Lasst uns wissen, wenn es n\u00f6tig ist, sanft zurechtzuweisen, ohne \u00dcbertreibung zu diskutieren, alle Dinge mit M\u00e4\u00dfigung und Wohlwollen zu beurteilen; lasst uns vor allem fliehen, was erregt und \u00fcberreizt.<\/p>\n\n\n\n<p class=\"has-black-color has-text-color has-link-color has-small-font-size wp-elements-0ce1d64b65ea58e7ac7e68ffc9733f87\">H\u00fcten wir uns vor allem vor dem Zorn, der alle wilden, durch Fortschritt und Zivilisation abgestumpften Instinkte weckt, eine Reminiszenz an unser dunkles Leben. In jedem Menschen schlummert in gewisser Hinsicht noch die Bestie, die wir mit Energie z\u00e4hmen m\u00fcssen, wenn wir nicht von ihr beherrscht und versklavt werden wollen. Im Zorn erwachen diese schlummernden Instinkte und machen aus dem Menschen eine Bestie. Dann verschwinden alle W\u00fcrde, alle Vernunft und alle Selbstachtung. Die Wut macht uns blind, l\u00e4sst uns das Bewusstsein f\u00fcr unser Handeln verlieren und kann uns in ihrer Wut sogar zu Verbrechen verleiten.<\/p>\n\n\n\n<p class=\"has-black-color has-text-color has-link-color has-small-font-size wp-elements-98e28a56e3e77925669b810317a14aee\">Es liegt in der Natur eines vern\u00fcnftigen Menschen, sich stets zu z\u00fcgeln, und Zorn ist ein Zeichen f\u00fcr einen r\u00fcckst\u00e4ndigen Charakter. Derjenige, der dazu neigt, sollte darauf achten, seine Gef\u00fchle zu h\u00fcten, das Gef\u00fchl der Pers\u00f6nlichkeit in sich zu unterdr\u00fccken, sich zu bem\u00fchen, nichts zu tun oder zu geben, solange er sich unter der Herrschaft dieser furchtbaren Leidenschaft f\u00fchlt.<\/p>\n\n\n\n<p class=\"has-black-color has-text-color has-link-color has-small-font-size wp-elements-c52504eae8fd101463ffc19589c1b637\">Lasst uns danach streben, die G\u00fcte zu erlangen, die unaussprechliche Eigenschaft und den Heiligenschein des Alters; die G\u00fcte, die f\u00fcr ihren Besitzer jene Anbetung des Herzens voraussetzt, die die Dem\u00fctigen und Schwachen ihren Unterst\u00fctzern und Besch\u00fctzern erweisen.<\/p>\n\n\n\n<p class=\"has-black-color has-text-color has-link-color has-small-font-size wp-elements-888508d5a0f1382e049526c18fadbe2d\">Nachsicht, Sympathie und Freundlichkeit bes\u00e4nftigen die Menschen, ziehen sie zu uns, veranlassen sie, unserer Meinung vertrauensvoll Geh\u00f6r zu schenken, w\u00e4hrend Strenge sie abst\u00f6\u00dft und befremdet. Die G\u00fcte verschafft uns also eine Art von moralischer Strenge gegen\u00fcber den Seelen, sie gibt uns mehr Mittel, sie zu bewegen und sie zum Guten zu lenken. Machen wir also aus dieser Tugend eine Fackel, mit deren Hilfe wir Licht in die dunkelsten Gem\u00fcter bringen k\u00f6nnen, eine heikle Aufgabe, die aber eine kleine Liebe zu unseren Br\u00fcdern und Schwestern, verbunden mit einem tiefen Gef\u00fchl der Solidarit\u00e4t, erleichtern wird.<\/p>\n\n\n\n<p class=\"has-black-color has-text-color has-link-color has-small-font-size wp-elements-e0b0166bb06370235e49319a88b27dba\"><strong><em>Le\u00f3n Denis <\/em><\/strong>&#8211;<em> El Camino Recto \u2503 Concepto esp\u00edrita de la ley moral<\/em><\/p>\n<\/div><\/div>","protected":false},"excerpt":{"rendered":"<p>Paciencia y Bondad Si la soberbia es madre de una multitud de vicios, la caridad da nacimiento a muchas virtudes. La paciencia, la dulzura y la reserva en las conversaciones derivan de ella. Al hombre caritativo le es f\u00e1cil ser paciente y dulce y perdonar las ofensas que le son hechas. La misericordia es compa\u00f1era [&hellip;]<\/p>","protected":false},"author":1,"featured_media":4500,"parent":0,"menu_order":0,"comment_status":"closed","ping_status":"closed","template":"","meta":{"_uag_custom_page_level_css":"","site-sidebar-layout":"default","site-content-layout":"","ast-site-content-layout":"default","site-content-style":"default","site-sidebar-style":"default","ast-global-header-display":"","ast-banner-title-visibility":"","ast-main-header-display":"","ast-hfb-above-header-display":"","ast-hfb-below-header-display":"","ast-hfb-mobile-header-display":"","site-post-title":"","ast-breadcrumbs-content":"","ast-featured-img":"","footer-sml-layout":"","theme-transparent-header-meta":"","adv-header-id-meta":"","stick-header-meta":"","header-above-stick-meta":"","header-main-stick-meta":"","header-below-stick-meta":"","astra-migrate-meta-layouts":"set","ast-page-background-enabled":"default","ast-page-background-meta":{"desktop":{"background-color":"var(--ast-global-color-4)","background-image":"","background-repeat":"repeat","background-position":"center center","background-size":"auto","background-attachment":"scroll","background-type":"","background-media":"","overlay-type":"","overlay-color":"","overlay-opacity":"","overlay-gradient":""},"tablet":{"background-color":"","background-image":"","background-repeat":"repeat","background-position":"center center","background-size":"auto","background-attachment":"scroll","background-type":"","background-media":"","overlay-type":"","overlay-color":"","overlay-opacity":"","overlay-gradient":""},"mobile":{"background-color":"","background-image":"","background-repeat":"repeat","background-position":"center center","background-size":"auto","background-attachment":"scroll","background-type":"","background-media":"","overlay-type":"","overlay-color":"","overlay-opacity":"","overlay-gradient":""}},"ast-content-background-meta":{"desktop":{"background-color":"var(--ast-global-color-5)","background-image":"","background-repeat":"repeat","background-position":"center center","background-size":"auto","background-attachment":"scroll","background-type":"","background-media":"","overlay-type":"","overlay-color":"","overlay-opacity":"","overlay-gradient":""},"tablet":{"background-color":"var(--ast-global-color-5)","background-image":"","background-repeat":"repeat","background-position":"center center","background-size":"auto","background-attachment":"scroll","background-type":"","background-media":"","overlay-type":"","overlay-color":"","overlay-opacity":"","overlay-gradient":""},"mobile":{"background-color":"var(--ast-global-color-5)","background-image":"","background-repeat":"repeat","background-position":"center center","background-size":"auto","background-attachment":"scroll","background-type":"","background-media":"","overlay-type":"","overlay-color":"","overlay-opacity":"","overlay-gradient":""}},"footnotes":""},"class_list":["post-4498","page","type-page","status-publish","has-post-thumbnail","hentry"],"yoast_head":"<!-- This site is optimized with the Yoast SEO Premium plugin v24.2 (Yoast SEO v24.6) - https:\/\/yoast.com\/wordpress\/plugins\/seo\/ -->\n<title>Paciencia y Bondad - Uni\u00f3n Esp\u00edrita<\/title>\n<meta name=\"robots\" content=\"index, follow, max-snippet:-1, max-image-preview:large, max-video-preview:-1\" \/>\n<link rel=\"canonical\" href=\"https:\/\/nuevo-renacer.com\/de\/paciencia-y-bondad\/\" \/>\n<meta property=\"og:locale\" content=\"de_DE\" \/>\n<meta property=\"og:type\" content=\"article\" \/>\n<meta property=\"og:title\" content=\"Paciencia y Bondad\" \/>\n<meta property=\"og:description\" content=\"Paciencia y Bondad Si la soberbia es madre de una multitud de vicios, la caridad da nacimiento a muchas virtudes. La paciencia, la dulzura y la reserva en las conversaciones derivan de ella. Al hombre caritativo le es f\u00e1cil ser paciente y dulce y perdonar las ofensas que le son hechas. La misericordia es compa\u00f1era [&hellip;]\" \/>\n<meta property=\"og:url\" content=\"https:\/\/nuevo-renacer.com\/de\/paciencia-y-bondad\/\" \/>\n<meta property=\"og:site_name\" content=\"Uni\u00f3n Esp\u00edrita\" \/>\n<meta property=\"article:publisher\" content=\"https:\/\/www.facebook.com\/groups\/3431398063740829\" \/>\n<meta property=\"article:modified_time\" content=\"2024-09-05T08:26:05+00:00\" \/>\n<meta property=\"og:image\" content=\"https:\/\/nuevo-renacer.com\/wp-content\/uploads\/2024\/09\/snail-girl-patience-ride.jpg\" \/>\n\t<meta property=\"og:image:width\" content=\"910\" \/>\n\t<meta property=\"og:image:height\" content=\"607\" \/>\n\t<meta property=\"og:image:type\" content=\"image\/jpeg\" \/>\n<meta name=\"twitter:card\" content=\"summary_large_image\" \/>\n<meta name=\"twitter:label1\" content=\"Gesch\u00e4tzte Lesezeit\" \/>\n\t<meta name=\"twitter:data1\" content=\"5\u00a0Minuten\" \/>\n<script type=\"application\/ld+json\" class=\"yoast-schema-graph\">{\"@context\":\"https:\/\/schema.org\",\"@graph\":[{\"@type\":\"WebPage\",\"@id\":\"https:\/\/nuevo-renacer.com\/paciencia-y-bondad\/\",\"url\":\"https:\/\/nuevo-renacer.com\/paciencia-y-bondad\/\",\"name\":\"Paciencia y Bondad - Uni\u00f3n Esp\u00edrita\",\"isPartOf\":{\"@id\":\"https:\/\/nuevo-renacer.com\/#website\"},\"primaryImageOfPage\":{\"@id\":\"https:\/\/nuevo-renacer.com\/paciencia-y-bondad\/#primaryimage\"},\"image\":{\"@id\":\"https:\/\/nuevo-renacer.com\/paciencia-y-bondad\/#primaryimage\"},\"thumbnailUrl\":\"https:\/\/nuevo-renacer.com\/wp-content\/uploads\/2024\/09\/snail-girl-patience-ride.jpg\",\"datePublished\":\"2024-09-05T08:10:01+00:00\",\"dateModified\":\"2024-09-05T08:26:05+00:00\",\"breadcrumb\":{\"@id\":\"https:\/\/nuevo-renacer.com\/paciencia-y-bondad\/#breadcrumb\"},\"inLanguage\":\"de\",\"potentialAction\":[{\"@type\":\"ReadAction\",\"target\":[\"https:\/\/nuevo-renacer.com\/paciencia-y-bondad\/\"]}]},{\"@type\":\"ImageObject\",\"inLanguage\":\"de\",\"@id\":\"https:\/\/nuevo-renacer.com\/paciencia-y-bondad\/#primaryimage\",\"url\":\"https:\/\/nuevo-renacer.com\/wp-content\/uploads\/2024\/09\/snail-girl-patience-ride.jpg\",\"contentUrl\":\"https:\/\/nuevo-renacer.com\/wp-content\/uploads\/2024\/09\/snail-girl-patience-ride.jpg\",\"width\":910,\"height\":607},{\"@type\":\"BreadcrumbList\",\"@id\":\"https:\/\/nuevo-renacer.com\/paciencia-y-bondad\/#breadcrumb\",\"itemListElement\":[{\"@type\":\"ListItem\",\"position\":1,\"name\":\"Startseite\",\"item\":\"https:\/\/nuevo-renacer.com\/\"},{\"@type\":\"ListItem\",\"position\":2,\"name\":\"Paciencia y Bondad\"}]},{\"@type\":\"WebSite\",\"@id\":\"https:\/\/nuevo-renacer.com\/#website\",\"url\":\"https:\/\/nuevo-renacer.com\/\",\"name\":\"Uni\u00f3n Esp\u00edrita\",\"description\":\"Nuevo Renacer\",\"publisher\":{\"@id\":\"https:\/\/nuevo-renacer.com\/#organization\"},\"potentialAction\":[{\"@type\":\"SearchAction\",\"target\":{\"@type\":\"EntryPoint\",\"urlTemplate\":\"https:\/\/nuevo-renacer.com\/?s={search_term_string}\"},\"query-input\":{\"@type\":\"PropertyValueSpecification\",\"valueRequired\":true,\"valueName\":\"search_term_string\"}}],\"inLanguage\":\"de\"},{\"@type\":\"Organization\",\"@id\":\"https:\/\/nuevo-renacer.com\/#organization\",\"name\":\"UFEC\",\"url\":\"https:\/\/nuevo-renacer.com\/\",\"logo\":{\"@type\":\"ImageObject\",\"inLanguage\":\"de\",\"@id\":\"https:\/\/nuevo-renacer.com\/#\/schema\/logo\/image\/\",\"url\":\"https:\/\/nuevo-renacer.com\/wp-content\/uploads\/2024\/05\/cropped-LOGO-TERMINADO1-3-3.png\",\"contentUrl\":\"https:\/\/nuevo-renacer.com\/wp-content\/uploads\/2024\/05\/cropped-LOGO-TERMINADO1-3-3.png\",\"width\":512,\"height\":512,\"caption\":\"UFEC\"},\"image\":{\"@id\":\"https:\/\/nuevo-renacer.com\/#\/schema\/logo\/image\/\"},\"sameAs\":[\"https:\/\/www.facebook.com\/groups\/3431398063740829\"]}]}<\/script>\n<!-- \/ Yoast SEO Premium plugin. -->","yoast_head_json":{"title":"Paciencia y Bondad - Uni\u00f3n Esp\u00edrita","robots":{"index":"index","follow":"follow","max-snippet":"max-snippet:-1","max-image-preview":"max-image-preview:large","max-video-preview":"max-video-preview:-1"},"canonical":"https:\/\/nuevo-renacer.com\/de\/paciencia-y-bondad\/","og_locale":"de_DE","og_type":"article","og_title":"Paciencia y Bondad","og_description":"Paciencia y Bondad Si la soberbia es madre de una multitud de vicios, la caridad da nacimiento a muchas virtudes. La paciencia, la dulzura y la reserva en las conversaciones derivan de ella. Al hombre caritativo le es f\u00e1cil ser paciente y dulce y perdonar las ofensas que le son hechas. La misericordia es compa\u00f1era [&hellip;]","og_url":"https:\/\/nuevo-renacer.com\/de\/paciencia-y-bondad\/","og_site_name":"Uni\u00f3n Esp\u00edrita","article_publisher":"https:\/\/www.facebook.com\/groups\/3431398063740829","article_modified_time":"2024-09-05T08:26:05+00:00","og_image":[{"width":910,"height":607,"url":"https:\/\/nuevo-renacer.com\/wp-content\/uploads\/2024\/09\/snail-girl-patience-ride.jpg","type":"image\/jpeg"}],"twitter_card":"summary_large_image","twitter_misc":{"Gesch\u00e4tzte Lesezeit":"5\u00a0Minuten"},"schema":{"@context":"https:\/\/schema.org","@graph":[{"@type":"WebPage","@id":"https:\/\/nuevo-renacer.com\/paciencia-y-bondad\/","url":"https:\/\/nuevo-renacer.com\/paciencia-y-bondad\/","name":"Paciencia y Bondad - Uni\u00f3n Esp\u00edrita","isPartOf":{"@id":"https:\/\/nuevo-renacer.com\/#website"},"primaryImageOfPage":{"@id":"https:\/\/nuevo-renacer.com\/paciencia-y-bondad\/#primaryimage"},"image":{"@id":"https:\/\/nuevo-renacer.com\/paciencia-y-bondad\/#primaryimage"},"thumbnailUrl":"https:\/\/nuevo-renacer.com\/wp-content\/uploads\/2024\/09\/snail-girl-patience-ride.jpg","datePublished":"2024-09-05T08:10:01+00:00","dateModified":"2024-09-05T08:26:05+00:00","breadcrumb":{"@id":"https:\/\/nuevo-renacer.com\/paciencia-y-bondad\/#breadcrumb"},"inLanguage":"de","potentialAction":[{"@type":"ReadAction","target":["https:\/\/nuevo-renacer.com\/paciencia-y-bondad\/"]}]},{"@type":"ImageObject","inLanguage":"de","@id":"https:\/\/nuevo-renacer.com\/paciencia-y-bondad\/#primaryimage","url":"https:\/\/nuevo-renacer.com\/wp-content\/uploads\/2024\/09\/snail-girl-patience-ride.jpg","contentUrl":"https:\/\/nuevo-renacer.com\/wp-content\/uploads\/2024\/09\/snail-girl-patience-ride.jpg","width":910,"height":607},{"@type":"BreadcrumbList","@id":"https:\/\/nuevo-renacer.com\/paciencia-y-bondad\/#breadcrumb","itemListElement":[{"@type":"ListItem","position":1,"name":"Startseite","item":"https:\/\/nuevo-renacer.com\/"},{"@type":"ListItem","position":2,"name":"Paciencia y Bondad"}]},{"@type":"WebSite","@id":"https:\/\/nuevo-renacer.com\/#website","url":"https:\/\/nuevo-renacer.com\/","name":"Uni\u00f3n Esp\u00edrita","description":"Nuevo Renacer","publisher":{"@id":"https:\/\/nuevo-renacer.com\/#organization"},"potentialAction":[{"@type":"SearchAction","target":{"@type":"EntryPoint","urlTemplate":"https:\/\/nuevo-renacer.com\/?s={search_term_string}"},"query-input":{"@type":"PropertyValueSpecification","valueRequired":true,"valueName":"search_term_string"}}],"inLanguage":"de"},{"@type":"Organization","@id":"https:\/\/nuevo-renacer.com\/#organization","name":"UFEC","url":"https:\/\/nuevo-renacer.com\/","logo":{"@type":"ImageObject","inLanguage":"de","@id":"https:\/\/nuevo-renacer.com\/#\/schema\/logo\/image\/","url":"https:\/\/nuevo-renacer.com\/wp-content\/uploads\/2024\/05\/cropped-LOGO-TERMINADO1-3-3.png","contentUrl":"https:\/\/nuevo-renacer.com\/wp-content\/uploads\/2024\/05\/cropped-LOGO-TERMINADO1-3-3.png","width":512,"height":512,"caption":"UFEC"},"image":{"@id":"https:\/\/nuevo-renacer.com\/#\/schema\/logo\/image\/"},"sameAs":["https:\/\/www.facebook.com\/groups\/3431398063740829"]}]}},"uagb_featured_image_src":{"full":["https:\/\/nuevo-renacer.com\/wp-content\/uploads\/2024\/09\/snail-girl-patience-ride.jpg",910,607,false],"thumbnail":["https:\/\/nuevo-renacer.com\/wp-content\/uploads\/2024\/09\/snail-girl-patience-ride-150x150.jpg",150,150,true],"medium":["https:\/\/nuevo-renacer.com\/wp-content\/uploads\/2024\/09\/snail-girl-patience-ride-300x200.jpg",300,200,true],"medium_large":["https:\/\/nuevo-renacer.com\/wp-content\/uploads\/2024\/09\/snail-girl-patience-ride-768x512.jpg",768,512,true],"large":["https:\/\/nuevo-renacer.com\/wp-content\/uploads\/2024\/09\/snail-girl-patience-ride.jpg",910,607,false],"1536x1536":["https:\/\/nuevo-renacer.com\/wp-content\/uploads\/2024\/09\/snail-girl-patience-ride.jpg",910,607,false],"2048x2048":["https:\/\/nuevo-renacer.com\/wp-content\/uploads\/2024\/09\/snail-girl-patience-ride.jpg",910,607,false],"trp-custom-language-flag":["https:\/\/nuevo-renacer.com\/wp-content\/uploads\/2024\/09\/snail-girl-patience-ride-18x12.jpg",18,12,true]},"uagb_author_info":{"display_name":"adbv0","author_link":"https:\/\/nuevo-renacer.com\/de\/author\/adbv0\/"},"uagb_comment_info":0,"uagb_excerpt":"Paciencia y Bondad Si la soberbia es madre de una multitud de vicios, la caridad da nacimiento a muchas virtudes. La paciencia, la dulzura y la reserva en las conversaciones derivan de ella. Al hombre caritativo le es f\u00e1cil ser paciente y dulce y perdonar las ofensas que le son hechas. La misericordia es compa\u00f1era&hellip;","jetpack_sharing_enabled":true,"_links":{"self":[{"href":"https:\/\/nuevo-renacer.com\/de\/wp-json\/wp\/v2\/pages\/4498","targetHints":{"allow":["GET"]}}],"collection":[{"href":"https:\/\/nuevo-renacer.com\/de\/wp-json\/wp\/v2\/pages"}],"about":[{"href":"https:\/\/nuevo-renacer.com\/de\/wp-json\/wp\/v2\/types\/page"}],"author":[{"embeddable":true,"href":"https:\/\/nuevo-renacer.com\/de\/wp-json\/wp\/v2\/users\/1"}],"replies":[{"embeddable":true,"href":"https:\/\/nuevo-renacer.com\/de\/wp-json\/wp\/v2\/comments?post=4498"}],"version-history":[{"count":3,"href":"https:\/\/nuevo-renacer.com\/de\/wp-json\/wp\/v2\/pages\/4498\/revisions"}],"predecessor-version":[{"id":4505,"href":"https:\/\/nuevo-renacer.com\/de\/wp-json\/wp\/v2\/pages\/4498\/revisions\/4505"}],"wp:featuredmedia":[{"embeddable":true,"href":"https:\/\/nuevo-renacer.com\/de\/wp-json\/wp\/v2\/media\/4500"}],"wp:attachment":[{"href":"https:\/\/nuevo-renacer.com\/de\/wp-json\/wp\/v2\/media?parent=4498"}],"curies":[{"name":"wp","href":"https:\/\/api.w.org\/{rel}","templated":true}]}}