{"id":4476,"date":"2024-09-04T12:09:42","date_gmt":"2024-09-04T12:09:42","guid":{"rendered":"https:\/\/nuevo-renacer.com\/?page_id=4476"},"modified":"2024-09-04T12:11:01","modified_gmt":"2024-09-04T12:11:01","slug":"fe-esperanza-y-consuelos","status":"publish","type":"page","link":"https:\/\/nuevo-renacer.com\/de\/fe-esperanza-y-consuelos\/","title":{"rendered":"Glaube, Hoffnung und Trost"},"content":{"rendered":"<div class=\"wp-block-uagb-container uagb-block-72fc214a alignfull uagb-is-root-container\"><div class=\"uagb-container-inner-blocks-wrap\">\n<p class=\"has-black-color has-text-color has-link-color has-medium-font-size wp-elements-86a785202b5f889a09d0fb74ea821c68\"><strong>Glaube, Hoffnung und Trost<\/strong><\/p>\n<\/div><\/div>\n\n\n\n<div class=\"wp-block-uagb-container uagb-block-bf87f872 alignfull uagb-is-root-container\"><div class=\"uagb-container-inner-blocks-wrap\">\n<figure class=\"wp-block-image size-full\"><img fetchpriority=\"high\" decoding=\"async\" width=\"380\" height=\"253\" src=\"https:\/\/nuevo-renacer.com\/wp-content\/uploads\/2024\/09\/depositphotos_265407638-stock-photo-the-man-on-the-background.jpg\" alt=\"\" class=\"wp-image-4478\" srcset=\"https:\/\/nuevo-renacer.com\/wp-content\/uploads\/2024\/09\/depositphotos_265407638-stock-photo-the-man-on-the-background.jpg 380w, https:\/\/nuevo-renacer.com\/wp-content\/uploads\/2024\/09\/depositphotos_265407638-stock-photo-the-man-on-the-background-300x200.jpg 300w, https:\/\/nuevo-renacer.com\/wp-content\/uploads\/2024\/09\/depositphotos_265407638-stock-photo-the-man-on-the-background-18x12.jpg 18w\" sizes=\"(max-width: 380px) 100vw, 380px\" \/><\/figure>\n<\/div><\/div>\n\n\n\n<div class=\"wp-block-uagb-container uagb-block-6b7bbc3e alignfull uagb-is-root-container\"><div class=\"uagb-container-inner-blocks-wrap\">\n<p class=\"has-black-color has-text-color has-link-color has-small-font-size wp-elements-25c0e8512e7a264aa90d78ddf66472fd\">Der Glaube ist das Vertrauen des Menschen in sein Schicksal, das Gef\u00fchl, das ihn zur unendlichen Macht f\u00fchrt; er ist die Gewissheit, den Weg zur Wahrheit betreten zu haben. Der blinde Glaube ist wie eine Laterne, deren roter Schein den Nebel nicht durchdringen kann; der erleuchtete Glaube ist ein m\u00e4chtiges Leuchtfeuer, das den zu beschreitenden Weg mit lebhafter Klarheit erhellt.<\/p>\n\n\n\n<p class=\"has-black-color has-text-color has-link-color has-small-font-size wp-elements-9af68d7d30d6f13cafceca0bcb80a959\">Diesen Glauben erwirbt man nicht, ohne durch die Qualen des Zweifels, durch alle Qualen, die die Suchenden bedr\u00e4ngen, gegangen zu sein. Letztere erhalten nichts als \u00fcberw\u00e4ltigende Ungewissheit und treiben lange Zeit zwischen zwei gegens\u00e4tzlichen Str\u00f6mungen. Selig ist, wer glaubt, wei\u00df, sieht und auf einem sicheren Weg geht! Sein Glaube ist tief und unersch\u00fctterlich. Er macht ihn f\u00e4hig, die gr\u00f6\u00dften Hindernisse zu \u00fcberwinden. In diesem Sinne wurde im \u00fcbertragenen Sinne gesagt, dass der Glaube Berge versetzt, wobei die Berge in diesem Fall die angeh\u00e4uften Schwierigkeiten darstellen, die sich den Neuerern, den Leidenschaften, der Unwissenheit, den Vorurteilen und den materiellen Interessen in den Weg stellen.<\/p>\n\n\n\n<p class=\"has-black-color has-text-color has-link-color has-small-font-size wp-elements-9b14eef466bba21808156c25fe755509\">Der Glaube wird gemeinhin nur als Glaube an bestimmte religi\u00f6se Dogmen gesehen, die ohne Pr\u00fcfung akzeptiert werden. Aber der Glaube ist auch die \u00dcberzeugung, die den Menschen beseelt und ihn auf andere Ziele hinlenkt. Es gibt den Glauben an sich selbst oder an ein materielles Werk, den politischen Glauben und den Glauben an das eigene Vaterland. F\u00fcr den K\u00fcnstler, den Dichter und den Denker ist der Glaube das Gef\u00fchl des Ideals, die Vision jenes erhabenen Brennpunkts, der von der g\u00f6ttlichen Hand auf den ewigen Gipfeln erleuchtet wird, um die Menschheit zur Sch\u00f6nheit und Wahrheit zu f\u00fchren.<\/p>\n\n\n\n<p class=\"has-black-color has-text-color has-link-color has-small-font-size wp-elements-9dfd4d79da2c648df9dfcafc147d12c0\">Der religi\u00f6se Glaube, der auf die Vernunft verzichtet und sich auf das Urteil anderer beruft, der eine Lehre als wahr oder falsch annimmt und sich ihr ohne \u00dcberpr\u00fcfung unterwirft, ist ein blinder Glaube. In seiner Ungeduld, in seinen Exzessen, greift er bequem zur Unterdr\u00fcckung und f\u00fchrt zu Fanatismus. So gesehen ist der Glaube immer noch ein starkes Motiv. Er hat die Menschen gelehrt, sich zu dem\u00fctigen und zu leiden. Pervertiert durch den Geist der Herrschaft, ist er die Ursache vieler Verbrechen gewesen; aber in seinen fatalen Folgen zeigt er uns immer noch die Vielfalt der Ressourcen, die in ihm stecken.<\/p>\n\n\n\n<p class=\"has-black-color has-text-color has-link-color has-small-font-size wp-elements-e0adb00bdb693afca5addb545ef0c6dc\">Wenn nun der blinde Glaube solche Wirkungen hervorrufen kann, was kann dann nicht auch der Glaube, der sich auf die Vernunft gr\u00fcndet, ein Glaube, der urteilt, erkennt und versteht? Einige Theologen fordern uns auf, die Vernunft zu verachten, sie zu verleugnen, sie mit F\u00fc\u00dfen zu treten. Sie beanstanden alle Irrt\u00fcmer, in die sie verfallen ist, und scheinen zu vergessen, dass es die Vernunft selbst ist, die uns geholfen hat, sie zu korrigieren. Sollten wir sie also verleugnen, wo es doch die Vernunft selbst ist, die uns offenbart, was gut und sch\u00f6n ist?<\/p>\n\n\n\n<p class=\"has-black-color has-text-color has-link-color has-small-font-size wp-elements-f9dd0637be1622c1b0c2942c78afd33b\">Die Vernunft ist ein h\u00f6heres Verm\u00f6gen, das dazu bestimmt ist, uns in allen Dingen zu erleuchten; sie entwickelt und vermehrt sich durch \u00dcbung, wie alle unsere F\u00e4higkeiten. Die menschliche Vernunft ist ein Abglanz der ewigen Vernunft. \u201e Es ist Gott in uns \u201c, sagt der heilige Paulus. Ihren Wert und ihren Nutzen zu missachten, bedeutet, die menschliche Natur zu missachten und die Gottheit selbst zu entweihen. Wer die Vernunft durch den Glauben ersetzen will, ignoriert die Tatsache, dass beide miteinander verbunden sind. Sie bekr\u00e4ftigen und beleben sich gegenseitig. Ihre Vereinigung \u00f6ffnet dem Denken ein breiteres Feld; sie harmonisiert unsere F\u00e4higkeiten und gibt uns inneren Frieden.<\/p>\n\n\n\n<p class=\"has-black-color has-text-color has-link-color has-small-font-size wp-elements-68e37c3cf9935512b6f4e69b7d862229\">Der Glaube ist die Mutter edler Empfindungen und gro\u00dfer Taten. Der zutiefst \u00fcberzeugte Mensch bleibt unersch\u00fcttert im Angesicht der Gefahr, wie auch inmitten des Leidens. St\u00e4rker als Verf\u00fchrungen, Schmeicheleien und Drohungen, lauter als die Stimme der Leidenschaft, h\u00f6rt er eine Stimme, die in den Tiefen seines Gewissens erklingt und deren Akzente ihn im Kampf beleben und in gef\u00e4hrlichen Stunden warnen.<\/p>\n\n\n\n<p class=\"has-black-color has-text-color has-link-color has-small-font-size wp-elements-dee4f389ca935d3a651aad7332e2a2e2\">Um zu solchen Ergebnissen zu gelangen, muss der Glaube auf dem soliden Fundament der freien Pr\u00fcfung und der Freiheit des Denkens ruhen. Anstelle von Dogmen und Mysterien darf er nur solche Prinzipien anerkennen, die aus direkter Beobachtung und dem Studium der Naturgesetze abgeleitet werden. Das ist der Charakter des spiritistischen Glaubens.<\/p>\n\n\n\n<p class=\"has-black-color has-text-color has-link-color has-small-font-size wp-elements-80a9a42fe9c1dada9776acaaac0d9662\">Die Philosophie der Geister bietet uns einen Glauben an, der, weil er rational ist, nicht weniger robust ist. Das Wissen um die unsichtbare Welt, das Vertrauen in ein h\u00f6heres Gesetz der Gerechtigkeit und des Fortschritts, gibt dem Glauben einen doppelten Charakter von Ruhe und Sicherheit.<\/p>\n\n\n\n<p class=\"has-black-color has-text-color has-link-color has-small-font-size wp-elements-38cd1c2c733f7845b31303d74025f7be\">Was gibt es denn zu f\u00fcrchten, wenn man wei\u00df, dass keine Seele zugrunde gehen kann, dass man nach den St\u00fcrmen und Tr\u00e4nen des Lebens, jenseits der d\u00fcsteren Nacht, in der alles zu versinken scheint, den bezaubernden Schimmer von Tagen sieht, die niemals enden werden?<\/p>\n\n\n\n<p class=\"has-black-color has-text-color has-link-color has-small-font-size wp-elements-555320fecc24639b622b752f91691189\">Wenn das frostige Alter sich anschleicht, sein Stigma auf die Stirn legt, die Augen tr\u00fcbt, die Glieder faltig macht, uns unter seiner Last beugt, dann kommt mit ihm Traurigkeit, Abneigung gegen alles und ein gro\u00dfes Gef\u00fchl der M\u00fcdigkeit, ein Bed\u00fcrfnis nach Ruhe wie ein Durst nach dem Nichts. Oh, in dieser Stunde der Verwirrung, in diesem Zwielicht des Lebens, wie frohlockt und tr\u00f6stet das kleine Licht, das in der Seele des Gl\u00e4ubigen leuchtet, der Glaube an die unendliche Zukunft, der Glaube an die Gerechtigkeit, an die H\u00f6chste G\u00fcte!<\/p>\n\n\n\n<p class=\"has-black-color has-text-color has-link-color has-small-font-size wp-elements-efd294d21b57f185802b33e9a452b22c\">Durchdrungen von dem Gedanken, dass dieses Leben nur ein Augenblick in der Gesamtheit unserer unsterblichen Existenz ist, lasst uns die unvermeidlichen \u00dcbel, die uns begegnen, mit Geduld annehmen. Die Aussicht auf die vor uns liegenden Zeitalter wird uns Kraft geben, unser gegenw\u00e4rtiges Elend zu meistern und uns \u00fcber die Schwankungen des Schicksals zu erheben. Wir werden uns freier und besser f\u00fcr den Kampf gewappnet f\u00fchlen. Der Spiritist, der die Ursache seiner Leiden kennt, versteht die Notwendigkeit dieser Leiden. Er wei\u00df, dass das Leiden legitim ist, und nimmt es ohne Protest an. F\u00fcr ihn bedeutet der Tod nicht das Nichts; die Bande der Zuneigung bestehen im Leben jenseits des Grabes fort, und alle, die auf der Erde geliebt werden, treffen sich wieder, befreit vom irdischen Elend, weit weg von diesem harten Haus; nur f\u00fcr die B\u00f6sen gibt es eine Trennung. Aus diesen \u00dcberzeugungen sch\u00f6pfen die Gleichg\u00fcltigen und Skeptiker unbekannte Tr\u00f6stungen. Wenn von einem Ende des Erdballs zum anderen alle Seelen in diesem m\u00e4chtigen Glauben zusammenk\u00e4men, w\u00fcrden wir die gr\u00f6\u00dfte moralische Ver\u00e4nderung erleben, die die Geschichte je aufgezeichnet hat.<\/p>\n\n\n\n<p class=\"has-black-color has-text-color has-link-color has-small-font-size wp-elements-64a4f526ff211d9fe382c273d8589068\">Doch bis jetzt besitzen nur sehr wenige Menschen diesen Glauben. Der Geist der Wahrheit hat zur Erde gesprochen, aber die Erde hat nicht auf seine Worte geh\u00f6rt. Es sind nicht die M\u00e4chtigen, die zugeh\u00f6rt haben, sondern die Dem\u00fctigen, die Kleinen, die Enterbten, alle, die nach Hoffnung d\u00fcrsten. Die spirituelle Revolution stie\u00df zun\u00e4chst auf starken Widerstand in religi\u00f6sen und wissenschaftlichen Kreisen. Dieser Zustand ist im Begriff, sich zu legen. Nur wenige Menschen haben den Mut, ihren Irrtum zu verleugnen und zuzugeben; die meisten ziehen es vor, ihr ganzes Leben lang gegen eine Wahrheit zu k\u00e4mpfen, die ihre Interessen gef\u00e4hrden oder ihre Anspr\u00fcche zerst\u00f6ren k\u00f6nnte. Andere erkennen insgeheim die G\u00fcte und Gr\u00f6\u00dfe dieser Lehre an, aber ihre moralischen Forderungen schrecken sie ab. Sie klammern sich an ihre Vergn\u00fcgungen, wollen leben, wie es ihnen gef\u00e4llt, und k\u00fcmmern sich nicht um das Jenseits; sie verdr\u00e4ngen alles, was sie dazu bringen k\u00f6nnte, mit den verderblichen Br\u00e4uchen zu brechen, die ihnen lieb und teuer sind. Diese Theorien werden daher f\u00fcr sie eine Quelle bitteren Kummers sein.<\/p>\n\n\n\n<p class=\"has-black-color has-text-color has-link-color has-small-font-size wp-elements-24099c7953e7e3a5a3a67c743a6df9cf\">Unsere fieberhafte Gesellschaft k\u00fcmmert sich zu wenig um die moralische Lehre. Zu viele widerspr\u00fcchliche Meinungen stolpern und prallen aufeinander; inmitten dieses verwirrten Zustandes, getrieben vom Wirbelwind des materiellen Lebens, denkt der Mensch wenig nach. Aber jeder aufrichtige Geist, der Glauben und Wahrheit sucht, wird sie in der Neuoffenbarung finden. Ein Einflu\u00df aus der H\u00f6he wird \u00fcber ihn hinweggehen und ihn in dieses anbrechende Licht f\u00fchren, das eines Tages die ganze Menschheit erleuchten wird.<\/p>\n\n\n\n<p class=\"has-small-font-size\"><em><strong>Le\u00f3n Denis <\/strong>\u2013 Der gerade Weg<\/em> \u2503 <em>Spiritistische Auffassung des moralischen Gesetzes<\/em><\/p>\n\n\n\n<p class=\"has-small-font-size\"><\/p>\n<\/div><\/div>","protected":false},"excerpt":{"rendered":"<p>Fe, Esperanza y Consuelos La fe es la confianza del hombre en sus destinos, el sentimiento que le lleva hacia el Poder infinito; es la certidumbre de haber entrado en el camino que conduce a la verdad. La fe ciega es como un farol cuyo rojo resplandor no puede traspasar la niebla; la fe esclarecida [&hellip;]<\/p>","protected":false},"author":1,"featured_media":4478,"parent":0,"menu_order":0,"comment_status":"closed","ping_status":"closed","template":"","meta":{"_uag_custom_page_level_css":"","site-sidebar-layout":"default","site-content-layout":"","ast-site-content-layout":"default","site-content-style":"default","site-sidebar-style":"default","ast-global-header-display":"","ast-banner-title-visibility":"","ast-main-header-display":"","ast-hfb-above-header-display":"","ast-hfb-below-header-display":"","ast-hfb-mobile-header-display":"","site-post-title":"","ast-breadcrumbs-content":"","ast-featured-img":"","footer-sml-layout":"","theme-transparent-header-meta":"","adv-header-id-meta":"","stick-header-meta":"","header-above-stick-meta":"","header-main-stick-meta":"","header-below-stick-meta":"","astra-migrate-meta-layouts":"set","ast-page-background-enabled":"default","ast-page-background-meta":{"desktop":{"background-color":"var(--ast-global-color-4)","background-image":"","background-repeat":"repeat","background-position":"center center","background-size":"auto","background-attachment":"scroll","background-type":"","background-media":"","overlay-type":"","overlay-color":"","overlay-opacity":"","overlay-gradient":""},"tablet":{"background-color":"","background-image":"","background-repeat":"repeat","background-position":"center center","background-size":"auto","background-attachment":"scroll","background-type":"","background-media":"","overlay-type":"","overlay-color":"","overlay-opacity":"","overlay-gradient":""},"mobile":{"background-color":"","background-image":"","background-repeat":"repeat","background-position":"center center","background-size":"auto","background-attachment":"scroll","background-type":"","background-media":"","overlay-type":"","overlay-color":"","overlay-opacity":"","overlay-gradient":""}},"ast-content-background-meta":{"desktop":{"background-color":"var(--ast-global-color-5)","background-image":"","background-repeat":"repeat","background-position":"center center","background-size":"auto","background-attachment":"scroll","background-type":"","background-media":"","overlay-type":"","overlay-color":"","overlay-opacity":"","overlay-gradient":""},"tablet":{"background-color":"var(--ast-global-color-5)","background-image":"","background-repeat":"repeat","background-position":"center center","background-size":"auto","background-attachment":"scroll","background-type":"","background-media":"","overlay-type":"","overlay-color":"","overlay-opacity":"","overlay-gradient":""},"mobile":{"background-color":"var(--ast-global-color-5)","background-image":"","background-repeat":"repeat","background-position":"center center","background-size":"auto","background-attachment":"scroll","background-type":"","background-media":"","overlay-type":"","overlay-color":"","overlay-opacity":"","overlay-gradient":""}},"footnotes":""},"class_list":["post-4476","page","type-page","status-publish","has-post-thumbnail","hentry"],"yoast_head":"<!-- This site is optimized with the Yoast SEO Premium plugin v24.2 (Yoast SEO v24.6) - https:\/\/yoast.com\/wordpress\/plugins\/seo\/ -->\n<title>Fe, Esperanza y Consuelos - Uni\u00f3n Esp\u00edrita<\/title>\n<meta name=\"robots\" content=\"index, follow, max-snippet:-1, max-image-preview:large, max-video-preview:-1\" \/>\n<link rel=\"canonical\" href=\"https:\/\/nuevo-renacer.com\/de\/fe-esperanza-y-consuelos\/\" \/>\n<meta property=\"og:locale\" content=\"de_DE\" \/>\n<meta property=\"og:type\" content=\"article\" \/>\n<meta property=\"og:title\" content=\"Fe, Esperanza y Consuelos\" \/>\n<meta property=\"og:description\" content=\"Fe, Esperanza y Consuelos La fe es la confianza del hombre en sus destinos, el sentimiento que le lleva hacia el Poder infinito; es la certidumbre de haber entrado en el camino que conduce a la verdad. La fe ciega es como un farol cuyo rojo resplandor no puede traspasar la niebla; la fe esclarecida [&hellip;]\" \/>\n<meta property=\"og:url\" content=\"https:\/\/nuevo-renacer.com\/de\/fe-esperanza-y-consuelos\/\" \/>\n<meta property=\"og:site_name\" content=\"Uni\u00f3n Esp\u00edrita\" \/>\n<meta property=\"article:publisher\" content=\"https:\/\/www.facebook.com\/groups\/3431398063740829\" \/>\n<meta property=\"article:modified_time\" content=\"2024-09-04T12:11:01+00:00\" \/>\n<meta property=\"og:image\" content=\"https:\/\/nuevo-renacer.com\/wp-content\/uploads\/2024\/09\/depositphotos_265407638-stock-photo-the-man-on-the-background.jpg\" \/>\n\t<meta property=\"og:image:width\" content=\"380\" \/>\n\t<meta property=\"og:image:height\" content=\"253\" \/>\n\t<meta property=\"og:image:type\" content=\"image\/jpeg\" \/>\n<meta name=\"twitter:card\" content=\"summary_large_image\" \/>\n<meta name=\"twitter:label1\" content=\"Gesch\u00e4tzte Lesezeit\" \/>\n\t<meta name=\"twitter:data1\" content=\"7\u00a0Minuten\" \/>\n<script type=\"application\/ld+json\" class=\"yoast-schema-graph\">{\"@context\":\"https:\/\/schema.org\",\"@graph\":[{\"@type\":\"WebPage\",\"@id\":\"https:\/\/nuevo-renacer.com\/fe-esperanza-y-consuelos\/\",\"url\":\"https:\/\/nuevo-renacer.com\/fe-esperanza-y-consuelos\/\",\"name\":\"Fe, Esperanza y Consuelos - Uni\u00f3n Esp\u00edrita\",\"isPartOf\":{\"@id\":\"https:\/\/nuevo-renacer.com\/#website\"},\"primaryImageOfPage\":{\"@id\":\"https:\/\/nuevo-renacer.com\/fe-esperanza-y-consuelos\/#primaryimage\"},\"image\":{\"@id\":\"https:\/\/nuevo-renacer.com\/fe-esperanza-y-consuelos\/#primaryimage\"},\"thumbnailUrl\":\"https:\/\/nuevo-renacer.com\/wp-content\/uploads\/2024\/09\/depositphotos_265407638-stock-photo-the-man-on-the-background.jpg\",\"datePublished\":\"2024-09-04T12:09:42+00:00\",\"dateModified\":\"2024-09-04T12:11:01+00:00\",\"breadcrumb\":{\"@id\":\"https:\/\/nuevo-renacer.com\/fe-esperanza-y-consuelos\/#breadcrumb\"},\"inLanguage\":\"de\",\"potentialAction\":[{\"@type\":\"ReadAction\",\"target\":[\"https:\/\/nuevo-renacer.com\/fe-esperanza-y-consuelos\/\"]}]},{\"@type\":\"ImageObject\",\"inLanguage\":\"de\",\"@id\":\"https:\/\/nuevo-renacer.com\/fe-esperanza-y-consuelos\/#primaryimage\",\"url\":\"https:\/\/nuevo-renacer.com\/wp-content\/uploads\/2024\/09\/depositphotos_265407638-stock-photo-the-man-on-the-background.jpg\",\"contentUrl\":\"https:\/\/nuevo-renacer.com\/wp-content\/uploads\/2024\/09\/depositphotos_265407638-stock-photo-the-man-on-the-background.jpg\",\"width\":380,\"height\":253},{\"@type\":\"BreadcrumbList\",\"@id\":\"https:\/\/nuevo-renacer.com\/fe-esperanza-y-consuelos\/#breadcrumb\",\"itemListElement\":[{\"@type\":\"ListItem\",\"position\":1,\"name\":\"Startseite\",\"item\":\"https:\/\/nuevo-renacer.com\/\"},{\"@type\":\"ListItem\",\"position\":2,\"name\":\"Fe, Esperanza y Consuelos\"}]},{\"@type\":\"WebSite\",\"@id\":\"https:\/\/nuevo-renacer.com\/#website\",\"url\":\"https:\/\/nuevo-renacer.com\/\",\"name\":\"Uni\u00f3n Esp\u00edrita\",\"description\":\"Nuevo Renacer\",\"publisher\":{\"@id\":\"https:\/\/nuevo-renacer.com\/#organization\"},\"potentialAction\":[{\"@type\":\"SearchAction\",\"target\":{\"@type\":\"EntryPoint\",\"urlTemplate\":\"https:\/\/nuevo-renacer.com\/?s={search_term_string}\"},\"query-input\":{\"@type\":\"PropertyValueSpecification\",\"valueRequired\":true,\"valueName\":\"search_term_string\"}}],\"inLanguage\":\"de\"},{\"@type\":\"Organization\",\"@id\":\"https:\/\/nuevo-renacer.com\/#organization\",\"name\":\"UFEC\",\"url\":\"https:\/\/nuevo-renacer.com\/\",\"logo\":{\"@type\":\"ImageObject\",\"inLanguage\":\"de\",\"@id\":\"https:\/\/nuevo-renacer.com\/#\/schema\/logo\/image\/\",\"url\":\"https:\/\/nuevo-renacer.com\/wp-content\/uploads\/2024\/05\/cropped-LOGO-TERMINADO1-3-3.png\",\"contentUrl\":\"https:\/\/nuevo-renacer.com\/wp-content\/uploads\/2024\/05\/cropped-LOGO-TERMINADO1-3-3.png\",\"width\":512,\"height\":512,\"caption\":\"UFEC\"},\"image\":{\"@id\":\"https:\/\/nuevo-renacer.com\/#\/schema\/logo\/image\/\"},\"sameAs\":[\"https:\/\/www.facebook.com\/groups\/3431398063740829\"]}]}<\/script>\n<!-- \/ Yoast SEO Premium plugin. -->","yoast_head_json":{"title":"Fe, Esperanza y Consuelos - Uni\u00f3n Esp\u00edrita","robots":{"index":"index","follow":"follow","max-snippet":"max-snippet:-1","max-image-preview":"max-image-preview:large","max-video-preview":"max-video-preview:-1"},"canonical":"https:\/\/nuevo-renacer.com\/de\/fe-esperanza-y-consuelos\/","og_locale":"de_DE","og_type":"article","og_title":"Fe, Esperanza y Consuelos","og_description":"Fe, Esperanza y Consuelos La fe es la confianza del hombre en sus destinos, el sentimiento que le lleva hacia el Poder infinito; es la certidumbre de haber entrado en el camino que conduce a la verdad. La fe ciega es como un farol cuyo rojo resplandor no puede traspasar la niebla; la fe esclarecida [&hellip;]","og_url":"https:\/\/nuevo-renacer.com\/de\/fe-esperanza-y-consuelos\/","og_site_name":"Uni\u00f3n Esp\u00edrita","article_publisher":"https:\/\/www.facebook.com\/groups\/3431398063740829","article_modified_time":"2024-09-04T12:11:01+00:00","og_image":[{"width":380,"height":253,"url":"https:\/\/nuevo-renacer.com\/wp-content\/uploads\/2024\/09\/depositphotos_265407638-stock-photo-the-man-on-the-background.jpg","type":"image\/jpeg"}],"twitter_card":"summary_large_image","twitter_misc":{"Gesch\u00e4tzte Lesezeit":"7\u00a0Minuten"},"schema":{"@context":"https:\/\/schema.org","@graph":[{"@type":"WebPage","@id":"https:\/\/nuevo-renacer.com\/fe-esperanza-y-consuelos\/","url":"https:\/\/nuevo-renacer.com\/fe-esperanza-y-consuelos\/","name":"Fe, Esperanza y Consuelos - Uni\u00f3n Esp\u00edrita","isPartOf":{"@id":"https:\/\/nuevo-renacer.com\/#website"},"primaryImageOfPage":{"@id":"https:\/\/nuevo-renacer.com\/fe-esperanza-y-consuelos\/#primaryimage"},"image":{"@id":"https:\/\/nuevo-renacer.com\/fe-esperanza-y-consuelos\/#primaryimage"},"thumbnailUrl":"https:\/\/nuevo-renacer.com\/wp-content\/uploads\/2024\/09\/depositphotos_265407638-stock-photo-the-man-on-the-background.jpg","datePublished":"2024-09-04T12:09:42+00:00","dateModified":"2024-09-04T12:11:01+00:00","breadcrumb":{"@id":"https:\/\/nuevo-renacer.com\/fe-esperanza-y-consuelos\/#breadcrumb"},"inLanguage":"de","potentialAction":[{"@type":"ReadAction","target":["https:\/\/nuevo-renacer.com\/fe-esperanza-y-consuelos\/"]}]},{"@type":"ImageObject","inLanguage":"de","@id":"https:\/\/nuevo-renacer.com\/fe-esperanza-y-consuelos\/#primaryimage","url":"https:\/\/nuevo-renacer.com\/wp-content\/uploads\/2024\/09\/depositphotos_265407638-stock-photo-the-man-on-the-background.jpg","contentUrl":"https:\/\/nuevo-renacer.com\/wp-content\/uploads\/2024\/09\/depositphotos_265407638-stock-photo-the-man-on-the-background.jpg","width":380,"height":253},{"@type":"BreadcrumbList","@id":"https:\/\/nuevo-renacer.com\/fe-esperanza-y-consuelos\/#breadcrumb","itemListElement":[{"@type":"ListItem","position":1,"name":"Startseite","item":"https:\/\/nuevo-renacer.com\/"},{"@type":"ListItem","position":2,"name":"Fe, Esperanza y Consuelos"}]},{"@type":"WebSite","@id":"https:\/\/nuevo-renacer.com\/#website","url":"https:\/\/nuevo-renacer.com\/","name":"Uni\u00f3n Esp\u00edrita","description":"Nuevo Renacer","publisher":{"@id":"https:\/\/nuevo-renacer.com\/#organization"},"potentialAction":[{"@type":"SearchAction","target":{"@type":"EntryPoint","urlTemplate":"https:\/\/nuevo-renacer.com\/?s={search_term_string}"},"query-input":{"@type":"PropertyValueSpecification","valueRequired":true,"valueName":"search_term_string"}}],"inLanguage":"de"},{"@type":"Organization","@id":"https:\/\/nuevo-renacer.com\/#organization","name":"UFEC","url":"https:\/\/nuevo-renacer.com\/","logo":{"@type":"ImageObject","inLanguage":"de","@id":"https:\/\/nuevo-renacer.com\/#\/schema\/logo\/image\/","url":"https:\/\/nuevo-renacer.com\/wp-content\/uploads\/2024\/05\/cropped-LOGO-TERMINADO1-3-3.png","contentUrl":"https:\/\/nuevo-renacer.com\/wp-content\/uploads\/2024\/05\/cropped-LOGO-TERMINADO1-3-3.png","width":512,"height":512,"caption":"UFEC"},"image":{"@id":"https:\/\/nuevo-renacer.com\/#\/schema\/logo\/image\/"},"sameAs":["https:\/\/www.facebook.com\/groups\/3431398063740829"]}]}},"uagb_featured_image_src":{"full":["https:\/\/nuevo-renacer.com\/wp-content\/uploads\/2024\/09\/depositphotos_265407638-stock-photo-the-man-on-the-background.jpg",380,253,false],"thumbnail":["https:\/\/nuevo-renacer.com\/wp-content\/uploads\/2024\/09\/depositphotos_265407638-stock-photo-the-man-on-the-background-150x150.jpg",150,150,true],"medium":["https:\/\/nuevo-renacer.com\/wp-content\/uploads\/2024\/09\/depositphotos_265407638-stock-photo-the-man-on-the-background-300x200.jpg",300,200,true],"medium_large":["https:\/\/nuevo-renacer.com\/wp-content\/uploads\/2024\/09\/depositphotos_265407638-stock-photo-the-man-on-the-background.jpg",380,253,false],"large":["https:\/\/nuevo-renacer.com\/wp-content\/uploads\/2024\/09\/depositphotos_265407638-stock-photo-the-man-on-the-background.jpg",380,253,false],"1536x1536":["https:\/\/nuevo-renacer.com\/wp-content\/uploads\/2024\/09\/depositphotos_265407638-stock-photo-the-man-on-the-background.jpg",380,253,false],"2048x2048":["https:\/\/nuevo-renacer.com\/wp-content\/uploads\/2024\/09\/depositphotos_265407638-stock-photo-the-man-on-the-background.jpg",380,253,false],"trp-custom-language-flag":["https:\/\/nuevo-renacer.com\/wp-content\/uploads\/2024\/09\/depositphotos_265407638-stock-photo-the-man-on-the-background-18x12.jpg",18,12,true]},"uagb_author_info":{"display_name":"adbv0","author_link":"https:\/\/nuevo-renacer.com\/de\/author\/adbv0\/"},"uagb_comment_info":0,"uagb_excerpt":"Fe, Esperanza y Consuelos La fe es la confianza del hombre en sus destinos, el sentimiento que le lleva hacia el Poder infinito; es la certidumbre de haber entrado en el camino que conduce a la verdad. La fe ciega es como un farol cuyo rojo resplandor no puede traspasar la niebla; la fe esclarecida&hellip;","jetpack_sharing_enabled":true,"_links":{"self":[{"href":"https:\/\/nuevo-renacer.com\/de\/wp-json\/wp\/v2\/pages\/4476","targetHints":{"allow":["GET"]}}],"collection":[{"href":"https:\/\/nuevo-renacer.com\/de\/wp-json\/wp\/v2\/pages"}],"about":[{"href":"https:\/\/nuevo-renacer.com\/de\/wp-json\/wp\/v2\/types\/page"}],"author":[{"embeddable":true,"href":"https:\/\/nuevo-renacer.com\/de\/wp-json\/wp\/v2\/users\/1"}],"replies":[{"embeddable":true,"href":"https:\/\/nuevo-renacer.com\/de\/wp-json\/wp\/v2\/comments?post=4476"}],"version-history":[{"count":3,"href":"https:\/\/nuevo-renacer.com\/de\/wp-json\/wp\/v2\/pages\/4476\/revisions"}],"predecessor-version":[{"id":4480,"href":"https:\/\/nuevo-renacer.com\/de\/wp-json\/wp\/v2\/pages\/4476\/revisions\/4480"}],"wp:featuredmedia":[{"embeddable":true,"href":"https:\/\/nuevo-renacer.com\/de\/wp-json\/wp\/v2\/media\/4478"}],"wp:attachment":[{"href":"https:\/\/nuevo-renacer.com\/de\/wp-json\/wp\/v2\/media?parent=4476"}],"curies":[{"name":"wp","href":"https:\/\/api.w.org\/{rel}","templated":true}]}}