{"id":4464,"date":"2024-09-04T08:00:34","date_gmt":"2024-09-04T08:00:34","guid":{"rendered":"https:\/\/nuevo-renacer.com\/?page_id=4464"},"modified":"2024-09-04T08:11:56","modified_gmt":"2024-09-04T08:11:56","slug":"el-deber","status":"publish","type":"page","link":"https:\/\/nuevo-renacer.com\/de\/el-deber\/","title":{"rendered":"Die Pflicht"},"content":{"rendered":"<div class=\"wp-block-uagb-container uagb-block-60335df4 alignfull uagb-is-root-container\"><div class=\"uagb-container-inner-blocks-wrap\">\n<p class=\"has-black-color has-text-color has-link-color has-medium-font-size wp-elements-858f579b522f901d81df1e9dae410edf\"><strong>Die Pflicht<\/strong><\/p>\n<\/div><\/div>\n\n\n\n<div class=\"wp-block-uagb-container uagb-block-8b99482b alignfull uagb-is-root-container\"><div class=\"uagb-container-inner-blocks-wrap\">\n<figure class=\"wp-block-image size-large is-resized\"><img fetchpriority=\"high\" decoding=\"async\" width=\"1024\" height=\"576\" src=\"https:\/\/nuevo-renacer.com\/wp-content\/uploads\/2024\/09\/wp2268960-1024x576.jpg\" alt=\"\" class=\"wp-image-4466\" style=\"width:348px;height:auto\" srcset=\"https:\/\/nuevo-renacer.com\/wp-content\/uploads\/2024\/09\/wp2268960-1024x576.jpg 1024w, https:\/\/nuevo-renacer.com\/wp-content\/uploads\/2024\/09\/wp2268960-300x169.jpg 300w, https:\/\/nuevo-renacer.com\/wp-content\/uploads\/2024\/09\/wp2268960-768x432.jpg 768w, https:\/\/nuevo-renacer.com\/wp-content\/uploads\/2024\/09\/wp2268960-1536x864.jpg 1536w, https:\/\/nuevo-renacer.com\/wp-content\/uploads\/2024\/09\/wp2268960-18x10.jpg 18w, https:\/\/nuevo-renacer.com\/wp-content\/uploads\/2024\/09\/wp2268960.jpg 1920w\" sizes=\"(max-width: 1024px) 100vw, 1024px\" \/><\/figure>\n<\/div><\/div>\n\n\n\n<div class=\"wp-block-uagb-container uagb-block-c0505d80 alignfull uagb-is-root-container\"><div class=\"uagb-container-inner-blocks-wrap\">\n<p class=\"has-black-color has-text-color has-link-color has-small-font-size wp-elements-5f05d84e09059ad6e7ed1af5990df36d\">Die Pflicht ist die Gesamtheit der Vorschriften des Sittengesetzes, die Regel f\u00fcr das Verhalten des Menschen in seinen Beziehungen zu seinen Mitmenschen und zum gesamten Universum. Als edle und heilige Gestalt wacht sie \u00fcber die Menschheit und inspiriert zu gro\u00dfen Opfern, reiner Entsagung und sch\u00f6ner Begeisterung. L\u00e4chelnd f\u00fcr die einen, furchtsam f\u00fcr die anderen, immer unnachgiebig, erhebt er sich vor uns und zeigt uns die Leiter des Fortschritts, deren Stufen sich in unermesslichen H\u00f6hen verlieren.<\/p>\n\n\n\n<p class=\"has-black-color has-text-color has-link-color has-small-font-size wp-elements-5410bfb8292cee365849f0a267e45971\">Die Pflicht ist nicht f\u00fcr alle gleich. Sie variiert, je nach unserem Zustand und unserem Wissen. Je h\u00f6her wir aufsteigen, desto mehr Gr\u00f6\u00dfe, Erhabenheit und Ausdehnung erlangt sie in unseren Augen. Und immer ist ihre Anbetung s\u00fc\u00df und gut, und die Unterwerfung unter ihre Gesetze ist fruchtbar f\u00fcr intime Freuden, denen nichts gleichkommen kann.<\/p>\n\n\n\n<p class=\"has-black-color has-text-color has-link-color has-small-font-size wp-elements-00c864e4622eee6b03b900e7b1956862\">Wie dunkel der Zustand eines Menschen auch sein mag, wie bescheiden sein Los auch sein mag, die Pflicht beherrscht und veredelt sein Leben. Ihm verdanken wir jene Gelassenheit des Geistes, jene innere Ruhe, die kostbarer ist als alle G\u00fcter der Erde, die wir auch inmitten des Leidens schmecken k\u00f6nnen und die unser Schicksal in seiner strengen Linie verfolgen muss; aber wir k\u00f6nnen uns immer, auch inmitten der St\u00fcrme, den Frieden des Gewissens sichern, die Befriedigung, die uns die Erf\u00fcllung der Pflicht bringt.<\/p>\n\n\n\n<p class=\"has-black-color has-text-color has-link-color has-small-font-size wp-elements-6b2f173602b6574cace4896eebbbbec3\">Das Gef\u00fchl der Pflicht ist in jedem hohen Geist tief verwurzelt. Es geht seinen Weg ohne Anstrengung; durch eine nat\u00fcrliche Tendenz, das Ergebnis des erworbenen Fortschritts, wendet es sich von den schlechten Dingen ab und lenkt die Impulse seines Wesens auf das Gute. Die Pflicht wird dann zu einer Verpflichtung jedes Augenblicks, zur Bedingung des Daseins selbst, zu einer Macht, der man sich im Leben und im Tod unaufl\u00f6slich verbunden f\u00fchlt.<\/p>\n\n\n\n<p class=\"has-black-color has-text-color has-link-color has-small-font-size wp-elements-18a37a1e2e8d38563fa5a1154d7447d2\">Die Pflicht hat viele Formen. Es gibt die Pflicht uns selbst gegen\u00fcber, die darin besteht, uns selbst zu respektieren, uns weise zu verhalten, nicht zu viel zu wollen, nur das zu tun, was w\u00fcrdig, n\u00fctzlich und gut ist. Es gibt die berufliche Pflicht, die verlangt, dass wir die Pflichten unseres Amtes gewissenhaft erf\u00fcllen. Es gibt die soziale Pflicht, die uns auffordert, die Menschen zu lieben, f\u00fcr sie zu arbeiten, unserem Land und der Menschheit treu zu dienen. Es gibt die Pflicht gegen\u00fcber Gott. Die Pflicht kennt keine Grenzen. Sie kann immer verbessert werden, und in der Selbstverbrennung findet das Ich das sicherste Mittel zur Selbstverherrlichung und Selbstreinigung.<\/p>\n\n\n\n<p class=\"has-black-color has-text-color has-link-color has-small-font-size wp-elements-c527fb31e39444ac7c8035e3b1e45fd3\">Ehrlichkeit ist das eigentliche Wesen des moralischen Menschen. Sobald er von ihm abweicht, ist er ungl\u00fccklich. Der ehrliche Mensch tut das Gute um des Guten willen, ohne Anerkennung oder Belohnung zu suchen. Er ignoriert Hass und Rache, vergisst Beleidigungen und verzeiht seinen Feinden. Er ist g\u00fctig zu allen und barmherzig zu den Dem\u00fctigen. In jedem Menschen sieht er einen Bruder, egal aus welchem Land er kommt und welchen Glauben er hat. Voller Toleranz respektiert er aufrichtige \u00dcberzeugungen, verzeiht die Fehler der anderen, hebt ihre Tugenden hervor und murrt nie. Er geht ma\u00dfvoll mit den G\u00fctern um, die ihm das Leben schenkt, setzt sie zur Verbesserung der Gesellschaft ein und beneidet niemanden, wenn er arm ist.<\/p>\n\n\n\n<p class=\"has-black-color has-text-color has-link-color has-small-font-size wp-elements-baec94e1fa4c9b8aadfe72423c8c328c\">Ehrlichkeit vor der Welt ist nicht immer Ehrlichkeit nach den g\u00f6ttlichen Gesetzen. Die \u00f6ffentliche Meinung hat ihren Wert; sie vers\u00fc\u00dft die Aus\u00fcbung des Guten, aber sie kann nicht als unfehlbar angesehen werden. Der vern\u00fcnftige Mensch verschm\u00e4ht sie gewiss nicht; aber wenn sie ungerecht oder unzureichend ist, l\u00e4sst er sie au\u00dfer Acht und richtet seine Pflicht nach einer sichereren Regel aus. Verdienst und Tugend sind auf der Erde zuweilen unbekannt, und die Urteile der Menge werden oft von ihren Leidenschaften und materiellen Interessen beeinflusst. Der ehrliche Mensch sucht vor allem seine eigene Wertsch\u00e4tzung und die Zustimmung seines Gewissens.<\/p>\n\n\n\n<p class=\"has-black-color has-text-color has-link-color has-small-font-size wp-elements-9b4fcd46b4aaedf8c61065ec9728e307\">Wer die volle moralische Tragweite der spiritistischen Lehre verstanden hat, hat eine noch h\u00f6here Auffassung von Pflicht. Er wei\u00df, dass die Verantwortung mit dem Wissen korreliert; dass der Besitz der Geheimnisse aus dem Jenseits ihm die Verpflichtung auferlegt, energischer f\u00fcr die Verbesserung seiner selbst und seiner Br\u00fcder zu arbeiten. Die Stimmen aus der H\u00f6he haben ihr Echo in ihm widerhallen lassen und Kr\u00e4fte geweckt, die in den meisten Menschen schlummern, und haben ihn auf seinem Weg nach oben m\u00e4chtig gefordert. Ein edles Ideal regt ihn an und qu\u00e4lt ihn zugleich und macht ihn zum Gesp\u00f6tt der B\u00f6sen, aber er w\u00fcrde es nicht gegen alle Sch\u00e4tze eines Reiches eintauschen. Die Praxis der N\u00e4chstenliebe ist ihm leicht geworden. Sie hat ihn gelehrt, seine Sensibilit\u00e4t und seine Gef\u00fchlsqualit\u00e4ten zu entwickeln. Mitf\u00fchlend und gut, leidet er unter allen \u00dcbeln der Menschheit; er m\u00f6chte mit seinen Gef\u00e4hrten im Ungl\u00fcck die Hoffnungen teilen, die ihn tragen; er m\u00f6chte alle Tr\u00e4nen abwischen, alle Wunden heilen, alle Schmerzen entfernen...<\/p>\n\n\n\n<p class=\"has-black-color has-text-color has-link-color has-small-font-size wp-elements-9c31219bac0eb9cd647ff266e5c882a5\">Die st\u00e4ndige Aus\u00fcbung der Pflicht f\u00fchrt zur Vollkommenheit. Um dies zu beschleunigen, m\u00fcssen wir zun\u00e4chst uns selbst sorgf\u00e4ltig untersuchen und unsere Handlungen einem gewissenhaften Urteil unterziehen. Das B\u00f6se kann nicht beseitigt werden, ohne es zu kennen.<\/p>\n\n\n\n<p class=\"has-black-color has-text-color has-link-color has-small-font-size wp-elements-4844fdf0cdef65cbd0bd8f24c8f5dc09\">Wir k\u00f6nnen sogar uns selbst in anderen Menschen studieren. Wenn uns bei ihnen ein Laster, ein unangenehmer Fehler auff\u00e4llt, so lasst uns sorgf\u00e4ltig untersuchen, ob in uns ein gleicher Keim vorhanden ist, und wenn wir ihn entdecken, so lasst uns uns bem\u00fchen, ihn auszurei\u00dfen.<\/p>\n\n\n\n<p class=\"has-black-color has-text-color has-link-color has-small-font-size wp-elements-ae82c9f260e7c8a5bbf6cdc22ee5db43\">Betrachten wir unsere Seele als das, was sie wirklich ist, n\u00e4mlich als ein bewundernswertes, wenn auch sehr unvollkommenes Werk, und stellen wir fest, dass es unsere Pflicht ist, sie unaufh\u00f6rlich zu versch\u00f6nern und zu schm\u00fccken. Dieser Gedanke an unsere Unvollkommenheit wird uns bescheidener machen und Anma\u00dfung und t\u00f6richte Eitelkeit von uns fernhalten.<\/p>\n\n\n\n<p class=\"has-black-color has-text-color has-link-color has-small-font-size wp-elements-7d6b7df6a67180d4533410733aefe87b\">Wir sollten uns einer strengen Disziplin unterwerfen. So wie der Busch die richtige Form und Richtung erh\u00e4lt, k\u00f6nnen wir auch die Tendenzen unseres moralischen Wesens \u00e4ndern. Die Gewohnheit des Guten macht seine Aus\u00fcbung angenehm. Nur die ersten Anstrengungen sind schmerzhaft. Lernen wir also zun\u00e4chst, uns selbst zu beherrschen. Die Eindr\u00fccke sind fl\u00fcchtig und wandelbar; der Wille ist der feste Hintergrund der Seele. Lernen wir, diesen Willen zu beherrschen, uns zum Meister unserer Eindr\u00fccke zu machen und uns niemals von ihnen beherrschen zu lassen.<\/p>\n\n\n\n<p class=\"has-black-color has-text-color has-link-color has-small-font-size wp-elements-83a883e1e2039b6fc2dc7cee58620ea4\">Der Mensch darf sich nicht von seinen Mitmenschen isolieren. Aber es ist wichtig, dass er seine Beziehungen, seine Freunde ausw\u00e4hlt, dass er sich entscheidet, in einer ehrlichen und reinen Umgebung zu leben, in der nur gute Einfl\u00fcsse herrschen, in der es nur friedliche und wohltuende Fluide gibt.<\/p>\n\n\n\n<p class=\"has-black-color has-text-color has-link-color has-small-font-size wp-elements-ef05a2a6830a57707bd8e4121163ae2a\">Vermeiden wir leichtfertiges Gerede und Geschw\u00e4tz, das zu Verleumdungen f\u00fchrt. Was auch immer das Ergebnis sein mag, lasst uns immer die Wahrheit sagen. Versenken wir uns oft in Studium und Besinnung. Auf diese Weise findet die Seele neue Kraft und neues Licht. M\u00f6gen wir am Ende eines jeden Tages zu uns selbst sagen k\u00f6nnen: \u201eIch habe ein n\u00fctzliches Werk getan, ich habe Erfolg gehabt, ich habe geholfen, ich habe die Ungl\u00fccklichen getr\u00f6stet, ich habe meine Br\u00fcder aufgekl\u00e4rt, ich habe mich bem\u00fcht, sie besser zu machen, ich habe meine Pflicht getan\u201c.<\/p>\n\n\n\n<p class=\"has-black-color has-text-color has-link-color has-small-font-size wp-elements-09dae45045db68bcba0af65ffd159c25\"><strong><em>Le\u00f3n Denis <\/em><\/strong>&#8211; <em>El Camino Recto \u2503 Concepto esp\u00edrita de la ley moral<\/em><\/p>\n<\/div><\/div>","protected":false},"excerpt":{"rendered":"<p>El deber El deber es el conjunto de prescripciones de la ley moral, la regla de conducta del hombre en sus relaciones con sus semejantes y con el Universo entero. Noble y santa figura, se cierne por encima de la humanidad, inspira los grandes sacrificios, las puras abnegaciones y los hermosos entusiasmos. Sonriente para unos, [&hellip;]<\/p>","protected":false},"author":1,"featured_media":4466,"parent":0,"menu_order":0,"comment_status":"closed","ping_status":"closed","template":"","meta":{"_uag_custom_page_level_css":"","site-sidebar-layout":"default","site-content-layout":"","ast-site-content-layout":"default","site-content-style":"default","site-sidebar-style":"default","ast-global-header-display":"","ast-banner-title-visibility":"","ast-main-header-display":"","ast-hfb-above-header-display":"","ast-hfb-below-header-display":"","ast-hfb-mobile-header-display":"","site-post-title":"","ast-breadcrumbs-content":"","ast-featured-img":"","footer-sml-layout":"","theme-transparent-header-meta":"","adv-header-id-meta":"","stick-header-meta":"","header-above-stick-meta":"","header-main-stick-meta":"","header-below-stick-meta":"","astra-migrate-meta-layouts":"set","ast-page-background-enabled":"default","ast-page-background-meta":{"desktop":{"background-color":"var(--ast-global-color-4)","background-image":"","background-repeat":"repeat","background-position":"center center","background-size":"auto","background-attachment":"scroll","background-type":"","background-media":"","overlay-type":"","overlay-color":"","overlay-opacity":"","overlay-gradient":""},"tablet":{"background-color":"","background-image":"","background-repeat":"repeat","background-position":"center center","background-size":"auto","background-attachment":"scroll","background-type":"","background-media":"","overlay-type":"","overlay-color":"","overlay-opacity":"","overlay-gradient":""},"mobile":{"background-color":"","background-image":"","background-repeat":"repeat","background-position":"center center","background-size":"auto","background-attachment":"scroll","background-type":"","background-media":"","overlay-type":"","overlay-color":"","overlay-opacity":"","overlay-gradient":""}},"ast-content-background-meta":{"desktop":{"background-color":"var(--ast-global-color-5)","background-image":"","background-repeat":"repeat","background-position":"center center","background-size":"auto","background-attachment":"scroll","background-type":"","background-media":"","overlay-type":"","overlay-color":"","overlay-opacity":"","overlay-gradient":""},"tablet":{"background-color":"var(--ast-global-color-5)","background-image":"","background-repeat":"repeat","background-position":"center center","background-size":"auto","background-attachment":"scroll","background-type":"","background-media":"","overlay-type":"","overlay-color":"","overlay-opacity":"","overlay-gradient":""},"mobile":{"background-color":"var(--ast-global-color-5)","background-image":"","background-repeat":"repeat","background-position":"center center","background-size":"auto","background-attachment":"scroll","background-type":"","background-media":"","overlay-type":"","overlay-color":"","overlay-opacity":"","overlay-gradient":""}},"footnotes":""},"class_list":["post-4464","page","type-page","status-publish","has-post-thumbnail","hentry"],"yoast_head":"<!-- This site is optimized with the Yoast SEO Premium plugin v24.2 (Yoast SEO v24.6) - https:\/\/yoast.com\/wordpress\/plugins\/seo\/ -->\n<title>El deber - Uni\u00f3n Esp\u00edrita<\/title>\n<meta name=\"robots\" content=\"index, follow, max-snippet:-1, max-image-preview:large, max-video-preview:-1\" \/>\n<link rel=\"canonical\" href=\"https:\/\/nuevo-renacer.com\/de\/el-deber\/\" \/>\n<meta property=\"og:locale\" content=\"de_DE\" \/>\n<meta property=\"og:type\" content=\"article\" \/>\n<meta property=\"og:title\" content=\"El deber\" \/>\n<meta property=\"og:description\" content=\"El deber El deber es el conjunto de prescripciones de la ley moral, la regla de conducta del hombre en sus relaciones con sus semejantes y con el Universo entero. Noble y santa figura, se cierne por encima de la humanidad, inspira los grandes sacrificios, las puras abnegaciones y los hermosos entusiasmos. Sonriente para unos, [&hellip;]\" \/>\n<meta property=\"og:url\" content=\"https:\/\/nuevo-renacer.com\/de\/el-deber\/\" \/>\n<meta property=\"og:site_name\" content=\"Uni\u00f3n Esp\u00edrita\" \/>\n<meta property=\"article:publisher\" content=\"https:\/\/www.facebook.com\/groups\/3431398063740829\" \/>\n<meta property=\"article:modified_time\" content=\"2024-09-04T08:11:56+00:00\" \/>\n<meta property=\"og:image\" content=\"https:\/\/nuevo-renacer.com\/wp-content\/uploads\/2024\/09\/wp2268960.jpg\" \/>\n\t<meta property=\"og:image:width\" content=\"1920\" \/>\n\t<meta property=\"og:image:height\" content=\"1080\" \/>\n\t<meta property=\"og:image:type\" content=\"image\/jpeg\" \/>\n<meta name=\"twitter:card\" content=\"summary_large_image\" \/>\n<meta name=\"twitter:label1\" content=\"Gesch\u00e4tzte Lesezeit\" \/>\n\t<meta name=\"twitter:data1\" content=\"6\u00a0Minuten\" \/>\n<script type=\"application\/ld+json\" class=\"yoast-schema-graph\">{\"@context\":\"https:\/\/schema.org\",\"@graph\":[{\"@type\":\"WebPage\",\"@id\":\"https:\/\/nuevo-renacer.com\/el-deber\/\",\"url\":\"https:\/\/nuevo-renacer.com\/el-deber\/\",\"name\":\"El deber - Uni\u00f3n Esp\u00edrita\",\"isPartOf\":{\"@id\":\"https:\/\/nuevo-renacer.com\/#website\"},\"primaryImageOfPage\":{\"@id\":\"https:\/\/nuevo-renacer.com\/el-deber\/#primaryimage\"},\"image\":{\"@id\":\"https:\/\/nuevo-renacer.com\/el-deber\/#primaryimage\"},\"thumbnailUrl\":\"https:\/\/nuevo-renacer.com\/wp-content\/uploads\/2024\/09\/wp2268960.jpg\",\"datePublished\":\"2024-09-04T08:00:34+00:00\",\"dateModified\":\"2024-09-04T08:11:56+00:00\",\"breadcrumb\":{\"@id\":\"https:\/\/nuevo-renacer.com\/el-deber\/#breadcrumb\"},\"inLanguage\":\"de\",\"potentialAction\":[{\"@type\":\"ReadAction\",\"target\":[\"https:\/\/nuevo-renacer.com\/el-deber\/\"]}]},{\"@type\":\"ImageObject\",\"inLanguage\":\"de\",\"@id\":\"https:\/\/nuevo-renacer.com\/el-deber\/#primaryimage\",\"url\":\"https:\/\/nuevo-renacer.com\/wp-content\/uploads\/2024\/09\/wp2268960.jpg\",\"contentUrl\":\"https:\/\/nuevo-renacer.com\/wp-content\/uploads\/2024\/09\/wp2268960.jpg\",\"width\":1920,\"height\":1080},{\"@type\":\"BreadcrumbList\",\"@id\":\"https:\/\/nuevo-renacer.com\/el-deber\/#breadcrumb\",\"itemListElement\":[{\"@type\":\"ListItem\",\"position\":1,\"name\":\"Startseite\",\"item\":\"https:\/\/nuevo-renacer.com\/\"},{\"@type\":\"ListItem\",\"position\":2,\"name\":\"El deber\"}]},{\"@type\":\"WebSite\",\"@id\":\"https:\/\/nuevo-renacer.com\/#website\",\"url\":\"https:\/\/nuevo-renacer.com\/\",\"name\":\"Uni\u00f3n Esp\u00edrita\",\"description\":\"Nuevo Renacer\",\"publisher\":{\"@id\":\"https:\/\/nuevo-renacer.com\/#organization\"},\"potentialAction\":[{\"@type\":\"SearchAction\",\"target\":{\"@type\":\"EntryPoint\",\"urlTemplate\":\"https:\/\/nuevo-renacer.com\/?s={search_term_string}\"},\"query-input\":{\"@type\":\"PropertyValueSpecification\",\"valueRequired\":true,\"valueName\":\"search_term_string\"}}],\"inLanguage\":\"de\"},{\"@type\":\"Organization\",\"@id\":\"https:\/\/nuevo-renacer.com\/#organization\",\"name\":\"UFEC\",\"url\":\"https:\/\/nuevo-renacer.com\/\",\"logo\":{\"@type\":\"ImageObject\",\"inLanguage\":\"de\",\"@id\":\"https:\/\/nuevo-renacer.com\/#\/schema\/logo\/image\/\",\"url\":\"https:\/\/nuevo-renacer.com\/wp-content\/uploads\/2024\/05\/cropped-LOGO-TERMINADO1-3-3.png\",\"contentUrl\":\"https:\/\/nuevo-renacer.com\/wp-content\/uploads\/2024\/05\/cropped-LOGO-TERMINADO1-3-3.png\",\"width\":512,\"height\":512,\"caption\":\"UFEC\"},\"image\":{\"@id\":\"https:\/\/nuevo-renacer.com\/#\/schema\/logo\/image\/\"},\"sameAs\":[\"https:\/\/www.facebook.com\/groups\/3431398063740829\"]}]}<\/script>\n<!-- \/ Yoast SEO Premium plugin. -->","yoast_head_json":{"title":"El deber - Uni\u00f3n Esp\u00edrita","robots":{"index":"index","follow":"follow","max-snippet":"max-snippet:-1","max-image-preview":"max-image-preview:large","max-video-preview":"max-video-preview:-1"},"canonical":"https:\/\/nuevo-renacer.com\/de\/el-deber\/","og_locale":"de_DE","og_type":"article","og_title":"El deber","og_description":"El deber El deber es el conjunto de prescripciones de la ley moral, la regla de conducta del hombre en sus relaciones con sus semejantes y con el Universo entero. Noble y santa figura, se cierne por encima de la humanidad, inspira los grandes sacrificios, las puras abnegaciones y los hermosos entusiasmos. Sonriente para unos, [&hellip;]","og_url":"https:\/\/nuevo-renacer.com\/de\/el-deber\/","og_site_name":"Uni\u00f3n Esp\u00edrita","article_publisher":"https:\/\/www.facebook.com\/groups\/3431398063740829","article_modified_time":"2024-09-04T08:11:56+00:00","og_image":[{"width":1920,"height":1080,"url":"https:\/\/nuevo-renacer.com\/wp-content\/uploads\/2024\/09\/wp2268960.jpg","type":"image\/jpeg"}],"twitter_card":"summary_large_image","twitter_misc":{"Gesch\u00e4tzte Lesezeit":"6\u00a0Minuten"},"schema":{"@context":"https:\/\/schema.org","@graph":[{"@type":"WebPage","@id":"https:\/\/nuevo-renacer.com\/el-deber\/","url":"https:\/\/nuevo-renacer.com\/el-deber\/","name":"El deber - Uni\u00f3n Esp\u00edrita","isPartOf":{"@id":"https:\/\/nuevo-renacer.com\/#website"},"primaryImageOfPage":{"@id":"https:\/\/nuevo-renacer.com\/el-deber\/#primaryimage"},"image":{"@id":"https:\/\/nuevo-renacer.com\/el-deber\/#primaryimage"},"thumbnailUrl":"https:\/\/nuevo-renacer.com\/wp-content\/uploads\/2024\/09\/wp2268960.jpg","datePublished":"2024-09-04T08:00:34+00:00","dateModified":"2024-09-04T08:11:56+00:00","breadcrumb":{"@id":"https:\/\/nuevo-renacer.com\/el-deber\/#breadcrumb"},"inLanguage":"de","potentialAction":[{"@type":"ReadAction","target":["https:\/\/nuevo-renacer.com\/el-deber\/"]}]},{"@type":"ImageObject","inLanguage":"de","@id":"https:\/\/nuevo-renacer.com\/el-deber\/#primaryimage","url":"https:\/\/nuevo-renacer.com\/wp-content\/uploads\/2024\/09\/wp2268960.jpg","contentUrl":"https:\/\/nuevo-renacer.com\/wp-content\/uploads\/2024\/09\/wp2268960.jpg","width":1920,"height":1080},{"@type":"BreadcrumbList","@id":"https:\/\/nuevo-renacer.com\/el-deber\/#breadcrumb","itemListElement":[{"@type":"ListItem","position":1,"name":"Startseite","item":"https:\/\/nuevo-renacer.com\/"},{"@type":"ListItem","position":2,"name":"El deber"}]},{"@type":"WebSite","@id":"https:\/\/nuevo-renacer.com\/#website","url":"https:\/\/nuevo-renacer.com\/","name":"Uni\u00f3n Esp\u00edrita","description":"Nuevo Renacer","publisher":{"@id":"https:\/\/nuevo-renacer.com\/#organization"},"potentialAction":[{"@type":"SearchAction","target":{"@type":"EntryPoint","urlTemplate":"https:\/\/nuevo-renacer.com\/?s={search_term_string}"},"query-input":{"@type":"PropertyValueSpecification","valueRequired":true,"valueName":"search_term_string"}}],"inLanguage":"de"},{"@type":"Organization","@id":"https:\/\/nuevo-renacer.com\/#organization","name":"UFEC","url":"https:\/\/nuevo-renacer.com\/","logo":{"@type":"ImageObject","inLanguage":"de","@id":"https:\/\/nuevo-renacer.com\/#\/schema\/logo\/image\/","url":"https:\/\/nuevo-renacer.com\/wp-content\/uploads\/2024\/05\/cropped-LOGO-TERMINADO1-3-3.png","contentUrl":"https:\/\/nuevo-renacer.com\/wp-content\/uploads\/2024\/05\/cropped-LOGO-TERMINADO1-3-3.png","width":512,"height":512,"caption":"UFEC"},"image":{"@id":"https:\/\/nuevo-renacer.com\/#\/schema\/logo\/image\/"},"sameAs":["https:\/\/www.facebook.com\/groups\/3431398063740829"]}]}},"uagb_featured_image_src":{"full":["https:\/\/nuevo-renacer.com\/wp-content\/uploads\/2024\/09\/wp2268960.jpg",1920,1080,false],"thumbnail":["https:\/\/nuevo-renacer.com\/wp-content\/uploads\/2024\/09\/wp2268960-150x150.jpg",150,150,true],"medium":["https:\/\/nuevo-renacer.com\/wp-content\/uploads\/2024\/09\/wp2268960-300x169.jpg",300,169,true],"medium_large":["https:\/\/nuevo-renacer.com\/wp-content\/uploads\/2024\/09\/wp2268960-768x432.jpg",768,432,true],"large":["https:\/\/nuevo-renacer.com\/wp-content\/uploads\/2024\/09\/wp2268960-1024x576.jpg",1024,576,true],"1536x1536":["https:\/\/nuevo-renacer.com\/wp-content\/uploads\/2024\/09\/wp2268960-1536x864.jpg",1536,864,true],"2048x2048":["https:\/\/nuevo-renacer.com\/wp-content\/uploads\/2024\/09\/wp2268960.jpg",1920,1080,false],"trp-custom-language-flag":["https:\/\/nuevo-renacer.com\/wp-content\/uploads\/2024\/09\/wp2268960-18x10.jpg",18,10,true]},"uagb_author_info":{"display_name":"adbv0","author_link":"https:\/\/nuevo-renacer.com\/de\/author\/adbv0\/"},"uagb_comment_info":0,"uagb_excerpt":"El deber El deber es el conjunto de prescripciones de la ley moral, la regla de conducta del hombre en sus relaciones con sus semejantes y con el Universo entero. Noble y santa figura, se cierne por encima de la humanidad, inspira los grandes sacrificios, las puras abnegaciones y los hermosos entusiasmos. Sonriente para unos,&hellip;","jetpack_sharing_enabled":true,"_links":{"self":[{"href":"https:\/\/nuevo-renacer.com\/de\/wp-json\/wp\/v2\/pages\/4464","targetHints":{"allow":["GET"]}}],"collection":[{"href":"https:\/\/nuevo-renacer.com\/de\/wp-json\/wp\/v2\/pages"}],"about":[{"href":"https:\/\/nuevo-renacer.com\/de\/wp-json\/wp\/v2\/types\/page"}],"author":[{"embeddable":true,"href":"https:\/\/nuevo-renacer.com\/de\/wp-json\/wp\/v2\/users\/1"}],"replies":[{"embeddable":true,"href":"https:\/\/nuevo-renacer.com\/de\/wp-json\/wp\/v2\/comments?post=4464"}],"version-history":[{"count":3,"href":"https:\/\/nuevo-renacer.com\/de\/wp-json\/wp\/v2\/pages\/4464\/revisions"}],"predecessor-version":[{"id":4470,"href":"https:\/\/nuevo-renacer.com\/de\/wp-json\/wp\/v2\/pages\/4464\/revisions\/4470"}],"wp:featuredmedia":[{"embeddable":true,"href":"https:\/\/nuevo-renacer.com\/de\/wp-json\/wp\/v2\/media\/4466"}],"wp:attachment":[{"href":"https:\/\/nuevo-renacer.com\/de\/wp-json\/wp\/v2\/media?parent=4464"}],"curies":[{"name":"wp","href":"https:\/\/api.w.org\/{rel}","templated":true}]}}