{"id":4456,"date":"2024-09-04T06:43:50","date_gmt":"2024-09-04T06:43:50","guid":{"rendered":"https:\/\/nuevo-renacer.com\/?page_id=4456"},"modified":"2024-09-04T08:01:25","modified_gmt":"2024-09-04T08:01:25","slug":"la-vida-moral","status":"publish","type":"page","link":"https:\/\/nuevo-renacer.com\/de\/la-vida-moral\/","title":{"rendered":"Moralisches Leben"},"content":{"rendered":"<div class=\"wp-block-uagb-container uagb-block-e2c27170 alignfull uagb-is-root-container\"><div class=\"uagb-container-inner-blocks-wrap\">\n<p class=\"has-black-color has-text-color has-link-color has-medium-font-size wp-elements-838ca5b867b8c3c8ee7c90a7cd844b7d\"><strong>Moralisches Leben<\/strong><\/p>\n<\/div><\/div>\n\n\n\n<div class=\"wp-block-uagb-container uagb-block-9017ff8d alignfull uagb-is-root-container\"><div class=\"uagb-container-inner-blocks-wrap\">\n<figure class=\"wp-block-image size-large is-resized\"><img fetchpriority=\"high\" decoding=\"async\" width=\"1024\" height=\"576\" src=\"https:\/\/nuevo-renacer.com\/wp-content\/uploads\/2024\/09\/High_resolution_wallpaper_background_ID_77700646079-1024x576.webp\" alt=\"\" class=\"wp-image-4458\" style=\"width:379px;height:auto\" srcset=\"https:\/\/nuevo-renacer.com\/wp-content\/uploads\/2024\/09\/High_resolution_wallpaper_background_ID_77700646079-1024x576.webp 1024w, https:\/\/nuevo-renacer.com\/wp-content\/uploads\/2024\/09\/High_resolution_wallpaper_background_ID_77700646079-300x169.webp 300w, https:\/\/nuevo-renacer.com\/wp-content\/uploads\/2024\/09\/High_resolution_wallpaper_background_ID_77700646079-768x432.webp 768w, https:\/\/nuevo-renacer.com\/wp-content\/uploads\/2024\/09\/High_resolution_wallpaper_background_ID_77700646079-1536x864.webp 1536w, https:\/\/nuevo-renacer.com\/wp-content\/uploads\/2024\/09\/High_resolution_wallpaper_background_ID_77700646079-18x10.webp 18w, https:\/\/nuevo-renacer.com\/wp-content\/uploads\/2024\/09\/High_resolution_wallpaper_background_ID_77700646079.webp 1920w\" sizes=\"(max-width: 1024px) 100vw, 1024px\" \/><\/figure>\n<\/div><\/div>\n\n\n\n<div class=\"wp-block-uagb-container uagb-block-cc31bab9 alignfull uagb-is-root-container\"><div class=\"uagb-container-inner-blocks-wrap\">\n<p class=\"has-small-font-size\">Jeder Mensch tr\u00e4gt in sich, in seinem Gewissen, in seiner Vernunft, die Grundz\u00fcge des Sittengesetzes. Dieses Gesetz erh\u00e4lt schon in dieser Welt einen Anfang der Sanktion. Eine gute Tat verschafft ihrem Urheber eine tiefe Befriedigung, eine Art Ausdehnung, eine Ausbreitung der Seele. Unsere Verfehlungen hingegen erzeugen oft Bitterkeit und Kummer. Doch diese Sanktion, die je nach Person so unterschiedlich ausf\u00e4llt, ist unter dem Gesichtspunkt der absoluten Gerechtigkeit zu vage, zu unzureichend. Deshalb haben die Religionen die endg\u00fcltige Sanktion f\u00fcr unsere Taten in das zuk\u00fcnftige Leben gelegt, in die Strafen und Belohnungen, die es f\u00fcr uns bereith\u00e4lt. Da ihren Informationen jedoch eine positive Grundlage fehlt, werden sie von der Mehrheit angezweifelt. Nachdem sie einen wichtigen Einfluss auf die Gesellschaften des Mittelalters ausge\u00fcbt haben, reichen sie nicht mehr aus, um den Menschen vom Weg der Sinnlichkeit abzubringen.<\/p>\n\n\n\n<p class=\"has-small-font-size\">Vor dem Drama von Golgatha hatte Jesus den Menschen einen anderen Tr\u00f6ster angek\u00fcndigt - den Geist der Wahrheit -, der seine Lehre wiederherstellen und vollenden sollte. Dieser Geist der Wahrheit ist gekommen und hat auf der Erde gesprochen; \u00fcberall verschafft er seiner Stimme Geh\u00f6r. Achtzehn Jahrhunderte nach dem Tod Christi, nachdem sich die Rede- und Gedankenfreiheit \u00fcber die Welt ausgebreitet, die Wissenschaft den Himmel erforscht und die menschliche Intelligenz sich entwickelt hatte, wurde die Stunde als g\u00fcnstig erachtet. Die Geister str\u00f6men herbei, um ihre irdischen Br\u00fcder das Gesetz des unendlichen Fortschritts zu lehren und die Verhei\u00dfung Jesu zu verwirklichen, indem sie seine Lehre wiederherstellen und seine Worte erl\u00e4utern.<\/p>\n\n\n\n<p class=\"has-small-font-size\">Der Spiritismus gibt uns den Schl\u00fcssel zum Evangelium. Er erkl\u00e4rt seinen obskuren oder verborgenen Sinn; er gibt uns die h\u00f6here Moral, die ultimative Moral, deren Erhabenheit und Sch\u00f6nheit ihren \u00fcbermenschlichen Ursprung offenbart.<\/p>\n\n\n\n<p class=\"has-small-font-size\">Damit die Wahrheit zugleich alle V\u00f6lker durchdringt, damit niemand sie entstellen oder zerst\u00f6ren kann, ist nicht mehr ein Mensch, nicht mehr eine Gruppe von Aposteln, der beauftragt ist, sie der Menschheit bekannt zu machen. Die Stimmen der Geister verk\u00fcnden sie an den verschiedenen Orten der zivilisierten Welt, und dank dieses universellen und permanenten Charakters fordert diese Offenbarung alle Feindseligkeiten und alle Inquisitionen heraus. Man kann die Lehre eines Menschen unterdr\u00fccken, seine Werke f\u00e4lschen und vernichten; aber wer kann die Bewohner des Universums angreifen und widerlegen? Sie wissen, wie man alle falschen Interpretationen r\u00fcckg\u00e4ngig macht und den wertvollen Samen in die hintersten Regionen bringt. Hieraus r\u00fchrt die Macht, die Geschwindigkeit der Verbreitung des Spiritismus und seine \u00dcberlegenheit \u00fcber alle Lehren her, die ihm vorangegangen sind und sein Aufkommen vorbereitet haben.<\/p>\n\n\n\n<p class=\"has-small-font-size\">Auf was die Spiritistische Moral beruht, ist also das Zeugnis von Tausenden von Seelen, die an alle Orte kommen, um unter Ausnutzung der Medien das Leben der Unterwelt und ihre eigenen Empfindungen, ihre Freuden und ihre Schmerzen zu beschreiben.<\/p>\n\n\n\n<p class=\"has-small-font-size\">Die unabh\u00e4ngige Moral, die die Materialisten zu errichten versucht haben, wankt im Wind aller Winde, ohne feste Grundlage. Die Moral der Kirchen hat vor allem Angst, die Furcht vor den h\u00f6llischen Strafen; falsches Gef\u00fchl, das uns erniedrigt und verkleinert. Die Philosophie der Geister bietet der Menschheit eine h\u00f6here moralische Sanktion, ein edleres und gro\u00dfz\u00fcgigeres Ideal. Es gibt keine ewigen Qualen mehr, sondern die gerechte Konsequenz der Taten, die auf ihren Urheber fallen.<\/p>\n\n\n\n<p class=\"has-small-font-size\">Der Geist ist \u00fcberall. Wenn man das moralische Gesetz verletzt, verdunkelt man sein Gewissen und seine F\u00e4higkeiten; man materialisiert sich, man fesselt sich mit eigenen H\u00e4nden. Indem man das Gesetz des Guten praktiziert und die brutalen Leidenschaften z\u00e4hmt, n\u00e4hert man sich immer mehr den gl\u00fccklichen Welten.<\/p>\n\n\n\n<p class=\"has-small-font-size\">Unter diesem Gesichtspunkt wird das sittliche Leben als eine strenge Verpflichtung f\u00fcr alle auferlegt, die sich um ihr Schicksal sorgen; daher die Notwendigkeit einer Hygiene der Seele, die auf alle unsere Handlungen zutrifft, jetzt, da unsere geistigen Kr\u00e4fte in einem Zustand der Ausgeglichenheit und Harmonie sind. Wenn es angebracht ist, den K\u00f6rper - sterbliche H\u00fclle, verg\u00e4ngliches Instrument - den Vorschriften des physischen Gesetzes zu unterwerfen, das seine Aufrechterhaltung und sein Funktionieren sicherstellt, so ist es noch wichtiger, die Vervollkommnung der Seele zu gew\u00e4hrleisten, die unser unverg\u00e4ngliches Ich ist, und an das unser Gl\u00fcck in der Zukunft gebunden ist. Der Spiritismus hat uns die Elemente dieser Hygiene der Seele gegeben.<\/p>\n\n\n\n<p class=\"has-small-font-size\">Die Kenntnis des wirklichen Objekts der Existenz hat unberechenbare Konsequenzen f\u00fcr die Verbesserung und Erhebung des Menschen. Zu wissen, wohin er geht, hat zum Ergebnis, seine Schritte zu best\u00e4tigen, seinen Handlungen einen kr\u00e4ftigen Impuls in Richtung des erdachten Ideals aufzudr\u00fccken.<\/p>\n\n\n\n<p class=\"has-small-font-size\">Die Lehren des Nichts machen dieses Leben zu einer Sackgasse und f\u00fchren logischerweise zu Sinnlichkeit und Unordnung. Die Religionen betrachten das Dasein als sehr problematisches pers\u00f6nliches Heilswerk aus einer egoistischen und engen Sicht.<\/p>\n\n\n\n<p class=\"has-small-font-size\">Mit der Philosophie der Geister \u00e4ndert sich diese Sichtweise und die Perspektive wird erweitert. Wir m\u00fcssen nicht mehr nach irdischem Gl\u00fcck streben, das auf Erden knapp und prek\u00e4r ist, sondern nach st\u00e4ndiger Verbesserung; und das Mittel zur Verwirklichung dieses Ziels ist die Beobachtung der Moral in all ihren Formen.<\/p>\n\n\n\n<p class=\"has-small-font-size\">Mit einem solchen Ideal ist eine Gesellschaft unzerst\u00f6rbar; sie trotzt allen Wechself\u00e4llen und allen Ereignissen. Sie wird durch das Ungl\u00fcck erhaben und findet in der Not die Mittel, sich \u00fcber sich selbst zu erheben. Ohne Ideal, von den Spitzfindigkeiten der Sinnlichster verdorben, kann eine Gesellschaft nichts anderes tun als sich selbst zu verderben und zu schw\u00e4chen; ihr Glaube an Fortschritt und Gerechtigkeit erlischt mit ihrer M\u00e4nnlichkeit; sie wird schon bald ein seelenloser K\u00f6rper, und, fatalerweise, in der Beute seiner Feinde.<\/p>\n\n\n\n<p class=\"has-small-font-size\">\u00a1Selig der Mensch, der in diesem Leben voller Dunkelheit und Hindernisse st\u00e4ndig auf das hohe Ziel zugeht, das er unterscheidet, kennt und dessen er sicher ist!  Gl\u00fccklich, wer von oben durch einen Hauch seine Werke inspiriert und vorw\u00e4rts treibt! Die Freuden lassen ihn gleichg\u00fcltig; die Versuchungen des Fleisches, die tr\u00fcgerischen Trugbilder des Verm\u00f6gens machen ihn nicht zum Opfer. Reisender auf dem Weg, das Ende ruft ihn, und er eilt, um ihn zu erreichen.<\/p>\n\n\n\n<p class=\"has-black-color has-text-color has-link-color has-small-font-size wp-elements-9b4626f338aaf639064af36f2f8701eb\"><em><strong>Le\u00f3n Denis<\/strong> &#8211; El Camino Recto \u2503 Concepto esp\u00edrita de la ley moral<\/em><\/p>\n<\/div><\/div>","protected":false},"excerpt":{"rendered":"<p>La vida moral Todo ser humano lleva grabados en s\u00ed, en su conciencia, en su raz\u00f3n, los rudimentos de la ley moral. Esta ley recibe en este mismo mundo un comienzo de sanci\u00f3n. Una buena acci\u00f3n proporciona a su autor una satisfacci\u00f3n \u00edntima, una especie de dilataci\u00f3n, de esparcimiento del alma. Nuestras faltas, por el [&hellip;]<\/p>","protected":false},"author":1,"featured_media":4458,"parent":0,"menu_order":0,"comment_status":"closed","ping_status":"closed","template":"","meta":{"_uag_custom_page_level_css":"","site-sidebar-layout":"default","site-content-layout":"","ast-site-content-layout":"default","site-content-style":"default","site-sidebar-style":"default","ast-global-header-display":"","ast-banner-title-visibility":"","ast-main-header-display":"","ast-hfb-above-header-display":"","ast-hfb-below-header-display":"","ast-hfb-mobile-header-display":"","site-post-title":"","ast-breadcrumbs-content":"","ast-featured-img":"","footer-sml-layout":"","theme-transparent-header-meta":"","adv-header-id-meta":"","stick-header-meta":"","header-above-stick-meta":"","header-main-stick-meta":"","header-below-stick-meta":"","astra-migrate-meta-layouts":"set","ast-page-background-enabled":"default","ast-page-background-meta":{"desktop":{"background-color":"var(--ast-global-color-4)","background-image":"","background-repeat":"repeat","background-position":"center center","background-size":"auto","background-attachment":"scroll","background-type":"","background-media":"","overlay-type":"","overlay-color":"","overlay-opacity":"","overlay-gradient":""},"tablet":{"background-color":"","background-image":"","background-repeat":"repeat","background-position":"center center","background-size":"auto","background-attachment":"scroll","background-type":"","background-media":"","overlay-type":"","overlay-color":"","overlay-opacity":"","overlay-gradient":""},"mobile":{"background-color":"","background-image":"","background-repeat":"repeat","background-position":"center center","background-size":"auto","background-attachment":"scroll","background-type":"","background-media":"","overlay-type":"","overlay-color":"","overlay-opacity":"","overlay-gradient":""}},"ast-content-background-meta":{"desktop":{"background-color":"var(--ast-global-color-5)","background-image":"","background-repeat":"repeat","background-position":"center center","background-size":"auto","background-attachment":"scroll","background-type":"","background-media":"","overlay-type":"","overlay-color":"","overlay-opacity":"","overlay-gradient":""},"tablet":{"background-color":"var(--ast-global-color-5)","background-image":"","background-repeat":"repeat","background-position":"center center","background-size":"auto","background-attachment":"scroll","background-type":"","background-media":"","overlay-type":"","overlay-color":"","overlay-opacity":"","overlay-gradient":""},"mobile":{"background-color":"var(--ast-global-color-5)","background-image":"","background-repeat":"repeat","background-position":"center center","background-size":"auto","background-attachment":"scroll","background-type":"","background-media":"","overlay-type":"","overlay-color":"","overlay-opacity":"","overlay-gradient":""}},"footnotes":""},"class_list":["post-4456","page","type-page","status-publish","has-post-thumbnail","hentry"],"yoast_head":"<!-- This site is optimized with the Yoast SEO Premium plugin v24.2 (Yoast SEO v24.6) - https:\/\/yoast.com\/wordpress\/plugins\/seo\/ -->\n<title>La vida moral - Uni\u00f3n Esp\u00edrita<\/title>\n<meta name=\"robots\" content=\"index, follow, max-snippet:-1, max-image-preview:large, max-video-preview:-1\" \/>\n<link rel=\"canonical\" href=\"https:\/\/nuevo-renacer.com\/de\/la-vida-moral\/\" \/>\n<meta property=\"og:locale\" content=\"de_DE\" \/>\n<meta property=\"og:type\" content=\"article\" \/>\n<meta property=\"og:title\" content=\"La vida moral\" \/>\n<meta property=\"og:description\" content=\"La vida moral Todo ser humano lleva grabados en s\u00ed, en su conciencia, en su raz\u00f3n, los rudimentos de la ley moral. Esta ley recibe en este mismo mundo un comienzo de sanci\u00f3n. Una buena acci\u00f3n proporciona a su autor una satisfacci\u00f3n \u00edntima, una especie de dilataci\u00f3n, de esparcimiento del alma. Nuestras faltas, por el [&hellip;]\" \/>\n<meta property=\"og:url\" content=\"https:\/\/nuevo-renacer.com\/de\/la-vida-moral\/\" \/>\n<meta property=\"og:site_name\" content=\"Uni\u00f3n Esp\u00edrita\" \/>\n<meta property=\"article:publisher\" content=\"https:\/\/www.facebook.com\/groups\/3431398063740829\" \/>\n<meta property=\"article:modified_time\" content=\"2024-09-04T08:01:25+00:00\" \/>\n<meta property=\"og:image\" content=\"https:\/\/nuevo-renacer.com\/wp-content\/uploads\/2024\/09\/High_resolution_wallpaper_background_ID_77700646079.webp\" \/>\n\t<meta property=\"og:image:width\" content=\"1920\" \/>\n\t<meta property=\"og:image:height\" content=\"1080\" \/>\n\t<meta property=\"og:image:type\" content=\"image\/webp\" \/>\n<meta name=\"twitter:card\" content=\"summary_large_image\" \/>\n<meta name=\"twitter:label1\" content=\"Gesch\u00e4tzte Lesezeit\" \/>\n\t<meta name=\"twitter:data1\" content=\"6\u00a0Minuten\" \/>\n<script type=\"application\/ld+json\" class=\"yoast-schema-graph\">{\"@context\":\"https:\/\/schema.org\",\"@graph\":[{\"@type\":\"WebPage\",\"@id\":\"https:\/\/nuevo-renacer.com\/la-vida-moral\/\",\"url\":\"https:\/\/nuevo-renacer.com\/la-vida-moral\/\",\"name\":\"La vida moral - Uni\u00f3n Esp\u00edrita\",\"isPartOf\":{\"@id\":\"https:\/\/nuevo-renacer.com\/#website\"},\"primaryImageOfPage\":{\"@id\":\"https:\/\/nuevo-renacer.com\/la-vida-moral\/#primaryimage\"},\"image\":{\"@id\":\"https:\/\/nuevo-renacer.com\/la-vida-moral\/#primaryimage\"},\"thumbnailUrl\":\"https:\/\/nuevo-renacer.com\/wp-content\/uploads\/2024\/09\/High_resolution_wallpaper_background_ID_77700646079.webp\",\"datePublished\":\"2024-09-04T06:43:50+00:00\",\"dateModified\":\"2024-09-04T08:01:25+00:00\",\"breadcrumb\":{\"@id\":\"https:\/\/nuevo-renacer.com\/la-vida-moral\/#breadcrumb\"},\"inLanguage\":\"de\",\"potentialAction\":[{\"@type\":\"ReadAction\",\"target\":[\"https:\/\/nuevo-renacer.com\/la-vida-moral\/\"]}]},{\"@type\":\"ImageObject\",\"inLanguage\":\"de\",\"@id\":\"https:\/\/nuevo-renacer.com\/la-vida-moral\/#primaryimage\",\"url\":\"https:\/\/nuevo-renacer.com\/wp-content\/uploads\/2024\/09\/High_resolution_wallpaper_background_ID_77700646079.webp\",\"contentUrl\":\"https:\/\/nuevo-renacer.com\/wp-content\/uploads\/2024\/09\/High_resolution_wallpaper_background_ID_77700646079.webp\",\"width\":1920,\"height\":1080},{\"@type\":\"BreadcrumbList\",\"@id\":\"https:\/\/nuevo-renacer.com\/la-vida-moral\/#breadcrumb\",\"itemListElement\":[{\"@type\":\"ListItem\",\"position\":1,\"name\":\"Startseite\",\"item\":\"https:\/\/nuevo-renacer.com\/\"},{\"@type\":\"ListItem\",\"position\":2,\"name\":\"La vida moral\"}]},{\"@type\":\"WebSite\",\"@id\":\"https:\/\/nuevo-renacer.com\/#website\",\"url\":\"https:\/\/nuevo-renacer.com\/\",\"name\":\"Uni\u00f3n Esp\u00edrita\",\"description\":\"Nuevo Renacer\",\"publisher\":{\"@id\":\"https:\/\/nuevo-renacer.com\/#organization\"},\"potentialAction\":[{\"@type\":\"SearchAction\",\"target\":{\"@type\":\"EntryPoint\",\"urlTemplate\":\"https:\/\/nuevo-renacer.com\/?s={search_term_string}\"},\"query-input\":{\"@type\":\"PropertyValueSpecification\",\"valueRequired\":true,\"valueName\":\"search_term_string\"}}],\"inLanguage\":\"de\"},{\"@type\":\"Organization\",\"@id\":\"https:\/\/nuevo-renacer.com\/#organization\",\"name\":\"UFEC\",\"url\":\"https:\/\/nuevo-renacer.com\/\",\"logo\":{\"@type\":\"ImageObject\",\"inLanguage\":\"de\",\"@id\":\"https:\/\/nuevo-renacer.com\/#\/schema\/logo\/image\/\",\"url\":\"https:\/\/nuevo-renacer.com\/wp-content\/uploads\/2024\/05\/cropped-LOGO-TERMINADO1-3-3.png\",\"contentUrl\":\"https:\/\/nuevo-renacer.com\/wp-content\/uploads\/2024\/05\/cropped-LOGO-TERMINADO1-3-3.png\",\"width\":512,\"height\":512,\"caption\":\"UFEC\"},\"image\":{\"@id\":\"https:\/\/nuevo-renacer.com\/#\/schema\/logo\/image\/\"},\"sameAs\":[\"https:\/\/www.facebook.com\/groups\/3431398063740829\"]}]}<\/script>\n<!-- \/ Yoast SEO Premium plugin. -->","yoast_head_json":{"title":"La vida moral - Uni\u00f3n Esp\u00edrita","robots":{"index":"index","follow":"follow","max-snippet":"max-snippet:-1","max-image-preview":"max-image-preview:large","max-video-preview":"max-video-preview:-1"},"canonical":"https:\/\/nuevo-renacer.com\/de\/la-vida-moral\/","og_locale":"de_DE","og_type":"article","og_title":"La vida moral","og_description":"La vida moral Todo ser humano lleva grabados en s\u00ed, en su conciencia, en su raz\u00f3n, los rudimentos de la ley moral. Esta ley recibe en este mismo mundo un comienzo de sanci\u00f3n. Una buena acci\u00f3n proporciona a su autor una satisfacci\u00f3n \u00edntima, una especie de dilataci\u00f3n, de esparcimiento del alma. Nuestras faltas, por el [&hellip;]","og_url":"https:\/\/nuevo-renacer.com\/de\/la-vida-moral\/","og_site_name":"Uni\u00f3n Esp\u00edrita","article_publisher":"https:\/\/www.facebook.com\/groups\/3431398063740829","article_modified_time":"2024-09-04T08:01:25+00:00","og_image":[{"width":1920,"height":1080,"url":"https:\/\/nuevo-renacer.com\/wp-content\/uploads\/2024\/09\/High_resolution_wallpaper_background_ID_77700646079.webp","type":"image\/webp"}],"twitter_card":"summary_large_image","twitter_misc":{"Gesch\u00e4tzte Lesezeit":"6\u00a0Minuten"},"schema":{"@context":"https:\/\/schema.org","@graph":[{"@type":"WebPage","@id":"https:\/\/nuevo-renacer.com\/la-vida-moral\/","url":"https:\/\/nuevo-renacer.com\/la-vida-moral\/","name":"La vida moral - Uni\u00f3n Esp\u00edrita","isPartOf":{"@id":"https:\/\/nuevo-renacer.com\/#website"},"primaryImageOfPage":{"@id":"https:\/\/nuevo-renacer.com\/la-vida-moral\/#primaryimage"},"image":{"@id":"https:\/\/nuevo-renacer.com\/la-vida-moral\/#primaryimage"},"thumbnailUrl":"https:\/\/nuevo-renacer.com\/wp-content\/uploads\/2024\/09\/High_resolution_wallpaper_background_ID_77700646079.webp","datePublished":"2024-09-04T06:43:50+00:00","dateModified":"2024-09-04T08:01:25+00:00","breadcrumb":{"@id":"https:\/\/nuevo-renacer.com\/la-vida-moral\/#breadcrumb"},"inLanguage":"de","potentialAction":[{"@type":"ReadAction","target":["https:\/\/nuevo-renacer.com\/la-vida-moral\/"]}]},{"@type":"ImageObject","inLanguage":"de","@id":"https:\/\/nuevo-renacer.com\/la-vida-moral\/#primaryimage","url":"https:\/\/nuevo-renacer.com\/wp-content\/uploads\/2024\/09\/High_resolution_wallpaper_background_ID_77700646079.webp","contentUrl":"https:\/\/nuevo-renacer.com\/wp-content\/uploads\/2024\/09\/High_resolution_wallpaper_background_ID_77700646079.webp","width":1920,"height":1080},{"@type":"BreadcrumbList","@id":"https:\/\/nuevo-renacer.com\/la-vida-moral\/#breadcrumb","itemListElement":[{"@type":"ListItem","position":1,"name":"Startseite","item":"https:\/\/nuevo-renacer.com\/"},{"@type":"ListItem","position":2,"name":"La vida moral"}]},{"@type":"WebSite","@id":"https:\/\/nuevo-renacer.com\/#website","url":"https:\/\/nuevo-renacer.com\/","name":"Uni\u00f3n Esp\u00edrita","description":"Nuevo Renacer","publisher":{"@id":"https:\/\/nuevo-renacer.com\/#organization"},"potentialAction":[{"@type":"SearchAction","target":{"@type":"EntryPoint","urlTemplate":"https:\/\/nuevo-renacer.com\/?s={search_term_string}"},"query-input":{"@type":"PropertyValueSpecification","valueRequired":true,"valueName":"search_term_string"}}],"inLanguage":"de"},{"@type":"Organization","@id":"https:\/\/nuevo-renacer.com\/#organization","name":"UFEC","url":"https:\/\/nuevo-renacer.com\/","logo":{"@type":"ImageObject","inLanguage":"de","@id":"https:\/\/nuevo-renacer.com\/#\/schema\/logo\/image\/","url":"https:\/\/nuevo-renacer.com\/wp-content\/uploads\/2024\/05\/cropped-LOGO-TERMINADO1-3-3.png","contentUrl":"https:\/\/nuevo-renacer.com\/wp-content\/uploads\/2024\/05\/cropped-LOGO-TERMINADO1-3-3.png","width":512,"height":512,"caption":"UFEC"},"image":{"@id":"https:\/\/nuevo-renacer.com\/#\/schema\/logo\/image\/"},"sameAs":["https:\/\/www.facebook.com\/groups\/3431398063740829"]}]}},"uagb_featured_image_src":{"full":["https:\/\/nuevo-renacer.com\/wp-content\/uploads\/2024\/09\/High_resolution_wallpaper_background_ID_77700646079.webp",1920,1080,false],"thumbnail":["https:\/\/nuevo-renacer.com\/wp-content\/uploads\/2024\/09\/High_resolution_wallpaper_background_ID_77700646079-150x150.webp",150,150,true],"medium":["https:\/\/nuevo-renacer.com\/wp-content\/uploads\/2024\/09\/High_resolution_wallpaper_background_ID_77700646079-300x169.webp",300,169,true],"medium_large":["https:\/\/nuevo-renacer.com\/wp-content\/uploads\/2024\/09\/High_resolution_wallpaper_background_ID_77700646079-768x432.webp",768,432,true],"large":["https:\/\/nuevo-renacer.com\/wp-content\/uploads\/2024\/09\/High_resolution_wallpaper_background_ID_77700646079-1024x576.webp",1024,576,true],"1536x1536":["https:\/\/nuevo-renacer.com\/wp-content\/uploads\/2024\/09\/High_resolution_wallpaper_background_ID_77700646079-1536x864.webp",1536,864,true],"2048x2048":["https:\/\/nuevo-renacer.com\/wp-content\/uploads\/2024\/09\/High_resolution_wallpaper_background_ID_77700646079.webp",1920,1080,false],"trp-custom-language-flag":["https:\/\/nuevo-renacer.com\/wp-content\/uploads\/2024\/09\/High_resolution_wallpaper_background_ID_77700646079-18x10.webp",18,10,true]},"uagb_author_info":{"display_name":"adbv0","author_link":"https:\/\/nuevo-renacer.com\/de\/author\/adbv0\/"},"uagb_comment_info":0,"uagb_excerpt":"La vida moral Todo ser humano lleva grabados en s\u00ed, en su conciencia, en su raz\u00f3n, los rudimentos de la ley moral. Esta ley recibe en este mismo mundo un comienzo de sanci\u00f3n. Una buena acci\u00f3n proporciona a su autor una satisfacci\u00f3n \u00edntima, una especie de dilataci\u00f3n, de esparcimiento del alma. Nuestras faltas, por el&hellip;","jetpack_sharing_enabled":true,"_links":{"self":[{"href":"https:\/\/nuevo-renacer.com\/de\/wp-json\/wp\/v2\/pages\/4456","targetHints":{"allow":["GET"]}}],"collection":[{"href":"https:\/\/nuevo-renacer.com\/de\/wp-json\/wp\/v2\/pages"}],"about":[{"href":"https:\/\/nuevo-renacer.com\/de\/wp-json\/wp\/v2\/types\/page"}],"author":[{"embeddable":true,"href":"https:\/\/nuevo-renacer.com\/de\/wp-json\/wp\/v2\/users\/1"}],"replies":[{"embeddable":true,"href":"https:\/\/nuevo-renacer.com\/de\/wp-json\/wp\/v2\/comments?post=4456"}],"version-history":[{"count":4,"href":"https:\/\/nuevo-renacer.com\/de\/wp-json\/wp\/v2\/pages\/4456\/revisions"}],"predecessor-version":[{"id":4468,"href":"https:\/\/nuevo-renacer.com\/de\/wp-json\/wp\/v2\/pages\/4456\/revisions\/4468"}],"wp:featuredmedia":[{"embeddable":true,"href":"https:\/\/nuevo-renacer.com\/de\/wp-json\/wp\/v2\/media\/4458"}],"wp:attachment":[{"href":"https:\/\/nuevo-renacer.com\/de\/wp-json\/wp\/v2\/media?parent=4456"}],"curies":[{"name":"wp","href":"https:\/\/api.w.org\/{rel}","templated":true}]}}