{"id":4448,"date":"2024-09-04T05:46:06","date_gmt":"2024-09-04T05:46:06","guid":{"rendered":"https:\/\/nuevo-renacer.com\/?page_id=4448"},"modified":"2024-09-04T06:31:43","modified_gmt":"2024-09-04T06:31:43","slug":"el-egoismo","status":"publish","type":"page","link":"https:\/\/nuevo-renacer.com\/de\/el-egoismo\/","title":{"rendered":"Der Egoismus"},"content":{"rendered":"<div class=\"wp-block-uagb-container uagb-block-51abc1e6 alignfull uagb-is-root-container\"><div class=\"uagb-container-inner-blocks-wrap\">\n<p class=\"has-black-color has-text-color has-link-color has-medium-font-size wp-elements-a166f4614658ba0e236cbab8eb9efb2e\"><strong>Der Egoismus<\/strong><\/p>\n<\/div><\/div>\n\n\n\n<div class=\"wp-block-uagb-container uagb-block-07c71ede alignfull uagb-is-root-container\"><div class=\"uagb-container-inner-blocks-wrap\">\n<figure class=\"wp-block-image size-full is-resized\"><img fetchpriority=\"high\" decoding=\"async\" width=\"380\" height=\"258\" src=\"https:\/\/nuevo-renacer.com\/wp-content\/uploads\/2024\/09\/selfish-man-walks-heads-people-260nw-1130275037.jpg\" alt=\"\" class=\"wp-image-4451\" style=\"width:345px;height:auto\" srcset=\"https:\/\/nuevo-renacer.com\/wp-content\/uploads\/2024\/09\/selfish-man-walks-heads-people-260nw-1130275037.jpg 380w, https:\/\/nuevo-renacer.com\/wp-content\/uploads\/2024\/09\/selfish-man-walks-heads-people-260nw-1130275037-300x204.jpg 300w, https:\/\/nuevo-renacer.com\/wp-content\/uploads\/2024\/09\/selfish-man-walks-heads-people-260nw-1130275037-18x12.jpg 18w\" sizes=\"(max-width: 380px) 100vw, 380px\" \/><\/figure>\n<\/div><\/div>\n\n\n\n<div class=\"wp-block-uagb-container uagb-block-72f5adef alignfull uagb-is-root-container\"><div class=\"uagb-container-inner-blocks-wrap\">\n<p class=\"has-small-font-size\">Der Egoismus ist der Bruder des Stolzes und entspringt denselben Ursachen. Er ist eine der schrecklichsten Erscheinungsformen der Seele und das gr\u00f6\u00dfte Hindernis f\u00fcr soziale Verbesserungen. Er allein neutralisiert und macht fast alle menschlichen Bem\u00fchungen um das Gute unfruchtbar. Ihn zu bek\u00e4mpfen muss daher die st\u00e4ndige Sorge aller Freunde des Fortschritts und aller Diener der Gerechtigkeit sein.<\/p>\n\n\n\n<p class=\"has-small-font-size\">Der Egoismus ist das Fortbestehen jenes wilden Individualismus, der das Tier kennzeichnet, als \u00dcberbleibsel des Zustandes der Unterlegenheit, den wir erleiden mussten. Der Mensch ist vor allem ein geselliges Wesen; er ist dazu bestimmt, mit seinen Mitmenschen zu leben, und kann nichts ohne sie tun. Auf sich allein gestellt, w\u00e4re er nicht in der Lage, seine Bed\u00fcrfnisse zu befriedigen und seine Eigenschaften zu entwickeln.<\/p>\n\n\n\n<p class=\"has-small-font-size\">Nach Gott verdankt der Mensch der Gesellschaft alle Vorteile der Existenz, alle Vorteile der Zivilisation. Er genie\u00dft sie, aber gerade dieser Genuss, diese Teilhabe an den Fr\u00fcchten der gemeinsamen Arbeit, erlegt ihm die Pflicht auf, an der Arbeit selbst mitzuwirken. Eine enge Solidarit\u00e4t bindet ihn an die Gesellschaft; er schuldet ihr, wie sie ihm schuldet. Unt\u00e4tig zu bleiben, unproduktiv, nutzlos, inmitten der Arbeit aller, w\u00e4re ein Versto\u00df gegen die Moral, fast Diebstahl; es w\u00e4re, von der Arbeit anderer zu profitieren, ein Darlehen anzunehmen, das man nicht zur\u00fcckzahlen will.<\/p>\n\n\n\n<p class=\"has-small-font-size\">Wir sind ein integraler Bestandteil der Gesellschaft, und alles, was sie betrifft, betrifft auch uns. Mit diesem Verst\u00e4ndnis der sozialen Bindung und des Gesetzes der Solidarit\u00e4t messen wir das Ausma\u00df des Egoismus in uns. Wer es versteht, von seinen Mitmenschen und f\u00fcr seine Mitmenschen zu leben, hat von diesem gro\u00dfen \u00dcbel nichts zu bef\u00fcrchten. Er hat ein unfehlbares Kriterium, nach dem er sein Verhalten beurteilen kann. Er tut nichts, ohne sich zu fragen, ob das, was er vorhat, f\u00fcr seine Mitmenschen gut oder schlecht ist, ohne sich zu fragen, ob sein Handeln der Gesellschaft, der er angeh\u00f6rt, schadet oder n\u00fctzt. Wenn sie nur f\u00fcr ihn vorteilhaft und f\u00fcr andere sch\u00e4dlich zu sein scheinen, wei\u00df er, dass sie in Wirklichkeit f\u00fcr alle schlecht sind, und er unterl\u00e4sst es, sie \u00fcberhaupt zu tun.<\/p>\n\n\n\n<p class=\"has-small-font-size\">Die Gier ist eine der widerw\u00e4rtigsten Formen des Egoismus. Sie offenbart die Niedertracht der Seele, die n\u00fctzliche Reicht\u00fcmer f\u00fcr das Gemeinwohl hortet und nicht einmal wei\u00df, wie sie sie nutzen soll. Der Geizige verarmt in seiner Liebe zum Gold, in seiner Begierde, es sich anzueignen, seine Mitmenschen und bleibt selbst mittellos, denn der scheinbare Reichtum, den er anh\u00e4uft, ohne irgendjemandem einen Nutzen zu bringen, bleibt Armut: eine relative Armut, aber ebenso erb\u00e4rmlich wie die der Elenden und gerade das Objekt der Verwerfung aller.<\/p>\n\n\n\n<p class=\"has-small-font-size\">Kein erhabenes Gef\u00fchl, nichts, was den Adel des Seins ausmacht, kann in der Seele eines Geizhalses aufkeimen. Neid und Uners\u00e4ttlichkeit, die ihn qu\u00e4len, verurteilen ihn zu einem schmerzhaften Dasein, zu einer noch elenderen Zukunft. Nichts kommt seiner Verzweiflung gleich, wenn er jenseits des Grabes seine Sch\u00e4tze verstreut oder aufgel\u00f6st sieht.<\/p>\n\n\n\n<p class=\"has-small-font-size\">Ihr, die ihr den Frieden des Herzens sucht, flieht vor diesem niederen und erb\u00e4rmlichen Laster. Aber verfallt nicht in den entgegengesetzten Exzess. Vergeudet nichts. Wisst, wie ihr eure Mittel weise und sparsam einsetzen k\u00f6nnt.<\/p>\n\n\n\n<p class=\"has-small-font-size\">Der Egoismus tr\u00e4gt seine eigene Strafe in sich. Der Egoist sieht in der Welt nur sich selbst; alles, was ihm fremd ist, ist ihm gleichg\u00fcltig. So sind die Stunden seines Lebens von Langeweile erf\u00fcllt. Er findet \u00fcberall Leere, sowohl in seinem irdischen Dasein als auch nach dem Tod, denn alle, ob Mensch oder Geist, meiden ihn.<\/p>\n\n\n\n<p class=\"has-small-font-size\">Im Gegenteil, am gl\u00fccklichsten ist derjenige, der nach besten Kr\u00e4ften am Werk der Gesellschaft mitwirkt; derjenige, der in Gemeinschaft mit seinen Mitmenschen lebt, von ihren F\u00e4higkeiten und G\u00fctern Gebrauch macht, wie er von denen seiner Mitmenschen Gebrauch macht, und das Gute in sich selbst nach au\u00dfen tr\u00e4gt. Er ist sich bewusst, dass er dem Gesetz gehorcht, dass er ein n\u00fctzliches Mitglied der Gesellschaft ist. Alles, was in der Welt vollbracht wird, interessiert ihn; alles, was gro\u00df und sch\u00f6n ist, bewegt und erfreut ihn; seine Seele schwingt im Einklang mit allen erleuchteten und gro\u00dfz\u00fcgigen Seelen, und Langeweile und Entt\u00e4uschung haben keinen Einfluss auf ihn.<\/p>\n\n\n\n<p class=\"has-small-font-size\">Unsere Aufgabe besteht also nicht darin, uns zu enthalten, sondern unerm\u00fcdlich f\u00fcr das Gute und f\u00fcr die Wahrheit zu k\u00e4mpfen. Nicht sitzend oder liegend m\u00fcssen wir das Schauspiel des menschlichen Lebens betrachten, sondern stehend, wie ein Pionier, wie ein Soldat, der bereit ist, sich an allen gro\u00dfen Aufgaben zu beteiligen, neue Wege zu ebnen, das gemeinsame Erbe der Menschheit zu befruchten.<\/p>\n\n\n\n<p class=\"has-small-font-size\">Obwohl Egoismus in allen Gesellschaftsschichten zu finden ist, geh\u00f6rt dieses Laster eher zu den Reichen als zu den Armen. Zu oft trocknet der Wohlstand das Herz aus, w\u00e4hrend das Ungl\u00fcck, indem es uns die Last des Kummers erkennen l\u00e4sst, uns lehrt, den Kummer der anderen zu teilen. Wei\u00df der Reiche \u00fcberhaupt, was die tausend Dinge, aus denen sich sein Luxus zusammensetzt, an M\u00fchsal und Arbeit kosten?<\/p>\n\n\n\n<p class=\"has-small-font-size\">Lasst uns nie an einem gut gedeckten Tisch sitzen, ohne an die Hungrigen zu denken. Dieser Gedanke wird uns n\u00fcchtern und ma\u00dfvoll in unserem Appetit und in unserem Geschmack machen.<\/p>\n\n\n\n<p class=\"has-small-font-size\">Denken wir an die Millionen von Menschen, die sich unter der Hitze des Sommers oder der rauen Witterung b\u00fccken und f\u00fcr einen Hungerlohn die Produkte aus dem Boden holen, die unsere Mahlzeiten versorgen oder unsere Wohnungen schm\u00fccken. Erinnern wir uns daran, dass M\u00e4nner wie wir, die wie wir f\u00e4hig sind, zu lieben und zu f\u00fchlen, unter der Erde arbeiten, weit weg vom blauen Himmel und der freudigen Sonne, und mit der Spitzhacke in der Hand ihr ganzes Leben lang in das Innere der Erde bohren, um unsere R\u00e4ume mit einem strahlenden Licht zu erleuchten und unsere H\u00e4user mit einer wohlt\u00e4tigen Flamme erstrahlen zu lassen. Lasst uns wissen, dass, um unsere Hallen mit Spiegeln und glitzerndem Glas zu schm\u00fccken, um die Vielzahl von Gegenst\u00e4nden herzustellen, aus denen unser Wohlstand besteht, andere Menschen zu Tausenden, wie die Verurteilten am Hochofen, ihr Leben in der verzehrenden Hitze der Hoch\u00f6fen und Gie\u00dfereien verbringen, ohne Luft, abgenutzt, gebrochen vor ihrer Zeit, mit nichts zu erwarten als einem leidenden und beraubten Alter. Wir sollten wissen: All dieser Komfort, den wir mit Gleichg\u00fcltigkeit genie\u00dfen, wird auf Kosten des Leidens der Dem\u00fctigen und der Schwachen aufrechterhalten. M\u00f6ge dieser Gedanke in uns eindringen und uns bedr\u00e4ngen; wie ein flammendes Schwert wird er den Egoismus aus unseren Herzen vertreiben und uns dazu zwingen, unsere G\u00fcter, unsere Zeit und unsere F\u00e4higkeiten f\u00fcr die Verbesserung des Loses der Schwachen einzusetzen.<\/p>\n\n\n\n<p class=\"has-small-font-size\">Denn es wird keinen Frieden unter den Menschen, keine soziale Sicherheit und kein Gl\u00fcck geben, solange der Egoismus nicht \u00fcberwunden ist, solange nicht Privilegien und unangenehme Ungleichheiten beseitigt sind und jeder nach dem Ma\u00df seiner Arbeit und seines Verdienstes am Wohl aller teilhat. Ohne Gerechtigkeit kann es keinen Frieden und keine Harmonie geben. Solange der Egoismus der einen durch die Tr\u00e4nen und das Leid der anderen gen\u00e4hrt wird, solange die Anspr\u00fcche des Egoismus das Joch der Pflicht ertr\u00e4nken, wird der Hass auf der Erde fortbestehen, wird der Streit des Eigennutzes die Geister spalten und werden St\u00fcrme in den Scho\u00df der Gesellschaften einziehen.<\/p>\n\n\n\n<p class=\"has-small-font-size\">Aber dank des Wissens um unsere Zukunft wird sich die Idee der Solidarit\u00e4t schlie\u00dflich durchsetzen. Das Gesetz der R\u00fcckkehr zum Fleisch, das Bed\u00fcrfnis, in bescheidenen Verh\u00e4ltnissen geboren zu werden, wird ein Anreiz sein, der den Egoismus zur\u00fcckdr\u00e4ngt. Angesichts dieser Aussichten wird der \u00fcberm\u00e4\u00dfige Sinn f\u00fcr Pers\u00f6nlichkeit gemildert werden, um uns eine genauere Vorstellung von unserem Platz und unserer Rolle im Universum zu geben. Da wir wissen, dass wir mit allen Seelen vereint sind, dass wir an ihrem Fortschritt und ihrem Gl\u00fcck teilhaben, werden wir uns mehr f\u00fcr ihre Situation, ihren Fortschritt und ihre M\u00fchen interessieren. In dem Ma\u00dfe, wie sich dieses Gef\u00fchl in der Welt ausbreitet, werden sich die Institutionen und die sozialen Beziehungen verbessern; die Br\u00fcderlichkeit, dieses triviale Wort, das von so vielen M\u00fcndern wiederholt wird, wird in die Herzen hinabsteigen und Wirklichkeit werden. Wir werden sp\u00fcren, dass wir in den anderen leben, wir werden uns an ihren Freuden erfreuen und mit ihren Leiden leiden. Dann wird es keine einzige Klage mehr geben, die ungeh\u00f6rt verhallt, und keinen einzigen Schmerz, der ungetr\u00f6stet bleibt. Die gro\u00dfe Menschheitsfamilie, stark, friedlich und vereint, wird sich in einem schnelleren Tempo ihren gro\u00dfartigen Zielen n\u00e4hern.<\/p>\n\n\n\n<p class=\"has-black-color has-text-color has-link-color has-small-font-size wp-elements-e0b0166bb06370235e49319a88b27dba\"><strong><em>Le\u00f3n Denis <\/em><\/strong>&#8211;<em> El Camino Recto \u2503 Concepto esp\u00edrita de la ley moral<\/em><\/p>\n<\/div><\/div>","protected":false},"excerpt":{"rendered":"<p>El Egoismo El ego\u00edsmo es hermano de la soberbia, y procede de las mismas causas. Es una de las m\u00e1s terribles manifestaciones del alma y el mayor obst\u00e1culo para los mejoramientos sociales. S\u00f3lo \u00e9l neutraliza y hace est\u00e9riles casi todos los esfuerzos del hombre orientados hacia el bien. As\u00ed pues, combatirlo debe constituir la preocupaci\u00f3n [&hellip;]<\/p>","protected":false},"author":1,"featured_media":4451,"parent":0,"menu_order":0,"comment_status":"closed","ping_status":"closed","template":"","meta":{"_uag_custom_page_level_css":"","site-sidebar-layout":"default","site-content-layout":"","ast-site-content-layout":"default","site-content-style":"default","site-sidebar-style":"default","ast-global-header-display":"","ast-banner-title-visibility":"","ast-main-header-display":"","ast-hfb-above-header-display":"","ast-hfb-below-header-display":"","ast-hfb-mobile-header-display":"","site-post-title":"","ast-breadcrumbs-content":"","ast-featured-img":"","footer-sml-layout":"","theme-transparent-header-meta":"","adv-header-id-meta":"","stick-header-meta":"","header-above-stick-meta":"","header-main-stick-meta":"","header-below-stick-meta":"","astra-migrate-meta-layouts":"set","ast-page-background-enabled":"default","ast-page-background-meta":{"desktop":{"background-color":"var(--ast-global-color-4)","background-image":"","background-repeat":"repeat","background-position":"center center","background-size":"auto","background-attachment":"scroll","background-type":"","background-media":"","overlay-type":"","overlay-color":"","overlay-opacity":"","overlay-gradient":""},"tablet":{"background-color":"","background-image":"","background-repeat":"repeat","background-position":"center center","background-size":"auto","background-attachment":"scroll","background-type":"","background-media":"","overlay-type":"","overlay-color":"","overlay-opacity":"","overlay-gradient":""},"mobile":{"background-color":"","background-image":"","background-repeat":"repeat","background-position":"center center","background-size":"auto","background-attachment":"scroll","background-type":"","background-media":"","overlay-type":"","overlay-color":"","overlay-opacity":"","overlay-gradient":""}},"ast-content-background-meta":{"desktop":{"background-color":"var(--ast-global-color-5)","background-image":"","background-repeat":"repeat","background-position":"center center","background-size":"auto","background-attachment":"scroll","background-type":"","background-media":"","overlay-type":"","overlay-color":"","overlay-opacity":"","overlay-gradient":""},"tablet":{"background-color":"var(--ast-global-color-5)","background-image":"","background-repeat":"repeat","background-position":"center center","background-size":"auto","background-attachment":"scroll","background-type":"","background-media":"","overlay-type":"","overlay-color":"","overlay-opacity":"","overlay-gradient":""},"mobile":{"background-color":"var(--ast-global-color-5)","background-image":"","background-repeat":"repeat","background-position":"center center","background-size":"auto","background-attachment":"scroll","background-type":"","background-media":"","overlay-type":"","overlay-color":"","overlay-opacity":"","overlay-gradient":""}},"footnotes":""},"class_list":["post-4448","page","type-page","status-publish","has-post-thumbnail","hentry"],"yoast_head":"<!-- This site is optimized with the Yoast SEO Premium plugin v24.2 (Yoast SEO v24.6) - https:\/\/yoast.com\/wordpress\/plugins\/seo\/ -->\n<title>El Egoismo - Uni\u00f3n Esp\u00edrita<\/title>\n<meta name=\"robots\" content=\"index, follow, max-snippet:-1, max-image-preview:large, max-video-preview:-1\" \/>\n<link rel=\"canonical\" href=\"https:\/\/nuevo-renacer.com\/de\/el-egoismo\/\" \/>\n<meta property=\"og:locale\" content=\"de_DE\" \/>\n<meta property=\"og:type\" content=\"article\" \/>\n<meta property=\"og:title\" content=\"El Egoismo\" \/>\n<meta property=\"og:description\" content=\"El Egoismo El ego\u00edsmo es hermano de la soberbia, y procede de las mismas causas. Es una de las m\u00e1s terribles manifestaciones del alma y el mayor obst\u00e1culo para los mejoramientos sociales. S\u00f3lo \u00e9l neutraliza y hace est\u00e9riles casi todos los esfuerzos del hombre orientados hacia el bien. As\u00ed pues, combatirlo debe constituir la preocupaci\u00f3n [&hellip;]\" \/>\n<meta property=\"og:url\" content=\"https:\/\/nuevo-renacer.com\/de\/el-egoismo\/\" \/>\n<meta property=\"og:site_name\" content=\"Uni\u00f3n Esp\u00edrita\" \/>\n<meta property=\"article:publisher\" content=\"https:\/\/www.facebook.com\/groups\/3431398063740829\" \/>\n<meta property=\"article:modified_time\" content=\"2024-09-04T06:31:43+00:00\" \/>\n<meta property=\"og:image\" content=\"https:\/\/nuevo-renacer.com\/wp-content\/uploads\/2024\/09\/selfish-man-walks-heads-people-260nw-1130275037.jpg\" \/>\n\t<meta property=\"og:image:width\" content=\"380\" \/>\n\t<meta property=\"og:image:height\" content=\"258\" \/>\n\t<meta property=\"og:image:type\" content=\"image\/jpeg\" \/>\n<meta name=\"twitter:card\" content=\"summary_large_image\" \/>\n<meta name=\"twitter:label1\" content=\"Gesch\u00e4tzte Lesezeit\" \/>\n\t<meta name=\"twitter:data1\" content=\"8\u00a0Minuten\" \/>\n<script type=\"application\/ld+json\" class=\"yoast-schema-graph\">{\"@context\":\"https:\/\/schema.org\",\"@graph\":[{\"@type\":\"WebPage\",\"@id\":\"https:\/\/nuevo-renacer.com\/el-egoismo\/\",\"url\":\"https:\/\/nuevo-renacer.com\/el-egoismo\/\",\"name\":\"El Egoismo - Uni\u00f3n Esp\u00edrita\",\"isPartOf\":{\"@id\":\"https:\/\/nuevo-renacer.com\/#website\"},\"primaryImageOfPage\":{\"@id\":\"https:\/\/nuevo-renacer.com\/el-egoismo\/#primaryimage\"},\"image\":{\"@id\":\"https:\/\/nuevo-renacer.com\/el-egoismo\/#primaryimage\"},\"thumbnailUrl\":\"https:\/\/nuevo-renacer.com\/wp-content\/uploads\/2024\/09\/selfish-man-walks-heads-people-260nw-1130275037.jpg\",\"datePublished\":\"2024-09-04T05:46:06+00:00\",\"dateModified\":\"2024-09-04T06:31:43+00:00\",\"breadcrumb\":{\"@id\":\"https:\/\/nuevo-renacer.com\/el-egoismo\/#breadcrumb\"},\"inLanguage\":\"de\",\"potentialAction\":[{\"@type\":\"ReadAction\",\"target\":[\"https:\/\/nuevo-renacer.com\/el-egoismo\/\"]}]},{\"@type\":\"ImageObject\",\"inLanguage\":\"de\",\"@id\":\"https:\/\/nuevo-renacer.com\/el-egoismo\/#primaryimage\",\"url\":\"https:\/\/nuevo-renacer.com\/wp-content\/uploads\/2024\/09\/selfish-man-walks-heads-people-260nw-1130275037.jpg\",\"contentUrl\":\"https:\/\/nuevo-renacer.com\/wp-content\/uploads\/2024\/09\/selfish-man-walks-heads-people-260nw-1130275037.jpg\",\"width\":380,\"height\":258},{\"@type\":\"BreadcrumbList\",\"@id\":\"https:\/\/nuevo-renacer.com\/el-egoismo\/#breadcrumb\",\"itemListElement\":[{\"@type\":\"ListItem\",\"position\":1,\"name\":\"Startseite\",\"item\":\"https:\/\/nuevo-renacer.com\/\"},{\"@type\":\"ListItem\",\"position\":2,\"name\":\"El Egoismo\"}]},{\"@type\":\"WebSite\",\"@id\":\"https:\/\/nuevo-renacer.com\/#website\",\"url\":\"https:\/\/nuevo-renacer.com\/\",\"name\":\"Uni\u00f3n Esp\u00edrita\",\"description\":\"Nuevo Renacer\",\"publisher\":{\"@id\":\"https:\/\/nuevo-renacer.com\/#organization\"},\"potentialAction\":[{\"@type\":\"SearchAction\",\"target\":{\"@type\":\"EntryPoint\",\"urlTemplate\":\"https:\/\/nuevo-renacer.com\/?s={search_term_string}\"},\"query-input\":{\"@type\":\"PropertyValueSpecification\",\"valueRequired\":true,\"valueName\":\"search_term_string\"}}],\"inLanguage\":\"de\"},{\"@type\":\"Organization\",\"@id\":\"https:\/\/nuevo-renacer.com\/#organization\",\"name\":\"UFEC\",\"url\":\"https:\/\/nuevo-renacer.com\/\",\"logo\":{\"@type\":\"ImageObject\",\"inLanguage\":\"de\",\"@id\":\"https:\/\/nuevo-renacer.com\/#\/schema\/logo\/image\/\",\"url\":\"https:\/\/nuevo-renacer.com\/wp-content\/uploads\/2024\/05\/cropped-LOGO-TERMINADO1-3-3.png\",\"contentUrl\":\"https:\/\/nuevo-renacer.com\/wp-content\/uploads\/2024\/05\/cropped-LOGO-TERMINADO1-3-3.png\",\"width\":512,\"height\":512,\"caption\":\"UFEC\"},\"image\":{\"@id\":\"https:\/\/nuevo-renacer.com\/#\/schema\/logo\/image\/\"},\"sameAs\":[\"https:\/\/www.facebook.com\/groups\/3431398063740829\"]}]}<\/script>\n<!-- \/ Yoast SEO Premium plugin. -->","yoast_head_json":{"title":"El Egoismo - Uni\u00f3n Esp\u00edrita","robots":{"index":"index","follow":"follow","max-snippet":"max-snippet:-1","max-image-preview":"max-image-preview:large","max-video-preview":"max-video-preview:-1"},"canonical":"https:\/\/nuevo-renacer.com\/de\/el-egoismo\/","og_locale":"de_DE","og_type":"article","og_title":"El Egoismo","og_description":"El Egoismo El ego\u00edsmo es hermano de la soberbia, y procede de las mismas causas. Es una de las m\u00e1s terribles manifestaciones del alma y el mayor obst\u00e1culo para los mejoramientos sociales. S\u00f3lo \u00e9l neutraliza y hace est\u00e9riles casi todos los esfuerzos del hombre orientados hacia el bien. As\u00ed pues, combatirlo debe constituir la preocupaci\u00f3n [&hellip;]","og_url":"https:\/\/nuevo-renacer.com\/de\/el-egoismo\/","og_site_name":"Uni\u00f3n Esp\u00edrita","article_publisher":"https:\/\/www.facebook.com\/groups\/3431398063740829","article_modified_time":"2024-09-04T06:31:43+00:00","og_image":[{"width":380,"height":258,"url":"https:\/\/nuevo-renacer.com\/wp-content\/uploads\/2024\/09\/selfish-man-walks-heads-people-260nw-1130275037.jpg","type":"image\/jpeg"}],"twitter_card":"summary_large_image","twitter_misc":{"Gesch\u00e4tzte Lesezeit":"8\u00a0Minuten"},"schema":{"@context":"https:\/\/schema.org","@graph":[{"@type":"WebPage","@id":"https:\/\/nuevo-renacer.com\/el-egoismo\/","url":"https:\/\/nuevo-renacer.com\/el-egoismo\/","name":"El Egoismo - Uni\u00f3n Esp\u00edrita","isPartOf":{"@id":"https:\/\/nuevo-renacer.com\/#website"},"primaryImageOfPage":{"@id":"https:\/\/nuevo-renacer.com\/el-egoismo\/#primaryimage"},"image":{"@id":"https:\/\/nuevo-renacer.com\/el-egoismo\/#primaryimage"},"thumbnailUrl":"https:\/\/nuevo-renacer.com\/wp-content\/uploads\/2024\/09\/selfish-man-walks-heads-people-260nw-1130275037.jpg","datePublished":"2024-09-04T05:46:06+00:00","dateModified":"2024-09-04T06:31:43+00:00","breadcrumb":{"@id":"https:\/\/nuevo-renacer.com\/el-egoismo\/#breadcrumb"},"inLanguage":"de","potentialAction":[{"@type":"ReadAction","target":["https:\/\/nuevo-renacer.com\/el-egoismo\/"]}]},{"@type":"ImageObject","inLanguage":"de","@id":"https:\/\/nuevo-renacer.com\/el-egoismo\/#primaryimage","url":"https:\/\/nuevo-renacer.com\/wp-content\/uploads\/2024\/09\/selfish-man-walks-heads-people-260nw-1130275037.jpg","contentUrl":"https:\/\/nuevo-renacer.com\/wp-content\/uploads\/2024\/09\/selfish-man-walks-heads-people-260nw-1130275037.jpg","width":380,"height":258},{"@type":"BreadcrumbList","@id":"https:\/\/nuevo-renacer.com\/el-egoismo\/#breadcrumb","itemListElement":[{"@type":"ListItem","position":1,"name":"Startseite","item":"https:\/\/nuevo-renacer.com\/"},{"@type":"ListItem","position":2,"name":"El Egoismo"}]},{"@type":"WebSite","@id":"https:\/\/nuevo-renacer.com\/#website","url":"https:\/\/nuevo-renacer.com\/","name":"Uni\u00f3n Esp\u00edrita","description":"Nuevo Renacer","publisher":{"@id":"https:\/\/nuevo-renacer.com\/#organization"},"potentialAction":[{"@type":"SearchAction","target":{"@type":"EntryPoint","urlTemplate":"https:\/\/nuevo-renacer.com\/?s={search_term_string}"},"query-input":{"@type":"PropertyValueSpecification","valueRequired":true,"valueName":"search_term_string"}}],"inLanguage":"de"},{"@type":"Organization","@id":"https:\/\/nuevo-renacer.com\/#organization","name":"UFEC","url":"https:\/\/nuevo-renacer.com\/","logo":{"@type":"ImageObject","inLanguage":"de","@id":"https:\/\/nuevo-renacer.com\/#\/schema\/logo\/image\/","url":"https:\/\/nuevo-renacer.com\/wp-content\/uploads\/2024\/05\/cropped-LOGO-TERMINADO1-3-3.png","contentUrl":"https:\/\/nuevo-renacer.com\/wp-content\/uploads\/2024\/05\/cropped-LOGO-TERMINADO1-3-3.png","width":512,"height":512,"caption":"UFEC"},"image":{"@id":"https:\/\/nuevo-renacer.com\/#\/schema\/logo\/image\/"},"sameAs":["https:\/\/www.facebook.com\/groups\/3431398063740829"]}]}},"uagb_featured_image_src":{"full":["https:\/\/nuevo-renacer.com\/wp-content\/uploads\/2024\/09\/selfish-man-walks-heads-people-260nw-1130275037.jpg",380,258,false],"thumbnail":["https:\/\/nuevo-renacer.com\/wp-content\/uploads\/2024\/09\/selfish-man-walks-heads-people-260nw-1130275037-150x150.jpg",150,150,true],"medium":["https:\/\/nuevo-renacer.com\/wp-content\/uploads\/2024\/09\/selfish-man-walks-heads-people-260nw-1130275037-300x204.jpg",300,204,true],"medium_large":["https:\/\/nuevo-renacer.com\/wp-content\/uploads\/2024\/09\/selfish-man-walks-heads-people-260nw-1130275037.jpg",380,258,false],"large":["https:\/\/nuevo-renacer.com\/wp-content\/uploads\/2024\/09\/selfish-man-walks-heads-people-260nw-1130275037.jpg",380,258,false],"1536x1536":["https:\/\/nuevo-renacer.com\/wp-content\/uploads\/2024\/09\/selfish-man-walks-heads-people-260nw-1130275037.jpg",380,258,false],"2048x2048":["https:\/\/nuevo-renacer.com\/wp-content\/uploads\/2024\/09\/selfish-man-walks-heads-people-260nw-1130275037.jpg",380,258,false],"trp-custom-language-flag":["https:\/\/nuevo-renacer.com\/wp-content\/uploads\/2024\/09\/selfish-man-walks-heads-people-260nw-1130275037-18x12.jpg",18,12,true]},"uagb_author_info":{"display_name":"adbv0","author_link":"https:\/\/nuevo-renacer.com\/de\/author\/adbv0\/"},"uagb_comment_info":0,"uagb_excerpt":"El Egoismo El ego\u00edsmo es hermano de la soberbia, y procede de las mismas causas. Es una de las m\u00e1s terribles manifestaciones del alma y el mayor obst\u00e1culo para los mejoramientos sociales. S\u00f3lo \u00e9l neutraliza y hace est\u00e9riles casi todos los esfuerzos del hombre orientados hacia el bien. As\u00ed pues, combatirlo debe constituir la preocupaci\u00f3n&hellip;","jetpack_sharing_enabled":true,"_links":{"self":[{"href":"https:\/\/nuevo-renacer.com\/de\/wp-json\/wp\/v2\/pages\/4448","targetHints":{"allow":["GET"]}}],"collection":[{"href":"https:\/\/nuevo-renacer.com\/de\/wp-json\/wp\/v2\/pages"}],"about":[{"href":"https:\/\/nuevo-renacer.com\/de\/wp-json\/wp\/v2\/types\/page"}],"author":[{"embeddable":true,"href":"https:\/\/nuevo-renacer.com\/de\/wp-json\/wp\/v2\/users\/1"}],"replies":[{"embeddable":true,"href":"https:\/\/nuevo-renacer.com\/de\/wp-json\/wp\/v2\/comments?post=4448"}],"version-history":[{"count":3,"href":"https:\/\/nuevo-renacer.com\/de\/wp-json\/wp\/v2\/pages\/4448\/revisions"}],"predecessor-version":[{"id":4455,"href":"https:\/\/nuevo-renacer.com\/de\/wp-json\/wp\/v2\/pages\/4448\/revisions\/4455"}],"wp:featuredmedia":[{"embeddable":true,"href":"https:\/\/nuevo-renacer.com\/de\/wp-json\/wp\/v2\/media\/4451"}],"wp:attachment":[{"href":"https:\/\/nuevo-renacer.com\/de\/wp-json\/wp\/v2\/media?parent=4448"}],"curies":[{"name":"wp","href":"https:\/\/api.w.org\/{rel}","templated":true}]}}