{"id":4407,"date":"2024-09-03T08:15:39","date_gmt":"2024-09-03T08:15:39","guid":{"rendered":"https:\/\/nuevo-renacer.com\/?page_id=4407"},"modified":"2024-09-03T08:15:41","modified_gmt":"2024-09-03T08:15:41","slug":"juana-de-arco","status":"publish","type":"page","link":"https:\/\/nuevo-renacer.com\/de\/juana-de-arco\/","title":{"rendered":"Jeanne d\u2019Arc"},"content":{"rendered":"<div class=\"wp-block-uagb-container uagb-block-f4634d29 alignfull uagb-is-root-container\"><div class=\"uagb-container-inner-blocks-wrap\">\n<p class=\"has-black-color has-text-color has-link-color has-medium-font-size wp-elements-e80af57ebb19efe42e734ae1dd686d32\"><strong>Jeanne d\u2019Arc<\/strong><\/p>\n<\/div><\/div>\n\n\n\n<div class=\"wp-block-uagb-container uagb-block-e1510548 alignfull uagb-is-root-container\"><div class=\"uagb-container-inner-blocks-wrap\">\n<figure class=\"wp-block-image size-full is-resized\"><img fetchpriority=\"high\" decoding=\"async\" width=\"550\" height=\"757\" src=\"https:\/\/nuevo-renacer.com\/wp-content\/uploads\/2024\/09\/los-ultimos-instantes-en-el-panteon-de-paris-se-exhibe-esta-pintura-en-la-que-jules-eugene-lenepveu-evoco-con-afan-realista-los-ultimos-minutos-de-la-vida-de-juana-de-arco-siglo-xix_b8cfd2e4_550x757.jpg\" alt=\"\" class=\"wp-image-4410\" style=\"width:251px;height:auto\" srcset=\"https:\/\/nuevo-renacer.com\/wp-content\/uploads\/2024\/09\/los-ultimos-instantes-en-el-panteon-de-paris-se-exhibe-esta-pintura-en-la-que-jules-eugene-lenepveu-evoco-con-afan-realista-los-ultimos-minutos-de-la-vida-de-juana-de-arco-siglo-xix_b8cfd2e4_550x757.jpg 550w, https:\/\/nuevo-renacer.com\/wp-content\/uploads\/2024\/09\/los-ultimos-instantes-en-el-panteon-de-paris-se-exhibe-esta-pintura-en-la-que-jules-eugene-lenepveu-evoco-con-afan-realista-los-ultimos-minutos-de-la-vida-de-juana-de-arco-siglo-xix_b8cfd2e4_550x757-218x300.jpg 218w, https:\/\/nuevo-renacer.com\/wp-content\/uploads\/2024\/09\/los-ultimos-instantes-en-el-panteon-de-paris-se-exhibe-esta-pintura-en-la-que-jules-eugene-lenepveu-evoco-con-afan-realista-los-ultimos-minutos-de-la-vida-de-juana-de-arco-siglo-xix_b8cfd2e4_550x757-9x12.jpg 9w\" sizes=\"(max-width: 550px) 100vw, 550px\" \/><\/figure>\n<\/div><\/div>\n\n\n\n<div class=\"wp-block-uagb-container uagb-block-1405f0fd alignfull uagb-is-root-container\"><div class=\"uagb-container-inner-blocks-wrap\">\n<p class=\"has-black-color has-text-color has-link-color has-small-font-size wp-elements-dee2990e251e549c01fdda1aebacb556\">Frankreich war ein Land, das sich der englischen Macht beugte. Es war nicht gerade ein Land wie man es heute kennt. Es bestand aus mehreren Feudalherren. Und es war in einem bis dahin unbekannten Dorf, wo 1412 ein M\u00e4dchen geboren wurde, das eine ber\u00fchmte und gefeierte Domremy werden sollte.<\/p>\n\n\n\n<p class=\"has-black-color has-text-color has-link-color has-small-font-size wp-elements-95fbad4078f72ed703a48dd3be00bdc8\">Sie war die Tochter armer Bauern. Sie lernte mit ihrer Mutter Wolle zu spinnen und pflegte die Schafherde. Sie lernte weder lesen noch schreiben, da die Arbeit bald alle ihre Stunden beanspruchte. Das Dorf war weit entfernt und die Kriegsger\u00fcchte kamen nicht so schnell an. Eines Tages kam Jeanne d'Arc schlie\u00dflich von Angesicht zu Angesicht mit den Schrecken des Krieges, als die englischen Truppen n\u00e4her kamen und die ganze Familie fliehen und sich verstecken musste.<\/p>\n\n\n\n<p class=\"has-black-color has-text-color has-link-color has-small-font-size wp-elements-49e65a468bacf00abfda0806e559895b\">Als sie 12 war, begann sie Visionen zu haben. Es war ein Sommertag am Mittag. Jeanne betete im Garten in der N\u00e4he ihres Hauses, als sie eine Stimme h\u00f6rte, die ihr sagte, sie solle auf den Herrn vertrauen. Die Gestalt, die sie sah, identifizierte sie als den Erzengel Michael. Die beiden geistlichen Boten, die sie begleiteten, Katharina und Margarete, die nach der Kirche, in der sie war, heilig waren.<\/p>\n\n\n\n<p class=\"has-black-color has-text-color has-link-color has-small-font-size wp-elements-45202835b2936fd152d4bdcb99deb567\">Sie erz\u00e4hlten ihr von der Lage des Landes und offenbarten ihr ihre Mission. Sie sollte dem Dauphin zu Hilfe kommen und ihn zum K\u00f6nig von Frankreich kr\u00f6nen. Vier Jahre lang z\u00f6gerte sie und die Geschichte ihrer Visionen begann sich zu verbreiten. Als der Morgen eines Wintertages d\u00e4mmerte, stand sie auf. Sie war entschlossen. Sie packt ein kleines Gep\u00e4ckst\u00fcck, ein kleines P\u00e4ckchen, einen Reisestock, verabschiedet sich von ihren Eltern und geht. Diese Stadt in Lothringen wird sie nie wieder sehen.<\/p>\n\n\n\n<p class=\"has-black-color has-text-color has-link-color has-small-font-size wp-elements-108b590d61ed65ff22e7b08697bacc72\">Sie ging nach Vaucouleurs, wo einer ihrer Onkel wohnte. Er glaubte an sie und begleitete sie nach Chinon zum k\u00f6niglichen Palast. Der Hundertj\u00e4hrige Krieg war an einem entscheidenden Punkt. Delphin Charles war zu schwach, um eine Entscheidung zu treffen. Die englischen Truppen hatten fast das ganze Land eingenommen und er musste Verst\u00e4rkung nach Orleans schicken. Er hat jedoch nur wenige Soldaten zur Verf\u00fcgung und keinen F\u00fchrer, der sie f\u00fchren kann.<\/p>\n\n\n\n<p class=\"has-black-color has-text-color has-link-color has-small-font-size wp-elements-1445048f9f24084bb64f8398636777d0\">Genau dann erscheint Jeanne im Palast. Die analphabetische B\u00e4uerin war zehn Tage und zehn N\u00e4chte gereist, um nach Chinon zu kommen. Sie sagt, dass himmlische Boten sie schicken. Sie muss den Dauphin sehen und dann die Armee f\u00fchren, um Orleans zu befreien. Carlos nimmt die Nachricht mit Erstaunen auf und beschlie\u00dft, das M\u00e4dchen zu testen. Er versteckt sich unter seinen H\u00f6flingen, aber sobald sie den Raum betritt, z\u00f6gert sie nicht, ihn anzusprechen und begr\u00fc\u00dft ihn als rechtm\u00e4\u00dfigen Thronfolger.<\/p>\n\n\n\n<p class=\"has-black-color has-text-color has-link-color has-small-font-size wp-elements-c87cae98a901f01fa8389d8425991c91\">Es war nat\u00fcrlich ein Test. Schlie\u00dflich war das Ger\u00fccht, dass die Engl\u00e4nder den Erben diskreditierten, dass er nicht der rechtm\u00e4\u00dfige Sohn des alten K\u00f6nigs Karl VI. sei. Dann erinnerte er ihn in einem privaten Gespr\u00e4ch an die Worte des Gebets, das er allein in seinem Oratorium zu Gott gesprochen hatte, kurz bevor sie nach Chinon kam.<\/p>\n\n\n\n<p class=\"has-black-color has-text-color has-link-color has-small-font-size wp-elements-36fb8c06857e19ae38e985a6fd6049cc\">Die Stimmen f\u00fchren sie durch alles. Das Schwert, das sie in der Schlacht benutzen wird, ist in der Kirche von St. Catherine de Fierbois begraben. Die Stimmen wecken sie auf, als sie in Orleans ruht, unwissend \u00fcber den Angriff, der ohne ihre Zustimmung ver\u00fcbt wurde. Ihre spirituellen F\u00fchrer sagen ihr, dass sie am 7. Mai 1429 verletzt wird und nicht l\u00e4nger als ein Jahr dauern sollte.<\/p>\n\n\n\n<p class=\"has-black-color has-text-color has-link-color has-small-font-size wp-elements-321b654ad54faefd93e43ee4166ee784\">Also eilt sie. Sie nimmt Orleans, bittet den Dauphin nach Reims zu gehen und dieser wird zum K\u00f6nig gekr\u00f6nt. Jetzt gekr\u00f6nt, will Charles nichts mehr. Aber Jeanne wei\u00df, dass ihre Mission noch nicht beendet ist und setzt ihre K\u00e4mpfe fort. Stimmen warnen sie vor der Verhaftung sowie vor ihrem tragischen Ende.<\/p>\n\n\n\n<p class=\"has-black-color has-text-color has-link-color has-small-font-size wp-elements-7e2ea1c20fd95e961495cefe6f7165d6\">Verraten, wird sie an die Engl\u00e4nder verkauft, die sie dem Inquisitionsgericht \u00fcbergeben. Der ganze Prozess ist eine Farce. Die Angeklagte hat keine Rechte, nicht einmal einen Verteidiger. Nur Zeugen. Sie wird als Hexe und Ketzerin beschuldigt. Alles wird als Sakrileg und Unmoral dargestellt: die Tatsache, dass sie M\u00e4nnerkleider trug, direkt mit den Heiligen sprach und die Kirche nicht respektierte, sich mit M\u00e4nnern auf dem Schlachtfeld umgab, ein Schwert in der Hand hielt.<\/p>\n\n\n\n<p class=\"has-black-color has-text-color has-link-color has-small-font-size wp-elements-cc79eb5cd518f2a5b0199d9a390aba6c\">Das Ziel war, zu beweisen, dass Jeanne eine Gesandte des Teufels war. Infolgedessen w\u00fcrde K\u00f6nig Karl VII. demoralisiert werden. Denn was f\u00fcr ein K\u00f6nig war er, der sich von einer Hexe t\u00e4uschen lie\u00df? Sechs Monate lang wird sie einer wahren moralischen Folter ausgesetzt. Die Verh\u00f6re sind lang und m\u00fchsam. Schlie\u00dflich findet die Hinrichtung auf dem zentralen Platz von Roeun am 30. Mai 1431 statt.<\/p>\n\n\n\n<p class=\"has-black-color has-text-color has-link-color has-small-font-size wp-elements-d48b147fd6677ecdf019de552b629f26\">Sie rasieren ihr Haar und aus Angst vor der Reaktion des Volkes begleiten 120 bewaffnete M\u00e4nner sie zum Ort. Sie binden sie an einen Pfahl und entz\u00fcnden ein Feuer. Als die Flammen sie umh\u00fcllen und in ihr Fleisch biss, ruft sie aus: \u00abJa, meine Stimmen kamen von Gott! Meine Stimmen t\u00e4uschten mich nicht\u00bb.<\/p>\n\n\n\n<p class=\"has-black-color has-text-color has-link-color has-small-font-size wp-elements-71892df3d16b27a5eb64e2d481a8351d\">Es war ein eindeutiger Beweis f\u00fcr die Medialit\u00e4t, die ihre irdische Reise geleitet hatte.<\/p>\n\n\n\n<p class=\"has-black-color has-text-color has-link-color has-small-font-size wp-elements-bdeee566758dc731b15fe0534903d13e\">Im Kapitel XXXI des Buches der Medien, das 1861 ver\u00f6ffentlicht wurde, als der Kodifizierer die spiritistischen Dissertationen zusammenstellte, schrieb er Jeanne d'Arc die Nummer 12 zu, in der sie sich insbesondere an die Medien wendet und sie ermahnt, die Medialit\u00e4t auszu\u00fcben.<\/p>\n\n\n\n<p class=\"has-black-color has-text-color has-link-color has-small-font-size wp-elements-b8e32b9b0d8631660e35c96558d09db7\">Sie r\u00e4t ihnen auch, ihrem Geistf\u00fchrer zu vertrauen und gegen den Stolperstein der Medialit\u00e4t, den Stolz, zu k\u00e4mpfen.<\/p>\n\n\n\n<p class=\"has-black-color has-text-color has-link-color has-small-font-size wp-elements-482787ad57489d79a4aadac756f6d681\">Ratschl\u00e4ge, die sie in ihrem irdischen Leben als Medium sehr gut befolgt hatte.<\/p>\n<\/div><\/div>","protected":false},"excerpt":{"rendered":"<p>Juana de Arco Francia fue un pa\u00eds que se dobleg\u00f3 ante el poder ingl\u00e9s. No era exactamente un pa\u00eds como se conoce hoy en d\u00eda. Estaba formado por varios feudos. Y fue en un pueblo ignorado hasta entonces donde, en 1412, naci\u00f3 una ni\u00f1a que se convertir\u00eda en una famosa y c\u00e9lebre Domremy. Hija de [&hellip;]<\/p>","protected":false},"author":1,"featured_media":4411,"parent":0,"menu_order":0,"comment_status":"closed","ping_status":"closed","template":"","meta":{"_uag_custom_page_level_css":"","site-sidebar-layout":"default","site-content-layout":"","ast-site-content-layout":"default","site-content-style":"default","site-sidebar-style":"default","ast-global-header-display":"","ast-banner-title-visibility":"","ast-main-header-display":"","ast-hfb-above-header-display":"","ast-hfb-below-header-display":"","ast-hfb-mobile-header-display":"","site-post-title":"","ast-breadcrumbs-content":"","ast-featured-img":"","footer-sml-layout":"","theme-transparent-header-meta":"","adv-header-id-meta":"","stick-header-meta":"","header-above-stick-meta":"","header-main-stick-meta":"","header-below-stick-meta":"","astra-migrate-meta-layouts":"set","ast-page-background-enabled":"default","ast-page-background-meta":{"desktop":{"background-color":"var(--ast-global-color-4)","background-image":"","background-repeat":"repeat","background-position":"center center","background-size":"auto","background-attachment":"scroll","background-type":"","background-media":"","overlay-type":"","overlay-color":"","overlay-opacity":"","overlay-gradient":""},"tablet":{"background-color":"","background-image":"","background-repeat":"repeat","background-position":"center center","background-size":"auto","background-attachment":"scroll","background-type":"","background-media":"","overlay-type":"","overlay-color":"","overlay-opacity":"","overlay-gradient":""},"mobile":{"background-color":"","background-image":"","background-repeat":"repeat","background-position":"center center","background-size":"auto","background-attachment":"scroll","background-type":"","background-media":"","overlay-type":"","overlay-color":"","overlay-opacity":"","overlay-gradient":""}},"ast-content-background-meta":{"desktop":{"background-color":"var(--ast-global-color-5)","background-image":"","background-repeat":"repeat","background-position":"center center","background-size":"auto","background-attachment":"scroll","background-type":"","background-media":"","overlay-type":"","overlay-color":"","overlay-opacity":"","overlay-gradient":""},"tablet":{"background-color":"var(--ast-global-color-5)","background-image":"","background-repeat":"repeat","background-position":"center center","background-size":"auto","background-attachment":"scroll","background-type":"","background-media":"","overlay-type":"","overlay-color":"","overlay-opacity":"","overlay-gradient":""},"mobile":{"background-color":"var(--ast-global-color-5)","background-image":"","background-repeat":"repeat","background-position":"center center","background-size":"auto","background-attachment":"scroll","background-type":"","background-media":"","overlay-type":"","overlay-color":"","overlay-opacity":"","overlay-gradient":""}},"footnotes":""},"class_list":["post-4407","page","type-page","status-publish","has-post-thumbnail","hentry"],"yoast_head":"<!-- This site is optimized with the Yoast SEO Premium plugin v24.2 (Yoast SEO v24.6) - https:\/\/yoast.com\/wordpress\/plugins\/seo\/ -->\n<title>Juana de Arco - Uni\u00f3n Esp\u00edrita<\/title>\n<meta name=\"robots\" content=\"index, follow, max-snippet:-1, max-image-preview:large, max-video-preview:-1\" \/>\n<link rel=\"canonical\" href=\"https:\/\/nuevo-renacer.com\/de\/juana-de-arco\/\" \/>\n<meta property=\"og:locale\" content=\"de_DE\" \/>\n<meta property=\"og:type\" content=\"article\" \/>\n<meta property=\"og:title\" content=\"Juana de Arco\" \/>\n<meta property=\"og:description\" content=\"Juana de Arco Francia fue un pa\u00eds que se dobleg\u00f3 ante el poder ingl\u00e9s. No era exactamente un pa\u00eds como se conoce hoy en d\u00eda. Estaba formado por varios feudos. Y fue en un pueblo ignorado hasta entonces donde, en 1412, naci\u00f3 una ni\u00f1a que se convertir\u00eda en una famosa y c\u00e9lebre Domremy. Hija de [&hellip;]\" \/>\n<meta property=\"og:url\" content=\"https:\/\/nuevo-renacer.com\/de\/juana-de-arco\/\" \/>\n<meta property=\"og:site_name\" content=\"Uni\u00f3n Esp\u00edrita\" \/>\n<meta property=\"article:publisher\" content=\"https:\/\/www.facebook.com\/groups\/3431398063740829\" \/>\n<meta property=\"article:modified_time\" content=\"2024-09-03T08:15:41+00:00\" \/>\n<meta property=\"og:image\" content=\"https:\/\/nuevo-renacer.com\/wp-content\/uploads\/2024\/09\/que-le-pasaba-a-juana-de-arco.webp\" \/>\n\t<meta property=\"og:image:width\" content=\"1200\" \/>\n\t<meta property=\"og:image:height\" content=\"630\" \/>\n\t<meta property=\"og:image:type\" content=\"image\/webp\" \/>\n<meta name=\"twitter:card\" content=\"summary_large_image\" \/>\n<meta name=\"twitter:label1\" content=\"Gesch\u00e4tzte Lesezeit\" \/>\n\t<meta name=\"twitter:data1\" content=\"5\u00a0Minuten\" \/>\n<script type=\"application\/ld+json\" class=\"yoast-schema-graph\">{\"@context\":\"https:\/\/schema.org\",\"@graph\":[{\"@type\":\"WebPage\",\"@id\":\"https:\/\/nuevo-renacer.com\/juana-de-arco\/\",\"url\":\"https:\/\/nuevo-renacer.com\/juana-de-arco\/\",\"name\":\"Juana de Arco - Uni\u00f3n Esp\u00edrita\",\"isPartOf\":{\"@id\":\"https:\/\/nuevo-renacer.com\/#website\"},\"primaryImageOfPage\":{\"@id\":\"https:\/\/nuevo-renacer.com\/juana-de-arco\/#primaryimage\"},\"image\":{\"@id\":\"https:\/\/nuevo-renacer.com\/juana-de-arco\/#primaryimage\"},\"thumbnailUrl\":\"https:\/\/nuevo-renacer.com\/wp-content\/uploads\/2024\/09\/que-le-pasaba-a-juana-de-arco.webp\",\"datePublished\":\"2024-09-03T08:15:39+00:00\",\"dateModified\":\"2024-09-03T08:15:41+00:00\",\"breadcrumb\":{\"@id\":\"https:\/\/nuevo-renacer.com\/juana-de-arco\/#breadcrumb\"},\"inLanguage\":\"de\",\"potentialAction\":[{\"@type\":\"ReadAction\",\"target\":[\"https:\/\/nuevo-renacer.com\/juana-de-arco\/\"]}]},{\"@type\":\"ImageObject\",\"inLanguage\":\"de\",\"@id\":\"https:\/\/nuevo-renacer.com\/juana-de-arco\/#primaryimage\",\"url\":\"https:\/\/nuevo-renacer.com\/wp-content\/uploads\/2024\/09\/que-le-pasaba-a-juana-de-arco.webp\",\"contentUrl\":\"https:\/\/nuevo-renacer.com\/wp-content\/uploads\/2024\/09\/que-le-pasaba-a-juana-de-arco.webp\",\"width\":1200,\"height\":630},{\"@type\":\"BreadcrumbList\",\"@id\":\"https:\/\/nuevo-renacer.com\/juana-de-arco\/#breadcrumb\",\"itemListElement\":[{\"@type\":\"ListItem\",\"position\":1,\"name\":\"Startseite\",\"item\":\"https:\/\/nuevo-renacer.com\/\"},{\"@type\":\"ListItem\",\"position\":2,\"name\":\"Juana de Arco\"}]},{\"@type\":\"WebSite\",\"@id\":\"https:\/\/nuevo-renacer.com\/#website\",\"url\":\"https:\/\/nuevo-renacer.com\/\",\"name\":\"Uni\u00f3n Esp\u00edrita\",\"description\":\"Nuevo Renacer\",\"publisher\":{\"@id\":\"https:\/\/nuevo-renacer.com\/#organization\"},\"potentialAction\":[{\"@type\":\"SearchAction\",\"target\":{\"@type\":\"EntryPoint\",\"urlTemplate\":\"https:\/\/nuevo-renacer.com\/?s={search_term_string}\"},\"query-input\":{\"@type\":\"PropertyValueSpecification\",\"valueRequired\":true,\"valueName\":\"search_term_string\"}}],\"inLanguage\":\"de\"},{\"@type\":\"Organization\",\"@id\":\"https:\/\/nuevo-renacer.com\/#organization\",\"name\":\"UFEC\",\"url\":\"https:\/\/nuevo-renacer.com\/\",\"logo\":{\"@type\":\"ImageObject\",\"inLanguage\":\"de\",\"@id\":\"https:\/\/nuevo-renacer.com\/#\/schema\/logo\/image\/\",\"url\":\"https:\/\/nuevo-renacer.com\/wp-content\/uploads\/2024\/05\/cropped-LOGO-TERMINADO1-3-3.png\",\"contentUrl\":\"https:\/\/nuevo-renacer.com\/wp-content\/uploads\/2024\/05\/cropped-LOGO-TERMINADO1-3-3.png\",\"width\":512,\"height\":512,\"caption\":\"UFEC\"},\"image\":{\"@id\":\"https:\/\/nuevo-renacer.com\/#\/schema\/logo\/image\/\"},\"sameAs\":[\"https:\/\/www.facebook.com\/groups\/3431398063740829\"]}]}<\/script>\n<!-- \/ Yoast SEO Premium plugin. -->","yoast_head_json":{"title":"Juana de Arco - Uni\u00f3n Esp\u00edrita","robots":{"index":"index","follow":"follow","max-snippet":"max-snippet:-1","max-image-preview":"max-image-preview:large","max-video-preview":"max-video-preview:-1"},"canonical":"https:\/\/nuevo-renacer.com\/de\/juana-de-arco\/","og_locale":"de_DE","og_type":"article","og_title":"Juana de Arco","og_description":"Juana de Arco Francia fue un pa\u00eds que se dobleg\u00f3 ante el poder ingl\u00e9s. No era exactamente un pa\u00eds como se conoce hoy en d\u00eda. Estaba formado por varios feudos. Y fue en un pueblo ignorado hasta entonces donde, en 1412, naci\u00f3 una ni\u00f1a que se convertir\u00eda en una famosa y c\u00e9lebre Domremy. Hija de [&hellip;]","og_url":"https:\/\/nuevo-renacer.com\/de\/juana-de-arco\/","og_site_name":"Uni\u00f3n Esp\u00edrita","article_publisher":"https:\/\/www.facebook.com\/groups\/3431398063740829","article_modified_time":"2024-09-03T08:15:41+00:00","og_image":[{"width":1200,"height":630,"url":"https:\/\/nuevo-renacer.com\/wp-content\/uploads\/2024\/09\/que-le-pasaba-a-juana-de-arco.webp","type":"image\/webp"}],"twitter_card":"summary_large_image","twitter_misc":{"Gesch\u00e4tzte Lesezeit":"5\u00a0Minuten"},"schema":{"@context":"https:\/\/schema.org","@graph":[{"@type":"WebPage","@id":"https:\/\/nuevo-renacer.com\/juana-de-arco\/","url":"https:\/\/nuevo-renacer.com\/juana-de-arco\/","name":"Juana de Arco - Uni\u00f3n Esp\u00edrita","isPartOf":{"@id":"https:\/\/nuevo-renacer.com\/#website"},"primaryImageOfPage":{"@id":"https:\/\/nuevo-renacer.com\/juana-de-arco\/#primaryimage"},"image":{"@id":"https:\/\/nuevo-renacer.com\/juana-de-arco\/#primaryimage"},"thumbnailUrl":"https:\/\/nuevo-renacer.com\/wp-content\/uploads\/2024\/09\/que-le-pasaba-a-juana-de-arco.webp","datePublished":"2024-09-03T08:15:39+00:00","dateModified":"2024-09-03T08:15:41+00:00","breadcrumb":{"@id":"https:\/\/nuevo-renacer.com\/juana-de-arco\/#breadcrumb"},"inLanguage":"de","potentialAction":[{"@type":"ReadAction","target":["https:\/\/nuevo-renacer.com\/juana-de-arco\/"]}]},{"@type":"ImageObject","inLanguage":"de","@id":"https:\/\/nuevo-renacer.com\/juana-de-arco\/#primaryimage","url":"https:\/\/nuevo-renacer.com\/wp-content\/uploads\/2024\/09\/que-le-pasaba-a-juana-de-arco.webp","contentUrl":"https:\/\/nuevo-renacer.com\/wp-content\/uploads\/2024\/09\/que-le-pasaba-a-juana-de-arco.webp","width":1200,"height":630},{"@type":"BreadcrumbList","@id":"https:\/\/nuevo-renacer.com\/juana-de-arco\/#breadcrumb","itemListElement":[{"@type":"ListItem","position":1,"name":"Startseite","item":"https:\/\/nuevo-renacer.com\/"},{"@type":"ListItem","position":2,"name":"Juana de Arco"}]},{"@type":"WebSite","@id":"https:\/\/nuevo-renacer.com\/#website","url":"https:\/\/nuevo-renacer.com\/","name":"Uni\u00f3n Esp\u00edrita","description":"Nuevo Renacer","publisher":{"@id":"https:\/\/nuevo-renacer.com\/#organization"},"potentialAction":[{"@type":"SearchAction","target":{"@type":"EntryPoint","urlTemplate":"https:\/\/nuevo-renacer.com\/?s={search_term_string}"},"query-input":{"@type":"PropertyValueSpecification","valueRequired":true,"valueName":"search_term_string"}}],"inLanguage":"de"},{"@type":"Organization","@id":"https:\/\/nuevo-renacer.com\/#organization","name":"UFEC","url":"https:\/\/nuevo-renacer.com\/","logo":{"@type":"ImageObject","inLanguage":"de","@id":"https:\/\/nuevo-renacer.com\/#\/schema\/logo\/image\/","url":"https:\/\/nuevo-renacer.com\/wp-content\/uploads\/2024\/05\/cropped-LOGO-TERMINADO1-3-3.png","contentUrl":"https:\/\/nuevo-renacer.com\/wp-content\/uploads\/2024\/05\/cropped-LOGO-TERMINADO1-3-3.png","width":512,"height":512,"caption":"UFEC"},"image":{"@id":"https:\/\/nuevo-renacer.com\/#\/schema\/logo\/image\/"},"sameAs":["https:\/\/www.facebook.com\/groups\/3431398063740829"]}]}},"uagb_featured_image_src":{"full":["https:\/\/nuevo-renacer.com\/wp-content\/uploads\/2024\/09\/que-le-pasaba-a-juana-de-arco.webp",1200,630,false],"thumbnail":["https:\/\/nuevo-renacer.com\/wp-content\/uploads\/2024\/09\/que-le-pasaba-a-juana-de-arco-150x150.webp",150,150,true],"medium":["https:\/\/nuevo-renacer.com\/wp-content\/uploads\/2024\/09\/que-le-pasaba-a-juana-de-arco-300x158.webp",300,158,true],"medium_large":["https:\/\/nuevo-renacer.com\/wp-content\/uploads\/2024\/09\/que-le-pasaba-a-juana-de-arco-768x403.webp",768,403,true],"large":["https:\/\/nuevo-renacer.com\/wp-content\/uploads\/2024\/09\/que-le-pasaba-a-juana-de-arco-1024x538.webp",1024,538,true],"1536x1536":["https:\/\/nuevo-renacer.com\/wp-content\/uploads\/2024\/09\/que-le-pasaba-a-juana-de-arco.webp",1200,630,false],"2048x2048":["https:\/\/nuevo-renacer.com\/wp-content\/uploads\/2024\/09\/que-le-pasaba-a-juana-de-arco.webp",1200,630,false],"trp-custom-language-flag":["https:\/\/nuevo-renacer.com\/wp-content\/uploads\/2024\/09\/que-le-pasaba-a-juana-de-arco-18x9.webp",18,9,true]},"uagb_author_info":{"display_name":"adbv0","author_link":"https:\/\/nuevo-renacer.com\/de\/author\/adbv0\/"},"uagb_comment_info":0,"uagb_excerpt":"Juana de Arco Francia fue un pa\u00eds que se dobleg\u00f3 ante el poder ingl\u00e9s. No era exactamente un pa\u00eds como se conoce hoy en d\u00eda. Estaba formado por varios feudos. Y fue en un pueblo ignorado hasta entonces donde, en 1412, naci\u00f3 una ni\u00f1a que se convertir\u00eda en una famosa y c\u00e9lebre Domremy. Hija de&hellip;","jetpack_sharing_enabled":true,"_links":{"self":[{"href":"https:\/\/nuevo-renacer.com\/de\/wp-json\/wp\/v2\/pages\/4407","targetHints":{"allow":["GET"]}}],"collection":[{"href":"https:\/\/nuevo-renacer.com\/de\/wp-json\/wp\/v2\/pages"}],"about":[{"href":"https:\/\/nuevo-renacer.com\/de\/wp-json\/wp\/v2\/types\/page"}],"author":[{"embeddable":true,"href":"https:\/\/nuevo-renacer.com\/de\/wp-json\/wp\/v2\/users\/1"}],"replies":[{"embeddable":true,"href":"https:\/\/nuevo-renacer.com\/de\/wp-json\/wp\/v2\/comments?post=4407"}],"version-history":[{"count":2,"href":"https:\/\/nuevo-renacer.com\/de\/wp-json\/wp\/v2\/pages\/4407\/revisions"}],"predecessor-version":[{"id":4412,"href":"https:\/\/nuevo-renacer.com\/de\/wp-json\/wp\/v2\/pages\/4407\/revisions\/4412"}],"wp:featuredmedia":[{"embeddable":true,"href":"https:\/\/nuevo-renacer.com\/de\/wp-json\/wp\/v2\/media\/4411"}],"wp:attachment":[{"href":"https:\/\/nuevo-renacer.com\/de\/wp-json\/wp\/v2\/media?parent=4407"}],"curies":[{"name":"wp","href":"https:\/\/api.w.org\/{rel}","templated":true}]}}