{"id":4156,"date":"2024-08-27T12:14:43","date_gmt":"2024-08-27T12:14:43","guid":{"rendered":"https:\/\/ufec-mundial.com\/?page_id=4156"},"modified":"2025-01-03T12:51:30","modified_gmt":"2025-01-03T12:51:30","slug":"phillis-wheatley","status":"publish","type":"page","link":"https:\/\/nuevo-renacer.com\/de\/phillis-wheatley\/","title":{"rendered":"Phillis Wheatley"},"content":{"rendered":"<div class=\"wp-block-uagb-container uagb-block-8ad90be7 alignfull uagb-is-root-container\"><div class=\"uagb-container-inner-blocks-wrap\">\n<p class=\"has-black-color has-text-color has-link-color has-medium-font-size wp-elements-9cb6edabd3c1904eeca27db4aa5de16e\"><strong>Phillis Wheatley<\/strong> <strong>\u2013 Sie war eine Frau, sie war schwarz, sie war eine Sklavin, aber sie war eine Dichterin.<\/strong><\/p>\n<\/div><\/div>\n\n\n\n<div class=\"wp-block-uagb-container uagb-block-241082c4 alignfull uagb-is-root-container\"><div class=\"uagb-container-inner-blocks-wrap\">\n<figure class=\"wp-block-image size-full is-resized\"><img fetchpriority=\"high\" decoding=\"async\" width=\"220\" height=\"305\" src=\"https:\/\/ufec-mundial.com\/wp-content\/uploads\/2024\/08\/Phyllis_Wheatley_Waters-1.jpg\" alt=\"\" class=\"wp-image-4158\" style=\"width:279px;height:auto\" srcset=\"https:\/\/nuevo-renacer.com\/wp-content\/uploads\/2024\/08\/Phyllis_Wheatley_Waters-1.jpg 220w, https:\/\/nuevo-renacer.com\/wp-content\/uploads\/2024\/08\/Phyllis_Wheatley_Waters-1-216x300.jpg 216w, https:\/\/nuevo-renacer.com\/wp-content\/uploads\/2024\/08\/Phyllis_Wheatley_Waters-1-9x12.jpg 9w\" sizes=\"(max-width: 220px) 100vw, 220px\" \/><\/figure>\n<\/div><\/div>\n\n\n\n<div class=\"wp-block-uagb-container uagb-block-d852808b alignfull uagb-is-root-container\"><div class=\"uagb-container-inner-blocks-wrap\">\n<p class=\"has-black-color has-text-color has-link-color has-small-font-size wp-elements-245ab23b90b43c1075d8efe145b4694c\">Phillis Wheatley (1753 - 5. Dezember 1784) war die erste afroamerikanische Schriftstellerin, die in den Vereinigten Staaten ein Buch ver\u00f6ffentlichte. Ihre Poems on Various Subjects (Gedichte \u00fcber verschiedene Themen) wurden 1773, zwei Jahre vor Ausbruch des Amerikanischen Revolutionskriegs, ver\u00f6ffentlicht und gelten als eines der fr\u00fchesten Beispiele afroamerikanischer Genreliteratur.<br>Geboren im heutigen Senegal, sp\u00e4ter angesiedelt in Gambia, wurde sie gefangen genommen und versklavt, als sie 7 Jahre alt war. Um 1760 wurde sie nach Amerika gebracht.<\/p>\n\n\n\n<p class=\"has-black-color has-text-color has-link-color has-small-font-size wp-elements-8088719c154274ba23564b19205a1c19\">In Boston boten die Sklavenh\u00e4ndler sie zum Verkauf an:<br><strong>- Sie ist sieben Jahre alt! Sie wird eine gute Stute!<\/strong><br>Viele H\u00e4nde fassten sie nackt an.<\/p>\n\n\n\n<p class=\"has-black-color has-text-color has-link-color has-small-font-size wp-elements-8ae0d509816c326f6b173015ba3191d9\">Schlie\u00dflich kauften John und Susannah Wheatley aus Boston, Massachusetts, das M\u00e4dchen und bildeten es aus. Sie waren eine Kaufmannsfamilie, die daf\u00fcr sorgte, dass das intellektuell begabte M\u00e4dchen eine gute Ausbildung erhielt, einschlie\u00dflich Studien in Latein, Griechisch, Mythologie und Geschichte. Bald beherrschte sie die englische Sprache, und ihr erstes Gedicht wurde 1767 im Alter von 13 Jahren im Newport Mercury ver\u00f6ffentlicht.<br>Sie wurde Phillips genannt, nach dem Schiff, das sie brachte, und Wheatley, nach dem Nachnamen der K\u00e4ufer.<br><br>Im Alter von dreizehn Jahren schrieb sie bereits Gedichte in einer Sprache, die nicht ihre eigene war. Niemand glaubte, dass sie die Autorin war.<\/p>\n\n\n\n<p class=\"has-black-color has-text-color has-link-color has-small-font-size wp-elements-2a8347377341ecb2a06ae744c83b083e\">Im Alter von zwanzig Jahren musste Wheatley ihre literarischen F\u00e4higkeiten vor Gericht verteidigen. Sie wurde von einer Gruppe Bostoner Intellektueller gepr\u00fcft, darunter John Erving, Reverend Charles Chauncey, John Hancock, Thomas Hutchinson, der Gouverneur von Massachusetts, und sein Vizegouverneur Andrew Oliver. Sie musste Texte von Virgil und Milton sowie einige Passagen aus der Bibel vortragen und au\u00dferdem schw\u00f6ren, dass die von ihr verfassten Gedichte keine Plagiate waren. Von einem Stuhl aus hielt sie ihr langes Verh\u00f6r ab, bis das Gericht sie akzeptierte: Sie war eine Frau, sie war schwarz, sie war eine Sklavin, aber sie war eine Dichterin.<\/p>\n\n\n\n<p class=\"has-black-color has-text-color has-link-color has-small-font-size wp-elements-2165828529a1c780cf6e86e93d2c1ee6\">Sie kamen zu dem Schluss, dass sie die Autorin der ihr zugeschriebenen Gedichte war, und unterzeichneten eine Bescheinigung, die im Vorwort ihres Buches Poems on Various Subjects, Religious and Moral ver\u00f6ffentlicht wurde, das 1773 in Aldgate, London, erschien.<\/p>\n\n\n\n<p class=\"has-black-color has-text-color has-link-color has-small-font-size wp-elements-dc71b136eb6059e3903a2fc1f1325706\">Dies war die erste Anerkennung der geistigen Gleichheit zwischen Schwarzen und Wei\u00dfen in der Geschichte der Vereinigten Staaten. Eine Tatsache, die heute unbedeutend erscheint, damals aber eine Offenbarung war und der Ausl\u00f6ser f\u00fcr eine Vielzahl von Forderungen war, die nichts weiter verlangten als etwas, das unter ihrem eigenen Gewicht zusammenbrach: die Anerkennung der gleichen Rechte, die ihnen als Person zustanden.<br>George Washington bewunderte ihre Poesie und bezeichnete sie sogar als ihr \u201egro\u00dfes poetisches Genie\u201c. Und wenn sie sich oft durch ihren christlichen Inhalt auszeichnete, dann deshalb, weil sie durch John und Susannah Wheatley, ihre K\u00e4ufer, zu diesem Glauben bekehrt wurde.<\/p>\n\n\n\n<p class=\"has-black-color has-text-color has-link-color has-small-font-size wp-elements-83d967eb07a142991cd70aa8d83da671\">Phillis wurde eine bekannte Schriftstellerin. 1773 reiste sie mit Nathaniel Wheatley nach England und traf dort eine Reihe von Pers\u00f6nlichkeiten wie Benjamin Franklin, den Earl of Darthmouth und den Oberb\u00fcrgermeister von London. Au\u00dferdem erhielt sie ein Exemplar von John Miltons Paradise Lost, Smolletts \u00dcbersetzung von Don Quijote, und Selina Hastings, Gr\u00e4fin von Huntingdon und ber\u00fchmte Missionarin f\u00fcr die Abschaffung der Sklaverei, unterst\u00fctzte sie dabei, weiterhin Gedichte zu ver\u00f6ffentlichen. Im selben Jahr kehrte Phillis Wheatley nach Amerika zur\u00fcck, wo sie sich freikaufte und Poems of a Various Subjects, Religion and Moral ver\u00f6ffentlichte.<\/p>\n\n\n\n<p class=\"has-black-color has-text-color has-link-color has-small-font-size wp-elements-224a1d0c8a3820a40d9d66376ba2fafb\">Nach dem Tod von John und Susannah Wheatley heiratete Phillis einen schwarzen Freig\u00e4nger namens John Peters. Nachdem ihr Mann sie verlassen hatte, verrichtete sie als Dienerin Hausarbeit. Weder harte Arbeit noch ihre k\u00fcnstlerische Begabung brachten ihr Wohlstand, was dazu f\u00fchrte, dass sie im Alter von 31 Jahren verarmt starb und wenige Stunden sp\u00e4ter auch ihr drittes Kind.<br>Viele ihrer Gedichte sind ber\u00fchmten Pers\u00f6nlichkeiten gewidmet. Ihre eigene Situation erw\u00e4hnt sie in den Gedichten, die sie verfasste, nur selten. Eines der wenigen, die sich mit der Sklaverei besch\u00e4ftigen, ist \u201eOn being brought from Africa to America\u201c:<\/p>\n\n\n\n<p class=\"has-black-color has-text-color has-link-color has-medium-font-size wp-elements-63dba12d72d9336c1b9b76653e50a2e0\"><strong>Wie sie von Afrika nach Amerika \u00fcberf\u00fchrt wurde<\/strong><\/p>\n\n\n\n<p class=\"has-black-color has-text-color has-link-color has-small-font-size wp-elements-cddd7c28794b0fbf643e2fceb0bc9f40\"><strong>Es war die Gnade, die mich aus meinem heidnischen Land herausgef\u00fchrt hat,<br>lehrte meine unwissende Seele zu verstehen<br>dass es einen Gott gibt, dass es auch einen Retter gibt:<br>Einst suchte ich weder Erl\u00f6sung noch wusste ich von ihr.<br>Manche betrachten unsere dunkle Ethnie mit einem ver\u00e4chtlichen Blick,<br>\u00abSeine Farbe ist ein teuflisches Wahrzeichen.\u00bb<br>Denke daran: Christen, Schwarze und Kain,<br>Sie k\u00f6nnen veredelt werden und sich dem Zug der Engel anschlie\u00dfen.<\/strong><\/p>\n\n\n\n<p class=\"has-black-color has-text-color has-link-color has-medium-font-size wp-elements-9a222677c8bb8a47d679d11d87d066e8\"><strong>Vorstellungskraft<\/strong><\/p>\n\n\n\n<p class=\"has-black-color has-text-color has-link-color has-small-font-size wp-elements-41ffa5a64500e779ca668ff8496649d6\"><strong>Vorstellungskraft! Wer k\u00f6nnte von deiner Macht singen?<br>Und wer w\u00fcrde die Geschwindigkeit deines Wettlaufes beschreiben?<br>Durch die L\u00fcfte schweben, um den strahlenden Wohnsitz zu finden,<br>Der imperiale Palast des donnernden Gottes,<br>Auf deinen Fl\u00fcgeln \u00fcberfl\u00fcgeln wir den Wind,<br>Und wir lassen das rollende Universum hinter uns.<br>Das geistige Auge wandert von Stern zu Stern,<br>Er durchmisst den Himmel und bereist die oberen Regionen;<br>Dort umarmen wir in einem Panorama das herrliche Ganze,<br>Oder wir bringen die unendliche Seele mit neuen Welten zum Staunen.<br>Ihre Gedichte sind eine st\u00e4ndige Ode an den Tod, in den sie schlie\u00dflich ihre Hoffnung auf wahre Freiheit und eine bessere Welt setzte.<\/strong><\/p>\n\n\n\n<p class=\"has-black-color has-text-color has-link-color has-small-font-size wp-elements-20c130d724e9b6005db04bba0c62b7bf\"><strong>Siehe, dein Bruder ist bei den Toten!<br>Aus der Sklaverei befreit, fliegt der jubelnde Geist.<br>L\u00e4chle im Grab und lindere den rasenden Schmerz.<br>In den offensten Regionen fixiere deinen sehns\u00fcchtiger Blick<\/strong><\/p>\n\n\n\n<p class=\"has-black-color has-text-color has-link-color has-small-font-size wp-elements-913a49af18c7899c380ae93bcf62ed2f\">Geschichten wie diese zeigen, dass unser Genie nicht auf unsere Herkunft, unseren Geburtsort, beschr\u00e4nkt ist, und dass ungeachtet der Schwierigkeiten, die wir durchmachen, oder dank ihnen, das tausendj\u00e4hrige Wesen in uns zum Vorschein kommt, was auf subtile Weise die Realit\u00e4t der Reinkarnation beweist.<\/p>\n\n\n\n<p class=\"has-black-color has-text-color has-link-color has-small-font-size wp-elements-76bc2c06c03774ed9eb1964482536279\">Sie war eine Frau, sie war schwarz, sie war eine Sklavin, aber sie war eine Dichterin...<\/p>\n<\/div><\/div>\n\n\n\n<div class=\"wp-block-uagb-container uagb-block-183781b1 alignfull uagb-is-root-container\"><div class=\"uagb-container-inner-blocks-wrap\"><\/div><\/div>\n\n\n\n<div class=\"wp-block-uagb-container uagb-block-19e7a0f9 alignfull uagb-is-root-container\"><div class=\"uagb-container-inner-blocks-wrap\"><\/div><\/div>","protected":false},"excerpt":{"rendered":"<p>Phillis Wheatley &#8211; Era mujer, era negra, era esclava, pero era poeta Phillis Wheatley (1753 &#8211; 5 de diciembre de 1784), fue la primera escritora afroamericana en publicar un libro en los Estados Unidos. Su obra Poems on Various Subjects (Poemas sobre Varios Asuntos) fue publicada en 1773, dos a\u00f1os antes de que comenzara la [&hellip;]<\/p>","protected":false},"author":1,"featured_media":4150,"parent":0,"menu_order":0,"comment_status":"closed","ping_status":"closed","template":"","meta":{"_uag_custom_page_level_css":"","site-sidebar-layout":"default","site-content-layout":"","ast-site-content-layout":"default","site-content-style":"default","site-sidebar-style":"default","ast-global-header-display":"","ast-banner-title-visibility":"","ast-main-header-display":"","ast-hfb-above-header-display":"","ast-hfb-below-header-display":"","ast-hfb-mobile-header-display":"","site-post-title":"","ast-breadcrumbs-content":"","ast-featured-img":"","footer-sml-layout":"","theme-transparent-header-meta":"","adv-header-id-meta":"","stick-header-meta":"","header-above-stick-meta":"","header-main-stick-meta":"","header-below-stick-meta":"","astra-migrate-meta-layouts":"set","ast-page-background-enabled":"default","ast-page-background-meta":{"desktop":{"background-color":"var(--ast-global-color-4)","background-image":"","background-repeat":"repeat","background-position":"center center","background-size":"auto","background-attachment":"scroll","background-type":"","background-media":"","overlay-type":"","overlay-color":"","overlay-opacity":"","overlay-gradient":""},"tablet":{"background-color":"","background-image":"","background-repeat":"repeat","background-position":"center center","background-size":"auto","background-attachment":"scroll","background-type":"","background-media":"","overlay-type":"","overlay-color":"","overlay-opacity":"","overlay-gradient":""},"mobile":{"background-color":"","background-image":"","background-repeat":"repeat","background-position":"center center","background-size":"auto","background-attachment":"scroll","background-type":"","background-media":"","overlay-type":"","overlay-color":"","overlay-opacity":"","overlay-gradient":""}},"ast-content-background-meta":{"desktop":{"background-color":"var(--ast-global-color-5)","background-image":"","background-repeat":"repeat","background-position":"center center","background-size":"auto","background-attachment":"scroll","background-type":"","background-media":"","overlay-type":"","overlay-color":"","overlay-opacity":"","overlay-gradient":""},"tablet":{"background-color":"var(--ast-global-color-5)","background-image":"","background-repeat":"repeat","background-position":"center center","background-size":"auto","background-attachment":"scroll","background-type":"","background-media":"","overlay-type":"","overlay-color":"","overlay-opacity":"","overlay-gradient":""},"mobile":{"background-color":"var(--ast-global-color-5)","background-image":"","background-repeat":"repeat","background-position":"center center","background-size":"auto","background-attachment":"scroll","background-type":"","background-media":"","overlay-type":"","overlay-color":"","overlay-opacity":"","overlay-gradient":""}},"footnotes":""},"class_list":["post-4156","page","type-page","status-publish","has-post-thumbnail","hentry"],"yoast_head":"<!-- This site is optimized with the Yoast SEO Premium plugin v24.2 (Yoast SEO v24.6) - https:\/\/yoast.com\/wordpress\/plugins\/seo\/ -->\n<title>Phillis Wheatley - Uni\u00f3n Esp\u00edrita<\/title>\n<meta name=\"robots\" content=\"index, follow, max-snippet:-1, max-image-preview:large, max-video-preview:-1\" \/>\n<link rel=\"canonical\" href=\"https:\/\/nuevo-renacer.com\/de\/phillis-wheatley\/\" \/>\n<meta property=\"og:locale\" content=\"de_DE\" \/>\n<meta property=\"og:type\" content=\"article\" \/>\n<meta property=\"og:title\" content=\"Phillis Wheatley\" \/>\n<meta property=\"og:description\" content=\"Phillis Wheatley &#8211; Era mujer, era negra, era esclava, pero era poeta Phillis Wheatley (1753 &#8211; 5 de diciembre de 1784), fue la primera escritora afroamericana en publicar un libro en los Estados Unidos. Su obra Poems on Various Subjects (Poemas sobre Varios Asuntos) fue publicada en 1773, dos a\u00f1os antes de que comenzara la [&hellip;]\" \/>\n<meta property=\"og:url\" content=\"https:\/\/nuevo-renacer.com\/de\/phillis-wheatley\/\" \/>\n<meta property=\"og:site_name\" content=\"Uni\u00f3n Esp\u00edrita\" \/>\n<meta property=\"article:publisher\" content=\"https:\/\/www.facebook.com\/groups\/3431398063740829\" \/>\n<meta property=\"article:modified_time\" content=\"2025-01-03T12:51:30+00:00\" \/>\n<meta property=\"og:image\" content=\"https:\/\/nuevo-renacer.com\/wp-content\/uploads\/2024\/08\/Phyllis_Wheatley_Waters.jpg\" \/>\n\t<meta property=\"og:image:width\" content=\"220\" \/>\n\t<meta property=\"og:image:height\" content=\"305\" \/>\n\t<meta property=\"og:image:type\" content=\"image\/jpeg\" \/>\n<meta name=\"twitter:card\" content=\"summary_large_image\" \/>\n<meta name=\"twitter:label1\" content=\"Gesch\u00e4tzte Lesezeit\" \/>\n\t<meta name=\"twitter:data1\" content=\"5\u00a0Minuten\" \/>\n<script type=\"application\/ld+json\" class=\"yoast-schema-graph\">{\"@context\":\"https:\/\/schema.org\",\"@graph\":[{\"@type\":\"WebPage\",\"@id\":\"https:\/\/nuevo-renacer.com\/phillis-wheatley\/\",\"url\":\"https:\/\/nuevo-renacer.com\/phillis-wheatley\/\",\"name\":\"Phillis Wheatley - Uni\u00f3n Esp\u00edrita\",\"isPartOf\":{\"@id\":\"https:\/\/nuevo-renacer.com\/#website\"},\"primaryImageOfPage\":{\"@id\":\"https:\/\/nuevo-renacer.com\/phillis-wheatley\/#primaryimage\"},\"image\":{\"@id\":\"https:\/\/nuevo-renacer.com\/phillis-wheatley\/#primaryimage\"},\"thumbnailUrl\":\"https:\/\/nuevo-renacer.com\/wp-content\/uploads\/2024\/08\/Phyllis_Wheatley_Waters.jpg\",\"datePublished\":\"2024-08-27T12:14:43+00:00\",\"dateModified\":\"2025-01-03T12:51:30+00:00\",\"breadcrumb\":{\"@id\":\"https:\/\/nuevo-renacer.com\/phillis-wheatley\/#breadcrumb\"},\"inLanguage\":\"de\",\"potentialAction\":[{\"@type\":\"ReadAction\",\"target\":[\"https:\/\/nuevo-renacer.com\/phillis-wheatley\/\"]}]},{\"@type\":\"ImageObject\",\"inLanguage\":\"de\",\"@id\":\"https:\/\/nuevo-renacer.com\/phillis-wheatley\/#primaryimage\",\"url\":\"https:\/\/nuevo-renacer.com\/wp-content\/uploads\/2024\/08\/Phyllis_Wheatley_Waters.jpg\",\"contentUrl\":\"https:\/\/nuevo-renacer.com\/wp-content\/uploads\/2024\/08\/Phyllis_Wheatley_Waters.jpg\",\"width\":220,\"height\":305},{\"@type\":\"BreadcrumbList\",\"@id\":\"https:\/\/nuevo-renacer.com\/phillis-wheatley\/#breadcrumb\",\"itemListElement\":[{\"@type\":\"ListItem\",\"position\":1,\"name\":\"Startseite\",\"item\":\"https:\/\/nuevo-renacer.com\/\"},{\"@type\":\"ListItem\",\"position\":2,\"name\":\"Phillis Wheatley\"}]},{\"@type\":\"WebSite\",\"@id\":\"https:\/\/nuevo-renacer.com\/#website\",\"url\":\"https:\/\/nuevo-renacer.com\/\",\"name\":\"Uni\u00f3n Esp\u00edrita\",\"description\":\"Nuevo Renacer\",\"publisher\":{\"@id\":\"https:\/\/nuevo-renacer.com\/#organization\"},\"potentialAction\":[{\"@type\":\"SearchAction\",\"target\":{\"@type\":\"EntryPoint\",\"urlTemplate\":\"https:\/\/nuevo-renacer.com\/?s={search_term_string}\"},\"query-input\":{\"@type\":\"PropertyValueSpecification\",\"valueRequired\":true,\"valueName\":\"search_term_string\"}}],\"inLanguage\":\"de\"},{\"@type\":\"Organization\",\"@id\":\"https:\/\/nuevo-renacer.com\/#organization\",\"name\":\"UFEC\",\"url\":\"https:\/\/nuevo-renacer.com\/\",\"logo\":{\"@type\":\"ImageObject\",\"inLanguage\":\"de\",\"@id\":\"https:\/\/nuevo-renacer.com\/#\/schema\/logo\/image\/\",\"url\":\"https:\/\/nuevo-renacer.com\/wp-content\/uploads\/2024\/05\/cropped-LOGO-TERMINADO1-3-3.png\",\"contentUrl\":\"https:\/\/nuevo-renacer.com\/wp-content\/uploads\/2024\/05\/cropped-LOGO-TERMINADO1-3-3.png\",\"width\":512,\"height\":512,\"caption\":\"UFEC\"},\"image\":{\"@id\":\"https:\/\/nuevo-renacer.com\/#\/schema\/logo\/image\/\"},\"sameAs\":[\"https:\/\/www.facebook.com\/groups\/3431398063740829\"]}]}<\/script>\n<!-- \/ Yoast SEO Premium plugin. -->","yoast_head_json":{"title":"Phillis Wheatley - Uni\u00f3n Esp\u00edrita","robots":{"index":"index","follow":"follow","max-snippet":"max-snippet:-1","max-image-preview":"max-image-preview:large","max-video-preview":"max-video-preview:-1"},"canonical":"https:\/\/nuevo-renacer.com\/de\/phillis-wheatley\/","og_locale":"de_DE","og_type":"article","og_title":"Phillis Wheatley","og_description":"Phillis Wheatley &#8211; Era mujer, era negra, era esclava, pero era poeta Phillis Wheatley (1753 &#8211; 5 de diciembre de 1784), fue la primera escritora afroamericana en publicar un libro en los Estados Unidos. Su obra Poems on Various Subjects (Poemas sobre Varios Asuntos) fue publicada en 1773, dos a\u00f1os antes de que comenzara la [&hellip;]","og_url":"https:\/\/nuevo-renacer.com\/de\/phillis-wheatley\/","og_site_name":"Uni\u00f3n Esp\u00edrita","article_publisher":"https:\/\/www.facebook.com\/groups\/3431398063740829","article_modified_time":"2025-01-03T12:51:30+00:00","og_image":[{"width":220,"height":305,"url":"https:\/\/nuevo-renacer.com\/wp-content\/uploads\/2024\/08\/Phyllis_Wheatley_Waters.jpg","type":"image\/jpeg"}],"twitter_card":"summary_large_image","twitter_misc":{"Gesch\u00e4tzte Lesezeit":"5\u00a0Minuten"},"schema":{"@context":"https:\/\/schema.org","@graph":[{"@type":"WebPage","@id":"https:\/\/nuevo-renacer.com\/phillis-wheatley\/","url":"https:\/\/nuevo-renacer.com\/phillis-wheatley\/","name":"Phillis Wheatley - Uni\u00f3n Esp\u00edrita","isPartOf":{"@id":"https:\/\/nuevo-renacer.com\/#website"},"primaryImageOfPage":{"@id":"https:\/\/nuevo-renacer.com\/phillis-wheatley\/#primaryimage"},"image":{"@id":"https:\/\/nuevo-renacer.com\/phillis-wheatley\/#primaryimage"},"thumbnailUrl":"https:\/\/nuevo-renacer.com\/wp-content\/uploads\/2024\/08\/Phyllis_Wheatley_Waters.jpg","datePublished":"2024-08-27T12:14:43+00:00","dateModified":"2025-01-03T12:51:30+00:00","breadcrumb":{"@id":"https:\/\/nuevo-renacer.com\/phillis-wheatley\/#breadcrumb"},"inLanguage":"de","potentialAction":[{"@type":"ReadAction","target":["https:\/\/nuevo-renacer.com\/phillis-wheatley\/"]}]},{"@type":"ImageObject","inLanguage":"de","@id":"https:\/\/nuevo-renacer.com\/phillis-wheatley\/#primaryimage","url":"https:\/\/nuevo-renacer.com\/wp-content\/uploads\/2024\/08\/Phyllis_Wheatley_Waters.jpg","contentUrl":"https:\/\/nuevo-renacer.com\/wp-content\/uploads\/2024\/08\/Phyllis_Wheatley_Waters.jpg","width":220,"height":305},{"@type":"BreadcrumbList","@id":"https:\/\/nuevo-renacer.com\/phillis-wheatley\/#breadcrumb","itemListElement":[{"@type":"ListItem","position":1,"name":"Startseite","item":"https:\/\/nuevo-renacer.com\/"},{"@type":"ListItem","position":2,"name":"Phillis Wheatley"}]},{"@type":"WebSite","@id":"https:\/\/nuevo-renacer.com\/#website","url":"https:\/\/nuevo-renacer.com\/","name":"Uni\u00f3n Esp\u00edrita","description":"Nuevo Renacer","publisher":{"@id":"https:\/\/nuevo-renacer.com\/#organization"},"potentialAction":[{"@type":"SearchAction","target":{"@type":"EntryPoint","urlTemplate":"https:\/\/nuevo-renacer.com\/?s={search_term_string}"},"query-input":{"@type":"PropertyValueSpecification","valueRequired":true,"valueName":"search_term_string"}}],"inLanguage":"de"},{"@type":"Organization","@id":"https:\/\/nuevo-renacer.com\/#organization","name":"UFEC","url":"https:\/\/nuevo-renacer.com\/","logo":{"@type":"ImageObject","inLanguage":"de","@id":"https:\/\/nuevo-renacer.com\/#\/schema\/logo\/image\/","url":"https:\/\/nuevo-renacer.com\/wp-content\/uploads\/2024\/05\/cropped-LOGO-TERMINADO1-3-3.png","contentUrl":"https:\/\/nuevo-renacer.com\/wp-content\/uploads\/2024\/05\/cropped-LOGO-TERMINADO1-3-3.png","width":512,"height":512,"caption":"UFEC"},"image":{"@id":"https:\/\/nuevo-renacer.com\/#\/schema\/logo\/image\/"},"sameAs":["https:\/\/www.facebook.com\/groups\/3431398063740829"]}]}},"uagb_featured_image_src":{"full":["https:\/\/nuevo-renacer.com\/wp-content\/uploads\/2024\/08\/Phyllis_Wheatley_Waters.jpg",220,305,false],"thumbnail":["https:\/\/nuevo-renacer.com\/wp-content\/uploads\/2024\/08\/Phyllis_Wheatley_Waters-150x150.jpg",150,150,true],"medium":["https:\/\/nuevo-renacer.com\/wp-content\/uploads\/2024\/08\/Phyllis_Wheatley_Waters-216x300.jpg",216,300,true],"medium_large":["https:\/\/nuevo-renacer.com\/wp-content\/uploads\/2024\/08\/Phyllis_Wheatley_Waters.jpg",220,305,false],"large":["https:\/\/nuevo-renacer.com\/wp-content\/uploads\/2024\/08\/Phyllis_Wheatley_Waters.jpg",220,305,false],"1536x1536":["https:\/\/nuevo-renacer.com\/wp-content\/uploads\/2024\/08\/Phyllis_Wheatley_Waters.jpg",220,305,false],"2048x2048":["https:\/\/nuevo-renacer.com\/wp-content\/uploads\/2024\/08\/Phyllis_Wheatley_Waters.jpg",220,305,false],"trp-custom-language-flag":["https:\/\/nuevo-renacer.com\/wp-content\/uploads\/2024\/08\/Phyllis_Wheatley_Waters-9x12.jpg",9,12,true]},"uagb_author_info":{"display_name":"adbv0","author_link":"https:\/\/nuevo-renacer.com\/de\/author\/adbv0\/"},"uagb_comment_info":0,"uagb_excerpt":"Phillis Wheatley &#8211; Era mujer, era negra, era esclava, pero era poeta Phillis Wheatley (1753 &#8211; 5 de diciembre de 1784), fue la primera escritora afroamericana en publicar un libro en los Estados Unidos. Su obra Poems on Various Subjects (Poemas sobre Varios Asuntos) fue publicada en 1773, dos a\u00f1os antes de que comenzara la&hellip;","jetpack_sharing_enabled":true,"_links":{"self":[{"href":"https:\/\/nuevo-renacer.com\/de\/wp-json\/wp\/v2\/pages\/4156","targetHints":{"allow":["GET"]}}],"collection":[{"href":"https:\/\/nuevo-renacer.com\/de\/wp-json\/wp\/v2\/pages"}],"about":[{"href":"https:\/\/nuevo-renacer.com\/de\/wp-json\/wp\/v2\/types\/page"}],"author":[{"embeddable":true,"href":"https:\/\/nuevo-renacer.com\/de\/wp-json\/wp\/v2\/users\/1"}],"replies":[{"embeddable":true,"href":"https:\/\/nuevo-renacer.com\/de\/wp-json\/wp\/v2\/comments?post=4156"}],"version-history":[{"count":9,"href":"https:\/\/nuevo-renacer.com\/de\/wp-json\/wp\/v2\/pages\/4156\/revisions"}],"predecessor-version":[{"id":6658,"href":"https:\/\/nuevo-renacer.com\/de\/wp-json\/wp\/v2\/pages\/4156\/revisions\/6658"}],"wp:featuredmedia":[{"embeddable":true,"href":"https:\/\/nuevo-renacer.com\/de\/wp-json\/wp\/v2\/media\/4150"}],"wp:attachment":[{"href":"https:\/\/nuevo-renacer.com\/de\/wp-json\/wp\/v2\/media?parent=4156"}],"curies":[{"name":"wp","href":"https:\/\/api.w.org\/{rel}","templated":true}]}}