{"id":4067,"date":"2024-07-19T12:03:23","date_gmt":"2024-07-19T12:03:23","guid":{"rendered":"https:\/\/ufec-mundial.com\/?page_id=4067"},"modified":"2025-05-23T09:59:12","modified_gmt":"2025-05-23T09:59:12","slug":"los-deberes-de-los-espiritas","status":"publish","type":"page","link":"https:\/\/nuevo-renacer.com\/de\/los-deberes-de-los-espiritas\/","title":{"rendered":"Die Pflichten der Spiritisten"},"content":{"rendered":"<div class=\"wp-block-uagb-container uagb-block-fbae8888 alignfull uagb-is-root-container\"><div class=\"uagb-container-inner-blocks-wrap\">\n<p class=\"has-black-color has-text-color has-link-color has-medium-font-size wp-elements-b38646ffbb7e077a84881c4f2ac99cae\"><strong>Die Pflichten der Spiritisten<\/strong><\/p>\n<\/div><\/div>\n\n\n\n<div class=\"wp-block-uagb-container uagb-block-f884bc2b alignfull uagb-is-root-container\"><div class=\"uagb-container-inner-blocks-wrap\">\n<figure class=\"wp-block-image size-full is-resized\"><img fetchpriority=\"high\" decoding=\"async\" width=\"960\" height=\"540\" src=\"https:\/\/nuevo-renacer.com\/wp-content\/uploads\/2024\/07\/banner-1.jpg\" alt=\"\" class=\"wp-image-4068\" style=\"width:462px;height:auto\" srcset=\"https:\/\/nuevo-renacer.com\/wp-content\/uploads\/2024\/07\/banner-1.jpg 960w, https:\/\/nuevo-renacer.com\/wp-content\/uploads\/2024\/07\/banner-1-300x169.jpg 300w, https:\/\/nuevo-renacer.com\/wp-content\/uploads\/2024\/07\/banner-1-768x432.jpg 768w, https:\/\/nuevo-renacer.com\/wp-content\/uploads\/2024\/07\/banner-1-18x10.jpg 18w\" sizes=\"(max-width: 960px) 100vw, 960px\" \/><\/figure>\n<\/div><\/div>\n\n\n\n<div class=\"wp-block-uagb-container uagb-block-866d2e22 alignfull uagb-is-root-container\"><div class=\"uagb-container-inner-blocks-wrap\">\n<p class=\"has-black-color has-text-color has-link-color has-small-font-size wp-elements-392b39fc562c4cc9b1ce6f68908cdb85\">Jeder Spiritist ist sich bewusst, dass er zwei grundlegende Pflichten zu erf\u00fcllen hat. Die erste ist, f\u00fcr seinen eigenen geistigen Fortschritt zu arbeiten. Die zweite besteht darin, zum Fortschritt seiner Br\u00fcder beizutragen, indem er ihnen bei ihrer Verbesserung hilft.<\/p>\n\n\n\n<p class=\"has-black-color has-text-color has-link-color has-small-font-size wp-elements-3903a27a93c5d246727459a97f164d19\">Um beide Aufgaben erf\u00fcllen zu k\u00f6nnen, muss der Spiritist zuerst lernen, und um zu lernen, ist es notwendig zu studieren. Spiritisten m\u00fcssen sehr flei\u00dfig sein. In diesem Sinne muss der Spiritist die Demut entwickeln, sich belehren zu lassen, aber gleichzeitig muss er ein Lehrer werden, denn zu lehren ist eine der hervorragendsten Aufgaben eines jeden Spiritisten.<\/p>\n\n\n\n<p class=\"has-black-color has-text-color has-link-color has-small-font-size wp-elements-da16c9d71a858b75da102134d6c79046\">Das Wissen, das Spiritisten vermitteln m\u00fcssen, besteht aus zwei Teilen:<\/p>\n\n\n\n<p class=\"has-black-color has-text-color has-link-color has-small-font-size wp-elements-379e84c8bd88454bb74fcc463ea58c9e\">1. Christliche Morallehre.<\/p>\n\n\n\n<p class=\"has-black-color has-text-color has-link-color has-small-font-size wp-elements-90a34b60410f31ce86b3f6ef53de4c52\">2. Die Lehre der spiritistischen Doktrin.<\/p>\n\n\n\n<p class=\"has-black-color has-text-color has-link-color has-small-font-size wp-elements-11f9cc805af743d9726114b52e9ad571\">Die christliche Moral lernt man im Evangelium Jesu, und die Grundlagen des Spiritismus studiert man in den B\u00fcchern, die von gro\u00dfen Geistern wie Allan Kardec geschrieben wurden, dem unser Vater die Aufgabe anvertraute, die Lehre zu kodifizieren.<\/p>\n\n\n\n<p class=\"has-black-color has-text-color has-link-color has-small-font-size wp-elements-aab5452baef50f3ad255a8ceed390d26\">Jeder Spiritist wei\u00df, dass er Laster und Unwissenheit bek\u00e4mpfen muss. Vor allem haben die Spiritisten die hohe Pflicht, ein Beispiel zu geben. Das Beispiel ist der beste aller Lehrer; Spiritisten m\u00fcssen ein ehrliches Leben f\u00fchren und alle ihre Pflichten treu erf\u00fcllen. Das ist die edle Aufgabe, die zu erf\u00fcllen das Los der Spiritisten ist.<\/p>\n\n\n\n<p class=\"has-black-color has-text-color has-link-color has-small-font-size wp-elements-c349a9535f7916ecc57029f7e2ab6cce\">Dies ist eine Aufgabe, die viel Hingabe und Selbstverleugnung erfordert, denn es ist eine gro\u00dfe und g\u00f6ttliche Mission, doch kein Spiritist sollte sich dessen r\u00fchmen, was er tut, denn er erf\u00fcllt nur seine Verpflichtung gegen\u00fcber dem Vater.<\/p>\n\n\n\n<p class=\"has-black-color has-text-color has-link-color has-small-font-size wp-elements-7389c5b3c3b5fdb5f564876d248d78d9\">Aus diesem Grund sollte jeder Spiritist am Ende seines Arbeitstages zum Vater beten und aus tiefstem Herzen sagen: \u201eVater, ich bin dein Diener und habe heute nur meine Pflicht getan.\"<\/p>\n<\/div><\/div>","protected":false},"excerpt":{"rendered":"<p>Los deberes de los Esp\u00edritas Todo espirita est\u00e1 consciente de que debe cumplir con dos deberes fundamentales. El primero de ellos es trabajar por su propio progreso espiritual. El segundo, es contribuir al progreso de sus hermanos, auxili\u00e1ndolo en su perfeccionamiento. Para poder cumplir con ambos deberes, el espirita primero debe aprender y para aprender [&hellip;]<\/p>","protected":false},"author":1,"featured_media":4068,"parent":0,"menu_order":0,"comment_status":"closed","ping_status":"closed","template":"","meta":{"_uag_custom_page_level_css":"","site-sidebar-layout":"default","site-content-layout":"","ast-site-content-layout":"default","site-content-style":"default","site-sidebar-style":"default","ast-global-header-display":"","ast-banner-title-visibility":"","ast-main-header-display":"","ast-hfb-above-header-display":"","ast-hfb-below-header-display":"","ast-hfb-mobile-header-display":"","site-post-title":"disabled","ast-breadcrumbs-content":"","ast-featured-img":"","footer-sml-layout":"","theme-transparent-header-meta":"","adv-header-id-meta":"","stick-header-meta":"","header-above-stick-meta":"","header-main-stick-meta":"","header-below-stick-meta":"","astra-migrate-meta-layouts":"set","ast-page-background-enabled":"default","ast-page-background-meta":{"desktop":{"background-color":"var(--ast-global-color-4)","background-image":"","background-repeat":"repeat","background-position":"center center","background-size":"auto","background-attachment":"scroll","background-type":"","background-media":"","overlay-type":"","overlay-color":"","overlay-opacity":"","overlay-gradient":""},"tablet":{"background-color":"","background-image":"","background-repeat":"repeat","background-position":"center center","background-size":"auto","background-attachment":"scroll","background-type":"","background-media":"","overlay-type":"","overlay-color":"","overlay-opacity":"","overlay-gradient":""},"mobile":{"background-color":"","background-image":"","background-repeat":"repeat","background-position":"center center","background-size":"auto","background-attachment":"scroll","background-type":"","background-media":"","overlay-type":"","overlay-color":"","overlay-opacity":"","overlay-gradient":""}},"ast-content-background-meta":{"desktop":{"background-color":"var(--ast-global-color-5)","background-image":"","background-repeat":"repeat","background-position":"center center","background-size":"auto","background-attachment":"scroll","background-type":"","background-media":"","overlay-type":"","overlay-color":"","overlay-opacity":"","overlay-gradient":""},"tablet":{"background-color":"var(--ast-global-color-5)","background-image":"","background-repeat":"repeat","background-position":"center center","background-size":"auto","background-attachment":"scroll","background-type":"","background-media":"","overlay-type":"","overlay-color":"","overlay-opacity":"","overlay-gradient":""},"mobile":{"background-color":"var(--ast-global-color-5)","background-image":"","background-repeat":"repeat","background-position":"center center","background-size":"auto","background-attachment":"scroll","background-type":"","background-media":"","overlay-type":"","overlay-color":"","overlay-opacity":"","overlay-gradient":""}},"footnotes":""},"class_list":["post-4067","page","type-page","status-publish","has-post-thumbnail","hentry"],"yoast_head":"<!-- This site is optimized with the Yoast SEO Premium plugin v24.2 (Yoast SEO v24.6) - https:\/\/yoast.com\/wordpress\/plugins\/seo\/ -->\n<title>Los deberes de los Espiritas - Uni\u00f3n Esp\u00edrita<\/title>\n<meta name=\"robots\" content=\"index, follow, max-snippet:-1, max-image-preview:large, max-video-preview:-1\" \/>\n<link rel=\"canonical\" href=\"https:\/\/nuevo-renacer.com\/de\/los-deberes-de-los-espiritas\/\" \/>\n<meta property=\"og:locale\" content=\"de_DE\" \/>\n<meta property=\"og:type\" content=\"article\" \/>\n<meta property=\"og:title\" content=\"Los deberes de los Espiritas\" \/>\n<meta property=\"og:description\" content=\"Los deberes de los Esp\u00edritas Todo espirita est\u00e1 consciente de que debe cumplir con dos deberes fundamentales. El primero de ellos es trabajar por su propio progreso espiritual. El segundo, es contribuir al progreso de sus hermanos, auxili\u00e1ndolo en su perfeccionamiento. Para poder cumplir con ambos deberes, el espirita primero debe aprender y para aprender [&hellip;]\" \/>\n<meta property=\"og:url\" content=\"https:\/\/nuevo-renacer.com\/de\/los-deberes-de-los-espiritas\/\" \/>\n<meta property=\"og:site_name\" content=\"Uni\u00f3n Esp\u00edrita\" \/>\n<meta property=\"article:publisher\" content=\"https:\/\/www.facebook.com\/groups\/3431398063740829\" \/>\n<meta property=\"article:modified_time\" content=\"2025-05-23T09:59:12+00:00\" \/>\n<meta property=\"og:image\" content=\"https:\/\/nuevo-renacer.com\/wp-content\/uploads\/2024\/07\/banner-1.jpg\" \/>\n\t<meta property=\"og:image:width\" content=\"960\" \/>\n\t<meta property=\"og:image:height\" content=\"540\" \/>\n\t<meta property=\"og:image:type\" content=\"image\/jpeg\" \/>\n<meta name=\"twitter:card\" content=\"summary_large_image\" \/>\n<meta name=\"twitter:label1\" content=\"Gesch\u00e4tzte Lesezeit\" \/>\n\t<meta name=\"twitter:data1\" content=\"3\u00a0Minuten\" \/>\n<script type=\"application\/ld+json\" class=\"yoast-schema-graph\">{\"@context\":\"https:\/\/schema.org\",\"@graph\":[{\"@type\":\"WebPage\",\"@id\":\"https:\/\/nuevo-renacer.com\/los-deberes-de-los-espiritas\/\",\"url\":\"https:\/\/nuevo-renacer.com\/los-deberes-de-los-espiritas\/\",\"name\":\"Los deberes de los Espiritas - Uni\u00f3n Esp\u00edrita\",\"isPartOf\":{\"@id\":\"https:\/\/nuevo-renacer.com\/#website\"},\"primaryImageOfPage\":{\"@id\":\"https:\/\/nuevo-renacer.com\/los-deberes-de-los-espiritas\/#primaryimage\"},\"image\":{\"@id\":\"https:\/\/nuevo-renacer.com\/los-deberes-de-los-espiritas\/#primaryimage\"},\"thumbnailUrl\":\"https:\/\/nuevo-renacer.com\/wp-content\/uploads\/2024\/07\/banner-1.jpg\",\"datePublished\":\"2024-07-19T12:03:23+00:00\",\"dateModified\":\"2025-05-23T09:59:12+00:00\",\"breadcrumb\":{\"@id\":\"https:\/\/nuevo-renacer.com\/los-deberes-de-los-espiritas\/#breadcrumb\"},\"inLanguage\":\"de\",\"potentialAction\":[{\"@type\":\"ReadAction\",\"target\":[\"https:\/\/nuevo-renacer.com\/los-deberes-de-los-espiritas\/\"]}]},{\"@type\":\"ImageObject\",\"inLanguage\":\"de\",\"@id\":\"https:\/\/nuevo-renacer.com\/los-deberes-de-los-espiritas\/#primaryimage\",\"url\":\"https:\/\/nuevo-renacer.com\/wp-content\/uploads\/2024\/07\/banner-1.jpg\",\"contentUrl\":\"https:\/\/nuevo-renacer.com\/wp-content\/uploads\/2024\/07\/banner-1.jpg\",\"width\":960,\"height\":540},{\"@type\":\"BreadcrumbList\",\"@id\":\"https:\/\/nuevo-renacer.com\/los-deberes-de-los-espiritas\/#breadcrumb\",\"itemListElement\":[{\"@type\":\"ListItem\",\"position\":1,\"name\":\"Startseite\",\"item\":\"https:\/\/nuevo-renacer.com\/\"},{\"@type\":\"ListItem\",\"position\":2,\"name\":\"Los deberes de los Espiritas\"}]},{\"@type\":\"WebSite\",\"@id\":\"https:\/\/nuevo-renacer.com\/#website\",\"url\":\"https:\/\/nuevo-renacer.com\/\",\"name\":\"Uni\u00f3n Esp\u00edrita\",\"description\":\"Nuevo Renacer\",\"publisher\":{\"@id\":\"https:\/\/nuevo-renacer.com\/#organization\"},\"potentialAction\":[{\"@type\":\"SearchAction\",\"target\":{\"@type\":\"EntryPoint\",\"urlTemplate\":\"https:\/\/nuevo-renacer.com\/?s={search_term_string}\"},\"query-input\":{\"@type\":\"PropertyValueSpecification\",\"valueRequired\":true,\"valueName\":\"search_term_string\"}}],\"inLanguage\":\"de\"},{\"@type\":\"Organization\",\"@id\":\"https:\/\/nuevo-renacer.com\/#organization\",\"name\":\"UFEC\",\"url\":\"https:\/\/nuevo-renacer.com\/\",\"logo\":{\"@type\":\"ImageObject\",\"inLanguage\":\"de\",\"@id\":\"https:\/\/nuevo-renacer.com\/#\/schema\/logo\/image\/\",\"url\":\"https:\/\/nuevo-renacer.com\/wp-content\/uploads\/2024\/05\/cropped-LOGO-TERMINADO1-3-3.png\",\"contentUrl\":\"https:\/\/nuevo-renacer.com\/wp-content\/uploads\/2024\/05\/cropped-LOGO-TERMINADO1-3-3.png\",\"width\":512,\"height\":512,\"caption\":\"UFEC\"},\"image\":{\"@id\":\"https:\/\/nuevo-renacer.com\/#\/schema\/logo\/image\/\"},\"sameAs\":[\"https:\/\/www.facebook.com\/groups\/3431398063740829\"]}]}<\/script>\n<!-- \/ Yoast SEO Premium plugin. -->","yoast_head_json":{"title":"Los deberes de los Espiritas - Uni\u00f3n Esp\u00edrita","robots":{"index":"index","follow":"follow","max-snippet":"max-snippet:-1","max-image-preview":"max-image-preview:large","max-video-preview":"max-video-preview:-1"},"canonical":"https:\/\/nuevo-renacer.com\/de\/los-deberes-de-los-espiritas\/","og_locale":"de_DE","og_type":"article","og_title":"Los deberes de los Espiritas","og_description":"Los deberes de los Esp\u00edritas Todo espirita est\u00e1 consciente de que debe cumplir con dos deberes fundamentales. El primero de ellos es trabajar por su propio progreso espiritual. El segundo, es contribuir al progreso de sus hermanos, auxili\u00e1ndolo en su perfeccionamiento. Para poder cumplir con ambos deberes, el espirita primero debe aprender y para aprender [&hellip;]","og_url":"https:\/\/nuevo-renacer.com\/de\/los-deberes-de-los-espiritas\/","og_site_name":"Uni\u00f3n Esp\u00edrita","article_publisher":"https:\/\/www.facebook.com\/groups\/3431398063740829","article_modified_time":"2025-05-23T09:59:12+00:00","og_image":[{"width":960,"height":540,"url":"https:\/\/nuevo-renacer.com\/wp-content\/uploads\/2024\/07\/banner-1.jpg","type":"image\/jpeg"}],"twitter_card":"summary_large_image","twitter_misc":{"Gesch\u00e4tzte Lesezeit":"3\u00a0Minuten"},"schema":{"@context":"https:\/\/schema.org","@graph":[{"@type":"WebPage","@id":"https:\/\/nuevo-renacer.com\/los-deberes-de-los-espiritas\/","url":"https:\/\/nuevo-renacer.com\/los-deberes-de-los-espiritas\/","name":"Los deberes de los Espiritas - Uni\u00f3n Esp\u00edrita","isPartOf":{"@id":"https:\/\/nuevo-renacer.com\/#website"},"primaryImageOfPage":{"@id":"https:\/\/nuevo-renacer.com\/los-deberes-de-los-espiritas\/#primaryimage"},"image":{"@id":"https:\/\/nuevo-renacer.com\/los-deberes-de-los-espiritas\/#primaryimage"},"thumbnailUrl":"https:\/\/nuevo-renacer.com\/wp-content\/uploads\/2024\/07\/banner-1.jpg","datePublished":"2024-07-19T12:03:23+00:00","dateModified":"2025-05-23T09:59:12+00:00","breadcrumb":{"@id":"https:\/\/nuevo-renacer.com\/los-deberes-de-los-espiritas\/#breadcrumb"},"inLanguage":"de","potentialAction":[{"@type":"ReadAction","target":["https:\/\/nuevo-renacer.com\/los-deberes-de-los-espiritas\/"]}]},{"@type":"ImageObject","inLanguage":"de","@id":"https:\/\/nuevo-renacer.com\/los-deberes-de-los-espiritas\/#primaryimage","url":"https:\/\/nuevo-renacer.com\/wp-content\/uploads\/2024\/07\/banner-1.jpg","contentUrl":"https:\/\/nuevo-renacer.com\/wp-content\/uploads\/2024\/07\/banner-1.jpg","width":960,"height":540},{"@type":"BreadcrumbList","@id":"https:\/\/nuevo-renacer.com\/los-deberes-de-los-espiritas\/#breadcrumb","itemListElement":[{"@type":"ListItem","position":1,"name":"Startseite","item":"https:\/\/nuevo-renacer.com\/"},{"@type":"ListItem","position":2,"name":"Los deberes de los Espiritas"}]},{"@type":"WebSite","@id":"https:\/\/nuevo-renacer.com\/#website","url":"https:\/\/nuevo-renacer.com\/","name":"Uni\u00f3n Esp\u00edrita","description":"Nuevo Renacer","publisher":{"@id":"https:\/\/nuevo-renacer.com\/#organization"},"potentialAction":[{"@type":"SearchAction","target":{"@type":"EntryPoint","urlTemplate":"https:\/\/nuevo-renacer.com\/?s={search_term_string}"},"query-input":{"@type":"PropertyValueSpecification","valueRequired":true,"valueName":"search_term_string"}}],"inLanguage":"de"},{"@type":"Organization","@id":"https:\/\/nuevo-renacer.com\/#organization","name":"UFEC","url":"https:\/\/nuevo-renacer.com\/","logo":{"@type":"ImageObject","inLanguage":"de","@id":"https:\/\/nuevo-renacer.com\/#\/schema\/logo\/image\/","url":"https:\/\/nuevo-renacer.com\/wp-content\/uploads\/2024\/05\/cropped-LOGO-TERMINADO1-3-3.png","contentUrl":"https:\/\/nuevo-renacer.com\/wp-content\/uploads\/2024\/05\/cropped-LOGO-TERMINADO1-3-3.png","width":512,"height":512,"caption":"UFEC"},"image":{"@id":"https:\/\/nuevo-renacer.com\/#\/schema\/logo\/image\/"},"sameAs":["https:\/\/www.facebook.com\/groups\/3431398063740829"]}]}},"uagb_featured_image_src":{"full":["https:\/\/nuevo-renacer.com\/wp-content\/uploads\/2024\/07\/banner-1.jpg",960,540,false],"thumbnail":["https:\/\/nuevo-renacer.com\/wp-content\/uploads\/2024\/07\/banner-1-150x150.jpg",150,150,true],"medium":["https:\/\/nuevo-renacer.com\/wp-content\/uploads\/2024\/07\/banner-1-300x169.jpg",300,169,true],"medium_large":["https:\/\/nuevo-renacer.com\/wp-content\/uploads\/2024\/07\/banner-1-768x432.jpg",768,432,true],"large":["https:\/\/nuevo-renacer.com\/wp-content\/uploads\/2024\/07\/banner-1.jpg",960,540,false],"1536x1536":["https:\/\/nuevo-renacer.com\/wp-content\/uploads\/2024\/07\/banner-1.jpg",960,540,false],"2048x2048":["https:\/\/nuevo-renacer.com\/wp-content\/uploads\/2024\/07\/banner-1.jpg",960,540,false],"trp-custom-language-flag":["https:\/\/nuevo-renacer.com\/wp-content\/uploads\/2024\/07\/banner-1-18x10.jpg",18,10,true]},"uagb_author_info":{"display_name":"adbv0","author_link":"https:\/\/nuevo-renacer.com\/de\/author\/adbv0\/"},"uagb_comment_info":0,"uagb_excerpt":"Los deberes de los Esp\u00edritas Todo espirita est\u00e1 consciente de que debe cumplir con dos deberes fundamentales. El primero de ellos es trabajar por su propio progreso espiritual. El segundo, es contribuir al progreso de sus hermanos, auxili\u00e1ndolo en su perfeccionamiento. Para poder cumplir con ambos deberes, el espirita primero debe aprender y para aprender&hellip;","jetpack_sharing_enabled":true,"_links":{"self":[{"href":"https:\/\/nuevo-renacer.com\/de\/wp-json\/wp\/v2\/pages\/4067","targetHints":{"allow":["GET"]}}],"collection":[{"href":"https:\/\/nuevo-renacer.com\/de\/wp-json\/wp\/v2\/pages"}],"about":[{"href":"https:\/\/nuevo-renacer.com\/de\/wp-json\/wp\/v2\/types\/page"}],"author":[{"embeddable":true,"href":"https:\/\/nuevo-renacer.com\/de\/wp-json\/wp\/v2\/users\/1"}],"replies":[{"embeddable":true,"href":"https:\/\/nuevo-renacer.com\/de\/wp-json\/wp\/v2\/comments?post=4067"}],"version-history":[{"count":4,"href":"https:\/\/nuevo-renacer.com\/de\/wp-json\/wp\/v2\/pages\/4067\/revisions"}],"predecessor-version":[{"id":8192,"href":"https:\/\/nuevo-renacer.com\/de\/wp-json\/wp\/v2\/pages\/4067\/revisions\/8192"}],"wp:featuredmedia":[{"embeddable":true,"href":"https:\/\/nuevo-renacer.com\/de\/wp-json\/wp\/v2\/media\/4068"}],"wp:attachment":[{"href":"https:\/\/nuevo-renacer.com\/de\/wp-json\/wp\/v2\/media?parent=4067"}],"curies":[{"name":"wp","href":"https:\/\/api.w.org\/{rel}","templated":true}]}}