{"id":4021,"date":"2024-07-18T10:34:49","date_gmt":"2024-07-18T10:34:49","guid":{"rendered":"https:\/\/ufec-mundial.com\/?page_id=4021"},"modified":"2024-07-18T10:40:38","modified_gmt":"2024-07-18T10:40:38","slug":"influencias-espirituales","status":"publish","type":"page","link":"https:\/\/nuevo-renacer.com\/de\/influencias-espirituales\/","title":{"rendered":"Spirituelle Einfl\u00fcsse"},"content":{"rendered":"<div class=\"wp-block-uagb-container uagb-block-29346cad alignfull uagb-is-root-container\"><div class=\"uagb-container-inner-blocks-wrap\">\n<p class=\"has-black-color has-text-color has-link-color has-medium-font-size wp-elements-0382b94ed58e370d12d396a0b08b76db\"><strong>Spirituelle Einfl\u00fcsse<\/strong><\/p>\n<\/div><\/div>\n\n\n\n<div class=\"wp-block-uagb-container uagb-block-1ae25de6 alignfull uagb-is-root-container\"><div class=\"uagb-container-inner-blocks-wrap\">\n<figure class=\"wp-block-image size-full is-resized\"><img fetchpriority=\"high\" decoding=\"async\" width=\"1024\" height=\"1024\" src=\"https:\/\/ufec-mundial.com\/wp-content\/uploads\/2024\/07\/present-in-nol.jpg\" alt=\"\" class=\"wp-image-4024\" style=\"width:376px;height:auto\" srcset=\"https:\/\/nuevo-renacer.com\/wp-content\/uploads\/2024\/07\/present-in-nol.jpg 1024w, https:\/\/nuevo-renacer.com\/wp-content\/uploads\/2024\/07\/present-in-nol-150x150.jpg 150w, https:\/\/nuevo-renacer.com\/wp-content\/uploads\/2024\/07\/present-in-nol-300x300.jpg 300w, https:\/\/nuevo-renacer.com\/wp-content\/uploads\/2024\/07\/present-in-nol-768x768.jpg 768w, https:\/\/nuevo-renacer.com\/wp-content\/uploads\/2024\/07\/present-in-nol-12x12.jpg 12w\" sizes=\"(max-width: 1024px) 100vw, 1024px\" \/><\/figure>\n<\/div><\/div>\n\n\n\n<div class=\"wp-block-uagb-container uagb-block-9a7bf73b alignfull uagb-is-root-container\"><div class=\"uagb-container-inner-blocks-wrap\">\n<p class=\"has-black-color has-text-color has-link-color has-small-font-size wp-elements-2666fd4eb8ac5c6a0b1eb5485d186c02\"><strong>Den Menschen f\u00e4llt es im Allgemeinen schwer, ihre Gef\u00fchle stabil zu halten. Sie schwanken stark, von Traurigkeit bis Freude, von Depression bis Euphorie, von guter Laune bis Entmutigung. Diese Emotionen sind nicht immer mit dem Alltag verbunden. Hat das etwas mit der Medialit\u00e4t zu tun?<\/strong><\/p>\n\n\n\n<p class=\"has-black-color has-text-color has-link-color has-small-font-size wp-elements-b8dc3038410f1047125d1f43d837da6d\">&nbsp;Kein Zweifel! Diese (manisch-depressive Psychose), eine unerkl\u00e4rliche Diversifizierung der emotionalen Zust\u00e4nde, h\u00e4ngt mit der Natur der Geister zusammen, die sich uns n\u00e4hern, mit den Einfl\u00fcssen, unter denen wir leiden.<\/p>\n\n\n\n<p class=\"has-black-color has-text-color has-link-color has-small-font-size wp-elements-fad7adc57476f6b63c22a5facad25197\"><strong>Die Seelen der Verstorbenen?<\/strong><\/p>\n\n\n\n<p class=\"has-black-color has-text-color has-link-color has-small-font-size wp-elements-d2edc368eda52d7369a3051aed18022e\">Ja, k\u00f6rperlose Menschen, befreit von der Materie, aber gefangen im menschlichen Interesse. Sie bleiben unter uns und beeinflussen, motivieren und leiten uns sogar. In Frage 459 im Buche der Geister berichten die geistigen Mentoren, die Kardec geantwortet haben, dass dieser Einfluss so stark ist, dass sie uns nicht selten lenken.<\/p>\n\n\n\n<p class=\"has-black-color has-text-color has-link-color has-small-font-size wp-elements-22ad0dae4db42d4020437ee0d29df8fe\"><strong>Warum tun sie das? Was ist ihr Ziel?<\/strong><\/p>\n\n\n\n<p class=\"has-black-color has-text-color has-link-color has-small-font-size wp-elements-f9b415bde9efc1acd54a6eb65bc24b9a\">Die Motive dieser Geister entsprechen ihrem eigenen Zustand. Es gibt diejenigen, die ratlos sind und Hilfe suchen; es gibt diejenigen, die Freude daran haben, die Inkarnierten zu fesseln; es gibt diejenigen, die Rache \u00fcben; es gibt diejenigen, die den Lastern verfallen sind und Vermittler w\u00fcnschen, um sich selbst zu befriedigen....<\/p>\n\n\n\n<p class=\"has-black-color has-text-color has-link-color has-small-font-size wp-elements-bd32bf54f16cfed2457f41f1f3c1b537\">\u00bf<strong>Wie k\u00f6nnen wir unser Denken von dem unterscheiden, das von einem desinkarnierten inspiriert ist?<\/strong><\/p>\n\n\n\n<p class=\"has-black-color has-text-color has-link-color has-small-font-size wp-elements-fee7a187f0be04bcdf6da477cb5bd027\">Das ist prinzipiell schwierig, denn der geistige Fluss der Geister, mit denen wir verkehren, dr\u00fcckt sich in unserem Geist aus, als w\u00e4ren es unsere Gedanken, etwas von unserer Intimit\u00e4t.<\/p>\n\n\n\n<p class=\"has-black-color has-text-color has-link-color has-small-font-size wp-elements-25a54593ede603c99e096b1594f5427a\"><strong>Bedeutet das, dass sowohl Gedanken als auch Gef\u00fchle einfach das widerspiegeln k\u00f6nnen, was mit dem herannahenden Geist geschieht?<\/strong><\/p>\n\n\n\n<p class=\"has-black-color has-text-color has-link-color has-small-font-size wp-elements-cd4c6b7205c470c2138dc45a5485c291\">Genau, aber die Frage der Einstimmung muss ber\u00fccksichtigt werden. Im Allgemeinen sind diese Wesenheiten mit unserer Art zu sein, unseren Tendenzen und Ideen kompatibel.<\/p>\n\n\n\n<p class=\"has-black-color has-text-color has-link-color has-small-font-size wp-elements-c38f67d2baa382752ffd7e3035c81856\"><strong>W\u00e4re es nach diesem Prinzip zum Beispiel m\u00f6glich, dass ein Geist jemanden in den Selbstmord treibt, der nie die Absicht hatte, die Initiative zu ergreifen?<\/strong><\/p>\n\n\n\n<p class=\"has-black-color has-text-color has-link-color has-small-font-size wp-elements-7acd1c80314ae3a825f0311ee0fe70b2\">Ja, wenn es dem desinkarnierten gelingt, in der Person den Wunsch zu wecken, sich selbst zu t\u00f6ten, w\u00fcrde er sicherlich mit dieser Idee sympathisieren, er gibt sie zu und akzeptiert sie.<\/p>\n\n\n\n<p class=\"has-black-color has-text-color has-link-color has-small-font-size wp-elements-34ab789d86a3cf76877871b3948d4da5\"><strong>Wie k\u00f6nnen wir diese negativen Einfl\u00fcsse \u00fcberwinden, so dass wir nur noch gute Einfl\u00fcsse empfangen k\u00f6nnen?<\/strong><\/p>\n\n\n\n<p class=\"has-black-color has-text-color has-link-color has-small-font-size wp-elements-c6d7c6b2a19d415cddfdbd17fdcdf43c\">In Frage 469 im Buch der Geister stellt Kardec die gleiche Frage. Der Mentor verk\u00fcndet pr\u00e4gnant: Indem du das Gute praktizierst und auf Gott vertraust... haben wir einen wertvollen Kompass, der uns von negativen Einfl\u00fcssen befreit.<\/p>\n\n\n\n<p class=\"has-black-color has-text-color has-link-color has-small-font-size wp-elements-f186c349bc91178c58dd1cf8655f030b\"><strong>Wie funktioniert das?<\/strong><\/p>\n\n\n\n<p class=\"has-black-color has-text-color has-link-color has-small-font-size wp-elements-00eae23053346140ce03cdf8c34faf45\">Das Vertrauen auf Gott erh\u00e4lt das emotionale Gleichgewicht in schwierigen Situationen aufrecht und vermeidet depressive Zust\u00e4nde, die uns f\u00fcr niedere Einfl\u00fcsse anf\u00e4llig machen; die Praxis des Guten bringt uns in Einklang mit den Quellen des Lebens und st\u00e4rkt den unersch\u00fctterlichen Schutz der geistigen Wohlt\u00e4ter.<\/p>\n<\/div><\/div>","protected":false},"excerpt":{"rendered":"<p>Influencias Espirituales Generalmente las personas tienen dificultades para mantener la estabilidad emocional. Var\u00edan mucho, de la tristeza a la alegr\u00eda, de la depresi\u00f3n a la euforia, del buen \u00e1nimo al desaliento. No siempre esas emociones est\u00e1n asociadas al d\u00eda a d\u00eda. \u00bfTienen algo que ver con la mediumnidad? &nbsp;\u00a1Sin duda! Esa (psicosis maniaco-depresiva), es una [&hellip;]<\/p>","protected":false},"author":1,"featured_media":4024,"parent":0,"menu_order":0,"comment_status":"closed","ping_status":"closed","template":"","meta":{"_uag_custom_page_level_css":"","site-sidebar-layout":"default","site-content-layout":"","ast-site-content-layout":"default","site-content-style":"default","site-sidebar-style":"default","ast-global-header-display":"","ast-banner-title-visibility":"","ast-main-header-display":"","ast-hfb-above-header-display":"","ast-hfb-below-header-display":"","ast-hfb-mobile-header-display":"","site-post-title":"","ast-breadcrumbs-content":"","ast-featured-img":"","footer-sml-layout":"","theme-transparent-header-meta":"","adv-header-id-meta":"","stick-header-meta":"","header-above-stick-meta":"","header-main-stick-meta":"","header-below-stick-meta":"","astra-migrate-meta-layouts":"set","ast-page-background-enabled":"default","ast-page-background-meta":{"desktop":{"background-color":"var(--ast-global-color-4)","background-image":"","background-repeat":"repeat","background-position":"center center","background-size":"auto","background-attachment":"scroll","background-type":"","background-media":"","overlay-type":"","overlay-color":"","overlay-opacity":"","overlay-gradient":""},"tablet":{"background-color":"","background-image":"","background-repeat":"repeat","background-position":"center center","background-size":"auto","background-attachment":"scroll","background-type":"","background-media":"","overlay-type":"","overlay-color":"","overlay-opacity":"","overlay-gradient":""},"mobile":{"background-color":"","background-image":"","background-repeat":"repeat","background-position":"center center","background-size":"auto","background-attachment":"scroll","background-type":"","background-media":"","overlay-type":"","overlay-color":"","overlay-opacity":"","overlay-gradient":""}},"ast-content-background-meta":{"desktop":{"background-color":"var(--ast-global-color-5)","background-image":"","background-repeat":"repeat","background-position":"center center","background-size":"auto","background-attachment":"scroll","background-type":"","background-media":"","overlay-type":"","overlay-color":"","overlay-opacity":"","overlay-gradient":""},"tablet":{"background-color":"var(--ast-global-color-5)","background-image":"","background-repeat":"repeat","background-position":"center center","background-size":"auto","background-attachment":"scroll","background-type":"","background-media":"","overlay-type":"","overlay-color":"","overlay-opacity":"","overlay-gradient":""},"mobile":{"background-color":"var(--ast-global-color-5)","background-image":"","background-repeat":"repeat","background-position":"center center","background-size":"auto","background-attachment":"scroll","background-type":"","background-media":"","overlay-type":"","overlay-color":"","overlay-opacity":"","overlay-gradient":""}},"footnotes":""},"class_list":["post-4021","page","type-page","status-publish","has-post-thumbnail","hentry"],"yoast_head":"<!-- This site is optimized with the Yoast SEO Premium plugin v24.2 (Yoast SEO v24.6) - https:\/\/yoast.com\/wordpress\/plugins\/seo\/ -->\n<title>Influencias Espirituales - Uni\u00f3n Esp\u00edrita<\/title>\n<meta name=\"robots\" content=\"index, follow, max-snippet:-1, max-image-preview:large, max-video-preview:-1\" \/>\n<link rel=\"canonical\" href=\"https:\/\/nuevo-renacer.com\/de\/influencias-espirituales\/\" \/>\n<meta property=\"og:locale\" content=\"de_DE\" \/>\n<meta property=\"og:type\" content=\"article\" \/>\n<meta property=\"og:title\" content=\"Influencias Espirituales\" \/>\n<meta property=\"og:description\" content=\"Influencias Espirituales Generalmente las personas tienen dificultades para mantener la estabilidad emocional. Var\u00edan mucho, de la tristeza a la alegr\u00eda, de la depresi\u00f3n a la euforia, del buen \u00e1nimo al desaliento. No siempre esas emociones est\u00e1n asociadas al d\u00eda a d\u00eda. \u00bfTienen algo que ver con la mediumnidad? &nbsp;\u00a1Sin duda! Esa (psicosis maniaco-depresiva), es una [&hellip;]\" \/>\n<meta property=\"og:url\" content=\"https:\/\/nuevo-renacer.com\/de\/influencias-espirituales\/\" \/>\n<meta property=\"og:site_name\" content=\"Uni\u00f3n Esp\u00edrita\" \/>\n<meta property=\"article:publisher\" content=\"https:\/\/www.facebook.com\/groups\/3431398063740829\" \/>\n<meta property=\"article:modified_time\" content=\"2024-07-18T10:40:38+00:00\" \/>\n<meta property=\"og:image\" content=\"https:\/\/nuevo-renacer.com\/wp-content\/uploads\/2024\/07\/present-in-nol.jpg\" \/>\n\t<meta property=\"og:image:width\" content=\"1024\" \/>\n\t<meta property=\"og:image:height\" content=\"1024\" \/>\n\t<meta property=\"og:image:type\" content=\"image\/jpeg\" \/>\n<meta name=\"twitter:card\" content=\"summary_large_image\" \/>\n<meta name=\"twitter:label1\" content=\"Gesch\u00e4tzte Lesezeit\" \/>\n\t<meta name=\"twitter:data1\" content=\"2\u00a0Minuten\" \/>\n<script type=\"application\/ld+json\" class=\"yoast-schema-graph\">{\"@context\":\"https:\/\/schema.org\",\"@graph\":[{\"@type\":\"WebPage\",\"@id\":\"https:\/\/nuevo-renacer.com\/influencias-espirituales\/\",\"url\":\"https:\/\/nuevo-renacer.com\/influencias-espirituales\/\",\"name\":\"Influencias Espirituales - Uni\u00f3n Esp\u00edrita\",\"isPartOf\":{\"@id\":\"https:\/\/nuevo-renacer.com\/#website\"},\"primaryImageOfPage\":{\"@id\":\"https:\/\/nuevo-renacer.com\/influencias-espirituales\/#primaryimage\"},\"image\":{\"@id\":\"https:\/\/nuevo-renacer.com\/influencias-espirituales\/#primaryimage\"},\"thumbnailUrl\":\"https:\/\/nuevo-renacer.com\/wp-content\/uploads\/2024\/07\/present-in-nol.jpg\",\"datePublished\":\"2024-07-18T10:34:49+00:00\",\"dateModified\":\"2024-07-18T10:40:38+00:00\",\"breadcrumb\":{\"@id\":\"https:\/\/nuevo-renacer.com\/influencias-espirituales\/#breadcrumb\"},\"inLanguage\":\"de\",\"potentialAction\":[{\"@type\":\"ReadAction\",\"target\":[\"https:\/\/nuevo-renacer.com\/influencias-espirituales\/\"]}]},{\"@type\":\"ImageObject\",\"inLanguage\":\"de\",\"@id\":\"https:\/\/nuevo-renacer.com\/influencias-espirituales\/#primaryimage\",\"url\":\"https:\/\/nuevo-renacer.com\/wp-content\/uploads\/2024\/07\/present-in-nol.jpg\",\"contentUrl\":\"https:\/\/nuevo-renacer.com\/wp-content\/uploads\/2024\/07\/present-in-nol.jpg\",\"width\":1024,\"height\":1024},{\"@type\":\"BreadcrumbList\",\"@id\":\"https:\/\/nuevo-renacer.com\/influencias-espirituales\/#breadcrumb\",\"itemListElement\":[{\"@type\":\"ListItem\",\"position\":1,\"name\":\"Startseite\",\"item\":\"https:\/\/nuevo-renacer.com\/\"},{\"@type\":\"ListItem\",\"position\":2,\"name\":\"Influencias Espirituales\"}]},{\"@type\":\"WebSite\",\"@id\":\"https:\/\/nuevo-renacer.com\/#website\",\"url\":\"https:\/\/nuevo-renacer.com\/\",\"name\":\"Uni\u00f3n Esp\u00edrita\",\"description\":\"Nuevo Renacer\",\"publisher\":{\"@id\":\"https:\/\/nuevo-renacer.com\/#organization\"},\"potentialAction\":[{\"@type\":\"SearchAction\",\"target\":{\"@type\":\"EntryPoint\",\"urlTemplate\":\"https:\/\/nuevo-renacer.com\/?s={search_term_string}\"},\"query-input\":{\"@type\":\"PropertyValueSpecification\",\"valueRequired\":true,\"valueName\":\"search_term_string\"}}],\"inLanguage\":\"de\"},{\"@type\":\"Organization\",\"@id\":\"https:\/\/nuevo-renacer.com\/#organization\",\"name\":\"UFEC\",\"url\":\"https:\/\/nuevo-renacer.com\/\",\"logo\":{\"@type\":\"ImageObject\",\"inLanguage\":\"de\",\"@id\":\"https:\/\/nuevo-renacer.com\/#\/schema\/logo\/image\/\",\"url\":\"https:\/\/nuevo-renacer.com\/wp-content\/uploads\/2024\/05\/cropped-LOGO-TERMINADO1-3-3.png\",\"contentUrl\":\"https:\/\/nuevo-renacer.com\/wp-content\/uploads\/2024\/05\/cropped-LOGO-TERMINADO1-3-3.png\",\"width\":512,\"height\":512,\"caption\":\"UFEC\"},\"image\":{\"@id\":\"https:\/\/nuevo-renacer.com\/#\/schema\/logo\/image\/\"},\"sameAs\":[\"https:\/\/www.facebook.com\/groups\/3431398063740829\"]}]}<\/script>\n<!-- \/ Yoast SEO Premium plugin. -->","yoast_head_json":{"title":"Influencias Espirituales - Uni\u00f3n Esp\u00edrita","robots":{"index":"index","follow":"follow","max-snippet":"max-snippet:-1","max-image-preview":"max-image-preview:large","max-video-preview":"max-video-preview:-1"},"canonical":"https:\/\/nuevo-renacer.com\/de\/influencias-espirituales\/","og_locale":"de_DE","og_type":"article","og_title":"Influencias Espirituales","og_description":"Influencias Espirituales Generalmente las personas tienen dificultades para mantener la estabilidad emocional. Var\u00edan mucho, de la tristeza a la alegr\u00eda, de la depresi\u00f3n a la euforia, del buen \u00e1nimo al desaliento. No siempre esas emociones est\u00e1n asociadas al d\u00eda a d\u00eda. \u00bfTienen algo que ver con la mediumnidad? &nbsp;\u00a1Sin duda! Esa (psicosis maniaco-depresiva), es una [&hellip;]","og_url":"https:\/\/nuevo-renacer.com\/de\/influencias-espirituales\/","og_site_name":"Uni\u00f3n Esp\u00edrita","article_publisher":"https:\/\/www.facebook.com\/groups\/3431398063740829","article_modified_time":"2024-07-18T10:40:38+00:00","og_image":[{"width":1024,"height":1024,"url":"https:\/\/nuevo-renacer.com\/wp-content\/uploads\/2024\/07\/present-in-nol.jpg","type":"image\/jpeg"}],"twitter_card":"summary_large_image","twitter_misc":{"Gesch\u00e4tzte Lesezeit":"2\u00a0Minuten"},"schema":{"@context":"https:\/\/schema.org","@graph":[{"@type":"WebPage","@id":"https:\/\/nuevo-renacer.com\/influencias-espirituales\/","url":"https:\/\/nuevo-renacer.com\/influencias-espirituales\/","name":"Influencias Espirituales - Uni\u00f3n Esp\u00edrita","isPartOf":{"@id":"https:\/\/nuevo-renacer.com\/#website"},"primaryImageOfPage":{"@id":"https:\/\/nuevo-renacer.com\/influencias-espirituales\/#primaryimage"},"image":{"@id":"https:\/\/nuevo-renacer.com\/influencias-espirituales\/#primaryimage"},"thumbnailUrl":"https:\/\/nuevo-renacer.com\/wp-content\/uploads\/2024\/07\/present-in-nol.jpg","datePublished":"2024-07-18T10:34:49+00:00","dateModified":"2024-07-18T10:40:38+00:00","breadcrumb":{"@id":"https:\/\/nuevo-renacer.com\/influencias-espirituales\/#breadcrumb"},"inLanguage":"de","potentialAction":[{"@type":"ReadAction","target":["https:\/\/nuevo-renacer.com\/influencias-espirituales\/"]}]},{"@type":"ImageObject","inLanguage":"de","@id":"https:\/\/nuevo-renacer.com\/influencias-espirituales\/#primaryimage","url":"https:\/\/nuevo-renacer.com\/wp-content\/uploads\/2024\/07\/present-in-nol.jpg","contentUrl":"https:\/\/nuevo-renacer.com\/wp-content\/uploads\/2024\/07\/present-in-nol.jpg","width":1024,"height":1024},{"@type":"BreadcrumbList","@id":"https:\/\/nuevo-renacer.com\/influencias-espirituales\/#breadcrumb","itemListElement":[{"@type":"ListItem","position":1,"name":"Startseite","item":"https:\/\/nuevo-renacer.com\/"},{"@type":"ListItem","position":2,"name":"Influencias Espirituales"}]},{"@type":"WebSite","@id":"https:\/\/nuevo-renacer.com\/#website","url":"https:\/\/nuevo-renacer.com\/","name":"Uni\u00f3n Esp\u00edrita","description":"Nuevo Renacer","publisher":{"@id":"https:\/\/nuevo-renacer.com\/#organization"},"potentialAction":[{"@type":"SearchAction","target":{"@type":"EntryPoint","urlTemplate":"https:\/\/nuevo-renacer.com\/?s={search_term_string}"},"query-input":{"@type":"PropertyValueSpecification","valueRequired":true,"valueName":"search_term_string"}}],"inLanguage":"de"},{"@type":"Organization","@id":"https:\/\/nuevo-renacer.com\/#organization","name":"UFEC","url":"https:\/\/nuevo-renacer.com\/","logo":{"@type":"ImageObject","inLanguage":"de","@id":"https:\/\/nuevo-renacer.com\/#\/schema\/logo\/image\/","url":"https:\/\/nuevo-renacer.com\/wp-content\/uploads\/2024\/05\/cropped-LOGO-TERMINADO1-3-3.png","contentUrl":"https:\/\/nuevo-renacer.com\/wp-content\/uploads\/2024\/05\/cropped-LOGO-TERMINADO1-3-3.png","width":512,"height":512,"caption":"UFEC"},"image":{"@id":"https:\/\/nuevo-renacer.com\/#\/schema\/logo\/image\/"},"sameAs":["https:\/\/www.facebook.com\/groups\/3431398063740829"]}]}},"uagb_featured_image_src":{"full":["https:\/\/nuevo-renacer.com\/wp-content\/uploads\/2024\/07\/present-in-nol.jpg",1024,1024,false],"thumbnail":["https:\/\/nuevo-renacer.com\/wp-content\/uploads\/2024\/07\/present-in-nol-150x150.jpg",150,150,true],"medium":["https:\/\/nuevo-renacer.com\/wp-content\/uploads\/2024\/07\/present-in-nol-300x300.jpg",300,300,true],"medium_large":["https:\/\/nuevo-renacer.com\/wp-content\/uploads\/2024\/07\/present-in-nol-768x768.jpg",768,768,true],"large":["https:\/\/nuevo-renacer.com\/wp-content\/uploads\/2024\/07\/present-in-nol.jpg",1024,1024,false],"1536x1536":["https:\/\/nuevo-renacer.com\/wp-content\/uploads\/2024\/07\/present-in-nol.jpg",1024,1024,false],"2048x2048":["https:\/\/nuevo-renacer.com\/wp-content\/uploads\/2024\/07\/present-in-nol.jpg",1024,1024,false],"trp-custom-language-flag":["https:\/\/nuevo-renacer.com\/wp-content\/uploads\/2024\/07\/present-in-nol-12x12.jpg",12,12,true]},"uagb_author_info":{"display_name":"adbv0","author_link":"https:\/\/nuevo-renacer.com\/de\/author\/adbv0\/"},"uagb_comment_info":0,"uagb_excerpt":"Influencias Espirituales Generalmente las personas tienen dificultades para mantener la estabilidad emocional. Var\u00edan mucho, de la tristeza a la alegr\u00eda, de la depresi\u00f3n a la euforia, del buen \u00e1nimo al desaliento. No siempre esas emociones est\u00e1n asociadas al d\u00eda a d\u00eda. \u00bfTienen algo que ver con la mediumnidad? &nbsp;\u00a1Sin duda! Esa (psicosis maniaco-depresiva), es una&hellip;","jetpack_sharing_enabled":true,"_links":{"self":[{"href":"https:\/\/nuevo-renacer.com\/de\/wp-json\/wp\/v2\/pages\/4021","targetHints":{"allow":["GET"]}}],"collection":[{"href":"https:\/\/nuevo-renacer.com\/de\/wp-json\/wp\/v2\/pages"}],"about":[{"href":"https:\/\/nuevo-renacer.com\/de\/wp-json\/wp\/v2\/types\/page"}],"author":[{"embeddable":true,"href":"https:\/\/nuevo-renacer.com\/de\/wp-json\/wp\/v2\/users\/1"}],"replies":[{"embeddable":true,"href":"https:\/\/nuevo-renacer.com\/de\/wp-json\/wp\/v2\/comments?post=4021"}],"version-history":[{"count":3,"href":"https:\/\/nuevo-renacer.com\/de\/wp-json\/wp\/v2\/pages\/4021\/revisions"}],"predecessor-version":[{"id":4026,"href":"https:\/\/nuevo-renacer.com\/de\/wp-json\/wp\/v2\/pages\/4021\/revisions\/4026"}],"wp:featuredmedia":[{"embeddable":true,"href":"https:\/\/nuevo-renacer.com\/de\/wp-json\/wp\/v2\/media\/4024"}],"wp:attachment":[{"href":"https:\/\/nuevo-renacer.com\/de\/wp-json\/wp\/v2\/media?parent=4021"}],"curies":[{"name":"wp","href":"https:\/\/api.w.org\/{rel}","templated":true}]}}