{"id":4015,"date":"2024-07-18T10:10:20","date_gmt":"2024-07-18T10:10:20","guid":{"rendered":"https:\/\/ufec-mundial.com\/?page_id=4015"},"modified":"2024-07-18T10:14:22","modified_gmt":"2024-07-18T10:14:22","slug":"casamiento","status":"publish","type":"page","link":"https:\/\/nuevo-renacer.com\/de\/casamiento\/","title":{"rendered":"Eheschlie\u00dfung"},"content":{"rendered":"<div class=\"wp-block-uagb-container uagb-block-33305a38 alignfull uagb-is-root-container\"><div class=\"uagb-container-inner-blocks-wrap\">\n<p class=\"has-black-color has-text-color has-link-color has-medium-font-size wp-elements-63d2957ef5a5f79559ba5afb53ed3574\"><strong>Eheschlie\u00dfung<\/strong><\/p>\n<\/div><\/div>\n\n\n\n<div class=\"wp-block-uagb-container uagb-block-03373349 alignfull uagb-is-root-container\"><div class=\"uagb-container-inner-blocks-wrap\">\n<figure class=\"wp-block-image size-full is-resized\"><img fetchpriority=\"high\" decoding=\"async\" width=\"626\" height=\"626\" src=\"https:\/\/ufec-mundial.com\/wp-content\/uploads\/2024\/07\/448154796_7983836344970111_6208603129206741217_n.jpg\" alt=\"\" class=\"wp-image-4016\" style=\"width:321px;height:auto\" srcset=\"https:\/\/nuevo-renacer.com\/wp-content\/uploads\/2024\/07\/448154796_7983836344970111_6208603129206741217_n.jpg 626w, https:\/\/nuevo-renacer.com\/wp-content\/uploads\/2024\/07\/448154796_7983836344970111_6208603129206741217_n-150x150.jpg 150w, https:\/\/nuevo-renacer.com\/wp-content\/uploads\/2024\/07\/448154796_7983836344970111_6208603129206741217_n-300x300.jpg 300w, https:\/\/nuevo-renacer.com\/wp-content\/uploads\/2024\/07\/448154796_7983836344970111_6208603129206741217_n-12x12.jpg 12w\" sizes=\"(max-width: 626px) 100vw, 626px\" \/><\/figure>\n<\/div><\/div>\n\n\n\n<div class=\"wp-block-uagb-container uagb-block-1a4a2a5c alignfull uagb-is-root-container\"><div class=\"uagb-container-inner-blocks-wrap\">\n<p class=\"has-black-color has-text-color has-link-color has-small-font-size wp-elements-c8c24fba372c70e2b2b73f7bab6836e5\"><strong>Ist die Ehe vom Jenseits geplant?<\/strong><\/p>\n\n\n\n<p class=\"has-black-color has-text-color has-link-color has-small-font-size wp-elements-ae1c205080a2c4131723546d969fa756\">Im Allgemeinen ist die Eheschlie\u00dfung eine Harmonisierung, an der nicht nur das Paar, sondern auch die Geister beteiligt sind, die als Kinder reinkarnieren werden. Es liegt auf der Hand, dass eine Planung erforderlich ist.<\/p>\n\n\n\n<p class=\"has-black-color has-text-color has-link-color has-small-font-size wp-elements-3ef8fd3c70d465ff4d59c40bb98ee484\">&nbsp;<strong>Wird sie von den betroffenen Personen durchgef\u00fchrt?<\/strong><\/p>\n\n\n\n<p class=\"has-black-color has-text-color has-link-color has-small-font-size wp-elements-fba8716425c627e88775cbed261fcba2\">Im Idealfall, denn wir neigen dazu, Verpflichtungen, die wir aus eigenem Antrieb eingehen, ernster zu nehmen. Reinkarnationisten sind jedoch nicht immer reif und einsichtig genug, um dies zu tun. Die Planung wird von spirituellen Mentoren \u00fcbernommen.<\/p>\n\n\n\n<p class=\"has-black-color has-text-color has-link-color has-small-font-size wp-elements-9fc10fcd385a4c58aeac63cb4ad0ef44\"><strong>Folgt auch eine eventuelle zweite oder weitere Heirat der Planung?<\/strong><\/p>\n\n\n\n<p class=\"has-black-color has-text-color has-link-color has-small-font-size wp-elements-d8cceaf11e7da214f5fa60d373928cde\">Wenn sich Ehepartner aufgrund un\u00fcberwindbarer Konflikte unwiderruflich trennen, ist es richtig, dass sie versuchen, ihr Gef\u00fchlsleben neu zu gestalten, indem sie eine neue Erfahrung suchen. Wenn die Absicht ernsthaft ist und es sich nicht um blo\u00dfe sexuelle Promiskuit\u00e4t handelt, wie sie heutzutage h\u00e4ufig vorkommt, k\u00f6nnen spirituelle Mentoren ihnen dabei helfen, indem sie eine neue Verbindung anleiten.<\/p>\n\n\n\n<p class=\"has-black-color has-text-color has-link-color has-small-font-size wp-elements-24645ecec5d3350627de903467928a20\">&nbsp;<strong>Wenn eine Reihe von Fehlern auftritt, wird es dann immer neue Pl\u00e4ne geben?<\/strong><\/p>\n\n\n\n<p class=\"has-black-color has-text-color has-link-color has-small-font-size wp-elements-393f1ba1cd53524b60abd89110d507e6\">Mentoren versuchen, uns zu helfen, indem sie uns Wege aufzeigen, aber sie machen sich nie mit unseren Fehlern gemein. Die Abfolge von Zusammenschl\u00fcssen deutet auf die Unf\u00e4higkeit hin, Kompromisse zu schlie\u00dfen und miteinander zu leben. In solchen F\u00e4llen ist es nur nat\u00fcrlich, dass sie zur Seite treten und ihren Schutzschild abnehmen, damit der Sch\u00fcler aus seinen eigenen Fehlern lernen kann.<\/p>\n\n\n\n<p class=\"has-black-color has-text-color has-link-color has-small-font-size wp-elements-3056abd94ea3dda2214a238289f5ec0d\"><strong>Das Ideal w\u00e4re also, den Ehepartner zu \u201eertragen\u201c, um die Unterst\u00fctzung der Spiritualit\u00e4t zu verdienen?<\/strong><\/p>\n\n\n\n<p class=\"has-black-color has-text-color has-link-color has-small-font-size wp-elements-93e561adf4d6151613980a13ddd47d9e\">Dies ist vielleicht das gr\u00f6\u00dfte Missverst\u00e4ndnis. Man \u201eertr\u00e4gt\u201c seinen Ehepartner aus Liebe zu den Kindern oder aus Respekt vor der Religion und vergisst dabei, dass man zusammen ist, um zu harmonisieren und zu lernen, als Br\u00fcder und Schwestern zusammenzuleben. Dies setzt voraus, dass das Pronomen im Verb der ehelichen Handlung ge\u00e4ndert wird: von der ersten Person Singular, ich kann, ich will, ich tue, zur ersten Person Plural: wir k\u00f6nnen, wir wollen, wir tun. Wer den Individualismus in der Ehe kultiviert, verdammt sie zum Scheitern.<\/p>\n\n\n\n<p class=\"has-black-color has-text-color has-link-color has-small-font-size wp-elements-f96ae4d3de7f390a6bc0a18c2a149905\"><strong>W\u00e4re das genug, um in der Ehe gl\u00fccklich zu sein?<\/strong><\/p>\n\n\n\n<p class=\"has-black-color has-text-color has-link-color has-small-font-size wp-elements-db4fcd0fb4699b2965d9277b33da3dc0\">Es gibt noch etwas anderes. Die Menschen warten darauf, dass die Ehe gelingt, um gl\u00fccklich zu sein, ohne zu verstehen, dass sie gl\u00fccklich sein m\u00fcssen, damit die Ehe gelingt. Ein verbittertes Herz, ein unversch\u00e4mter Charakter, ein Hang zur Aggressivit\u00e4t, all diese Dinge schm\u00e4lern die Existenz und machen uns unf\u00e4hig, zusammenzuleben, vor allem in der Ehe.<\/p>\n\n\n\n<p class=\"has-black-color has-text-color has-link-color has-small-font-size wp-elements-a7683fba9c0edba2ac6f1b89b320629f\"><strong>Und wie kann man gl\u00fccklich sein, um eine erfolgreiche Ehe zu f\u00fchren?<\/strong><\/p>\n\n\n\n<p class=\"has-black-color has-text-color has-link-color has-small-font-size wp-elements-1eaaa2b8a54f4fd1f163308b9af260aa\">Wir m\u00fcssen uns immer vor Augen halten, dass das Gl\u00fcck nicht der Befriedigung unserer W\u00fcnsche gegen\u00fcber dem Leben untergeordnet ist, sondern dem Bem\u00fchen, zu verstehen, was es von uns erwartet. Dazu braucht es nicht viel. Es gen\u00fcgt, die grundlegende Lehre Jesu zu beherzigen: den anderen das Gute zu tun, von dem wir w\u00fcnschen, dass sie es uns tun. Das funktioniert wunderbar, wenn es darum geht, die Menschen zu harmonisieren, vor allem in der Familie.<\/p>\n\n\n\n<p class=\"has-black-color has-text-color has-link-color has-small-font-size wp-elements-61a921b50d087c8496a0fdc2553a7bab\">\u00a0<strong>Wir wissen, dass wir in der Spiritualit\u00e4t dazu neigen, mit den Geistern zu leben, die unser Gef\u00fchlsleben gepr\u00e4gt haben, also mit dem Ehepartner, den Eltern und den Kindern. Bei wem bleibt also der Mann, der vier- oder f\u00fcnfmal verheiratet war?<\/strong><\/p>\n\n\n\n<p class=\"has-black-color has-text-color has-link-color has-small-font-size wp-elements-708e7b3fdc3554f34e0cb91e32dc7199\">Bei niemandem. Er wird wahrscheinlich einen reinigenden Zwischenstopp an der Schwelle einlegen, eine Region des Leidens in der geistigen Welt, ein Fegefeuer, in dem er die Gelegenheit hat, \u00fcber seinen Leichtsinn nachzudenken.<\/p>\n<\/div><\/div>","protected":false},"excerpt":{"rendered":"<p>Casamiento \u00bfEl casamiento est\u00e1 planeado en el M\u00e1s All\u00e1? Generalmente la uni\u00f3n matrimonial implica una armonizaci\u00f3n que envuelve tan s\u00f3lo a la pareja, pero tambi\u00e9n los Esp\u00edritus que reencarnar\u00e1n como hijos. Obviamente, es preciso planear. &nbsp;\u00bfLo hacen los propios interesados? Ser\u00eda lo ideal, ya que tendemos a encarar con mayor seriedad los compromisos que asumimos [&hellip;]<\/p>","protected":false},"author":1,"featured_media":4016,"parent":0,"menu_order":0,"comment_status":"closed","ping_status":"closed","template":"","meta":{"_uag_custom_page_level_css":"","site-sidebar-layout":"default","site-content-layout":"","ast-site-content-layout":"default","site-content-style":"default","site-sidebar-style":"default","ast-global-header-display":"","ast-banner-title-visibility":"","ast-main-header-display":"","ast-hfb-above-header-display":"","ast-hfb-below-header-display":"","ast-hfb-mobile-header-display":"","site-post-title":"","ast-breadcrumbs-content":"","ast-featured-img":"","footer-sml-layout":"","theme-transparent-header-meta":"","adv-header-id-meta":"","stick-header-meta":"","header-above-stick-meta":"","header-main-stick-meta":"","header-below-stick-meta":"","astra-migrate-meta-layouts":"set","ast-page-background-enabled":"default","ast-page-background-meta":{"desktop":{"background-color":"var(--ast-global-color-4)","background-image":"","background-repeat":"repeat","background-position":"center center","background-size":"auto","background-attachment":"scroll","background-type":"","background-media":"","overlay-type":"","overlay-color":"","overlay-opacity":"","overlay-gradient":""},"tablet":{"background-color":"","background-image":"","background-repeat":"repeat","background-position":"center center","background-size":"auto","background-attachment":"scroll","background-type":"","background-media":"","overlay-type":"","overlay-color":"","overlay-opacity":"","overlay-gradient":""},"mobile":{"background-color":"","background-image":"","background-repeat":"repeat","background-position":"center center","background-size":"auto","background-attachment":"scroll","background-type":"","background-media":"","overlay-type":"","overlay-color":"","overlay-opacity":"","overlay-gradient":""}},"ast-content-background-meta":{"desktop":{"background-color":"var(--ast-global-color-5)","background-image":"","background-repeat":"repeat","background-position":"center center","background-size":"auto","background-attachment":"scroll","background-type":"","background-media":"","overlay-type":"","overlay-color":"","overlay-opacity":"","overlay-gradient":""},"tablet":{"background-color":"var(--ast-global-color-5)","background-image":"","background-repeat":"repeat","background-position":"center center","background-size":"auto","background-attachment":"scroll","background-type":"","background-media":"","overlay-type":"","overlay-color":"","overlay-opacity":"","overlay-gradient":""},"mobile":{"background-color":"var(--ast-global-color-5)","background-image":"","background-repeat":"repeat","background-position":"center center","background-size":"auto","background-attachment":"scroll","background-type":"","background-media":"","overlay-type":"","overlay-color":"","overlay-opacity":"","overlay-gradient":""}},"footnotes":""},"class_list":["post-4015","page","type-page","status-publish","has-post-thumbnail","hentry"],"yoast_head":"<!-- This site is optimized with the Yoast SEO Premium plugin v24.2 (Yoast SEO v24.6) - https:\/\/yoast.com\/wordpress\/plugins\/seo\/ -->\n<title>Casamiento - Uni\u00f3n Esp\u00edrita<\/title>\n<meta name=\"robots\" content=\"index, follow, max-snippet:-1, max-image-preview:large, max-video-preview:-1\" \/>\n<link rel=\"canonical\" href=\"https:\/\/nuevo-renacer.com\/de\/casamiento\/\" \/>\n<meta property=\"og:locale\" content=\"de_DE\" \/>\n<meta property=\"og:type\" content=\"article\" \/>\n<meta property=\"og:title\" content=\"Casamiento\" \/>\n<meta property=\"og:description\" content=\"Casamiento \u00bfEl casamiento est\u00e1 planeado en el M\u00e1s All\u00e1? Generalmente la uni\u00f3n matrimonial implica una armonizaci\u00f3n que envuelve tan s\u00f3lo a la pareja, pero tambi\u00e9n los Esp\u00edritus que reencarnar\u00e1n como hijos. Obviamente, es preciso planear. &nbsp;\u00bfLo hacen los propios interesados? Ser\u00eda lo ideal, ya que tendemos a encarar con mayor seriedad los compromisos que asumimos [&hellip;]\" \/>\n<meta property=\"og:url\" content=\"https:\/\/nuevo-renacer.com\/de\/casamiento\/\" \/>\n<meta property=\"og:site_name\" content=\"Uni\u00f3n Esp\u00edrita\" \/>\n<meta property=\"article:publisher\" content=\"https:\/\/www.facebook.com\/groups\/3431398063740829\" \/>\n<meta property=\"article:modified_time\" content=\"2024-07-18T10:14:22+00:00\" \/>\n<meta property=\"og:image\" content=\"https:\/\/nuevo-renacer.com\/wp-content\/uploads\/2024\/07\/448154796_7983836344970111_6208603129206741217_n.jpg\" \/>\n\t<meta property=\"og:image:width\" content=\"626\" \/>\n\t<meta property=\"og:image:height\" content=\"626\" \/>\n\t<meta property=\"og:image:type\" content=\"image\/jpeg\" \/>\n<meta name=\"twitter:card\" content=\"summary_large_image\" \/>\n<meta name=\"twitter:label1\" content=\"Gesch\u00e4tzte Lesezeit\" \/>\n\t<meta name=\"twitter:data1\" content=\"3\u00a0Minuten\" \/>\n<script type=\"application\/ld+json\" class=\"yoast-schema-graph\">{\"@context\":\"https:\/\/schema.org\",\"@graph\":[{\"@type\":\"WebPage\",\"@id\":\"https:\/\/nuevo-renacer.com\/casamiento\/\",\"url\":\"https:\/\/nuevo-renacer.com\/casamiento\/\",\"name\":\"Casamiento - Uni\u00f3n Esp\u00edrita\",\"isPartOf\":{\"@id\":\"https:\/\/nuevo-renacer.com\/#website\"},\"primaryImageOfPage\":{\"@id\":\"https:\/\/nuevo-renacer.com\/casamiento\/#primaryimage\"},\"image\":{\"@id\":\"https:\/\/nuevo-renacer.com\/casamiento\/#primaryimage\"},\"thumbnailUrl\":\"https:\/\/nuevo-renacer.com\/wp-content\/uploads\/2024\/07\/448154796_7983836344970111_6208603129206741217_n.jpg\",\"datePublished\":\"2024-07-18T10:10:20+00:00\",\"dateModified\":\"2024-07-18T10:14:22+00:00\",\"breadcrumb\":{\"@id\":\"https:\/\/nuevo-renacer.com\/casamiento\/#breadcrumb\"},\"inLanguage\":\"de\",\"potentialAction\":[{\"@type\":\"ReadAction\",\"target\":[\"https:\/\/nuevo-renacer.com\/casamiento\/\"]}]},{\"@type\":\"ImageObject\",\"inLanguage\":\"de\",\"@id\":\"https:\/\/nuevo-renacer.com\/casamiento\/#primaryimage\",\"url\":\"https:\/\/nuevo-renacer.com\/wp-content\/uploads\/2024\/07\/448154796_7983836344970111_6208603129206741217_n.jpg\",\"contentUrl\":\"https:\/\/nuevo-renacer.com\/wp-content\/uploads\/2024\/07\/448154796_7983836344970111_6208603129206741217_n.jpg\",\"width\":626,\"height\":626},{\"@type\":\"BreadcrumbList\",\"@id\":\"https:\/\/nuevo-renacer.com\/casamiento\/#breadcrumb\",\"itemListElement\":[{\"@type\":\"ListItem\",\"position\":1,\"name\":\"Startseite\",\"item\":\"https:\/\/nuevo-renacer.com\/\"},{\"@type\":\"ListItem\",\"position\":2,\"name\":\"Casamiento\"}]},{\"@type\":\"WebSite\",\"@id\":\"https:\/\/nuevo-renacer.com\/#website\",\"url\":\"https:\/\/nuevo-renacer.com\/\",\"name\":\"Uni\u00f3n Esp\u00edrita\",\"description\":\"Nuevo Renacer\",\"publisher\":{\"@id\":\"https:\/\/nuevo-renacer.com\/#organization\"},\"potentialAction\":[{\"@type\":\"SearchAction\",\"target\":{\"@type\":\"EntryPoint\",\"urlTemplate\":\"https:\/\/nuevo-renacer.com\/?s={search_term_string}\"},\"query-input\":{\"@type\":\"PropertyValueSpecification\",\"valueRequired\":true,\"valueName\":\"search_term_string\"}}],\"inLanguage\":\"de\"},{\"@type\":\"Organization\",\"@id\":\"https:\/\/nuevo-renacer.com\/#organization\",\"name\":\"UFEC\",\"url\":\"https:\/\/nuevo-renacer.com\/\",\"logo\":{\"@type\":\"ImageObject\",\"inLanguage\":\"de\",\"@id\":\"https:\/\/nuevo-renacer.com\/#\/schema\/logo\/image\/\",\"url\":\"https:\/\/nuevo-renacer.com\/wp-content\/uploads\/2024\/05\/cropped-LOGO-TERMINADO1-3-3.png\",\"contentUrl\":\"https:\/\/nuevo-renacer.com\/wp-content\/uploads\/2024\/05\/cropped-LOGO-TERMINADO1-3-3.png\",\"width\":512,\"height\":512,\"caption\":\"UFEC\"},\"image\":{\"@id\":\"https:\/\/nuevo-renacer.com\/#\/schema\/logo\/image\/\"},\"sameAs\":[\"https:\/\/www.facebook.com\/groups\/3431398063740829\"]}]}<\/script>\n<!-- \/ Yoast SEO Premium plugin. -->","yoast_head_json":{"title":"Casamiento - Uni\u00f3n Esp\u00edrita","robots":{"index":"index","follow":"follow","max-snippet":"max-snippet:-1","max-image-preview":"max-image-preview:large","max-video-preview":"max-video-preview:-1"},"canonical":"https:\/\/nuevo-renacer.com\/de\/casamiento\/","og_locale":"de_DE","og_type":"article","og_title":"Casamiento","og_description":"Casamiento \u00bfEl casamiento est\u00e1 planeado en el M\u00e1s All\u00e1? Generalmente la uni\u00f3n matrimonial implica una armonizaci\u00f3n que envuelve tan s\u00f3lo a la pareja, pero tambi\u00e9n los Esp\u00edritus que reencarnar\u00e1n como hijos. Obviamente, es preciso planear. &nbsp;\u00bfLo hacen los propios interesados? Ser\u00eda lo ideal, ya que tendemos a encarar con mayor seriedad los compromisos que asumimos [&hellip;]","og_url":"https:\/\/nuevo-renacer.com\/de\/casamiento\/","og_site_name":"Uni\u00f3n Esp\u00edrita","article_publisher":"https:\/\/www.facebook.com\/groups\/3431398063740829","article_modified_time":"2024-07-18T10:14:22+00:00","og_image":[{"width":626,"height":626,"url":"https:\/\/nuevo-renacer.com\/wp-content\/uploads\/2024\/07\/448154796_7983836344970111_6208603129206741217_n.jpg","type":"image\/jpeg"}],"twitter_card":"summary_large_image","twitter_misc":{"Gesch\u00e4tzte Lesezeit":"3\u00a0Minuten"},"schema":{"@context":"https:\/\/schema.org","@graph":[{"@type":"WebPage","@id":"https:\/\/nuevo-renacer.com\/casamiento\/","url":"https:\/\/nuevo-renacer.com\/casamiento\/","name":"Casamiento - Uni\u00f3n Esp\u00edrita","isPartOf":{"@id":"https:\/\/nuevo-renacer.com\/#website"},"primaryImageOfPage":{"@id":"https:\/\/nuevo-renacer.com\/casamiento\/#primaryimage"},"image":{"@id":"https:\/\/nuevo-renacer.com\/casamiento\/#primaryimage"},"thumbnailUrl":"https:\/\/nuevo-renacer.com\/wp-content\/uploads\/2024\/07\/448154796_7983836344970111_6208603129206741217_n.jpg","datePublished":"2024-07-18T10:10:20+00:00","dateModified":"2024-07-18T10:14:22+00:00","breadcrumb":{"@id":"https:\/\/nuevo-renacer.com\/casamiento\/#breadcrumb"},"inLanguage":"de","potentialAction":[{"@type":"ReadAction","target":["https:\/\/nuevo-renacer.com\/casamiento\/"]}]},{"@type":"ImageObject","inLanguage":"de","@id":"https:\/\/nuevo-renacer.com\/casamiento\/#primaryimage","url":"https:\/\/nuevo-renacer.com\/wp-content\/uploads\/2024\/07\/448154796_7983836344970111_6208603129206741217_n.jpg","contentUrl":"https:\/\/nuevo-renacer.com\/wp-content\/uploads\/2024\/07\/448154796_7983836344970111_6208603129206741217_n.jpg","width":626,"height":626},{"@type":"BreadcrumbList","@id":"https:\/\/nuevo-renacer.com\/casamiento\/#breadcrumb","itemListElement":[{"@type":"ListItem","position":1,"name":"Startseite","item":"https:\/\/nuevo-renacer.com\/"},{"@type":"ListItem","position":2,"name":"Casamiento"}]},{"@type":"WebSite","@id":"https:\/\/nuevo-renacer.com\/#website","url":"https:\/\/nuevo-renacer.com\/","name":"Uni\u00f3n Esp\u00edrita","description":"Nuevo Renacer","publisher":{"@id":"https:\/\/nuevo-renacer.com\/#organization"},"potentialAction":[{"@type":"SearchAction","target":{"@type":"EntryPoint","urlTemplate":"https:\/\/nuevo-renacer.com\/?s={search_term_string}"},"query-input":{"@type":"PropertyValueSpecification","valueRequired":true,"valueName":"search_term_string"}}],"inLanguage":"de"},{"@type":"Organization","@id":"https:\/\/nuevo-renacer.com\/#organization","name":"UFEC","url":"https:\/\/nuevo-renacer.com\/","logo":{"@type":"ImageObject","inLanguage":"de","@id":"https:\/\/nuevo-renacer.com\/#\/schema\/logo\/image\/","url":"https:\/\/nuevo-renacer.com\/wp-content\/uploads\/2024\/05\/cropped-LOGO-TERMINADO1-3-3.png","contentUrl":"https:\/\/nuevo-renacer.com\/wp-content\/uploads\/2024\/05\/cropped-LOGO-TERMINADO1-3-3.png","width":512,"height":512,"caption":"UFEC"},"image":{"@id":"https:\/\/nuevo-renacer.com\/#\/schema\/logo\/image\/"},"sameAs":["https:\/\/www.facebook.com\/groups\/3431398063740829"]}]}},"uagb_featured_image_src":{"full":["https:\/\/nuevo-renacer.com\/wp-content\/uploads\/2024\/07\/448154796_7983836344970111_6208603129206741217_n.jpg",626,626,false],"thumbnail":["https:\/\/nuevo-renacer.com\/wp-content\/uploads\/2024\/07\/448154796_7983836344970111_6208603129206741217_n-150x150.jpg",150,150,true],"medium":["https:\/\/nuevo-renacer.com\/wp-content\/uploads\/2024\/07\/448154796_7983836344970111_6208603129206741217_n-300x300.jpg",300,300,true],"medium_large":["https:\/\/nuevo-renacer.com\/wp-content\/uploads\/2024\/07\/448154796_7983836344970111_6208603129206741217_n.jpg",626,626,false],"large":["https:\/\/nuevo-renacer.com\/wp-content\/uploads\/2024\/07\/448154796_7983836344970111_6208603129206741217_n.jpg",626,626,false],"1536x1536":["https:\/\/nuevo-renacer.com\/wp-content\/uploads\/2024\/07\/448154796_7983836344970111_6208603129206741217_n.jpg",626,626,false],"2048x2048":["https:\/\/nuevo-renacer.com\/wp-content\/uploads\/2024\/07\/448154796_7983836344970111_6208603129206741217_n.jpg",626,626,false],"trp-custom-language-flag":["https:\/\/nuevo-renacer.com\/wp-content\/uploads\/2024\/07\/448154796_7983836344970111_6208603129206741217_n-12x12.jpg",12,12,true]},"uagb_author_info":{"display_name":"adbv0","author_link":"https:\/\/nuevo-renacer.com\/de\/author\/adbv0\/"},"uagb_comment_info":0,"uagb_excerpt":"Casamiento \u00bfEl casamiento est\u00e1 planeado en el M\u00e1s All\u00e1? Generalmente la uni\u00f3n matrimonial implica una armonizaci\u00f3n que envuelve tan s\u00f3lo a la pareja, pero tambi\u00e9n los Esp\u00edritus que reencarnar\u00e1n como hijos. Obviamente, es preciso planear. &nbsp;\u00bfLo hacen los propios interesados? Ser\u00eda lo ideal, ya que tendemos a encarar con mayor seriedad los compromisos que asumimos&hellip;","jetpack_sharing_enabled":true,"_links":{"self":[{"href":"https:\/\/nuevo-renacer.com\/de\/wp-json\/wp\/v2\/pages\/4015","targetHints":{"allow":["GET"]}}],"collection":[{"href":"https:\/\/nuevo-renacer.com\/de\/wp-json\/wp\/v2\/pages"}],"about":[{"href":"https:\/\/nuevo-renacer.com\/de\/wp-json\/wp\/v2\/types\/page"}],"author":[{"embeddable":true,"href":"https:\/\/nuevo-renacer.com\/de\/wp-json\/wp\/v2\/users\/1"}],"replies":[{"embeddable":true,"href":"https:\/\/nuevo-renacer.com\/de\/wp-json\/wp\/v2\/comments?post=4015"}],"version-history":[{"count":2,"href":"https:\/\/nuevo-renacer.com\/de\/wp-json\/wp\/v2\/pages\/4015\/revisions"}],"predecessor-version":[{"id":4018,"href":"https:\/\/nuevo-renacer.com\/de\/wp-json\/wp\/v2\/pages\/4015\/revisions\/4018"}],"wp:featuredmedia":[{"embeddable":true,"href":"https:\/\/nuevo-renacer.com\/de\/wp-json\/wp\/v2\/media\/4016"}],"wp:attachment":[{"href":"https:\/\/nuevo-renacer.com\/de\/wp-json\/wp\/v2\/media?parent=4015"}],"curies":[{"name":"wp","href":"https:\/\/api.w.org\/{rel}","templated":true}]}}