{"id":4003,"date":"2024-07-18T07:26:09","date_gmt":"2024-07-18T07:26:09","guid":{"rendered":"https:\/\/ufec-mundial.com\/?page_id=4003"},"modified":"2024-07-18T07:29:24","modified_gmt":"2024-07-18T07:29:24","slug":"los-muertos-son-los-invisibles-pero-no-los-ausentes","status":"publish","type":"page","link":"https:\/\/nuevo-renacer.com\/de\/los-muertos-son-los-invisibles-pero-no-los-ausentes\/","title":{"rendered":"Die Toten sind die Unsichtbaren, aber nicht die Abwesenden"},"content":{"rendered":"<div class=\"wp-block-uagb-container uagb-block-509c5750 alignfull uagb-is-root-container\"><div class=\"uagb-container-inner-blocks-wrap\">\n<p class=\"has-black-color has-text-color has-link-color has-medium-font-size wp-elements-fdfe249e89a36fcbcb0ff11f86ba6800\"><strong>Die Toten sind die Unsichtbaren, aber nicht die Abwesenden<\/strong><\/p>\n<\/div><\/div>\n\n\n\n<div class=\"wp-block-uagb-container uagb-block-af6aa265 alignfull uagb-is-root-container\"><div class=\"uagb-container-inner-blocks-wrap\">\n<figure class=\"wp-block-image size-full\"><img fetchpriority=\"high\" decoding=\"async\" width=\"410\" height=\"410\" src=\"https:\/\/ufec-mundial.com\/wp-content\/uploads\/2024\/07\/440889529_7788030851217329_6529675823081718258_n.jpg\" alt=\"\" class=\"wp-image-4007\" srcset=\"https:\/\/nuevo-renacer.com\/wp-content\/uploads\/2024\/07\/440889529_7788030851217329_6529675823081718258_n.jpg 410w, https:\/\/nuevo-renacer.com\/wp-content\/uploads\/2024\/07\/440889529_7788030851217329_6529675823081718258_n-150x150.jpg 150w, https:\/\/nuevo-renacer.com\/wp-content\/uploads\/2024\/07\/440889529_7788030851217329_6529675823081718258_n-300x300.jpg 300w, https:\/\/nuevo-renacer.com\/wp-content\/uploads\/2024\/07\/440889529_7788030851217329_6529675823081718258_n-12x12.jpg 12w\" sizes=\"(max-width: 410px) 100vw, 410px\" \/><\/figure>\n<\/div><\/div>\n\n\n\n<div class=\"wp-block-uagb-container uagb-block-539f0cda alignfull uagb-is-root-container\"><div class=\"uagb-container-inner-blocks-wrap\">\n<p class=\"has-black-color has-text-color has-link-color has-small-font-size wp-elements-aa6f7f9b00bf73fcf2ad2204a9a47a57\">In der Tat. Aber da Sie vielleicht eine andere Vorstellung oder einen falschen Gedanken haben, laden wir Sie ein, \u00fcber Folgendes nachzudenken: Wenn Sie an die Existenz Gottes glauben, des Sch\u00f6pfers von allem, was existiert, und der Quelle der Weisheit, der G\u00fcte und der Gerechtigkeit, warum betrachten Sie dann diesen nat\u00fcrlichen Prozess des Lebens, der \u201ef\u00e4lschlicherweise Tod\u201c genannt wird, als einen Schaden f\u00fcr den, der geht, und als einen nicht wieder gutzumachenden Verlust f\u00fcr die, die bleiben? Liegt es vielleicht daran, dass Sie eine dunklere Vorstellung von dem haben, was er wirklich ist, und keine wahre Kenntnis seiner geistigen Projektion haben? Stellen Sie sich einen Moment lang vor, der Mensch sei wie ein Auto, das ebenfalls aus zwei Teilen besteht: einem wesentlichen, dem Motor, der dem Geist entspricht, und einem zweiten, dem K\u00f6rper, der dem physischen K\u00f6rper entspricht.<\/p>\n\n\n\n<p class=\"has-black-color has-text-color has-link-color has-small-font-size wp-elements-c548229e436f7aa86e367729cc646816\">Der Geist besteht aus g\u00f6ttlicher Natur und ist \u201eUNSTERBLICH\u201c. Aus ihm sch\u00f6pfen wir die kleinen oder gro\u00dfen geistigen Werte (je nach dem erreichten Evolutionsgrad) in \u201ekontinuierlicher Erfahrung\u201c und \u201ezunehmendem Fortschritt\u201c, wie z.B.: Gef\u00fchle, Intelligenz, Wille, Vernunft, Solidarit\u00e4t. Der sekund\u00e4re Teil, obwohl unverzichtbar, entspricht dem physischen K\u00f6rper und ist das Werkzeug oder Instrument im Dienste des Geistes. Im Gegensatz zu diesem ist der K\u00f6rper sterblich, d.h. er hat wie alles andere, was aus materiellen Stoffen besteht, eine bestimmte Existenzdauer. Er stellt auch die \u201eKraft\u201c dar, die das Erbe des Irrationalen ist und die sich manche Menschen dennoch zu eigen machen, um ihre Probleme zu l\u00f6sen, indem sie sich unbewusst auf die Ebene des Irrationalen begeben.<\/p>\n\n\n\n<p class=\"has-black-color has-text-color has-link-color has-small-font-size wp-elements-6bd1511dd051bf8fc472a24154ca5bff\">Unser Planet ist der Aufenthaltsort \u201eohne Grenzen und ohne Unterscheidung von Rasse, Hautfarbe oder Nationalit\u00e4t\u201c, der uns alle vor\u00fcbergehend beherbergt, obwohl wir viele Male, in verschiedenen Reinkarnationen und verschiedenen Epochen der Menschheitsgeschichte auf diese Welt kommen. Mit welchem Ziel? Um zu \u201elernen\u201c, um \u201eErfahrungen zu sammeln\u201c, um uns zu vervollkommnen und so weiterzuentwickeln. Die Summe der Ergebnisse, d.h. das Positive im Sinne der Solidarit\u00e4t und der Verbesserung unserer Moral, unseres Wesens. Unsere Pers\u00f6nlichkeit wird uns darauf vorbereiten, uns in Richtung anderer Welten oder Ebenen gl\u00fccklicherer Existenzen zu bewegen, die von einigen Menschen noch nicht verstanden werden.<\/p>\n\n\n\n<p class=\"has-black-color has-text-color has-link-color has-small-font-size wp-elements-d79894c3643620e085a61205cd9f40c7\">Andererseits wird die Summe des Negativen in unmoralischen Taten und Handlungen, auch wenn sie nicht r\u00fcckl\u00e4ufig sind, auch wenn sie stagnieren, ihm die Erfahrung und die Lehre hinterlassen, aber um diese \u201emoralischen Flecken\u201c, die er durch Unwissenheit in seinem Geist eingraviert hat, zu tilgen, muss er sie vielleicht durch den \u201eSchmelztiegel des Schmerzes\u201c gehen, \u00e4hnlich wie der Chirurg, wenn er einen b\u00f6sartigen Tumor entfernen muss. Ein Beispiel. Dieser Tumor ist das schmerzhafte und belastende Schicksal, blind, taub, stumm, invalide geboren zu sein, unheilbare Krankheiten, Unf\u00e4lle usw.<\/p>\n\n\n\n<p class=\"has-black-color has-text-color has-link-color has-small-font-size wp-elements-40e773c6f5b5155d986748a2a01e9f14\">Der im K\u00f6rper eingeschlossene Geist ist wie ein Gefangener in seiner Zelle, und das Fenster der Zelle ist wie die f\u00fcnf Sinne des K\u00f6rpers, durch die der Geist mit der Au\u00dfenwelt kommuniziert. Wenn die Zeit kommt, dass der K\u00f6rper \u201egeht\u201c oder \u201estirbt\u201c, l\u00f6st sich der K\u00f6rper auf, weil er aus materiellen Substanzen besteht, und der Geist gewinnt seine Freiheit zur\u00fcck. Der Vorgang, der sich in diesem Moment vollzieht, ist der Verwandlung sehr \u00e4hnlich, die sich vollzieht, wenn der Wurm, das Synonym f\u00fcr den K\u00f6rper, stirbt und sein inneres Wesen, der Geist, sich in einen Schmetterling verwandelt und aus seiner Zelle fliegt.<\/p>\n\n\n\n<p class=\"has-black-color has-text-color has-link-color has-small-font-size wp-elements-6464372251b570317d4c939af853d74d\">Der Geist kommt aus der \u201eGeistigen Welt\u201c und wird in unserer \u201eMateriellen Welt\u201c geboren. Nachdem er seine Existenz hier beendet hat, kehrt er in die \u201eGeistige Welt\u201c zur\u00fcck.<\/p>\n<\/div><\/div>","protected":false},"excerpt":{"rendered":"<p>Los muertos son los invisibles, pero no los ausentes En efecto. Pero como quiz\u00e1s Ud. Tenga una idea diferente o un pensamiento equivocado, lo invitamos a reflexionar sobre lo siguiente: Si Ud. Cree en la existencia de Dios Creador de todo lo que existe y fuente de sabidur\u00eda, de bondad y de justicia \u00bfporqu\u00e9 mira [&hellip;]<\/p>","protected":false},"author":1,"featured_media":4007,"parent":0,"menu_order":0,"comment_status":"closed","ping_status":"closed","template":"","meta":{"_uag_custom_page_level_css":"","site-sidebar-layout":"default","site-content-layout":"","ast-site-content-layout":"default","site-content-style":"default","site-sidebar-style":"default","ast-global-header-display":"","ast-banner-title-visibility":"","ast-main-header-display":"","ast-hfb-above-header-display":"","ast-hfb-below-header-display":"","ast-hfb-mobile-header-display":"","site-post-title":"","ast-breadcrumbs-content":"","ast-featured-img":"","footer-sml-layout":"","theme-transparent-header-meta":"","adv-header-id-meta":"","stick-header-meta":"","header-above-stick-meta":"","header-main-stick-meta":"","header-below-stick-meta":"","astra-migrate-meta-layouts":"set","ast-page-background-enabled":"default","ast-page-background-meta":{"desktop":{"background-color":"var(--ast-global-color-4)","background-image":"","background-repeat":"repeat","background-position":"center center","background-size":"auto","background-attachment":"scroll","background-type":"","background-media":"","overlay-type":"","overlay-color":"","overlay-opacity":"","overlay-gradient":""},"tablet":{"background-color":"","background-image":"","background-repeat":"repeat","background-position":"center center","background-size":"auto","background-attachment":"scroll","background-type":"","background-media":"","overlay-type":"","overlay-color":"","overlay-opacity":"","overlay-gradient":""},"mobile":{"background-color":"","background-image":"","background-repeat":"repeat","background-position":"center center","background-size":"auto","background-attachment":"scroll","background-type":"","background-media":"","overlay-type":"","overlay-color":"","overlay-opacity":"","overlay-gradient":""}},"ast-content-background-meta":{"desktop":{"background-color":"var(--ast-global-color-5)","background-image":"","background-repeat":"repeat","background-position":"center center","background-size":"auto","background-attachment":"scroll","background-type":"","background-media":"","overlay-type":"","overlay-color":"","overlay-opacity":"","overlay-gradient":""},"tablet":{"background-color":"var(--ast-global-color-5)","background-image":"","background-repeat":"repeat","background-position":"center center","background-size":"auto","background-attachment":"scroll","background-type":"","background-media":"","overlay-type":"","overlay-color":"","overlay-opacity":"","overlay-gradient":""},"mobile":{"background-color":"var(--ast-global-color-5)","background-image":"","background-repeat":"repeat","background-position":"center center","background-size":"auto","background-attachment":"scroll","background-type":"","background-media":"","overlay-type":"","overlay-color":"","overlay-opacity":"","overlay-gradient":""}},"footnotes":""},"class_list":["post-4003","page","type-page","status-publish","has-post-thumbnail","hentry"],"yoast_head":"<!-- This site is optimized with the Yoast SEO Premium plugin v24.2 (Yoast SEO v24.6) - https:\/\/yoast.com\/wordpress\/plugins\/seo\/ -->\n<title>Los muertos son los invisibles, pero no los ausentes - Uni\u00f3n Esp\u00edrita<\/title>\n<meta name=\"robots\" content=\"index, follow, max-snippet:-1, max-image-preview:large, max-video-preview:-1\" \/>\n<link rel=\"canonical\" href=\"https:\/\/nuevo-renacer.com\/de\/los-muertos-son-los-invisibles-pero-no-los-ausentes\/\" \/>\n<meta property=\"og:locale\" content=\"de_DE\" \/>\n<meta property=\"og:type\" content=\"article\" \/>\n<meta property=\"og:title\" content=\"Los muertos son los invisibles, pero no los ausentes\" \/>\n<meta property=\"og:description\" content=\"Los muertos son los invisibles, pero no los ausentes En efecto. Pero como quiz\u00e1s Ud. Tenga una idea diferente o un pensamiento equivocado, lo invitamos a reflexionar sobre lo siguiente: Si Ud. Cree en la existencia de Dios Creador de todo lo que existe y fuente de sabidur\u00eda, de bondad y de justicia \u00bfporqu\u00e9 mira [&hellip;]\" \/>\n<meta property=\"og:url\" content=\"https:\/\/nuevo-renacer.com\/de\/los-muertos-son-los-invisibles-pero-no-los-ausentes\/\" \/>\n<meta property=\"og:site_name\" content=\"Uni\u00f3n Esp\u00edrita\" \/>\n<meta property=\"article:publisher\" content=\"https:\/\/www.facebook.com\/groups\/3431398063740829\" \/>\n<meta property=\"article:modified_time\" content=\"2024-07-18T07:29:24+00:00\" \/>\n<meta property=\"og:image\" content=\"https:\/\/nuevo-renacer.com\/wp-content\/uploads\/2024\/07\/440889529_7788030851217329_6529675823081718258_n.jpg\" \/>\n\t<meta property=\"og:image:width\" content=\"410\" \/>\n\t<meta property=\"og:image:height\" content=\"410\" \/>\n\t<meta property=\"og:image:type\" content=\"image\/jpeg\" \/>\n<meta name=\"twitter:card\" content=\"summary_large_image\" \/>\n<meta name=\"twitter:label1\" content=\"Gesch\u00e4tzte Lesezeit\" \/>\n\t<meta name=\"twitter:data1\" content=\"3\u00a0Minuten\" \/>\n<script type=\"application\/ld+json\" class=\"yoast-schema-graph\">{\"@context\":\"https:\/\/schema.org\",\"@graph\":[{\"@type\":\"WebPage\",\"@id\":\"https:\/\/nuevo-renacer.com\/los-muertos-son-los-invisibles-pero-no-los-ausentes\/\",\"url\":\"https:\/\/nuevo-renacer.com\/los-muertos-son-los-invisibles-pero-no-los-ausentes\/\",\"name\":\"Los muertos son los invisibles, pero no los ausentes - Uni\u00f3n Esp\u00edrita\",\"isPartOf\":{\"@id\":\"https:\/\/nuevo-renacer.com\/#website\"},\"primaryImageOfPage\":{\"@id\":\"https:\/\/nuevo-renacer.com\/los-muertos-son-los-invisibles-pero-no-los-ausentes\/#primaryimage\"},\"image\":{\"@id\":\"https:\/\/nuevo-renacer.com\/los-muertos-son-los-invisibles-pero-no-los-ausentes\/#primaryimage\"},\"thumbnailUrl\":\"https:\/\/nuevo-renacer.com\/wp-content\/uploads\/2024\/07\/440889529_7788030851217329_6529675823081718258_n.jpg\",\"datePublished\":\"2024-07-18T07:26:09+00:00\",\"dateModified\":\"2024-07-18T07:29:24+00:00\",\"breadcrumb\":{\"@id\":\"https:\/\/nuevo-renacer.com\/los-muertos-son-los-invisibles-pero-no-los-ausentes\/#breadcrumb\"},\"inLanguage\":\"de\",\"potentialAction\":[{\"@type\":\"ReadAction\",\"target\":[\"https:\/\/nuevo-renacer.com\/los-muertos-son-los-invisibles-pero-no-los-ausentes\/\"]}]},{\"@type\":\"ImageObject\",\"inLanguage\":\"de\",\"@id\":\"https:\/\/nuevo-renacer.com\/los-muertos-son-los-invisibles-pero-no-los-ausentes\/#primaryimage\",\"url\":\"https:\/\/nuevo-renacer.com\/wp-content\/uploads\/2024\/07\/440889529_7788030851217329_6529675823081718258_n.jpg\",\"contentUrl\":\"https:\/\/nuevo-renacer.com\/wp-content\/uploads\/2024\/07\/440889529_7788030851217329_6529675823081718258_n.jpg\",\"width\":410,\"height\":410},{\"@type\":\"BreadcrumbList\",\"@id\":\"https:\/\/nuevo-renacer.com\/los-muertos-son-los-invisibles-pero-no-los-ausentes\/#breadcrumb\",\"itemListElement\":[{\"@type\":\"ListItem\",\"position\":1,\"name\":\"Startseite\",\"item\":\"https:\/\/nuevo-renacer.com\/\"},{\"@type\":\"ListItem\",\"position\":2,\"name\":\"Los muertos son los invisibles, pero no los ausentes\"}]},{\"@type\":\"WebSite\",\"@id\":\"https:\/\/nuevo-renacer.com\/#website\",\"url\":\"https:\/\/nuevo-renacer.com\/\",\"name\":\"Uni\u00f3n Esp\u00edrita\",\"description\":\"Nuevo Renacer\",\"publisher\":{\"@id\":\"https:\/\/nuevo-renacer.com\/#organization\"},\"potentialAction\":[{\"@type\":\"SearchAction\",\"target\":{\"@type\":\"EntryPoint\",\"urlTemplate\":\"https:\/\/nuevo-renacer.com\/?s={search_term_string}\"},\"query-input\":{\"@type\":\"PropertyValueSpecification\",\"valueRequired\":true,\"valueName\":\"search_term_string\"}}],\"inLanguage\":\"de\"},{\"@type\":\"Organization\",\"@id\":\"https:\/\/nuevo-renacer.com\/#organization\",\"name\":\"UFEC\",\"url\":\"https:\/\/nuevo-renacer.com\/\",\"logo\":{\"@type\":\"ImageObject\",\"inLanguage\":\"de\",\"@id\":\"https:\/\/nuevo-renacer.com\/#\/schema\/logo\/image\/\",\"url\":\"https:\/\/nuevo-renacer.com\/wp-content\/uploads\/2024\/05\/cropped-LOGO-TERMINADO1-3-3.png\",\"contentUrl\":\"https:\/\/nuevo-renacer.com\/wp-content\/uploads\/2024\/05\/cropped-LOGO-TERMINADO1-3-3.png\",\"width\":512,\"height\":512,\"caption\":\"UFEC\"},\"image\":{\"@id\":\"https:\/\/nuevo-renacer.com\/#\/schema\/logo\/image\/\"},\"sameAs\":[\"https:\/\/www.facebook.com\/groups\/3431398063740829\"]}]}<\/script>\n<!-- \/ Yoast SEO Premium plugin. -->","yoast_head_json":{"title":"Los muertos son los invisibles, pero no los ausentes - Uni\u00f3n Esp\u00edrita","robots":{"index":"index","follow":"follow","max-snippet":"max-snippet:-1","max-image-preview":"max-image-preview:large","max-video-preview":"max-video-preview:-1"},"canonical":"https:\/\/nuevo-renacer.com\/de\/los-muertos-son-los-invisibles-pero-no-los-ausentes\/","og_locale":"de_DE","og_type":"article","og_title":"Los muertos son los invisibles, pero no los ausentes","og_description":"Los muertos son los invisibles, pero no los ausentes En efecto. Pero como quiz\u00e1s Ud. Tenga una idea diferente o un pensamiento equivocado, lo invitamos a reflexionar sobre lo siguiente: Si Ud. Cree en la existencia de Dios Creador de todo lo que existe y fuente de sabidur\u00eda, de bondad y de justicia \u00bfporqu\u00e9 mira [&hellip;]","og_url":"https:\/\/nuevo-renacer.com\/de\/los-muertos-son-los-invisibles-pero-no-los-ausentes\/","og_site_name":"Uni\u00f3n Esp\u00edrita","article_publisher":"https:\/\/www.facebook.com\/groups\/3431398063740829","article_modified_time":"2024-07-18T07:29:24+00:00","og_image":[{"width":410,"height":410,"url":"https:\/\/nuevo-renacer.com\/wp-content\/uploads\/2024\/07\/440889529_7788030851217329_6529675823081718258_n.jpg","type":"image\/jpeg"}],"twitter_card":"summary_large_image","twitter_misc":{"Gesch\u00e4tzte Lesezeit":"3\u00a0Minuten"},"schema":{"@context":"https:\/\/schema.org","@graph":[{"@type":"WebPage","@id":"https:\/\/nuevo-renacer.com\/los-muertos-son-los-invisibles-pero-no-los-ausentes\/","url":"https:\/\/nuevo-renacer.com\/los-muertos-son-los-invisibles-pero-no-los-ausentes\/","name":"Los muertos son los invisibles, pero no los ausentes - Uni\u00f3n Esp\u00edrita","isPartOf":{"@id":"https:\/\/nuevo-renacer.com\/#website"},"primaryImageOfPage":{"@id":"https:\/\/nuevo-renacer.com\/los-muertos-son-los-invisibles-pero-no-los-ausentes\/#primaryimage"},"image":{"@id":"https:\/\/nuevo-renacer.com\/los-muertos-son-los-invisibles-pero-no-los-ausentes\/#primaryimage"},"thumbnailUrl":"https:\/\/nuevo-renacer.com\/wp-content\/uploads\/2024\/07\/440889529_7788030851217329_6529675823081718258_n.jpg","datePublished":"2024-07-18T07:26:09+00:00","dateModified":"2024-07-18T07:29:24+00:00","breadcrumb":{"@id":"https:\/\/nuevo-renacer.com\/los-muertos-son-los-invisibles-pero-no-los-ausentes\/#breadcrumb"},"inLanguage":"de","potentialAction":[{"@type":"ReadAction","target":["https:\/\/nuevo-renacer.com\/los-muertos-son-los-invisibles-pero-no-los-ausentes\/"]}]},{"@type":"ImageObject","inLanguage":"de","@id":"https:\/\/nuevo-renacer.com\/los-muertos-son-los-invisibles-pero-no-los-ausentes\/#primaryimage","url":"https:\/\/nuevo-renacer.com\/wp-content\/uploads\/2024\/07\/440889529_7788030851217329_6529675823081718258_n.jpg","contentUrl":"https:\/\/nuevo-renacer.com\/wp-content\/uploads\/2024\/07\/440889529_7788030851217329_6529675823081718258_n.jpg","width":410,"height":410},{"@type":"BreadcrumbList","@id":"https:\/\/nuevo-renacer.com\/los-muertos-son-los-invisibles-pero-no-los-ausentes\/#breadcrumb","itemListElement":[{"@type":"ListItem","position":1,"name":"Startseite","item":"https:\/\/nuevo-renacer.com\/"},{"@type":"ListItem","position":2,"name":"Los muertos son los invisibles, pero no los ausentes"}]},{"@type":"WebSite","@id":"https:\/\/nuevo-renacer.com\/#website","url":"https:\/\/nuevo-renacer.com\/","name":"Uni\u00f3n Esp\u00edrita","description":"Nuevo Renacer","publisher":{"@id":"https:\/\/nuevo-renacer.com\/#organization"},"potentialAction":[{"@type":"SearchAction","target":{"@type":"EntryPoint","urlTemplate":"https:\/\/nuevo-renacer.com\/?s={search_term_string}"},"query-input":{"@type":"PropertyValueSpecification","valueRequired":true,"valueName":"search_term_string"}}],"inLanguage":"de"},{"@type":"Organization","@id":"https:\/\/nuevo-renacer.com\/#organization","name":"UFEC","url":"https:\/\/nuevo-renacer.com\/","logo":{"@type":"ImageObject","inLanguage":"de","@id":"https:\/\/nuevo-renacer.com\/#\/schema\/logo\/image\/","url":"https:\/\/nuevo-renacer.com\/wp-content\/uploads\/2024\/05\/cropped-LOGO-TERMINADO1-3-3.png","contentUrl":"https:\/\/nuevo-renacer.com\/wp-content\/uploads\/2024\/05\/cropped-LOGO-TERMINADO1-3-3.png","width":512,"height":512,"caption":"UFEC"},"image":{"@id":"https:\/\/nuevo-renacer.com\/#\/schema\/logo\/image\/"},"sameAs":["https:\/\/www.facebook.com\/groups\/3431398063740829"]}]}},"uagb_featured_image_src":{"full":["https:\/\/nuevo-renacer.com\/wp-content\/uploads\/2024\/07\/440889529_7788030851217329_6529675823081718258_n.jpg",410,410,false],"thumbnail":["https:\/\/nuevo-renacer.com\/wp-content\/uploads\/2024\/07\/440889529_7788030851217329_6529675823081718258_n-150x150.jpg",150,150,true],"medium":["https:\/\/nuevo-renacer.com\/wp-content\/uploads\/2024\/07\/440889529_7788030851217329_6529675823081718258_n-300x300.jpg",300,300,true],"medium_large":["https:\/\/nuevo-renacer.com\/wp-content\/uploads\/2024\/07\/440889529_7788030851217329_6529675823081718258_n.jpg",410,410,false],"large":["https:\/\/nuevo-renacer.com\/wp-content\/uploads\/2024\/07\/440889529_7788030851217329_6529675823081718258_n.jpg",410,410,false],"1536x1536":["https:\/\/nuevo-renacer.com\/wp-content\/uploads\/2024\/07\/440889529_7788030851217329_6529675823081718258_n.jpg",410,410,false],"2048x2048":["https:\/\/nuevo-renacer.com\/wp-content\/uploads\/2024\/07\/440889529_7788030851217329_6529675823081718258_n.jpg",410,410,false],"trp-custom-language-flag":["https:\/\/nuevo-renacer.com\/wp-content\/uploads\/2024\/07\/440889529_7788030851217329_6529675823081718258_n-12x12.jpg",12,12,true]},"uagb_author_info":{"display_name":"adbv0","author_link":"https:\/\/nuevo-renacer.com\/de\/author\/adbv0\/"},"uagb_comment_info":0,"uagb_excerpt":"Los muertos son los invisibles, pero no los ausentes En efecto. Pero como quiz\u00e1s Ud. Tenga una idea diferente o un pensamiento equivocado, lo invitamos a reflexionar sobre lo siguiente: Si Ud. Cree en la existencia de Dios Creador de todo lo que existe y fuente de sabidur\u00eda, de bondad y de justicia \u00bfporqu\u00e9 mira&hellip;","jetpack_sharing_enabled":true,"_links":{"self":[{"href":"https:\/\/nuevo-renacer.com\/de\/wp-json\/wp\/v2\/pages\/4003","targetHints":{"allow":["GET"]}}],"collection":[{"href":"https:\/\/nuevo-renacer.com\/de\/wp-json\/wp\/v2\/pages"}],"about":[{"href":"https:\/\/nuevo-renacer.com\/de\/wp-json\/wp\/v2\/types\/page"}],"author":[{"embeddable":true,"href":"https:\/\/nuevo-renacer.com\/de\/wp-json\/wp\/v2\/users\/1"}],"replies":[{"embeddable":true,"href":"https:\/\/nuevo-renacer.com\/de\/wp-json\/wp\/v2\/comments?post=4003"}],"version-history":[{"count":5,"href":"https:\/\/nuevo-renacer.com\/de\/wp-json\/wp\/v2\/pages\/4003\/revisions"}],"predecessor-version":[{"id":4009,"href":"https:\/\/nuevo-renacer.com\/de\/wp-json\/wp\/v2\/pages\/4003\/revisions\/4009"}],"wp:featuredmedia":[{"embeddable":true,"href":"https:\/\/nuevo-renacer.com\/de\/wp-json\/wp\/v2\/media\/4007"}],"wp:attachment":[{"href":"https:\/\/nuevo-renacer.com\/de\/wp-json\/wp\/v2\/media?parent=4003"}],"curies":[{"name":"wp","href":"https:\/\/api.w.org\/{rel}","templated":true}]}}