{"id":3994,"date":"2024-07-18T06:52:54","date_gmt":"2024-07-18T06:52:54","guid":{"rendered":"https:\/\/ufec-mundial.com\/?page_id=3994"},"modified":"2024-07-18T07:57:59","modified_gmt":"2024-07-18T07:57:59","slug":"libre-albedrio","status":"publish","type":"page","link":"https:\/\/nuevo-renacer.com\/de\/libre-albedrio\/","title":{"rendered":"Freier Wille"},"content":{"rendered":"<div class=\"wp-block-uagb-container uagb-block-35c4ef19 alignfull uagb-is-root-container\"><div class=\"uagb-container-inner-blocks-wrap\">\n<p class=\"has-black-color has-text-color has-link-color has-medium-font-size wp-elements-e59aefe511fc8ad8253bf0c46e4d5cf1\"><strong>Freier Wille<\/strong><\/p>\n<\/div><\/div>\n\n\n\n<div class=\"wp-block-uagb-container uagb-block-a7e8c91f alignfull uagb-is-root-container\"><div class=\"uagb-container-inner-blocks-wrap\">\n<figure class=\"wp-block-image size-full is-resized\"><img fetchpriority=\"high\" decoding=\"async\" width=\"800\" height=\"533\" src=\"https:\/\/ufec-mundial.com\/wp-content\/uploads\/2024\/07\/432507314_7588096671210749_3919689605892319500_n.jpg\" alt=\"\" class=\"wp-image-3995\" style=\"width:458px;height:auto\" srcset=\"https:\/\/nuevo-renacer.com\/wp-content\/uploads\/2024\/07\/432507314_7588096671210749_3919689605892319500_n.jpg 800w, https:\/\/nuevo-renacer.com\/wp-content\/uploads\/2024\/07\/432507314_7588096671210749_3919689605892319500_n-300x200.jpg 300w, https:\/\/nuevo-renacer.com\/wp-content\/uploads\/2024\/07\/432507314_7588096671210749_3919689605892319500_n-768x512.jpg 768w, https:\/\/nuevo-renacer.com\/wp-content\/uploads\/2024\/07\/432507314_7588096671210749_3919689605892319500_n-18x12.jpg 18w\" sizes=\"(max-width: 800px) 100vw, 800px\" \/><\/figure>\n<\/div><\/div>\n\n\n\n<div class=\"wp-block-uagb-container uagb-block-3d51dddc alignfull uagb-is-root-container\"><div class=\"uagb-container-inner-blocks-wrap\">\n<p class=\"has-black-color has-text-color has-link-color has-small-font-size wp-elements-40d2f0be66aa7bd7056a5a6b7d4da4eb\"><strong>Hat der Mensch freien Willen in seinem Tun und Lassen?<\/strong><\/p>\n\n\n\n<p class=\"has-black-color has-text-color has-link-color has-small-font-size wp-elements-288ff4e5d1becada27264f5705c983a7\">\"Da er frei ist in seinem Denken, so ist er auch frei in seinem Handeln. Ohne freien Willen w\u00e4re der Mensch eine Maschine.\"<\/p>\n\n\n\n<p class=\"has-black-color has-text-color has-link-color has-small-font-size wp-elements-27907a812b9e22c739e782a7454fd06c\"><strong>Ist der Mensch von Geburt an im Besitz des freien Willens?<\/strong><\/p>\n\n\n\n<p class=\"has-black-color has-text-color has-link-color has-small-font-size wp-elements-0d239ea82ec8e6470545c992a7213c31\">\"Die Freiheit des Tuns erwacht gleichzeitig mit dem Willen etwas zu tun. In den ersten Lebensjahren ist die Freiheit so ziemlich gleich Null, sie entwickelt sich und wechselt ihren Gegenstand mit den F\u00e4higkeiten. Das Kind das denkt, wie es die Bed\u00fcrfnisse seines Alters mit sich bringen, richtet seinen freien Willen auf die Dinge, die ihm n\u00f6tig sind.\"<\/p>\n\n\n\n<p class=\"has-black-color has-text-color has-link-color has-small-font-size wp-elements-d484506bfe77d0f1e70dc064e65e1037\"><strong>Sind nicht die instinktartigen Neigungen, die der Mensch mit sich auf die Welt bringt, ein Hindernis f\u00fcr die Aus\u00fcbung des freien Willens?<\/strong><\/p>\n\n\n\n<p class=\"has-black-color has-text-color has-link-color has-small-font-size wp-elements-d1eca96f507e8830dbb1439b94b57f7a\">\"Die instinktartigen Neigungen sind diejenigen des Geistes vor seiner Inkarnation. Je nachdem er mehr oder weniger fortgeschritten ist, k\u00f6nnen sie ihn zu tadelnswertem Tun anreizen und er wird hierin von den Geistern unterst\u00fctzt werden, die mit diesen Neigungen sympathisieren; unwiderstehlich ist aber diese Anreizung nicht, wenn man den Willen hat zum Widerstand. Erinnert euch: Wollen hei\u00dft K\u00f6nnen.\"<\/p>\n\n\n\n<p class=\"has-black-color has-text-color has-link-color has-small-font-size wp-elements-749c919631b845b1d70817429cb4996a\"><strong>Hat seine physische Veranlagung keinen Einfluss auf das Tun des Menschen und wenn ja, geschieht dies dann nicht auf Kosten des freien Willens?<\/strong><\/p>\n\n\n\n<p class=\"has-black-color has-text-color has-link-color has-small-font-size wp-elements-a773536fbe720fe32b31b0bb06acd524\">\"Gewiss wird der Geist vom Stoff beeinflusst, der ihn in seinen \u00c4u\u00dferungen behindern kann. Darum entfalten sich auch auf den Welten, wo die Leiber weniger stofflich sind als auf der Erde, die F\u00e4higkeiten mit gr\u00f6\u00dferer Freiheit. Nicht aber das Werkzeug verleiht die F\u00e4higkeit. \u00dcbrigens muss hier zwischen intellektuellen und moralischen F\u00e4higkeiten unterschieden werden: Wenn ein Mensch Neigung zum Mord hat, so ist es gewiss sein eigener Geist, der jene besitzt und sie ihm eingibt, und nicht seine Organe. Wer sein Denken vernichtet, um sich nur mit dem Stoff abzugeben, der wird dem Tier gleich und noch schlimmer, denn er denkt nicht mehr daran, sich gegen das \u00dcbel und das B\u00f6se zu sch\u00fctzen und darin eben liegt sein Fehler, in dem er so nach seinem Willen handelt.\"<\/p>\n\n\n\n<p class=\"has-black-color has-text-color has-link-color has-small-font-size wp-elements-c99719f7b0bc80f941ade6b91869858c\"><strong>Nimmt die Beeintr\u00e4chtigung der F\u00e4higkeiten dem Menschen den freien Willen?<\/strong><\/p>\n\n\n\n<p class=\"has-black-color has-text-color has-link-color has-small-font-size wp-elements-69d97cfc79f03ca3a1ec05358bfa182d\">\"Der, dessen Intelligenz aus irgendeiner Ursache gest\u00f6rt ist, ist nicht mehr Herr seines Denkens und hat von da an keine Freiheit mehr. Diese Beeintr\u00e4chtigung ist oft eine Bestrafung des Geistes, der in einem anderen Dasein eitel und hochm\u00fctig gewesen sein und einen schlechten Gebrauch von seinen F\u00e4higkeiten gemacht haben mag. Er kann in dem Leib eines geistig Behinderten wiedergeboren werden, wie der Despot in dem eines Sklaven und der schlechte Reiche in dem eines Bettlers. Der Geist aber leidet von diesem Zwang, dessen er sich vollkommen bewusst ist: Dies ist die Wirkung des Stoffes.\"<\/p>\n\n\n\n<p class=\"has-black-color has-text-color has-link-color has-small-font-size wp-elements-df0d276b85c614414c25e16f60c03821\"><strong>Entschuldigt die Beeintr\u00e4chtigung der intellektuellen F\u00e4higkeiten durch Trunkenheit die tadelnswerten Taten?<\/strong><\/p>\n\n\n\n<p class=\"has-black-color has-text-color has-link-color has-small-font-size wp-elements-00fb3e0bce02ce44406f45db2de978e5\">\"Nein, denn der Trunkenbold beraubt sich freiwillig seiner Vernunft, um seinen rohen Leidenschaften zu fr\u00f6nen. Statt eines Fehlers begeht er deren zwei.\"<\/p>\n\n\n\n<p class=\"has-black-color has-text-color has-link-color has-small-font-size wp-elements-f20aac39d779dd45b1c4429d832a0488\"><strong>Welche F\u00e4higkeit herrscht beim Menschen im wilden Zustand vor: Der Instinkt oder der freie Wille?<\/strong><\/p>\n\n\n\n<p class=\"has-black-color has-text-color has-link-color has-small-font-size wp-elements-7e55147080baf9bd6e6e70dc32a4c8c8\">\"Der Instinkt, \u2013 was ihn aber nicht hindert, bei gewissen Dingen in v\u00f6lliger Freiheit zu handeln. Aber er wendet, wie das Kind, diese Freiheit auf seine Bed\u00fcrfnisse an und sie entwickelt sich so mit seiner Intelligenz. Folglich bist du, der du aufgekl\u00e4rter bist als ein Wilder, auch verantwortlicher f\u00fcr dein Tun.\"<\/p>\n\n\n\n<p class=\"has-black-color has-text-color has-link-color has-small-font-size wp-elements-a45458c9ba749929687fd7d26124cc69\"><strong>Ist nicht zuweilen die gesellschaftliche Stellung ein Hindernis f\u00fcr die volle Freiheit des Handelns?<\/strong><\/p>\n\n\n\n<p class=\"has-black-color has-text-color has-link-color has-small-font-size wp-elements-36555ef5064cdddc8138bd1e19aaaac2\">\"Die Welt hat ohne Zweifel ihre Anspr\u00fcche. Gott ist gerecht: Er tr\u00e4gt allem Rechnung, euch aber l\u00e4sst er die Verantwortlichkeit f\u00fcr die geringe Anstrengung, die ihr zur \u00dcberwindung der Hindernisse macht.\"<\/p>\n<\/div><\/div>","protected":false},"excerpt":{"rendered":"<p>Libre albedr\u00edo El hombre, \u00bftiene el libre albedr\u00edo de sus actos? \u201cDado que tiene la libertad de pensar, tiene la de obrar. Sin libre albedr\u00edo, el hombre ser\u00eda una m\u00e1quina.\u201d El hombre, \u00bfgoza de libre albedr\u00edo desde el nacimiento? \u201cTiene la libertad de obrar tan pronto como tiene voluntad de hacer. En las primeras etapas [&hellip;]<\/p>","protected":false},"author":1,"featured_media":3995,"parent":0,"menu_order":0,"comment_status":"closed","ping_status":"closed","template":"","meta":{"_uag_custom_page_level_css":"","site-sidebar-layout":"default","site-content-layout":"","ast-site-content-layout":"default","site-content-style":"default","site-sidebar-style":"default","ast-global-header-display":"","ast-banner-title-visibility":"","ast-main-header-display":"","ast-hfb-above-header-display":"","ast-hfb-below-header-display":"","ast-hfb-mobile-header-display":"","site-post-title":"","ast-breadcrumbs-content":"","ast-featured-img":"","footer-sml-layout":"","theme-transparent-header-meta":"","adv-header-id-meta":"","stick-header-meta":"","header-above-stick-meta":"","header-main-stick-meta":"","header-below-stick-meta":"","astra-migrate-meta-layouts":"set","ast-page-background-enabled":"default","ast-page-background-meta":{"desktop":{"background-color":"var(--ast-global-color-4)","background-image":"","background-repeat":"repeat","background-position":"center center","background-size":"auto","background-attachment":"scroll","background-type":"","background-media":"","overlay-type":"","overlay-color":"","overlay-opacity":"","overlay-gradient":""},"tablet":{"background-color":"","background-image":"","background-repeat":"repeat","background-position":"center center","background-size":"auto","background-attachment":"scroll","background-type":"","background-media":"","overlay-type":"","overlay-color":"","overlay-opacity":"","overlay-gradient":""},"mobile":{"background-color":"","background-image":"","background-repeat":"repeat","background-position":"center center","background-size":"auto","background-attachment":"scroll","background-type":"","background-media":"","overlay-type":"","overlay-color":"","overlay-opacity":"","overlay-gradient":""}},"ast-content-background-meta":{"desktop":{"background-color":"var(--ast-global-color-5)","background-image":"","background-repeat":"repeat","background-position":"center center","background-size":"auto","background-attachment":"scroll","background-type":"","background-media":"","overlay-type":"","overlay-color":"","overlay-opacity":"","overlay-gradient":""},"tablet":{"background-color":"var(--ast-global-color-5)","background-image":"","background-repeat":"repeat","background-position":"center center","background-size":"auto","background-attachment":"scroll","background-type":"","background-media":"","overlay-type":"","overlay-color":"","overlay-opacity":"","overlay-gradient":""},"mobile":{"background-color":"var(--ast-global-color-5)","background-image":"","background-repeat":"repeat","background-position":"center center","background-size":"auto","background-attachment":"scroll","background-type":"","background-media":"","overlay-type":"","overlay-color":"","overlay-opacity":"","overlay-gradient":""}},"footnotes":""},"class_list":["post-3994","page","type-page","status-publish","has-post-thumbnail","hentry"],"yoast_head":"<!-- This site is optimized with the Yoast SEO Premium plugin v24.2 (Yoast SEO v24.6) - https:\/\/yoast.com\/wordpress\/plugins\/seo\/ -->\n<title>Libre albedr\u00edo - Uni\u00f3n Esp\u00edrita<\/title>\n<meta name=\"robots\" content=\"index, follow, max-snippet:-1, max-image-preview:large, max-video-preview:-1\" \/>\n<link rel=\"canonical\" href=\"https:\/\/nuevo-renacer.com\/de\/libre-albedrio\/\" \/>\n<meta property=\"og:locale\" content=\"de_DE\" \/>\n<meta property=\"og:type\" content=\"article\" \/>\n<meta property=\"og:title\" content=\"Libre albedr\u00edo\" \/>\n<meta property=\"og:description\" content=\"Libre albedr\u00edo El hombre, \u00bftiene el libre albedr\u00edo de sus actos? \u201cDado que tiene la libertad de pensar, tiene la de obrar. Sin libre albedr\u00edo, el hombre ser\u00eda una m\u00e1quina.\u201d El hombre, \u00bfgoza de libre albedr\u00edo desde el nacimiento? \u201cTiene la libertad de obrar tan pronto como tiene voluntad de hacer. En las primeras etapas [&hellip;]\" \/>\n<meta property=\"og:url\" content=\"https:\/\/nuevo-renacer.com\/de\/libre-albedrio\/\" \/>\n<meta property=\"og:site_name\" content=\"Uni\u00f3n Esp\u00edrita\" \/>\n<meta property=\"article:publisher\" content=\"https:\/\/www.facebook.com\/groups\/3431398063740829\" \/>\n<meta property=\"article:modified_time\" content=\"2024-07-18T07:57:59+00:00\" \/>\n<meta property=\"og:image\" content=\"https:\/\/nuevo-renacer.com\/wp-content\/uploads\/2024\/07\/432507314_7588096671210749_3919689605892319500_n.jpg\" \/>\n\t<meta property=\"og:image:width\" content=\"800\" \/>\n\t<meta property=\"og:image:height\" content=\"533\" \/>\n\t<meta property=\"og:image:type\" content=\"image\/jpeg\" \/>\n<meta name=\"twitter:card\" content=\"summary_large_image\" \/>\n<meta name=\"twitter:label1\" content=\"Gesch\u00e4tzte Lesezeit\" \/>\n\t<meta name=\"twitter:data1\" content=\"3\u00a0Minuten\" \/>\n<script type=\"application\/ld+json\" class=\"yoast-schema-graph\">{\"@context\":\"https:\/\/schema.org\",\"@graph\":[{\"@type\":\"WebPage\",\"@id\":\"https:\/\/nuevo-renacer.com\/libre-albedrio\/\",\"url\":\"https:\/\/nuevo-renacer.com\/libre-albedrio\/\",\"name\":\"Libre albedr\u00edo - Uni\u00f3n Esp\u00edrita\",\"isPartOf\":{\"@id\":\"https:\/\/nuevo-renacer.com\/#website\"},\"primaryImageOfPage\":{\"@id\":\"https:\/\/nuevo-renacer.com\/libre-albedrio\/#primaryimage\"},\"image\":{\"@id\":\"https:\/\/nuevo-renacer.com\/libre-albedrio\/#primaryimage\"},\"thumbnailUrl\":\"https:\/\/nuevo-renacer.com\/wp-content\/uploads\/2024\/07\/432507314_7588096671210749_3919689605892319500_n.jpg\",\"datePublished\":\"2024-07-18T06:52:54+00:00\",\"dateModified\":\"2024-07-18T07:57:59+00:00\",\"breadcrumb\":{\"@id\":\"https:\/\/nuevo-renacer.com\/libre-albedrio\/#breadcrumb\"},\"inLanguage\":\"de\",\"potentialAction\":[{\"@type\":\"ReadAction\",\"target\":[\"https:\/\/nuevo-renacer.com\/libre-albedrio\/\"]}]},{\"@type\":\"ImageObject\",\"inLanguage\":\"de\",\"@id\":\"https:\/\/nuevo-renacer.com\/libre-albedrio\/#primaryimage\",\"url\":\"https:\/\/nuevo-renacer.com\/wp-content\/uploads\/2024\/07\/432507314_7588096671210749_3919689605892319500_n.jpg\",\"contentUrl\":\"https:\/\/nuevo-renacer.com\/wp-content\/uploads\/2024\/07\/432507314_7588096671210749_3919689605892319500_n.jpg\",\"width\":800,\"height\":533},{\"@type\":\"BreadcrumbList\",\"@id\":\"https:\/\/nuevo-renacer.com\/libre-albedrio\/#breadcrumb\",\"itemListElement\":[{\"@type\":\"ListItem\",\"position\":1,\"name\":\"Startseite\",\"item\":\"https:\/\/nuevo-renacer.com\/\"},{\"@type\":\"ListItem\",\"position\":2,\"name\":\"Libre albedr\u00edo\"}]},{\"@type\":\"WebSite\",\"@id\":\"https:\/\/nuevo-renacer.com\/#website\",\"url\":\"https:\/\/nuevo-renacer.com\/\",\"name\":\"Uni\u00f3n Esp\u00edrita\",\"description\":\"Nuevo Renacer\",\"publisher\":{\"@id\":\"https:\/\/nuevo-renacer.com\/#organization\"},\"potentialAction\":[{\"@type\":\"SearchAction\",\"target\":{\"@type\":\"EntryPoint\",\"urlTemplate\":\"https:\/\/nuevo-renacer.com\/?s={search_term_string}\"},\"query-input\":{\"@type\":\"PropertyValueSpecification\",\"valueRequired\":true,\"valueName\":\"search_term_string\"}}],\"inLanguage\":\"de\"},{\"@type\":\"Organization\",\"@id\":\"https:\/\/nuevo-renacer.com\/#organization\",\"name\":\"UFEC\",\"url\":\"https:\/\/nuevo-renacer.com\/\",\"logo\":{\"@type\":\"ImageObject\",\"inLanguage\":\"de\",\"@id\":\"https:\/\/nuevo-renacer.com\/#\/schema\/logo\/image\/\",\"url\":\"https:\/\/nuevo-renacer.com\/wp-content\/uploads\/2024\/05\/cropped-LOGO-TERMINADO1-3-3.png\",\"contentUrl\":\"https:\/\/nuevo-renacer.com\/wp-content\/uploads\/2024\/05\/cropped-LOGO-TERMINADO1-3-3.png\",\"width\":512,\"height\":512,\"caption\":\"UFEC\"},\"image\":{\"@id\":\"https:\/\/nuevo-renacer.com\/#\/schema\/logo\/image\/\"},\"sameAs\":[\"https:\/\/www.facebook.com\/groups\/3431398063740829\"]}]}<\/script>\n<!-- \/ Yoast SEO Premium plugin. -->","yoast_head_json":{"title":"Libre albedr\u00edo - Uni\u00f3n Esp\u00edrita","robots":{"index":"index","follow":"follow","max-snippet":"max-snippet:-1","max-image-preview":"max-image-preview:large","max-video-preview":"max-video-preview:-1"},"canonical":"https:\/\/nuevo-renacer.com\/de\/libre-albedrio\/","og_locale":"de_DE","og_type":"article","og_title":"Libre albedr\u00edo","og_description":"Libre albedr\u00edo El hombre, \u00bftiene el libre albedr\u00edo de sus actos? \u201cDado que tiene la libertad de pensar, tiene la de obrar. Sin libre albedr\u00edo, el hombre ser\u00eda una m\u00e1quina.\u201d El hombre, \u00bfgoza de libre albedr\u00edo desde el nacimiento? \u201cTiene la libertad de obrar tan pronto como tiene voluntad de hacer. En las primeras etapas [&hellip;]","og_url":"https:\/\/nuevo-renacer.com\/de\/libre-albedrio\/","og_site_name":"Uni\u00f3n Esp\u00edrita","article_publisher":"https:\/\/www.facebook.com\/groups\/3431398063740829","article_modified_time":"2024-07-18T07:57:59+00:00","og_image":[{"width":800,"height":533,"url":"https:\/\/nuevo-renacer.com\/wp-content\/uploads\/2024\/07\/432507314_7588096671210749_3919689605892319500_n.jpg","type":"image\/jpeg"}],"twitter_card":"summary_large_image","twitter_misc":{"Gesch\u00e4tzte Lesezeit":"3\u00a0Minuten"},"schema":{"@context":"https:\/\/schema.org","@graph":[{"@type":"WebPage","@id":"https:\/\/nuevo-renacer.com\/libre-albedrio\/","url":"https:\/\/nuevo-renacer.com\/libre-albedrio\/","name":"Libre albedr\u00edo - Uni\u00f3n Esp\u00edrita","isPartOf":{"@id":"https:\/\/nuevo-renacer.com\/#website"},"primaryImageOfPage":{"@id":"https:\/\/nuevo-renacer.com\/libre-albedrio\/#primaryimage"},"image":{"@id":"https:\/\/nuevo-renacer.com\/libre-albedrio\/#primaryimage"},"thumbnailUrl":"https:\/\/nuevo-renacer.com\/wp-content\/uploads\/2024\/07\/432507314_7588096671210749_3919689605892319500_n.jpg","datePublished":"2024-07-18T06:52:54+00:00","dateModified":"2024-07-18T07:57:59+00:00","breadcrumb":{"@id":"https:\/\/nuevo-renacer.com\/libre-albedrio\/#breadcrumb"},"inLanguage":"de","potentialAction":[{"@type":"ReadAction","target":["https:\/\/nuevo-renacer.com\/libre-albedrio\/"]}]},{"@type":"ImageObject","inLanguage":"de","@id":"https:\/\/nuevo-renacer.com\/libre-albedrio\/#primaryimage","url":"https:\/\/nuevo-renacer.com\/wp-content\/uploads\/2024\/07\/432507314_7588096671210749_3919689605892319500_n.jpg","contentUrl":"https:\/\/nuevo-renacer.com\/wp-content\/uploads\/2024\/07\/432507314_7588096671210749_3919689605892319500_n.jpg","width":800,"height":533},{"@type":"BreadcrumbList","@id":"https:\/\/nuevo-renacer.com\/libre-albedrio\/#breadcrumb","itemListElement":[{"@type":"ListItem","position":1,"name":"Startseite","item":"https:\/\/nuevo-renacer.com\/"},{"@type":"ListItem","position":2,"name":"Libre albedr\u00edo"}]},{"@type":"WebSite","@id":"https:\/\/nuevo-renacer.com\/#website","url":"https:\/\/nuevo-renacer.com\/","name":"Uni\u00f3n Esp\u00edrita","description":"Nuevo Renacer","publisher":{"@id":"https:\/\/nuevo-renacer.com\/#organization"},"potentialAction":[{"@type":"SearchAction","target":{"@type":"EntryPoint","urlTemplate":"https:\/\/nuevo-renacer.com\/?s={search_term_string}"},"query-input":{"@type":"PropertyValueSpecification","valueRequired":true,"valueName":"search_term_string"}}],"inLanguage":"de"},{"@type":"Organization","@id":"https:\/\/nuevo-renacer.com\/#organization","name":"UFEC","url":"https:\/\/nuevo-renacer.com\/","logo":{"@type":"ImageObject","inLanguage":"de","@id":"https:\/\/nuevo-renacer.com\/#\/schema\/logo\/image\/","url":"https:\/\/nuevo-renacer.com\/wp-content\/uploads\/2024\/05\/cropped-LOGO-TERMINADO1-3-3.png","contentUrl":"https:\/\/nuevo-renacer.com\/wp-content\/uploads\/2024\/05\/cropped-LOGO-TERMINADO1-3-3.png","width":512,"height":512,"caption":"UFEC"},"image":{"@id":"https:\/\/nuevo-renacer.com\/#\/schema\/logo\/image\/"},"sameAs":["https:\/\/www.facebook.com\/groups\/3431398063740829"]}]}},"uagb_featured_image_src":{"full":["https:\/\/nuevo-renacer.com\/wp-content\/uploads\/2024\/07\/432507314_7588096671210749_3919689605892319500_n.jpg",800,533,false],"thumbnail":["https:\/\/nuevo-renacer.com\/wp-content\/uploads\/2024\/07\/432507314_7588096671210749_3919689605892319500_n-150x150.jpg",150,150,true],"medium":["https:\/\/nuevo-renacer.com\/wp-content\/uploads\/2024\/07\/432507314_7588096671210749_3919689605892319500_n-300x200.jpg",300,200,true],"medium_large":["https:\/\/nuevo-renacer.com\/wp-content\/uploads\/2024\/07\/432507314_7588096671210749_3919689605892319500_n-768x512.jpg",768,512,true],"large":["https:\/\/nuevo-renacer.com\/wp-content\/uploads\/2024\/07\/432507314_7588096671210749_3919689605892319500_n.jpg",800,533,false],"1536x1536":["https:\/\/nuevo-renacer.com\/wp-content\/uploads\/2024\/07\/432507314_7588096671210749_3919689605892319500_n.jpg",800,533,false],"2048x2048":["https:\/\/nuevo-renacer.com\/wp-content\/uploads\/2024\/07\/432507314_7588096671210749_3919689605892319500_n.jpg",800,533,false],"trp-custom-language-flag":["https:\/\/nuevo-renacer.com\/wp-content\/uploads\/2024\/07\/432507314_7588096671210749_3919689605892319500_n-18x12.jpg",18,12,true]},"uagb_author_info":{"display_name":"adbv0","author_link":"https:\/\/nuevo-renacer.com\/de\/author\/adbv0\/"},"uagb_comment_info":0,"uagb_excerpt":"Libre albedr\u00edo El hombre, \u00bftiene el libre albedr\u00edo de sus actos? \u201cDado que tiene la libertad de pensar, tiene la de obrar. Sin libre albedr\u00edo, el hombre ser\u00eda una m\u00e1quina.\u201d El hombre, \u00bfgoza de libre albedr\u00edo desde el nacimiento? \u201cTiene la libertad de obrar tan pronto como tiene voluntad de hacer. En las primeras etapas&hellip;","jetpack_sharing_enabled":true,"_links":{"self":[{"href":"https:\/\/nuevo-renacer.com\/de\/wp-json\/wp\/v2\/pages\/3994","targetHints":{"allow":["GET"]}}],"collection":[{"href":"https:\/\/nuevo-renacer.com\/de\/wp-json\/wp\/v2\/pages"}],"about":[{"href":"https:\/\/nuevo-renacer.com\/de\/wp-json\/wp\/v2\/types\/page"}],"author":[{"embeddable":true,"href":"https:\/\/nuevo-renacer.com\/de\/wp-json\/wp\/v2\/users\/1"}],"replies":[{"embeddable":true,"href":"https:\/\/nuevo-renacer.com\/de\/wp-json\/wp\/v2\/comments?post=3994"}],"version-history":[{"count":2,"href":"https:\/\/nuevo-renacer.com\/de\/wp-json\/wp\/v2\/pages\/3994\/revisions"}],"predecessor-version":[{"id":4013,"href":"https:\/\/nuevo-renacer.com\/de\/wp-json\/wp\/v2\/pages\/3994\/revisions\/4013"}],"wp:featuredmedia":[{"embeddable":true,"href":"https:\/\/nuevo-renacer.com\/de\/wp-json\/wp\/v2\/media\/3995"}],"wp:attachment":[{"href":"https:\/\/nuevo-renacer.com\/de\/wp-json\/wp\/v2\/media?parent=3994"}],"curies":[{"name":"wp","href":"https:\/\/api.w.org\/{rel}","templated":true}]}}