{"id":3988,"date":"2024-07-18T06:28:35","date_gmt":"2024-07-18T06:28:35","guid":{"rendered":"https:\/\/ufec-mundial.com\/?page_id=3988"},"modified":"2025-01-02T12:18:20","modified_gmt":"2025-01-02T12:18:20","slug":"igualidad-ante-la-tumba","status":"publish","type":"page","link":"https:\/\/nuevo-renacer.com\/de\/igualidad-ante-la-tumba\/","title":{"rendered":"Gleichheit vor dem Grab"},"content":{"rendered":"<div class=\"wp-block-uagb-container uagb-block-214adc87 alignfull uagb-is-root-container\"><div class=\"uagb-container-inner-blocks-wrap\">\n<p class=\"has-black-color has-text-color has-link-color has-medium-font-size wp-elements-196759b829a9cbdbe3da7e7395ea37de\"><strong>Gleichheit vor dem Grab<\/strong><\/p>\n<\/div><\/div>\n\n\n\n<div class=\"wp-block-uagb-container uagb-block-94710983 alignfull uagb-is-root-container\"><div class=\"uagb-container-inner-blocks-wrap\">\n<figure class=\"wp-block-image size-large is-resized\"><img fetchpriority=\"high\" decoding=\"async\" width=\"1024\" height=\"584\" src=\"https:\/\/ufec-mundial.com\/wp-content\/uploads\/2024\/07\/437075619_7730897823597299_8182486796800451971_n-1024x584.jpg\" alt=\"\" class=\"wp-image-3990\" style=\"width:396px;height:auto\" srcset=\"https:\/\/nuevo-renacer.com\/wp-content\/uploads\/2024\/07\/437075619_7730897823597299_8182486796800451971_n-1024x584.jpg 1024w, https:\/\/nuevo-renacer.com\/wp-content\/uploads\/2024\/07\/437075619_7730897823597299_8182486796800451971_n-300x171.jpg 300w, https:\/\/nuevo-renacer.com\/wp-content\/uploads\/2024\/07\/437075619_7730897823597299_8182486796800451971_n-768x438.jpg 768w, https:\/\/nuevo-renacer.com\/wp-content\/uploads\/2024\/07\/437075619_7730897823597299_8182486796800451971_n-18x10.jpg 18w, https:\/\/nuevo-renacer.com\/wp-content\/uploads\/2024\/07\/437075619_7730897823597299_8182486796800451971_n.jpg 1280w\" sizes=\"(max-width: 1024px) 100vw, 1024px\" \/><\/figure>\n<\/div><\/div>\n\n\n\n<div class=\"wp-block-uagb-container uagb-block-a129f51c alignfull uagb-is-root-container\"><div class=\"uagb-container-inner-blocks-wrap\">\n<p class=\"has-black-color has-text-color has-link-color has-small-font-size wp-elements-bc28ee6ee47737235face3ac5279d972\"><strong>Woher kommt der Wunsch, sein Ged\u00e4chtnis durch ein Grabmal zu verewigen?<\/strong><\/p>\n\n\n\n<p class=\"has-black-color has-text-color has-link-color has-small-font-size wp-elements-3355f83e5be9f0fd55d90eda4a333ae6\">\u201eEs ist die letzte Tat des Hochmuts.\u201c<\/p>\n\n\n\n<p class=\"has-black-color has-text-color has-link-color has-small-font-size wp-elements-326a2b2de5fb6e4813f5004f3ce50cd3\"><strong>Ist aber die Kostbarkeit der Grabm\u00e4ler nicht oft mehr Sache der Verwandten, die den Verstorbenen ehren wollen, als des Verstorbenen selbst?<\/strong><\/p>\n\n\n\n<p class=\"has-black-color has-text-color has-link-color has-small-font-size wp-elements-18716065b39db58c21cfc7227f416b2a\">\u201eHochmut der Verwandten, die sich selbst verherrlichen m\u00f6chten. 0h!; ja, man macht solche Kundgebungen gar nicht immer um des Toten willen: Aus Eigenliebe geschieht es und um der Welt willen und um mit ihrem Reichtum zu prahlen. Meinst du, das Andenken an ein geliebtes Wesen sei weniger dauerhaft in dem Herzen des Armen, weil er nur eine Blume auf dessen Grab zu legen hat? Meinst du, der Marmor rette denjenigen vor der Vergessenheit, der unn\u00fctz \u00fcber die Erde wandelte?\u201c<\/p>\n\n\n\n<p class=\"has-black-color has-text-color has-link-color has-small-font-size wp-elements-7454ed9866000441658ed96c4ff991d9\"><strong>Tadelt ihr unbedingt den Pomp der Leichenbeg\u00e4ngnisse?<\/strong><\/p>\n\n\n\n<p class=\"has-black-color has-text-color has-link-color has-small-font-size wp-elements-04db2b93f20ee1580ac3c1f8f7c1062a\">\u201eNein, wenn er das Andenken eines rechtschaffenen Mannes ehrt, so ist er gerecht und gibt ein gutes Beispiel.\u201c<\/p>\n\n\n\n<p class=\"has-black-color has-text-color has-link-color has-small-font-size wp-elements-70a90ef8cba79ba0131d6b6fea8720d2\"><em>Das Grab ist das Stelldichein aller Menschen. Hier endigen unbarmherzig alle menschlichen Unterschiede. Vergeblich sucht der Reiche sein Andenken durch pomp\u00f6se Grabm\u00e4ler zu verewigen: die Zeit wird sie zerst\u00f6ren wie den Leib; so will es die Natur. Die Erinnerung an seine guten und b\u00f6sen Handlungen wird weniger verg\u00e4nglich sein, als sein Grab. Die Pracht des Leichenbeg\u00e4ngnisses wird ihn nicht von seinen Sch\u00e4ndlichkeiten reinwaschen und wird ihn um keine Sprosse auf der Stufenleiter der Geister weiterbringen.&nbsp;<\/em><\/p>\n<\/div><\/div>\n\n\n\n<div class=\"wp-block-uagb-container uagb-block-154e182f alignfull uagb-is-root-container\"><div class=\"uagb-container-inner-blocks-wrap\"><\/div><\/div>\n\n\n\n<div class=\"wp-block-uagb-container uagb-block-954e82e0 alignfull uagb-is-root-container\"><div class=\"uagb-container-inner-blocks-wrap\"><\/div><\/div>","protected":false},"excerpt":{"rendered":"<p>Igualidad ante la Tumba \u00bfDe d\u00f3nde procede el deseo de perpetuar su memoria con monumentos f\u00fanebres? \u201e\u00daltimo acto de orgullo\u201c. Pero la suntuosidad de los monumentos f\u00fanebres, \u00bfno se debe con frecuencia m\u00e1s a los parientes, que quieren honrar la memoria del difunto, que al mismo difunto? \u201cOrgullo de los parientes que quieren glorificarse a [&hellip;]<\/p>","protected":false},"author":1,"featured_media":3990,"parent":0,"menu_order":0,"comment_status":"closed","ping_status":"closed","template":"","meta":{"_uag_custom_page_level_css":"","site-sidebar-layout":"default","site-content-layout":"","ast-site-content-layout":"default","site-content-style":"default","site-sidebar-style":"default","ast-global-header-display":"","ast-banner-title-visibility":"","ast-main-header-display":"","ast-hfb-above-header-display":"","ast-hfb-below-header-display":"","ast-hfb-mobile-header-display":"","site-post-title":"","ast-breadcrumbs-content":"","ast-featured-img":"","footer-sml-layout":"","theme-transparent-header-meta":"","adv-header-id-meta":"","stick-header-meta":"","header-above-stick-meta":"","header-main-stick-meta":"","header-below-stick-meta":"","astra-migrate-meta-layouts":"set","ast-page-background-enabled":"default","ast-page-background-meta":{"desktop":{"background-color":"var(--ast-global-color-4)","background-image":"","background-repeat":"repeat","background-position":"center center","background-size":"auto","background-attachment":"scroll","background-type":"","background-media":"","overlay-type":"","overlay-color":"","overlay-opacity":"","overlay-gradient":""},"tablet":{"background-color":"","background-image":"","background-repeat":"repeat","background-position":"center center","background-size":"auto","background-attachment":"scroll","background-type":"","background-media":"","overlay-type":"","overlay-color":"","overlay-opacity":"","overlay-gradient":""},"mobile":{"background-color":"","background-image":"","background-repeat":"repeat","background-position":"center center","background-size":"auto","background-attachment":"scroll","background-type":"","background-media":"","overlay-type":"","overlay-color":"","overlay-opacity":"","overlay-gradient":""}},"ast-content-background-meta":{"desktop":{"background-color":"var(--ast-global-color-5)","background-image":"","background-repeat":"repeat","background-position":"center center","background-size":"auto","background-attachment":"scroll","background-type":"","background-media":"","overlay-type":"","overlay-color":"","overlay-opacity":"","overlay-gradient":""},"tablet":{"background-color":"var(--ast-global-color-5)","background-image":"","background-repeat":"repeat","background-position":"center center","background-size":"auto","background-attachment":"scroll","background-type":"","background-media":"","overlay-type":"","overlay-color":"","overlay-opacity":"","overlay-gradient":""},"mobile":{"background-color":"var(--ast-global-color-5)","background-image":"","background-repeat":"repeat","background-position":"center center","background-size":"auto","background-attachment":"scroll","background-type":"","background-media":"","overlay-type":"","overlay-color":"","overlay-opacity":"","overlay-gradient":""}},"footnotes":""},"class_list":["post-3988","page","type-page","status-publish","has-post-thumbnail","hentry"],"yoast_head":"<!-- This site is optimized with the Yoast SEO Premium plugin v24.2 (Yoast SEO v24.6) - https:\/\/yoast.com\/wordpress\/plugins\/seo\/ -->\n<title>Igualidad ante la Tumba - Uni\u00f3n Esp\u00edrita<\/title>\n<meta name=\"robots\" content=\"index, follow, max-snippet:-1, max-image-preview:large, max-video-preview:-1\" \/>\n<link rel=\"canonical\" href=\"https:\/\/nuevo-renacer.com\/de\/igualidad-ante-la-tumba\/\" \/>\n<meta property=\"og:locale\" content=\"de_DE\" \/>\n<meta property=\"og:type\" content=\"article\" \/>\n<meta property=\"og:title\" content=\"Igualidad ante la Tumba\" \/>\n<meta property=\"og:description\" content=\"Igualidad ante la Tumba \u00bfDe d\u00f3nde procede el deseo de perpetuar su memoria con monumentos f\u00fanebres? \u201e\u00daltimo acto de orgullo\u201c. Pero la suntuosidad de los monumentos f\u00fanebres, \u00bfno se debe con frecuencia m\u00e1s a los parientes, que quieren honrar la memoria del difunto, que al mismo difunto? \u201cOrgullo de los parientes que quieren glorificarse a [&hellip;]\" \/>\n<meta property=\"og:url\" content=\"https:\/\/nuevo-renacer.com\/de\/igualidad-ante-la-tumba\/\" \/>\n<meta property=\"og:site_name\" content=\"Uni\u00f3n Esp\u00edrita\" \/>\n<meta property=\"article:publisher\" content=\"https:\/\/www.facebook.com\/groups\/3431398063740829\" \/>\n<meta property=\"article:modified_time\" content=\"2025-01-02T12:18:20+00:00\" \/>\n<meta property=\"og:image\" content=\"https:\/\/nuevo-renacer.com\/wp-content\/uploads\/2024\/07\/437075619_7730897823597299_8182486796800451971_n.jpg\" \/>\n\t<meta property=\"og:image:width\" content=\"1280\" \/>\n\t<meta property=\"og:image:height\" content=\"730\" \/>\n\t<meta property=\"og:image:type\" content=\"image\/jpeg\" \/>\n<meta name=\"twitter:card\" content=\"summary_large_image\" \/>\n<meta name=\"twitter:label1\" content=\"Gesch\u00e4tzte Lesezeit\" \/>\n\t<meta name=\"twitter:data1\" content=\"1\u00a0Minute\" \/>\n<script type=\"application\/ld+json\" class=\"yoast-schema-graph\">{\"@context\":\"https:\/\/schema.org\",\"@graph\":[{\"@type\":\"WebPage\",\"@id\":\"https:\/\/nuevo-renacer.com\/igualidad-ante-la-tumba\/\",\"url\":\"https:\/\/nuevo-renacer.com\/igualidad-ante-la-tumba\/\",\"name\":\"Igualidad ante la Tumba - Uni\u00f3n Esp\u00edrita\",\"isPartOf\":{\"@id\":\"https:\/\/nuevo-renacer.com\/#website\"},\"primaryImageOfPage\":{\"@id\":\"https:\/\/nuevo-renacer.com\/igualidad-ante-la-tumba\/#primaryimage\"},\"image\":{\"@id\":\"https:\/\/nuevo-renacer.com\/igualidad-ante-la-tumba\/#primaryimage\"},\"thumbnailUrl\":\"https:\/\/nuevo-renacer.com\/wp-content\/uploads\/2024\/07\/437075619_7730897823597299_8182486796800451971_n.jpg\",\"datePublished\":\"2024-07-18T06:28:35+00:00\",\"dateModified\":\"2025-01-02T12:18:20+00:00\",\"breadcrumb\":{\"@id\":\"https:\/\/nuevo-renacer.com\/igualidad-ante-la-tumba\/#breadcrumb\"},\"inLanguage\":\"de\",\"potentialAction\":[{\"@type\":\"ReadAction\",\"target\":[\"https:\/\/nuevo-renacer.com\/igualidad-ante-la-tumba\/\"]}]},{\"@type\":\"ImageObject\",\"inLanguage\":\"de\",\"@id\":\"https:\/\/nuevo-renacer.com\/igualidad-ante-la-tumba\/#primaryimage\",\"url\":\"https:\/\/nuevo-renacer.com\/wp-content\/uploads\/2024\/07\/437075619_7730897823597299_8182486796800451971_n.jpg\",\"contentUrl\":\"https:\/\/nuevo-renacer.com\/wp-content\/uploads\/2024\/07\/437075619_7730897823597299_8182486796800451971_n.jpg\",\"width\":1280,\"height\":730},{\"@type\":\"BreadcrumbList\",\"@id\":\"https:\/\/nuevo-renacer.com\/igualidad-ante-la-tumba\/#breadcrumb\",\"itemListElement\":[{\"@type\":\"ListItem\",\"position\":1,\"name\":\"Startseite\",\"item\":\"https:\/\/nuevo-renacer.com\/\"},{\"@type\":\"ListItem\",\"position\":2,\"name\":\"Igualidad ante la Tumba\"}]},{\"@type\":\"WebSite\",\"@id\":\"https:\/\/nuevo-renacer.com\/#website\",\"url\":\"https:\/\/nuevo-renacer.com\/\",\"name\":\"Uni\u00f3n Esp\u00edrita\",\"description\":\"Nuevo Renacer\",\"publisher\":{\"@id\":\"https:\/\/nuevo-renacer.com\/#organization\"},\"potentialAction\":[{\"@type\":\"SearchAction\",\"target\":{\"@type\":\"EntryPoint\",\"urlTemplate\":\"https:\/\/nuevo-renacer.com\/?s={search_term_string}\"},\"query-input\":{\"@type\":\"PropertyValueSpecification\",\"valueRequired\":true,\"valueName\":\"search_term_string\"}}],\"inLanguage\":\"de\"},{\"@type\":\"Organization\",\"@id\":\"https:\/\/nuevo-renacer.com\/#organization\",\"name\":\"UFEC\",\"url\":\"https:\/\/nuevo-renacer.com\/\",\"logo\":{\"@type\":\"ImageObject\",\"inLanguage\":\"de\",\"@id\":\"https:\/\/nuevo-renacer.com\/#\/schema\/logo\/image\/\",\"url\":\"https:\/\/nuevo-renacer.com\/wp-content\/uploads\/2024\/05\/cropped-LOGO-TERMINADO1-3-3.png\",\"contentUrl\":\"https:\/\/nuevo-renacer.com\/wp-content\/uploads\/2024\/05\/cropped-LOGO-TERMINADO1-3-3.png\",\"width\":512,\"height\":512,\"caption\":\"UFEC\"},\"image\":{\"@id\":\"https:\/\/nuevo-renacer.com\/#\/schema\/logo\/image\/\"},\"sameAs\":[\"https:\/\/www.facebook.com\/groups\/3431398063740829\"]}]}<\/script>\n<!-- \/ Yoast SEO Premium plugin. -->","yoast_head_json":{"title":"Igualidad ante la Tumba - Uni\u00f3n Esp\u00edrita","robots":{"index":"index","follow":"follow","max-snippet":"max-snippet:-1","max-image-preview":"max-image-preview:large","max-video-preview":"max-video-preview:-1"},"canonical":"https:\/\/nuevo-renacer.com\/de\/igualidad-ante-la-tumba\/","og_locale":"de_DE","og_type":"article","og_title":"Igualidad ante la Tumba","og_description":"Igualidad ante la Tumba \u00bfDe d\u00f3nde procede el deseo de perpetuar su memoria con monumentos f\u00fanebres? \u201e\u00daltimo acto de orgullo\u201c. Pero la suntuosidad de los monumentos f\u00fanebres, \u00bfno se debe con frecuencia m\u00e1s a los parientes, que quieren honrar la memoria del difunto, que al mismo difunto? \u201cOrgullo de los parientes que quieren glorificarse a [&hellip;]","og_url":"https:\/\/nuevo-renacer.com\/de\/igualidad-ante-la-tumba\/","og_site_name":"Uni\u00f3n Esp\u00edrita","article_publisher":"https:\/\/www.facebook.com\/groups\/3431398063740829","article_modified_time":"2025-01-02T12:18:20+00:00","og_image":[{"width":1280,"height":730,"url":"https:\/\/nuevo-renacer.com\/wp-content\/uploads\/2024\/07\/437075619_7730897823597299_8182486796800451971_n.jpg","type":"image\/jpeg"}],"twitter_card":"summary_large_image","twitter_misc":{"Gesch\u00e4tzte Lesezeit":"1\u00a0Minute"},"schema":{"@context":"https:\/\/schema.org","@graph":[{"@type":"WebPage","@id":"https:\/\/nuevo-renacer.com\/igualidad-ante-la-tumba\/","url":"https:\/\/nuevo-renacer.com\/igualidad-ante-la-tumba\/","name":"Igualidad ante la Tumba - Uni\u00f3n Esp\u00edrita","isPartOf":{"@id":"https:\/\/nuevo-renacer.com\/#website"},"primaryImageOfPage":{"@id":"https:\/\/nuevo-renacer.com\/igualidad-ante-la-tumba\/#primaryimage"},"image":{"@id":"https:\/\/nuevo-renacer.com\/igualidad-ante-la-tumba\/#primaryimage"},"thumbnailUrl":"https:\/\/nuevo-renacer.com\/wp-content\/uploads\/2024\/07\/437075619_7730897823597299_8182486796800451971_n.jpg","datePublished":"2024-07-18T06:28:35+00:00","dateModified":"2025-01-02T12:18:20+00:00","breadcrumb":{"@id":"https:\/\/nuevo-renacer.com\/igualidad-ante-la-tumba\/#breadcrumb"},"inLanguage":"de","potentialAction":[{"@type":"ReadAction","target":["https:\/\/nuevo-renacer.com\/igualidad-ante-la-tumba\/"]}]},{"@type":"ImageObject","inLanguage":"de","@id":"https:\/\/nuevo-renacer.com\/igualidad-ante-la-tumba\/#primaryimage","url":"https:\/\/nuevo-renacer.com\/wp-content\/uploads\/2024\/07\/437075619_7730897823597299_8182486796800451971_n.jpg","contentUrl":"https:\/\/nuevo-renacer.com\/wp-content\/uploads\/2024\/07\/437075619_7730897823597299_8182486796800451971_n.jpg","width":1280,"height":730},{"@type":"BreadcrumbList","@id":"https:\/\/nuevo-renacer.com\/igualidad-ante-la-tumba\/#breadcrumb","itemListElement":[{"@type":"ListItem","position":1,"name":"Startseite","item":"https:\/\/nuevo-renacer.com\/"},{"@type":"ListItem","position":2,"name":"Igualidad ante la Tumba"}]},{"@type":"WebSite","@id":"https:\/\/nuevo-renacer.com\/#website","url":"https:\/\/nuevo-renacer.com\/","name":"Uni\u00f3n Esp\u00edrita","description":"Nuevo Renacer","publisher":{"@id":"https:\/\/nuevo-renacer.com\/#organization"},"potentialAction":[{"@type":"SearchAction","target":{"@type":"EntryPoint","urlTemplate":"https:\/\/nuevo-renacer.com\/?s={search_term_string}"},"query-input":{"@type":"PropertyValueSpecification","valueRequired":true,"valueName":"search_term_string"}}],"inLanguage":"de"},{"@type":"Organization","@id":"https:\/\/nuevo-renacer.com\/#organization","name":"UFEC","url":"https:\/\/nuevo-renacer.com\/","logo":{"@type":"ImageObject","inLanguage":"de","@id":"https:\/\/nuevo-renacer.com\/#\/schema\/logo\/image\/","url":"https:\/\/nuevo-renacer.com\/wp-content\/uploads\/2024\/05\/cropped-LOGO-TERMINADO1-3-3.png","contentUrl":"https:\/\/nuevo-renacer.com\/wp-content\/uploads\/2024\/05\/cropped-LOGO-TERMINADO1-3-3.png","width":512,"height":512,"caption":"UFEC"},"image":{"@id":"https:\/\/nuevo-renacer.com\/#\/schema\/logo\/image\/"},"sameAs":["https:\/\/www.facebook.com\/groups\/3431398063740829"]}]}},"uagb_featured_image_src":{"full":["https:\/\/nuevo-renacer.com\/wp-content\/uploads\/2024\/07\/437075619_7730897823597299_8182486796800451971_n.jpg",1280,730,false],"thumbnail":["https:\/\/nuevo-renacer.com\/wp-content\/uploads\/2024\/07\/437075619_7730897823597299_8182486796800451971_n-150x150.jpg",150,150,true],"medium":["https:\/\/nuevo-renacer.com\/wp-content\/uploads\/2024\/07\/437075619_7730897823597299_8182486796800451971_n-300x171.jpg",300,171,true],"medium_large":["https:\/\/nuevo-renacer.com\/wp-content\/uploads\/2024\/07\/437075619_7730897823597299_8182486796800451971_n-768x438.jpg",768,438,true],"large":["https:\/\/nuevo-renacer.com\/wp-content\/uploads\/2024\/07\/437075619_7730897823597299_8182486796800451971_n-1024x584.jpg",1024,584,true],"1536x1536":["https:\/\/nuevo-renacer.com\/wp-content\/uploads\/2024\/07\/437075619_7730897823597299_8182486796800451971_n.jpg",1280,730,false],"2048x2048":["https:\/\/nuevo-renacer.com\/wp-content\/uploads\/2024\/07\/437075619_7730897823597299_8182486796800451971_n.jpg",1280,730,false],"trp-custom-language-flag":["https:\/\/nuevo-renacer.com\/wp-content\/uploads\/2024\/07\/437075619_7730897823597299_8182486796800451971_n-18x10.jpg",18,10,true]},"uagb_author_info":{"display_name":"adbv0","author_link":"https:\/\/nuevo-renacer.com\/de\/author\/adbv0\/"},"uagb_comment_info":0,"uagb_excerpt":"Igualidad ante la Tumba \u00bfDe d\u00f3nde procede el deseo de perpetuar su memoria con monumentos f\u00fanebres? \u201e\u00daltimo acto de orgullo\u201c. Pero la suntuosidad de los monumentos f\u00fanebres, \u00bfno se debe con frecuencia m\u00e1s a los parientes, que quieren honrar la memoria del difunto, que al mismo difunto? \u201cOrgullo de los parientes que quieren glorificarse a&hellip;","jetpack_sharing_enabled":true,"_links":{"self":[{"href":"https:\/\/nuevo-renacer.com\/de\/wp-json\/wp\/v2\/pages\/3988","targetHints":{"allow":["GET"]}}],"collection":[{"href":"https:\/\/nuevo-renacer.com\/de\/wp-json\/wp\/v2\/pages"}],"about":[{"href":"https:\/\/nuevo-renacer.com\/de\/wp-json\/wp\/v2\/types\/page"}],"author":[{"embeddable":true,"href":"https:\/\/nuevo-renacer.com\/de\/wp-json\/wp\/v2\/users\/1"}],"replies":[{"embeddable":true,"href":"https:\/\/nuevo-renacer.com\/de\/wp-json\/wp\/v2\/comments?post=3988"}],"version-history":[{"count":3,"href":"https:\/\/nuevo-renacer.com\/de\/wp-json\/wp\/v2\/pages\/3988\/revisions"}],"predecessor-version":[{"id":6654,"href":"https:\/\/nuevo-renacer.com\/de\/wp-json\/wp\/v2\/pages\/3988\/revisions\/6654"}],"wp:featuredmedia":[{"embeddable":true,"href":"https:\/\/nuevo-renacer.com\/de\/wp-json\/wp\/v2\/media\/3990"}],"wp:attachment":[{"href":"https:\/\/nuevo-renacer.com\/de\/wp-json\/wp\/v2\/media?parent=3988"}],"curies":[{"name":"wp","href":"https:\/\/api.w.org\/{rel}","templated":true}]}}