{"id":3980,"date":"2024-07-18T06:14:01","date_gmt":"2024-07-18T06:14:01","guid":{"rendered":"https:\/\/ufec-mundial.com\/?page_id=3980"},"modified":"2024-07-18T06:15:53","modified_gmt":"2024-07-18T06:15:53","slug":"por-que-no-recordamos-nuestras-vidas-pasadas","status":"publish","type":"page","link":"https:\/\/nuevo-renacer.com\/de\/por-que-no-recordamos-nuestras-vidas-pasadas\/","title":{"rendered":"Warum erinnern wir uns nicht an unsere fr\u00fcheren Leben?"},"content":{"rendered":"<div class=\"wp-block-uagb-container uagb-block-ec69ee4d alignfull uagb-is-root-container\"><div class=\"uagb-container-inner-blocks-wrap\">\n<p class=\"has-black-color has-text-color has-link-color has-medium-font-size wp-elements-ebf775aa2bb44041f3b2fc4939ba54f3\"><strong>Warum erinnern wir uns nicht an unsere fr\u00fcheren Leben?<\/strong><\/p>\n<\/div><\/div>\n\n\n\n<div class=\"wp-block-uagb-container uagb-block-4ed2f70d alignfull uagb-is-root-container\"><div class=\"uagb-container-inner-blocks-wrap\">\n<figure class=\"wp-block-image size-full is-resized\"><img fetchpriority=\"high\" decoding=\"async\" width=\"736\" height=\"414\" src=\"https:\/\/ufec-mundial.com\/wp-content\/uploads\/2024\/07\/7ef8dfc8471d1481b1a578e723d75237.jpg\" alt=\"\" class=\"wp-image-3983\" style=\"width:489px;height:auto\" srcset=\"https:\/\/nuevo-renacer.com\/wp-content\/uploads\/2024\/07\/7ef8dfc8471d1481b1a578e723d75237.jpg 736w, https:\/\/nuevo-renacer.com\/wp-content\/uploads\/2024\/07\/7ef8dfc8471d1481b1a578e723d75237-300x169.jpg 300w, https:\/\/nuevo-renacer.com\/wp-content\/uploads\/2024\/07\/7ef8dfc8471d1481b1a578e723d75237-18x10.jpg 18w\" sizes=\"(max-width: 736px) 100vw, 736px\" \/><\/figure>\n<\/div><\/div>\n\n\n\n<div class=\"wp-block-uagb-container uagb-block-d0588c2a alignfull uagb-is-root-container\"><div class=\"uagb-container-inner-blocks-wrap\">\n<p class=\"has-black-color has-text-color has-link-color has-small-font-size wp-elements-ee3da2df5ddcef638fd6035cc9b1ad7a\">Wir erinnern uns nicht an vergangene Leben, und darin liegt die Weisheit Gottes. Wenn wir uns an das B\u00f6se erinnern w\u00fcrden, das wir anderen angetan haben, oder an das Leid, das wir durchgemacht haben, an die Feinde, die uns geschadet haben oder denen wir geschadet haben, k\u00f6nnten wir heute nicht unter ihnen leben. Denn oft sind die Feinde der Vergangenheit heute unsere Kinder, unsere Geschwister, unsere Eltern, unsere Freunde, die jetzt bei uns sind, um sich mit uns zu vers\u00f6hnen.<\/p>\n\n\n\n<p class=\"has-black-color has-text-color has-link-color has-small-font-size wp-elements-d6bd17873322338018e2d6a23e59eb21\">Deshalb gibt es die Reinkarnation. Sicherlich korrigieren wir heute Fehler, die wir jemandem gegen\u00fcber begangen haben, leiden unter den Folgen begangener Verbrechen oder werden sogar von denen unterst\u00fctzt, die uns in der Vergangenheit Schaden zugef\u00fcgt haben. Daher die Bedeutung der Familie, in der die in fr\u00fcheren Leben zerbrochenen Bindungen oft erneuert werden.<\/p>\n\n\n\n<p class=\"has-black-color has-text-color has-link-color has-small-font-size wp-elements-878223caa3dcdb46ca47601ba18c156c\">Die Reinkarnation ist somit eine Gelegenheit zur Wiedergutmachung, aber auch eine Gelegenheit, uns f\u00fcr das Wohl der anderen einzusetzen und unsere spirituelle Entwicklung zu beschleunigen. Wenn wir reinkarnieren, bringen wir einen \"Lebensplan\" mit, Verpflichtungen gegen\u00fcber der Spiritualit\u00e4t und uns selbst, die damit zusammenh\u00e4ngen, das Unrecht, das wir getan haben, wiedergutzumachen und so viel Gutes wie m\u00f6glich zu tun.<\/p>\n\n\n\n<p class=\"has-black-color has-text-color has-link-color has-small-font-size wp-elements-47ea142ebb6f99a34d719d3f66e00e67\">\"Wenn dich Pr\u00fcfungen bedr\u00e4ngen, m\u00f6ge Gott dir Frieden schenken. Wenn M\u00fcdigkeit dich bedr\u00fcckt, m\u00f6ge Gott dich in Frieden halten. Wenn du keine Hoffnung hast, m\u00f6ge Gott dir Frieden geben. Wenn dich jemand beleidigt oder verletzt, m\u00f6ge Gott dich in Frieden erneuern. \u00dcber der Dunkelheit der Nacht leuchtet der Himmel in Frieden. Liebe, diene und vertraue.\u201c<\/p>\n\n\n\n<p class=\"has-black-color has-text-color has-link-color has-small-font-size wp-elements-c111c422733b8bbfd19dfef998ada031\">Gott bewahre dich in Frieden.<\/p>\n\n\n\n<p class=\"has-black-color has-text-color has-link-color has-small-font-size wp-elements-9b4d20ce254e201ba920d42ab0a116df\"><em>Geistwesen Emanuel<\/em><\/p>\n<\/div><\/div>","protected":false},"excerpt":{"rendered":"<p>\u00bfPor qu\u00e9 no recordamos nuestras vidas pasadas? No recordamos las vidas pasadas, y ah\u00ed reside la sabidur\u00eda de Dios. Si record\u00e1ramos el mal que hemos hecho a los dem\u00e1s, o el sufrimiento por el que hemos pasado, los enemigos que nos han hecho da\u00f1o o a los que hemos hecho da\u00f1o, hoy no podr\u00edamos vivir [&hellip;]<\/p>","protected":false},"author":1,"featured_media":3983,"parent":0,"menu_order":0,"comment_status":"closed","ping_status":"closed","template":"","meta":{"_uag_custom_page_level_css":"","site-sidebar-layout":"default","site-content-layout":"","ast-site-content-layout":"default","site-content-style":"default","site-sidebar-style":"default","ast-global-header-display":"","ast-banner-title-visibility":"","ast-main-header-display":"","ast-hfb-above-header-display":"","ast-hfb-below-header-display":"","ast-hfb-mobile-header-display":"","site-post-title":"","ast-breadcrumbs-content":"","ast-featured-img":"","footer-sml-layout":"","theme-transparent-header-meta":"","adv-header-id-meta":"","stick-header-meta":"","header-above-stick-meta":"","header-main-stick-meta":"","header-below-stick-meta":"","astra-migrate-meta-layouts":"set","ast-page-background-enabled":"default","ast-page-background-meta":{"desktop":{"background-color":"var(--ast-global-color-4)","background-image":"","background-repeat":"repeat","background-position":"center center","background-size":"auto","background-attachment":"scroll","background-type":"","background-media":"","overlay-type":"","overlay-color":"","overlay-opacity":"","overlay-gradient":""},"tablet":{"background-color":"","background-image":"","background-repeat":"repeat","background-position":"center center","background-size":"auto","background-attachment":"scroll","background-type":"","background-media":"","overlay-type":"","overlay-color":"","overlay-opacity":"","overlay-gradient":""},"mobile":{"background-color":"","background-image":"","background-repeat":"repeat","background-position":"center center","background-size":"auto","background-attachment":"scroll","background-type":"","background-media":"","overlay-type":"","overlay-color":"","overlay-opacity":"","overlay-gradient":""}},"ast-content-background-meta":{"desktop":{"background-color":"var(--ast-global-color-5)","background-image":"","background-repeat":"repeat","background-position":"center center","background-size":"auto","background-attachment":"scroll","background-type":"","background-media":"","overlay-type":"","overlay-color":"","overlay-opacity":"","overlay-gradient":""},"tablet":{"background-color":"var(--ast-global-color-5)","background-image":"","background-repeat":"repeat","background-position":"center center","background-size":"auto","background-attachment":"scroll","background-type":"","background-media":"","overlay-type":"","overlay-color":"","overlay-opacity":"","overlay-gradient":""},"mobile":{"background-color":"var(--ast-global-color-5)","background-image":"","background-repeat":"repeat","background-position":"center center","background-size":"auto","background-attachment":"scroll","background-type":"","background-media":"","overlay-type":"","overlay-color":"","overlay-opacity":"","overlay-gradient":""}},"footnotes":""},"class_list":["post-3980","page","type-page","status-publish","has-post-thumbnail","hentry"],"yoast_head":"<!-- This site is optimized with the Yoast SEO Premium plugin v24.2 (Yoast SEO v24.6) - https:\/\/yoast.com\/wordpress\/plugins\/seo\/ -->\n<title>\u00bfPor qu\u00e9 no recordamos nuestras vidas pasadas? - Uni\u00f3n Esp\u00edrita<\/title>\n<meta name=\"robots\" content=\"index, follow, max-snippet:-1, max-image-preview:large, max-video-preview:-1\" \/>\n<link rel=\"canonical\" href=\"https:\/\/nuevo-renacer.com\/de\/por-que-no-recordamos-nuestras-vidas-pasadas\/\" \/>\n<meta property=\"og:locale\" content=\"de_DE\" \/>\n<meta property=\"og:type\" content=\"article\" \/>\n<meta property=\"og:title\" content=\"\u00bfPor qu\u00e9 no recordamos nuestras vidas pasadas?\" \/>\n<meta property=\"og:description\" content=\"\u00bfPor qu\u00e9 no recordamos nuestras vidas pasadas? No recordamos las vidas pasadas, y ah\u00ed reside la sabidur\u00eda de Dios. Si record\u00e1ramos el mal que hemos hecho a los dem\u00e1s, o el sufrimiento por el que hemos pasado, los enemigos que nos han hecho da\u00f1o o a los que hemos hecho da\u00f1o, hoy no podr\u00edamos vivir [&hellip;]\" \/>\n<meta property=\"og:url\" content=\"https:\/\/nuevo-renacer.com\/de\/por-que-no-recordamos-nuestras-vidas-pasadas\/\" \/>\n<meta property=\"og:site_name\" content=\"Uni\u00f3n Esp\u00edrita\" \/>\n<meta property=\"article:publisher\" content=\"https:\/\/www.facebook.com\/groups\/3431398063740829\" \/>\n<meta property=\"article:modified_time\" content=\"2024-07-18T06:15:53+00:00\" \/>\n<meta property=\"og:image\" content=\"https:\/\/nuevo-renacer.com\/wp-content\/uploads\/2024\/07\/7ef8dfc8471d1481b1a578e723d75237.jpg\" \/>\n\t<meta property=\"og:image:width\" content=\"736\" \/>\n\t<meta property=\"og:image:height\" content=\"414\" \/>\n\t<meta property=\"og:image:type\" content=\"image\/jpeg\" \/>\n<meta name=\"twitter:card\" content=\"summary_large_image\" \/>\n<meta name=\"twitter:label1\" content=\"Gesch\u00e4tzte Lesezeit\" \/>\n\t<meta name=\"twitter:data1\" content=\"1\u00a0Minute\" \/>\n<script type=\"application\/ld+json\" class=\"yoast-schema-graph\">{\"@context\":\"https:\/\/schema.org\",\"@graph\":[{\"@type\":\"WebPage\",\"@id\":\"https:\/\/nuevo-renacer.com\/por-que-no-recordamos-nuestras-vidas-pasadas\/\",\"url\":\"https:\/\/nuevo-renacer.com\/por-que-no-recordamos-nuestras-vidas-pasadas\/\",\"name\":\"\u00bfPor qu\u00e9 no recordamos nuestras vidas pasadas? - Uni\u00f3n Esp\u00edrita\",\"isPartOf\":{\"@id\":\"https:\/\/nuevo-renacer.com\/#website\"},\"primaryImageOfPage\":{\"@id\":\"https:\/\/nuevo-renacer.com\/por-que-no-recordamos-nuestras-vidas-pasadas\/#primaryimage\"},\"image\":{\"@id\":\"https:\/\/nuevo-renacer.com\/por-que-no-recordamos-nuestras-vidas-pasadas\/#primaryimage\"},\"thumbnailUrl\":\"https:\/\/nuevo-renacer.com\/wp-content\/uploads\/2024\/07\/7ef8dfc8471d1481b1a578e723d75237.jpg\",\"datePublished\":\"2024-07-18T06:14:01+00:00\",\"dateModified\":\"2024-07-18T06:15:53+00:00\",\"breadcrumb\":{\"@id\":\"https:\/\/nuevo-renacer.com\/por-que-no-recordamos-nuestras-vidas-pasadas\/#breadcrumb\"},\"inLanguage\":\"de\",\"potentialAction\":[{\"@type\":\"ReadAction\",\"target\":[\"https:\/\/nuevo-renacer.com\/por-que-no-recordamos-nuestras-vidas-pasadas\/\"]}]},{\"@type\":\"ImageObject\",\"inLanguage\":\"de\",\"@id\":\"https:\/\/nuevo-renacer.com\/por-que-no-recordamos-nuestras-vidas-pasadas\/#primaryimage\",\"url\":\"https:\/\/nuevo-renacer.com\/wp-content\/uploads\/2024\/07\/7ef8dfc8471d1481b1a578e723d75237.jpg\",\"contentUrl\":\"https:\/\/nuevo-renacer.com\/wp-content\/uploads\/2024\/07\/7ef8dfc8471d1481b1a578e723d75237.jpg\",\"width\":736,\"height\":414},{\"@type\":\"BreadcrumbList\",\"@id\":\"https:\/\/nuevo-renacer.com\/por-que-no-recordamos-nuestras-vidas-pasadas\/#breadcrumb\",\"itemListElement\":[{\"@type\":\"ListItem\",\"position\":1,\"name\":\"Startseite\",\"item\":\"https:\/\/nuevo-renacer.com\/\"},{\"@type\":\"ListItem\",\"position\":2,\"name\":\"\u00bfPor qu\u00e9 no recordamos nuestras vidas pasadas?\"}]},{\"@type\":\"WebSite\",\"@id\":\"https:\/\/nuevo-renacer.com\/#website\",\"url\":\"https:\/\/nuevo-renacer.com\/\",\"name\":\"Uni\u00f3n Esp\u00edrita\",\"description\":\"Nuevo Renacer\",\"publisher\":{\"@id\":\"https:\/\/nuevo-renacer.com\/#organization\"},\"potentialAction\":[{\"@type\":\"SearchAction\",\"target\":{\"@type\":\"EntryPoint\",\"urlTemplate\":\"https:\/\/nuevo-renacer.com\/?s={search_term_string}\"},\"query-input\":{\"@type\":\"PropertyValueSpecification\",\"valueRequired\":true,\"valueName\":\"search_term_string\"}}],\"inLanguage\":\"de\"},{\"@type\":\"Organization\",\"@id\":\"https:\/\/nuevo-renacer.com\/#organization\",\"name\":\"UFEC\",\"url\":\"https:\/\/nuevo-renacer.com\/\",\"logo\":{\"@type\":\"ImageObject\",\"inLanguage\":\"de\",\"@id\":\"https:\/\/nuevo-renacer.com\/#\/schema\/logo\/image\/\",\"url\":\"https:\/\/nuevo-renacer.com\/wp-content\/uploads\/2024\/05\/cropped-LOGO-TERMINADO1-3-3.png\",\"contentUrl\":\"https:\/\/nuevo-renacer.com\/wp-content\/uploads\/2024\/05\/cropped-LOGO-TERMINADO1-3-3.png\",\"width\":512,\"height\":512,\"caption\":\"UFEC\"},\"image\":{\"@id\":\"https:\/\/nuevo-renacer.com\/#\/schema\/logo\/image\/\"},\"sameAs\":[\"https:\/\/www.facebook.com\/groups\/3431398063740829\"]}]}<\/script>\n<!-- \/ Yoast SEO Premium plugin. -->","yoast_head_json":{"title":"\u00bfPor qu\u00e9 no recordamos nuestras vidas pasadas? - Uni\u00f3n Esp\u00edrita","robots":{"index":"index","follow":"follow","max-snippet":"max-snippet:-1","max-image-preview":"max-image-preview:large","max-video-preview":"max-video-preview:-1"},"canonical":"https:\/\/nuevo-renacer.com\/de\/por-que-no-recordamos-nuestras-vidas-pasadas\/","og_locale":"de_DE","og_type":"article","og_title":"\u00bfPor qu\u00e9 no recordamos nuestras vidas pasadas?","og_description":"\u00bfPor qu\u00e9 no recordamos nuestras vidas pasadas? No recordamos las vidas pasadas, y ah\u00ed reside la sabidur\u00eda de Dios. Si record\u00e1ramos el mal que hemos hecho a los dem\u00e1s, o el sufrimiento por el que hemos pasado, los enemigos que nos han hecho da\u00f1o o a los que hemos hecho da\u00f1o, hoy no podr\u00edamos vivir [&hellip;]","og_url":"https:\/\/nuevo-renacer.com\/de\/por-que-no-recordamos-nuestras-vidas-pasadas\/","og_site_name":"Uni\u00f3n Esp\u00edrita","article_publisher":"https:\/\/www.facebook.com\/groups\/3431398063740829","article_modified_time":"2024-07-18T06:15:53+00:00","og_image":[{"width":736,"height":414,"url":"https:\/\/nuevo-renacer.com\/wp-content\/uploads\/2024\/07\/7ef8dfc8471d1481b1a578e723d75237.jpg","type":"image\/jpeg"}],"twitter_card":"summary_large_image","twitter_misc":{"Gesch\u00e4tzte Lesezeit":"1\u00a0Minute"},"schema":{"@context":"https:\/\/schema.org","@graph":[{"@type":"WebPage","@id":"https:\/\/nuevo-renacer.com\/por-que-no-recordamos-nuestras-vidas-pasadas\/","url":"https:\/\/nuevo-renacer.com\/por-que-no-recordamos-nuestras-vidas-pasadas\/","name":"\u00bfPor qu\u00e9 no recordamos nuestras vidas pasadas? - Uni\u00f3n Esp\u00edrita","isPartOf":{"@id":"https:\/\/nuevo-renacer.com\/#website"},"primaryImageOfPage":{"@id":"https:\/\/nuevo-renacer.com\/por-que-no-recordamos-nuestras-vidas-pasadas\/#primaryimage"},"image":{"@id":"https:\/\/nuevo-renacer.com\/por-que-no-recordamos-nuestras-vidas-pasadas\/#primaryimage"},"thumbnailUrl":"https:\/\/nuevo-renacer.com\/wp-content\/uploads\/2024\/07\/7ef8dfc8471d1481b1a578e723d75237.jpg","datePublished":"2024-07-18T06:14:01+00:00","dateModified":"2024-07-18T06:15:53+00:00","breadcrumb":{"@id":"https:\/\/nuevo-renacer.com\/por-que-no-recordamos-nuestras-vidas-pasadas\/#breadcrumb"},"inLanguage":"de","potentialAction":[{"@type":"ReadAction","target":["https:\/\/nuevo-renacer.com\/por-que-no-recordamos-nuestras-vidas-pasadas\/"]}]},{"@type":"ImageObject","inLanguage":"de","@id":"https:\/\/nuevo-renacer.com\/por-que-no-recordamos-nuestras-vidas-pasadas\/#primaryimage","url":"https:\/\/nuevo-renacer.com\/wp-content\/uploads\/2024\/07\/7ef8dfc8471d1481b1a578e723d75237.jpg","contentUrl":"https:\/\/nuevo-renacer.com\/wp-content\/uploads\/2024\/07\/7ef8dfc8471d1481b1a578e723d75237.jpg","width":736,"height":414},{"@type":"BreadcrumbList","@id":"https:\/\/nuevo-renacer.com\/por-que-no-recordamos-nuestras-vidas-pasadas\/#breadcrumb","itemListElement":[{"@type":"ListItem","position":1,"name":"Startseite","item":"https:\/\/nuevo-renacer.com\/"},{"@type":"ListItem","position":2,"name":"\u00bfPor qu\u00e9 no recordamos nuestras vidas pasadas?"}]},{"@type":"WebSite","@id":"https:\/\/nuevo-renacer.com\/#website","url":"https:\/\/nuevo-renacer.com\/","name":"Uni\u00f3n Esp\u00edrita","description":"Nuevo Renacer","publisher":{"@id":"https:\/\/nuevo-renacer.com\/#organization"},"potentialAction":[{"@type":"SearchAction","target":{"@type":"EntryPoint","urlTemplate":"https:\/\/nuevo-renacer.com\/?s={search_term_string}"},"query-input":{"@type":"PropertyValueSpecification","valueRequired":true,"valueName":"search_term_string"}}],"inLanguage":"de"},{"@type":"Organization","@id":"https:\/\/nuevo-renacer.com\/#organization","name":"UFEC","url":"https:\/\/nuevo-renacer.com\/","logo":{"@type":"ImageObject","inLanguage":"de","@id":"https:\/\/nuevo-renacer.com\/#\/schema\/logo\/image\/","url":"https:\/\/nuevo-renacer.com\/wp-content\/uploads\/2024\/05\/cropped-LOGO-TERMINADO1-3-3.png","contentUrl":"https:\/\/nuevo-renacer.com\/wp-content\/uploads\/2024\/05\/cropped-LOGO-TERMINADO1-3-3.png","width":512,"height":512,"caption":"UFEC"},"image":{"@id":"https:\/\/nuevo-renacer.com\/#\/schema\/logo\/image\/"},"sameAs":["https:\/\/www.facebook.com\/groups\/3431398063740829"]}]}},"uagb_featured_image_src":{"full":["https:\/\/nuevo-renacer.com\/wp-content\/uploads\/2024\/07\/7ef8dfc8471d1481b1a578e723d75237.jpg",736,414,false],"thumbnail":["https:\/\/nuevo-renacer.com\/wp-content\/uploads\/2024\/07\/7ef8dfc8471d1481b1a578e723d75237-150x150.jpg",150,150,true],"medium":["https:\/\/nuevo-renacer.com\/wp-content\/uploads\/2024\/07\/7ef8dfc8471d1481b1a578e723d75237-300x169.jpg",300,169,true],"medium_large":["https:\/\/nuevo-renacer.com\/wp-content\/uploads\/2024\/07\/7ef8dfc8471d1481b1a578e723d75237.jpg",736,414,false],"large":["https:\/\/nuevo-renacer.com\/wp-content\/uploads\/2024\/07\/7ef8dfc8471d1481b1a578e723d75237.jpg",736,414,false],"1536x1536":["https:\/\/nuevo-renacer.com\/wp-content\/uploads\/2024\/07\/7ef8dfc8471d1481b1a578e723d75237.jpg",736,414,false],"2048x2048":["https:\/\/nuevo-renacer.com\/wp-content\/uploads\/2024\/07\/7ef8dfc8471d1481b1a578e723d75237.jpg",736,414,false],"trp-custom-language-flag":["https:\/\/nuevo-renacer.com\/wp-content\/uploads\/2024\/07\/7ef8dfc8471d1481b1a578e723d75237-18x10.jpg",18,10,true]},"uagb_author_info":{"display_name":"adbv0","author_link":"https:\/\/nuevo-renacer.com\/de\/author\/adbv0\/"},"uagb_comment_info":0,"uagb_excerpt":"\u00bfPor qu\u00e9 no recordamos nuestras vidas pasadas? No recordamos las vidas pasadas, y ah\u00ed reside la sabidur\u00eda de Dios. Si record\u00e1ramos el mal que hemos hecho a los dem\u00e1s, o el sufrimiento por el que hemos pasado, los enemigos que nos han hecho da\u00f1o o a los que hemos hecho da\u00f1o, hoy no podr\u00edamos vivir&hellip;","jetpack_sharing_enabled":true,"_links":{"self":[{"href":"https:\/\/nuevo-renacer.com\/de\/wp-json\/wp\/v2\/pages\/3980","targetHints":{"allow":["GET"]}}],"collection":[{"href":"https:\/\/nuevo-renacer.com\/de\/wp-json\/wp\/v2\/pages"}],"about":[{"href":"https:\/\/nuevo-renacer.com\/de\/wp-json\/wp\/v2\/types\/page"}],"author":[{"embeddable":true,"href":"https:\/\/nuevo-renacer.com\/de\/wp-json\/wp\/v2\/users\/1"}],"replies":[{"embeddable":true,"href":"https:\/\/nuevo-renacer.com\/de\/wp-json\/wp\/v2\/comments?post=3980"}],"version-history":[{"count":3,"href":"https:\/\/nuevo-renacer.com\/de\/wp-json\/wp\/v2\/pages\/3980\/revisions"}],"predecessor-version":[{"id":3985,"href":"https:\/\/nuevo-renacer.com\/de\/wp-json\/wp\/v2\/pages\/3980\/revisions\/3985"}],"wp:featuredmedia":[{"embeddable":true,"href":"https:\/\/nuevo-renacer.com\/de\/wp-json\/wp\/v2\/media\/3983"}],"wp:attachment":[{"href":"https:\/\/nuevo-renacer.com\/de\/wp-json\/wp\/v2\/media?parent=3980"}],"curies":[{"name":"wp","href":"https:\/\/api.w.org\/{rel}","templated":true}]}}