{"id":3949,"date":"2024-07-17T09:19:50","date_gmt":"2024-07-17T09:19:50","guid":{"rendered":"https:\/\/ufec-mundial.com\/?page_id=3949"},"modified":"2024-07-17T09:19:53","modified_gmt":"2024-07-17T09:19:53","slug":"lazaro-luiz-zamenhof","status":"publish","type":"page","link":"https:\/\/nuevo-renacer.com\/de\/lazaro-luiz-zamenhof\/","title":{"rendered":"Ludwik Lejzer Zamenhof"},"content":{"rendered":"<div class=\"wp-block-uagb-container uagb-block-a34e48a2 alignfull uagb-is-root-container\"><div class=\"uagb-container-inner-blocks-wrap\">\n<p class=\"has-black-color has-text-color has-link-color has-medium-font-size wp-elements-d4e41a2b43a03df6b2bbdb496301b3c0\"><strong>Ludwik Lejzer Zamenhof<\/strong><\/p>\n<\/div><\/div>\n\n\n\n<div class=\"wp-block-uagb-container uagb-block-18a90863 alignfull uagb-is-root-container\"><div class=\"uagb-container-inner-blocks-wrap\">\n<figure class=\"wp-block-image size-full is-resized\"><img fetchpriority=\"high\" decoding=\"async\" width=\"427\" height=\"599\" src=\"https:\/\/ufec-mundial.com\/wp-content\/uploads\/2024\/07\/427px-1908-kl-t-zamenhof.jpg\" alt=\"\" class=\"wp-image-3951\" style=\"width:232px;height:auto\" srcset=\"https:\/\/nuevo-renacer.com\/wp-content\/uploads\/2024\/07\/427px-1908-kl-t-zamenhof.jpg 427w, https:\/\/nuevo-renacer.com\/wp-content\/uploads\/2024\/07\/427px-1908-kl-t-zamenhof-214x300.jpg 214w, https:\/\/nuevo-renacer.com\/wp-content\/uploads\/2024\/07\/427px-1908-kl-t-zamenhof-9x12.jpg 9w\" sizes=\"(max-width: 427px) 100vw, 427px\" \/><\/figure>\n<\/div><\/div>\n\n\n\n<div class=\"wp-block-uagb-container uagb-block-f082a313 alignfull uagb-is-root-container\"><div class=\"uagb-container-inner-blocks-wrap\">\n<p class=\"has-black-color has-text-color has-link-color has-small-font-size wp-elements-06145272d7092ef308f4d2583063442b\">Ludwik Lejzer Zamenhof wurde am 15. Dezember 1859 in Bialystok, Polen, geboren. Er war der Sohn von Rosalia und Mark Zamenhof, einem scharfsinnigen Lehrer f\u00fcr Geografie und moderne Sprachen. Die Lebensgeschichte des Jungen Ludwik, die Stadt, in der er geboren wurde, und der historische Moment sind ausschlaggebend f\u00fcr einige \u00dcberlegungen, die in der Erfindung des Esperanto gipfelten.<\/p>\n\n\n\n<p class=\"has-black-color has-text-color has-link-color has-small-font-size wp-elements-c27f78fbc14348c0728dbec0a3f1463c\">Bialystok, das damals zum Russischen Reich geh\u00f6rte, war eine von politischen, religi\u00f6sen und sprachlichen Differenzen zerrissene Stadt, in der vier Sprachen gesprochen wurden: Polnisch, Jiddisch, Russisch und Deutsch, und der Junge Lazarus wurde Zeuge von Auseinandersetzungen und Streitigkeiten, die oft in Tr\u00e4nen, Blut und sogar gewaltsamen Todesf\u00e4llen endeten. Dieser schreckliche Eindruck sollte nie aus seinem Ged\u00e4chtnis verschwinden, und so tr\u00e4umte er von Kindheit an davon, eine Sprache zu schaffen, mit der sich die Bewohner seiner Stadt und die ganze Welt verst\u00e4ndigen k\u00f6nnten.<\/p>\n\n\n\n<p class=\"has-black-color has-text-color has-link-color has-small-font-size wp-elements-f29f72885fe07dda78e287292143872a\">Er lernte mehrere Sprachen (neben den vier Sprachen seiner Heimatstadt): Latein, Hebr\u00e4isch, Franz\u00f6sisch, Griechisch und Italienisch, um nur einige zu nennen. Im Jahr 1878 schrieb er \u201eLingve Universala\u201c, das zum Vorl\u00e4ufer des Esperanto werden sollte.<\/p>\n\n\n\n<p class=\"has-black-color has-text-color has-link-color has-small-font-size wp-elements-cd7a783692a22428038306fc45dba0dc\">Zamenhofs Familie zog nach Warschau, und nach seinem Schulabschluss wurde er zum Medizinstudium nach Moskau geschickt. W\u00e4hrend seiner Abwesenheit verbrannte sein Vater, der sich Sorgen um die Zukunft seines Sohnes machte, seine Manuskripte \u00fcber die Internationale Sprache.<\/p>\n\n\n\n<p class=\"has-black-color has-text-color has-link-color has-small-font-size wp-elements-5b513e80da288b85df158ffc73b412ba\">Nach der R\u00fcckkehr ins Haus seines Vaters und der Erkenntnis, was geschehen war, begann Ludwik geduldig, sein gesamtes Projekt zu rekonstruieren. Erst nach ausgiebigen Experimenten und akribischer Pr\u00fcfung der Grammatik und des Wortschatzes, die er intensiv erprobt und getestet hatte, hielt er sein Werk f\u00fcr fertig. Er \u00fcbersetzte gro\u00dfe Werke der Weltliteratur ins Esperanto, darunter die Bibel (Altes Testament) und Shakespeares Hamlet. Er war damals 28 Jahre alt.<\/p>\n\n\n\n<p class=\"has-black-color has-text-color has-link-color has-small-font-size wp-elements-4fdbf1e9155b8182157d4a841dc77cc0\">Am 26. Juli 1887 brachte Zamenhof mit finanzieller Unterst\u00fctzung seines zuk\u00fcnftigen Schwiegervaters eine kleine Grammatik in russischer Sprache, \u201eLingvo Internacia\u201c, verfasst von \u201eDoktoro Esperanto\u201c (ein Pseudonym, das in der neuen Sprache \u201eArzt, der Hoffnung\" bedeutet), auf den Markt. Schlie\u00dflich wurde das Pseudonym auch f\u00fcr die Sprache selbst verwendet: Esperanto.<\/p>\n\n\n\n<p class=\"has-black-color has-text-color has-link-color has-small-font-size wp-elements-eb0627df64565f55cec5e7eaa910dc61\">Ohne seinen Beruf als Augenarzt aufzugeben, arbeitete Ludwik hart daran, die Internationale Sprache bekannt zu machen. Erst nachdem er seine Arbeit beendet und ver\u00f6ffentlicht hatte, beschloss er zu heiraten. Am 9. August 1887 heiratete er Klara Silbernik, mit der er drei Kinder hatte: Lidia, Adam und Sophia.<\/p>\n\n\n\n<p class=\"has-black-color has-text-color has-link-color has-small-font-size wp-elements-23ef5223ce256e7d1dcd01af811a66e4\">Im August 1905 erlebte Zamenhof die Verwirklichung seines Ideals auf dem Ersten Esperanto-Weltkongress in Boulogne-sur-Mer, Frankreich, wo sich Hunderte von Menschen aus verschiedenen L\u00e4ndern versammelten, um sich w\u00e4hrend der sechs Veranstaltungstage in einer einzigen Sprache zu verst\u00e4ndigen. Der Sch\u00f6pfer der Sprache der Br\u00fcderlichkeit nahm auch an acht weiteren Weltkongressen teil und hielt auf fast allen Kongressen Reden, wobei er immer allein reiste, was ihm Schwierigkeiten bereitete, aber nie sein Prestige ausnutzte.<\/p>\n\n\n\n<p class=\"has-black-color has-text-color has-link-color has-small-font-size wp-elements-3fd8b217f8015c975f51221d262bbdf0\">Der Ausbruch des Ersten Weltkriegs im Jahr 1914 unterbrach die Verbreitung des Esperanto f\u00fcr eine gewisse Zeit. Ersch\u00fcttert und von Herzproblemen geplagt, starb Zamenhof drei Jahre sp\u00e4ter, am 14. April 1917, in Warschau, Polen.<\/p>\n\n\n\n<p class=\"has-black-color has-text-color has-link-color has-small-font-size wp-elements-575b06b6ddfcf2a82c16cb3df5afb42d\">Ludwik Lejzer Zamenhof war ein Mann, der mit au\u00dfergew\u00f6hnlicher Willenskraft ausgestattet war, um sein humanistisches Ideal zu verbreiten. Er war ein wahrer Universalist, Pazifist und Denker, der das Sektierertum bek\u00e4mpfte. Sein Leben war von Opfern, Selbstverleugnung und Hingabe gepr\u00e4gt; er war ein \u00e4u\u00dferst sympathischer Mensch, der Toleranz und Freundlichkeit gegen\u00fcber allen Menschen pflegte und keine Gelegenheit auslie\u00df, sich wohlt\u00e4tig zu zeigen. Daf\u00fcr wurde er von der UNESCO als \u201eWohlt\u00e4ter der Menschheit\u201c gew\u00fcrdigt, als ein Geist, der der menschlichen Familie das ideale Instrument f\u00fcr die Kommunikation zwischen ihren Mitgliedern und f\u00fcr ihren Fortschritt auf der Grundlage universeller Br\u00fcderlichkeit hinterlassen hat.<\/p>\n<\/div><\/div>","protected":false},"excerpt":{"rendered":"<p>L\u00e1zaro Luiz Zamenhof L\u00e1zaro Luiz Zamenhof (o Ludwik Lejzer Zamenhof) naci\u00f3 el 15 de diciembre de 1859 en Bialystok, Polonia. Era hijo de Rosal\u00eda y Marcos Zamenhof, un perspicaz profesor de geograf\u00eda y lenguas modernas. La historia de la vida del ni\u00f1o L\u00e1zaro, la ciudad donde naci\u00f3 y el momento hist\u00f3rico son cruciales para desencadenar [&hellip;]<\/p>","protected":false},"author":1,"featured_media":3951,"parent":0,"menu_order":0,"comment_status":"closed","ping_status":"closed","template":"","meta":{"_uag_custom_page_level_css":"","site-sidebar-layout":"default","site-content-layout":"","ast-site-content-layout":"default","site-content-style":"default","site-sidebar-style":"default","ast-global-header-display":"","ast-banner-title-visibility":"","ast-main-header-display":"","ast-hfb-above-header-display":"","ast-hfb-below-header-display":"","ast-hfb-mobile-header-display":"","site-post-title":"","ast-breadcrumbs-content":"","ast-featured-img":"","footer-sml-layout":"","theme-transparent-header-meta":"","adv-header-id-meta":"","stick-header-meta":"","header-above-stick-meta":"","header-main-stick-meta":"","header-below-stick-meta":"","astra-migrate-meta-layouts":"set","ast-page-background-enabled":"default","ast-page-background-meta":{"desktop":{"background-color":"var(--ast-global-color-4)","background-image":"","background-repeat":"repeat","background-position":"center center","background-size":"auto","background-attachment":"scroll","background-type":"","background-media":"","overlay-type":"","overlay-color":"","overlay-opacity":"","overlay-gradient":""},"tablet":{"background-color":"","background-image":"","background-repeat":"repeat","background-position":"center center","background-size":"auto","background-attachment":"scroll","background-type":"","background-media":"","overlay-type":"","overlay-color":"","overlay-opacity":"","overlay-gradient":""},"mobile":{"background-color":"","background-image":"","background-repeat":"repeat","background-position":"center center","background-size":"auto","background-attachment":"scroll","background-type":"","background-media":"","overlay-type":"","overlay-color":"","overlay-opacity":"","overlay-gradient":""}},"ast-content-background-meta":{"desktop":{"background-color":"var(--ast-global-color-5)","background-image":"","background-repeat":"repeat","background-position":"center center","background-size":"auto","background-attachment":"scroll","background-type":"","background-media":"","overlay-type":"","overlay-color":"","overlay-opacity":"","overlay-gradient":""},"tablet":{"background-color":"var(--ast-global-color-5)","background-image":"","background-repeat":"repeat","background-position":"center center","background-size":"auto","background-attachment":"scroll","background-type":"","background-media":"","overlay-type":"","overlay-color":"","overlay-opacity":"","overlay-gradient":""},"mobile":{"background-color":"var(--ast-global-color-5)","background-image":"","background-repeat":"repeat","background-position":"center center","background-size":"auto","background-attachment":"scroll","background-type":"","background-media":"","overlay-type":"","overlay-color":"","overlay-opacity":"","overlay-gradient":""}},"footnotes":""},"class_list":["post-3949","page","type-page","status-publish","has-post-thumbnail","hentry"],"yoast_head":"<!-- This site is optimized with the Yoast SEO Premium plugin v24.2 (Yoast SEO v24.6) - https:\/\/yoast.com\/wordpress\/plugins\/seo\/ -->\n<title>L\u00e1zaro Luiz Zamenhof - Uni\u00f3n Esp\u00edrita<\/title>\n<meta name=\"robots\" content=\"index, follow, max-snippet:-1, max-image-preview:large, max-video-preview:-1\" \/>\n<link rel=\"canonical\" href=\"https:\/\/nuevo-renacer.com\/de\/lazaro-luiz-zamenhof\/\" \/>\n<meta property=\"og:locale\" content=\"de_DE\" \/>\n<meta property=\"og:type\" content=\"article\" \/>\n<meta property=\"og:title\" content=\"L\u00e1zaro Luiz Zamenhof\" \/>\n<meta property=\"og:description\" content=\"L\u00e1zaro Luiz Zamenhof L\u00e1zaro Luiz Zamenhof (o Ludwik Lejzer Zamenhof) naci\u00f3 el 15 de diciembre de 1859 en Bialystok, Polonia. Era hijo de Rosal\u00eda y Marcos Zamenhof, un perspicaz profesor de geograf\u00eda y lenguas modernas. La historia de la vida del ni\u00f1o L\u00e1zaro, la ciudad donde naci\u00f3 y el momento hist\u00f3rico son cruciales para desencadenar [&hellip;]\" \/>\n<meta property=\"og:url\" content=\"https:\/\/nuevo-renacer.com\/de\/lazaro-luiz-zamenhof\/\" \/>\n<meta property=\"og:site_name\" content=\"Uni\u00f3n Esp\u00edrita\" \/>\n<meta property=\"article:publisher\" content=\"https:\/\/www.facebook.com\/groups\/3431398063740829\" \/>\n<meta property=\"article:modified_time\" content=\"2024-07-17T09:19:53+00:00\" \/>\n<meta property=\"og:image\" content=\"https:\/\/nuevo-renacer.com\/wp-content\/uploads\/2024\/07\/427px-1908-kl-t-zamenhof.jpg\" \/>\n\t<meta property=\"og:image:width\" content=\"427\" \/>\n\t<meta property=\"og:image:height\" content=\"599\" \/>\n\t<meta property=\"og:image:type\" content=\"image\/jpeg\" \/>\n<meta name=\"twitter:card\" content=\"summary_large_image\" \/>\n<meta name=\"twitter:label1\" content=\"Gesch\u00e4tzte Lesezeit\" \/>\n\t<meta name=\"twitter:data1\" content=\"3\u00a0Minuten\" \/>\n<script type=\"application\/ld+json\" class=\"yoast-schema-graph\">{\"@context\":\"https:\/\/schema.org\",\"@graph\":[{\"@type\":\"WebPage\",\"@id\":\"https:\/\/nuevo-renacer.com\/lazaro-luiz-zamenhof\/\",\"url\":\"https:\/\/nuevo-renacer.com\/lazaro-luiz-zamenhof\/\",\"name\":\"L\u00e1zaro Luiz Zamenhof - Uni\u00f3n Esp\u00edrita\",\"isPartOf\":{\"@id\":\"https:\/\/nuevo-renacer.com\/#website\"},\"primaryImageOfPage\":{\"@id\":\"https:\/\/nuevo-renacer.com\/lazaro-luiz-zamenhof\/#primaryimage\"},\"image\":{\"@id\":\"https:\/\/nuevo-renacer.com\/lazaro-luiz-zamenhof\/#primaryimage\"},\"thumbnailUrl\":\"https:\/\/nuevo-renacer.com\/wp-content\/uploads\/2024\/07\/427px-1908-kl-t-zamenhof.jpg\",\"datePublished\":\"2024-07-17T09:19:50+00:00\",\"dateModified\":\"2024-07-17T09:19:53+00:00\",\"breadcrumb\":{\"@id\":\"https:\/\/nuevo-renacer.com\/lazaro-luiz-zamenhof\/#breadcrumb\"},\"inLanguage\":\"de\",\"potentialAction\":[{\"@type\":\"ReadAction\",\"target\":[\"https:\/\/nuevo-renacer.com\/lazaro-luiz-zamenhof\/\"]}]},{\"@type\":\"ImageObject\",\"inLanguage\":\"de\",\"@id\":\"https:\/\/nuevo-renacer.com\/lazaro-luiz-zamenhof\/#primaryimage\",\"url\":\"https:\/\/nuevo-renacer.com\/wp-content\/uploads\/2024\/07\/427px-1908-kl-t-zamenhof.jpg\",\"contentUrl\":\"https:\/\/nuevo-renacer.com\/wp-content\/uploads\/2024\/07\/427px-1908-kl-t-zamenhof.jpg\",\"width\":427,\"height\":599},{\"@type\":\"BreadcrumbList\",\"@id\":\"https:\/\/nuevo-renacer.com\/lazaro-luiz-zamenhof\/#breadcrumb\",\"itemListElement\":[{\"@type\":\"ListItem\",\"position\":1,\"name\":\"Startseite\",\"item\":\"https:\/\/nuevo-renacer.com\/\"},{\"@type\":\"ListItem\",\"position\":2,\"name\":\"L\u00e1zaro Luiz Zamenhof\"}]},{\"@type\":\"WebSite\",\"@id\":\"https:\/\/nuevo-renacer.com\/#website\",\"url\":\"https:\/\/nuevo-renacer.com\/\",\"name\":\"Uni\u00f3n Esp\u00edrita\",\"description\":\"Nuevo Renacer\",\"publisher\":{\"@id\":\"https:\/\/nuevo-renacer.com\/#organization\"},\"potentialAction\":[{\"@type\":\"SearchAction\",\"target\":{\"@type\":\"EntryPoint\",\"urlTemplate\":\"https:\/\/nuevo-renacer.com\/?s={search_term_string}\"},\"query-input\":{\"@type\":\"PropertyValueSpecification\",\"valueRequired\":true,\"valueName\":\"search_term_string\"}}],\"inLanguage\":\"de\"},{\"@type\":\"Organization\",\"@id\":\"https:\/\/nuevo-renacer.com\/#organization\",\"name\":\"UFEC\",\"url\":\"https:\/\/nuevo-renacer.com\/\",\"logo\":{\"@type\":\"ImageObject\",\"inLanguage\":\"de\",\"@id\":\"https:\/\/nuevo-renacer.com\/#\/schema\/logo\/image\/\",\"url\":\"https:\/\/nuevo-renacer.com\/wp-content\/uploads\/2024\/05\/cropped-LOGO-TERMINADO1-3-3.png\",\"contentUrl\":\"https:\/\/nuevo-renacer.com\/wp-content\/uploads\/2024\/05\/cropped-LOGO-TERMINADO1-3-3.png\",\"width\":512,\"height\":512,\"caption\":\"UFEC\"},\"image\":{\"@id\":\"https:\/\/nuevo-renacer.com\/#\/schema\/logo\/image\/\"},\"sameAs\":[\"https:\/\/www.facebook.com\/groups\/3431398063740829\"]}]}<\/script>\n<!-- \/ Yoast SEO Premium plugin. -->","yoast_head_json":{"title":"L\u00e1zaro Luiz Zamenhof - Uni\u00f3n Esp\u00edrita","robots":{"index":"index","follow":"follow","max-snippet":"max-snippet:-1","max-image-preview":"max-image-preview:large","max-video-preview":"max-video-preview:-1"},"canonical":"https:\/\/nuevo-renacer.com\/de\/lazaro-luiz-zamenhof\/","og_locale":"de_DE","og_type":"article","og_title":"L\u00e1zaro Luiz Zamenhof","og_description":"L\u00e1zaro Luiz Zamenhof L\u00e1zaro Luiz Zamenhof (o Ludwik Lejzer Zamenhof) naci\u00f3 el 15 de diciembre de 1859 en Bialystok, Polonia. Era hijo de Rosal\u00eda y Marcos Zamenhof, un perspicaz profesor de geograf\u00eda y lenguas modernas. La historia de la vida del ni\u00f1o L\u00e1zaro, la ciudad donde naci\u00f3 y el momento hist\u00f3rico son cruciales para desencadenar [&hellip;]","og_url":"https:\/\/nuevo-renacer.com\/de\/lazaro-luiz-zamenhof\/","og_site_name":"Uni\u00f3n Esp\u00edrita","article_publisher":"https:\/\/www.facebook.com\/groups\/3431398063740829","article_modified_time":"2024-07-17T09:19:53+00:00","og_image":[{"width":427,"height":599,"url":"https:\/\/nuevo-renacer.com\/wp-content\/uploads\/2024\/07\/427px-1908-kl-t-zamenhof.jpg","type":"image\/jpeg"}],"twitter_card":"summary_large_image","twitter_misc":{"Gesch\u00e4tzte Lesezeit":"3\u00a0Minuten"},"schema":{"@context":"https:\/\/schema.org","@graph":[{"@type":"WebPage","@id":"https:\/\/nuevo-renacer.com\/lazaro-luiz-zamenhof\/","url":"https:\/\/nuevo-renacer.com\/lazaro-luiz-zamenhof\/","name":"L\u00e1zaro Luiz Zamenhof - Uni\u00f3n Esp\u00edrita","isPartOf":{"@id":"https:\/\/nuevo-renacer.com\/#website"},"primaryImageOfPage":{"@id":"https:\/\/nuevo-renacer.com\/lazaro-luiz-zamenhof\/#primaryimage"},"image":{"@id":"https:\/\/nuevo-renacer.com\/lazaro-luiz-zamenhof\/#primaryimage"},"thumbnailUrl":"https:\/\/nuevo-renacer.com\/wp-content\/uploads\/2024\/07\/427px-1908-kl-t-zamenhof.jpg","datePublished":"2024-07-17T09:19:50+00:00","dateModified":"2024-07-17T09:19:53+00:00","breadcrumb":{"@id":"https:\/\/nuevo-renacer.com\/lazaro-luiz-zamenhof\/#breadcrumb"},"inLanguage":"de","potentialAction":[{"@type":"ReadAction","target":["https:\/\/nuevo-renacer.com\/lazaro-luiz-zamenhof\/"]}]},{"@type":"ImageObject","inLanguage":"de","@id":"https:\/\/nuevo-renacer.com\/lazaro-luiz-zamenhof\/#primaryimage","url":"https:\/\/nuevo-renacer.com\/wp-content\/uploads\/2024\/07\/427px-1908-kl-t-zamenhof.jpg","contentUrl":"https:\/\/nuevo-renacer.com\/wp-content\/uploads\/2024\/07\/427px-1908-kl-t-zamenhof.jpg","width":427,"height":599},{"@type":"BreadcrumbList","@id":"https:\/\/nuevo-renacer.com\/lazaro-luiz-zamenhof\/#breadcrumb","itemListElement":[{"@type":"ListItem","position":1,"name":"Startseite","item":"https:\/\/nuevo-renacer.com\/"},{"@type":"ListItem","position":2,"name":"L\u00e1zaro Luiz Zamenhof"}]},{"@type":"WebSite","@id":"https:\/\/nuevo-renacer.com\/#website","url":"https:\/\/nuevo-renacer.com\/","name":"Uni\u00f3n Esp\u00edrita","description":"Nuevo Renacer","publisher":{"@id":"https:\/\/nuevo-renacer.com\/#organization"},"potentialAction":[{"@type":"SearchAction","target":{"@type":"EntryPoint","urlTemplate":"https:\/\/nuevo-renacer.com\/?s={search_term_string}"},"query-input":{"@type":"PropertyValueSpecification","valueRequired":true,"valueName":"search_term_string"}}],"inLanguage":"de"},{"@type":"Organization","@id":"https:\/\/nuevo-renacer.com\/#organization","name":"UFEC","url":"https:\/\/nuevo-renacer.com\/","logo":{"@type":"ImageObject","inLanguage":"de","@id":"https:\/\/nuevo-renacer.com\/#\/schema\/logo\/image\/","url":"https:\/\/nuevo-renacer.com\/wp-content\/uploads\/2024\/05\/cropped-LOGO-TERMINADO1-3-3.png","contentUrl":"https:\/\/nuevo-renacer.com\/wp-content\/uploads\/2024\/05\/cropped-LOGO-TERMINADO1-3-3.png","width":512,"height":512,"caption":"UFEC"},"image":{"@id":"https:\/\/nuevo-renacer.com\/#\/schema\/logo\/image\/"},"sameAs":["https:\/\/www.facebook.com\/groups\/3431398063740829"]}]}},"uagb_featured_image_src":{"full":["https:\/\/nuevo-renacer.com\/wp-content\/uploads\/2024\/07\/427px-1908-kl-t-zamenhof.jpg",427,599,false],"thumbnail":["https:\/\/nuevo-renacer.com\/wp-content\/uploads\/2024\/07\/427px-1908-kl-t-zamenhof-150x150.jpg",150,150,true],"medium":["https:\/\/nuevo-renacer.com\/wp-content\/uploads\/2024\/07\/427px-1908-kl-t-zamenhof-214x300.jpg",214,300,true],"medium_large":["https:\/\/nuevo-renacer.com\/wp-content\/uploads\/2024\/07\/427px-1908-kl-t-zamenhof.jpg",427,599,false],"large":["https:\/\/nuevo-renacer.com\/wp-content\/uploads\/2024\/07\/427px-1908-kl-t-zamenhof.jpg",427,599,false],"1536x1536":["https:\/\/nuevo-renacer.com\/wp-content\/uploads\/2024\/07\/427px-1908-kl-t-zamenhof.jpg",427,599,false],"2048x2048":["https:\/\/nuevo-renacer.com\/wp-content\/uploads\/2024\/07\/427px-1908-kl-t-zamenhof.jpg",427,599,false],"trp-custom-language-flag":["https:\/\/nuevo-renacer.com\/wp-content\/uploads\/2024\/07\/427px-1908-kl-t-zamenhof-9x12.jpg",9,12,true]},"uagb_author_info":{"display_name":"adbv0","author_link":"https:\/\/nuevo-renacer.com\/de\/author\/adbv0\/"},"uagb_comment_info":0,"uagb_excerpt":"L\u00e1zaro Luiz Zamenhof L\u00e1zaro Luiz Zamenhof (o Ludwik Lejzer Zamenhof) naci\u00f3 el 15 de diciembre de 1859 en Bialystok, Polonia. Era hijo de Rosal\u00eda y Marcos Zamenhof, un perspicaz profesor de geograf\u00eda y lenguas modernas. La historia de la vida del ni\u00f1o L\u00e1zaro, la ciudad donde naci\u00f3 y el momento hist\u00f3rico son cruciales para desencadenar&hellip;","jetpack_sharing_enabled":true,"_links":{"self":[{"href":"https:\/\/nuevo-renacer.com\/de\/wp-json\/wp\/v2\/pages\/3949","targetHints":{"allow":["GET"]}}],"collection":[{"href":"https:\/\/nuevo-renacer.com\/de\/wp-json\/wp\/v2\/pages"}],"about":[{"href":"https:\/\/nuevo-renacer.com\/de\/wp-json\/wp\/v2\/types\/page"}],"author":[{"embeddable":true,"href":"https:\/\/nuevo-renacer.com\/de\/wp-json\/wp\/v2\/users\/1"}],"replies":[{"embeddable":true,"href":"https:\/\/nuevo-renacer.com\/de\/wp-json\/wp\/v2\/comments?post=3949"}],"version-history":[{"count":2,"href":"https:\/\/nuevo-renacer.com\/de\/wp-json\/wp\/v2\/pages\/3949\/revisions"}],"predecessor-version":[{"id":3952,"href":"https:\/\/nuevo-renacer.com\/de\/wp-json\/wp\/v2\/pages\/3949\/revisions\/3952"}],"wp:featuredmedia":[{"embeddable":true,"href":"https:\/\/nuevo-renacer.com\/de\/wp-json\/wp\/v2\/media\/3951"}],"wp:attachment":[{"href":"https:\/\/nuevo-renacer.com\/de\/wp-json\/wp\/v2\/media?parent=3949"}],"curies":[{"name":"wp","href":"https:\/\/api.w.org\/{rel}","templated":true}]}}