{"id":3940,"date":"2024-07-17T08:54:03","date_gmt":"2024-07-17T08:54:03","guid":{"rendered":"https:\/\/ufec-mundial.com\/?page_id=3940"},"modified":"2024-12-17T10:37:59","modified_gmt":"2024-12-17T10:37:59","slug":"antonio-lima","status":"publish","type":"page","link":"https:\/\/nuevo-renacer.com\/de\/antonio-lima\/","title":{"rendered":"Ant\u00f4nio Lima"},"content":{"rendered":"<div class=\"wp-block-uagb-container uagb-block-e787a7b1 alignfull uagb-is-root-container\"><div class=\"uagb-container-inner-blocks-wrap\">\n<p class=\"has-black-color has-text-color has-link-color has-medium-font-size wp-elements-1cfbea983fa2d4ff649ba0785cd4238d\"><strong>Ant\u00f4nio Lima<\/strong><\/p>\n<\/div><\/div>\n\n\n\n<div class=\"wp-block-uagb-container uagb-block-840cfe58 alignfull uagb-is-root-container\"><div class=\"uagb-container-inner-blocks-wrap\">\n<figure class=\"wp-block-image size-full is-resized\"><img fetchpriority=\"high\" decoding=\"async\" width=\"400\" height=\"576\" src=\"https:\/\/ufec-mundial.com\/wp-content\/uploads\/2024\/07\/antonio.jpg\" alt=\"\" class=\"wp-image-3942\" style=\"width:211px;height:auto\" srcset=\"https:\/\/nuevo-renacer.com\/wp-content\/uploads\/2024\/07\/antonio.jpg 400w, https:\/\/nuevo-renacer.com\/wp-content\/uploads\/2024\/07\/antonio-208x300.jpg 208w, https:\/\/nuevo-renacer.com\/wp-content\/uploads\/2024\/07\/antonio-8x12.jpg 8w\" sizes=\"(max-width: 400px) 100vw, 400px\" \/><\/figure>\n<\/div><\/div>\n\n\n\n<div class=\"wp-block-uagb-container uagb-block-6dae8df8 alignfull uagb-is-root-container\"><div class=\"uagb-container-inner-blocks-wrap\">\n<p class=\"has-black-color has-text-color has-link-color has-small-font-size wp-elements-21a9ab90e1af9ac8309550f8adf824c5\">Ant\u00f4nio Lima wurde am 30. M\u00e4rz 1864 in der ehemaligen Hauptstadt des Kaiserreichs, Rio de Janeiro, geboren. Er war einer der Pioniere des Spiritismus in Rio de Janeiro, und es ist nicht genau bekannt, wie er die Lehre kennengelernt hat. Im Jahr 1904 ver\u00f6ffentlichte die Brasilianische Spiritistische F\u00f6deration (FEB) die von ihm \u00fcbersetzten B\u00fccher der Kodifikation in einer Sonderausgabe zum Gedenken an den ersten hundertsten Geburtstag von Allan Kardec.<\/p>\n\n\n\n<p class=\"has-black-color has-text-color has-link-color has-small-font-size wp-elements-b1ad00f51477aefac9a2649f86d3ea28\">Als Schriftsteller, Journalist und gro\u00dfer Verfechter der Lehre hinterlie\u00df Lima eine umfangreiche Bibliographie spiritistischer und nicht-spiritistischer Werke sowie mehrere \u00dcbersetzungen aus dem Franz\u00f6sischen, Englischen und Spanischen. Unter seinen B\u00fcchern sind die folgenden hervorzuheben: Belos, Flores Fanadas und Canto do Cisne (Verse), Epopeia da Natureza (lyrische Episode), O Cora\u00e7\u00e3o de Jesus (evangelisches Gedicht), The Redemptive Crusade (Erl\u00f6sungskreuzzug), bestehend aus drei Romanen: A Caminho do Abismo, Senda de Espinhos und Estrada de Damasco (Kette von aufeinanderfolgenden Leben, die die Reinkarnation mit der g\u00f6ttlichen Gerechtigkeit betonen), sowie A Son\u00e2mbula (Der Somnambuleist) und A Vida de Jesus (Das Leben von Jesus).<\/p>\n\n\n\n<p class=\"has-black-color has-text-color has-link-color has-small-font-size wp-elements-83ced91f0f1d5ea40a0f6c8625fdf131\">Er arbeitete mit der gesamten spiritistischen Presse seiner Zeit zusammen und war einer der meistgefragten Erkl\u00e4rer. Er besa\u00df eine intuitive Medialit\u00e4t und behauptete, dass alle seine B\u00fccher aus einer Inspiration stammten; allerdings identifizierte er den oder die geistigen Urheber nicht und signierte daher alle seine B\u00fccher.<\/p>\n\n\n\n<p class=\"has-black-color has-text-color has-link-color has-small-font-size wp-elements-9ac4e602a35ec49401586550efe90a1b\">Als entschiedener Verfechter der Reinheit der Lehre wurden seine Worte mit Respekt und Bewunderung geh\u00f6rt, sowohl in lehrm\u00e4\u00dfigen als auch in evangelischen Fragen. Von klein auf war er ein wahrer S\u00e4mann im Dienste Jesu und spielte eine bedeutende Rolle bei der Verbreitung des Spiritismus an verschiedenen Fronten der Arbeit. Die St\u00e4dte Tr\u00eas Rios, Te\u00f3filo Otoni, Astolfo Dutra, Bicas, Juiz de Fora und viele andere erlebten seine Redekunst in unvergesslichen Vortr\u00e4gen.<\/p>\n\n\n\n<p class=\"has-black-color has-text-color has-link-color has-small-font-size wp-elements-ae8f1a32acc4cb1a5ecc9cd1fed19223\">Er lebte viele Jahre in Belo Horizonte, wo er der spiritistischen Gemeinschaft viele Verdienste hinterlie\u00df. Er war einer der Gr\u00fcnder und erster Pr\u00e4sident der Spiritistischen Union von Minas Gerais, wo er eine gro\u00dfe Kampagne zugunsten des systematischen Studiums der Werke von Allan Kardec f\u00fchrte, ein Studium, das viele Mitglieder anzog.<\/p>\n\n\n\n<p class=\"has-black-color has-text-color has-link-color has-small-font-size wp-elements-ae278467c24dd3e47f789d96b6f82f39\">Die Ergebnisse waren sehr vielversprechend, und viele dieser Lehrlinge traten in die vorderste Reihe der Lehre ein. Auf diese Weise hinterlie\u00df Ant\u00f4nio Lima seiner Nachwelt eine Reihe wertvoller Dienste f\u00fcr den Spiritualismus, als Journalist, Dichter, Schriftsteller und an verschiedenen anderen Fronten der Arbeit. Ein langes und in jeder Hinsicht n\u00fctzliches Leben, insbesondere als J\u00fcnger Christi, der den Boden f\u00fcr das dritte Jahrtausend bereitet hat.<\/p>\n\n\n\n<p class=\"has-black-color has-text-color has-link-color has-small-font-size wp-elements-00d2083e87cd5ae8b6b01d2e69e01a5f\">Er war einer der Bef\u00fcrworter der Vereinigungsbewegung, die von Dr. Bezerra de Menezes als Pr\u00e4sident der brasilianischen Spiritistenf\u00f6deration vertreten wurde. Im Jahr 1922 trafen sich Vertreter fast aller staatlichen F\u00f6derationen in Rio de Janeiro, ein Vorgeschmack auf den Goldenen Pakt, der erst 1949 zustande kam.<\/p>\n\n\n\n<p class=\"has-black-color has-text-color has-link-color has-small-font-size wp-elements-053ab0a987b47d14831067c3acd7f2e4\">In den 1940er Jahren f\u00fchrte die verschwundene Zeitung A Vanguarda, die in Rio de Janeiro und sogar in ganz Brasilien gro\u00dfe Verbreitung und Ansehen genoss, eine Reihe von Interviews mit prominenten Pers\u00f6nlichkeiten des Spiritismus zum Thema \u201eDer Einfluss der Musik in den spiritistischen Kreisen\u201c. \u00c1lvaro Brand\u00e3o da Rocha interviewte Ant\u00f4nio Lima, der sagte: \u201eWir alle kennen die Seiten der posthumen Werke des Meisters Kardec, in denen Bellini sagt, dass \u201adie Musik des Himmels eine Erhabenheit im Vergleich zur Musik der Erde ist\u2018, und der inspirierte Autor von Der Somnambuleist f\u00fcgt hinzu, \u201adass wir die irdische Musik nicht sch\u00f6n finden, weil die sch\u00f6nsten Stimmen oder die materiellen Instrumente uns keine Vorstellung von der himmlischen Musik und ihrer sanften Harmonie geben k\u00f6nnen\u2018.<\/p>\n\n\n\n<p class=\"has-black-color has-text-color has-link-color has-small-font-size wp-elements-44b1aa85b32efd8fd94d59fb114d8b72\">Im Jahr 1944 ver\u00f6ffentlichte Professor Leopoldo Machado mit Genehmigung der Direktion von A Vanguarda ein Buch mit dem Titel Um Inqu\u00e9rito Original (Eine originelle Untersuchung), das auf einem Interview mit Ant\u00f4nio Lima basierte und zugunsten von O Lar de Jesus, einer Wohlt\u00e4tigkeitsorganisation f\u00fcr Waisenkinder in Nova Igua\u00e7u, RJ, erschien.<\/p>\n\n\n\n<p class=\"has-black-color has-text-color has-link-color has-small-font-size wp-elements-a6e21696f68f92949d1968cc93503df7\">Als er fast 80 Jahre alt war, ergriff er die Initiative zur Gr\u00fcndung der Verlagsgesellschaft der B\u00fccher von Allan Kardec, deren Akronym \u201eSEAL\u201c lautete, mit dem Ziel, die grundlegenden B\u00fccher des Spiritismus billiger zu machen. Einer seiner Biographen sagt, dass Ant\u00f4nio Lima ein echter Autodidakt war, da er sich das Lesen selbst beibrachte.<\/p>\n\n\n\n<p class=\"has-black-color has-text-color has-link-color has-small-font-size wp-elements-665a586974ce384d60f66b2143db41e0\">Ant\u00f4nio Lima starb am 26. M\u00e4rz 1946, nur vier Tage vor seinem 82. Geburtstag, in Para\u00edba do Sul. Er verbrachte einige Zeit in dieser Stadt, als er allein in einem Hotelzimmer zur Spiritualit\u00e4t zur\u00fcckkehrte.<\/p>\n\n\n\n<p class=\"has-black-color has-text-color has-link-color has-small-font-size wp-elements-11d5677d8f3675933029171dce81991f\">Dank M\u00e4nnern seines Kalibers, die sich allen Arten von Anfeindungen gegen den Spiritismus stellten, sowohl von Seiten der Wissenschaft als auch von Seiten dogmatischer Religionen, k\u00f6nnen wir heute wieder ein Klima des Respekts und der Sympathie f\u00fcr die Lehre der Geister atmen.<\/p>\n<\/div><\/div>\n\n\n\n<div class=\"wp-block-uagb-container uagb-block-c5301b95 alignfull uagb-is-root-container\"><div class=\"uagb-container-inner-blocks-wrap\"><\/div><\/div>\n\n\n\n<div class=\"wp-block-uagb-container uagb-block-37a6c433 alignfull uagb-is-root-container\"><div class=\"uagb-container-inner-blocks-wrap\"><\/div><\/div>","protected":false},"excerpt":{"rendered":"<p>Ant\u00f4nio Lima Ant\u00f4nio Lima naci\u00f3 en la antigua capital del Imperio, R\u00edo de Janeiro, el 30 de marzo de 1864. Fue uno de los pioneros del Espiritismo en R\u00edo de Janeiro, y no se sabe exactamente c\u00f3mo conoci\u00f3 la Doctrina. En 1904, la Federaci\u00f3n Esp\u00edrita Brasile\u00f1a (FEB) public\u00f3 los libros de la Codificaci\u00f3n traducidos por [&hellip;]<\/p>","protected":false},"author":1,"featured_media":3942,"parent":0,"menu_order":0,"comment_status":"closed","ping_status":"closed","template":"","meta":{"_uag_custom_page_level_css":"","site-sidebar-layout":"default","site-content-layout":"","ast-site-content-layout":"default","site-content-style":"default","site-sidebar-style":"default","ast-global-header-display":"","ast-banner-title-visibility":"","ast-main-header-display":"","ast-hfb-above-header-display":"","ast-hfb-below-header-display":"","ast-hfb-mobile-header-display":"","site-post-title":"","ast-breadcrumbs-content":"","ast-featured-img":"","footer-sml-layout":"","theme-transparent-header-meta":"","adv-header-id-meta":"","stick-header-meta":"","header-above-stick-meta":"","header-main-stick-meta":"","header-below-stick-meta":"","astra-migrate-meta-layouts":"set","ast-page-background-enabled":"default","ast-page-background-meta":{"desktop":{"background-color":"var(--ast-global-color-4)","background-image":"","background-repeat":"repeat","background-position":"center center","background-size":"auto","background-attachment":"scroll","background-type":"","background-media":"","overlay-type":"","overlay-color":"","overlay-opacity":"","overlay-gradient":""},"tablet":{"background-color":"","background-image":"","background-repeat":"repeat","background-position":"center center","background-size":"auto","background-attachment":"scroll","background-type":"","background-media":"","overlay-type":"","overlay-color":"","overlay-opacity":"","overlay-gradient":""},"mobile":{"background-color":"","background-image":"","background-repeat":"repeat","background-position":"center center","background-size":"auto","background-attachment":"scroll","background-type":"","background-media":"","overlay-type":"","overlay-color":"","overlay-opacity":"","overlay-gradient":""}},"ast-content-background-meta":{"desktop":{"background-color":"var(--ast-global-color-5)","background-image":"","background-repeat":"repeat","background-position":"center center","background-size":"auto","background-attachment":"scroll","background-type":"","background-media":"","overlay-type":"","overlay-color":"","overlay-opacity":"","overlay-gradient":""},"tablet":{"background-color":"var(--ast-global-color-5)","background-image":"","background-repeat":"repeat","background-position":"center center","background-size":"auto","background-attachment":"scroll","background-type":"","background-media":"","overlay-type":"","overlay-color":"","overlay-opacity":"","overlay-gradient":""},"mobile":{"background-color":"var(--ast-global-color-5)","background-image":"","background-repeat":"repeat","background-position":"center center","background-size":"auto","background-attachment":"scroll","background-type":"","background-media":"","overlay-type":"","overlay-color":"","overlay-opacity":"","overlay-gradient":""}},"footnotes":""},"class_list":["post-3940","page","type-page","status-publish","has-post-thumbnail","hentry"],"yoast_head":"<!-- This site is optimized with the Yoast SEO Premium plugin v24.2 (Yoast SEO v24.6) - https:\/\/yoast.com\/wordpress\/plugins\/seo\/ -->\n<title>Ant\u00f4nio Lima - Uni\u00f3n Esp\u00edrita<\/title>\n<meta name=\"robots\" content=\"index, follow, max-snippet:-1, max-image-preview:large, max-video-preview:-1\" \/>\n<link rel=\"canonical\" href=\"https:\/\/nuevo-renacer.com\/de\/antonio-lima\/\" \/>\n<meta property=\"og:locale\" content=\"de_DE\" \/>\n<meta property=\"og:type\" content=\"article\" \/>\n<meta property=\"og:title\" content=\"Ant\u00f4nio Lima\" \/>\n<meta property=\"og:description\" content=\"Ant\u00f4nio Lima Ant\u00f4nio Lima naci\u00f3 en la antigua capital del Imperio, R\u00edo de Janeiro, el 30 de marzo de 1864. Fue uno de los pioneros del Espiritismo en R\u00edo de Janeiro, y no se sabe exactamente c\u00f3mo conoci\u00f3 la Doctrina. En 1904, la Federaci\u00f3n Esp\u00edrita Brasile\u00f1a (FEB) public\u00f3 los libros de la Codificaci\u00f3n traducidos por [&hellip;]\" \/>\n<meta property=\"og:url\" content=\"https:\/\/nuevo-renacer.com\/de\/antonio-lima\/\" \/>\n<meta property=\"og:site_name\" content=\"Uni\u00f3n Esp\u00edrita\" \/>\n<meta property=\"article:publisher\" content=\"https:\/\/www.facebook.com\/groups\/3431398063740829\" \/>\n<meta property=\"article:modified_time\" content=\"2024-12-17T10:37:59+00:00\" \/>\n<meta property=\"og:image\" content=\"https:\/\/nuevo-renacer.com\/wp-content\/uploads\/2024\/07\/antonio.jpg\" \/>\n\t<meta property=\"og:image:width\" content=\"400\" \/>\n\t<meta property=\"og:image:height\" content=\"576\" \/>\n\t<meta property=\"og:image:type\" content=\"image\/jpeg\" \/>\n<meta name=\"twitter:card\" content=\"summary_large_image\" \/>\n<meta name=\"twitter:label1\" content=\"Gesch\u00e4tzte Lesezeit\" \/>\n\t<meta name=\"twitter:data1\" content=\"4\u00a0Minuten\" \/>\n<script type=\"application\/ld+json\" class=\"yoast-schema-graph\">{\"@context\":\"https:\/\/schema.org\",\"@graph\":[{\"@type\":\"WebPage\",\"@id\":\"https:\/\/nuevo-renacer.com\/antonio-lima\/\",\"url\":\"https:\/\/nuevo-renacer.com\/antonio-lima\/\",\"name\":\"Ant\u00f4nio Lima - Uni\u00f3n Esp\u00edrita\",\"isPartOf\":{\"@id\":\"https:\/\/nuevo-renacer.com\/#website\"},\"primaryImageOfPage\":{\"@id\":\"https:\/\/nuevo-renacer.com\/antonio-lima\/#primaryimage\"},\"image\":{\"@id\":\"https:\/\/nuevo-renacer.com\/antonio-lima\/#primaryimage\"},\"thumbnailUrl\":\"https:\/\/nuevo-renacer.com\/wp-content\/uploads\/2024\/07\/antonio.jpg\",\"datePublished\":\"2024-07-17T08:54:03+00:00\",\"dateModified\":\"2024-12-17T10:37:59+00:00\",\"breadcrumb\":{\"@id\":\"https:\/\/nuevo-renacer.com\/antonio-lima\/#breadcrumb\"},\"inLanguage\":\"de\",\"potentialAction\":[{\"@type\":\"ReadAction\",\"target\":[\"https:\/\/nuevo-renacer.com\/antonio-lima\/\"]}]},{\"@type\":\"ImageObject\",\"inLanguage\":\"de\",\"@id\":\"https:\/\/nuevo-renacer.com\/antonio-lima\/#primaryimage\",\"url\":\"https:\/\/nuevo-renacer.com\/wp-content\/uploads\/2024\/07\/antonio.jpg\",\"contentUrl\":\"https:\/\/nuevo-renacer.com\/wp-content\/uploads\/2024\/07\/antonio.jpg\",\"width\":400,\"height\":576},{\"@type\":\"BreadcrumbList\",\"@id\":\"https:\/\/nuevo-renacer.com\/antonio-lima\/#breadcrumb\",\"itemListElement\":[{\"@type\":\"ListItem\",\"position\":1,\"name\":\"Startseite\",\"item\":\"https:\/\/nuevo-renacer.com\/\"},{\"@type\":\"ListItem\",\"position\":2,\"name\":\"Ant\u00f4nio Lima\"}]},{\"@type\":\"WebSite\",\"@id\":\"https:\/\/nuevo-renacer.com\/#website\",\"url\":\"https:\/\/nuevo-renacer.com\/\",\"name\":\"Uni\u00f3n Esp\u00edrita\",\"description\":\"Nuevo Renacer\",\"publisher\":{\"@id\":\"https:\/\/nuevo-renacer.com\/#organization\"},\"potentialAction\":[{\"@type\":\"SearchAction\",\"target\":{\"@type\":\"EntryPoint\",\"urlTemplate\":\"https:\/\/nuevo-renacer.com\/?s={search_term_string}\"},\"query-input\":{\"@type\":\"PropertyValueSpecification\",\"valueRequired\":true,\"valueName\":\"search_term_string\"}}],\"inLanguage\":\"de\"},{\"@type\":\"Organization\",\"@id\":\"https:\/\/nuevo-renacer.com\/#organization\",\"name\":\"UFEC\",\"url\":\"https:\/\/nuevo-renacer.com\/\",\"logo\":{\"@type\":\"ImageObject\",\"inLanguage\":\"de\",\"@id\":\"https:\/\/nuevo-renacer.com\/#\/schema\/logo\/image\/\",\"url\":\"https:\/\/nuevo-renacer.com\/wp-content\/uploads\/2024\/05\/cropped-LOGO-TERMINADO1-3-3.png\",\"contentUrl\":\"https:\/\/nuevo-renacer.com\/wp-content\/uploads\/2024\/05\/cropped-LOGO-TERMINADO1-3-3.png\",\"width\":512,\"height\":512,\"caption\":\"UFEC\"},\"image\":{\"@id\":\"https:\/\/nuevo-renacer.com\/#\/schema\/logo\/image\/\"},\"sameAs\":[\"https:\/\/www.facebook.com\/groups\/3431398063740829\"]}]}<\/script>\n<!-- \/ Yoast SEO Premium plugin. -->","yoast_head_json":{"title":"Ant\u00f4nio Lima - Uni\u00f3n Esp\u00edrita","robots":{"index":"index","follow":"follow","max-snippet":"max-snippet:-1","max-image-preview":"max-image-preview:large","max-video-preview":"max-video-preview:-1"},"canonical":"https:\/\/nuevo-renacer.com\/de\/antonio-lima\/","og_locale":"de_DE","og_type":"article","og_title":"Ant\u00f4nio Lima","og_description":"Ant\u00f4nio Lima Ant\u00f4nio Lima naci\u00f3 en la antigua capital del Imperio, R\u00edo de Janeiro, el 30 de marzo de 1864. Fue uno de los pioneros del Espiritismo en R\u00edo de Janeiro, y no se sabe exactamente c\u00f3mo conoci\u00f3 la Doctrina. En 1904, la Federaci\u00f3n Esp\u00edrita Brasile\u00f1a (FEB) public\u00f3 los libros de la Codificaci\u00f3n traducidos por [&hellip;]","og_url":"https:\/\/nuevo-renacer.com\/de\/antonio-lima\/","og_site_name":"Uni\u00f3n Esp\u00edrita","article_publisher":"https:\/\/www.facebook.com\/groups\/3431398063740829","article_modified_time":"2024-12-17T10:37:59+00:00","og_image":[{"width":400,"height":576,"url":"https:\/\/nuevo-renacer.com\/wp-content\/uploads\/2024\/07\/antonio.jpg","type":"image\/jpeg"}],"twitter_card":"summary_large_image","twitter_misc":{"Gesch\u00e4tzte Lesezeit":"4\u00a0Minuten"},"schema":{"@context":"https:\/\/schema.org","@graph":[{"@type":"WebPage","@id":"https:\/\/nuevo-renacer.com\/antonio-lima\/","url":"https:\/\/nuevo-renacer.com\/antonio-lima\/","name":"Ant\u00f4nio Lima - Uni\u00f3n Esp\u00edrita","isPartOf":{"@id":"https:\/\/nuevo-renacer.com\/#website"},"primaryImageOfPage":{"@id":"https:\/\/nuevo-renacer.com\/antonio-lima\/#primaryimage"},"image":{"@id":"https:\/\/nuevo-renacer.com\/antonio-lima\/#primaryimage"},"thumbnailUrl":"https:\/\/nuevo-renacer.com\/wp-content\/uploads\/2024\/07\/antonio.jpg","datePublished":"2024-07-17T08:54:03+00:00","dateModified":"2024-12-17T10:37:59+00:00","breadcrumb":{"@id":"https:\/\/nuevo-renacer.com\/antonio-lima\/#breadcrumb"},"inLanguage":"de","potentialAction":[{"@type":"ReadAction","target":["https:\/\/nuevo-renacer.com\/antonio-lima\/"]}]},{"@type":"ImageObject","inLanguage":"de","@id":"https:\/\/nuevo-renacer.com\/antonio-lima\/#primaryimage","url":"https:\/\/nuevo-renacer.com\/wp-content\/uploads\/2024\/07\/antonio.jpg","contentUrl":"https:\/\/nuevo-renacer.com\/wp-content\/uploads\/2024\/07\/antonio.jpg","width":400,"height":576},{"@type":"BreadcrumbList","@id":"https:\/\/nuevo-renacer.com\/antonio-lima\/#breadcrumb","itemListElement":[{"@type":"ListItem","position":1,"name":"Startseite","item":"https:\/\/nuevo-renacer.com\/"},{"@type":"ListItem","position":2,"name":"Ant\u00f4nio Lima"}]},{"@type":"WebSite","@id":"https:\/\/nuevo-renacer.com\/#website","url":"https:\/\/nuevo-renacer.com\/","name":"Uni\u00f3n Esp\u00edrita","description":"Nuevo Renacer","publisher":{"@id":"https:\/\/nuevo-renacer.com\/#organization"},"potentialAction":[{"@type":"SearchAction","target":{"@type":"EntryPoint","urlTemplate":"https:\/\/nuevo-renacer.com\/?s={search_term_string}"},"query-input":{"@type":"PropertyValueSpecification","valueRequired":true,"valueName":"search_term_string"}}],"inLanguage":"de"},{"@type":"Organization","@id":"https:\/\/nuevo-renacer.com\/#organization","name":"UFEC","url":"https:\/\/nuevo-renacer.com\/","logo":{"@type":"ImageObject","inLanguage":"de","@id":"https:\/\/nuevo-renacer.com\/#\/schema\/logo\/image\/","url":"https:\/\/nuevo-renacer.com\/wp-content\/uploads\/2024\/05\/cropped-LOGO-TERMINADO1-3-3.png","contentUrl":"https:\/\/nuevo-renacer.com\/wp-content\/uploads\/2024\/05\/cropped-LOGO-TERMINADO1-3-3.png","width":512,"height":512,"caption":"UFEC"},"image":{"@id":"https:\/\/nuevo-renacer.com\/#\/schema\/logo\/image\/"},"sameAs":["https:\/\/www.facebook.com\/groups\/3431398063740829"]}]}},"uagb_featured_image_src":{"full":["https:\/\/nuevo-renacer.com\/wp-content\/uploads\/2024\/07\/antonio.jpg",400,576,false],"thumbnail":["https:\/\/nuevo-renacer.com\/wp-content\/uploads\/2024\/07\/antonio-150x150.jpg",150,150,true],"medium":["https:\/\/nuevo-renacer.com\/wp-content\/uploads\/2024\/07\/antonio-208x300.jpg",208,300,true],"medium_large":["https:\/\/nuevo-renacer.com\/wp-content\/uploads\/2024\/07\/antonio.jpg",400,576,false],"large":["https:\/\/nuevo-renacer.com\/wp-content\/uploads\/2024\/07\/antonio.jpg",400,576,false],"1536x1536":["https:\/\/nuevo-renacer.com\/wp-content\/uploads\/2024\/07\/antonio.jpg",400,576,false],"2048x2048":["https:\/\/nuevo-renacer.com\/wp-content\/uploads\/2024\/07\/antonio.jpg",400,576,false],"trp-custom-language-flag":["https:\/\/nuevo-renacer.com\/wp-content\/uploads\/2024\/07\/antonio-8x12.jpg",8,12,true]},"uagb_author_info":{"display_name":"adbv0","author_link":"https:\/\/nuevo-renacer.com\/de\/author\/adbv0\/"},"uagb_comment_info":0,"uagb_excerpt":"Ant\u00f4nio Lima Ant\u00f4nio Lima naci\u00f3 en la antigua capital del Imperio, R\u00edo de Janeiro, el 30 de marzo de 1864. Fue uno de los pioneros del Espiritismo en R\u00edo de Janeiro, y no se sabe exactamente c\u00f3mo conoci\u00f3 la Doctrina. En 1904, la Federaci\u00f3n Esp\u00edrita Brasile\u00f1a (FEB) public\u00f3 los libros de la Codificaci\u00f3n traducidos por&hellip;","jetpack_sharing_enabled":true,"_links":{"self":[{"href":"https:\/\/nuevo-renacer.com\/de\/wp-json\/wp\/v2\/pages\/3940","targetHints":{"allow":["GET"]}}],"collection":[{"href":"https:\/\/nuevo-renacer.com\/de\/wp-json\/wp\/v2\/pages"}],"about":[{"href":"https:\/\/nuevo-renacer.com\/de\/wp-json\/wp\/v2\/types\/page"}],"author":[{"embeddable":true,"href":"https:\/\/nuevo-renacer.com\/de\/wp-json\/wp\/v2\/users\/1"}],"replies":[{"embeddable":true,"href":"https:\/\/nuevo-renacer.com\/de\/wp-json\/wp\/v2\/comments?post=3940"}],"version-history":[{"count":3,"href":"https:\/\/nuevo-renacer.com\/de\/wp-json\/wp\/v2\/pages\/3940\/revisions"}],"predecessor-version":[{"id":6547,"href":"https:\/\/nuevo-renacer.com\/de\/wp-json\/wp\/v2\/pages\/3940\/revisions\/6547"}],"wp:featuredmedia":[{"embeddable":true,"href":"https:\/\/nuevo-renacer.com\/de\/wp-json\/wp\/v2\/media\/3942"}],"wp:attachment":[{"href":"https:\/\/nuevo-renacer.com\/de\/wp-json\/wp\/v2\/media?parent=3940"}],"curies":[{"name":"wp","href":"https:\/\/api.w.org\/{rel}","templated":true}]}}