{"id":3921,"date":"2024-07-17T07:47:00","date_gmt":"2024-07-17T07:47:00","guid":{"rendered":"https:\/\/ufec-mundial.com\/?page_id=3921"},"modified":"2024-12-18T13:47:28","modified_gmt":"2024-12-18T13:47:28","slug":"breve-ensayo-sobre-los-estados-del-alma","status":"publish","type":"page","link":"https:\/\/nuevo-renacer.com\/de\/breve-ensayo-sobre-los-estados-del-alma\/","title":{"rendered":"Kurzer Essay \u00fcber die Zust\u00e4nde der Seele"},"content":{"rendered":"<div class=\"wp-block-uagb-container uagb-block-3076a10b alignfull uagb-is-root-container\"><div class=\"uagb-container-inner-blocks-wrap\">\n<p class=\"has-black-color has-text-color has-link-color has-medium-font-size wp-elements-9dd737c190bec2055b19f3b3e854a7ea\"><strong>Kurzer Essay \u00fcber die Zust\u00e4nde der Seele&nbsp;<\/strong><\/p>\n<\/div><\/div>\n\n\n\n<div class=\"wp-block-uagb-container uagb-block-d53c0716 alignfull uagb-is-root-container\"><div class=\"uagb-container-inner-blocks-wrap\">\n<figure class=\"wp-block-image size-full is-resized\"><img fetchpriority=\"high\" decoding=\"async\" width=\"338\" height=\"383\" src=\"https:\/\/ufec-mundial.com\/wp-content\/uploads\/2024\/07\/HD-wallpaper-soul-light-alma-aura-light-luz-myself-soul-spirit-spiritual-univers-white-thumbnail-1.jpg\" alt=\"\" class=\"wp-image-3924\" style=\"width:353px;height:auto\" srcset=\"https:\/\/nuevo-renacer.com\/wp-content\/uploads\/2024\/07\/HD-wallpaper-soul-light-alma-aura-light-luz-myself-soul-spirit-spiritual-univers-white-thumbnail-1.jpg 338w, https:\/\/nuevo-renacer.com\/wp-content\/uploads\/2024\/07\/HD-wallpaper-soul-light-alma-aura-light-luz-myself-soul-spirit-spiritual-univers-white-thumbnail-1-265x300.jpg 265w, https:\/\/nuevo-renacer.com\/wp-content\/uploads\/2024\/07\/HD-wallpaper-soul-light-alma-aura-light-luz-myself-soul-spirit-spiritual-univers-white-thumbnail-1-11x12.jpg 11w\" sizes=\"(max-width: 338px) 100vw, 338px\" \/><\/figure>\n<\/div><\/div>\n\n\n\n<div class=\"wp-block-uagb-container uagb-block-6d8058a6 alignfull uagb-is-root-container\"><div class=\"uagb-container-inner-blocks-wrap\">\n<p class=\"has-black-color has-text-color has-link-color has-small-font-size wp-elements-6385e2461273dcfd9acc0885c0c0dc43\">Das Leben ist fair, verl\u00e4sslich und authentisch, und wir sollten uns nicht \u00fcber die Art und Weise beschweren, wie wir leben, d.h. \u00fcber das, was uns widerf\u00e4hrt, denn das war das, was wir urspr\u00fcnglich f\u00fcr jetzt geschaffen haben - niemand sonst ist f\u00fcr unser Leben verantwortlich, war es nie und wird es nie sein. Wir erschaffen tats\u00e4chlich alles in unserem Leben durch unsere Gedanken, Gef\u00fchle, Einstellungen, Worte, all die Neigungen, die wir beharrlich hegen; es gibt sogar mehr ungl\u00fcckliche Menschen als gl\u00fcckliche. Aber wir k\u00f6nnen den Kontext jetzt \u00e4ndern, es braucht nur unseren Willen, vorw\u00e4rts zu gehen, denn wir haben schon so viel Zeit in kindischen Seelenzust\u00e4nden verbracht..&nbsp;<\/p>\n\n\n\n<p class=\"has-black-color has-text-color has-link-color has-small-font-size wp-elements-02b348571aeb83a0e548aa410dee5336\">Wenn wir beobachten, gibt es sogar zu verschiedenen Tageszeiten die Wahrnehmung eines anderen Zustands, entweder werden wir gl\u00fccklicher, reizbarer, hoffnungsvoller, oder wir f\u00fchlen uns f\u00fcr ein paar Sekunden ausgelaugt und dann kommt ein anderer Zustand. Wenn es so viele Wahrnehmungen an einem einzigen Tag gibt, dann kann man sich die Erfahrungen von unz\u00e4hligen Erfahrungen vorstellen. Bei so vielen Ereignissen und der verstrichenen Zeit muss man sich jedoch vor Augen halten, welche Empfindung man haben m\u00f6chte, denn jedes Gef\u00fchl, das gen\u00e4hrt wird, erzeugt genau die Reflexion, die man empfindet; man darf auch nie vergessen, dass es ein Meer von Geistern gibt, die uns beobachten, und das ist entscheidend f\u00fcr den Verlauf unserer Tage, wenn man bedenkt, dass wir sie entsprechend unserer Schwingung anziehen.&nbsp;<\/p>\n\n\n\n<p class=\"has-black-color has-text-color has-link-color has-small-font-size wp-elements-20b3c913f0994a15bcaada0c9e4132f6\">Je mehr wir uns selbst analysieren, desto mehr erkennen wir die vielf\u00e4ltigen Seelenzust\u00e4nde, die wir empfinden k\u00f6nnen; es bleibt uns die beste Wahl. Und das Bemerkenswerteste ist, dass wir den Impuls haben, unsere Verantwortung delegieren zu wollen, aber das ist nicht m\u00f6glich, und au\u00dferdem ist uns in unserer Sch\u00f6pfung die Unterscheidung zwischen dem, was f\u00f6rderlich ist, und dem, was nicht f\u00f6rderlich ist, gegeben worden. Sobald wir uns f\u00fcr etwas entscheiden, wird der entsprechende Zustand ausgel\u00f6st und seine Reaktion schafft Leben und kann nicht verleugnet werden. Dies ist f\u00fcr jeden verpflichtend.&nbsp;<\/p>\n\n\n\n<p class=\"has-black-color has-text-color has-link-color has-small-font-size wp-elements-227d00e445efe28c9732dfd10139d64b\">Wenn wir von Seelenzust\u00e4nden sprechen, m\u00fcssen wir diese Zust\u00e4nde in Bezug auf unsere Existenzen, auf unser t\u00e4gliches Leben in einer lebendigen Erfahrung und in der unbest\u00e4ndigen Welt reflektieren. Wo immer wir sind, unser Geist ist nat\u00fcrlich immer wach, denkt, schafft und f\u00fchlt.&nbsp;<\/p>\n\n\n\n<p class=\"has-black-color has-text-color has-link-color has-small-font-size wp-elements-4d1e305ac13795032a6d38700bddf6af\">Und da der freie Wille jedem Menschen innewohnt, ist es unsere Entscheidung, zu wachsen oder zu stagnieren, die die gl\u00fccklichsten Zust\u00e4nde unserer Tage vorbereiten wird - oder eben nicht. Und das ist so wichtig, dass ein einziger ungl\u00fccklicher Gedanke ausreicht, um Momente der Angst und Unruhe auszul\u00f6sen, die gro\u00dfe Mengen an Energie verbrauchen k\u00f6nnen, wenn man bedenkt, dass bestimmte Ausgaben nicht immer vollst\u00e4ndig wieder aufgef\u00fcllt werden k\u00f6nnen. Andererseits gibt es solche kostbaren Momente, die wir durch die Verbindung von guten Gef\u00fchlen, Gedanken und Haltungen schaffen, die unser Leben retten k\u00f6nnen.&nbsp;<\/p>\n\n\n\n<p class=\"has-black-color has-text-color has-link-color has-small-font-size wp-elements-13112024349425382351e19a2cd94586\">Mit anderen Worten: Unsere Handlungen bringen den Himmel n\u00e4her oder weiter weg von uns.&nbsp;<\/p>\n<\/div><\/div>\n\n\n\n<div class=\"wp-block-uagb-container uagb-block-0f92416a alignfull uagb-is-root-container\"><div class=\"uagb-container-inner-blocks-wrap\"><\/div><\/div>\n\n\n\n<div class=\"wp-block-uagb-container uagb-block-e416ba4e alignfull uagb-is-root-container\"><div class=\"uagb-container-inner-blocks-wrap\"><\/div><\/div>","protected":false},"excerpt":{"rendered":"<p>Breve ensayo sobre los estados del alma&nbsp; La vida es justa, fiable y aut\u00e9ntica y no deber\u00edamos quejarnos de la forma en que vivimos, es decir, de lo que nos pasa, porque fue lo que originalmente creamos para ahora &#8211; nadie m\u00e1s es responsable de nuestra vida, nunca lo ha sido y nunca lo ser\u00e1. [&hellip;]<\/p>","protected":false},"author":1,"featured_media":3924,"parent":0,"menu_order":0,"comment_status":"closed","ping_status":"closed","template":"","meta":{"_uag_custom_page_level_css":"","site-sidebar-layout":"default","site-content-layout":"","ast-site-content-layout":"default","site-content-style":"default","site-sidebar-style":"default","ast-global-header-display":"","ast-banner-title-visibility":"","ast-main-header-display":"","ast-hfb-above-header-display":"","ast-hfb-below-header-display":"","ast-hfb-mobile-header-display":"","site-post-title":"","ast-breadcrumbs-content":"","ast-featured-img":"","footer-sml-layout":"","theme-transparent-header-meta":"","adv-header-id-meta":"","stick-header-meta":"","header-above-stick-meta":"","header-main-stick-meta":"","header-below-stick-meta":"","astra-migrate-meta-layouts":"set","ast-page-background-enabled":"default","ast-page-background-meta":{"desktop":{"background-color":"var(--ast-global-color-4)","background-image":"","background-repeat":"repeat","background-position":"center center","background-size":"auto","background-attachment":"scroll","background-type":"","background-media":"","overlay-type":"","overlay-color":"","overlay-opacity":"","overlay-gradient":""},"tablet":{"background-color":"","background-image":"","background-repeat":"repeat","background-position":"center center","background-size":"auto","background-attachment":"scroll","background-type":"","background-media":"","overlay-type":"","overlay-color":"","overlay-opacity":"","overlay-gradient":""},"mobile":{"background-color":"","background-image":"","background-repeat":"repeat","background-position":"center center","background-size":"auto","background-attachment":"scroll","background-type":"","background-media":"","overlay-type":"","overlay-color":"","overlay-opacity":"","overlay-gradient":""}},"ast-content-background-meta":{"desktop":{"background-color":"var(--ast-global-color-5)","background-image":"","background-repeat":"repeat","background-position":"center center","background-size":"auto","background-attachment":"scroll","background-type":"","background-media":"","overlay-type":"","overlay-color":"","overlay-opacity":"","overlay-gradient":""},"tablet":{"background-color":"var(--ast-global-color-5)","background-image":"","background-repeat":"repeat","background-position":"center center","background-size":"auto","background-attachment":"scroll","background-type":"","background-media":"","overlay-type":"","overlay-color":"","overlay-opacity":"","overlay-gradient":""},"mobile":{"background-color":"var(--ast-global-color-5)","background-image":"","background-repeat":"repeat","background-position":"center center","background-size":"auto","background-attachment":"scroll","background-type":"","background-media":"","overlay-type":"","overlay-color":"","overlay-opacity":"","overlay-gradient":""}},"footnotes":""},"class_list":["post-3921","page","type-page","status-publish","has-post-thumbnail","hentry"],"yoast_head":"<!-- This site is optimized with the Yoast SEO Premium plugin v24.2 (Yoast SEO v24.6) - https:\/\/yoast.com\/wordpress\/plugins\/seo\/ -->\n<title>Breve ensayo sobre los estados del alma - Uni\u00f3n Esp\u00edrita<\/title>\n<meta name=\"robots\" content=\"index, follow, max-snippet:-1, max-image-preview:large, max-video-preview:-1\" \/>\n<link rel=\"canonical\" href=\"https:\/\/nuevo-renacer.com\/de\/breve-ensayo-sobre-los-estados-del-alma\/\" \/>\n<meta property=\"og:locale\" content=\"de_DE\" \/>\n<meta property=\"og:type\" content=\"article\" \/>\n<meta property=\"og:title\" content=\"Breve ensayo sobre los estados del alma\" \/>\n<meta property=\"og:description\" content=\"Breve ensayo sobre los estados del alma&nbsp; La vida es justa, fiable y aut\u00e9ntica y no deber\u00edamos quejarnos de la forma en que vivimos, es decir, de lo que nos pasa, porque fue lo que originalmente creamos para ahora &#8211; nadie m\u00e1s es responsable de nuestra vida, nunca lo ha sido y nunca lo ser\u00e1. [&hellip;]\" \/>\n<meta property=\"og:url\" content=\"https:\/\/nuevo-renacer.com\/de\/breve-ensayo-sobre-los-estados-del-alma\/\" \/>\n<meta property=\"og:site_name\" content=\"Uni\u00f3n Esp\u00edrita\" \/>\n<meta property=\"article:publisher\" content=\"https:\/\/www.facebook.com\/groups\/3431398063740829\" \/>\n<meta property=\"article:modified_time\" content=\"2024-12-18T13:47:28+00:00\" \/>\n<meta property=\"og:image\" content=\"https:\/\/nuevo-renacer.com\/wp-content\/uploads\/2024\/07\/HD-wallpaper-soul-light-alma-aura-light-luz-myself-soul-spirit-spiritual-univers-white-thumbnail-1.jpg\" \/>\n\t<meta property=\"og:image:width\" content=\"338\" \/>\n\t<meta property=\"og:image:height\" content=\"383\" \/>\n\t<meta property=\"og:image:type\" content=\"image\/jpeg\" \/>\n<meta name=\"twitter:card\" content=\"summary_large_image\" \/>\n<meta name=\"twitter:label1\" content=\"Gesch\u00e4tzte Lesezeit\" \/>\n\t<meta name=\"twitter:data1\" content=\"3\u00a0Minuten\" \/>\n<script type=\"application\/ld+json\" class=\"yoast-schema-graph\">{\"@context\":\"https:\/\/schema.org\",\"@graph\":[{\"@type\":\"WebPage\",\"@id\":\"https:\/\/nuevo-renacer.com\/breve-ensayo-sobre-los-estados-del-alma\/\",\"url\":\"https:\/\/nuevo-renacer.com\/breve-ensayo-sobre-los-estados-del-alma\/\",\"name\":\"Breve ensayo sobre los estados del alma - Uni\u00f3n Esp\u00edrita\",\"isPartOf\":{\"@id\":\"https:\/\/nuevo-renacer.com\/#website\"},\"primaryImageOfPage\":{\"@id\":\"https:\/\/nuevo-renacer.com\/breve-ensayo-sobre-los-estados-del-alma\/#primaryimage\"},\"image\":{\"@id\":\"https:\/\/nuevo-renacer.com\/breve-ensayo-sobre-los-estados-del-alma\/#primaryimage\"},\"thumbnailUrl\":\"https:\/\/nuevo-renacer.com\/wp-content\/uploads\/2024\/07\/HD-wallpaper-soul-light-alma-aura-light-luz-myself-soul-spirit-spiritual-univers-white-thumbnail-1.jpg\",\"datePublished\":\"2024-07-17T07:47:00+00:00\",\"dateModified\":\"2024-12-18T13:47:28+00:00\",\"breadcrumb\":{\"@id\":\"https:\/\/nuevo-renacer.com\/breve-ensayo-sobre-los-estados-del-alma\/#breadcrumb\"},\"inLanguage\":\"de\",\"potentialAction\":[{\"@type\":\"ReadAction\",\"target\":[\"https:\/\/nuevo-renacer.com\/breve-ensayo-sobre-los-estados-del-alma\/\"]}]},{\"@type\":\"ImageObject\",\"inLanguage\":\"de\",\"@id\":\"https:\/\/nuevo-renacer.com\/breve-ensayo-sobre-los-estados-del-alma\/#primaryimage\",\"url\":\"https:\/\/nuevo-renacer.com\/wp-content\/uploads\/2024\/07\/HD-wallpaper-soul-light-alma-aura-light-luz-myself-soul-spirit-spiritual-univers-white-thumbnail-1.jpg\",\"contentUrl\":\"https:\/\/nuevo-renacer.com\/wp-content\/uploads\/2024\/07\/HD-wallpaper-soul-light-alma-aura-light-luz-myself-soul-spirit-spiritual-univers-white-thumbnail-1.jpg\",\"width\":338,\"height\":383},{\"@type\":\"BreadcrumbList\",\"@id\":\"https:\/\/nuevo-renacer.com\/breve-ensayo-sobre-los-estados-del-alma\/#breadcrumb\",\"itemListElement\":[{\"@type\":\"ListItem\",\"position\":1,\"name\":\"Startseite\",\"item\":\"https:\/\/nuevo-renacer.com\/\"},{\"@type\":\"ListItem\",\"position\":2,\"name\":\"Breve ensayo sobre los estados del alma\"}]},{\"@type\":\"WebSite\",\"@id\":\"https:\/\/nuevo-renacer.com\/#website\",\"url\":\"https:\/\/nuevo-renacer.com\/\",\"name\":\"Uni\u00f3n Esp\u00edrita\",\"description\":\"Nuevo Renacer\",\"publisher\":{\"@id\":\"https:\/\/nuevo-renacer.com\/#organization\"},\"potentialAction\":[{\"@type\":\"SearchAction\",\"target\":{\"@type\":\"EntryPoint\",\"urlTemplate\":\"https:\/\/nuevo-renacer.com\/?s={search_term_string}\"},\"query-input\":{\"@type\":\"PropertyValueSpecification\",\"valueRequired\":true,\"valueName\":\"search_term_string\"}}],\"inLanguage\":\"de\"},{\"@type\":\"Organization\",\"@id\":\"https:\/\/nuevo-renacer.com\/#organization\",\"name\":\"UFEC\",\"url\":\"https:\/\/nuevo-renacer.com\/\",\"logo\":{\"@type\":\"ImageObject\",\"inLanguage\":\"de\",\"@id\":\"https:\/\/nuevo-renacer.com\/#\/schema\/logo\/image\/\",\"url\":\"https:\/\/nuevo-renacer.com\/wp-content\/uploads\/2024\/05\/cropped-LOGO-TERMINADO1-3-3.png\",\"contentUrl\":\"https:\/\/nuevo-renacer.com\/wp-content\/uploads\/2024\/05\/cropped-LOGO-TERMINADO1-3-3.png\",\"width\":512,\"height\":512,\"caption\":\"UFEC\"},\"image\":{\"@id\":\"https:\/\/nuevo-renacer.com\/#\/schema\/logo\/image\/\"},\"sameAs\":[\"https:\/\/www.facebook.com\/groups\/3431398063740829\"]}]}<\/script>\n<!-- \/ Yoast SEO Premium plugin. -->","yoast_head_json":{"title":"Breve ensayo sobre los estados del alma - Uni\u00f3n Esp\u00edrita","robots":{"index":"index","follow":"follow","max-snippet":"max-snippet:-1","max-image-preview":"max-image-preview:large","max-video-preview":"max-video-preview:-1"},"canonical":"https:\/\/nuevo-renacer.com\/de\/breve-ensayo-sobre-los-estados-del-alma\/","og_locale":"de_DE","og_type":"article","og_title":"Breve ensayo sobre los estados del alma","og_description":"Breve ensayo sobre los estados del alma&nbsp; La vida es justa, fiable y aut\u00e9ntica y no deber\u00edamos quejarnos de la forma en que vivimos, es decir, de lo que nos pasa, porque fue lo que originalmente creamos para ahora &#8211; nadie m\u00e1s es responsable de nuestra vida, nunca lo ha sido y nunca lo ser\u00e1. [&hellip;]","og_url":"https:\/\/nuevo-renacer.com\/de\/breve-ensayo-sobre-los-estados-del-alma\/","og_site_name":"Uni\u00f3n Esp\u00edrita","article_publisher":"https:\/\/www.facebook.com\/groups\/3431398063740829","article_modified_time":"2024-12-18T13:47:28+00:00","og_image":[{"width":338,"height":383,"url":"https:\/\/nuevo-renacer.com\/wp-content\/uploads\/2024\/07\/HD-wallpaper-soul-light-alma-aura-light-luz-myself-soul-spirit-spiritual-univers-white-thumbnail-1.jpg","type":"image\/jpeg"}],"twitter_card":"summary_large_image","twitter_misc":{"Gesch\u00e4tzte Lesezeit":"3\u00a0Minuten"},"schema":{"@context":"https:\/\/schema.org","@graph":[{"@type":"WebPage","@id":"https:\/\/nuevo-renacer.com\/breve-ensayo-sobre-los-estados-del-alma\/","url":"https:\/\/nuevo-renacer.com\/breve-ensayo-sobre-los-estados-del-alma\/","name":"Breve ensayo sobre los estados del alma - Uni\u00f3n Esp\u00edrita","isPartOf":{"@id":"https:\/\/nuevo-renacer.com\/#website"},"primaryImageOfPage":{"@id":"https:\/\/nuevo-renacer.com\/breve-ensayo-sobre-los-estados-del-alma\/#primaryimage"},"image":{"@id":"https:\/\/nuevo-renacer.com\/breve-ensayo-sobre-los-estados-del-alma\/#primaryimage"},"thumbnailUrl":"https:\/\/nuevo-renacer.com\/wp-content\/uploads\/2024\/07\/HD-wallpaper-soul-light-alma-aura-light-luz-myself-soul-spirit-spiritual-univers-white-thumbnail-1.jpg","datePublished":"2024-07-17T07:47:00+00:00","dateModified":"2024-12-18T13:47:28+00:00","breadcrumb":{"@id":"https:\/\/nuevo-renacer.com\/breve-ensayo-sobre-los-estados-del-alma\/#breadcrumb"},"inLanguage":"de","potentialAction":[{"@type":"ReadAction","target":["https:\/\/nuevo-renacer.com\/breve-ensayo-sobre-los-estados-del-alma\/"]}]},{"@type":"ImageObject","inLanguage":"de","@id":"https:\/\/nuevo-renacer.com\/breve-ensayo-sobre-los-estados-del-alma\/#primaryimage","url":"https:\/\/nuevo-renacer.com\/wp-content\/uploads\/2024\/07\/HD-wallpaper-soul-light-alma-aura-light-luz-myself-soul-spirit-spiritual-univers-white-thumbnail-1.jpg","contentUrl":"https:\/\/nuevo-renacer.com\/wp-content\/uploads\/2024\/07\/HD-wallpaper-soul-light-alma-aura-light-luz-myself-soul-spirit-spiritual-univers-white-thumbnail-1.jpg","width":338,"height":383},{"@type":"BreadcrumbList","@id":"https:\/\/nuevo-renacer.com\/breve-ensayo-sobre-los-estados-del-alma\/#breadcrumb","itemListElement":[{"@type":"ListItem","position":1,"name":"Startseite","item":"https:\/\/nuevo-renacer.com\/"},{"@type":"ListItem","position":2,"name":"Breve ensayo sobre los estados del alma"}]},{"@type":"WebSite","@id":"https:\/\/nuevo-renacer.com\/#website","url":"https:\/\/nuevo-renacer.com\/","name":"Uni\u00f3n Esp\u00edrita","description":"Nuevo Renacer","publisher":{"@id":"https:\/\/nuevo-renacer.com\/#organization"},"potentialAction":[{"@type":"SearchAction","target":{"@type":"EntryPoint","urlTemplate":"https:\/\/nuevo-renacer.com\/?s={search_term_string}"},"query-input":{"@type":"PropertyValueSpecification","valueRequired":true,"valueName":"search_term_string"}}],"inLanguage":"de"},{"@type":"Organization","@id":"https:\/\/nuevo-renacer.com\/#organization","name":"UFEC","url":"https:\/\/nuevo-renacer.com\/","logo":{"@type":"ImageObject","inLanguage":"de","@id":"https:\/\/nuevo-renacer.com\/#\/schema\/logo\/image\/","url":"https:\/\/nuevo-renacer.com\/wp-content\/uploads\/2024\/05\/cropped-LOGO-TERMINADO1-3-3.png","contentUrl":"https:\/\/nuevo-renacer.com\/wp-content\/uploads\/2024\/05\/cropped-LOGO-TERMINADO1-3-3.png","width":512,"height":512,"caption":"UFEC"},"image":{"@id":"https:\/\/nuevo-renacer.com\/#\/schema\/logo\/image\/"},"sameAs":["https:\/\/www.facebook.com\/groups\/3431398063740829"]}]}},"uagb_featured_image_src":{"full":["https:\/\/nuevo-renacer.com\/wp-content\/uploads\/2024\/07\/HD-wallpaper-soul-light-alma-aura-light-luz-myself-soul-spirit-spiritual-univers-white-thumbnail-1.jpg",338,383,false],"thumbnail":["https:\/\/nuevo-renacer.com\/wp-content\/uploads\/2024\/07\/HD-wallpaper-soul-light-alma-aura-light-luz-myself-soul-spirit-spiritual-univers-white-thumbnail-1-150x150.jpg",150,150,true],"medium":["https:\/\/nuevo-renacer.com\/wp-content\/uploads\/2024\/07\/HD-wallpaper-soul-light-alma-aura-light-luz-myself-soul-spirit-spiritual-univers-white-thumbnail-1-265x300.jpg",265,300,true],"medium_large":["https:\/\/nuevo-renacer.com\/wp-content\/uploads\/2024\/07\/HD-wallpaper-soul-light-alma-aura-light-luz-myself-soul-spirit-spiritual-univers-white-thumbnail-1.jpg",338,383,false],"large":["https:\/\/nuevo-renacer.com\/wp-content\/uploads\/2024\/07\/HD-wallpaper-soul-light-alma-aura-light-luz-myself-soul-spirit-spiritual-univers-white-thumbnail-1.jpg",338,383,false],"1536x1536":["https:\/\/nuevo-renacer.com\/wp-content\/uploads\/2024\/07\/HD-wallpaper-soul-light-alma-aura-light-luz-myself-soul-spirit-spiritual-univers-white-thumbnail-1.jpg",338,383,false],"2048x2048":["https:\/\/nuevo-renacer.com\/wp-content\/uploads\/2024\/07\/HD-wallpaper-soul-light-alma-aura-light-luz-myself-soul-spirit-spiritual-univers-white-thumbnail-1.jpg",338,383,false],"trp-custom-language-flag":["https:\/\/nuevo-renacer.com\/wp-content\/uploads\/2024\/07\/HD-wallpaper-soul-light-alma-aura-light-luz-myself-soul-spirit-spiritual-univers-white-thumbnail-1-11x12.jpg",11,12,true]},"uagb_author_info":{"display_name":"adbv0","author_link":"https:\/\/nuevo-renacer.com\/de\/author\/adbv0\/"},"uagb_comment_info":0,"uagb_excerpt":"Breve ensayo sobre los estados del alma&nbsp; La vida es justa, fiable y aut\u00e9ntica y no deber\u00edamos quejarnos de la forma en que vivimos, es decir, de lo que nos pasa, porque fue lo que originalmente creamos para ahora &#8211; nadie m\u00e1s es responsable de nuestra vida, nunca lo ha sido y nunca lo ser\u00e1.&hellip;","jetpack_sharing_enabled":true,"_links":{"self":[{"href":"https:\/\/nuevo-renacer.com\/de\/wp-json\/wp\/v2\/pages\/3921","targetHints":{"allow":["GET"]}}],"collection":[{"href":"https:\/\/nuevo-renacer.com\/de\/wp-json\/wp\/v2\/pages"}],"about":[{"href":"https:\/\/nuevo-renacer.com\/de\/wp-json\/wp\/v2\/types\/page"}],"author":[{"embeddable":true,"href":"https:\/\/nuevo-renacer.com\/de\/wp-json\/wp\/v2\/users\/1"}],"replies":[{"embeddable":true,"href":"https:\/\/nuevo-renacer.com\/de\/wp-json\/wp\/v2\/comments?post=3921"}],"version-history":[{"count":3,"href":"https:\/\/nuevo-renacer.com\/de\/wp-json\/wp\/v2\/pages\/3921\/revisions"}],"predecessor-version":[{"id":6570,"href":"https:\/\/nuevo-renacer.com\/de\/wp-json\/wp\/v2\/pages\/3921\/revisions\/6570"}],"wp:featuredmedia":[{"embeddable":true,"href":"https:\/\/nuevo-renacer.com\/de\/wp-json\/wp\/v2\/media\/3924"}],"wp:attachment":[{"href":"https:\/\/nuevo-renacer.com\/de\/wp-json\/wp\/v2\/media?parent=3921"}],"curies":[{"name":"wp","href":"https:\/\/api.w.org\/{rel}","templated":true}]}}