{"id":3872,"date":"2024-07-16T12:40:52","date_gmt":"2024-07-16T12:40:52","guid":{"rendered":"https:\/\/ufec-mundial.com\/?page_id=3872"},"modified":"2024-07-16T12:40:55","modified_gmt":"2024-07-16T12:40:55","slug":"buscar-la-perfeccion","status":"publish","type":"page","link":"https:\/\/nuevo-renacer.com\/de\/buscar-la-perfeccion\/","title":{"rendered":"Streben nach Vollkommenheit"},"content":{"rendered":"<div class=\"wp-block-uagb-container uagb-block-99ddfb64 alignfull uagb-is-root-container\"><div class=\"uagb-container-inner-blocks-wrap\">\n<p class=\"has-black-color has-text-color has-link-color has-medium-font-size wp-elements-efd4008642adf64e61fd9c352b8c787e\"><strong>Streben nach Vollkommenheit<\/strong><\/p>\n<\/div><\/div>\n\n\n\n<div class=\"wp-block-uagb-container uagb-block-d889a4ed alignfull uagb-is-root-container\"><div class=\"uagb-container-inner-blocks-wrap\">\n<figure class=\"wp-block-image size-full is-resized\"><img fetchpriority=\"high\" decoding=\"async\" width=\"595\" height=\"360\" src=\"https:\/\/ufec-mundial.com\/wp-content\/uploads\/2024\/07\/360_F_588784873_LtvDnU9RqBQnBOW2mgKcph0HBGzzxON0.jpg\" alt=\"\" class=\"wp-image-3873\" style=\"width:407px;height:auto\" srcset=\"https:\/\/nuevo-renacer.com\/wp-content\/uploads\/2024\/07\/360_F_588784873_LtvDnU9RqBQnBOW2mgKcph0HBGzzxON0.jpg 595w, https:\/\/nuevo-renacer.com\/wp-content\/uploads\/2024\/07\/360_F_588784873_LtvDnU9RqBQnBOW2mgKcph0HBGzzxON0-300x182.jpg 300w, https:\/\/nuevo-renacer.com\/wp-content\/uploads\/2024\/07\/360_F_588784873_LtvDnU9RqBQnBOW2mgKcph0HBGzzxON0-18x12.jpg 18w\" sizes=\"(max-width: 595px) 100vw, 595px\" \/><\/figure>\n<\/div><\/div>\n\n\n\n<div class=\"wp-block-uagb-container uagb-block-d1f28f7b alignfull uagb-is-root-container\"><div class=\"uagb-container-inner-blocks-wrap\">\n<p class=\"has-black-color has-text-color has-link-color has-small-font-size wp-elements-045876123eaaaa55f7278458f92b9c08\">Die Vollkommenheit ist die Sch\u00f6nheit, die in dem, was wir im Interesse des Besten tun, zum Vorschein kommt.<\/p>\n\n\n\n<p class=\"has-black-color has-text-color has-link-color has-small-font-size wp-elements-191acc8defc6bb80b59d4b098da0c07a\">Wir m\u00fcssen nach Vollkommenheit streben in allem, was wir tun, in allem, was wir sprechen oder schreiben. Sie beginnt in einer einfachen Handlung unseres Lebens und erstrahlt in der Herrlichkeit der Seele, die die F\u00fclle der Liebe erlangt hat. Wegen des schlechten Willens unserer Unzul\u00e4nglichkeiten ist es ein guter Wille, dass wir jeden Tag an die Vollkommenheit denken, angefangen von den ersten Errungenschaften zu Hause bis hin zu den gro\u00dfen Entscheidungen, die wir in unseren t\u00e4glichen Pflichten treffen m\u00fcssen.<\/p>\n\n\n\n<p class=\"has-black-color has-text-color has-link-color has-small-font-size wp-elements-919bfcd46b6ce34971bc8d63a834f145\">Die h\u00f6heren Geister nehmen dies ernst und suchen nach unendlichen Mitteln, um immer ihr Bestes zu geben, denn sie sp\u00fcren und sehen in Gottes Sch\u00f6pfung alles in vollkommener Ordnung. Die g\u00f6ttliche Harmonie singt, von der Erkenntnis des Atoms bis zum Konzert der Welten, die im Universum kreisen. Selbst wenn unsere Gedanken in unserer geistigen Welt auftauchen, ungeordnet wie sie oft sind, ist es unsere Pflicht, uns zu bem\u00fchen, die Ideen zu \u00e4ndern.<\/p>\n\n\n\n<p class=\"has-black-color has-text-color has-link-color has-small-font-size wp-elements-12fda21c68d0fd5579f9cb06bc53ece0\">An die Vollkommenheit zu denken ist der erste Schritt, und an der Reife der Gedanken zu arbeiten ist der Anfang davon, wie sch\u00f6n unsere innere und \u00e4u\u00dfere Welt sein kann. Die gro\u00dfen Genies der Menschheit hinterlie\u00dfen ihre Lichtspuren in der Geschichte, indem sie die Vollkommenheit liebten. Sie strebten st\u00e4ndig danach, alles innerhalb der Ordnung des Universums zu tun, und das brachte ihnen die Bewunderung und den Respekt aller ein.<\/p>\n\n\n\n<p class=\"has-black-color has-text-color has-link-color has-small-font-size wp-elements-f4a7cfeb528cdc16ae399f016d2f90ba\">Wir alle haben eine spirituelle Atmosph\u00e4re um uns herum, deren Licht oder Dunkelheit von uns abh\u00e4ngt, von dem, was wir uns f\u00fcr das Leben vornehmen. Und wenn wir anfangen, daran zu denken, alles mit Sorgfalt zu tun, schaffen wir diese positive Kraft, die uns umgibt und uns bei der Sicherheit dessen hilft, was wir sein wollen.<\/p>\n\n\n\n<p class=\"has-black-color has-text-color has-link-color has-small-font-size wp-elements-15547e84290811e258638131033f1ee7\">Du kannst deine Nahrung, Kleidung und Unterkunft nicht vernachl\u00e4ssigen, ohne dass M\u00fcll und Abf\u00e4lle dich begleiten und deine Arbeit st\u00f6ren. Selbst deine Gesten k\u00f6nnen vollkommen sein. Alles, was dem Sch\u00f6nen weicht, gef\u00e4llt und freut sich dort, wo wir wandeln; und die h\u00f6chste Vollkommenheit, das ist gut zu bedenken, liegt in der vollkommenen Einfachheit. Das ist der Grund, warum Christus die Herzen erobert hat und in der Geschichte aller V\u00f6lker unvergesslich geblieben ist, und warum unsere Bewunderung f\u00fcr ihn w\u00e4chst, je mehr wir ihn kennen. Er ist die Form der wahren Vollkommenheit und hat uns eine starke Ermutigung hinterlassen, als er sagte: \u201eSeid vollkommen, wie euer himmlischer Vater vollkommen ist\u201c.<\/p>\n\n\n\n<p class=\"has-black-color has-text-color has-link-color has-small-font-size wp-elements-7923a7d354e00b052ea68ea35da2da45\">Comenzad a analizar las cosas todos los d\u00edas, que se abrir\u00e1 en vuestros sentimientos una visi\u00f3n mayor y por ella sentir\u00e9is la perfecci\u00f3n de Dios en todo lo que vuestras manos toquen. Queremos deciros que la salud es sin\u00f3nimo de perfecci\u00f3n. Si quer\u00e9is equilibrio org\u00e1nico y ps\u00edquico, iniciad la b\u00fasqueda a ese atributo grandioso, haciendo todo bien hecho y conquistareis la palma de nuestra verdadera felicidad.<\/p>\n\n\n\n<p class=\"has-black-color has-text-color has-link-color has-small-font-size wp-elements-0404854e5b02a66c719a0b43d556472d\">Arbeitet f\u00fcr die Dinge der Erde und vergesst den Himmel nicht. Um der Klarheit willen sagen wir es noch einmal: H\u00fctet euch vor \u00fcbertriebener Sorgfalt; Sturheit ist ein offenes Feld f\u00fcr Ungleichgewicht, und die Sch\u00f6nheit dessen, was wir suchen, flieht in dieser Stunde aus unseren H\u00e4nden.<\/p>\n\n\n\n<p class=\"has-black-color has-text-color has-link-color has-small-font-size wp-elements-253b889ffcf3332c67047b4fe440073f\">Wenn du Gesundheit anstrebst, musst du in erster Linie einen gesunden Menschenverstand haben.<\/p>\n<\/div><\/div>","protected":false},"excerpt":{"rendered":"<p>Buscar la perfecci\u00f3n La perfecci\u00f3n es la belleza que aparece en aquello que hacemos con el inter\u00e9s de hacer lo mejor. Debemos buscar la perfecci\u00f3n en todo lo que hacemos, en todo lo que hablamos o escribimos. Ella comienza en un simple acto de nuestra vida y resplandece en la gloria del alma que consigui\u00f3 [&hellip;]<\/p>","protected":false},"author":1,"featured_media":3873,"parent":0,"menu_order":0,"comment_status":"closed","ping_status":"closed","template":"","meta":{"_uag_custom_page_level_css":"","site-sidebar-layout":"default","site-content-layout":"","ast-site-content-layout":"default","site-content-style":"default","site-sidebar-style":"default","ast-global-header-display":"","ast-banner-title-visibility":"","ast-main-header-display":"","ast-hfb-above-header-display":"","ast-hfb-below-header-display":"","ast-hfb-mobile-header-display":"","site-post-title":"disabled","ast-breadcrumbs-content":"","ast-featured-img":"","footer-sml-layout":"","theme-transparent-header-meta":"","adv-header-id-meta":"","stick-header-meta":"","header-above-stick-meta":"","header-main-stick-meta":"","header-below-stick-meta":"","astra-migrate-meta-layouts":"set","ast-page-background-enabled":"default","ast-page-background-meta":{"desktop":{"background-color":"var(--ast-global-color-4)","background-image":"","background-repeat":"repeat","background-position":"center center","background-size":"auto","background-attachment":"scroll","background-type":"","background-media":"","overlay-type":"","overlay-color":"","overlay-opacity":"","overlay-gradient":""},"tablet":{"background-color":"","background-image":"","background-repeat":"repeat","background-position":"center center","background-size":"auto","background-attachment":"scroll","background-type":"","background-media":"","overlay-type":"","overlay-color":"","overlay-opacity":"","overlay-gradient":""},"mobile":{"background-color":"","background-image":"","background-repeat":"repeat","background-position":"center center","background-size":"auto","background-attachment":"scroll","background-type":"","background-media":"","overlay-type":"","overlay-color":"","overlay-opacity":"","overlay-gradient":""}},"ast-content-background-meta":{"desktop":{"background-color":"var(--ast-global-color-5)","background-image":"","background-repeat":"repeat","background-position":"center center","background-size":"auto","background-attachment":"scroll","background-type":"","background-media":"","overlay-type":"","overlay-color":"","overlay-opacity":"","overlay-gradient":""},"tablet":{"background-color":"var(--ast-global-color-5)","background-image":"","background-repeat":"repeat","background-position":"center center","background-size":"auto","background-attachment":"scroll","background-type":"","background-media":"","overlay-type":"","overlay-color":"","overlay-opacity":"","overlay-gradient":""},"mobile":{"background-color":"var(--ast-global-color-5)","background-image":"","background-repeat":"repeat","background-position":"center center","background-size":"auto","background-attachment":"scroll","background-type":"","background-media":"","overlay-type":"","overlay-color":"","overlay-opacity":"","overlay-gradient":""}},"footnotes":""},"class_list":["post-3872","page","type-page","status-publish","has-post-thumbnail","hentry"],"yoast_head":"<!-- This site is optimized with the Yoast SEO Premium plugin v24.2 (Yoast SEO v24.6) - https:\/\/yoast.com\/wordpress\/plugins\/seo\/ -->\n<title>Buscar la perfecci\u00f3n - Uni\u00f3n Esp\u00edrita<\/title>\n<meta name=\"robots\" content=\"index, follow, max-snippet:-1, max-image-preview:large, max-video-preview:-1\" \/>\n<link rel=\"canonical\" href=\"https:\/\/nuevo-renacer.com\/de\/buscar-la-perfeccion\/\" \/>\n<meta property=\"og:locale\" content=\"de_DE\" \/>\n<meta property=\"og:type\" content=\"article\" \/>\n<meta property=\"og:title\" content=\"Buscar la perfecci\u00f3n\" \/>\n<meta property=\"og:description\" content=\"Buscar la perfecci\u00f3n La perfecci\u00f3n es la belleza que aparece en aquello que hacemos con el inter\u00e9s de hacer lo mejor. Debemos buscar la perfecci\u00f3n en todo lo que hacemos, en todo lo que hablamos o escribimos. Ella comienza en un simple acto de nuestra vida y resplandece en la gloria del alma que consigui\u00f3 [&hellip;]\" \/>\n<meta property=\"og:url\" content=\"https:\/\/nuevo-renacer.com\/de\/buscar-la-perfeccion\/\" \/>\n<meta property=\"og:site_name\" content=\"Uni\u00f3n Esp\u00edrita\" \/>\n<meta property=\"article:publisher\" content=\"https:\/\/www.facebook.com\/groups\/3431398063740829\" \/>\n<meta property=\"article:modified_time\" content=\"2024-07-16T12:40:55+00:00\" \/>\n<meta property=\"og:image\" content=\"https:\/\/nuevo-renacer.com\/wp-content\/uploads\/2024\/07\/360_F_588784873_LtvDnU9RqBQnBOW2mgKcph0HBGzzxON0.jpg\" \/>\n\t<meta property=\"og:image:width\" content=\"595\" \/>\n\t<meta property=\"og:image:height\" content=\"360\" \/>\n\t<meta property=\"og:image:type\" content=\"image\/jpeg\" \/>\n<meta name=\"twitter:card\" content=\"summary_large_image\" \/>\n<meta name=\"twitter:label1\" content=\"Gesch\u00e4tzte Lesezeit\" \/>\n\t<meta name=\"twitter:data1\" content=\"3\u00a0Minuten\" \/>\n<script type=\"application\/ld+json\" class=\"yoast-schema-graph\">{\"@context\":\"https:\/\/schema.org\",\"@graph\":[{\"@type\":\"WebPage\",\"@id\":\"https:\/\/nuevo-renacer.com\/buscar-la-perfeccion\/\",\"url\":\"https:\/\/nuevo-renacer.com\/buscar-la-perfeccion\/\",\"name\":\"Buscar la perfecci\u00f3n - Uni\u00f3n Esp\u00edrita\",\"isPartOf\":{\"@id\":\"https:\/\/nuevo-renacer.com\/#website\"},\"primaryImageOfPage\":{\"@id\":\"https:\/\/nuevo-renacer.com\/buscar-la-perfeccion\/#primaryimage\"},\"image\":{\"@id\":\"https:\/\/nuevo-renacer.com\/buscar-la-perfeccion\/#primaryimage\"},\"thumbnailUrl\":\"https:\/\/nuevo-renacer.com\/wp-content\/uploads\/2024\/07\/360_F_588784873_LtvDnU9RqBQnBOW2mgKcph0HBGzzxON0.jpg\",\"datePublished\":\"2024-07-16T12:40:52+00:00\",\"dateModified\":\"2024-07-16T12:40:55+00:00\",\"breadcrumb\":{\"@id\":\"https:\/\/nuevo-renacer.com\/buscar-la-perfeccion\/#breadcrumb\"},\"inLanguage\":\"de\",\"potentialAction\":[{\"@type\":\"ReadAction\",\"target\":[\"https:\/\/nuevo-renacer.com\/buscar-la-perfeccion\/\"]}]},{\"@type\":\"ImageObject\",\"inLanguage\":\"de\",\"@id\":\"https:\/\/nuevo-renacer.com\/buscar-la-perfeccion\/#primaryimage\",\"url\":\"https:\/\/nuevo-renacer.com\/wp-content\/uploads\/2024\/07\/360_F_588784873_LtvDnU9RqBQnBOW2mgKcph0HBGzzxON0.jpg\",\"contentUrl\":\"https:\/\/nuevo-renacer.com\/wp-content\/uploads\/2024\/07\/360_F_588784873_LtvDnU9RqBQnBOW2mgKcph0HBGzzxON0.jpg\",\"width\":595,\"height\":360},{\"@type\":\"BreadcrumbList\",\"@id\":\"https:\/\/nuevo-renacer.com\/buscar-la-perfeccion\/#breadcrumb\",\"itemListElement\":[{\"@type\":\"ListItem\",\"position\":1,\"name\":\"Startseite\",\"item\":\"https:\/\/nuevo-renacer.com\/\"},{\"@type\":\"ListItem\",\"position\":2,\"name\":\"Buscar la perfecci\u00f3n\"}]},{\"@type\":\"WebSite\",\"@id\":\"https:\/\/nuevo-renacer.com\/#website\",\"url\":\"https:\/\/nuevo-renacer.com\/\",\"name\":\"Uni\u00f3n Esp\u00edrita\",\"description\":\"Nuevo Renacer\",\"publisher\":{\"@id\":\"https:\/\/nuevo-renacer.com\/#organization\"},\"potentialAction\":[{\"@type\":\"SearchAction\",\"target\":{\"@type\":\"EntryPoint\",\"urlTemplate\":\"https:\/\/nuevo-renacer.com\/?s={search_term_string}\"},\"query-input\":{\"@type\":\"PropertyValueSpecification\",\"valueRequired\":true,\"valueName\":\"search_term_string\"}}],\"inLanguage\":\"de\"},{\"@type\":\"Organization\",\"@id\":\"https:\/\/nuevo-renacer.com\/#organization\",\"name\":\"UFEC\",\"url\":\"https:\/\/nuevo-renacer.com\/\",\"logo\":{\"@type\":\"ImageObject\",\"inLanguage\":\"de\",\"@id\":\"https:\/\/nuevo-renacer.com\/#\/schema\/logo\/image\/\",\"url\":\"https:\/\/nuevo-renacer.com\/wp-content\/uploads\/2024\/05\/cropped-LOGO-TERMINADO1-3-3.png\",\"contentUrl\":\"https:\/\/nuevo-renacer.com\/wp-content\/uploads\/2024\/05\/cropped-LOGO-TERMINADO1-3-3.png\",\"width\":512,\"height\":512,\"caption\":\"UFEC\"},\"image\":{\"@id\":\"https:\/\/nuevo-renacer.com\/#\/schema\/logo\/image\/\"},\"sameAs\":[\"https:\/\/www.facebook.com\/groups\/3431398063740829\"]}]}<\/script>\n<!-- \/ Yoast SEO Premium plugin. -->","yoast_head_json":{"title":"Buscar la perfecci\u00f3n - Uni\u00f3n Esp\u00edrita","robots":{"index":"index","follow":"follow","max-snippet":"max-snippet:-1","max-image-preview":"max-image-preview:large","max-video-preview":"max-video-preview:-1"},"canonical":"https:\/\/nuevo-renacer.com\/de\/buscar-la-perfeccion\/","og_locale":"de_DE","og_type":"article","og_title":"Buscar la perfecci\u00f3n","og_description":"Buscar la perfecci\u00f3n La perfecci\u00f3n es la belleza que aparece en aquello que hacemos con el inter\u00e9s de hacer lo mejor. Debemos buscar la perfecci\u00f3n en todo lo que hacemos, en todo lo que hablamos o escribimos. Ella comienza en un simple acto de nuestra vida y resplandece en la gloria del alma que consigui\u00f3 [&hellip;]","og_url":"https:\/\/nuevo-renacer.com\/de\/buscar-la-perfeccion\/","og_site_name":"Uni\u00f3n Esp\u00edrita","article_publisher":"https:\/\/www.facebook.com\/groups\/3431398063740829","article_modified_time":"2024-07-16T12:40:55+00:00","og_image":[{"width":595,"height":360,"url":"https:\/\/nuevo-renacer.com\/wp-content\/uploads\/2024\/07\/360_F_588784873_LtvDnU9RqBQnBOW2mgKcph0HBGzzxON0.jpg","type":"image\/jpeg"}],"twitter_card":"summary_large_image","twitter_misc":{"Gesch\u00e4tzte Lesezeit":"3\u00a0Minuten"},"schema":{"@context":"https:\/\/schema.org","@graph":[{"@type":"WebPage","@id":"https:\/\/nuevo-renacer.com\/buscar-la-perfeccion\/","url":"https:\/\/nuevo-renacer.com\/buscar-la-perfeccion\/","name":"Buscar la perfecci\u00f3n - Uni\u00f3n Esp\u00edrita","isPartOf":{"@id":"https:\/\/nuevo-renacer.com\/#website"},"primaryImageOfPage":{"@id":"https:\/\/nuevo-renacer.com\/buscar-la-perfeccion\/#primaryimage"},"image":{"@id":"https:\/\/nuevo-renacer.com\/buscar-la-perfeccion\/#primaryimage"},"thumbnailUrl":"https:\/\/nuevo-renacer.com\/wp-content\/uploads\/2024\/07\/360_F_588784873_LtvDnU9RqBQnBOW2mgKcph0HBGzzxON0.jpg","datePublished":"2024-07-16T12:40:52+00:00","dateModified":"2024-07-16T12:40:55+00:00","breadcrumb":{"@id":"https:\/\/nuevo-renacer.com\/buscar-la-perfeccion\/#breadcrumb"},"inLanguage":"de","potentialAction":[{"@type":"ReadAction","target":["https:\/\/nuevo-renacer.com\/buscar-la-perfeccion\/"]}]},{"@type":"ImageObject","inLanguage":"de","@id":"https:\/\/nuevo-renacer.com\/buscar-la-perfeccion\/#primaryimage","url":"https:\/\/nuevo-renacer.com\/wp-content\/uploads\/2024\/07\/360_F_588784873_LtvDnU9RqBQnBOW2mgKcph0HBGzzxON0.jpg","contentUrl":"https:\/\/nuevo-renacer.com\/wp-content\/uploads\/2024\/07\/360_F_588784873_LtvDnU9RqBQnBOW2mgKcph0HBGzzxON0.jpg","width":595,"height":360},{"@type":"BreadcrumbList","@id":"https:\/\/nuevo-renacer.com\/buscar-la-perfeccion\/#breadcrumb","itemListElement":[{"@type":"ListItem","position":1,"name":"Startseite","item":"https:\/\/nuevo-renacer.com\/"},{"@type":"ListItem","position":2,"name":"Buscar la perfecci\u00f3n"}]},{"@type":"WebSite","@id":"https:\/\/nuevo-renacer.com\/#website","url":"https:\/\/nuevo-renacer.com\/","name":"Uni\u00f3n Esp\u00edrita","description":"Nuevo Renacer","publisher":{"@id":"https:\/\/nuevo-renacer.com\/#organization"},"potentialAction":[{"@type":"SearchAction","target":{"@type":"EntryPoint","urlTemplate":"https:\/\/nuevo-renacer.com\/?s={search_term_string}"},"query-input":{"@type":"PropertyValueSpecification","valueRequired":true,"valueName":"search_term_string"}}],"inLanguage":"de"},{"@type":"Organization","@id":"https:\/\/nuevo-renacer.com\/#organization","name":"UFEC","url":"https:\/\/nuevo-renacer.com\/","logo":{"@type":"ImageObject","inLanguage":"de","@id":"https:\/\/nuevo-renacer.com\/#\/schema\/logo\/image\/","url":"https:\/\/nuevo-renacer.com\/wp-content\/uploads\/2024\/05\/cropped-LOGO-TERMINADO1-3-3.png","contentUrl":"https:\/\/nuevo-renacer.com\/wp-content\/uploads\/2024\/05\/cropped-LOGO-TERMINADO1-3-3.png","width":512,"height":512,"caption":"UFEC"},"image":{"@id":"https:\/\/nuevo-renacer.com\/#\/schema\/logo\/image\/"},"sameAs":["https:\/\/www.facebook.com\/groups\/3431398063740829"]}]}},"uagb_featured_image_src":{"full":["https:\/\/nuevo-renacer.com\/wp-content\/uploads\/2024\/07\/360_F_588784873_LtvDnU9RqBQnBOW2mgKcph0HBGzzxON0.jpg",595,360,false],"thumbnail":["https:\/\/nuevo-renacer.com\/wp-content\/uploads\/2024\/07\/360_F_588784873_LtvDnU9RqBQnBOW2mgKcph0HBGzzxON0-150x150.jpg",150,150,true],"medium":["https:\/\/nuevo-renacer.com\/wp-content\/uploads\/2024\/07\/360_F_588784873_LtvDnU9RqBQnBOW2mgKcph0HBGzzxON0-300x182.jpg",300,182,true],"medium_large":["https:\/\/nuevo-renacer.com\/wp-content\/uploads\/2024\/07\/360_F_588784873_LtvDnU9RqBQnBOW2mgKcph0HBGzzxON0.jpg",595,360,false],"large":["https:\/\/nuevo-renacer.com\/wp-content\/uploads\/2024\/07\/360_F_588784873_LtvDnU9RqBQnBOW2mgKcph0HBGzzxON0.jpg",595,360,false],"1536x1536":["https:\/\/nuevo-renacer.com\/wp-content\/uploads\/2024\/07\/360_F_588784873_LtvDnU9RqBQnBOW2mgKcph0HBGzzxON0.jpg",595,360,false],"2048x2048":["https:\/\/nuevo-renacer.com\/wp-content\/uploads\/2024\/07\/360_F_588784873_LtvDnU9RqBQnBOW2mgKcph0HBGzzxON0.jpg",595,360,false],"trp-custom-language-flag":["https:\/\/nuevo-renacer.com\/wp-content\/uploads\/2024\/07\/360_F_588784873_LtvDnU9RqBQnBOW2mgKcph0HBGzzxON0-18x12.jpg",18,12,true]},"uagb_author_info":{"display_name":"adbv0","author_link":"https:\/\/nuevo-renacer.com\/de\/author\/adbv0\/"},"uagb_comment_info":0,"uagb_excerpt":"Buscar la perfecci\u00f3n La perfecci\u00f3n es la belleza que aparece en aquello que hacemos con el inter\u00e9s de hacer lo mejor. Debemos buscar la perfecci\u00f3n en todo lo que hacemos, en todo lo que hablamos o escribimos. Ella comienza en un simple acto de nuestra vida y resplandece en la gloria del alma que consigui\u00f3&hellip;","jetpack_sharing_enabled":true,"_links":{"self":[{"href":"https:\/\/nuevo-renacer.com\/de\/wp-json\/wp\/v2\/pages\/3872","targetHints":{"allow":["GET"]}}],"collection":[{"href":"https:\/\/nuevo-renacer.com\/de\/wp-json\/wp\/v2\/pages"}],"about":[{"href":"https:\/\/nuevo-renacer.com\/de\/wp-json\/wp\/v2\/types\/page"}],"author":[{"embeddable":true,"href":"https:\/\/nuevo-renacer.com\/de\/wp-json\/wp\/v2\/users\/1"}],"replies":[{"embeddable":true,"href":"https:\/\/nuevo-renacer.com\/de\/wp-json\/wp\/v2\/comments?post=3872"}],"version-history":[{"count":1,"href":"https:\/\/nuevo-renacer.com\/de\/wp-json\/wp\/v2\/pages\/3872\/revisions"}],"predecessor-version":[{"id":3874,"href":"https:\/\/nuevo-renacer.com\/de\/wp-json\/wp\/v2\/pages\/3872\/revisions\/3874"}],"wp:featuredmedia":[{"embeddable":true,"href":"https:\/\/nuevo-renacer.com\/de\/wp-json\/wp\/v2\/media\/3873"}],"wp:attachment":[{"href":"https:\/\/nuevo-renacer.com\/de\/wp-json\/wp\/v2\/media?parent=3872"}],"curies":[{"name":"wp","href":"https:\/\/api.w.org\/{rel}","templated":true}]}}