{"id":3853,"date":"2024-07-16T11:14:23","date_gmt":"2024-07-16T11:14:23","guid":{"rendered":"https:\/\/ufec-mundial.com\/?page_id=3853"},"modified":"2024-07-16T11:14:25","modified_gmt":"2024-07-16T11:14:25","slug":"psiquiatria-y-espiritismo","status":"publish","type":"page","link":"https:\/\/nuevo-renacer.com\/de\/psiquiatria-y-espiritismo\/","title":{"rendered":"Psychiatrie und Spiritismus"},"content":{"rendered":"<div class=\"wp-block-uagb-container uagb-block-3ecbc24a alignfull uagb-is-root-container\"><div class=\"uagb-container-inner-blocks-wrap\">\n<p class=\"has-black-color has-text-color has-link-color has-medium-font-size wp-elements-244678b169cdd51dce1c0b216ed3fab4\"><strong>Psychiatrie und Spiritismus<\/strong><\/p>\n<\/div><\/div>\n\n\n\n<div class=\"wp-block-uagb-container uagb-block-64cd3451 alignfull uagb-is-root-container\"><div class=\"uagb-container-inner-blocks-wrap\">\n<figure class=\"wp-block-image size-full is-resized\"><img fetchpriority=\"high\" decoding=\"async\" width=\"626\" height=\"416\" src=\"https:\/\/ufec-mundial.com\/wp-content\/uploads\/2024\/07\/447968129_7965176216836124_410702528150355634_n.jpg\" alt=\"\" class=\"wp-image-3854\" style=\"width:427px;height:auto\" srcset=\"https:\/\/nuevo-renacer.com\/wp-content\/uploads\/2024\/07\/447968129_7965176216836124_410702528150355634_n.jpg 626w, https:\/\/nuevo-renacer.com\/wp-content\/uploads\/2024\/07\/447968129_7965176216836124_410702528150355634_n-300x199.jpg 300w, https:\/\/nuevo-renacer.com\/wp-content\/uploads\/2024\/07\/447968129_7965176216836124_410702528150355634_n-18x12.jpg 18w\" sizes=\"(max-width: 626px) 100vw, 626px\" \/><\/figure>\n<\/div><\/div>\n\n\n\n<div class=\"wp-block-uagb-container uagb-block-a8062a64 alignfull uagb-is-root-container\"><div class=\"uagb-container-inner-blocks-wrap\">\n<p class=\"has-small-font-size\">Die Psychiatrie ist das medizinische Gebiet, das am st\u00e4rksten mit dem Spiritismus in Konflikt steht. Und es ist der Bereich, in dem die Spiritisten am intensivsten t\u00e4tig sind und die gr\u00f6\u00dften Erfolge haben. Der Grund daf\u00fcr ist offensichtlich. Die meisten Psychopathen sind einfach besessen; und was bei den Psychopathen psychologischen, p\u00e4dagogischen, neurologischen oder zerebralen Ursprungs \u00fcber die Routine hinausgeht, ist ebenso von niederen Geistern befallen. In dieser Hinsicht gibt es f\u00fcr praktizierende Spiritisten und insbesondere f\u00fcr spiritistische Psychiater keinen Zweifel. Aus diesem Grund ist die Zahl der spiritistischen psychiatrischen Kliniken in Brasilien gro\u00df. Allein im Bundesstaat S\u00e3o Paulo sind 35 solcher Einrichtungen in Betrieb, und es sind noch einige weitere geplant oder im Bau.<\/p>\n\n\n\n<p class=\"has-black-color has-text-color has-link-color has-small-font-size wp-elements-642ecbbfe554b816bd176f3b02b290d0\">Das medizinische Personal dieser Einrichtungen ist nicht immer spiritistisch, sondern besteht im Allgemeinen mehrheitlich aus nicht-spiritistischen \u00c4rzten. Die offiziellen Stellen errichten Hindernisse f\u00fcr die nicht-konventionelle medizinische Behandlung in diesen Zentren; aber die Spiritisten stellen sich allen Schwierigkeiten und bauen dar\u00fcber hinaus weiterhin neue Krankenh\u00e4user, weil sie das Gef\u00fchl haben, dass sie eine gro\u00dfe Verantwortung in Bezug auf dieses Problem haben, weil sie die Einzigen sind, die es wirklich in seiner gr\u00f6\u00dften Tiefe kennen. Es ist ihre Aufgabe, etwas f\u00fcr die Millionen von Opfern zu tun, die ganz oder teilweise unzureichend behandelt wurden.<\/p>\n\n\n\n<p class=\"has-black-color has-text-color has-link-color has-small-font-size wp-elements-136305a6626f5d12c5d5aaa719da3622\">Diese Krankenh\u00e4user haben sich in einem Verband zusammengeschlossen, um besser f\u00fcr ihre Rechte zu k\u00e4mpfen und h\u00e4ufigere und effizientere Beziehungen untereinander unterhalten zu k\u00f6nnen. Dieses spezialisierte Krankenhausnetz half der Regierung des Bundesstaates w\u00e4hrend der Krise in Juqueri (Krankenhaus Franco da Rocha in der Hauptstadt), indem es sich an der Verteilung der \u00fcberm\u00e4\u00dfigen Anzahl von Patienten beteiligte, die Juqueri zu dem machten, was die Leute den Teufelskessel nannten.<\/p>\n\n\n\n<p class=\"has-black-color has-text-color has-link-color has-small-font-size wp-elements-6453227cb261d945f9b81d0665deef54\">Das Spiritistenkrankenhaus von Amparo befand sich im Bau, als ein renommierter Arzt und Schriftsteller einen Artikel in der Zeitung Ultima Hora ver\u00f6ffentlichte, in dem er sich gegen das Projekt aussprach und behauptete, die Spiritisten seien aus Gewissensbissen an der Sache interessiert, weil sie Verr\u00fcckte produzierten und sich verpflichtet f\u00fchlten, ihnen zu helfen. Ein spiritistischer Journalist und Psychologe entgegnete in den Associated Newspapers, dass die Spiritisten an der Sache interessiert seien, weil die Medizin die Geisteskranken nicht heilen k\u00f6nne. Das spiritistische Prinzip der N\u00e4chstenliebe zwinge sie dazu. Das Krankenhaus wurde gebaut und andere folgten bald darauf.<\/p>\n\n\n\n<p class=\"has-black-color has-text-color has-link-color has-small-font-size wp-elements-b7baf331084286693441028e5413f88d\">Die Verleumdung, dass Spiritisten zu Verr\u00fcckten machen, begann mit den klerikalen und medizinischen Kampagnen gegen diese Lehre. Kardec befasste sich mit diesem Thema, indem er die Absurdit\u00e4t dieses Vorwurfs aufzeigte und daran erinnerte, dass der Teufelsmythos \u00fcber Jahrhunderte hinweg mehr Verr\u00fcckte in der Welt hervorgebracht hat, als man sich vorstellen kann. Er wies darauf hin, dass sich die medizinische Behandlung stets als unzureichend erwiesen habe, und zwar aus dem einfachen Grund, dass die Wissenschaft sich weigerte, die Anzeichen von Besessenheit anzuerkennen.<\/p>\n\n\n\n<p class=\"has-black-color has-text-color has-link-color has-small-font-size wp-elements-1cb48ec403502533d9da9aa1f1768207\">Er verwies auf die Veranlagung bestimmter Menschen zum Wahnsinn, die \u00fcberall auf der Welt zum Verlust der Vernunft bei Menschen gef\u00fchrt hat, die sich dem Studium der Musik, der Mathematik, der Theologie oder anderer kultureller F\u00e4cher widmeten. Und das umso mehr, als, so der Lehrer, in jedem von uns ein gewisser Grad an Wahnsinn vorhanden ist, der durch jede Art von Aufregung ausgel\u00f6st werden kann. Als Beispiel nannte er die F\u00e4lle von individueller und kollektiver Besessenheit, die mit erschreckender H\u00e4ufigkeit in religi\u00f6sen Gemeinschaften auftreten, und bekr\u00e4ftigte, dass der Spiritismus die beste und wirksamste Vorbeugung gegen die verschiedenen Arten des Wahnsinns ist.<\/p>\n\n\n\n<p class=\"has-black-color has-text-color has-link-color has-small-font-size wp-elements-d66d94c9761a13b4a01c967b07d3ef48\">Es ist inzwischen wissenschaftlich erwiesen, dass dieser Grad des Wahnsinns durch telepathische Erregung ausgel\u00f6st werden kann, und zwar sowohl von inkarnierten Wesen als auch von desinkarnierten Geistern. Der psychoanalytische Arzt Jean Herenwald hat dieser Frage vor einigen Jahren ein Buch mit dem Titel \u201eTelepathie und zwischenmenschliche Beziehungen\u201c gewidmet, in dem er eindrucksvolle F\u00e4lle aus seiner eigenen Klinik anf\u00fchrt. Amerikanische, britische, franz\u00f6sische und sowjetische Forschungen haben diese Realit\u00e4t unbestreitbar bewiesen.<\/p>\n\n\n\n<p class=\"has-black-color has-text-color has-link-color has-small-font-size wp-elements-a26993b85b82262686ae0c4bf209d604\">Whately Carrington von der Universit\u00e4t Cambridge hat die Fakten gr\u00fcndlich \u00fcberpr\u00fcft. Der Spiritismus erhebt nicht den Anspruch, die Psychiatrie zu bek\u00e4mpfen oder ihre Errungenschaften oder die der Psychotherapie im Allgemeinen zu leugnen, aber es ist klar, dass er diesem Bereich der spezialisierten Behandlung neue Perspektiven bietet, um die wissenschaftlich belegte \u00e4tiologische und heilende Forschung voranzubringen. Sie offenbart den Psychotherapeuten das verborgene Gesicht der psychopathologischen Realit\u00e4t, so wie die Astronauten den Astronomen das verborgene Gesicht des Mondes gezeigt haben.<\/p>\n\n\n\n<p class=\"has-black-color has-text-color has-link-color has-small-font-size wp-elements-b5a294ad0cb7a6d7f7ba0772a163deea\">Die spiritistischen Behandlungsmethoden haben ihre Wirksamkeit bewiesen und beweisen sie weiterhin t\u00e4glich in der ganzen Welt. Der Spiritismus bietet der Psychiatrie einen umfassenden theoretischen und praktischen Beitrag, den die Psychiatrie nicht aufgrund von Annahmen und Vorurteilen aus einer l\u00e4ngst \u00fcberholten Vergangenheit ablehnen kann.<\/p>\n<\/div><\/div>","protected":false},"excerpt":{"rendered":"<p>Psiquiatr\u00eda y Espiritismo La psiquiatr\u00eda es el campo de la medicina que est\u00e1 m\u00e1s en conflicto con el espiritismo. Y es el campo en el que los espiritistas son m\u00e1s activos y tienen m\u00e1s \u00e9xito. La raz\u00f3n es obvia. La mayor\u00eda de los psic\u00f3patas est\u00e1n simplemente pose\u00eddos; y lo que va m\u00e1s all\u00e1 de la [&hellip;]<\/p>","protected":false},"author":1,"featured_media":3854,"parent":0,"menu_order":0,"comment_status":"closed","ping_status":"closed","template":"","meta":{"_uag_custom_page_level_css":"","site-sidebar-layout":"default","site-content-layout":"","ast-site-content-layout":"default","site-content-style":"default","site-sidebar-style":"default","ast-global-header-display":"","ast-banner-title-visibility":"","ast-main-header-display":"","ast-hfb-above-header-display":"","ast-hfb-below-header-display":"","ast-hfb-mobile-header-display":"","site-post-title":"disabled","ast-breadcrumbs-content":"","ast-featured-img":"","footer-sml-layout":"","theme-transparent-header-meta":"","adv-header-id-meta":"","stick-header-meta":"","header-above-stick-meta":"","header-main-stick-meta":"","header-below-stick-meta":"","astra-migrate-meta-layouts":"set","ast-page-background-enabled":"default","ast-page-background-meta":{"desktop":{"background-color":"var(--ast-global-color-4)","background-image":"","background-repeat":"repeat","background-position":"center center","background-size":"auto","background-attachment":"scroll","background-type":"","background-media":"","overlay-type":"","overlay-color":"","overlay-opacity":"","overlay-gradient":""},"tablet":{"background-color":"","background-image":"","background-repeat":"repeat","background-position":"center center","background-size":"auto","background-attachment":"scroll","background-type":"","background-media":"","overlay-type":"","overlay-color":"","overlay-opacity":"","overlay-gradient":""},"mobile":{"background-color":"","background-image":"","background-repeat":"repeat","background-position":"center center","background-size":"auto","background-attachment":"scroll","background-type":"","background-media":"","overlay-type":"","overlay-color":"","overlay-opacity":"","overlay-gradient":""}},"ast-content-background-meta":{"desktop":{"background-color":"var(--ast-global-color-5)","background-image":"","background-repeat":"repeat","background-position":"center center","background-size":"auto","background-attachment":"scroll","background-type":"","background-media":"","overlay-type":"","overlay-color":"","overlay-opacity":"","overlay-gradient":""},"tablet":{"background-color":"var(--ast-global-color-5)","background-image":"","background-repeat":"repeat","background-position":"center center","background-size":"auto","background-attachment":"scroll","background-type":"","background-media":"","overlay-type":"","overlay-color":"","overlay-opacity":"","overlay-gradient":""},"mobile":{"background-color":"var(--ast-global-color-5)","background-image":"","background-repeat":"repeat","background-position":"center center","background-size":"auto","background-attachment":"scroll","background-type":"","background-media":"","overlay-type":"","overlay-color":"","overlay-opacity":"","overlay-gradient":""}},"footnotes":""},"class_list":["post-3853","page","type-page","status-publish","has-post-thumbnail","hentry"],"yoast_head":"<!-- This site is optimized with the Yoast SEO Premium plugin v24.2 (Yoast SEO v24.6) - https:\/\/yoast.com\/wordpress\/plugins\/seo\/ -->\n<title>Psiquiatr\u00eda y Espiritismo - Uni\u00f3n Esp\u00edrita<\/title>\n<meta name=\"robots\" content=\"index, follow, max-snippet:-1, max-image-preview:large, max-video-preview:-1\" \/>\n<link rel=\"canonical\" href=\"https:\/\/nuevo-renacer.com\/de\/psiquiatria-y-espiritismo\/\" \/>\n<meta property=\"og:locale\" content=\"de_DE\" \/>\n<meta property=\"og:type\" content=\"article\" \/>\n<meta property=\"og:title\" content=\"Psiquiatr\u00eda y Espiritismo\" \/>\n<meta property=\"og:description\" content=\"Psiquiatr\u00eda y Espiritismo La psiquiatr\u00eda es el campo de la medicina que est\u00e1 m\u00e1s en conflicto con el espiritismo. Y es el campo en el que los espiritistas son m\u00e1s activos y tienen m\u00e1s \u00e9xito. La raz\u00f3n es obvia. La mayor\u00eda de los psic\u00f3patas est\u00e1n simplemente pose\u00eddos; y lo que va m\u00e1s all\u00e1 de la [&hellip;]\" \/>\n<meta property=\"og:url\" content=\"https:\/\/nuevo-renacer.com\/de\/psiquiatria-y-espiritismo\/\" \/>\n<meta property=\"og:site_name\" content=\"Uni\u00f3n Esp\u00edrita\" \/>\n<meta property=\"article:publisher\" content=\"https:\/\/www.facebook.com\/groups\/3431398063740829\" \/>\n<meta property=\"article:modified_time\" content=\"2024-07-16T11:14:25+00:00\" \/>\n<meta property=\"og:image\" content=\"https:\/\/nuevo-renacer.com\/wp-content\/uploads\/2024\/07\/447968129_7965176216836124_410702528150355634_n.jpg\" \/>\n\t<meta property=\"og:image:width\" content=\"626\" \/>\n\t<meta property=\"og:image:height\" content=\"416\" \/>\n\t<meta property=\"og:image:type\" content=\"image\/jpeg\" \/>\n<meta name=\"twitter:card\" content=\"summary_large_image\" \/>\n<meta name=\"twitter:label1\" content=\"Gesch\u00e4tzte Lesezeit\" \/>\n\t<meta name=\"twitter:data1\" content=\"4\u00a0Minuten\" \/>\n<script type=\"application\/ld+json\" class=\"yoast-schema-graph\">{\"@context\":\"https:\/\/schema.org\",\"@graph\":[{\"@type\":\"WebPage\",\"@id\":\"https:\/\/nuevo-renacer.com\/psiquiatria-y-espiritismo\/\",\"url\":\"https:\/\/nuevo-renacer.com\/psiquiatria-y-espiritismo\/\",\"name\":\"Psiquiatr\u00eda y Espiritismo - Uni\u00f3n Esp\u00edrita\",\"isPartOf\":{\"@id\":\"https:\/\/nuevo-renacer.com\/#website\"},\"primaryImageOfPage\":{\"@id\":\"https:\/\/nuevo-renacer.com\/psiquiatria-y-espiritismo\/#primaryimage\"},\"image\":{\"@id\":\"https:\/\/nuevo-renacer.com\/psiquiatria-y-espiritismo\/#primaryimage\"},\"thumbnailUrl\":\"https:\/\/nuevo-renacer.com\/wp-content\/uploads\/2024\/07\/447968129_7965176216836124_410702528150355634_n.jpg\",\"datePublished\":\"2024-07-16T11:14:23+00:00\",\"dateModified\":\"2024-07-16T11:14:25+00:00\",\"breadcrumb\":{\"@id\":\"https:\/\/nuevo-renacer.com\/psiquiatria-y-espiritismo\/#breadcrumb\"},\"inLanguage\":\"de\",\"potentialAction\":[{\"@type\":\"ReadAction\",\"target\":[\"https:\/\/nuevo-renacer.com\/psiquiatria-y-espiritismo\/\"]}]},{\"@type\":\"ImageObject\",\"inLanguage\":\"de\",\"@id\":\"https:\/\/nuevo-renacer.com\/psiquiatria-y-espiritismo\/#primaryimage\",\"url\":\"https:\/\/nuevo-renacer.com\/wp-content\/uploads\/2024\/07\/447968129_7965176216836124_410702528150355634_n.jpg\",\"contentUrl\":\"https:\/\/nuevo-renacer.com\/wp-content\/uploads\/2024\/07\/447968129_7965176216836124_410702528150355634_n.jpg\",\"width\":626,\"height\":416},{\"@type\":\"BreadcrumbList\",\"@id\":\"https:\/\/nuevo-renacer.com\/psiquiatria-y-espiritismo\/#breadcrumb\",\"itemListElement\":[{\"@type\":\"ListItem\",\"position\":1,\"name\":\"Startseite\",\"item\":\"https:\/\/nuevo-renacer.com\/\"},{\"@type\":\"ListItem\",\"position\":2,\"name\":\"Psiquiatr\u00eda y Espiritismo\"}]},{\"@type\":\"WebSite\",\"@id\":\"https:\/\/nuevo-renacer.com\/#website\",\"url\":\"https:\/\/nuevo-renacer.com\/\",\"name\":\"Uni\u00f3n Esp\u00edrita\",\"description\":\"Nuevo Renacer\",\"publisher\":{\"@id\":\"https:\/\/nuevo-renacer.com\/#organization\"},\"potentialAction\":[{\"@type\":\"SearchAction\",\"target\":{\"@type\":\"EntryPoint\",\"urlTemplate\":\"https:\/\/nuevo-renacer.com\/?s={search_term_string}\"},\"query-input\":{\"@type\":\"PropertyValueSpecification\",\"valueRequired\":true,\"valueName\":\"search_term_string\"}}],\"inLanguage\":\"de\"},{\"@type\":\"Organization\",\"@id\":\"https:\/\/nuevo-renacer.com\/#organization\",\"name\":\"UFEC\",\"url\":\"https:\/\/nuevo-renacer.com\/\",\"logo\":{\"@type\":\"ImageObject\",\"inLanguage\":\"de\",\"@id\":\"https:\/\/nuevo-renacer.com\/#\/schema\/logo\/image\/\",\"url\":\"https:\/\/nuevo-renacer.com\/wp-content\/uploads\/2024\/05\/cropped-LOGO-TERMINADO1-3-3.png\",\"contentUrl\":\"https:\/\/nuevo-renacer.com\/wp-content\/uploads\/2024\/05\/cropped-LOGO-TERMINADO1-3-3.png\",\"width\":512,\"height\":512,\"caption\":\"UFEC\"},\"image\":{\"@id\":\"https:\/\/nuevo-renacer.com\/#\/schema\/logo\/image\/\"},\"sameAs\":[\"https:\/\/www.facebook.com\/groups\/3431398063740829\"]}]}<\/script>\n<!-- \/ Yoast SEO Premium plugin. -->","yoast_head_json":{"title":"Psiquiatr\u00eda y Espiritismo - Uni\u00f3n Esp\u00edrita","robots":{"index":"index","follow":"follow","max-snippet":"max-snippet:-1","max-image-preview":"max-image-preview:large","max-video-preview":"max-video-preview:-1"},"canonical":"https:\/\/nuevo-renacer.com\/de\/psiquiatria-y-espiritismo\/","og_locale":"de_DE","og_type":"article","og_title":"Psiquiatr\u00eda y Espiritismo","og_description":"Psiquiatr\u00eda y Espiritismo La psiquiatr\u00eda es el campo de la medicina que est\u00e1 m\u00e1s en conflicto con el espiritismo. Y es el campo en el que los espiritistas son m\u00e1s activos y tienen m\u00e1s \u00e9xito. La raz\u00f3n es obvia. La mayor\u00eda de los psic\u00f3patas est\u00e1n simplemente pose\u00eddos; y lo que va m\u00e1s all\u00e1 de la [&hellip;]","og_url":"https:\/\/nuevo-renacer.com\/de\/psiquiatria-y-espiritismo\/","og_site_name":"Uni\u00f3n Esp\u00edrita","article_publisher":"https:\/\/www.facebook.com\/groups\/3431398063740829","article_modified_time":"2024-07-16T11:14:25+00:00","og_image":[{"width":626,"height":416,"url":"https:\/\/nuevo-renacer.com\/wp-content\/uploads\/2024\/07\/447968129_7965176216836124_410702528150355634_n.jpg","type":"image\/jpeg"}],"twitter_card":"summary_large_image","twitter_misc":{"Gesch\u00e4tzte Lesezeit":"4\u00a0Minuten"},"schema":{"@context":"https:\/\/schema.org","@graph":[{"@type":"WebPage","@id":"https:\/\/nuevo-renacer.com\/psiquiatria-y-espiritismo\/","url":"https:\/\/nuevo-renacer.com\/psiquiatria-y-espiritismo\/","name":"Psiquiatr\u00eda y Espiritismo - Uni\u00f3n Esp\u00edrita","isPartOf":{"@id":"https:\/\/nuevo-renacer.com\/#website"},"primaryImageOfPage":{"@id":"https:\/\/nuevo-renacer.com\/psiquiatria-y-espiritismo\/#primaryimage"},"image":{"@id":"https:\/\/nuevo-renacer.com\/psiquiatria-y-espiritismo\/#primaryimage"},"thumbnailUrl":"https:\/\/nuevo-renacer.com\/wp-content\/uploads\/2024\/07\/447968129_7965176216836124_410702528150355634_n.jpg","datePublished":"2024-07-16T11:14:23+00:00","dateModified":"2024-07-16T11:14:25+00:00","breadcrumb":{"@id":"https:\/\/nuevo-renacer.com\/psiquiatria-y-espiritismo\/#breadcrumb"},"inLanguage":"de","potentialAction":[{"@type":"ReadAction","target":["https:\/\/nuevo-renacer.com\/psiquiatria-y-espiritismo\/"]}]},{"@type":"ImageObject","inLanguage":"de","@id":"https:\/\/nuevo-renacer.com\/psiquiatria-y-espiritismo\/#primaryimage","url":"https:\/\/nuevo-renacer.com\/wp-content\/uploads\/2024\/07\/447968129_7965176216836124_410702528150355634_n.jpg","contentUrl":"https:\/\/nuevo-renacer.com\/wp-content\/uploads\/2024\/07\/447968129_7965176216836124_410702528150355634_n.jpg","width":626,"height":416},{"@type":"BreadcrumbList","@id":"https:\/\/nuevo-renacer.com\/psiquiatria-y-espiritismo\/#breadcrumb","itemListElement":[{"@type":"ListItem","position":1,"name":"Startseite","item":"https:\/\/nuevo-renacer.com\/"},{"@type":"ListItem","position":2,"name":"Psiquiatr\u00eda y Espiritismo"}]},{"@type":"WebSite","@id":"https:\/\/nuevo-renacer.com\/#website","url":"https:\/\/nuevo-renacer.com\/","name":"Uni\u00f3n Esp\u00edrita","description":"Nuevo Renacer","publisher":{"@id":"https:\/\/nuevo-renacer.com\/#organization"},"potentialAction":[{"@type":"SearchAction","target":{"@type":"EntryPoint","urlTemplate":"https:\/\/nuevo-renacer.com\/?s={search_term_string}"},"query-input":{"@type":"PropertyValueSpecification","valueRequired":true,"valueName":"search_term_string"}}],"inLanguage":"de"},{"@type":"Organization","@id":"https:\/\/nuevo-renacer.com\/#organization","name":"UFEC","url":"https:\/\/nuevo-renacer.com\/","logo":{"@type":"ImageObject","inLanguage":"de","@id":"https:\/\/nuevo-renacer.com\/#\/schema\/logo\/image\/","url":"https:\/\/nuevo-renacer.com\/wp-content\/uploads\/2024\/05\/cropped-LOGO-TERMINADO1-3-3.png","contentUrl":"https:\/\/nuevo-renacer.com\/wp-content\/uploads\/2024\/05\/cropped-LOGO-TERMINADO1-3-3.png","width":512,"height":512,"caption":"UFEC"},"image":{"@id":"https:\/\/nuevo-renacer.com\/#\/schema\/logo\/image\/"},"sameAs":["https:\/\/www.facebook.com\/groups\/3431398063740829"]}]}},"uagb_featured_image_src":{"full":["https:\/\/nuevo-renacer.com\/wp-content\/uploads\/2024\/07\/447968129_7965176216836124_410702528150355634_n.jpg",626,416,false],"thumbnail":["https:\/\/nuevo-renacer.com\/wp-content\/uploads\/2024\/07\/447968129_7965176216836124_410702528150355634_n-150x150.jpg",150,150,true],"medium":["https:\/\/nuevo-renacer.com\/wp-content\/uploads\/2024\/07\/447968129_7965176216836124_410702528150355634_n-300x199.jpg",300,199,true],"medium_large":["https:\/\/nuevo-renacer.com\/wp-content\/uploads\/2024\/07\/447968129_7965176216836124_410702528150355634_n.jpg",626,416,false],"large":["https:\/\/nuevo-renacer.com\/wp-content\/uploads\/2024\/07\/447968129_7965176216836124_410702528150355634_n.jpg",626,416,false],"1536x1536":["https:\/\/nuevo-renacer.com\/wp-content\/uploads\/2024\/07\/447968129_7965176216836124_410702528150355634_n.jpg",626,416,false],"2048x2048":["https:\/\/nuevo-renacer.com\/wp-content\/uploads\/2024\/07\/447968129_7965176216836124_410702528150355634_n.jpg",626,416,false],"trp-custom-language-flag":["https:\/\/nuevo-renacer.com\/wp-content\/uploads\/2024\/07\/447968129_7965176216836124_410702528150355634_n-18x12.jpg",18,12,true]},"uagb_author_info":{"display_name":"adbv0","author_link":"https:\/\/nuevo-renacer.com\/de\/author\/adbv0\/"},"uagb_comment_info":0,"uagb_excerpt":"Psiquiatr\u00eda y Espiritismo La psiquiatr\u00eda es el campo de la medicina que est\u00e1 m\u00e1s en conflicto con el espiritismo. Y es el campo en el que los espiritistas son m\u00e1s activos y tienen m\u00e1s \u00e9xito. La raz\u00f3n es obvia. La mayor\u00eda de los psic\u00f3patas est\u00e1n simplemente pose\u00eddos; y lo que va m\u00e1s all\u00e1 de la&hellip;","jetpack_sharing_enabled":true,"_links":{"self":[{"href":"https:\/\/nuevo-renacer.com\/de\/wp-json\/wp\/v2\/pages\/3853","targetHints":{"allow":["GET"]}}],"collection":[{"href":"https:\/\/nuevo-renacer.com\/de\/wp-json\/wp\/v2\/pages"}],"about":[{"href":"https:\/\/nuevo-renacer.com\/de\/wp-json\/wp\/v2\/types\/page"}],"author":[{"embeddable":true,"href":"https:\/\/nuevo-renacer.com\/de\/wp-json\/wp\/v2\/users\/1"}],"replies":[{"embeddable":true,"href":"https:\/\/nuevo-renacer.com\/de\/wp-json\/wp\/v2\/comments?post=3853"}],"version-history":[{"count":1,"href":"https:\/\/nuevo-renacer.com\/de\/wp-json\/wp\/v2\/pages\/3853\/revisions"}],"predecessor-version":[{"id":3855,"href":"https:\/\/nuevo-renacer.com\/de\/wp-json\/wp\/v2\/pages\/3853\/revisions\/3855"}],"wp:featuredmedia":[{"embeddable":true,"href":"https:\/\/nuevo-renacer.com\/de\/wp-json\/wp\/v2\/media\/3854"}],"wp:attachment":[{"href":"https:\/\/nuevo-renacer.com\/de\/wp-json\/wp\/v2\/media?parent=3853"}],"curies":[{"name":"wp","href":"https:\/\/api.w.org\/{rel}","templated":true}]}}