{"id":3840,"date":"2024-07-16T09:11:25","date_gmt":"2024-07-16T09:11:25","guid":{"rendered":"https:\/\/ufec-mundial.com\/?page_id=3840"},"modified":"2024-07-16T09:11:27","modified_gmt":"2024-07-16T09:11:27","slug":"atributos-de-la-divinidad","status":"publish","type":"page","link":"https:\/\/nuevo-renacer.com\/de\/atributos-de-la-divinidad\/","title":{"rendered":"Eigenschaften der Gottheit"},"content":{"rendered":"<div class=\"wp-block-uagb-container uagb-block-7c80131f alignfull uagb-is-root-container\"><div class=\"uagb-container-inner-blocks-wrap\">\n<p class=\"has-black-color has-text-color has-link-color has-medium-font-size wp-elements-8c1f8b264968ce7d57ba4d4138db81f6\"><strong>Eigenschaften der Gottheit<\/strong><\/p>\n<\/div><\/div>\n\n\n\n<div class=\"wp-block-uagb-container uagb-block-6a98fe8a alignfull uagb-is-root-container\"><div class=\"uagb-container-inner-blocks-wrap\">\n<figure class=\"wp-block-image size-full is-resized\"><img fetchpriority=\"high\" decoding=\"async\" width=\"575\" height=\"385\" src=\"https:\/\/ufec-mundial.com\/wp-content\/uploads\/2024\/07\/The_Bible_Denies_the_Divinity_of_Jesus_part_1_of_7_001.jpg\" alt=\"\" class=\"wp-image-3841\" style=\"width:438px;height:auto\" srcset=\"https:\/\/nuevo-renacer.com\/wp-content\/uploads\/2024\/07\/The_Bible_Denies_the_Divinity_of_Jesus_part_1_of_7_001.jpg 575w, https:\/\/nuevo-renacer.com\/wp-content\/uploads\/2024\/07\/The_Bible_Denies_the_Divinity_of_Jesus_part_1_of_7_001-300x201.jpg 300w, https:\/\/nuevo-renacer.com\/wp-content\/uploads\/2024\/07\/The_Bible_Denies_the_Divinity_of_Jesus_part_1_of_7_001-18x12.jpg 18w\" sizes=\"(max-width: 575px) 100vw, 575px\" \/><\/figure>\n<\/div><\/div>\n\n\n\n<div class=\"wp-block-uagb-container uagb-block-fbfd99f8 alignfull uagb-is-root-container\"><div class=\"uagb-container-inner-blocks-wrap\">\n<p class=\"has-black-color has-text-color has-link-color has-small-font-size wp-elements-f200a288ae518604be20012ef0cf1ac8\"><strong>Vermag der Mensch das innerste Wesen Gottes zu erkennen?<\/strong><\/p>\n\n\n\n<p class=\"has-black-color has-text-color has-link-color has-small-font-size wp-elements-ed0613f969919f9725b74a70c27b13ef\">&nbsp;\u201eNein; dazu fehlt ihm ein Sinn.\u201c<\/p>\n\n\n\n<p class=\"has-black-color has-text-color has-link-color has-small-font-size wp-elements-f12c14795143dd958d1bda6e089097d2\"><strong>Wird es dem Menschen einst verg\u00f6nnt sein, das Geheimnis Gottes zu erfassen?<\/strong><\/p>\n\n\n\n<p class=\"has-black-color has-text-color has-link-color has-small-font-size wp-elements-cfcb4ca4990c5c92717a6028b4215f2b\">&nbsp;\u201eWenn sein Geist nicht mehr von der Materie verdunkelt sein und er durch Selbstvervollkommnung sich ihm gen\u00e4hert haben wird, dann wird er ihn schauen und ihn begreifen.\u201c<\/p>\n\n\n\n<p class=\"has-black-color has-text-color has-link-color has-small-font-size wp-elements-dfbbb8316dedcea72fb5ea1df7bd358f\">Die Beschr\u00e4nktheit seiner F\u00e4higkeiten gestattet dem Menschen nicht, das innere Wesen Gottes zu begreifen. Zur Zeit der Kindheit der Menschheit verwechselte man oft Gott mit dem Gesch\u00f6pf und legte ihm des letzteren Unvollkommenheiten bei; aber je mehr sich der moralische Sinn des Menschen entwickelt, dringt sein Denken zum Kern der Dinge vor und er bildet sich von demselben eine richtigere und dem Verstand entsprechendere, wenn auch\nimmer noch unvollst\u00e4ndige Vorstellung.<\/p>\n\n\n\n<p class=\"has-black-color has-text-color has-link-color has-small-font-size wp-elements-d78197d99836efc2fee4e9465b41d453\"><strong>Wenn wir das innerste Wesen Gottes nicht erfassen k\u00f6nnen, verm\u00f6gen wir uns wenigstens eine Vorstellung von einigen seiner Vollkommenheiten zu machen?<\/strong><\/p>\n\n\n\n<p class=\"has-black-color has-text-color has-link-color has-small-font-size wp-elements-732a6a1e892a5b823f05dbfe83fbffe6\">\u201eJa, von einigen derselben. Der Mensch erkennt dieselben, je mehr er sich \u00fcber die Materie erhebt, er ahnt sie in Gedanken.\u201c<\/p>\n\n\n\n<p class=\"has-black-color has-text-color has-link-color has-small-font-size wp-elements-bc9d6e5fcd57861d43421258a3310e42\"><strong>Wenn wir sagen, Gott sei ewig, unendlich, unver\u00e4nderlich, immateriell, einzig, allm\u00e4chtig, allgerecht und allg\u00fctig, haben wir dann nicht einen vollst\u00e4ndigen Begriff von seinen Eigenschaften?<\/strong><\/p>\n\n\n\n<p class=\"has-black-color has-text-color has-link-color has-small-font-size wp-elements-c822d189375f6205f9b48891b9424968\">\u201eVon eurem Standpunkt aus, ja, weil ihr eben alles zu umfassen vermeint. Aber wisset, dass es Dinge gibt, welche die Erkenntnis auch der intelligentesten Menschen \u00fcberragen und f\u00fcr welche eure Sprache, die sich innerhalb eurer Vorstellungen und Gef\u00fchlen bewegt, keinen\nAusdruck besitzt. Die Vernunft sagt euch zwar, dass Gott jene Vollkommenheiten besitzen muss; denn h\u00e4tte er eine einzige weniger oder eine derselben nicht in unendlichem Masse, so w\u00e4re er nicht h\u00f6her als Alles und somit nicht Gott. Um \u00fcber allen Dingen zu stehen, darf er\nkeinen Wechself\u00e4llen unterworfen sein und darf er keine Unvollkommenheiten haben, die der Einbildungskraft etwa vorschweben m\u00f6chten.\u201c<\/p>\n\n\n\n<p class=\"has-black-color has-text-color has-link-color has-small-font-size wp-elements-fa955f4d15d292a9f1bd8c68f8f9d9fe\">Gott ist ewig: h\u00e4tte er einen Anfang gehabt, so w\u00e4re er aus dem Nichts hervorgegangen oder selbst von einem Wesen vor ihm geschaffen worden. So steigen wir stufenweise aufw\u00e4rts zum Unendlichen, Ewigen. Gott ist unver\u00e4nderlich: w\u00e4re er Ver\u00e4nderungen unterworfen, so h\u00e4tten die das Universum beherrschenden Gesetze keinen Bestand.\nEr ist immateriell, d. h. sein Wesen unterscheidet sich von Allem, was wir Materie, Stoff nennen; sonst w\u00e4re er nicht unver\u00e4nderlich, sondern den Wandlungen der Materie unterworfen. Er ist einzig: g\u00e4be es mehrere G\u00f6tter, so best\u00e4nde weder\neine Einheit in den Zwecken, noch in der Macht bei der Leitung des Universums. Er ist allm\u00e4chtig, weil er einzig ist. Bes\u00e4\u00dfe er nicht die h\u00f6chste Macht, so g\u00e4be es etwas m\u00e4chtigeres oder ebenso m\u00e4chtiges, wie er: er h\u00e4tte dann nicht alle Dinge gemacht und die, welche er nicht gemacht h\u00e4tte, w\u00e4ren das Werk\neines anderen Gottes. Er ist allgerecht und allg\u00fctig. Die vorsehungsvolle Weisheit der g\u00f6ttlichen Gesetze offenbart sich in den kleinsten, wie in den gr\u00f6\u00dften Dingen und diese Weisheit gestattet keinen Zweifel, weder an seiner Gerechtigkeit, noch an seiner G\u00fcte.<\/p>\n<\/div><\/div>","protected":false},"excerpt":{"rendered":"<p>Atributos de la Divinidad El hombre, \u00bfpuede comprender la naturaleza \u00edntima de Dios? &nbsp;\u201cNo; le falta un sentido.\u201d \u00bfSer\u00e1 alg\u00fan d\u00eda dado al hombre comprender el misterio de la Divinidad? &nbsp;\u201cCuando su esp\u00edritu ya no est\u00e9 oscurecido por la materia y, por su perfecci\u00f3n, se haya acercado a la Divinidad, entonces la ver\u00e1 y la [&hellip;]<\/p>","protected":false},"author":1,"featured_media":3841,"parent":0,"menu_order":0,"comment_status":"closed","ping_status":"closed","template":"","meta":{"_uag_custom_page_level_css":"","site-sidebar-layout":"default","site-content-layout":"","ast-site-content-layout":"default","site-content-style":"default","site-sidebar-style":"default","ast-global-header-display":"","ast-banner-title-visibility":"","ast-main-header-display":"","ast-hfb-above-header-display":"","ast-hfb-below-header-display":"","ast-hfb-mobile-header-display":"","site-post-title":"disabled","ast-breadcrumbs-content":"","ast-featured-img":"","footer-sml-layout":"","theme-transparent-header-meta":"","adv-header-id-meta":"","stick-header-meta":"","header-above-stick-meta":"","header-main-stick-meta":"","header-below-stick-meta":"","astra-migrate-meta-layouts":"set","ast-page-background-enabled":"default","ast-page-background-meta":{"desktop":{"background-color":"var(--ast-global-color-4)","background-image":"","background-repeat":"repeat","background-position":"center center","background-size":"auto","background-attachment":"scroll","background-type":"","background-media":"","overlay-type":"","overlay-color":"","overlay-opacity":"","overlay-gradient":""},"tablet":{"background-color":"","background-image":"","background-repeat":"repeat","background-position":"center center","background-size":"auto","background-attachment":"scroll","background-type":"","background-media":"","overlay-type":"","overlay-color":"","overlay-opacity":"","overlay-gradient":""},"mobile":{"background-color":"","background-image":"","background-repeat":"repeat","background-position":"center center","background-size":"auto","background-attachment":"scroll","background-type":"","background-media":"","overlay-type":"","overlay-color":"","overlay-opacity":"","overlay-gradient":""}},"ast-content-background-meta":{"desktop":{"background-color":"var(--ast-global-color-5)","background-image":"","background-repeat":"repeat","background-position":"center center","background-size":"auto","background-attachment":"scroll","background-type":"","background-media":"","overlay-type":"","overlay-color":"","overlay-opacity":"","overlay-gradient":""},"tablet":{"background-color":"var(--ast-global-color-5)","background-image":"","background-repeat":"repeat","background-position":"center center","background-size":"auto","background-attachment":"scroll","background-type":"","background-media":"","overlay-type":"","overlay-color":"","overlay-opacity":"","overlay-gradient":""},"mobile":{"background-color":"var(--ast-global-color-5)","background-image":"","background-repeat":"repeat","background-position":"center center","background-size":"auto","background-attachment":"scroll","background-type":"","background-media":"","overlay-type":"","overlay-color":"","overlay-opacity":"","overlay-gradient":""}},"footnotes":""},"class_list":["post-3840","page","type-page","status-publish","has-post-thumbnail","hentry"],"yoast_head":"<!-- This site is optimized with the Yoast SEO Premium plugin v24.2 (Yoast SEO v24.6) - https:\/\/yoast.com\/wordpress\/plugins\/seo\/ -->\n<title>Atributos de la Divinidad - Uni\u00f3n Esp\u00edrita<\/title>\n<meta name=\"robots\" content=\"index, follow, max-snippet:-1, max-image-preview:large, max-video-preview:-1\" \/>\n<link rel=\"canonical\" href=\"https:\/\/nuevo-renacer.com\/de\/atributos-de-la-divinidad\/\" \/>\n<meta property=\"og:locale\" content=\"de_DE\" \/>\n<meta property=\"og:type\" content=\"article\" \/>\n<meta property=\"og:title\" content=\"Atributos de la Divinidad\" \/>\n<meta property=\"og:description\" content=\"Atributos de la Divinidad El hombre, \u00bfpuede comprender la naturaleza \u00edntima de Dios? &nbsp;\u201cNo; le falta un sentido.\u201d \u00bfSer\u00e1 alg\u00fan d\u00eda dado al hombre comprender el misterio de la Divinidad? &nbsp;\u201cCuando su esp\u00edritu ya no est\u00e9 oscurecido por la materia y, por su perfecci\u00f3n, se haya acercado a la Divinidad, entonces la ver\u00e1 y la [&hellip;]\" \/>\n<meta property=\"og:url\" content=\"https:\/\/nuevo-renacer.com\/de\/atributos-de-la-divinidad\/\" \/>\n<meta property=\"og:site_name\" content=\"Uni\u00f3n Esp\u00edrita\" \/>\n<meta property=\"article:publisher\" content=\"https:\/\/www.facebook.com\/groups\/3431398063740829\" \/>\n<meta property=\"article:modified_time\" content=\"2024-07-16T09:11:27+00:00\" \/>\n<meta property=\"og:image\" content=\"https:\/\/nuevo-renacer.com\/wp-content\/uploads\/2024\/07\/The_Bible_Denies_the_Divinity_of_Jesus_part_1_of_7_001.jpg\" \/>\n\t<meta property=\"og:image:width\" content=\"575\" \/>\n\t<meta property=\"og:image:height\" content=\"385\" \/>\n\t<meta property=\"og:image:type\" content=\"image\/jpeg\" \/>\n<meta name=\"twitter:card\" content=\"summary_large_image\" \/>\n<meta name=\"twitter:label1\" content=\"Gesch\u00e4tzte Lesezeit\" \/>\n\t<meta name=\"twitter:data1\" content=\"3\u00a0Minuten\" \/>\n<script type=\"application\/ld+json\" class=\"yoast-schema-graph\">{\"@context\":\"https:\/\/schema.org\",\"@graph\":[{\"@type\":\"WebPage\",\"@id\":\"https:\/\/nuevo-renacer.com\/de\/atributos-de-la-divinidad\/\",\"url\":\"https:\/\/nuevo-renacer.com\/de\/atributos-de-la-divinidad\/\",\"name\":\"Atributos de la Divinidad - Uni\u00f3n Esp\u00edrita\",\"isPartOf\":{\"@id\":\"https:\/\/nuevo-renacer.com\/#website\"},\"primaryImageOfPage\":{\"@id\":\"https:\/\/nuevo-renacer.com\/de\/atributos-de-la-divinidad\/#primaryimage\"},\"image\":{\"@id\":\"https:\/\/nuevo-renacer.com\/de\/atributos-de-la-divinidad\/#primaryimage\"},\"thumbnailUrl\":\"https:\/\/nuevo-renacer.com\/wp-content\/uploads\/2024\/07\/The_Bible_Denies_the_Divinity_of_Jesus_part_1_of_7_001.jpg\",\"datePublished\":\"2024-07-16T09:11:25+00:00\",\"dateModified\":\"2024-07-16T09:11:27+00:00\",\"breadcrumb\":{\"@id\":\"https:\/\/nuevo-renacer.com\/de\/atributos-de-la-divinidad\/#breadcrumb\"},\"inLanguage\":\"de\",\"potentialAction\":[{\"@type\":\"ReadAction\",\"target\":[\"https:\/\/nuevo-renacer.com\/de\/atributos-de-la-divinidad\/\"]}]},{\"@type\":\"ImageObject\",\"inLanguage\":\"de\",\"@id\":\"https:\/\/nuevo-renacer.com\/de\/atributos-de-la-divinidad\/#primaryimage\",\"url\":\"https:\/\/nuevo-renacer.com\/wp-content\/uploads\/2024\/07\/The_Bible_Denies_the_Divinity_of_Jesus_part_1_of_7_001.jpg\",\"contentUrl\":\"https:\/\/nuevo-renacer.com\/wp-content\/uploads\/2024\/07\/The_Bible_Denies_the_Divinity_of_Jesus_part_1_of_7_001.jpg\",\"width\":575,\"height\":385},{\"@type\":\"BreadcrumbList\",\"@id\":\"https:\/\/nuevo-renacer.com\/de\/atributos-de-la-divinidad\/#breadcrumb\",\"itemListElement\":[{\"@type\":\"ListItem\",\"position\":1,\"name\":\"Startseite\",\"item\":\"https:\/\/nuevo-renacer.com\/\"},{\"@type\":\"ListItem\",\"position\":2,\"name\":\"Atributos de la Divinidad\"}]},{\"@type\":\"WebSite\",\"@id\":\"https:\/\/nuevo-renacer.com\/#website\",\"url\":\"https:\/\/nuevo-renacer.com\/\",\"name\":\"Uni\u00f3n Esp\u00edrita\",\"description\":\"Nuevo Renacer\",\"publisher\":{\"@id\":\"https:\/\/nuevo-renacer.com\/#organization\"},\"potentialAction\":[{\"@type\":\"SearchAction\",\"target\":{\"@type\":\"EntryPoint\",\"urlTemplate\":\"https:\/\/nuevo-renacer.com\/?s={search_term_string}\"},\"query-input\":{\"@type\":\"PropertyValueSpecification\",\"valueRequired\":true,\"valueName\":\"search_term_string\"}}],\"inLanguage\":\"de\"},{\"@type\":\"Organization\",\"@id\":\"https:\/\/nuevo-renacer.com\/#organization\",\"name\":\"UFEC\",\"url\":\"https:\/\/nuevo-renacer.com\/\",\"logo\":{\"@type\":\"ImageObject\",\"inLanguage\":\"de\",\"@id\":\"https:\/\/nuevo-renacer.com\/#\/schema\/logo\/image\/\",\"url\":\"https:\/\/nuevo-renacer.com\/wp-content\/uploads\/2024\/05\/cropped-LOGO-TERMINADO1-3-3.png\",\"contentUrl\":\"https:\/\/nuevo-renacer.com\/wp-content\/uploads\/2024\/05\/cropped-LOGO-TERMINADO1-3-3.png\",\"width\":512,\"height\":512,\"caption\":\"UFEC\"},\"image\":{\"@id\":\"https:\/\/nuevo-renacer.com\/#\/schema\/logo\/image\/\"},\"sameAs\":[\"https:\/\/www.facebook.com\/groups\/3431398063740829\"]}]}<\/script>\n<!-- \/ Yoast SEO Premium plugin. -->","yoast_head_json":{"title":"Atributos de la Divinidad - Uni\u00f3n Esp\u00edrita","robots":{"index":"index","follow":"follow","max-snippet":"max-snippet:-1","max-image-preview":"max-image-preview:large","max-video-preview":"max-video-preview:-1"},"canonical":"https:\/\/nuevo-renacer.com\/de\/atributos-de-la-divinidad\/","og_locale":"de_DE","og_type":"article","og_title":"Atributos de la Divinidad","og_description":"Atributos de la Divinidad El hombre, \u00bfpuede comprender la naturaleza \u00edntima de Dios? &nbsp;\u201cNo; le falta un sentido.\u201d \u00bfSer\u00e1 alg\u00fan d\u00eda dado al hombre comprender el misterio de la Divinidad? &nbsp;\u201cCuando su esp\u00edritu ya no est\u00e9 oscurecido por la materia y, por su perfecci\u00f3n, se haya acercado a la Divinidad, entonces la ver\u00e1 y la [&hellip;]","og_url":"https:\/\/nuevo-renacer.com\/de\/atributos-de-la-divinidad\/","og_site_name":"Uni\u00f3n Esp\u00edrita","article_publisher":"https:\/\/www.facebook.com\/groups\/3431398063740829","article_modified_time":"2024-07-16T09:11:27+00:00","og_image":[{"width":575,"height":385,"url":"https:\/\/nuevo-renacer.com\/wp-content\/uploads\/2024\/07\/The_Bible_Denies_the_Divinity_of_Jesus_part_1_of_7_001.jpg","type":"image\/jpeg"}],"twitter_card":"summary_large_image","twitter_misc":{"Gesch\u00e4tzte Lesezeit":"3\u00a0Minuten"},"schema":{"@context":"https:\/\/schema.org","@graph":[{"@type":"WebPage","@id":"https:\/\/nuevo-renacer.com\/de\/atributos-de-la-divinidad\/","url":"https:\/\/nuevo-renacer.com\/de\/atributos-de-la-divinidad\/","name":"Atributos de la Divinidad - Uni\u00f3n Esp\u00edrita","isPartOf":{"@id":"https:\/\/nuevo-renacer.com\/#website"},"primaryImageOfPage":{"@id":"https:\/\/nuevo-renacer.com\/de\/atributos-de-la-divinidad\/#primaryimage"},"image":{"@id":"https:\/\/nuevo-renacer.com\/de\/atributos-de-la-divinidad\/#primaryimage"},"thumbnailUrl":"https:\/\/nuevo-renacer.com\/wp-content\/uploads\/2024\/07\/The_Bible_Denies_the_Divinity_of_Jesus_part_1_of_7_001.jpg","datePublished":"2024-07-16T09:11:25+00:00","dateModified":"2024-07-16T09:11:27+00:00","breadcrumb":{"@id":"https:\/\/nuevo-renacer.com\/de\/atributos-de-la-divinidad\/#breadcrumb"},"inLanguage":"de","potentialAction":[{"@type":"ReadAction","target":["https:\/\/nuevo-renacer.com\/de\/atributos-de-la-divinidad\/"]}]},{"@type":"ImageObject","inLanguage":"de","@id":"https:\/\/nuevo-renacer.com\/de\/atributos-de-la-divinidad\/#primaryimage","url":"https:\/\/nuevo-renacer.com\/wp-content\/uploads\/2024\/07\/The_Bible_Denies_the_Divinity_of_Jesus_part_1_of_7_001.jpg","contentUrl":"https:\/\/nuevo-renacer.com\/wp-content\/uploads\/2024\/07\/The_Bible_Denies_the_Divinity_of_Jesus_part_1_of_7_001.jpg","width":575,"height":385},{"@type":"BreadcrumbList","@id":"https:\/\/nuevo-renacer.com\/de\/atributos-de-la-divinidad\/#breadcrumb","itemListElement":[{"@type":"ListItem","position":1,"name":"Startseite","item":"https:\/\/nuevo-renacer.com\/"},{"@type":"ListItem","position":2,"name":"Atributos de la Divinidad"}]},{"@type":"WebSite","@id":"https:\/\/nuevo-renacer.com\/#website","url":"https:\/\/nuevo-renacer.com\/","name":"Uni\u00f3n Esp\u00edrita","description":"Nuevo Renacer","publisher":{"@id":"https:\/\/nuevo-renacer.com\/#organization"},"potentialAction":[{"@type":"SearchAction","target":{"@type":"EntryPoint","urlTemplate":"https:\/\/nuevo-renacer.com\/?s={search_term_string}"},"query-input":{"@type":"PropertyValueSpecification","valueRequired":true,"valueName":"search_term_string"}}],"inLanguage":"de"},{"@type":"Organization","@id":"https:\/\/nuevo-renacer.com\/#organization","name":"UFEC","url":"https:\/\/nuevo-renacer.com\/","logo":{"@type":"ImageObject","inLanguage":"de","@id":"https:\/\/nuevo-renacer.com\/#\/schema\/logo\/image\/","url":"https:\/\/nuevo-renacer.com\/wp-content\/uploads\/2024\/05\/cropped-LOGO-TERMINADO1-3-3.png","contentUrl":"https:\/\/nuevo-renacer.com\/wp-content\/uploads\/2024\/05\/cropped-LOGO-TERMINADO1-3-3.png","width":512,"height":512,"caption":"UFEC"},"image":{"@id":"https:\/\/nuevo-renacer.com\/#\/schema\/logo\/image\/"},"sameAs":["https:\/\/www.facebook.com\/groups\/3431398063740829"]}]}},"uagb_featured_image_src":{"full":["https:\/\/nuevo-renacer.com\/wp-content\/uploads\/2024\/07\/The_Bible_Denies_the_Divinity_of_Jesus_part_1_of_7_001.jpg",575,385,false],"thumbnail":["https:\/\/nuevo-renacer.com\/wp-content\/uploads\/2024\/07\/The_Bible_Denies_the_Divinity_of_Jesus_part_1_of_7_001-150x150.jpg",150,150,true],"medium":["https:\/\/nuevo-renacer.com\/wp-content\/uploads\/2024\/07\/The_Bible_Denies_the_Divinity_of_Jesus_part_1_of_7_001-300x201.jpg",300,201,true],"medium_large":["https:\/\/nuevo-renacer.com\/wp-content\/uploads\/2024\/07\/The_Bible_Denies_the_Divinity_of_Jesus_part_1_of_7_001.jpg",575,385,false],"large":["https:\/\/nuevo-renacer.com\/wp-content\/uploads\/2024\/07\/The_Bible_Denies_the_Divinity_of_Jesus_part_1_of_7_001.jpg",575,385,false],"1536x1536":["https:\/\/nuevo-renacer.com\/wp-content\/uploads\/2024\/07\/The_Bible_Denies_the_Divinity_of_Jesus_part_1_of_7_001.jpg",575,385,false],"2048x2048":["https:\/\/nuevo-renacer.com\/wp-content\/uploads\/2024\/07\/The_Bible_Denies_the_Divinity_of_Jesus_part_1_of_7_001.jpg",575,385,false],"trp-custom-language-flag":["https:\/\/nuevo-renacer.com\/wp-content\/uploads\/2024\/07\/The_Bible_Denies_the_Divinity_of_Jesus_part_1_of_7_001-18x12.jpg",18,12,true]},"uagb_author_info":{"display_name":"adbv0","author_link":"https:\/\/nuevo-renacer.com\/de\/author\/adbv0\/"},"uagb_comment_info":0,"uagb_excerpt":"Atributos de la Divinidad El hombre, \u00bfpuede comprender la naturaleza \u00edntima de Dios? &nbsp;\u201cNo; le falta un sentido.\u201d \u00bfSer\u00e1 alg\u00fan d\u00eda dado al hombre comprender el misterio de la Divinidad? &nbsp;\u201cCuando su esp\u00edritu ya no est\u00e9 oscurecido por la materia y, por su perfecci\u00f3n, se haya acercado a la Divinidad, entonces la ver\u00e1 y la&hellip;","jetpack_sharing_enabled":true,"_links":{"self":[{"href":"https:\/\/nuevo-renacer.com\/de\/wp-json\/wp\/v2\/pages\/3840","targetHints":{"allow":["GET"]}}],"collection":[{"href":"https:\/\/nuevo-renacer.com\/de\/wp-json\/wp\/v2\/pages"}],"about":[{"href":"https:\/\/nuevo-renacer.com\/de\/wp-json\/wp\/v2\/types\/page"}],"author":[{"embeddable":true,"href":"https:\/\/nuevo-renacer.com\/de\/wp-json\/wp\/v2\/users\/1"}],"replies":[{"embeddable":true,"href":"https:\/\/nuevo-renacer.com\/de\/wp-json\/wp\/v2\/comments?post=3840"}],"version-history":[{"count":1,"href":"https:\/\/nuevo-renacer.com\/de\/wp-json\/wp\/v2\/pages\/3840\/revisions"}],"predecessor-version":[{"id":3842,"href":"https:\/\/nuevo-renacer.com\/de\/wp-json\/wp\/v2\/pages\/3840\/revisions\/3842"}],"wp:featuredmedia":[{"embeddable":true,"href":"https:\/\/nuevo-renacer.com\/de\/wp-json\/wp\/v2\/media\/3841"}],"wp:attachment":[{"href":"https:\/\/nuevo-renacer.com\/de\/wp-json\/wp\/v2\/media?parent=3840"}],"curies":[{"name":"wp","href":"https:\/\/api.w.org\/{rel}","templated":true}]}}