{"id":3824,"date":"2024-07-16T07:43:04","date_gmt":"2024-07-16T07:43:04","guid":{"rendered":"https:\/\/ufec-mundial.com\/?page_id=3824"},"modified":"2025-05-23T09:42:27","modified_gmt":"2025-05-23T09:42:27","slug":"una-mirada-consoladora-a-la-depresion","status":"publish","type":"page","link":"https:\/\/nuevo-renacer.com\/de\/una-mirada-consoladora-a-la-depresion\/","title":{"rendered":"Ein tr\u00f6stender Blick auf die Depression"},"content":{"rendered":"<div class=\"wp-block-uagb-container uagb-block-6d2a2975 alignfull uagb-is-root-container\"><div class=\"uagb-container-inner-blocks-wrap\">\n<p class=\"has-black-color has-text-color has-link-color has-medium-font-size wp-elements-ff5d12c74633d9908723d4b0ce5d092b\"><strong>Ein tr\u00f6stender Blick auf die Depression<\/strong><\/p>\n<\/div><\/div>\n\n\n\n<div class=\"wp-block-uagb-container uagb-block-a9fae335 alignfull uagb-is-root-container\"><div class=\"uagb-container-inner-blocks-wrap\">\n<figure class=\"wp-block-image size-full is-resized\"><img fetchpriority=\"high\" decoding=\"async\" width=\"626\" height=\"417\" src=\"https:\/\/nuevo-renacer.com\/wp-content\/uploads\/2024\/07\/depression-abstract-background_982005-26827.avif\" alt=\"\" class=\"wp-image-3825\" style=\"width:290px;height:auto\"\/><\/figure>\n<\/div><\/div>\n\n\n\n<div class=\"wp-block-uagb-container uagb-block-7c190c4b alignfull uagb-is-root-container\"><div class=\"uagb-container-inner-blocks-wrap\">\n<p class=\"has-black-color has-text-color has-link-color has-small-font-size wp-elements-07488a44c00cab4932efbb1a0cb06f68\">Es gibt viele Vorurteile gegen\u00fcber Menschen, die an psychischen St\u00f6rungen leiden. Die Depression ist eines davon. Sie ist eine Krankheit, die medizinisch behandelt werden muss und nicht heilbar ist. Ein depressiver Mensch durchlebt in seinem t\u00e4glichen Leben H\u00f6hen und Tiefen. Idealerweise sollte die Behandlung multidisziplin\u00e4r erfolgen. Therapie mit einem Psychologen, Nachsorge mit einem Psychiater - denn es gibt F\u00e4lle, in denen Medikamente eingesetzt werden -, regelm\u00e4\u00dfige k\u00f6rperliche Aktivit\u00e4t, gesunde Ern\u00e4hrung und ein gro\u00dfz\u00fcgiges Unterst\u00fctzungsnetz. Doch nicht jeder hat Zugang zu all diesen Dingen. Manchmal verf\u00fcgt die Person \u00fcber finanzielle Mittel und eine Krankenversicherung, aber das famili\u00e4re Umfeld hilft nicht. Es gibt F\u00e4lle, in denen die Person erwachsen ist und die Depression zu einer Behinderung f\u00fchren kann, so dass sie nicht mehr arbeiten kann und sich eine angemessene Behandlung nicht mehr leisten kann.<\/p>\n\n\n\n<p class=\"has-black-color has-text-color has-link-color has-small-font-size wp-elements-960bc9ac4e8b6414b1c3aae3b88d59d2\"><strong>Wie kann die spiritistische Lehre einen Menschen mit Depressionen tr\u00f6sten?<\/strong><\/p>\n\n\n\n<p class=\"has-black-color has-text-color has-link-color has-small-font-size wp-elements-e4e789dc4fb14725670b5f3c97336fdd\">Erstens ist es wichtig zu erw\u00e4hnen, dass der Besuch eines spiritistischen Zentrums, nur um zu verstehen, warum man deprimiert ist, zu Frustration f\u00fchren kann. In einer Situation, in der wir leiden - und dieser Schmerz ist in der Seele - ist der Balsam ein anderer. Vielleicht ist das der Grund, warum Menschen ein spiritistisches Zentrum aufsuchen. Die spiritistische Lehre versucht jedoch, den Schleier der Opferrolle und der Externalisierung von Schuld zu entfernen. Die Ungl\u00fccke des Lebens sind keine ewigen Strafen. Wenn wir die Depression mit einem Blick der Barmherzigkeit betrachten, sehen wir sie als eine W\u00fcste, die sich durch unsere Seele zieht. Und wer will schon die Leere betrachten? Wer will schon den schwachen Widerschein der Seele sehen? Manchmal m\u00fcssen wir der Depression metaphorisch gesehen einen Nachmittagskaffee kochen, ihr einen Stuhl hinstellen, einen Kuchen backen, den Tisch mit unserem besten Tischtuch decken und uns unterhalten.<\/p>\n\n\n\n<p class=\"has-black-color has-text-color has-link-color has-small-font-size wp-elements-999cb4ff2cbb8ffddb56e05c611659a7\">La doctrina esp\u00edrita no fomenta la huida ni glorifica el problema. \u00bfCu\u00e1l es el camino del medio? El autoconocimiento a trav\u00e9s de la reforma \u00edntima. Si no puede hacerlo solo, el Centro Esp\u00edrita puede serle de gran ayuda. De hecho, un Centro Esp\u00edrita ofrece tratamiento espiritual. Pero antes, una conversaci\u00f3n fraterna y asesoramiento con el fin de disciplinar su asistencia para asistir a las conferencias y recibir el beneficio del pase. Se recomienda el estudio en grupo de las obras espiritistas. La literatura esp\u00edrita es vasta, con obras que tratan de la depresi\u00f3n. Sin embargo, est\u00e1 claro que es necesario un movimiento. Buscar la mejora. El papel del Espiritismo no es se\u00f1alar culpables o inocentes, v\u00edctimas o verdugos. No hay lugar para juicios. \u00abProponer una cura, o al menos ponerse a disposici\u00f3n del progreso, es tambi\u00e9n descubrirse de nuevo, conocer y desvelar territorios a\u00fan desconocidos dentro de uno mismo.<\/p>\n\n\n\n<p class=\"has-black-color has-text-color has-link-color has-small-font-size wp-elements-342d0f3d6005125239a43763ac21befe\"><strong>Was tun in Zeiten des R\u00fcckfalls, wenn die Depression st\u00e4rker zu sein scheint als der Wille zu k\u00e4mpfen?<\/strong><\/p>\n\n\n\n<p class=\"has-black-color has-text-color has-link-color has-small-font-size wp-elements-9d49ba19aa100c9b7b7f5d62081a2140\">Das Gebet wird empfohlen. Das Gebet ist die Hilfe der Seele zum Himmel. Der Mensch hat in seinem Inneren ein unsichtbares Netz, das ihn mit dem Sch\u00f6pfer verbindet. Diese Kommunikation ist frei und direkt. Und wenn du dich immer noch nicht w\u00fcrdig f\u00fchlst, kannst du dich an die guten Geister wenden, damit sie f\u00fcr dich F\u00fcrsprache halten. Niemand wird ohne Unterst\u00fctzung gelassen.<\/p>\n\n\n\n<p class=\"has-black-color has-text-color has-link-color has-small-font-size wp-elements-33ea7d0c09d55207646106a8a24ccd89\">Die spiritistischen Lesungen sind erhellend. Der Autor Rossano Sobrinho spricht in seinem Buch \"Der Gefangene der Finsternis\" genau dieses Thema an. Auf einfache Weise zeigt er uns, dass es ungl\u00fccklicherweise bergab geht, wenn wir dem Geist erlauben, vom K\u00f6rper beherrscht zu werden, aber wenn wir dem K\u00f6rper erlauben, vom Geist beherrscht zu werden, werden wir den Weg zur Selbst-Erleuchtung neu ausrichten.<\/p>\n\n\n\n<div class=\"wp-block-group is-layout-constrained wp-block-group-is-layout-constrained\">\n<p class=\"has-black-color has-text-color has-link-color has-small-font-size wp-elements-6167cab77730af84b4427348dd9c1d36\">Der Autor f\u00e4hrt mit dem Thema Depression fort und lehrt:<\/p>\n\n\n\n<p class=\"has-black-color has-text-color has-link-color has-small-font-size wp-elements-466e6a0b99cce5b6f978e24c813d93c3\">\u00abDesde un punto de vista psicoespiritual, un depresivo es alguien atrapado en el pasado, en pensamientos tortuosos, a menudo repetitivos, en angustiosas dudas, inseguridades, fobias, traumas y apegos. Quien vive en el pasado pierde su conexi\u00f3n con la vida, que s\u00f3lo se realiza en el ahora, en el momento presente\u00bb<\/p>\n<\/div>\n\n\n\n<p class=\"has-black-color has-text-color has-link-color has-small-font-size wp-elements-d85be8859650a44b06a6fd2ed28407cd\">Depressionen sind schwer zu bew\u00e4ltigen, weshalb die spiritistische Lehre eine medizinische Behandlung oder therapeutische Praktiken zu keinem Zeitpunkt ausschlie\u00dft. Der Vorschlag ist, sich mit Gott zu verbinden, das Evangelium Jesu kennenzulernen, der vor allem f\u00fcr die Kranken, die Leidenden und die M\u00fcden auf die Erde gekommen ist. Jesus ist das Vorbild des vom Sch\u00f6pfer gesandten Menschen und hat auf unserem Planeten Liebe, Barmherzigkeit, Freundschaft, Verrat und Tod erfahren. Wenn Jesus sagt, dass er die Welt \u00fcberwunden hat, dann hat er die Materialit\u00e4t \u00fcberwunden. Er erwies sich als unser befreiter und ewiger Geist. Wir m\u00fcssen lernen, dem Meister zu vertrauen.<\/p>\n\n\n\n<p class=\"has-black-color has-text-color has-link-color has-small-font-size wp-elements-e45afda9f69974e675589782aa1f7946\">Er fordert uns auf, unser Kreuz auf sich zu nehmen und mit Ihm zu gehen. Er ist die Aufforderung der Bergpredigt, dass wir in Ihm den St\u00fctzpunkt in den Widrigkeiten des Lebens finden k\u00f6nnen. Lasst uns den Frieden des nazarenischen Meisters in Besitz nehmen.<\/p>\n<\/div><\/div>\n\n\n\n<div class=\"wp-block-uagb-container uagb-block-99711a6d alignfull uagb-is-root-container\"><div class=\"uagb-container-inner-blocks-wrap\"><\/div><\/div>\n\n\n\n<div class=\"wp-block-uagb-container uagb-block-e2122781 alignfull uagb-is-root-container\"><div class=\"uagb-container-inner-blocks-wrap\"><\/div><\/div>","protected":false},"excerpt":{"rendered":"<p>Una mirada consoladora a la depresi\u00f3n Hay muchos prejuicios contra las personas que sufren trastornos mentales. La depresi\u00f3n es uno de ellos. Es una enfermedad que requiere tratamiento m\u00e9dico y no tiene cura. Una persona deprimida tiene periodos de altibajos en su vida diaria. Lo ideal es que el tratamiento se lleve a cabo de [&hellip;]<\/p>","protected":false},"author":1,"featured_media":3825,"parent":0,"menu_order":0,"comment_status":"closed","ping_status":"closed","template":"","meta":{"_uag_custom_page_level_css":"","site-sidebar-layout":"default","site-content-layout":"","ast-site-content-layout":"default","site-content-style":"default","site-sidebar-style":"default","ast-global-header-display":"","ast-banner-title-visibility":"","ast-main-header-display":"","ast-hfb-above-header-display":"","ast-hfb-below-header-display":"","ast-hfb-mobile-header-display":"","site-post-title":"disabled","ast-breadcrumbs-content":"","ast-featured-img":"","footer-sml-layout":"","theme-transparent-header-meta":"","adv-header-id-meta":"","stick-header-meta":"","header-above-stick-meta":"","header-main-stick-meta":"","header-below-stick-meta":"","astra-migrate-meta-layouts":"set","ast-page-background-enabled":"default","ast-page-background-meta":{"desktop":{"background-color":"var(--ast-global-color-4)","background-image":"","background-repeat":"repeat","background-position":"center center","background-size":"auto","background-attachment":"scroll","background-type":"","background-media":"","overlay-type":"","overlay-color":"","overlay-opacity":"","overlay-gradient":""},"tablet":{"background-color":"","background-image":"","background-repeat":"repeat","background-position":"center center","background-size":"auto","background-attachment":"scroll","background-type":"","background-media":"","overlay-type":"","overlay-color":"","overlay-opacity":"","overlay-gradient":""},"mobile":{"background-color":"","background-image":"","background-repeat":"repeat","background-position":"center center","background-size":"auto","background-attachment":"scroll","background-type":"","background-media":"","overlay-type":"","overlay-color":"","overlay-opacity":"","overlay-gradient":""}},"ast-content-background-meta":{"desktop":{"background-color":"var(--ast-global-color-5)","background-image":"","background-repeat":"repeat","background-position":"center center","background-size":"auto","background-attachment":"scroll","background-type":"","background-media":"","overlay-type":"","overlay-color":"","overlay-opacity":"","overlay-gradient":""},"tablet":{"background-color":"var(--ast-global-color-5)","background-image":"","background-repeat":"repeat","background-position":"center center","background-size":"auto","background-attachment":"scroll","background-type":"","background-media":"","overlay-type":"","overlay-color":"","overlay-opacity":"","overlay-gradient":""},"mobile":{"background-color":"var(--ast-global-color-5)","background-image":"","background-repeat":"repeat","background-position":"center center","background-size":"auto","background-attachment":"scroll","background-type":"","background-media":"","overlay-type":"","overlay-color":"","overlay-opacity":"","overlay-gradient":""}},"footnotes":""},"class_list":["post-3824","page","type-page","status-publish","has-post-thumbnail","hentry"],"yoast_head":"<!-- This site is optimized with the Yoast SEO Premium plugin v24.2 (Yoast SEO v24.6) - https:\/\/yoast.com\/wordpress\/plugins\/seo\/ -->\n<title>Una mirada consoladora a la depresi\u00f3n - Uni\u00f3n Esp\u00edrita<\/title>\n<meta name=\"robots\" content=\"index, follow, max-snippet:-1, max-image-preview:large, max-video-preview:-1\" \/>\n<link rel=\"canonical\" href=\"https:\/\/nuevo-renacer.com\/de\/una-mirada-consoladora-a-la-depresion\/\" \/>\n<meta property=\"og:locale\" content=\"de_DE\" \/>\n<meta property=\"og:type\" content=\"article\" \/>\n<meta property=\"og:title\" content=\"Una mirada consoladora a la depresi\u00f3n\" \/>\n<meta property=\"og:description\" content=\"Una mirada consoladora a la depresi\u00f3n Hay muchos prejuicios contra las personas que sufren trastornos mentales. La depresi\u00f3n es uno de ellos. Es una enfermedad que requiere tratamiento m\u00e9dico y no tiene cura. Una persona deprimida tiene periodos de altibajos en su vida diaria. Lo ideal es que el tratamiento se lleve a cabo de [&hellip;]\" \/>\n<meta property=\"og:url\" content=\"https:\/\/nuevo-renacer.com\/de\/una-mirada-consoladora-a-la-depresion\/\" \/>\n<meta property=\"og:site_name\" content=\"Uni\u00f3n Esp\u00edrita\" \/>\n<meta property=\"article:publisher\" content=\"https:\/\/www.facebook.com\/groups\/3431398063740829\" \/>\n<meta property=\"article:modified_time\" content=\"2025-05-23T09:42:27+00:00\" \/>\n<meta name=\"twitter:card\" content=\"summary_large_image\" \/>\n<meta name=\"twitter:label1\" content=\"Gesch\u00e4tzte Lesezeit\" \/>\n\t<meta name=\"twitter:data1\" content=\"5\u00a0Minuten\" \/>\n<script type=\"application\/ld+json\" class=\"yoast-schema-graph\">{\"@context\":\"https:\/\/schema.org\",\"@graph\":[{\"@type\":\"WebPage\",\"@id\":\"https:\/\/nuevo-renacer.com\/una-mirada-consoladora-a-la-depresion\/\",\"url\":\"https:\/\/nuevo-renacer.com\/una-mirada-consoladora-a-la-depresion\/\",\"name\":\"Una mirada consoladora a la depresi\u00f3n - Uni\u00f3n Esp\u00edrita\",\"isPartOf\":{\"@id\":\"https:\/\/nuevo-renacer.com\/#website\"},\"primaryImageOfPage\":{\"@id\":\"https:\/\/nuevo-renacer.com\/una-mirada-consoladora-a-la-depresion\/#primaryimage\"},\"image\":{\"@id\":\"https:\/\/nuevo-renacer.com\/una-mirada-consoladora-a-la-depresion\/#primaryimage\"},\"thumbnailUrl\":\"https:\/\/nuevo-renacer.com\/wp-content\/uploads\/2024\/07\/depression-abstract-background_982005-26827.avif\",\"datePublished\":\"2024-07-16T07:43:04+00:00\",\"dateModified\":\"2025-05-23T09:42:27+00:00\",\"breadcrumb\":{\"@id\":\"https:\/\/nuevo-renacer.com\/una-mirada-consoladora-a-la-depresion\/#breadcrumb\"},\"inLanguage\":\"de\",\"potentialAction\":[{\"@type\":\"ReadAction\",\"target\":[\"https:\/\/nuevo-renacer.com\/una-mirada-consoladora-a-la-depresion\/\"]}]},{\"@type\":\"ImageObject\",\"inLanguage\":\"de\",\"@id\":\"https:\/\/nuevo-renacer.com\/una-mirada-consoladora-a-la-depresion\/#primaryimage\",\"url\":\"https:\/\/nuevo-renacer.com\/wp-content\/uploads\/2024\/07\/depression-abstract-background_982005-26827.avif\",\"contentUrl\":\"https:\/\/nuevo-renacer.com\/wp-content\/uploads\/2024\/07\/depression-abstract-background_982005-26827.avif\",\"width\":626,\"height\":417},{\"@type\":\"BreadcrumbList\",\"@id\":\"https:\/\/nuevo-renacer.com\/una-mirada-consoladora-a-la-depresion\/#breadcrumb\",\"itemListElement\":[{\"@type\":\"ListItem\",\"position\":1,\"name\":\"Startseite\",\"item\":\"https:\/\/nuevo-renacer.com\/\"},{\"@type\":\"ListItem\",\"position\":2,\"name\":\"Una mirada consoladora a la depresi\u00f3n\"}]},{\"@type\":\"WebSite\",\"@id\":\"https:\/\/nuevo-renacer.com\/#website\",\"url\":\"https:\/\/nuevo-renacer.com\/\",\"name\":\"Uni\u00f3n Esp\u00edrita\",\"description\":\"Nuevo Renacer\",\"publisher\":{\"@id\":\"https:\/\/nuevo-renacer.com\/#organization\"},\"potentialAction\":[{\"@type\":\"SearchAction\",\"target\":{\"@type\":\"EntryPoint\",\"urlTemplate\":\"https:\/\/nuevo-renacer.com\/?s={search_term_string}\"},\"query-input\":{\"@type\":\"PropertyValueSpecification\",\"valueRequired\":true,\"valueName\":\"search_term_string\"}}],\"inLanguage\":\"de\"},{\"@type\":\"Organization\",\"@id\":\"https:\/\/nuevo-renacer.com\/#organization\",\"name\":\"UFEC\",\"url\":\"https:\/\/nuevo-renacer.com\/\",\"logo\":{\"@type\":\"ImageObject\",\"inLanguage\":\"de\",\"@id\":\"https:\/\/nuevo-renacer.com\/#\/schema\/logo\/image\/\",\"url\":\"https:\/\/nuevo-renacer.com\/wp-content\/uploads\/2024\/05\/cropped-LOGO-TERMINADO1-3-3.png\",\"contentUrl\":\"https:\/\/nuevo-renacer.com\/wp-content\/uploads\/2024\/05\/cropped-LOGO-TERMINADO1-3-3.png\",\"width\":512,\"height\":512,\"caption\":\"UFEC\"},\"image\":{\"@id\":\"https:\/\/nuevo-renacer.com\/#\/schema\/logo\/image\/\"},\"sameAs\":[\"https:\/\/www.facebook.com\/groups\/3431398063740829\"]}]}<\/script>\n<!-- \/ Yoast SEO Premium plugin. -->","yoast_head_json":{"title":"Una mirada consoladora a la depresi\u00f3n - Uni\u00f3n Esp\u00edrita","robots":{"index":"index","follow":"follow","max-snippet":"max-snippet:-1","max-image-preview":"max-image-preview:large","max-video-preview":"max-video-preview:-1"},"canonical":"https:\/\/nuevo-renacer.com\/de\/una-mirada-consoladora-a-la-depresion\/","og_locale":"de_DE","og_type":"article","og_title":"Una mirada consoladora a la depresi\u00f3n","og_description":"Una mirada consoladora a la depresi\u00f3n Hay muchos prejuicios contra las personas que sufren trastornos mentales. La depresi\u00f3n es uno de ellos. Es una enfermedad que requiere tratamiento m\u00e9dico y no tiene cura. Una persona deprimida tiene periodos de altibajos en su vida diaria. Lo ideal es que el tratamiento se lleve a cabo de [&hellip;]","og_url":"https:\/\/nuevo-renacer.com\/de\/una-mirada-consoladora-a-la-depresion\/","og_site_name":"Uni\u00f3n Esp\u00edrita","article_publisher":"https:\/\/www.facebook.com\/groups\/3431398063740829","article_modified_time":"2025-05-23T09:42:27+00:00","twitter_card":"summary_large_image","twitter_misc":{"Gesch\u00e4tzte Lesezeit":"5\u00a0Minuten"},"schema":{"@context":"https:\/\/schema.org","@graph":[{"@type":"WebPage","@id":"https:\/\/nuevo-renacer.com\/una-mirada-consoladora-a-la-depresion\/","url":"https:\/\/nuevo-renacer.com\/una-mirada-consoladora-a-la-depresion\/","name":"Una mirada consoladora a la depresi\u00f3n - Uni\u00f3n Esp\u00edrita","isPartOf":{"@id":"https:\/\/nuevo-renacer.com\/#website"},"primaryImageOfPage":{"@id":"https:\/\/nuevo-renacer.com\/una-mirada-consoladora-a-la-depresion\/#primaryimage"},"image":{"@id":"https:\/\/nuevo-renacer.com\/una-mirada-consoladora-a-la-depresion\/#primaryimage"},"thumbnailUrl":"https:\/\/nuevo-renacer.com\/wp-content\/uploads\/2024\/07\/depression-abstract-background_982005-26827.avif","datePublished":"2024-07-16T07:43:04+00:00","dateModified":"2025-05-23T09:42:27+00:00","breadcrumb":{"@id":"https:\/\/nuevo-renacer.com\/una-mirada-consoladora-a-la-depresion\/#breadcrumb"},"inLanguage":"de","potentialAction":[{"@type":"ReadAction","target":["https:\/\/nuevo-renacer.com\/una-mirada-consoladora-a-la-depresion\/"]}]},{"@type":"ImageObject","inLanguage":"de","@id":"https:\/\/nuevo-renacer.com\/una-mirada-consoladora-a-la-depresion\/#primaryimage","url":"https:\/\/nuevo-renacer.com\/wp-content\/uploads\/2024\/07\/depression-abstract-background_982005-26827.avif","contentUrl":"https:\/\/nuevo-renacer.com\/wp-content\/uploads\/2024\/07\/depression-abstract-background_982005-26827.avif","width":626,"height":417},{"@type":"BreadcrumbList","@id":"https:\/\/nuevo-renacer.com\/una-mirada-consoladora-a-la-depresion\/#breadcrumb","itemListElement":[{"@type":"ListItem","position":1,"name":"Startseite","item":"https:\/\/nuevo-renacer.com\/"},{"@type":"ListItem","position":2,"name":"Una mirada consoladora a la depresi\u00f3n"}]},{"@type":"WebSite","@id":"https:\/\/nuevo-renacer.com\/#website","url":"https:\/\/nuevo-renacer.com\/","name":"Uni\u00f3n Esp\u00edrita","description":"Nuevo Renacer","publisher":{"@id":"https:\/\/nuevo-renacer.com\/#organization"},"potentialAction":[{"@type":"SearchAction","target":{"@type":"EntryPoint","urlTemplate":"https:\/\/nuevo-renacer.com\/?s={search_term_string}"},"query-input":{"@type":"PropertyValueSpecification","valueRequired":true,"valueName":"search_term_string"}}],"inLanguage":"de"},{"@type":"Organization","@id":"https:\/\/nuevo-renacer.com\/#organization","name":"UFEC","url":"https:\/\/nuevo-renacer.com\/","logo":{"@type":"ImageObject","inLanguage":"de","@id":"https:\/\/nuevo-renacer.com\/#\/schema\/logo\/image\/","url":"https:\/\/nuevo-renacer.com\/wp-content\/uploads\/2024\/05\/cropped-LOGO-TERMINADO1-3-3.png","contentUrl":"https:\/\/nuevo-renacer.com\/wp-content\/uploads\/2024\/05\/cropped-LOGO-TERMINADO1-3-3.png","width":512,"height":512,"caption":"UFEC"},"image":{"@id":"https:\/\/nuevo-renacer.com\/#\/schema\/logo\/image\/"},"sameAs":["https:\/\/www.facebook.com\/groups\/3431398063740829"]}]}},"uagb_featured_image_src":{"full":["https:\/\/nuevo-renacer.com\/wp-content\/uploads\/2024\/07\/depression-abstract-background_982005-26827.avif",626,417,false],"thumbnail":["https:\/\/nuevo-renacer.com\/wp-content\/uploads\/2024\/07\/depression-abstract-background_982005-26827.avif",150,100,false],"medium":["https:\/\/nuevo-renacer.com\/wp-content\/uploads\/2024\/07\/depression-abstract-background_982005-26827.avif",300,200,false],"medium_large":["https:\/\/nuevo-renacer.com\/wp-content\/uploads\/2024\/07\/depression-abstract-background_982005-26827.avif",626,417,false],"large":["https:\/\/nuevo-renacer.com\/wp-content\/uploads\/2024\/07\/depression-abstract-background_982005-26827.avif",626,417,false],"1536x1536":["https:\/\/nuevo-renacer.com\/wp-content\/uploads\/2024\/07\/depression-abstract-background_982005-26827.avif",626,417,false],"2048x2048":["https:\/\/nuevo-renacer.com\/wp-content\/uploads\/2024\/07\/depression-abstract-background_982005-26827.avif",626,417,false],"trp-custom-language-flag":["https:\/\/nuevo-renacer.com\/wp-content\/uploads\/2024\/07\/depression-abstract-background_982005-26827.avif",18,12,false]},"uagb_author_info":{"display_name":"adbv0","author_link":"https:\/\/nuevo-renacer.com\/de\/author\/adbv0\/"},"uagb_comment_info":0,"uagb_excerpt":"Una mirada consoladora a la depresi\u00f3n Hay muchos prejuicios contra las personas que sufren trastornos mentales. La depresi\u00f3n es uno de ellos. Es una enfermedad que requiere tratamiento m\u00e9dico y no tiene cura. Una persona deprimida tiene periodos de altibajos en su vida diaria. Lo ideal es que el tratamiento se lleve a cabo de&hellip;","jetpack_sharing_enabled":true,"_links":{"self":[{"href":"https:\/\/nuevo-renacer.com\/de\/wp-json\/wp\/v2\/pages\/3824","targetHints":{"allow":["GET"]}}],"collection":[{"href":"https:\/\/nuevo-renacer.com\/de\/wp-json\/wp\/v2\/pages"}],"about":[{"href":"https:\/\/nuevo-renacer.com\/de\/wp-json\/wp\/v2\/types\/page"}],"author":[{"embeddable":true,"href":"https:\/\/nuevo-renacer.com\/de\/wp-json\/wp\/v2\/users\/1"}],"replies":[{"embeddable":true,"href":"https:\/\/nuevo-renacer.com\/de\/wp-json\/wp\/v2\/comments?post=3824"}],"version-history":[{"count":5,"href":"https:\/\/nuevo-renacer.com\/de\/wp-json\/wp\/v2\/pages\/3824\/revisions"}],"predecessor-version":[{"id":8180,"href":"https:\/\/nuevo-renacer.com\/de\/wp-json\/wp\/v2\/pages\/3824\/revisions\/8180"}],"wp:featuredmedia":[{"embeddable":true,"href":"https:\/\/nuevo-renacer.com\/de\/wp-json\/wp\/v2\/media\/3825"}],"wp:attachment":[{"href":"https:\/\/nuevo-renacer.com\/de\/wp-json\/wp\/v2\/media?parent=3824"}],"curies":[{"name":"wp","href":"https:\/\/api.w.org\/{rel}","templated":true}]}}