{"id":3786,"date":"2024-07-15T09:43:57","date_gmt":"2024-07-15T09:43:57","guid":{"rendered":"https:\/\/ufec-mundial.com\/?page_id=3786"},"modified":"2024-07-15T09:44:00","modified_gmt":"2024-07-15T09:44:00","slug":"en-que-momento-se-une-el-espiritu-al-nuevo-cuerpo","status":"publish","type":"page","link":"https:\/\/nuevo-renacer.com\/de\/en-que-momento-se-une-el-espiritu-al-nuevo-cuerpo\/","title":{"rendered":"An welchem Punkt verbindet sich der Geist mit dem neuen K\u00f6rper?"},"content":{"rendered":"<div class=\"wp-block-uagb-container uagb-block-62951923 alignfull uagb-is-root-container\"><div class=\"uagb-container-inner-blocks-wrap\">\n<p class=\"has-black-color has-text-color has-link-color has-medium-font-size wp-elements-352d1aea6302a620728107492a3741a9\"><strong>An welchem Punkt verbindet sich der Geist mit dem neuen K\u00f6rper?<\/strong><\/p>\n<\/div><\/div>\n\n\n\n<div class=\"wp-block-uagb-container uagb-block-6c2c9f80 alignfull uagb-is-root-container\"><div class=\"uagb-container-inner-blocks-wrap\">\n<figure class=\"wp-block-image size-full is-resized\"><img fetchpriority=\"high\" decoding=\"async\" width=\"768\" height=\"505\" src=\"https:\/\/ufec-mundial.com\/wp-content\/uploads\/2024\/07\/parto-recien-nacido-2-768x505.jpg.webp\" alt=\"\" class=\"wp-image-3787\" style=\"width:502px;height:auto\" srcset=\"https:\/\/nuevo-renacer.com\/wp-content\/uploads\/2024\/07\/parto-recien-nacido-2-768x505.jpg.webp 768w, https:\/\/nuevo-renacer.com\/wp-content\/uploads\/2024\/07\/parto-recien-nacido-2-768x505.jpg-300x197.webp 300w, https:\/\/nuevo-renacer.com\/wp-content\/uploads\/2024\/07\/parto-recien-nacido-2-768x505.jpg-18x12.webp 18w\" sizes=\"(max-width: 768px) 100vw, 768px\" \/><\/figure>\n<\/div><\/div>\n\n\n\n<div class=\"wp-block-uagb-container uagb-block-8bf0f7ed alignfull uagb-is-root-container\"><div class=\"uagb-container-inner-blocks-wrap\">\n<p class=\"has-black-color has-text-color has-link-color has-small-font-size wp-elements-bc9ed531992edb06897681fc4895ad7c\">Im Moment der Empf\u00e4ngnis. Von diesem Moment an verbindet sich der Geist flie\u00dfend mit dem K\u00f6rper, und bis zur Geburt des Kindes wird diese flie\u00dfende Verbindung immer enger.<\/p>\n\n\n\n<p class=\"has-black-color has-text-color has-link-color has-small-font-size wp-elements-7430826dc4027c2a5980e0c90f9864fd\">Vom Augenblick der Empf\u00e4ngnis bis zum Ende des physischen Lebens ist es eine endg\u00fcltige Verbindung, und kein anderer Geist k\u00f6nnte diesen K\u00f6rper bewohnen. W\u00e4hrend dieses Intervalls zwischen Empf\u00e4ngnis und Geburt beginnt eine Unruhe von dem Geist Besitz zu ergreifen, der sich in demselben Zustand befindet wie der Geist eines Inkarnierten w\u00e4hrend des Schlafes, und je n\u00e4her die Stunde der Geburt r\u00fcckt, desto mehr schwinden seine Ideen und die Erinnerung an seine Vergangenheit. Er ger\u00e4t in eine gr\u00f6\u00dfere und vor allem l\u00e4nger andauernde Verwirrung als im Augenblick des Todes; mit dem Tod kommt der Geist aus der Knechtschaft heraus, mit der Geburt tritt er in sie ein.<\/p>\n\n\n\n<p class=\"has-black-color has-text-color has-link-color has-small-font-size wp-elements-d3f05e769cedc2715251d88a982568e5\">Die Unterbrechung des Lebens vom ersten Moment der Empf\u00e4ngnis an zu verursachen, ist ein gro\u00dfer Fehler. Je nach den Umst\u00e4nden des Einzelfalls, mit seinen erschwerenden und mildernden Umst\u00e4nden, wird es eine gr\u00f6\u00dfere oder geringere Schuld geben, aber die Verantwortlichen werden immer zumindest den begangenen Schaden wiedergutmachen m\u00fcssen, in diesem oder in zuk\u00fcnftigen Existenzen. Die Abtreibung ist eine \u00dcbertretung des g\u00f6ttlichen Gesetzes; die Verantwortlichen begehen ein Verbrechen, indem sie dem Kind das Leben nehmen, bevor es geboren ist, und verhindern, dass sich die Seele den ihr zustehenden Pr\u00fcfungen stellt. Eine Abtreibung ist auch nicht aufgrund bestimmter Krankheiten, k\u00f6rperlicher oder geistiger Defekte des Kindes, das geboren werden soll, nach dem g\u00f6ttlichen Gesetz zu rechtfertigen; denn hinter diesen schwierigen Situationen verbergen sich Pr\u00fcfungen und S\u00fchnema\u00dfnahmen, die f\u00fcr die Seele und ihr famili\u00e4res Umfeld notwendig sind. Eine Abtreibung w\u00e4re nur in jenen Ausnahmef\u00e4llen zu rechtfertigen, in denen das Leben der Mutter in Gefahr ist, und die Geister teilen uns mit, dass im Falle einer Wahl zwischen der Rettung des einen oder des anderen Lebens das Leben der Mutter gerettet werden muss.<\/p>\n<\/div><\/div>","protected":false},"excerpt":{"rendered":"<p>\u00bfEn qu\u00e9 momento se une el Esp\u00edritu al nuevo cuerpo? En el momento de la concepci\u00f3n. Es a partir de ese preciso instante que el Esp\u00edritu se une flu\u00eddicamente al cuerpo, y hasta que el ni\u00f1o nace ese lazo flu\u00eddico se va estrechando cada vez m\u00e1s. Es una uni\u00f3n definitiva desde el momento de la [&hellip;]<\/p>","protected":false},"author":1,"featured_media":3787,"parent":0,"menu_order":0,"comment_status":"closed","ping_status":"closed","template":"","meta":{"_uag_custom_page_level_css":"","site-sidebar-layout":"default","site-content-layout":"","ast-site-content-layout":"default","site-content-style":"default","site-sidebar-style":"default","ast-global-header-display":"","ast-banner-title-visibility":"","ast-main-header-display":"","ast-hfb-above-header-display":"","ast-hfb-below-header-display":"","ast-hfb-mobile-header-display":"","site-post-title":"disabled","ast-breadcrumbs-content":"","ast-featured-img":"","footer-sml-layout":"","theme-transparent-header-meta":"","adv-header-id-meta":"","stick-header-meta":"","header-above-stick-meta":"","header-main-stick-meta":"","header-below-stick-meta":"","astra-migrate-meta-layouts":"set","ast-page-background-enabled":"default","ast-page-background-meta":{"desktop":{"background-color":"var(--ast-global-color-4)","background-image":"","background-repeat":"repeat","background-position":"center center","background-size":"auto","background-attachment":"scroll","background-type":"","background-media":"","overlay-type":"","overlay-color":"","overlay-opacity":"","overlay-gradient":""},"tablet":{"background-color":"","background-image":"","background-repeat":"repeat","background-position":"center center","background-size":"auto","background-attachment":"scroll","background-type":"","background-media":"","overlay-type":"","overlay-color":"","overlay-opacity":"","overlay-gradient":""},"mobile":{"background-color":"","background-image":"","background-repeat":"repeat","background-position":"center center","background-size":"auto","background-attachment":"scroll","background-type":"","background-media":"","overlay-type":"","overlay-color":"","overlay-opacity":"","overlay-gradient":""}},"ast-content-background-meta":{"desktop":{"background-color":"var(--ast-global-color-5)","background-image":"","background-repeat":"repeat","background-position":"center center","background-size":"auto","background-attachment":"scroll","background-type":"","background-media":"","overlay-type":"","overlay-color":"","overlay-opacity":"","overlay-gradient":""},"tablet":{"background-color":"var(--ast-global-color-5)","background-image":"","background-repeat":"repeat","background-position":"center center","background-size":"auto","background-attachment":"scroll","background-type":"","background-media":"","overlay-type":"","overlay-color":"","overlay-opacity":"","overlay-gradient":""},"mobile":{"background-color":"var(--ast-global-color-5)","background-image":"","background-repeat":"repeat","background-position":"center center","background-size":"auto","background-attachment":"scroll","background-type":"","background-media":"","overlay-type":"","overlay-color":"","overlay-opacity":"","overlay-gradient":""}},"footnotes":""},"class_list":["post-3786","page","type-page","status-publish","has-post-thumbnail","hentry"],"yoast_head":"<!-- This site is optimized with the Yoast SEO Premium plugin v24.2 (Yoast SEO v24.6) - https:\/\/yoast.com\/wordpress\/plugins\/seo\/ -->\n<title>\u00bfEn qu\u00e9 momento se une el Esp\u00edritu al nuevo cuerpo? - Uni\u00f3n Esp\u00edrita<\/title>\n<meta name=\"robots\" content=\"index, follow, max-snippet:-1, max-image-preview:large, max-video-preview:-1\" \/>\n<link rel=\"canonical\" href=\"https:\/\/nuevo-renacer.com\/de\/en-que-momento-se-une-el-espiritu-al-nuevo-cuerpo\/\" \/>\n<meta property=\"og:locale\" content=\"de_DE\" \/>\n<meta property=\"og:type\" content=\"article\" \/>\n<meta property=\"og:title\" content=\"\u00bfEn qu\u00e9 momento se une el Esp\u00edritu al nuevo cuerpo?\" \/>\n<meta property=\"og:description\" content=\"\u00bfEn qu\u00e9 momento se une el Esp\u00edritu al nuevo cuerpo? En el momento de la concepci\u00f3n. Es a partir de ese preciso instante que el Esp\u00edritu se une flu\u00eddicamente al cuerpo, y hasta que el ni\u00f1o nace ese lazo flu\u00eddico se va estrechando cada vez m\u00e1s. Es una uni\u00f3n definitiva desde el momento de la [&hellip;]\" \/>\n<meta property=\"og:url\" content=\"https:\/\/nuevo-renacer.com\/de\/en-que-momento-se-une-el-espiritu-al-nuevo-cuerpo\/\" \/>\n<meta property=\"og:site_name\" content=\"Uni\u00f3n Esp\u00edrita\" \/>\n<meta property=\"article:publisher\" content=\"https:\/\/www.facebook.com\/groups\/3431398063740829\" \/>\n<meta property=\"article:modified_time\" content=\"2024-07-15T09:44:00+00:00\" \/>\n<meta property=\"og:image\" content=\"https:\/\/nuevo-renacer.com\/wp-content\/uploads\/2024\/07\/parto-recien-nacido-2-768x505.jpg.webp\" \/>\n\t<meta property=\"og:image:width\" content=\"768\" \/>\n\t<meta property=\"og:image:height\" content=\"505\" \/>\n\t<meta property=\"og:image:type\" content=\"image\/webp\" \/>\n<meta name=\"twitter:card\" content=\"summary_large_image\" \/>\n<meta name=\"twitter:label1\" content=\"Gesch\u00e4tzte Lesezeit\" \/>\n\t<meta name=\"twitter:data1\" content=\"2\u00a0Minuten\" \/>\n<script type=\"application\/ld+json\" class=\"yoast-schema-graph\">{\"@context\":\"https:\/\/schema.org\",\"@graph\":[{\"@type\":\"WebPage\",\"@id\":\"https:\/\/nuevo-renacer.com\/en-que-momento-se-une-el-espiritu-al-nuevo-cuerpo\/\",\"url\":\"https:\/\/nuevo-renacer.com\/en-que-momento-se-une-el-espiritu-al-nuevo-cuerpo\/\",\"name\":\"\u00bfEn qu\u00e9 momento se une el Esp\u00edritu al nuevo cuerpo? - Uni\u00f3n Esp\u00edrita\",\"isPartOf\":{\"@id\":\"https:\/\/nuevo-renacer.com\/#website\"},\"primaryImageOfPage\":{\"@id\":\"https:\/\/nuevo-renacer.com\/en-que-momento-se-une-el-espiritu-al-nuevo-cuerpo\/#primaryimage\"},\"image\":{\"@id\":\"https:\/\/nuevo-renacer.com\/en-que-momento-se-une-el-espiritu-al-nuevo-cuerpo\/#primaryimage\"},\"thumbnailUrl\":\"https:\/\/nuevo-renacer.com\/wp-content\/uploads\/2024\/07\/parto-recien-nacido-2-768x505.jpg.webp\",\"datePublished\":\"2024-07-15T09:43:57+00:00\",\"dateModified\":\"2024-07-15T09:44:00+00:00\",\"breadcrumb\":{\"@id\":\"https:\/\/nuevo-renacer.com\/en-que-momento-se-une-el-espiritu-al-nuevo-cuerpo\/#breadcrumb\"},\"inLanguage\":\"de\",\"potentialAction\":[{\"@type\":\"ReadAction\",\"target\":[\"https:\/\/nuevo-renacer.com\/en-que-momento-se-une-el-espiritu-al-nuevo-cuerpo\/\"]}]},{\"@type\":\"ImageObject\",\"inLanguage\":\"de\",\"@id\":\"https:\/\/nuevo-renacer.com\/en-que-momento-se-une-el-espiritu-al-nuevo-cuerpo\/#primaryimage\",\"url\":\"https:\/\/nuevo-renacer.com\/wp-content\/uploads\/2024\/07\/parto-recien-nacido-2-768x505.jpg.webp\",\"contentUrl\":\"https:\/\/nuevo-renacer.com\/wp-content\/uploads\/2024\/07\/parto-recien-nacido-2-768x505.jpg.webp\",\"width\":768,\"height\":505},{\"@type\":\"BreadcrumbList\",\"@id\":\"https:\/\/nuevo-renacer.com\/en-que-momento-se-une-el-espiritu-al-nuevo-cuerpo\/#breadcrumb\",\"itemListElement\":[{\"@type\":\"ListItem\",\"position\":1,\"name\":\"Startseite\",\"item\":\"https:\/\/nuevo-renacer.com\/\"},{\"@type\":\"ListItem\",\"position\":2,\"name\":\"\u00bfEn qu\u00e9 momento se une el Esp\u00edritu al nuevo cuerpo?\"}]},{\"@type\":\"WebSite\",\"@id\":\"https:\/\/nuevo-renacer.com\/#website\",\"url\":\"https:\/\/nuevo-renacer.com\/\",\"name\":\"Uni\u00f3n Esp\u00edrita\",\"description\":\"Nuevo Renacer\",\"publisher\":{\"@id\":\"https:\/\/nuevo-renacer.com\/#organization\"},\"potentialAction\":[{\"@type\":\"SearchAction\",\"target\":{\"@type\":\"EntryPoint\",\"urlTemplate\":\"https:\/\/nuevo-renacer.com\/?s={search_term_string}\"},\"query-input\":{\"@type\":\"PropertyValueSpecification\",\"valueRequired\":true,\"valueName\":\"search_term_string\"}}],\"inLanguage\":\"de\"},{\"@type\":\"Organization\",\"@id\":\"https:\/\/nuevo-renacer.com\/#organization\",\"name\":\"UFEC\",\"url\":\"https:\/\/nuevo-renacer.com\/\",\"logo\":{\"@type\":\"ImageObject\",\"inLanguage\":\"de\",\"@id\":\"https:\/\/nuevo-renacer.com\/#\/schema\/logo\/image\/\",\"url\":\"https:\/\/nuevo-renacer.com\/wp-content\/uploads\/2024\/05\/cropped-LOGO-TERMINADO1-3-3.png\",\"contentUrl\":\"https:\/\/nuevo-renacer.com\/wp-content\/uploads\/2024\/05\/cropped-LOGO-TERMINADO1-3-3.png\",\"width\":512,\"height\":512,\"caption\":\"UFEC\"},\"image\":{\"@id\":\"https:\/\/nuevo-renacer.com\/#\/schema\/logo\/image\/\"},\"sameAs\":[\"https:\/\/www.facebook.com\/groups\/3431398063740829\"]}]}<\/script>\n<!-- \/ Yoast SEO Premium plugin. -->","yoast_head_json":{"title":"\u00bfEn qu\u00e9 momento se une el Esp\u00edritu al nuevo cuerpo? - Uni\u00f3n Esp\u00edrita","robots":{"index":"index","follow":"follow","max-snippet":"max-snippet:-1","max-image-preview":"max-image-preview:large","max-video-preview":"max-video-preview:-1"},"canonical":"https:\/\/nuevo-renacer.com\/de\/en-que-momento-se-une-el-espiritu-al-nuevo-cuerpo\/","og_locale":"de_DE","og_type":"article","og_title":"\u00bfEn qu\u00e9 momento se une el Esp\u00edritu al nuevo cuerpo?","og_description":"\u00bfEn qu\u00e9 momento se une el Esp\u00edritu al nuevo cuerpo? En el momento de la concepci\u00f3n. Es a partir de ese preciso instante que el Esp\u00edritu se une flu\u00eddicamente al cuerpo, y hasta que el ni\u00f1o nace ese lazo flu\u00eddico se va estrechando cada vez m\u00e1s. Es una uni\u00f3n definitiva desde el momento de la [&hellip;]","og_url":"https:\/\/nuevo-renacer.com\/de\/en-que-momento-se-une-el-espiritu-al-nuevo-cuerpo\/","og_site_name":"Uni\u00f3n Esp\u00edrita","article_publisher":"https:\/\/www.facebook.com\/groups\/3431398063740829","article_modified_time":"2024-07-15T09:44:00+00:00","og_image":[{"width":768,"height":505,"url":"https:\/\/nuevo-renacer.com\/wp-content\/uploads\/2024\/07\/parto-recien-nacido-2-768x505.jpg.webp","type":"image\/webp"}],"twitter_card":"summary_large_image","twitter_misc":{"Gesch\u00e4tzte Lesezeit":"2\u00a0Minuten"},"schema":{"@context":"https:\/\/schema.org","@graph":[{"@type":"WebPage","@id":"https:\/\/nuevo-renacer.com\/en-que-momento-se-une-el-espiritu-al-nuevo-cuerpo\/","url":"https:\/\/nuevo-renacer.com\/en-que-momento-se-une-el-espiritu-al-nuevo-cuerpo\/","name":"\u00bfEn qu\u00e9 momento se une el Esp\u00edritu al nuevo cuerpo? - Uni\u00f3n Esp\u00edrita","isPartOf":{"@id":"https:\/\/nuevo-renacer.com\/#website"},"primaryImageOfPage":{"@id":"https:\/\/nuevo-renacer.com\/en-que-momento-se-une-el-espiritu-al-nuevo-cuerpo\/#primaryimage"},"image":{"@id":"https:\/\/nuevo-renacer.com\/en-que-momento-se-une-el-espiritu-al-nuevo-cuerpo\/#primaryimage"},"thumbnailUrl":"https:\/\/nuevo-renacer.com\/wp-content\/uploads\/2024\/07\/parto-recien-nacido-2-768x505.jpg.webp","datePublished":"2024-07-15T09:43:57+00:00","dateModified":"2024-07-15T09:44:00+00:00","breadcrumb":{"@id":"https:\/\/nuevo-renacer.com\/en-que-momento-se-une-el-espiritu-al-nuevo-cuerpo\/#breadcrumb"},"inLanguage":"de","potentialAction":[{"@type":"ReadAction","target":["https:\/\/nuevo-renacer.com\/en-que-momento-se-une-el-espiritu-al-nuevo-cuerpo\/"]}]},{"@type":"ImageObject","inLanguage":"de","@id":"https:\/\/nuevo-renacer.com\/en-que-momento-se-une-el-espiritu-al-nuevo-cuerpo\/#primaryimage","url":"https:\/\/nuevo-renacer.com\/wp-content\/uploads\/2024\/07\/parto-recien-nacido-2-768x505.jpg.webp","contentUrl":"https:\/\/nuevo-renacer.com\/wp-content\/uploads\/2024\/07\/parto-recien-nacido-2-768x505.jpg.webp","width":768,"height":505},{"@type":"BreadcrumbList","@id":"https:\/\/nuevo-renacer.com\/en-que-momento-se-une-el-espiritu-al-nuevo-cuerpo\/#breadcrumb","itemListElement":[{"@type":"ListItem","position":1,"name":"Startseite","item":"https:\/\/nuevo-renacer.com\/"},{"@type":"ListItem","position":2,"name":"\u00bfEn qu\u00e9 momento se une el Esp\u00edritu al nuevo cuerpo?"}]},{"@type":"WebSite","@id":"https:\/\/nuevo-renacer.com\/#website","url":"https:\/\/nuevo-renacer.com\/","name":"Uni\u00f3n Esp\u00edrita","description":"Nuevo Renacer","publisher":{"@id":"https:\/\/nuevo-renacer.com\/#organization"},"potentialAction":[{"@type":"SearchAction","target":{"@type":"EntryPoint","urlTemplate":"https:\/\/nuevo-renacer.com\/?s={search_term_string}"},"query-input":{"@type":"PropertyValueSpecification","valueRequired":true,"valueName":"search_term_string"}}],"inLanguage":"de"},{"@type":"Organization","@id":"https:\/\/nuevo-renacer.com\/#organization","name":"UFEC","url":"https:\/\/nuevo-renacer.com\/","logo":{"@type":"ImageObject","inLanguage":"de","@id":"https:\/\/nuevo-renacer.com\/#\/schema\/logo\/image\/","url":"https:\/\/nuevo-renacer.com\/wp-content\/uploads\/2024\/05\/cropped-LOGO-TERMINADO1-3-3.png","contentUrl":"https:\/\/nuevo-renacer.com\/wp-content\/uploads\/2024\/05\/cropped-LOGO-TERMINADO1-3-3.png","width":512,"height":512,"caption":"UFEC"},"image":{"@id":"https:\/\/nuevo-renacer.com\/#\/schema\/logo\/image\/"},"sameAs":["https:\/\/www.facebook.com\/groups\/3431398063740829"]}]}},"uagb_featured_image_src":{"full":["https:\/\/nuevo-renacer.com\/wp-content\/uploads\/2024\/07\/parto-recien-nacido-2-768x505.jpg.webp",768,505,false],"thumbnail":["https:\/\/nuevo-renacer.com\/wp-content\/uploads\/2024\/07\/parto-recien-nacido-2-768x505.jpg-150x150.webp",150,150,true],"medium":["https:\/\/nuevo-renacer.com\/wp-content\/uploads\/2024\/07\/parto-recien-nacido-2-768x505.jpg-300x197.webp",300,197,true],"medium_large":["https:\/\/nuevo-renacer.com\/wp-content\/uploads\/2024\/07\/parto-recien-nacido-2-768x505.jpg.webp",768,505,false],"large":["https:\/\/nuevo-renacer.com\/wp-content\/uploads\/2024\/07\/parto-recien-nacido-2-768x505.jpg.webp",768,505,false],"1536x1536":["https:\/\/nuevo-renacer.com\/wp-content\/uploads\/2024\/07\/parto-recien-nacido-2-768x505.jpg.webp",768,505,false],"2048x2048":["https:\/\/nuevo-renacer.com\/wp-content\/uploads\/2024\/07\/parto-recien-nacido-2-768x505.jpg.webp",768,505,false],"trp-custom-language-flag":["https:\/\/nuevo-renacer.com\/wp-content\/uploads\/2024\/07\/parto-recien-nacido-2-768x505.jpg-18x12.webp",18,12,true]},"uagb_author_info":{"display_name":"adbv0","author_link":"https:\/\/nuevo-renacer.com\/de\/author\/adbv0\/"},"uagb_comment_info":0,"uagb_excerpt":"\u00bfEn qu\u00e9 momento se une el Esp\u00edritu al nuevo cuerpo? En el momento de la concepci\u00f3n. Es a partir de ese preciso instante que el Esp\u00edritu se une flu\u00eddicamente al cuerpo, y hasta que el ni\u00f1o nace ese lazo flu\u00eddico se va estrechando cada vez m\u00e1s. Es una uni\u00f3n definitiva desde el momento de la&hellip;","jetpack_sharing_enabled":true,"_links":{"self":[{"href":"https:\/\/nuevo-renacer.com\/de\/wp-json\/wp\/v2\/pages\/3786","targetHints":{"allow":["GET"]}}],"collection":[{"href":"https:\/\/nuevo-renacer.com\/de\/wp-json\/wp\/v2\/pages"}],"about":[{"href":"https:\/\/nuevo-renacer.com\/de\/wp-json\/wp\/v2\/types\/page"}],"author":[{"embeddable":true,"href":"https:\/\/nuevo-renacer.com\/de\/wp-json\/wp\/v2\/users\/1"}],"replies":[{"embeddable":true,"href":"https:\/\/nuevo-renacer.com\/de\/wp-json\/wp\/v2\/comments?post=3786"}],"version-history":[{"count":1,"href":"https:\/\/nuevo-renacer.com\/de\/wp-json\/wp\/v2\/pages\/3786\/revisions"}],"predecessor-version":[{"id":3788,"href":"https:\/\/nuevo-renacer.com\/de\/wp-json\/wp\/v2\/pages\/3786\/revisions\/3788"}],"wp:featuredmedia":[{"embeddable":true,"href":"https:\/\/nuevo-renacer.com\/de\/wp-json\/wp\/v2\/media\/3787"}],"wp:attachment":[{"href":"https:\/\/nuevo-renacer.com\/de\/wp-json\/wp\/v2\/media?parent=3786"}],"curies":[{"name":"wp","href":"https:\/\/api.w.org\/{rel}","templated":true}]}}