{"id":3775,"date":"2024-07-15T09:03:21","date_gmt":"2024-07-15T09:03:21","guid":{"rendered":"https:\/\/ufec-mundial.com\/?page_id=3775"},"modified":"2024-07-15T09:08:50","modified_gmt":"2024-07-15T09:08:50","slug":"que-puedo-hacer-para-ayudar-a-un-ser-querido-que-acaba-de-morir","status":"publish","type":"page","link":"https:\/\/nuevo-renacer.com\/de\/que-puedo-hacer-para-ayudar-a-un-ser-querido-que-acaba-de-morir\/","title":{"rendered":"Was kann ich tun, um einem geliebten Menschen zu helfen, der gestorben ist?"},"content":{"rendered":"<div class=\"wp-block-uagb-container uagb-block-a9ffda9d alignfull uagb-is-root-container\"><div class=\"uagb-container-inner-blocks-wrap\">\n<p class=\"has-black-color has-text-color has-link-color has-medium-font-size wp-elements-67216e069ae0398e2f93a19996205ba8\"><strong>Was kann ich tun, um einem geliebten Menschen zu helfen, der gestorben ist?<\/strong><\/p>\n<\/div><\/div>\n\n\n\n<div class=\"wp-block-uagb-container uagb-block-29dc1981 alignfull uagb-is-root-container\"><div class=\"uagb-container-inner-blocks-wrap\">\n<figure class=\"wp-block-image size-full is-resized\"><img fetchpriority=\"high\" decoding=\"async\" width=\"600\" height=\"400\" src=\"https:\/\/ufec-mundial.com\/wp-content\/uploads\/2024\/07\/prayer-person-hand-in-black-background-christian-catholic-woman-are-praying-to-god-in-dark-at-church-girl-believe-and-faith-in-jesus-christ-christ-religion-and-christianity-worship-or-pray-concept-.jpg\" alt=\"\" class=\"wp-image-3777\" style=\"width:525px;height:auto\" srcset=\"https:\/\/nuevo-renacer.com\/wp-content\/uploads\/2024\/07\/prayer-person-hand-in-black-background-christian-catholic-woman-are-praying-to-god-in-dark-at-church-girl-believe-and-faith-in-jesus-christ-christ-religion-and-christianity-worship-or-pray-concept-.jpg 600w, https:\/\/nuevo-renacer.com\/wp-content\/uploads\/2024\/07\/prayer-person-hand-in-black-background-christian-catholic-woman-are-praying-to-god-in-dark-at-church-girl-believe-and-faith-in-jesus-christ-christ-religion-and-christianity-worship-or-pray-concept--300x200.jpg 300w, https:\/\/nuevo-renacer.com\/wp-content\/uploads\/2024\/07\/prayer-person-hand-in-black-background-christian-catholic-woman-are-praying-to-god-in-dark-at-church-girl-believe-and-faith-in-jesus-christ-christ-religion-and-christianity-worship-or-pray-concept--18x12.jpg 18w\" sizes=\"(max-width: 600px) 100vw, 600px\" \/><\/figure>\n<\/div><\/div>\n\n\n\n<div class=\"wp-block-uagb-container uagb-block-caf61da1 alignfull uagb-is-root-container\"><div class=\"uagb-container-inner-blocks-wrap\">\n<p class=\"has-black-color has-text-color has-link-color has-small-font-size wp-elements-7ee60fece7c6a8214d447e1ff363ec42\">In erster Linie ist zu sagen, dass die Trauer hier oft gr\u00f6\u00dfer ist als dort, das hei\u00dft, dass die Verwandten und Angeh\u00f6rigen, die das geistige Leben noch nicht kennen, mehr oder weniger stark um den Verlust trauern. Es ist \u00fcblich, dass diejenigen, die weggegangen sind, diese Unwissenheit ihrer Verwandten beklagen, und ihr Kummer macht ihnen ihr neues Schicksal schwer.<\/p>\n\n\n\n<p class=\"has-black-color has-text-color has-link-color has-small-font-size wp-elements-38c77d35f3bf86ecda72349eee4e1f4e\">Eine der besten M\u00f6glichkeiten, dem verstorbenen geliebten Menschen zu helfen, besteht also darin, sich tief genug in das spirituelle Wissen zu vertiefen, um zu verstehen, dass unser geliebter Mensch weiterlebt, wenn wir das wollen. Dies wird nicht nur uns helfen, sondern auch f\u00fcr den Verstorbenen eine gro\u00dfe Genugtuung sein. Einerseits entdecken sie die Realit\u00e4t und die Wunder des neuen Lebens, indem sie die Schwierigkeiten und M\u00fchen der Materie hinter sich lassen, andererseits leiden sie, wenn sie ihre Angeh\u00f6rigen leiden sehen und nichts tun k\u00f6nnen, um ihren Schmerz zu lindern, au\u00dfer sie zu inspirieren, dass sie noch leben. Und oft sind es gerade sie, die uns dazu bringen, die Wahrheit zu suchen.<\/p>\n\n\n\n<p class=\"has-black-color has-text-color has-link-color has-small-font-size wp-elements-289b96aff152775a14a0b4dc6d304719\">Der Zustand eines Geistes, der gerade desinkarniert ist, kann kaum genau vorausgesagt werden, aber wir wissen, dass diejenigen, die in ihrer Existenz nicht wirklich gut und wohlt\u00e4tig waren, sich in einem gewissen Zustand des Aufruhrs befinden werden, bis sie in der neuen Realit\u00e4t erwachen. Und obwohl die Wirklichkeit der geistigen Ebene im Allgemeinen besser ist als die hiesige, kann es bestimmte Geister geben, f\u00fcr die unsere aufrichtige Hilfe von Nutzen sein kann.<\/p>\n\n\n\n<p class=\"has-black-color has-text-color has-link-color has-small-font-size wp-elements-20993fb064cbc2a9a4611754ece71bbb\">Wir sprechen hier speziell vom Gebet. Gebete, die aus aufrichtigem Herzen kommen, in eigenen Worten und Gedanken, voller Gef\u00fchl, sind in solchen Zeiten eine gro\u00dfe Hilfe. Sie lindern und mildern die Schwierigkeiten des \u00dcbergangs und helfen dem Geist, sich an die neue Wirklichkeit anzupassen.<\/p>\n\n\n\n<p class=\"has-black-color has-text-color has-link-color has-small-font-size wp-elements-e452cca051502997b0a2354ac21fe237\">Aus diesem Grund sagt uns Allan Kardec, dass Gebete f\u00fcr Geister, die gerade die Erde verlassen haben, nicht nur dazu dienen, ihnen ein Zeugnis des Mitgef\u00fchls zu geben, sondern auch, um ihnen die Losl\u00f6sung zu erleichtern und so die Unruhe zu verk\u00fcrzen, die immer auf die Trennung folgt, und ihnen beim Erwachen mehr Ruhe zu geben. Aber in diesem wie in jedem anderen Fall liegt die Wirksamkeit in der Aufrichtigkeit der Gedanken und nicht in der F\u00fclle der Worte, die mit mehr oder weniger Pomp gesprochen werden und bei denen das Herz oft keine Rolle spielt.<\/p>\n\n\n\n<p class=\"has-black-color has-text-color has-link-color has-small-font-size wp-elements-39c2bf34bc9a7b2e5b2fe5137817d4cc\">Gebete, die vom Herzen ausgehen, klingen um den Geist, dessen Vorstellungen noch verwirrt sind, wie die freundlichen Stimmen, die uns aus dem Schlaf wecken.<\/p>\n<\/div><\/div>","protected":false},"excerpt":{"rendered":"<p>\u00bfQu\u00e9 puedo hacer para ayudar a un ser querido que acaba de morir? En primer lugar habr\u00eda que decir que la pena de aqu\u00ed suele ser mayor que la de all\u00ed, es decir que los familiares y seres queridos, en mayor o menor grado, a\u00fan ignorantes de la vida espiritual, sufren por la p\u00e9rdida. Y [&hellip;]<\/p>","protected":false},"author":1,"featured_media":3777,"parent":0,"menu_order":0,"comment_status":"closed","ping_status":"closed","template":"","meta":{"_uag_custom_page_level_css":"","site-sidebar-layout":"default","site-content-layout":"","ast-site-content-layout":"default","site-content-style":"default","site-sidebar-style":"default","ast-global-header-display":"","ast-banner-title-visibility":"","ast-main-header-display":"","ast-hfb-above-header-display":"","ast-hfb-below-header-display":"","ast-hfb-mobile-header-display":"","site-post-title":"disabled","ast-breadcrumbs-content":"","ast-featured-img":"","footer-sml-layout":"","theme-transparent-header-meta":"","adv-header-id-meta":"","stick-header-meta":"","header-above-stick-meta":"","header-main-stick-meta":"","header-below-stick-meta":"","astra-migrate-meta-layouts":"set","ast-page-background-enabled":"default","ast-page-background-meta":{"desktop":{"background-color":"var(--ast-global-color-4)","background-image":"","background-repeat":"repeat","background-position":"center center","background-size":"auto","background-attachment":"scroll","background-type":"","background-media":"","overlay-type":"","overlay-color":"","overlay-opacity":"","overlay-gradient":""},"tablet":{"background-color":"","background-image":"","background-repeat":"repeat","background-position":"center center","background-size":"auto","background-attachment":"scroll","background-type":"","background-media":"","overlay-type":"","overlay-color":"","overlay-opacity":"","overlay-gradient":""},"mobile":{"background-color":"","background-image":"","background-repeat":"repeat","background-position":"center center","background-size":"auto","background-attachment":"scroll","background-type":"","background-media":"","overlay-type":"","overlay-color":"","overlay-opacity":"","overlay-gradient":""}},"ast-content-background-meta":{"desktop":{"background-color":"var(--ast-global-color-5)","background-image":"","background-repeat":"repeat","background-position":"center center","background-size":"auto","background-attachment":"scroll","background-type":"","background-media":"","overlay-type":"","overlay-color":"","overlay-opacity":"","overlay-gradient":""},"tablet":{"background-color":"var(--ast-global-color-5)","background-image":"","background-repeat":"repeat","background-position":"center center","background-size":"auto","background-attachment":"scroll","background-type":"","background-media":"","overlay-type":"","overlay-color":"","overlay-opacity":"","overlay-gradient":""},"mobile":{"background-color":"var(--ast-global-color-5)","background-image":"","background-repeat":"repeat","background-position":"center center","background-size":"auto","background-attachment":"scroll","background-type":"","background-media":"","overlay-type":"","overlay-color":"","overlay-opacity":"","overlay-gradient":""}},"footnotes":""},"class_list":["post-3775","page","type-page","status-publish","has-post-thumbnail","hentry"],"yoast_head":"<!-- This site is optimized with the Yoast SEO Premium plugin v24.2 (Yoast SEO v24.6) - https:\/\/yoast.com\/wordpress\/plugins\/seo\/ -->\n<title>\u00bfQu\u00e9 puedo hacer para ayudar a un ser querido que acaba de morir? - Uni\u00f3n Esp\u00edrita<\/title>\n<meta name=\"robots\" content=\"index, follow, max-snippet:-1, max-image-preview:large, max-video-preview:-1\" \/>\n<link rel=\"canonical\" href=\"https:\/\/nuevo-renacer.com\/de\/que-puedo-hacer-para-ayudar-a-un-ser-querido-que-acaba-de-morir\/\" \/>\n<meta property=\"og:locale\" content=\"de_DE\" \/>\n<meta property=\"og:type\" content=\"article\" \/>\n<meta property=\"og:title\" content=\"\u00bfQu\u00e9 puedo hacer para ayudar a un ser querido que acaba de morir?\" \/>\n<meta property=\"og:description\" content=\"\u00bfQu\u00e9 puedo hacer para ayudar a un ser querido que acaba de morir? En primer lugar habr\u00eda que decir que la pena de aqu\u00ed suele ser mayor que la de all\u00ed, es decir que los familiares y seres queridos, en mayor o menor grado, a\u00fan ignorantes de la vida espiritual, sufren por la p\u00e9rdida. Y [&hellip;]\" \/>\n<meta property=\"og:url\" content=\"https:\/\/nuevo-renacer.com\/de\/que-puedo-hacer-para-ayudar-a-un-ser-querido-que-acaba-de-morir\/\" \/>\n<meta property=\"og:site_name\" content=\"Uni\u00f3n Esp\u00edrita\" \/>\n<meta property=\"article:publisher\" content=\"https:\/\/www.facebook.com\/groups\/3431398063740829\" \/>\n<meta property=\"article:modified_time\" content=\"2024-07-15T09:08:50+00:00\" \/>\n<meta property=\"og:image\" content=\"https:\/\/nuevo-renacer.com\/wp-content\/uploads\/2024\/07\/prayer-person-hand-in-black-background-christian-catholic-woman-are-praying-to-god-in-dark-at-church-girl-believe-and-faith-in-jesus-christ-christ-religion-and-christianity-worship-or-pray-concept-.jpg\" \/>\n\t<meta property=\"og:image:width\" content=\"600\" \/>\n\t<meta property=\"og:image:height\" content=\"400\" \/>\n\t<meta property=\"og:image:type\" content=\"image\/jpeg\" \/>\n<meta name=\"twitter:card\" content=\"summary_large_image\" \/>\n<meta name=\"twitter:label1\" content=\"Gesch\u00e4tzte Lesezeit\" \/>\n\t<meta name=\"twitter:data1\" content=\"2\u00a0Minuten\" \/>\n<script type=\"application\/ld+json\" class=\"yoast-schema-graph\">{\"@context\":\"https:\/\/schema.org\",\"@graph\":[{\"@type\":\"WebPage\",\"@id\":\"https:\/\/nuevo-renacer.com\/que-puedo-hacer-para-ayudar-a-un-ser-querido-que-acaba-de-morir\/\",\"url\":\"https:\/\/nuevo-renacer.com\/que-puedo-hacer-para-ayudar-a-un-ser-querido-que-acaba-de-morir\/\",\"name\":\"\u00bfQu\u00e9 puedo hacer para ayudar a un ser querido que acaba de morir? - Uni\u00f3n Esp\u00edrita\",\"isPartOf\":{\"@id\":\"https:\/\/nuevo-renacer.com\/#website\"},\"primaryImageOfPage\":{\"@id\":\"https:\/\/nuevo-renacer.com\/que-puedo-hacer-para-ayudar-a-un-ser-querido-que-acaba-de-morir\/#primaryimage\"},\"image\":{\"@id\":\"https:\/\/nuevo-renacer.com\/que-puedo-hacer-para-ayudar-a-un-ser-querido-que-acaba-de-morir\/#primaryimage\"},\"thumbnailUrl\":\"https:\/\/nuevo-renacer.com\/wp-content\/uploads\/2024\/07\/prayer-person-hand-in-black-background-christian-catholic-woman-are-praying-to-god-in-dark-at-church-girl-believe-and-faith-in-jesus-christ-christ-religion-and-christianity-worship-or-pray-concept-.jpg\",\"datePublished\":\"2024-07-15T09:03:21+00:00\",\"dateModified\":\"2024-07-15T09:08:50+00:00\",\"breadcrumb\":{\"@id\":\"https:\/\/nuevo-renacer.com\/que-puedo-hacer-para-ayudar-a-un-ser-querido-que-acaba-de-morir\/#breadcrumb\"},\"inLanguage\":\"de\",\"potentialAction\":[{\"@type\":\"ReadAction\",\"target\":[\"https:\/\/nuevo-renacer.com\/que-puedo-hacer-para-ayudar-a-un-ser-querido-que-acaba-de-morir\/\"]}]},{\"@type\":\"ImageObject\",\"inLanguage\":\"de\",\"@id\":\"https:\/\/nuevo-renacer.com\/que-puedo-hacer-para-ayudar-a-un-ser-querido-que-acaba-de-morir\/#primaryimage\",\"url\":\"https:\/\/nuevo-renacer.com\/wp-content\/uploads\/2024\/07\/prayer-person-hand-in-black-background-christian-catholic-woman-are-praying-to-god-in-dark-at-church-girl-believe-and-faith-in-jesus-christ-christ-religion-and-christianity-worship-or-pray-concept-.jpg\",\"contentUrl\":\"https:\/\/nuevo-renacer.com\/wp-content\/uploads\/2024\/07\/prayer-person-hand-in-black-background-christian-catholic-woman-are-praying-to-god-in-dark-at-church-girl-believe-and-faith-in-jesus-christ-christ-religion-and-christianity-worship-or-pray-concept-.jpg\",\"width\":600,\"height\":400},{\"@type\":\"BreadcrumbList\",\"@id\":\"https:\/\/nuevo-renacer.com\/que-puedo-hacer-para-ayudar-a-un-ser-querido-que-acaba-de-morir\/#breadcrumb\",\"itemListElement\":[{\"@type\":\"ListItem\",\"position\":1,\"name\":\"Startseite\",\"item\":\"https:\/\/nuevo-renacer.com\/\"},{\"@type\":\"ListItem\",\"position\":2,\"name\":\"\u00bfQu\u00e9 puedo hacer para ayudar a un ser querido que acaba de morir?\"}]},{\"@type\":\"WebSite\",\"@id\":\"https:\/\/nuevo-renacer.com\/#website\",\"url\":\"https:\/\/nuevo-renacer.com\/\",\"name\":\"Uni\u00f3n Esp\u00edrita\",\"description\":\"Nuevo Renacer\",\"publisher\":{\"@id\":\"https:\/\/nuevo-renacer.com\/#organization\"},\"potentialAction\":[{\"@type\":\"SearchAction\",\"target\":{\"@type\":\"EntryPoint\",\"urlTemplate\":\"https:\/\/nuevo-renacer.com\/?s={search_term_string}\"},\"query-input\":{\"@type\":\"PropertyValueSpecification\",\"valueRequired\":true,\"valueName\":\"search_term_string\"}}],\"inLanguage\":\"de\"},{\"@type\":\"Organization\",\"@id\":\"https:\/\/nuevo-renacer.com\/#organization\",\"name\":\"UFEC\",\"url\":\"https:\/\/nuevo-renacer.com\/\",\"logo\":{\"@type\":\"ImageObject\",\"inLanguage\":\"de\",\"@id\":\"https:\/\/nuevo-renacer.com\/#\/schema\/logo\/image\/\",\"url\":\"https:\/\/nuevo-renacer.com\/wp-content\/uploads\/2024\/05\/cropped-LOGO-TERMINADO1-3-3.png\",\"contentUrl\":\"https:\/\/nuevo-renacer.com\/wp-content\/uploads\/2024\/05\/cropped-LOGO-TERMINADO1-3-3.png\",\"width\":512,\"height\":512,\"caption\":\"UFEC\"},\"image\":{\"@id\":\"https:\/\/nuevo-renacer.com\/#\/schema\/logo\/image\/\"},\"sameAs\":[\"https:\/\/www.facebook.com\/groups\/3431398063740829\"]}]}<\/script>\n<!-- \/ Yoast SEO Premium plugin. -->","yoast_head_json":{"title":"\u00bfQu\u00e9 puedo hacer para ayudar a un ser querido que acaba de morir? - Uni\u00f3n Esp\u00edrita","robots":{"index":"index","follow":"follow","max-snippet":"max-snippet:-1","max-image-preview":"max-image-preview:large","max-video-preview":"max-video-preview:-1"},"canonical":"https:\/\/nuevo-renacer.com\/de\/que-puedo-hacer-para-ayudar-a-un-ser-querido-que-acaba-de-morir\/","og_locale":"de_DE","og_type":"article","og_title":"\u00bfQu\u00e9 puedo hacer para ayudar a un ser querido que acaba de morir?","og_description":"\u00bfQu\u00e9 puedo hacer para ayudar a un ser querido que acaba de morir? En primer lugar habr\u00eda que decir que la pena de aqu\u00ed suele ser mayor que la de all\u00ed, es decir que los familiares y seres queridos, en mayor o menor grado, a\u00fan ignorantes de la vida espiritual, sufren por la p\u00e9rdida. Y [&hellip;]","og_url":"https:\/\/nuevo-renacer.com\/de\/que-puedo-hacer-para-ayudar-a-un-ser-querido-que-acaba-de-morir\/","og_site_name":"Uni\u00f3n Esp\u00edrita","article_publisher":"https:\/\/www.facebook.com\/groups\/3431398063740829","article_modified_time":"2024-07-15T09:08:50+00:00","og_image":[{"width":600,"height":400,"url":"https:\/\/nuevo-renacer.com\/wp-content\/uploads\/2024\/07\/prayer-person-hand-in-black-background-christian-catholic-woman-are-praying-to-god-in-dark-at-church-girl-believe-and-faith-in-jesus-christ-christ-religion-and-christianity-worship-or-pray-concept-.jpg","type":"image\/jpeg"}],"twitter_card":"summary_large_image","twitter_misc":{"Gesch\u00e4tzte Lesezeit":"2\u00a0Minuten"},"schema":{"@context":"https:\/\/schema.org","@graph":[{"@type":"WebPage","@id":"https:\/\/nuevo-renacer.com\/que-puedo-hacer-para-ayudar-a-un-ser-querido-que-acaba-de-morir\/","url":"https:\/\/nuevo-renacer.com\/que-puedo-hacer-para-ayudar-a-un-ser-querido-que-acaba-de-morir\/","name":"\u00bfQu\u00e9 puedo hacer para ayudar a un ser querido que acaba de morir? - Uni\u00f3n Esp\u00edrita","isPartOf":{"@id":"https:\/\/nuevo-renacer.com\/#website"},"primaryImageOfPage":{"@id":"https:\/\/nuevo-renacer.com\/que-puedo-hacer-para-ayudar-a-un-ser-querido-que-acaba-de-morir\/#primaryimage"},"image":{"@id":"https:\/\/nuevo-renacer.com\/que-puedo-hacer-para-ayudar-a-un-ser-querido-que-acaba-de-morir\/#primaryimage"},"thumbnailUrl":"https:\/\/nuevo-renacer.com\/wp-content\/uploads\/2024\/07\/prayer-person-hand-in-black-background-christian-catholic-woman-are-praying-to-god-in-dark-at-church-girl-believe-and-faith-in-jesus-christ-christ-religion-and-christianity-worship-or-pray-concept-.jpg","datePublished":"2024-07-15T09:03:21+00:00","dateModified":"2024-07-15T09:08:50+00:00","breadcrumb":{"@id":"https:\/\/nuevo-renacer.com\/que-puedo-hacer-para-ayudar-a-un-ser-querido-que-acaba-de-morir\/#breadcrumb"},"inLanguage":"de","potentialAction":[{"@type":"ReadAction","target":["https:\/\/nuevo-renacer.com\/que-puedo-hacer-para-ayudar-a-un-ser-querido-que-acaba-de-morir\/"]}]},{"@type":"ImageObject","inLanguage":"de","@id":"https:\/\/nuevo-renacer.com\/que-puedo-hacer-para-ayudar-a-un-ser-querido-que-acaba-de-morir\/#primaryimage","url":"https:\/\/nuevo-renacer.com\/wp-content\/uploads\/2024\/07\/prayer-person-hand-in-black-background-christian-catholic-woman-are-praying-to-god-in-dark-at-church-girl-believe-and-faith-in-jesus-christ-christ-religion-and-christianity-worship-or-pray-concept-.jpg","contentUrl":"https:\/\/nuevo-renacer.com\/wp-content\/uploads\/2024\/07\/prayer-person-hand-in-black-background-christian-catholic-woman-are-praying-to-god-in-dark-at-church-girl-believe-and-faith-in-jesus-christ-christ-religion-and-christianity-worship-or-pray-concept-.jpg","width":600,"height":400},{"@type":"BreadcrumbList","@id":"https:\/\/nuevo-renacer.com\/que-puedo-hacer-para-ayudar-a-un-ser-querido-que-acaba-de-morir\/#breadcrumb","itemListElement":[{"@type":"ListItem","position":1,"name":"Startseite","item":"https:\/\/nuevo-renacer.com\/"},{"@type":"ListItem","position":2,"name":"\u00bfQu\u00e9 puedo hacer para ayudar a un ser querido que acaba de morir?"}]},{"@type":"WebSite","@id":"https:\/\/nuevo-renacer.com\/#website","url":"https:\/\/nuevo-renacer.com\/","name":"Uni\u00f3n Esp\u00edrita","description":"Nuevo Renacer","publisher":{"@id":"https:\/\/nuevo-renacer.com\/#organization"},"potentialAction":[{"@type":"SearchAction","target":{"@type":"EntryPoint","urlTemplate":"https:\/\/nuevo-renacer.com\/?s={search_term_string}"},"query-input":{"@type":"PropertyValueSpecification","valueRequired":true,"valueName":"search_term_string"}}],"inLanguage":"de"},{"@type":"Organization","@id":"https:\/\/nuevo-renacer.com\/#organization","name":"UFEC","url":"https:\/\/nuevo-renacer.com\/","logo":{"@type":"ImageObject","inLanguage":"de","@id":"https:\/\/nuevo-renacer.com\/#\/schema\/logo\/image\/","url":"https:\/\/nuevo-renacer.com\/wp-content\/uploads\/2024\/05\/cropped-LOGO-TERMINADO1-3-3.png","contentUrl":"https:\/\/nuevo-renacer.com\/wp-content\/uploads\/2024\/05\/cropped-LOGO-TERMINADO1-3-3.png","width":512,"height":512,"caption":"UFEC"},"image":{"@id":"https:\/\/nuevo-renacer.com\/#\/schema\/logo\/image\/"},"sameAs":["https:\/\/www.facebook.com\/groups\/3431398063740829"]}]}},"uagb_featured_image_src":{"full":["https:\/\/nuevo-renacer.com\/wp-content\/uploads\/2024\/07\/prayer-person-hand-in-black-background-christian-catholic-woman-are-praying-to-god-in-dark-at-church-girl-believe-and-faith-in-jesus-christ-christ-religion-and-christianity-worship-or-pray-concept-.jpg",600,400,false],"thumbnail":["https:\/\/nuevo-renacer.com\/wp-content\/uploads\/2024\/07\/prayer-person-hand-in-black-background-christian-catholic-woman-are-praying-to-god-in-dark-at-church-girl-believe-and-faith-in-jesus-christ-christ-religion-and-christianity-worship-or-pray-concept--150x150.jpg",150,150,true],"medium":["https:\/\/nuevo-renacer.com\/wp-content\/uploads\/2024\/07\/prayer-person-hand-in-black-background-christian-catholic-woman-are-praying-to-god-in-dark-at-church-girl-believe-and-faith-in-jesus-christ-christ-religion-and-christianity-worship-or-pray-concept--300x200.jpg",300,200,true],"medium_large":["https:\/\/nuevo-renacer.com\/wp-content\/uploads\/2024\/07\/prayer-person-hand-in-black-background-christian-catholic-woman-are-praying-to-god-in-dark-at-church-girl-believe-and-faith-in-jesus-christ-christ-religion-and-christianity-worship-or-pray-concept-.jpg",600,400,false],"large":["https:\/\/nuevo-renacer.com\/wp-content\/uploads\/2024\/07\/prayer-person-hand-in-black-background-christian-catholic-woman-are-praying-to-god-in-dark-at-church-girl-believe-and-faith-in-jesus-christ-christ-religion-and-christianity-worship-or-pray-concept-.jpg",600,400,false],"1536x1536":["https:\/\/nuevo-renacer.com\/wp-content\/uploads\/2024\/07\/prayer-person-hand-in-black-background-christian-catholic-woman-are-praying-to-god-in-dark-at-church-girl-believe-and-faith-in-jesus-christ-christ-religion-and-christianity-worship-or-pray-concept-.jpg",600,400,false],"2048x2048":["https:\/\/nuevo-renacer.com\/wp-content\/uploads\/2024\/07\/prayer-person-hand-in-black-background-christian-catholic-woman-are-praying-to-god-in-dark-at-church-girl-believe-and-faith-in-jesus-christ-christ-religion-and-christianity-worship-or-pray-concept-.jpg",600,400,false],"trp-custom-language-flag":["https:\/\/nuevo-renacer.com\/wp-content\/uploads\/2024\/07\/prayer-person-hand-in-black-background-christian-catholic-woman-are-praying-to-god-in-dark-at-church-girl-believe-and-faith-in-jesus-christ-christ-religion-and-christianity-worship-or-pray-concept--18x12.jpg",18,12,true]},"uagb_author_info":{"display_name":"adbv0","author_link":"https:\/\/nuevo-renacer.com\/de\/author\/adbv0\/"},"uagb_comment_info":0,"uagb_excerpt":"\u00bfQu\u00e9 puedo hacer para ayudar a un ser querido que acaba de morir? En primer lugar habr\u00eda que decir que la pena de aqu\u00ed suele ser mayor que la de all\u00ed, es decir que los familiares y seres queridos, en mayor o menor grado, a\u00fan ignorantes de la vida espiritual, sufren por la p\u00e9rdida. Y&hellip;","jetpack_sharing_enabled":true,"_links":{"self":[{"href":"https:\/\/nuevo-renacer.com\/de\/wp-json\/wp\/v2\/pages\/3775","targetHints":{"allow":["GET"]}}],"collection":[{"href":"https:\/\/nuevo-renacer.com\/de\/wp-json\/wp\/v2\/pages"}],"about":[{"href":"https:\/\/nuevo-renacer.com\/de\/wp-json\/wp\/v2\/types\/page"}],"author":[{"embeddable":true,"href":"https:\/\/nuevo-renacer.com\/de\/wp-json\/wp\/v2\/users\/1"}],"replies":[{"embeddable":true,"href":"https:\/\/nuevo-renacer.com\/de\/wp-json\/wp\/v2\/comments?post=3775"}],"version-history":[{"count":2,"href":"https:\/\/nuevo-renacer.com\/de\/wp-json\/wp\/v2\/pages\/3775\/revisions"}],"predecessor-version":[{"id":3778,"href":"https:\/\/nuevo-renacer.com\/de\/wp-json\/wp\/v2\/pages\/3775\/revisions\/3778"}],"wp:featuredmedia":[{"embeddable":true,"href":"https:\/\/nuevo-renacer.com\/de\/wp-json\/wp\/v2\/media\/3777"}],"wp:attachment":[{"href":"https:\/\/nuevo-renacer.com\/de\/wp-json\/wp\/v2\/media?parent=3775"}],"curies":[{"name":"wp","href":"https:\/\/api.w.org\/{rel}","templated":true}]}}