{"id":3756,"date":"2024-07-15T06:27:23","date_gmt":"2024-07-15T06:27:23","guid":{"rendered":"https:\/\/ufec-mundial.com\/?page_id=3756"},"modified":"2025-10-21T12:56:21","modified_gmt":"2025-10-21T12:56:21","slug":"la-mision-del-espiritismo","status":"publish","type":"page","link":"https:\/\/nuevo-renacer.com\/de\/la-mision-del-espiritismo\/","title":{"rendered":"Die Mission des Spiritismus"},"content":{"rendered":"<div class=\"wp-block-uagb-container uagb-block-a7795f3e alignfull uagb-is-root-container\"><div class=\"uagb-container-inner-blocks-wrap\">\n<p class=\"has-black-color has-text-color has-link-color has-medium-font-size wp-elements-fd0895642d0e4522e12e435239940f82\"><strong>Die Mission des Spiritismus<\/strong><\/p>\n<\/div><\/div>\n\n\n\n<div class=\"wp-block-uagb-container uagb-block-dff6aeec alignfull uagb-is-root-container\"><div class=\"uagb-container-inner-blocks-wrap\">\n<figure class=\"wp-block-image size-full is-resized\"><img fetchpriority=\"high\" decoding=\"async\" width=\"1000\" height=\"500\" src=\"https:\/\/nuevo-renacer.com\/wp-content\/uploads\/2024\/07\/1000_F_144195189_OrmBsEtnJ5fyODQgeqEpfmisrwOGasIo.jpg\" alt=\"\" class=\"wp-image-3757\" style=\"width:380px;height:auto\" srcset=\"https:\/\/nuevo-renacer.com\/wp-content\/uploads\/2024\/07\/1000_F_144195189_OrmBsEtnJ5fyODQgeqEpfmisrwOGasIo.jpg 1000w, https:\/\/nuevo-renacer.com\/wp-content\/uploads\/2024\/07\/1000_F_144195189_OrmBsEtnJ5fyODQgeqEpfmisrwOGasIo-300x150.jpg 300w, https:\/\/nuevo-renacer.com\/wp-content\/uploads\/2024\/07\/1000_F_144195189_OrmBsEtnJ5fyODQgeqEpfmisrwOGasIo-768x384.jpg 768w, https:\/\/nuevo-renacer.com\/wp-content\/uploads\/2024\/07\/1000_F_144195189_OrmBsEtnJ5fyODQgeqEpfmisrwOGasIo-18x9.jpg 18w\" sizes=\"(max-width: 1000px) 100vw, 1000px\" \/><\/figure>\n<\/div><\/div>\n\n\n\n<div class=\"wp-block-uagb-container uagb-block-75f2cbc2 alignfull uagb-is-root-container\"><div class=\"uagb-container-inner-blocks-wrap\">\n<p class=\"has-black-color has-text-color has-link-color has-small-font-size wp-elements-017afeb0be65d2ca0fe86fd7446c8779\">Der Spiritismus ist nicht gekommen, um irgendeinen Tempel niederzurei\u00dfen oder die Gl\u00e4ubigen des Katholizismus einzeln zu erobern; denn dann w\u00fcrde er dasselbe tun wie die anderen Religionen, die sich um Heilige und Wunderlegenden, Kanonikate und Pr\u00e4benden, M\u00e4rchen und Traditionen streiten. Ah! Nein, davon ist er weit entfernt; denn die spiritistische Schule ist sehr rationalistisch und will keinen R\u00fcckschritt; sie tr\u00e4umt vom Fortschritt, von der Erl\u00f6sung des Menschen; im Glauben, dass das Gestern und das Morgen und das Heute eins sind, und dass es keinen Menschen gibt, dessen Streben vergeblich ist.<\/p>\n\n\n\n<p class=\"has-black-color has-text-color has-link-color has-small-font-size wp-elements-677ccdf870bebf369590bf992a5be1a6\">Alle k\u00f6nnen aufsteigen und in den Himmel gehen, die Zukunft von Mann und Frau ist gleich, es hei\u00dft, dass Wollen K\u00f6nnen ist, dass ein fester Wille, der nach der Wahrheit strebt und ein gro\u00dfes Verlangen hegt, aus einem Zwerg einen Riesen macht, der sich nach seiner Freiheit sehnt. Das ist die edle Mission des Spiritismus, dem Menschen zu sagen: Du selbst wirst deine eigene Erl\u00f6sung schaffen.<\/p>\n\n\n\n<p class=\"has-black-color has-text-color has-link-color has-small-font-size wp-elements-57c1c039753828b092770ca4cf8048e7\">Es gibt keine Religion, die dich erl\u00f6sen kann; du musst deinen eigenen Boden bebauen, und nur wenn du sehr gut bist, wirst du eine gute Zukunft haben. Es ist nutzlos, wenn du deine G\u00fcter unter den Heiligen verteilst, ihre himmlischen Gebete reichen nicht f\u00fcr G\u00fcter. Dann musst du weiter den Himmel erobern, die ungl\u00fccklichen Leidenden tr\u00f6sten und den Hilflosen deine barmherzige F\u00fcrsorge schenken.<\/p>\n\n\n\n<p class=\"has-black-color has-text-color has-link-color has-small-font-size wp-elements-87ac4c46aec24203787c7ac5d0d01b6f\">Willst du deinen Reichtum ausgeben, um ein Heiligtum zu errichten? Ah!... denn es ist notwendiger, dass du auf die Armut achtest. Das hungrige Volk betet nicht, es \u00fcbt seinen M\u00fc\u00dfiggang, indem es im Dynamit die Schrecken der Verw\u00fcstung sucht; wer mit Gewalt faul ist, denkt nur an Verbrechen. Sch\u00fctze den Ackerbau, errichte vorbildliche Bauernh\u00f6fe und mache den harten Boden fruchtbar, den der gute Pflug zerkleinert, dann schaue durch m\u00e4chtige Fernrohre nach oben und frage dich, was du dort f\u00fchlst, wo deine Seele am h\u00f6chsten steigt, ob in einer traurigen H\u00f6hle oder vor pr\u00e4chtigen Welten.<\/p>\n\n\n\n<p class=\"has-black-color has-text-color has-link-color has-small-font-size wp-elements-6f7f551c978cf05f595cb9bcff5a2b8c\">Verteilt euren Reichtum nicht, sondern macht ihn produktiv, und ihr werdet Gefangene von sozialen Schandtaten befreien. Gro\u00dfe \u00dcbel plagen euch, aber keine Religion wird euch Rettung bringen, auch nicht der Atheismus; nur der Spiritismus wird die L\u00f6sung bringen. F\u00fcr das gro\u00dfe soziale Problem, die Unzufriedenheit aller, dass man wie ein Betrunkener in einem unreinen Bacchanal B\u00f6ses um des B\u00f6sen willen tut, dass man lebt... ohne zu wissen, wie man leben soll, dass man untergeht... dass man aufsteigen will, dass man wegl\u00e4uft... dass man ankommen will; was f\u00fcr ein Weg des Deliriums und was f\u00fcr ein Weg des Leidens!...<\/p>\n\n\n\n<p class=\"has-black-color has-text-color has-link-color has-small-font-size wp-elements-a586c264fca89221e8fdbc43f99a7a7b\">Die Reichen f\u00fcrchten die Armen, weil sie glauben, dass die Armen eines Tages mit grimmiger Ironie sagen werden: Gib mir nicht, nein, was du \u00fcbrig hast, ich will dein Gold und nicht dein Kupfer, das ist es, was ich in meinem Zorn will, denn du hast mich lange Zeit wegen meiner Bosheit im Stich gelassen; wenn du mir nicht gibst, was ich von dir verlange, zittere... denn ich werde dir nicht vergeben.<\/p>\n\n\n\n<p class=\"has-black-color has-text-color has-link-color has-small-font-size wp-elements-75f589143de9d17e81b2d20b4f16b7b1\">Und mit welcher Traurigkeit sieht der Arme den Reichen in seiner liegenden Kutsche vorbeifahren und seine Armut beleidigen ... Aus dieser Ungleichheit erhebt sich der Sturm, und die Menschheit lebt inmitten von Betrug und Niedertracht, inmitten von Groll und Neid in schrecklicher Dunkelheit. F\u00fcr dieses alte \u00dcbel gibt es keine Medizin auf Erden; der Krieg ist das \u00fcbliche Mittel, aber dieses Mittel ist alt.<\/p>\n\n\n\n<p class=\"has-black-color has-text-color has-link-color has-small-font-size wp-elements-2399af92d1fd287fba323efa83c1043b\">Mehr als Waffen braucht ihr Erdlinge guten Rat; ihr m\u00fcsst wissen, warum euch eure \u00dcbel mit ihrem Gewicht \u00fcberw\u00e4ltigen und wie der Fortschritt in sozialen K\u00e4mpfen siegt. Denn der Spiritismus kommt, um euch den Weg des Fortschritts zu offenbaren und euch zu erl\u00f6sen. Ohne dass irgendein Fanatismus den Verstand st\u00f6rt, ohne dass der Glaube des Gl\u00e4ubigen die Vernunft ihres Reiches beraubt, ohne jedes wundersame Geheimnis, das seinen gesunden Menschenverstand bedrohen w\u00fcrde.<\/p>\n\n\n\n<p class=\"has-black-color has-text-color has-link-color has-small-font-size wp-elements-67be3304cb9c6e571ee77e0846305944\">Ein durchdachtes Studium der gesunden Philosophie, eine t\u00e4gliche Auseinandersetzung mit der Gegenwart und der Vergangenheit. Aus jeder vollbrachten Tat erwartet euch die Konsequenz, und so k\u00f6nnt ihr die Fr\u00fcchte ernten, die ihr euch w\u00fcnscht, von den Verbrechen, die ihr s\u00e4t, werdet ihr Rechenschaft ablegen m\u00fcssen. Wer von euch in heiliger Selbstverleugnung bis zum Opfer geht und die furchtbare Versuchung vom Abgrund abwendet, wer in wahnwitzigem Eigensinn mit Gewalt zu finden sucht, was er nicht finden kann, weil er nie Gutes ges\u00e4t hat, indem er als St\u00fctze dient, wie viel Fortschritt k\u00f6nnt ihr machen!<\/p>\n\n\n\n<p class=\"has-black-color has-text-color has-link-color has-small-font-size wp-elements-f1cf640f962f2f7676f4bd8fee4349a0\">Wie man s\u00e4t, so erntet man, das ist das Leben; mehr gibt es nicht; bei deinem Schritt wirst du finden, was du zu einem anderen Zeitpunkt getan hast. Hast du Verdacht gesch\u00f6pft? Der Verdacht wird dir folgen, hast du verleumdet? Um zu leiden, wirst du die Verleumdung eines anderen erleiden; jeder bildet das Gestell, auf dem er lebt, indem er stirbt. Es ist keine einzige Existenz, in der die Seele wankt, ihr Organismus wird vernichtet, aber nicht ihre Intelligenz, die, indem sie Erfahrungen sammelt, Inkarnationen annimmt, und den Zivilisationen ihren Beistand leistet, und arbeitend und k\u00e4mpfend \u00fcberwindet sie ihre Leidenschaften.<\/p>\n\n\n\n<p class=\"has-black-color has-text-color has-link-color has-small-font-size wp-elements-53d47d82a52634da4c38040556cfaa63\">Dies ist die Wahrheit, dies ist die Wahrheit, Erl\u00f6se dich! Das ist Spiritismus, Hafen der Menschheit! Das ist die sch\u00f6ne Gleichheit, von der alle tr\u00e4umten; aber alle waren im Wahn, weil sie in ihren Tr\u00e4umen nicht sahen, dass diejenigen, die um ihr Leben k\u00e4mpften, niemals gleich waren. Das ist die edle Mission des Spiritismus: dem Menschen zu sagen: Du selbst wirst deine Erl\u00f6sung erreichen; keine Religion, keine soziale Ver\u00e4nderung wird dir dein \u00dcbel abnehmen, nicht ein einziges Atom seines Gewichts; dein Fortschritt ist dein eigenes Werk, und der universelle Fortschritt!<\/p>\n\n\n\n<p class=\"has-black-color has-text-color has-link-color has-small-font-size wp-elements-d6d30a24092b9316abe9fff8f5eb81d9\"><em>Amalia Domingo Soler<\/em><\/p>\n<\/div><\/div>","protected":false},"excerpt":{"rendered":"<p>La Misi\u00f3n del Espiritismo No viene el Espiritismo a derribar templo alguno, ni a conquistar uno a uno fieles del catolicismo; que entonces har\u00eda lo mismo que las dem\u00e1s religiones, que se disputan santones y milagrosas leyendas; canonj\u00edas y prebendas; cuentos y tradiciones. \u00a1Ah! No; est\u00e1 muy lejos de eso; porque la Escuela Espiritista, es [&hellip;]<\/p>","protected":false},"author":1,"featured_media":3757,"parent":0,"menu_order":0,"comment_status":"closed","ping_status":"closed","template":"","meta":{"_uag_custom_page_level_css":"","site-sidebar-layout":"default","site-content-layout":"","ast-site-content-layout":"default","site-content-style":"default","site-sidebar-style":"default","ast-global-header-display":"","ast-banner-title-visibility":"","ast-main-header-display":"","ast-hfb-above-header-display":"","ast-hfb-below-header-display":"","ast-hfb-mobile-header-display":"","site-post-title":"disabled","ast-breadcrumbs-content":"","ast-featured-img":"","footer-sml-layout":"","theme-transparent-header-meta":"","adv-header-id-meta":"","stick-header-meta":"","header-above-stick-meta":"","header-main-stick-meta":"","header-below-stick-meta":"","astra-migrate-meta-layouts":"set","ast-page-background-enabled":"default","ast-page-background-meta":{"desktop":{"background-color":"var(--ast-global-color-4)","background-image":"","background-repeat":"repeat","background-position":"center center","background-size":"auto","background-attachment":"scroll","background-type":"","background-media":"","overlay-type":"","overlay-color":"","overlay-opacity":"","overlay-gradient":""},"tablet":{"background-color":"","background-image":"","background-repeat":"repeat","background-position":"center center","background-size":"auto","background-attachment":"scroll","background-type":"","background-media":"","overlay-type":"","overlay-color":"","overlay-opacity":"","overlay-gradient":""},"mobile":{"background-color":"","background-image":"","background-repeat":"repeat","background-position":"center center","background-size":"auto","background-attachment":"scroll","background-type":"","background-media":"","overlay-type":"","overlay-color":"","overlay-opacity":"","overlay-gradient":""}},"ast-content-background-meta":{"desktop":{"background-color":"var(--ast-global-color-5)","background-image":"","background-repeat":"repeat","background-position":"center center","background-size":"auto","background-attachment":"scroll","background-type":"","background-media":"","overlay-type":"","overlay-color":"","overlay-opacity":"","overlay-gradient":""},"tablet":{"background-color":"var(--ast-global-color-5)","background-image":"","background-repeat":"repeat","background-position":"center center","background-size":"auto","background-attachment":"scroll","background-type":"","background-media":"","overlay-type":"","overlay-color":"","overlay-opacity":"","overlay-gradient":""},"mobile":{"background-color":"var(--ast-global-color-5)","background-image":"","background-repeat":"repeat","background-position":"center center","background-size":"auto","background-attachment":"scroll","background-type":"","background-media":"","overlay-type":"","overlay-color":"","overlay-opacity":"","overlay-gradient":""}},"footnotes":""},"class_list":["post-3756","page","type-page","status-publish","has-post-thumbnail","hentry"],"yoast_head":"<!-- This site is optimized with the Yoast SEO Premium plugin v24.2 (Yoast SEO v24.6) - https:\/\/yoast.com\/wordpress\/plugins\/seo\/ -->\n<title>La Misi\u00f3n del Espiritismo - Uni\u00f3n Esp\u00edrita<\/title>\n<meta name=\"robots\" content=\"index, follow, max-snippet:-1, max-image-preview:large, max-video-preview:-1\" \/>\n<link rel=\"canonical\" href=\"https:\/\/nuevo-renacer.com\/de\/la-mision-del-espiritismo\/\" \/>\n<meta property=\"og:locale\" content=\"de_DE\" \/>\n<meta property=\"og:type\" content=\"article\" \/>\n<meta property=\"og:title\" content=\"La Misi\u00f3n del Espiritismo\" \/>\n<meta property=\"og:description\" content=\"La Misi\u00f3n del Espiritismo No viene el Espiritismo a derribar templo alguno, ni a conquistar uno a uno fieles del catolicismo; que entonces har\u00eda lo mismo que las dem\u00e1s religiones, que se disputan santones y milagrosas leyendas; canonj\u00edas y prebendas; cuentos y tradiciones. \u00a1Ah! No; est\u00e1 muy lejos de eso; porque la Escuela Espiritista, es [&hellip;]\" \/>\n<meta property=\"og:url\" content=\"https:\/\/nuevo-renacer.com\/de\/la-mision-del-espiritismo\/\" \/>\n<meta property=\"og:site_name\" content=\"Uni\u00f3n Esp\u00edrita\" \/>\n<meta property=\"article:publisher\" content=\"https:\/\/www.facebook.com\/groups\/3431398063740829\" \/>\n<meta property=\"article:modified_time\" content=\"2025-10-21T12:56:21+00:00\" \/>\n<meta property=\"og:image\" content=\"https:\/\/nuevo-renacer.com\/wp-content\/uploads\/2024\/07\/1000_F_144195189_OrmBsEtnJ5fyODQgeqEpfmisrwOGasIo.jpg\" \/>\n\t<meta property=\"og:image:width\" content=\"1000\" \/>\n\t<meta property=\"og:image:height\" content=\"500\" \/>\n\t<meta property=\"og:image:type\" content=\"image\/jpeg\" \/>\n<meta name=\"twitter:card\" content=\"summary_large_image\" \/>\n<meta name=\"twitter:label1\" content=\"Gesch\u00e4tzte Lesezeit\" \/>\n\t<meta name=\"twitter:data1\" content=\"6\u00a0Minuten\" \/>\n<script type=\"application\/ld+json\" class=\"yoast-schema-graph\">{\"@context\":\"https:\/\/schema.org\",\"@graph\":[{\"@type\":\"WebPage\",\"@id\":\"https:\/\/nuevo-renacer.com\/la-mision-del-espiritismo\/\",\"url\":\"https:\/\/nuevo-renacer.com\/la-mision-del-espiritismo\/\",\"name\":\"La Misi\u00f3n del Espiritismo - Uni\u00f3n Esp\u00edrita\",\"isPartOf\":{\"@id\":\"https:\/\/nuevo-renacer.com\/#website\"},\"primaryImageOfPage\":{\"@id\":\"https:\/\/nuevo-renacer.com\/la-mision-del-espiritismo\/#primaryimage\"},\"image\":{\"@id\":\"https:\/\/nuevo-renacer.com\/la-mision-del-espiritismo\/#primaryimage\"},\"thumbnailUrl\":\"https:\/\/nuevo-renacer.com\/wp-content\/uploads\/2024\/07\/1000_F_144195189_OrmBsEtnJ5fyODQgeqEpfmisrwOGasIo.jpg\",\"datePublished\":\"2024-07-15T06:27:23+00:00\",\"dateModified\":\"2025-10-21T12:56:21+00:00\",\"breadcrumb\":{\"@id\":\"https:\/\/nuevo-renacer.com\/la-mision-del-espiritismo\/#breadcrumb\"},\"inLanguage\":\"de\",\"potentialAction\":[{\"@type\":\"ReadAction\",\"target\":[\"https:\/\/nuevo-renacer.com\/la-mision-del-espiritismo\/\"]}]},{\"@type\":\"ImageObject\",\"inLanguage\":\"de\",\"@id\":\"https:\/\/nuevo-renacer.com\/la-mision-del-espiritismo\/#primaryimage\",\"url\":\"https:\/\/nuevo-renacer.com\/wp-content\/uploads\/2024\/07\/1000_F_144195189_OrmBsEtnJ5fyODQgeqEpfmisrwOGasIo.jpg\",\"contentUrl\":\"https:\/\/nuevo-renacer.com\/wp-content\/uploads\/2024\/07\/1000_F_144195189_OrmBsEtnJ5fyODQgeqEpfmisrwOGasIo.jpg\",\"width\":1000,\"height\":500},{\"@type\":\"BreadcrumbList\",\"@id\":\"https:\/\/nuevo-renacer.com\/la-mision-del-espiritismo\/#breadcrumb\",\"itemListElement\":[{\"@type\":\"ListItem\",\"position\":1,\"name\":\"Startseite\",\"item\":\"https:\/\/nuevo-renacer.com\/\"},{\"@type\":\"ListItem\",\"position\":2,\"name\":\"La Misi\u00f3n del Espiritismo\"}]},{\"@type\":\"WebSite\",\"@id\":\"https:\/\/nuevo-renacer.com\/#website\",\"url\":\"https:\/\/nuevo-renacer.com\/\",\"name\":\"Uni\u00f3n Esp\u00edrita\",\"description\":\"Nuevo Renacer\",\"publisher\":{\"@id\":\"https:\/\/nuevo-renacer.com\/#organization\"},\"potentialAction\":[{\"@type\":\"SearchAction\",\"target\":{\"@type\":\"EntryPoint\",\"urlTemplate\":\"https:\/\/nuevo-renacer.com\/?s={search_term_string}\"},\"query-input\":{\"@type\":\"PropertyValueSpecification\",\"valueRequired\":true,\"valueName\":\"search_term_string\"}}],\"inLanguage\":\"de\"},{\"@type\":\"Organization\",\"@id\":\"https:\/\/nuevo-renacer.com\/#organization\",\"name\":\"UFEC\",\"url\":\"https:\/\/nuevo-renacer.com\/\",\"logo\":{\"@type\":\"ImageObject\",\"inLanguage\":\"de\",\"@id\":\"https:\/\/nuevo-renacer.com\/#\/schema\/logo\/image\/\",\"url\":\"https:\/\/nuevo-renacer.com\/wp-content\/uploads\/2024\/05\/cropped-LOGO-TERMINADO1-3-3.png\",\"contentUrl\":\"https:\/\/nuevo-renacer.com\/wp-content\/uploads\/2024\/05\/cropped-LOGO-TERMINADO1-3-3.png\",\"width\":512,\"height\":512,\"caption\":\"UFEC\"},\"image\":{\"@id\":\"https:\/\/nuevo-renacer.com\/#\/schema\/logo\/image\/\"},\"sameAs\":[\"https:\/\/www.facebook.com\/groups\/3431398063740829\"]}]}<\/script>\n<!-- \/ Yoast SEO Premium plugin. -->","yoast_head_json":{"title":"La Misi\u00f3n del Espiritismo - Uni\u00f3n Esp\u00edrita","robots":{"index":"index","follow":"follow","max-snippet":"max-snippet:-1","max-image-preview":"max-image-preview:large","max-video-preview":"max-video-preview:-1"},"canonical":"https:\/\/nuevo-renacer.com\/de\/la-mision-del-espiritismo\/","og_locale":"de_DE","og_type":"article","og_title":"La Misi\u00f3n del Espiritismo","og_description":"La Misi\u00f3n del Espiritismo No viene el Espiritismo a derribar templo alguno, ni a conquistar uno a uno fieles del catolicismo; que entonces har\u00eda lo mismo que las dem\u00e1s religiones, que se disputan santones y milagrosas leyendas; canonj\u00edas y prebendas; cuentos y tradiciones. \u00a1Ah! No; est\u00e1 muy lejos de eso; porque la Escuela Espiritista, es [&hellip;]","og_url":"https:\/\/nuevo-renacer.com\/de\/la-mision-del-espiritismo\/","og_site_name":"Uni\u00f3n Esp\u00edrita","article_publisher":"https:\/\/www.facebook.com\/groups\/3431398063740829","article_modified_time":"2025-10-21T12:56:21+00:00","og_image":[{"width":1000,"height":500,"url":"https:\/\/nuevo-renacer.com\/wp-content\/uploads\/2024\/07\/1000_F_144195189_OrmBsEtnJ5fyODQgeqEpfmisrwOGasIo.jpg","type":"image\/jpeg"}],"twitter_card":"summary_large_image","twitter_misc":{"Gesch\u00e4tzte Lesezeit":"6\u00a0Minuten"},"schema":{"@context":"https:\/\/schema.org","@graph":[{"@type":"WebPage","@id":"https:\/\/nuevo-renacer.com\/la-mision-del-espiritismo\/","url":"https:\/\/nuevo-renacer.com\/la-mision-del-espiritismo\/","name":"La Misi\u00f3n del Espiritismo - Uni\u00f3n Esp\u00edrita","isPartOf":{"@id":"https:\/\/nuevo-renacer.com\/#website"},"primaryImageOfPage":{"@id":"https:\/\/nuevo-renacer.com\/la-mision-del-espiritismo\/#primaryimage"},"image":{"@id":"https:\/\/nuevo-renacer.com\/la-mision-del-espiritismo\/#primaryimage"},"thumbnailUrl":"https:\/\/nuevo-renacer.com\/wp-content\/uploads\/2024\/07\/1000_F_144195189_OrmBsEtnJ5fyODQgeqEpfmisrwOGasIo.jpg","datePublished":"2024-07-15T06:27:23+00:00","dateModified":"2025-10-21T12:56:21+00:00","breadcrumb":{"@id":"https:\/\/nuevo-renacer.com\/la-mision-del-espiritismo\/#breadcrumb"},"inLanguage":"de","potentialAction":[{"@type":"ReadAction","target":["https:\/\/nuevo-renacer.com\/la-mision-del-espiritismo\/"]}]},{"@type":"ImageObject","inLanguage":"de","@id":"https:\/\/nuevo-renacer.com\/la-mision-del-espiritismo\/#primaryimage","url":"https:\/\/nuevo-renacer.com\/wp-content\/uploads\/2024\/07\/1000_F_144195189_OrmBsEtnJ5fyODQgeqEpfmisrwOGasIo.jpg","contentUrl":"https:\/\/nuevo-renacer.com\/wp-content\/uploads\/2024\/07\/1000_F_144195189_OrmBsEtnJ5fyODQgeqEpfmisrwOGasIo.jpg","width":1000,"height":500},{"@type":"BreadcrumbList","@id":"https:\/\/nuevo-renacer.com\/la-mision-del-espiritismo\/#breadcrumb","itemListElement":[{"@type":"ListItem","position":1,"name":"Startseite","item":"https:\/\/nuevo-renacer.com\/"},{"@type":"ListItem","position":2,"name":"La Misi\u00f3n del Espiritismo"}]},{"@type":"WebSite","@id":"https:\/\/nuevo-renacer.com\/#website","url":"https:\/\/nuevo-renacer.com\/","name":"Uni\u00f3n Esp\u00edrita","description":"Nuevo Renacer","publisher":{"@id":"https:\/\/nuevo-renacer.com\/#organization"},"potentialAction":[{"@type":"SearchAction","target":{"@type":"EntryPoint","urlTemplate":"https:\/\/nuevo-renacer.com\/?s={search_term_string}"},"query-input":{"@type":"PropertyValueSpecification","valueRequired":true,"valueName":"search_term_string"}}],"inLanguage":"de"},{"@type":"Organization","@id":"https:\/\/nuevo-renacer.com\/#organization","name":"UFEC","url":"https:\/\/nuevo-renacer.com\/","logo":{"@type":"ImageObject","inLanguage":"de","@id":"https:\/\/nuevo-renacer.com\/#\/schema\/logo\/image\/","url":"https:\/\/nuevo-renacer.com\/wp-content\/uploads\/2024\/05\/cropped-LOGO-TERMINADO1-3-3.png","contentUrl":"https:\/\/nuevo-renacer.com\/wp-content\/uploads\/2024\/05\/cropped-LOGO-TERMINADO1-3-3.png","width":512,"height":512,"caption":"UFEC"},"image":{"@id":"https:\/\/nuevo-renacer.com\/#\/schema\/logo\/image\/"},"sameAs":["https:\/\/www.facebook.com\/groups\/3431398063740829"]}]}},"uagb_featured_image_src":{"full":["https:\/\/nuevo-renacer.com\/wp-content\/uploads\/2024\/07\/1000_F_144195189_OrmBsEtnJ5fyODQgeqEpfmisrwOGasIo.jpg",1000,500,false],"thumbnail":["https:\/\/nuevo-renacer.com\/wp-content\/uploads\/2024\/07\/1000_F_144195189_OrmBsEtnJ5fyODQgeqEpfmisrwOGasIo-150x150.jpg",150,150,true],"medium":["https:\/\/nuevo-renacer.com\/wp-content\/uploads\/2024\/07\/1000_F_144195189_OrmBsEtnJ5fyODQgeqEpfmisrwOGasIo-300x150.jpg",300,150,true],"medium_large":["https:\/\/nuevo-renacer.com\/wp-content\/uploads\/2024\/07\/1000_F_144195189_OrmBsEtnJ5fyODQgeqEpfmisrwOGasIo-768x384.jpg",768,384,true],"large":["https:\/\/nuevo-renacer.com\/wp-content\/uploads\/2024\/07\/1000_F_144195189_OrmBsEtnJ5fyODQgeqEpfmisrwOGasIo.jpg",1000,500,false],"1536x1536":["https:\/\/nuevo-renacer.com\/wp-content\/uploads\/2024\/07\/1000_F_144195189_OrmBsEtnJ5fyODQgeqEpfmisrwOGasIo.jpg",1000,500,false],"2048x2048":["https:\/\/nuevo-renacer.com\/wp-content\/uploads\/2024\/07\/1000_F_144195189_OrmBsEtnJ5fyODQgeqEpfmisrwOGasIo.jpg",1000,500,false],"trp-custom-language-flag":["https:\/\/nuevo-renacer.com\/wp-content\/uploads\/2024\/07\/1000_F_144195189_OrmBsEtnJ5fyODQgeqEpfmisrwOGasIo-18x9.jpg",18,9,true]},"uagb_author_info":{"display_name":"adbv0","author_link":"https:\/\/nuevo-renacer.com\/de\/author\/adbv0\/"},"uagb_comment_info":0,"uagb_excerpt":"La Misi\u00f3n del Espiritismo No viene el Espiritismo a derribar templo alguno, ni a conquistar uno a uno fieles del catolicismo; que entonces har\u00eda lo mismo que las dem\u00e1s religiones, que se disputan santones y milagrosas leyendas; canonj\u00edas y prebendas; cuentos y tradiciones. \u00a1Ah! No; est\u00e1 muy lejos de eso; porque la Escuela Espiritista, es&hellip;","jetpack_sharing_enabled":true,"_links":{"self":[{"href":"https:\/\/nuevo-renacer.com\/de\/wp-json\/wp\/v2\/pages\/3756","targetHints":{"allow":["GET"]}}],"collection":[{"href":"https:\/\/nuevo-renacer.com\/de\/wp-json\/wp\/v2\/pages"}],"about":[{"href":"https:\/\/nuevo-renacer.com\/de\/wp-json\/wp\/v2\/types\/page"}],"author":[{"embeddable":true,"href":"https:\/\/nuevo-renacer.com\/de\/wp-json\/wp\/v2\/users\/1"}],"replies":[{"embeddable":true,"href":"https:\/\/nuevo-renacer.com\/de\/wp-json\/wp\/v2\/comments?post=3756"}],"version-history":[{"count":2,"href":"https:\/\/nuevo-renacer.com\/de\/wp-json\/wp\/v2\/pages\/3756\/revisions"}],"predecessor-version":[{"id":8571,"href":"https:\/\/nuevo-renacer.com\/de\/wp-json\/wp\/v2\/pages\/3756\/revisions\/8571"}],"wp:featuredmedia":[{"embeddable":true,"href":"https:\/\/nuevo-renacer.com\/de\/wp-json\/wp\/v2\/media\/3757"}],"wp:attachment":[{"href":"https:\/\/nuevo-renacer.com\/de\/wp-json\/wp\/v2\/media?parent=3756"}],"curies":[{"name":"wp","href":"https:\/\/api.w.org\/{rel}","templated":true}]}}