{"id":3737,"date":"2024-07-12T09:17:06","date_gmt":"2024-07-12T09:17:06","guid":{"rendered":"https:\/\/ufec-mundial.com\/?page_id=3737"},"modified":"2024-07-12T09:17:08","modified_gmt":"2024-07-12T09:17:08","slug":"la-luz-de-la-razon-y-el-poder-de-la-fe","status":"publish","type":"page","link":"https:\/\/nuevo-renacer.com\/de\/la-luz-de-la-razon-y-el-poder-de-la-fe\/","title":{"rendered":"Das Licht der Vernunft und die Kraft des Glaubens"},"content":{"rendered":"<div class=\"wp-block-uagb-container uagb-block-69290ff2 alignfull uagb-is-root-container\"><div class=\"uagb-container-inner-blocks-wrap\">\n<p class=\"has-black-color has-text-color has-link-color has-medium-font-size wp-elements-60e9edd9d5dfb952aec5e5ac765f98a0\"><strong>Das Licht der Vernunft und die Kraft des Glaubens<\/strong><\/p>\n<\/div><\/div>\n\n\n\n<div class=\"wp-block-uagb-container uagb-block-1ff8a3a4 alignfull uagb-is-root-container\"><div class=\"uagb-container-inner-blocks-wrap\">\n<figure class=\"wp-block-image size-full is-resized\"><img fetchpriority=\"high\" decoding=\"async\" width=\"960\" height=\"548\" src=\"https:\/\/ufec-mundial.com\/wp-content\/uploads\/2024\/07\/ai-generated-8580726_960_720.jpg\" alt=\"\" class=\"wp-image-3738\" style=\"width:410px;height:auto\" srcset=\"https:\/\/nuevo-renacer.com\/wp-content\/uploads\/2024\/07\/ai-generated-8580726_960_720.jpg 960w, https:\/\/nuevo-renacer.com\/wp-content\/uploads\/2024\/07\/ai-generated-8580726_960_720-300x171.jpg 300w, https:\/\/nuevo-renacer.com\/wp-content\/uploads\/2024\/07\/ai-generated-8580726_960_720-768x438.jpg 768w, https:\/\/nuevo-renacer.com\/wp-content\/uploads\/2024\/07\/ai-generated-8580726_960_720-18x10.jpg 18w\" sizes=\"(max-width: 960px) 100vw, 960px\" \/><\/figure>\n<\/div><\/div>\n\n\n\n<div class=\"wp-block-uagb-container uagb-block-bd01822a alignfull uagb-is-root-container\"><div class=\"uagb-container-inner-blocks-wrap\">\n<p class=\"has-black-color has-text-color has-link-color has-small-font-size wp-elements-6a88a58d01e94d9dd58acd4d3f8f9c4d\">Die religi\u00f6se Vorstellung, dass der Glaube eine besondere Gnade ist, die Gott den Gl\u00e4ubigen einer bestimmten Religion gew\u00e4hrt, geh\u00f6rt der Vergangenheit an. Dieses Konzept l\u00e4uft auf eine zutiefst ungerechte Auslegung der g\u00f6ttlichen Gerechtigkeit hinaus. Der Glaube ist zweifellos eine Gabe, aber die Gabe Gottes ist immer universell, sie wird nie nach dem engen Ma\u00dfstab der Menschen verarbeitet. Gott ist der Sch\u00f6pfer und wir sind seine Gesch\u00f6pfe. Das hei\u00dft, Gott ist der Vater und wir sind seine Kinder. Wie k\u00f6nnte der H\u00f6chste Vater, der die Quelle aller Liebe, aller Barmherzigkeit ist, nur einigen seiner Kinder die grundlegende Gabe des Glaubens gew\u00e4hren, ohne die der Mensch nicht zu ihm aufsteigen kann?<\/p>\n\n\n\n<p class=\"has-black-color has-text-color has-link-color has-small-font-size wp-elements-f9d8fe153d36e18871a673d84c2974ae\">Das Konzept des Glaubens, das vom Spiritismus eingef\u00fchrt wurde, stellt das Problem klar und deutlich dar. Der Glaube ist eine nat\u00fcrliche Gabe, die im Herzen aller menschlichen Gesch\u00f6pfe vorhanden ist. Wie die Liebe, die wir alle im Keim in uns tragen, muss der Glaube in unseren Herzen keimen und von uns im Licht der Vernunft gepflegt werden. Der Glaube ist uns also wie ein Samenkorn gegeben, aber wir m\u00fcssen ihn kultivieren und entwickeln. In diesem Sinne wird der Glaube zu einer Eroberung, die wir im Leben machen m\u00fcssen. M\u00fcssen nicht auch alle unsere F\u00e4higkeiten kultiviert werden? Der Glaube ist eine F\u00e4higkeit der Seele, des Geistes, und es liegt an uns, sie in uns zu entwickeln.<\/p>\n\n\n\n<p class=\"has-black-color has-text-color has-link-color has-small-font-size wp-elements-086b6ea2c6a5dea78c2c437ab1fe1e09\">Glaube und Vernunft sind miteinander verbunden wie die Sonne und die Erde. Die Vernunft ist die geistige Sonne, die unseren Verstand erhellt und die Dunkelheit und K\u00e4lte der Unwissenheit und des Aberglaubens vertreibt, um uns das Licht des Verstandes und die W\u00e4rme des Lebens zu schenken. Ein Mensch ohne Glauben ist in sich selbst tot, er ist sein eigenes Grab. Aber es gen\u00fcgt ihm, das Licht der Vernunft zu entz\u00fcnden, um sich vom Tod und vom Grab zu befreien, um wie Lazarus bei der Stimme des Messias aufzuerstehen.<\/p>\n\n\n\n<p class=\"has-black-color has-text-color has-link-color has-small-font-size wp-elements-b8a345847bd9bedaf7d80c23f260b05b\">Der Materialist, der Atheist, der Ungl\u00e4ubige, vertraut wirklich auf sich selbst, glaubt an seine eigene Kraft. Er ist wie der Fisch in der Tiefe, der das Wasser zu beherrschen wei\u00df, aber das Licht der Sonne noch nicht kennt. Der menschliche Glaube, der ihn in den t\u00e4glichen K\u00e4mpfen des Lebens tr\u00e4gt, wird sich dem g\u00f6ttlichen Glauben \u00f6ffnen, der ihm den Glanz der Sterne zeigen wird. Das Licht der Vernunft wird, wie das Sonnenlicht, die Kraft des Glaubens in seinem Herzen keimen und wachsen lassen. Keiner ist verloren, keiner ist f\u00fcr immer verdammt. Die Gerechtigkeit Gottes erf\u00fcllt sich in unserem Innersten, weil Gott in uns ist, in uns gegenw\u00e4rtig in der Barmherzigkeit seiner Gesetze.<\/p>\n<\/div><\/div>","protected":false},"excerpt":{"rendered":"<p>La Luz de la Raz\u00f3n y el poder de la fe El concepto religioso de la Fe como gracia especial, concedida por Dios a los creyentes de una determinada religi\u00f3n, pertenece al pasado. Ese concepto equivale a una interpretaci\u00f3n profundamente injusta de la Justicia Divina. La Fe es un don, sin duda, pero la donaci\u00f3n [&hellip;]<\/p>","protected":false},"author":1,"featured_media":3738,"parent":0,"menu_order":0,"comment_status":"closed","ping_status":"closed","template":"","meta":{"_uag_custom_page_level_css":"","site-sidebar-layout":"default","site-content-layout":"","ast-site-content-layout":"default","site-content-style":"default","site-sidebar-style":"default","ast-global-header-display":"","ast-banner-title-visibility":"","ast-main-header-display":"","ast-hfb-above-header-display":"","ast-hfb-below-header-display":"","ast-hfb-mobile-header-display":"","site-post-title":"disabled","ast-breadcrumbs-content":"","ast-featured-img":"","footer-sml-layout":"","theme-transparent-header-meta":"","adv-header-id-meta":"","stick-header-meta":"","header-above-stick-meta":"","header-main-stick-meta":"","header-below-stick-meta":"","astra-migrate-meta-layouts":"set","ast-page-background-enabled":"default","ast-page-background-meta":{"desktop":{"background-color":"var(--ast-global-color-4)","background-image":"","background-repeat":"repeat","background-position":"center center","background-size":"auto","background-attachment":"scroll","background-type":"","background-media":"","overlay-type":"","overlay-color":"","overlay-opacity":"","overlay-gradient":""},"tablet":{"background-color":"","background-image":"","background-repeat":"repeat","background-position":"center center","background-size":"auto","background-attachment":"scroll","background-type":"","background-media":"","overlay-type":"","overlay-color":"","overlay-opacity":"","overlay-gradient":""},"mobile":{"background-color":"","background-image":"","background-repeat":"repeat","background-position":"center center","background-size":"auto","background-attachment":"scroll","background-type":"","background-media":"","overlay-type":"","overlay-color":"","overlay-opacity":"","overlay-gradient":""}},"ast-content-background-meta":{"desktop":{"background-color":"var(--ast-global-color-5)","background-image":"","background-repeat":"repeat","background-position":"center center","background-size":"auto","background-attachment":"scroll","background-type":"","background-media":"","overlay-type":"","overlay-color":"","overlay-opacity":"","overlay-gradient":""},"tablet":{"background-color":"var(--ast-global-color-5)","background-image":"","background-repeat":"repeat","background-position":"center center","background-size":"auto","background-attachment":"scroll","background-type":"","background-media":"","overlay-type":"","overlay-color":"","overlay-opacity":"","overlay-gradient":""},"mobile":{"background-color":"var(--ast-global-color-5)","background-image":"","background-repeat":"repeat","background-position":"center center","background-size":"auto","background-attachment":"scroll","background-type":"","background-media":"","overlay-type":"","overlay-color":"","overlay-opacity":"","overlay-gradient":""}},"footnotes":""},"class_list":["post-3737","page","type-page","status-publish","has-post-thumbnail","hentry"],"yoast_head":"<!-- This site is optimized with the Yoast SEO Premium plugin v24.2 (Yoast SEO v24.6) - https:\/\/yoast.com\/wordpress\/plugins\/seo\/ -->\n<title>La Luz de la Raz\u00f3n y el poder de la fe - Uni\u00f3n Esp\u00edrita<\/title>\n<meta name=\"robots\" content=\"index, follow, max-snippet:-1, max-image-preview:large, max-video-preview:-1\" \/>\n<link rel=\"canonical\" href=\"https:\/\/nuevo-renacer.com\/de\/la-luz-de-la-razon-y-el-poder-de-la-fe\/\" \/>\n<meta property=\"og:locale\" content=\"de_DE\" \/>\n<meta property=\"og:type\" content=\"article\" \/>\n<meta property=\"og:title\" content=\"La Luz de la Raz\u00f3n y el poder de la fe\" \/>\n<meta property=\"og:description\" content=\"La Luz de la Raz\u00f3n y el poder de la fe El concepto religioso de la Fe como gracia especial, concedida por Dios a los creyentes de una determinada religi\u00f3n, pertenece al pasado. Ese concepto equivale a una interpretaci\u00f3n profundamente injusta de la Justicia Divina. La Fe es un don, sin duda, pero la donaci\u00f3n [&hellip;]\" \/>\n<meta property=\"og:url\" content=\"https:\/\/nuevo-renacer.com\/de\/la-luz-de-la-razon-y-el-poder-de-la-fe\/\" \/>\n<meta property=\"og:site_name\" content=\"Uni\u00f3n Esp\u00edrita\" \/>\n<meta property=\"article:publisher\" content=\"https:\/\/www.facebook.com\/groups\/3431398063740829\" \/>\n<meta property=\"article:modified_time\" content=\"2024-07-12T09:17:08+00:00\" \/>\n<meta property=\"og:image\" content=\"https:\/\/nuevo-renacer.com\/wp-content\/uploads\/2024\/07\/ai-generated-8580726_960_720.jpg\" \/>\n\t<meta property=\"og:image:width\" content=\"960\" \/>\n\t<meta property=\"og:image:height\" content=\"548\" \/>\n\t<meta property=\"og:image:type\" content=\"image\/jpeg\" \/>\n<meta name=\"twitter:card\" content=\"summary_large_image\" \/>\n<meta name=\"twitter:label1\" content=\"Gesch\u00e4tzte Lesezeit\" \/>\n\t<meta name=\"twitter:data1\" content=\"2\u00a0Minuten\" \/>\n<script type=\"application\/ld+json\" class=\"yoast-schema-graph\">{\"@context\":\"https:\/\/schema.org\",\"@graph\":[{\"@type\":\"WebPage\",\"@id\":\"https:\/\/nuevo-renacer.com\/la-luz-de-la-razon-y-el-poder-de-la-fe\/\",\"url\":\"https:\/\/nuevo-renacer.com\/la-luz-de-la-razon-y-el-poder-de-la-fe\/\",\"name\":\"La Luz de la Raz\u00f3n y el poder de la fe - Uni\u00f3n Esp\u00edrita\",\"isPartOf\":{\"@id\":\"https:\/\/nuevo-renacer.com\/#website\"},\"primaryImageOfPage\":{\"@id\":\"https:\/\/nuevo-renacer.com\/la-luz-de-la-razon-y-el-poder-de-la-fe\/#primaryimage\"},\"image\":{\"@id\":\"https:\/\/nuevo-renacer.com\/la-luz-de-la-razon-y-el-poder-de-la-fe\/#primaryimage\"},\"thumbnailUrl\":\"https:\/\/nuevo-renacer.com\/wp-content\/uploads\/2024\/07\/ai-generated-8580726_960_720.jpg\",\"datePublished\":\"2024-07-12T09:17:06+00:00\",\"dateModified\":\"2024-07-12T09:17:08+00:00\",\"breadcrumb\":{\"@id\":\"https:\/\/nuevo-renacer.com\/la-luz-de-la-razon-y-el-poder-de-la-fe\/#breadcrumb\"},\"inLanguage\":\"de\",\"potentialAction\":[{\"@type\":\"ReadAction\",\"target\":[\"https:\/\/nuevo-renacer.com\/la-luz-de-la-razon-y-el-poder-de-la-fe\/\"]}]},{\"@type\":\"ImageObject\",\"inLanguage\":\"de\",\"@id\":\"https:\/\/nuevo-renacer.com\/la-luz-de-la-razon-y-el-poder-de-la-fe\/#primaryimage\",\"url\":\"https:\/\/nuevo-renacer.com\/wp-content\/uploads\/2024\/07\/ai-generated-8580726_960_720.jpg\",\"contentUrl\":\"https:\/\/nuevo-renacer.com\/wp-content\/uploads\/2024\/07\/ai-generated-8580726_960_720.jpg\",\"width\":960,\"height\":548},{\"@type\":\"BreadcrumbList\",\"@id\":\"https:\/\/nuevo-renacer.com\/la-luz-de-la-razon-y-el-poder-de-la-fe\/#breadcrumb\",\"itemListElement\":[{\"@type\":\"ListItem\",\"position\":1,\"name\":\"Startseite\",\"item\":\"https:\/\/nuevo-renacer.com\/\"},{\"@type\":\"ListItem\",\"position\":2,\"name\":\"La Luz de la Raz\u00f3n y el poder de la fe\"}]},{\"@type\":\"WebSite\",\"@id\":\"https:\/\/nuevo-renacer.com\/#website\",\"url\":\"https:\/\/nuevo-renacer.com\/\",\"name\":\"Uni\u00f3n Esp\u00edrita\",\"description\":\"Nuevo Renacer\",\"publisher\":{\"@id\":\"https:\/\/nuevo-renacer.com\/#organization\"},\"potentialAction\":[{\"@type\":\"SearchAction\",\"target\":{\"@type\":\"EntryPoint\",\"urlTemplate\":\"https:\/\/nuevo-renacer.com\/?s={search_term_string}\"},\"query-input\":{\"@type\":\"PropertyValueSpecification\",\"valueRequired\":true,\"valueName\":\"search_term_string\"}}],\"inLanguage\":\"de\"},{\"@type\":\"Organization\",\"@id\":\"https:\/\/nuevo-renacer.com\/#organization\",\"name\":\"UFEC\",\"url\":\"https:\/\/nuevo-renacer.com\/\",\"logo\":{\"@type\":\"ImageObject\",\"inLanguage\":\"de\",\"@id\":\"https:\/\/nuevo-renacer.com\/#\/schema\/logo\/image\/\",\"url\":\"https:\/\/nuevo-renacer.com\/wp-content\/uploads\/2024\/05\/cropped-LOGO-TERMINADO1-3-3.png\",\"contentUrl\":\"https:\/\/nuevo-renacer.com\/wp-content\/uploads\/2024\/05\/cropped-LOGO-TERMINADO1-3-3.png\",\"width\":512,\"height\":512,\"caption\":\"UFEC\"},\"image\":{\"@id\":\"https:\/\/nuevo-renacer.com\/#\/schema\/logo\/image\/\"},\"sameAs\":[\"https:\/\/www.facebook.com\/groups\/3431398063740829\"]}]}<\/script>\n<!-- \/ Yoast SEO Premium plugin. -->","yoast_head_json":{"title":"La Luz de la Raz\u00f3n y el poder de la fe - Uni\u00f3n Esp\u00edrita","robots":{"index":"index","follow":"follow","max-snippet":"max-snippet:-1","max-image-preview":"max-image-preview:large","max-video-preview":"max-video-preview:-1"},"canonical":"https:\/\/nuevo-renacer.com\/de\/la-luz-de-la-razon-y-el-poder-de-la-fe\/","og_locale":"de_DE","og_type":"article","og_title":"La Luz de la Raz\u00f3n y el poder de la fe","og_description":"La Luz de la Raz\u00f3n y el poder de la fe El concepto religioso de la Fe como gracia especial, concedida por Dios a los creyentes de una determinada religi\u00f3n, pertenece al pasado. Ese concepto equivale a una interpretaci\u00f3n profundamente injusta de la Justicia Divina. La Fe es un don, sin duda, pero la donaci\u00f3n [&hellip;]","og_url":"https:\/\/nuevo-renacer.com\/de\/la-luz-de-la-razon-y-el-poder-de-la-fe\/","og_site_name":"Uni\u00f3n Esp\u00edrita","article_publisher":"https:\/\/www.facebook.com\/groups\/3431398063740829","article_modified_time":"2024-07-12T09:17:08+00:00","og_image":[{"width":960,"height":548,"url":"https:\/\/nuevo-renacer.com\/wp-content\/uploads\/2024\/07\/ai-generated-8580726_960_720.jpg","type":"image\/jpeg"}],"twitter_card":"summary_large_image","twitter_misc":{"Gesch\u00e4tzte Lesezeit":"2\u00a0Minuten"},"schema":{"@context":"https:\/\/schema.org","@graph":[{"@type":"WebPage","@id":"https:\/\/nuevo-renacer.com\/la-luz-de-la-razon-y-el-poder-de-la-fe\/","url":"https:\/\/nuevo-renacer.com\/la-luz-de-la-razon-y-el-poder-de-la-fe\/","name":"La Luz de la Raz\u00f3n y el poder de la fe - Uni\u00f3n Esp\u00edrita","isPartOf":{"@id":"https:\/\/nuevo-renacer.com\/#website"},"primaryImageOfPage":{"@id":"https:\/\/nuevo-renacer.com\/la-luz-de-la-razon-y-el-poder-de-la-fe\/#primaryimage"},"image":{"@id":"https:\/\/nuevo-renacer.com\/la-luz-de-la-razon-y-el-poder-de-la-fe\/#primaryimage"},"thumbnailUrl":"https:\/\/nuevo-renacer.com\/wp-content\/uploads\/2024\/07\/ai-generated-8580726_960_720.jpg","datePublished":"2024-07-12T09:17:06+00:00","dateModified":"2024-07-12T09:17:08+00:00","breadcrumb":{"@id":"https:\/\/nuevo-renacer.com\/la-luz-de-la-razon-y-el-poder-de-la-fe\/#breadcrumb"},"inLanguage":"de","potentialAction":[{"@type":"ReadAction","target":["https:\/\/nuevo-renacer.com\/la-luz-de-la-razon-y-el-poder-de-la-fe\/"]}]},{"@type":"ImageObject","inLanguage":"de","@id":"https:\/\/nuevo-renacer.com\/la-luz-de-la-razon-y-el-poder-de-la-fe\/#primaryimage","url":"https:\/\/nuevo-renacer.com\/wp-content\/uploads\/2024\/07\/ai-generated-8580726_960_720.jpg","contentUrl":"https:\/\/nuevo-renacer.com\/wp-content\/uploads\/2024\/07\/ai-generated-8580726_960_720.jpg","width":960,"height":548},{"@type":"BreadcrumbList","@id":"https:\/\/nuevo-renacer.com\/la-luz-de-la-razon-y-el-poder-de-la-fe\/#breadcrumb","itemListElement":[{"@type":"ListItem","position":1,"name":"Startseite","item":"https:\/\/nuevo-renacer.com\/"},{"@type":"ListItem","position":2,"name":"La Luz de la Raz\u00f3n y el poder de la fe"}]},{"@type":"WebSite","@id":"https:\/\/nuevo-renacer.com\/#website","url":"https:\/\/nuevo-renacer.com\/","name":"Uni\u00f3n Esp\u00edrita","description":"Nuevo Renacer","publisher":{"@id":"https:\/\/nuevo-renacer.com\/#organization"},"potentialAction":[{"@type":"SearchAction","target":{"@type":"EntryPoint","urlTemplate":"https:\/\/nuevo-renacer.com\/?s={search_term_string}"},"query-input":{"@type":"PropertyValueSpecification","valueRequired":true,"valueName":"search_term_string"}}],"inLanguage":"de"},{"@type":"Organization","@id":"https:\/\/nuevo-renacer.com\/#organization","name":"UFEC","url":"https:\/\/nuevo-renacer.com\/","logo":{"@type":"ImageObject","inLanguage":"de","@id":"https:\/\/nuevo-renacer.com\/#\/schema\/logo\/image\/","url":"https:\/\/nuevo-renacer.com\/wp-content\/uploads\/2024\/05\/cropped-LOGO-TERMINADO1-3-3.png","contentUrl":"https:\/\/nuevo-renacer.com\/wp-content\/uploads\/2024\/05\/cropped-LOGO-TERMINADO1-3-3.png","width":512,"height":512,"caption":"UFEC"},"image":{"@id":"https:\/\/nuevo-renacer.com\/#\/schema\/logo\/image\/"},"sameAs":["https:\/\/www.facebook.com\/groups\/3431398063740829"]}]}},"uagb_featured_image_src":{"full":["https:\/\/nuevo-renacer.com\/wp-content\/uploads\/2024\/07\/ai-generated-8580726_960_720.jpg",960,548,false],"thumbnail":["https:\/\/nuevo-renacer.com\/wp-content\/uploads\/2024\/07\/ai-generated-8580726_960_720-150x150.jpg",150,150,true],"medium":["https:\/\/nuevo-renacer.com\/wp-content\/uploads\/2024\/07\/ai-generated-8580726_960_720-300x171.jpg",300,171,true],"medium_large":["https:\/\/nuevo-renacer.com\/wp-content\/uploads\/2024\/07\/ai-generated-8580726_960_720-768x438.jpg",768,438,true],"large":["https:\/\/nuevo-renacer.com\/wp-content\/uploads\/2024\/07\/ai-generated-8580726_960_720.jpg",960,548,false],"1536x1536":["https:\/\/nuevo-renacer.com\/wp-content\/uploads\/2024\/07\/ai-generated-8580726_960_720.jpg",960,548,false],"2048x2048":["https:\/\/nuevo-renacer.com\/wp-content\/uploads\/2024\/07\/ai-generated-8580726_960_720.jpg",960,548,false],"trp-custom-language-flag":["https:\/\/nuevo-renacer.com\/wp-content\/uploads\/2024\/07\/ai-generated-8580726_960_720-18x10.jpg",18,10,true]},"uagb_author_info":{"display_name":"adbv0","author_link":"https:\/\/nuevo-renacer.com\/de\/author\/adbv0\/"},"uagb_comment_info":0,"uagb_excerpt":"La Luz de la Raz\u00f3n y el poder de la fe El concepto religioso de la Fe como gracia especial, concedida por Dios a los creyentes de una determinada religi\u00f3n, pertenece al pasado. Ese concepto equivale a una interpretaci\u00f3n profundamente injusta de la Justicia Divina. La Fe es un don, sin duda, pero la donaci\u00f3n&hellip;","jetpack_sharing_enabled":true,"_links":{"self":[{"href":"https:\/\/nuevo-renacer.com\/de\/wp-json\/wp\/v2\/pages\/3737","targetHints":{"allow":["GET"]}}],"collection":[{"href":"https:\/\/nuevo-renacer.com\/de\/wp-json\/wp\/v2\/pages"}],"about":[{"href":"https:\/\/nuevo-renacer.com\/de\/wp-json\/wp\/v2\/types\/page"}],"author":[{"embeddable":true,"href":"https:\/\/nuevo-renacer.com\/de\/wp-json\/wp\/v2\/users\/1"}],"replies":[{"embeddable":true,"href":"https:\/\/nuevo-renacer.com\/de\/wp-json\/wp\/v2\/comments?post=3737"}],"version-history":[{"count":1,"href":"https:\/\/nuevo-renacer.com\/de\/wp-json\/wp\/v2\/pages\/3737\/revisions"}],"predecessor-version":[{"id":3739,"href":"https:\/\/nuevo-renacer.com\/de\/wp-json\/wp\/v2\/pages\/3737\/revisions\/3739"}],"wp:featuredmedia":[{"embeddable":true,"href":"https:\/\/nuevo-renacer.com\/de\/wp-json\/wp\/v2\/media\/3738"}],"wp:attachment":[{"href":"https:\/\/nuevo-renacer.com\/de\/wp-json\/wp\/v2\/media?parent=3737"}],"curies":[{"name":"wp","href":"https:\/\/api.w.org\/{rel}","templated":true}]}}