{"id":3730,"date":"2024-07-12T08:56:05","date_gmt":"2024-07-12T08:56:05","guid":{"rendered":"https:\/\/ufec-mundial.com\/?page_id=3730"},"modified":"2024-07-12T08:56:08","modified_gmt":"2024-07-12T08:56:08","slug":"las-muertes-subitas","status":"publish","type":"page","link":"https:\/\/nuevo-renacer.com\/de\/las-muertes-subitas\/","title":{"rendered":"Pl\u00f6tzliche Todesf\u00e4lle"},"content":{"rendered":"<div class=\"wp-block-uagb-container uagb-block-d6e97165 alignfull uagb-is-root-container\"><div class=\"uagb-container-inner-blocks-wrap\">\n<p class=\"has-black-color has-text-color has-link-color has-medium-font-size wp-elements-bef8c44eb51a9016d8e9d802091fcbe1\"><strong>Pl\u00f6tzliche Todesf\u00e4lle<\/strong><\/p>\n<\/div><\/div>\n\n\n\n<div class=\"wp-block-uagb-container uagb-block-f898f5ec alignfull uagb-is-root-container\"><div class=\"uagb-container-inner-blocks-wrap\">\n<figure class=\"wp-block-image size-full is-resized\"><img fetchpriority=\"high\" decoding=\"async\" width=\"700\" height=\"400\" src=\"https:\/\/ufec-mundial.com\/wp-content\/uploads\/2024\/07\/11197_4761594_aihelpdaughter_updates.jpg\" alt=\"\" class=\"wp-image-3731\" style=\"width:448px;height:auto\" srcset=\"https:\/\/nuevo-renacer.com\/wp-content\/uploads\/2024\/07\/11197_4761594_aihelpdaughter_updates.jpg 700w, https:\/\/nuevo-renacer.com\/wp-content\/uploads\/2024\/07\/11197_4761594_aihelpdaughter_updates-300x171.jpg 300w, https:\/\/nuevo-renacer.com\/wp-content\/uploads\/2024\/07\/11197_4761594_aihelpdaughter_updates-18x10.jpg 18w\" sizes=\"(max-width: 700px) 100vw, 700px\" \/><\/figure>\n<\/div><\/div>\n\n\n\n<div class=\"wp-block-uagb-container uagb-block-e7d8156a alignfull uagb-is-root-container\"><div class=\"uagb-container-inner-blocks-wrap\">\n<p class=\"has-black-color has-text-color has-link-color has-small-font-size wp-elements-4537a8ffe0efaa090030cf69becff6bb\">Pl\u00f6tzliche Todesf\u00e4lle sind ein schwerer Schlag f\u00fcr die Familie und die Freunde des Verstorbenen. Aber sie dienen auch als Warnung. Es stimmt zwar, dass wir das Leben mit Freude und Frohsinn leben m\u00fcssen, auch wenn wir von Pr\u00fcfungen und Schwierigkeiten heimgesucht werden, aber wir d\u00fcrfen nicht vergessen, dass wir nicht von dieser Welt sind. Ja, die letzte Wahrheit ist, dass wir nicht der irdischen, materiellen Welt angeh\u00f6ren. Wir gehen schnell durch sie hindurch und folgen unserem geistigen Weg. Der Tod ist, wie der deutsche Philosoph Martin Heidegger sagte, der Moment, in dem das Sein vollst\u00e4ndig ist. Im Spiritismus ist es nicht das Sein, sondern die Existenz, die durch den Tod vollendet wird.<\/p>\n\n\n\n<p class=\"has-black-color has-text-color has-link-color has-small-font-size wp-elements-d16627703edb8e9a8e417c17f50ec56f\">Jedes Leben auf der Erde, jede Existenz des Menschen auf der Erde ist ein Prozess, der in der Wiege beginnt und im Grab endet. Die Existenzphilosophien sagen es gut: Der Mensch ist ein Projekt. Einige erreichen das Ziel schnell durch den pl\u00f6tzlichen Tod, andere erreichen es langsamer, aber alle werden es erreichen m\u00fcssen, heute oder morgen. Es ist also sinnlos, sich \u00fcber das Ph\u00e4nomen des Todes zu erschrecken oder zu verwirren, denn er ist nichts anderes als ein biologisches Ph\u00e4nomen. Alles, was lebt, stirbt. Alles, nicht nur der Mensch.<\/p>\n\n\n\n<p class=\"has-black-color has-text-color has-link-color has-small-font-size wp-elements-4b29cd5c110f941f8b871751a2abe222\">Manche glauben, dass der pl\u00f6tzliche Tod gef\u00e4hrlich ist. Kardec starb auf diese Weise, mitten in seiner Arbeit. Wenn das Gesch\u00f6pf gut gelebt hat, ist der pl\u00f6tzliche Tod gut; er ist eine sofortige Befreiung des Geistes. Wenn das Gesch\u00f6pf nicht wusste, wie es leben sollte, ist der Tod immer schwierig, er stellt eine Krise im Leben des Geistes dar. Und in diesem Fall bedeutet ein gutes Leben, die Pflichten zu erf\u00fcllen, die dem Menschen auf der Erde entsprechen, und nicht an materiellen Dingen zu h\u00e4ngen, wie es das Evangelium lehrt. Gut zu leben, sagte der Hindu-Mystiker Ramakrishna, bedeutet, wie die Milchmagd im Haus des Meisters zu leben. In dem Wissen zu leben, dass das Haus und die Menschen nicht uns geh\u00f6ren.<\/p>\n\n\n\n<p class=\"has-black-color has-text-color has-link-color has-small-font-size wp-elements-5438b37914ee317341d37b2621c414d1\">Von allen philosophischen, religi\u00f6sen und wissenschaftlichen Lehren hat bisher nur der Spiritismus das Ph\u00e4nomen des Todes objektiv untersucht und kann es kl\u00e4ren. Viele Menschen glauben nicht daran. Sie halten die Spiritisten f\u00fcr Verr\u00fcckte, was soweit nicht schlimm ist, denn auch der Mond ist bereit, erobert zu werden. Diese Menschen kennen die Lehre nicht und wissen nicht, dass sie auf den strengsten wissenschaftlichen Untersuchungen beruht. Wer wissen will, was der Tod ist, wie er abl\u00e4uft und was er f\u00fcr den Menschen bedeutet, dem bleibt nichts anderes \u00fcbrig, als den Spiritismus zu studieren. Und das kostet nicht viel, denn der Spiritismus verlangt nicht einmal, dass diejenigen, die ihn studieren, Spiritisten werden.<\/p>\n<\/div><\/div>","protected":false},"excerpt":{"rendered":"<p>Las muertes s\u00fabitas Las muertes s\u00fabitas representan un duro golpe para familiares y amigos del fallecido. Pero sirven tambi\u00e9n de advertencia. Si bien es verdad que debemos vivir la vida con alegr\u00eda y Buena disposici\u00f3n, a\u00fan bajo los golpes de pruebas y dificultades, no por eso debemos olvidarnos de que no somos del mundo. S\u00ed, [&hellip;]<\/p>","protected":false},"author":1,"featured_media":3731,"parent":0,"menu_order":0,"comment_status":"closed","ping_status":"closed","template":"","meta":{"_uag_custom_page_level_css":"","site-sidebar-layout":"default","site-content-layout":"","ast-site-content-layout":"default","site-content-style":"default","site-sidebar-style":"default","ast-global-header-display":"","ast-banner-title-visibility":"","ast-main-header-display":"","ast-hfb-above-header-display":"","ast-hfb-below-header-display":"","ast-hfb-mobile-header-display":"","site-post-title":"disabled","ast-breadcrumbs-content":"","ast-featured-img":"","footer-sml-layout":"","theme-transparent-header-meta":"","adv-header-id-meta":"","stick-header-meta":"","header-above-stick-meta":"","header-main-stick-meta":"","header-below-stick-meta":"","astra-migrate-meta-layouts":"set","ast-page-background-enabled":"default","ast-page-background-meta":{"desktop":{"background-color":"var(--ast-global-color-4)","background-image":"","background-repeat":"repeat","background-position":"center center","background-size":"auto","background-attachment":"scroll","background-type":"","background-media":"","overlay-type":"","overlay-color":"","overlay-opacity":"","overlay-gradient":""},"tablet":{"background-color":"","background-image":"","background-repeat":"repeat","background-position":"center center","background-size":"auto","background-attachment":"scroll","background-type":"","background-media":"","overlay-type":"","overlay-color":"","overlay-opacity":"","overlay-gradient":""},"mobile":{"background-color":"","background-image":"","background-repeat":"repeat","background-position":"center center","background-size":"auto","background-attachment":"scroll","background-type":"","background-media":"","overlay-type":"","overlay-color":"","overlay-opacity":"","overlay-gradient":""}},"ast-content-background-meta":{"desktop":{"background-color":"var(--ast-global-color-5)","background-image":"","background-repeat":"repeat","background-position":"center center","background-size":"auto","background-attachment":"scroll","background-type":"","background-media":"","overlay-type":"","overlay-color":"","overlay-opacity":"","overlay-gradient":""},"tablet":{"background-color":"var(--ast-global-color-5)","background-image":"","background-repeat":"repeat","background-position":"center center","background-size":"auto","background-attachment":"scroll","background-type":"","background-media":"","overlay-type":"","overlay-color":"","overlay-opacity":"","overlay-gradient":""},"mobile":{"background-color":"var(--ast-global-color-5)","background-image":"","background-repeat":"repeat","background-position":"center center","background-size":"auto","background-attachment":"scroll","background-type":"","background-media":"","overlay-type":"","overlay-color":"","overlay-opacity":"","overlay-gradient":""}},"footnotes":""},"class_list":["post-3730","page","type-page","status-publish","has-post-thumbnail","hentry"],"yoast_head":"<!-- This site is optimized with the Yoast SEO Premium plugin v24.2 (Yoast SEO v24.6) - https:\/\/yoast.com\/wordpress\/plugins\/seo\/ -->\n<title>Las muertes s\u00fabitas - Uni\u00f3n Esp\u00edrita<\/title>\n<meta name=\"robots\" content=\"index, follow, max-snippet:-1, max-image-preview:large, max-video-preview:-1\" \/>\n<link rel=\"canonical\" href=\"https:\/\/nuevo-renacer.com\/de\/las-muertes-subitas\/\" \/>\n<meta property=\"og:locale\" content=\"de_DE\" \/>\n<meta property=\"og:type\" content=\"article\" \/>\n<meta property=\"og:title\" content=\"Las muertes s\u00fabitas\" \/>\n<meta property=\"og:description\" content=\"Las muertes s\u00fabitas Las muertes s\u00fabitas representan un duro golpe para familiares y amigos del fallecido. Pero sirven tambi\u00e9n de advertencia. Si bien es verdad que debemos vivir la vida con alegr\u00eda y Buena disposici\u00f3n, a\u00fan bajo los golpes de pruebas y dificultades, no por eso debemos olvidarnos de que no somos del mundo. S\u00ed, [&hellip;]\" \/>\n<meta property=\"og:url\" content=\"https:\/\/nuevo-renacer.com\/de\/las-muertes-subitas\/\" \/>\n<meta property=\"og:site_name\" content=\"Uni\u00f3n Esp\u00edrita\" \/>\n<meta property=\"article:publisher\" content=\"https:\/\/www.facebook.com\/groups\/3431398063740829\" \/>\n<meta property=\"article:modified_time\" content=\"2024-07-12T08:56:08+00:00\" \/>\n<meta property=\"og:image\" content=\"https:\/\/nuevo-renacer.com\/wp-content\/uploads\/2024\/07\/11197_4761594_aihelpdaughter_updates.jpg\" \/>\n\t<meta property=\"og:image:width\" content=\"700\" \/>\n\t<meta property=\"og:image:height\" content=\"400\" \/>\n\t<meta property=\"og:image:type\" content=\"image\/jpeg\" \/>\n<meta name=\"twitter:card\" content=\"summary_large_image\" \/>\n<meta name=\"twitter:label1\" content=\"Gesch\u00e4tzte Lesezeit\" \/>\n\t<meta name=\"twitter:data1\" content=\"2\u00a0Minuten\" \/>\n<script type=\"application\/ld+json\" class=\"yoast-schema-graph\">{\"@context\":\"https:\/\/schema.org\",\"@graph\":[{\"@type\":\"WebPage\",\"@id\":\"https:\/\/nuevo-renacer.com\/las-muertes-subitas\/\",\"url\":\"https:\/\/nuevo-renacer.com\/las-muertes-subitas\/\",\"name\":\"Las muertes s\u00fabitas - Uni\u00f3n Esp\u00edrita\",\"isPartOf\":{\"@id\":\"https:\/\/nuevo-renacer.com\/#website\"},\"primaryImageOfPage\":{\"@id\":\"https:\/\/nuevo-renacer.com\/las-muertes-subitas\/#primaryimage\"},\"image\":{\"@id\":\"https:\/\/nuevo-renacer.com\/las-muertes-subitas\/#primaryimage\"},\"thumbnailUrl\":\"https:\/\/nuevo-renacer.com\/wp-content\/uploads\/2024\/07\/11197_4761594_aihelpdaughter_updates.jpg\",\"datePublished\":\"2024-07-12T08:56:05+00:00\",\"dateModified\":\"2024-07-12T08:56:08+00:00\",\"breadcrumb\":{\"@id\":\"https:\/\/nuevo-renacer.com\/las-muertes-subitas\/#breadcrumb\"},\"inLanguage\":\"de\",\"potentialAction\":[{\"@type\":\"ReadAction\",\"target\":[\"https:\/\/nuevo-renacer.com\/las-muertes-subitas\/\"]}]},{\"@type\":\"ImageObject\",\"inLanguage\":\"de\",\"@id\":\"https:\/\/nuevo-renacer.com\/las-muertes-subitas\/#primaryimage\",\"url\":\"https:\/\/nuevo-renacer.com\/wp-content\/uploads\/2024\/07\/11197_4761594_aihelpdaughter_updates.jpg\",\"contentUrl\":\"https:\/\/nuevo-renacer.com\/wp-content\/uploads\/2024\/07\/11197_4761594_aihelpdaughter_updates.jpg\",\"width\":700,\"height\":400},{\"@type\":\"BreadcrumbList\",\"@id\":\"https:\/\/nuevo-renacer.com\/las-muertes-subitas\/#breadcrumb\",\"itemListElement\":[{\"@type\":\"ListItem\",\"position\":1,\"name\":\"Startseite\",\"item\":\"https:\/\/nuevo-renacer.com\/\"},{\"@type\":\"ListItem\",\"position\":2,\"name\":\"Las muertes s\u00fabitas\"}]},{\"@type\":\"WebSite\",\"@id\":\"https:\/\/nuevo-renacer.com\/#website\",\"url\":\"https:\/\/nuevo-renacer.com\/\",\"name\":\"Uni\u00f3n Esp\u00edrita\",\"description\":\"Nuevo Renacer\",\"publisher\":{\"@id\":\"https:\/\/nuevo-renacer.com\/#organization\"},\"potentialAction\":[{\"@type\":\"SearchAction\",\"target\":{\"@type\":\"EntryPoint\",\"urlTemplate\":\"https:\/\/nuevo-renacer.com\/?s={search_term_string}\"},\"query-input\":{\"@type\":\"PropertyValueSpecification\",\"valueRequired\":true,\"valueName\":\"search_term_string\"}}],\"inLanguage\":\"de\"},{\"@type\":\"Organization\",\"@id\":\"https:\/\/nuevo-renacer.com\/#organization\",\"name\":\"UFEC\",\"url\":\"https:\/\/nuevo-renacer.com\/\",\"logo\":{\"@type\":\"ImageObject\",\"inLanguage\":\"de\",\"@id\":\"https:\/\/nuevo-renacer.com\/#\/schema\/logo\/image\/\",\"url\":\"https:\/\/nuevo-renacer.com\/wp-content\/uploads\/2024\/05\/cropped-LOGO-TERMINADO1-3-3.png\",\"contentUrl\":\"https:\/\/nuevo-renacer.com\/wp-content\/uploads\/2024\/05\/cropped-LOGO-TERMINADO1-3-3.png\",\"width\":512,\"height\":512,\"caption\":\"UFEC\"},\"image\":{\"@id\":\"https:\/\/nuevo-renacer.com\/#\/schema\/logo\/image\/\"},\"sameAs\":[\"https:\/\/www.facebook.com\/groups\/3431398063740829\"]}]}<\/script>\n<!-- \/ Yoast SEO Premium plugin. -->","yoast_head_json":{"title":"Las muertes s\u00fabitas - Uni\u00f3n Esp\u00edrita","robots":{"index":"index","follow":"follow","max-snippet":"max-snippet:-1","max-image-preview":"max-image-preview:large","max-video-preview":"max-video-preview:-1"},"canonical":"https:\/\/nuevo-renacer.com\/de\/las-muertes-subitas\/","og_locale":"de_DE","og_type":"article","og_title":"Las muertes s\u00fabitas","og_description":"Las muertes s\u00fabitas Las muertes s\u00fabitas representan un duro golpe para familiares y amigos del fallecido. Pero sirven tambi\u00e9n de advertencia. Si bien es verdad que debemos vivir la vida con alegr\u00eda y Buena disposici\u00f3n, a\u00fan bajo los golpes de pruebas y dificultades, no por eso debemos olvidarnos de que no somos del mundo. S\u00ed, [&hellip;]","og_url":"https:\/\/nuevo-renacer.com\/de\/las-muertes-subitas\/","og_site_name":"Uni\u00f3n Esp\u00edrita","article_publisher":"https:\/\/www.facebook.com\/groups\/3431398063740829","article_modified_time":"2024-07-12T08:56:08+00:00","og_image":[{"width":700,"height":400,"url":"https:\/\/nuevo-renacer.com\/wp-content\/uploads\/2024\/07\/11197_4761594_aihelpdaughter_updates.jpg","type":"image\/jpeg"}],"twitter_card":"summary_large_image","twitter_misc":{"Gesch\u00e4tzte Lesezeit":"2\u00a0Minuten"},"schema":{"@context":"https:\/\/schema.org","@graph":[{"@type":"WebPage","@id":"https:\/\/nuevo-renacer.com\/las-muertes-subitas\/","url":"https:\/\/nuevo-renacer.com\/las-muertes-subitas\/","name":"Las muertes s\u00fabitas - Uni\u00f3n Esp\u00edrita","isPartOf":{"@id":"https:\/\/nuevo-renacer.com\/#website"},"primaryImageOfPage":{"@id":"https:\/\/nuevo-renacer.com\/las-muertes-subitas\/#primaryimage"},"image":{"@id":"https:\/\/nuevo-renacer.com\/las-muertes-subitas\/#primaryimage"},"thumbnailUrl":"https:\/\/nuevo-renacer.com\/wp-content\/uploads\/2024\/07\/11197_4761594_aihelpdaughter_updates.jpg","datePublished":"2024-07-12T08:56:05+00:00","dateModified":"2024-07-12T08:56:08+00:00","breadcrumb":{"@id":"https:\/\/nuevo-renacer.com\/las-muertes-subitas\/#breadcrumb"},"inLanguage":"de","potentialAction":[{"@type":"ReadAction","target":["https:\/\/nuevo-renacer.com\/las-muertes-subitas\/"]}]},{"@type":"ImageObject","inLanguage":"de","@id":"https:\/\/nuevo-renacer.com\/las-muertes-subitas\/#primaryimage","url":"https:\/\/nuevo-renacer.com\/wp-content\/uploads\/2024\/07\/11197_4761594_aihelpdaughter_updates.jpg","contentUrl":"https:\/\/nuevo-renacer.com\/wp-content\/uploads\/2024\/07\/11197_4761594_aihelpdaughter_updates.jpg","width":700,"height":400},{"@type":"BreadcrumbList","@id":"https:\/\/nuevo-renacer.com\/las-muertes-subitas\/#breadcrumb","itemListElement":[{"@type":"ListItem","position":1,"name":"Startseite","item":"https:\/\/nuevo-renacer.com\/"},{"@type":"ListItem","position":2,"name":"Las muertes s\u00fabitas"}]},{"@type":"WebSite","@id":"https:\/\/nuevo-renacer.com\/#website","url":"https:\/\/nuevo-renacer.com\/","name":"Uni\u00f3n Esp\u00edrita","description":"Nuevo Renacer","publisher":{"@id":"https:\/\/nuevo-renacer.com\/#organization"},"potentialAction":[{"@type":"SearchAction","target":{"@type":"EntryPoint","urlTemplate":"https:\/\/nuevo-renacer.com\/?s={search_term_string}"},"query-input":{"@type":"PropertyValueSpecification","valueRequired":true,"valueName":"search_term_string"}}],"inLanguage":"de"},{"@type":"Organization","@id":"https:\/\/nuevo-renacer.com\/#organization","name":"UFEC","url":"https:\/\/nuevo-renacer.com\/","logo":{"@type":"ImageObject","inLanguage":"de","@id":"https:\/\/nuevo-renacer.com\/#\/schema\/logo\/image\/","url":"https:\/\/nuevo-renacer.com\/wp-content\/uploads\/2024\/05\/cropped-LOGO-TERMINADO1-3-3.png","contentUrl":"https:\/\/nuevo-renacer.com\/wp-content\/uploads\/2024\/05\/cropped-LOGO-TERMINADO1-3-3.png","width":512,"height":512,"caption":"UFEC"},"image":{"@id":"https:\/\/nuevo-renacer.com\/#\/schema\/logo\/image\/"},"sameAs":["https:\/\/www.facebook.com\/groups\/3431398063740829"]}]}},"uagb_featured_image_src":{"full":["https:\/\/nuevo-renacer.com\/wp-content\/uploads\/2024\/07\/11197_4761594_aihelpdaughter_updates.jpg",700,400,false],"thumbnail":["https:\/\/nuevo-renacer.com\/wp-content\/uploads\/2024\/07\/11197_4761594_aihelpdaughter_updates-150x150.jpg",150,150,true],"medium":["https:\/\/nuevo-renacer.com\/wp-content\/uploads\/2024\/07\/11197_4761594_aihelpdaughter_updates-300x171.jpg",300,171,true],"medium_large":["https:\/\/nuevo-renacer.com\/wp-content\/uploads\/2024\/07\/11197_4761594_aihelpdaughter_updates.jpg",700,400,false],"large":["https:\/\/nuevo-renacer.com\/wp-content\/uploads\/2024\/07\/11197_4761594_aihelpdaughter_updates.jpg",700,400,false],"1536x1536":["https:\/\/nuevo-renacer.com\/wp-content\/uploads\/2024\/07\/11197_4761594_aihelpdaughter_updates.jpg",700,400,false],"2048x2048":["https:\/\/nuevo-renacer.com\/wp-content\/uploads\/2024\/07\/11197_4761594_aihelpdaughter_updates.jpg",700,400,false],"trp-custom-language-flag":["https:\/\/nuevo-renacer.com\/wp-content\/uploads\/2024\/07\/11197_4761594_aihelpdaughter_updates-18x10.jpg",18,10,true]},"uagb_author_info":{"display_name":"adbv0","author_link":"https:\/\/nuevo-renacer.com\/de\/author\/adbv0\/"},"uagb_comment_info":0,"uagb_excerpt":"Las muertes s\u00fabitas Las muertes s\u00fabitas representan un duro golpe para familiares y amigos del fallecido. Pero sirven tambi\u00e9n de advertencia. Si bien es verdad que debemos vivir la vida con alegr\u00eda y Buena disposici\u00f3n, a\u00fan bajo los golpes de pruebas y dificultades, no por eso debemos olvidarnos de que no somos del mundo. S\u00ed,&hellip;","jetpack_sharing_enabled":true,"_links":{"self":[{"href":"https:\/\/nuevo-renacer.com\/de\/wp-json\/wp\/v2\/pages\/3730","targetHints":{"allow":["GET"]}}],"collection":[{"href":"https:\/\/nuevo-renacer.com\/de\/wp-json\/wp\/v2\/pages"}],"about":[{"href":"https:\/\/nuevo-renacer.com\/de\/wp-json\/wp\/v2\/types\/page"}],"author":[{"embeddable":true,"href":"https:\/\/nuevo-renacer.com\/de\/wp-json\/wp\/v2\/users\/1"}],"replies":[{"embeddable":true,"href":"https:\/\/nuevo-renacer.com\/de\/wp-json\/wp\/v2\/comments?post=3730"}],"version-history":[{"count":1,"href":"https:\/\/nuevo-renacer.com\/de\/wp-json\/wp\/v2\/pages\/3730\/revisions"}],"predecessor-version":[{"id":3732,"href":"https:\/\/nuevo-renacer.com\/de\/wp-json\/wp\/v2\/pages\/3730\/revisions\/3732"}],"wp:featuredmedia":[{"embeddable":true,"href":"https:\/\/nuevo-renacer.com\/de\/wp-json\/wp\/v2\/media\/3731"}],"wp:attachment":[{"href":"https:\/\/nuevo-renacer.com\/de\/wp-json\/wp\/v2\/media?parent=3730"}],"curies":[{"name":"wp","href":"https:\/\/api.w.org\/{rel}","templated":true}]}}