{"id":3658,"date":"2024-07-11T10:41:33","date_gmt":"2024-07-11T10:41:33","guid":{"rendered":"https:\/\/ufec-mundial.com\/?page_id=3658"},"modified":"2025-05-23T09:27:33","modified_gmt":"2025-05-23T09:27:33","slug":"el-sentido-de-la-vida","status":"publish","type":"page","link":"https:\/\/nuevo-renacer.com\/de\/el-sentido-de-la-vida\/","title":{"rendered":"Der Sinn des Lebens"},"content":{"rendered":"<div class=\"wp-block-uagb-container uagb-block-ca0d25dc alignfull uagb-is-root-container\"><div class=\"uagb-container-inner-blocks-wrap\">\n<p class=\"has-black-color has-text-color has-link-color has-medium-font-size wp-elements-6c5c7cc04b22ce4d37937a7f13d90495\"><strong>Der Sinn des Lebens<\/strong><\/p>\n<\/div><\/div>\n\n\n\n<div class=\"wp-block-uagb-container uagb-block-c75c8710 alignfull uagb-is-root-container\"><div class=\"uagb-container-inner-blocks-wrap\">\n<div class=\"wp-block-uagb-image alignleft uagb-block-87ec8ef0 wp-block-uagb-image--layout-default wp-block-uagb-image--effect-static wp-block-uagb-image--align-left\"><figure class=\"wp-block-uagb-image__figure\"><img loading=\"lazy\" decoding=\"async\" srcset=\"https:\/\/nuevo-renacer.com\/wp-content\/uploads\/2024\/07\/448152407_7983270555026690_6711918801825949372_n.jpg ,https:\/\/ufec-mundial.com\/wp-content\/uploads\/2024\/07\/448152407_7983270555026690_6711918801825949372_n.jpg 780w, https:\/\/nuevo-renacer.com\/wp-content\/uploads\/2024\/07\/448152407_7983270555026690_6711918801825949372_n.jpg 360w\" sizes=\"auto, (max-width: 480px) 150px\" src=\"https:\/\/nuevo-renacer.com\/wp-content\/uploads\/2024\/07\/448152407_7983270555026690_6711918801825949372_n.jpg\" alt=\"\" class=\"uag-image-3659\" width=\"464\" height=\"260\" title=\"\" role=\"img\"\/><\/figure><\/div>\n<\/div><\/div>\n\n\n\n<div class=\"wp-block-uagb-container uagb-block-d7284198 alignfull uagb-is-root-container\"><div class=\"uagb-container-inner-blocks-wrap\">\n<p class=\"has-black-color has-text-color has-link-color has-small-font-size wp-elements-25c8ab2470001e6c00b1940af4552818\">Warum und zu welchem Zweck leben wir? Die Antwort auf diese Frage ist von gro\u00dfer Bedeutung f\u00fcr das Verst\u00e4ndnis des Problems der Besessenheit. Dem Spiritismus zufolge leben wir, um die psychischen Potentiale, mit denen wir alle ausgestattet sind, zu entwickeln.<\/p>\n\n\n\n<p class=\"has-black-color has-text-color has-link-color has-small-font-size wp-elements-04227d75e0c3506067fd0e88899b3a30\">Unsere irdische Existenz zielt auf die Transzendenz ab, d.h. auf die st\u00e4ndige \u00dcberwindung unseres menschlichen Zustands. Von der Geburt bis zu unserem letzten Tag auf Erden machen wir Erfahrungen, die unsere angeborenen F\u00e4higkeiten in jeder Hinsicht weiterentwickeln. Das Neugeborene w\u00e4chst von Tag zu Tag, entwickelt seinen Organismus, lernt, mit anderen zu kommunizieren, zu sprechen und zu denken, zu wollen und zu handeln, um zu bekommen, was es will.<\/p>\n\n\n\n<p class=\"has-black-color has-text-color has-link-color has-small-font-size wp-elements-e84b9bc2ec34fb9aee0a3269c50310b6\">Es \u00fcberwindet den Zustand, in dem es geboren wurde, und gelangt in h\u00f6here Stadien der Kindheit, sp\u00e4ter in die Adoleszenz, dann in die Jugend, das mittlere Alter und das hohe Alter. Auf dieser Reise hat es seine organischen und psychischen Kr\u00e4fte, seine Affektivit\u00e4t, seine F\u00e4higkeit zu verstehen, was um es herum geschieht, und seine Macht, die Umst\u00e4nde zu beherrschen, entwickelt. Das ist Transzendenz, \u00dcberwindung des Zustands, in dem er geboren wurde. Und das ist es, wof\u00fcr wir leben. Das zeigt uns, dass der Sinn des Lebens die Transzendenz ist.<\/p>\n\n\n\n<p class=\"has-black-color has-text-color has-link-color has-small-font-size wp-elements-23afc194142721f66d02bb751fe4926c\">Heute vertritt die Existenzialphilosophie dasselbe Prinzip im philosophischen Bereich. Die Existentialisten betrachten den Menschen als ein Projekt, d.h. als ein Wesen, das wie ein Pfeil in die Existenz projiziert wird, in Richtung eines Ziels, das die Transzendenz ist. Dem Spiritualismus zufolge gibt es jedoch viele und aufeinander folgende Existenzen, so dass wir in jeder irdischen Existenz einen neuen Grad der Transzendenz erreichen. Aktuelle parapsychologische Studien zur Reinkarnation best\u00e4tigen dieses Prinzip. Die Tatsache, dass wir viele Leben auf der Erde leben und nicht nur ein einziges, deutet darauf hin, dass wir in unserem Unbewussten einen viel gr\u00f6\u00dferen Vorrat an Erinnerungen und Wissen, Sehns\u00fcchten, Frustrationen und Traumata haben, als Freud entdeckt hat.<\/p>\n\n\n\n<p class=\"has-black-color has-text-color has-link-color has-small-font-size wp-elements-939812b181bd2a28bcfef739aae5b62d\">Es ist gut, sich diese wichtige Tatsache in Erinnerung zu rufen: Als Kardec durch seine Forschungen \u00fcber psychische Ph\u00e4nomene die Manifestationen des Unbewussten entdeckte, war Freud erst ein Jahr alt. Das schm\u00e4lert nicht Freud, der die Forschungen von Kardec nicht kannte, aber es zeigt die Gewissheit der spiritistischen Forschungen \u00fcber die menschliche Psyche. Die spiritistische Konzeption des menschlichen Lebens auf der Erde ist nicht imagin\u00e4r, sondern real und basiert auf wissenschaftlichen Studien. Diejenigen, die den Spiritismus als eine abergl\u00e4ubische Doktrin betrachten, die aus Unwissenheit entstanden ist, entlarven sich selbst als unwissend, mehr als sie von sich selbst denken k\u00f6nnen.<\/p>\n\n\n\n<p class=\"has-black-color has-text-color has-link-color has-small-font-size wp-elements-a03c8a62f246adb2eb65d15bcee598e2\">Die spiritistische Doktrin ist heute von den fortschrittlichsten Wissenschaftlern wissenschaftlich bewiesen. Wir sagen dies, um unseren Lesern zu zeigen, dass der Sinn des Lebens, auf den wir uns beziehen, keine Hypothese ist, sondern eine Realit\u00e4t. Wenn wir nicht verstehen, dass das Leben Transzendenz, Wachstum, Erh\u00f6hung und st\u00e4ndige und erwiesene Entwicklung des geistigen Wesens ist, das wir sind, werden wir nicht in der Lage sein, dem Problem der Besessenheit auf nat\u00fcrliche Weise zu begegnen und um seine L\u00f6sung zu k\u00e4mpfen.<\/p>\n<\/div><\/div>","protected":false},"excerpt":{"rendered":"<p>El sentido de la vida \u00bfPor qu\u00e9 y para qu\u00e9 vivimos? La respuesta a esta pregunta es de gran importancia para comprender el problema de la obsesi\u00f3n. Seg\u00fan el Espiritismo, vivimos para desarrollar las potencialidades ps\u00edquicas de que todos estamos dotados. Nuestra existencia terrena tiene por fin la trascendencia, es decir, la superaci\u00f3n constante de [&hellip;]<\/p>","protected":false},"author":1,"featured_media":3659,"parent":0,"menu_order":0,"comment_status":"closed","ping_status":"closed","template":"","meta":{"_uag_custom_page_level_css":"","site-sidebar-layout":"default","site-content-layout":"","ast-site-content-layout":"default","site-content-style":"default","site-sidebar-style":"default","ast-global-header-display":"","ast-banner-title-visibility":"","ast-main-header-display":"","ast-hfb-above-header-display":"","ast-hfb-below-header-display":"","ast-hfb-mobile-header-display":"","site-post-title":"disabled","ast-breadcrumbs-content":"","ast-featured-img":"","footer-sml-layout":"","theme-transparent-header-meta":"","adv-header-id-meta":"","stick-header-meta":"","header-above-stick-meta":"","header-main-stick-meta":"","header-below-stick-meta":"","astra-migrate-meta-layouts":"set","ast-page-background-enabled":"default","ast-page-background-meta":{"desktop":{"background-color":"var(--ast-global-color-4)","background-image":"","background-repeat":"repeat","background-position":"center center","background-size":"auto","background-attachment":"scroll","background-type":"","background-media":"","overlay-type":"","overlay-color":"","overlay-opacity":"","overlay-gradient":""},"tablet":{"background-color":"","background-image":"","background-repeat":"repeat","background-position":"center center","background-size":"auto","background-attachment":"scroll","background-type":"","background-media":"","overlay-type":"","overlay-color":"","overlay-opacity":"","overlay-gradient":""},"mobile":{"background-color":"","background-image":"","background-repeat":"repeat","background-position":"center center","background-size":"auto","background-attachment":"scroll","background-type":"","background-media":"","overlay-type":"","overlay-color":"","overlay-opacity":"","overlay-gradient":""}},"ast-content-background-meta":{"desktop":{"background-color":"var(--ast-global-color-5)","background-image":"","background-repeat":"repeat","background-position":"center center","background-size":"auto","background-attachment":"scroll","background-type":"","background-media":"","overlay-type":"","overlay-color":"","overlay-opacity":"","overlay-gradient":""},"tablet":{"background-color":"var(--ast-global-color-5)","background-image":"","background-repeat":"repeat","background-position":"center center","background-size":"auto","background-attachment":"scroll","background-type":"","background-media":"","overlay-type":"","overlay-color":"","overlay-opacity":"","overlay-gradient":""},"mobile":{"background-color":"var(--ast-global-color-5)","background-image":"","background-repeat":"repeat","background-position":"center center","background-size":"auto","background-attachment":"scroll","background-type":"","background-media":"","overlay-type":"","overlay-color":"","overlay-opacity":"","overlay-gradient":""}},"footnotes":""},"class_list":["post-3658","page","type-page","status-publish","has-post-thumbnail","hentry"],"yoast_head":"<!-- This site is optimized with the Yoast SEO Premium plugin v24.2 (Yoast SEO v24.6) - https:\/\/yoast.com\/wordpress\/plugins\/seo\/ -->\n<title>El sentido de la vida - Uni\u00f3n Esp\u00edrita<\/title>\n<meta name=\"robots\" content=\"index, follow, max-snippet:-1, max-image-preview:large, max-video-preview:-1\" \/>\n<link rel=\"canonical\" href=\"https:\/\/nuevo-renacer.com\/de\/el-sentido-de-la-vida\/\" \/>\n<meta property=\"og:locale\" content=\"de_DE\" \/>\n<meta property=\"og:type\" content=\"article\" \/>\n<meta property=\"og:title\" content=\"El sentido de la vida\" \/>\n<meta property=\"og:description\" content=\"El sentido de la vida \u00bfPor qu\u00e9 y para qu\u00e9 vivimos? La respuesta a esta pregunta es de gran importancia para comprender el problema de la obsesi\u00f3n. Seg\u00fan el Espiritismo, vivimos para desarrollar las potencialidades ps\u00edquicas de que todos estamos dotados. Nuestra existencia terrena tiene por fin la trascendencia, es decir, la superaci\u00f3n constante de [&hellip;]\" \/>\n<meta property=\"og:url\" content=\"https:\/\/nuevo-renacer.com\/de\/el-sentido-de-la-vida\/\" \/>\n<meta property=\"og:site_name\" content=\"Uni\u00f3n Esp\u00edrita\" \/>\n<meta property=\"article:publisher\" content=\"https:\/\/www.facebook.com\/groups\/3431398063740829\" \/>\n<meta property=\"article:modified_time\" content=\"2025-05-23T09:27:33+00:00\" \/>\n<meta property=\"og:image\" content=\"https:\/\/nuevo-renacer.com\/wp-content\/uploads\/2024\/07\/448152407_7983270555026690_6711918801825949372_n.jpg\" \/>\n\t<meta property=\"og:image:width\" content=\"640\" \/>\n\t<meta property=\"og:image:height\" content=\"359\" \/>\n\t<meta property=\"og:image:type\" content=\"image\/jpeg\" \/>\n<meta name=\"twitter:card\" content=\"summary_large_image\" \/>\n<meta name=\"twitter:label1\" content=\"Gesch\u00e4tzte Lesezeit\" \/>\n\t<meta name=\"twitter:data1\" content=\"4\u00a0Minuten\" \/>\n<script type=\"application\/ld+json\" class=\"yoast-schema-graph\">{\"@context\":\"https:\/\/schema.org\",\"@graph\":[{\"@type\":\"WebPage\",\"@id\":\"https:\/\/nuevo-renacer.com\/el-sentido-de-la-vida\/\",\"url\":\"https:\/\/nuevo-renacer.com\/el-sentido-de-la-vida\/\",\"name\":\"El sentido de la vida - Uni\u00f3n Esp\u00edrita\",\"isPartOf\":{\"@id\":\"https:\/\/nuevo-renacer.com\/#website\"},\"primaryImageOfPage\":{\"@id\":\"https:\/\/nuevo-renacer.com\/el-sentido-de-la-vida\/#primaryimage\"},\"image\":{\"@id\":\"https:\/\/nuevo-renacer.com\/el-sentido-de-la-vida\/#primaryimage\"},\"thumbnailUrl\":\"https:\/\/nuevo-renacer.com\/wp-content\/uploads\/2024\/07\/448152407_7983270555026690_6711918801825949372_n.jpg\",\"datePublished\":\"2024-07-11T10:41:33+00:00\",\"dateModified\":\"2025-05-23T09:27:33+00:00\",\"breadcrumb\":{\"@id\":\"https:\/\/nuevo-renacer.com\/el-sentido-de-la-vida\/#breadcrumb\"},\"inLanguage\":\"de\",\"potentialAction\":[{\"@type\":\"ReadAction\",\"target\":[\"https:\/\/nuevo-renacer.com\/el-sentido-de-la-vida\/\"]}]},{\"@type\":\"ImageObject\",\"inLanguage\":\"de\",\"@id\":\"https:\/\/nuevo-renacer.com\/el-sentido-de-la-vida\/#primaryimage\",\"url\":\"https:\/\/nuevo-renacer.com\/wp-content\/uploads\/2024\/07\/448152407_7983270555026690_6711918801825949372_n.jpg\",\"contentUrl\":\"https:\/\/nuevo-renacer.com\/wp-content\/uploads\/2024\/07\/448152407_7983270555026690_6711918801825949372_n.jpg\",\"width\":640,\"height\":359},{\"@type\":\"BreadcrumbList\",\"@id\":\"https:\/\/nuevo-renacer.com\/el-sentido-de-la-vida\/#breadcrumb\",\"itemListElement\":[{\"@type\":\"ListItem\",\"position\":1,\"name\":\"Startseite\",\"item\":\"https:\/\/nuevo-renacer.com\/\"},{\"@type\":\"ListItem\",\"position\":2,\"name\":\"El sentido de la vida\"}]},{\"@type\":\"WebSite\",\"@id\":\"https:\/\/nuevo-renacer.com\/#website\",\"url\":\"https:\/\/nuevo-renacer.com\/\",\"name\":\"Uni\u00f3n Esp\u00edrita\",\"description\":\"Nuevo Renacer\",\"publisher\":{\"@id\":\"https:\/\/nuevo-renacer.com\/#organization\"},\"potentialAction\":[{\"@type\":\"SearchAction\",\"target\":{\"@type\":\"EntryPoint\",\"urlTemplate\":\"https:\/\/nuevo-renacer.com\/?s={search_term_string}\"},\"query-input\":{\"@type\":\"PropertyValueSpecification\",\"valueRequired\":true,\"valueName\":\"search_term_string\"}}],\"inLanguage\":\"de\"},{\"@type\":\"Organization\",\"@id\":\"https:\/\/nuevo-renacer.com\/#organization\",\"name\":\"UFEC\",\"url\":\"https:\/\/nuevo-renacer.com\/\",\"logo\":{\"@type\":\"ImageObject\",\"inLanguage\":\"de\",\"@id\":\"https:\/\/nuevo-renacer.com\/#\/schema\/logo\/image\/\",\"url\":\"https:\/\/nuevo-renacer.com\/wp-content\/uploads\/2024\/05\/cropped-LOGO-TERMINADO1-3-3.png\",\"contentUrl\":\"https:\/\/nuevo-renacer.com\/wp-content\/uploads\/2024\/05\/cropped-LOGO-TERMINADO1-3-3.png\",\"width\":512,\"height\":512,\"caption\":\"UFEC\"},\"image\":{\"@id\":\"https:\/\/nuevo-renacer.com\/#\/schema\/logo\/image\/\"},\"sameAs\":[\"https:\/\/www.facebook.com\/groups\/3431398063740829\"]}]}<\/script>\n<!-- \/ Yoast SEO Premium plugin. -->","yoast_head_json":{"title":"El sentido de la vida - Uni\u00f3n Esp\u00edrita","robots":{"index":"index","follow":"follow","max-snippet":"max-snippet:-1","max-image-preview":"max-image-preview:large","max-video-preview":"max-video-preview:-1"},"canonical":"https:\/\/nuevo-renacer.com\/de\/el-sentido-de-la-vida\/","og_locale":"de_DE","og_type":"article","og_title":"El sentido de la vida","og_description":"El sentido de la vida \u00bfPor qu\u00e9 y para qu\u00e9 vivimos? La respuesta a esta pregunta es de gran importancia para comprender el problema de la obsesi\u00f3n. Seg\u00fan el Espiritismo, vivimos para desarrollar las potencialidades ps\u00edquicas de que todos estamos dotados. Nuestra existencia terrena tiene por fin la trascendencia, es decir, la superaci\u00f3n constante de [&hellip;]","og_url":"https:\/\/nuevo-renacer.com\/de\/el-sentido-de-la-vida\/","og_site_name":"Uni\u00f3n Esp\u00edrita","article_publisher":"https:\/\/www.facebook.com\/groups\/3431398063740829","article_modified_time":"2025-05-23T09:27:33+00:00","og_image":[{"width":640,"height":359,"url":"https:\/\/nuevo-renacer.com\/wp-content\/uploads\/2024\/07\/448152407_7983270555026690_6711918801825949372_n.jpg","type":"image\/jpeg"}],"twitter_card":"summary_large_image","twitter_misc":{"Gesch\u00e4tzte Lesezeit":"4\u00a0Minuten"},"schema":{"@context":"https:\/\/schema.org","@graph":[{"@type":"WebPage","@id":"https:\/\/nuevo-renacer.com\/el-sentido-de-la-vida\/","url":"https:\/\/nuevo-renacer.com\/el-sentido-de-la-vida\/","name":"El sentido de la vida - Uni\u00f3n Esp\u00edrita","isPartOf":{"@id":"https:\/\/nuevo-renacer.com\/#website"},"primaryImageOfPage":{"@id":"https:\/\/nuevo-renacer.com\/el-sentido-de-la-vida\/#primaryimage"},"image":{"@id":"https:\/\/nuevo-renacer.com\/el-sentido-de-la-vida\/#primaryimage"},"thumbnailUrl":"https:\/\/nuevo-renacer.com\/wp-content\/uploads\/2024\/07\/448152407_7983270555026690_6711918801825949372_n.jpg","datePublished":"2024-07-11T10:41:33+00:00","dateModified":"2025-05-23T09:27:33+00:00","breadcrumb":{"@id":"https:\/\/nuevo-renacer.com\/el-sentido-de-la-vida\/#breadcrumb"},"inLanguage":"de","potentialAction":[{"@type":"ReadAction","target":["https:\/\/nuevo-renacer.com\/el-sentido-de-la-vida\/"]}]},{"@type":"ImageObject","inLanguage":"de","@id":"https:\/\/nuevo-renacer.com\/el-sentido-de-la-vida\/#primaryimage","url":"https:\/\/nuevo-renacer.com\/wp-content\/uploads\/2024\/07\/448152407_7983270555026690_6711918801825949372_n.jpg","contentUrl":"https:\/\/nuevo-renacer.com\/wp-content\/uploads\/2024\/07\/448152407_7983270555026690_6711918801825949372_n.jpg","width":640,"height":359},{"@type":"BreadcrumbList","@id":"https:\/\/nuevo-renacer.com\/el-sentido-de-la-vida\/#breadcrumb","itemListElement":[{"@type":"ListItem","position":1,"name":"Startseite","item":"https:\/\/nuevo-renacer.com\/"},{"@type":"ListItem","position":2,"name":"El sentido de la vida"}]},{"@type":"WebSite","@id":"https:\/\/nuevo-renacer.com\/#website","url":"https:\/\/nuevo-renacer.com\/","name":"Uni\u00f3n Esp\u00edrita","description":"Nuevo Renacer","publisher":{"@id":"https:\/\/nuevo-renacer.com\/#organization"},"potentialAction":[{"@type":"SearchAction","target":{"@type":"EntryPoint","urlTemplate":"https:\/\/nuevo-renacer.com\/?s={search_term_string}"},"query-input":{"@type":"PropertyValueSpecification","valueRequired":true,"valueName":"search_term_string"}}],"inLanguage":"de"},{"@type":"Organization","@id":"https:\/\/nuevo-renacer.com\/#organization","name":"UFEC","url":"https:\/\/nuevo-renacer.com\/","logo":{"@type":"ImageObject","inLanguage":"de","@id":"https:\/\/nuevo-renacer.com\/#\/schema\/logo\/image\/","url":"https:\/\/nuevo-renacer.com\/wp-content\/uploads\/2024\/05\/cropped-LOGO-TERMINADO1-3-3.png","contentUrl":"https:\/\/nuevo-renacer.com\/wp-content\/uploads\/2024\/05\/cropped-LOGO-TERMINADO1-3-3.png","width":512,"height":512,"caption":"UFEC"},"image":{"@id":"https:\/\/nuevo-renacer.com\/#\/schema\/logo\/image\/"},"sameAs":["https:\/\/www.facebook.com\/groups\/3431398063740829"]}]}},"uagb_featured_image_src":{"full":["https:\/\/nuevo-renacer.com\/wp-content\/uploads\/2024\/07\/448152407_7983270555026690_6711918801825949372_n.jpg",640,359,false],"thumbnail":["https:\/\/nuevo-renacer.com\/wp-content\/uploads\/2024\/07\/448152407_7983270555026690_6711918801825949372_n-150x150.jpg",150,150,true],"medium":["https:\/\/nuevo-renacer.com\/wp-content\/uploads\/2024\/07\/448152407_7983270555026690_6711918801825949372_n-300x168.jpg",300,168,true],"medium_large":["https:\/\/nuevo-renacer.com\/wp-content\/uploads\/2024\/07\/448152407_7983270555026690_6711918801825949372_n.jpg",640,359,false],"large":["https:\/\/nuevo-renacer.com\/wp-content\/uploads\/2024\/07\/448152407_7983270555026690_6711918801825949372_n.jpg",640,359,false],"1536x1536":["https:\/\/nuevo-renacer.com\/wp-content\/uploads\/2024\/07\/448152407_7983270555026690_6711918801825949372_n.jpg",640,359,false],"2048x2048":["https:\/\/nuevo-renacer.com\/wp-content\/uploads\/2024\/07\/448152407_7983270555026690_6711918801825949372_n.jpg",640,359,false],"trp-custom-language-flag":["https:\/\/nuevo-renacer.com\/wp-content\/uploads\/2024\/07\/448152407_7983270555026690_6711918801825949372_n-18x10.jpg",18,10,true]},"uagb_author_info":{"display_name":"adbv0","author_link":"https:\/\/nuevo-renacer.com\/de\/author\/adbv0\/"},"uagb_comment_info":0,"uagb_excerpt":"El sentido de la vida \u00bfPor qu\u00e9 y para qu\u00e9 vivimos? La respuesta a esta pregunta es de gran importancia para comprender el problema de la obsesi\u00f3n. Seg\u00fan el Espiritismo, vivimos para desarrollar las potencialidades ps\u00edquicas de que todos estamos dotados. Nuestra existencia terrena tiene por fin la trascendencia, es decir, la superaci\u00f3n constante de&hellip;","jetpack_sharing_enabled":true,"_links":{"self":[{"href":"https:\/\/nuevo-renacer.com\/de\/wp-json\/wp\/v2\/pages\/3658","targetHints":{"allow":["GET"]}}],"collection":[{"href":"https:\/\/nuevo-renacer.com\/de\/wp-json\/wp\/v2\/pages"}],"about":[{"href":"https:\/\/nuevo-renacer.com\/de\/wp-json\/wp\/v2\/types\/page"}],"author":[{"embeddable":true,"href":"https:\/\/nuevo-renacer.com\/de\/wp-json\/wp\/v2\/users\/1"}],"replies":[{"embeddable":true,"href":"https:\/\/nuevo-renacer.com\/de\/wp-json\/wp\/v2\/comments?post=3658"}],"version-history":[{"count":3,"href":"https:\/\/nuevo-renacer.com\/de\/wp-json\/wp\/v2\/pages\/3658\/revisions"}],"predecessor-version":[{"id":8171,"href":"https:\/\/nuevo-renacer.com\/de\/wp-json\/wp\/v2\/pages\/3658\/revisions\/8171"}],"wp:featuredmedia":[{"embeddable":true,"href":"https:\/\/nuevo-renacer.com\/de\/wp-json\/wp\/v2\/media\/3659"}],"wp:attachment":[{"href":"https:\/\/nuevo-renacer.com\/de\/wp-json\/wp\/v2\/media?parent=3658"}],"curies":[{"name":"wp","href":"https:\/\/api.w.org\/{rel}","templated":true}]}}